	{"id":20005,"date":"2023-12-15T10:56:18","date_gmt":"2023-12-15T10:56:18","guid":{"rendered":"https:\/\/pavidecor.si\/product\/mornarski-skripac-19x6x6cm-pamuk-od-uzeta\/"},"modified":"2026-04-26T14:03:40","modified_gmt":"2026-04-26T14:03:40","slug":"brodski-koloturnik-19x6x6cm-konop-pamuk","status":"publish","type":"product","link":"https:\/\/pavidecor.si\/hr\/proizvod\/brodski-koloturnik-19x6x6cm-konop-pamuk\/","title":{"rendered":"Brodski koloturnik 19x6x6cm konop pamuk"},"content":{"rendered":"<p><span class=\"prvimanjsinaslovopis\">Brodski koloturnik &#8211; Unikatni drveni dekor s du\u0161om pro\u0161losti<\/span><\/p>\n<p>&nbsp;<\/p>\n<h2><span class=\"odebeljenopis\"><strong><br \/>\n<span class=\"prvimanjsinaslovopis\">Brodski koloturnik<\/span> iz PAVIDECOR-a predstavlja savr\u0161eni spoj tradicije i umjetni\u010dkog izraza. Ovaj jedinstveni drveni komad ne samo da donosi da\u0161ak pro\u0161lih vremena, ve\u0107 i unosi toplinu prirode u svaki prostor. Ru\u010dno izra\u0111en s ljubavlju prema drvetu, na\u0161<span class=\"prvimanjsinaslovopis\">\u00a0koloturnik<\/span> idealan je za sve ljubitelje nautike i autenti\u010dnih dekoracija.<\/strong><\/span><\/h2>\n<p>&nbsp;<\/p>\n<div class=\"row\">\n<div class=\"col-sm-6 \" style=\"margin-top: 30px;\"><center><img decoding=\"async\" class=\"lazyload img-responsive\" style=\"margin: 0px auto; max-width: 100%;\" src=\"data:image\/svg+xml,%3Csvg%20xmlns%3D%27http%3A%2F%2Fwww.w3.org%2F2000%2Fsvg%27%20width%3D%271987%27%20height%3D%271987%27%20viewBox%3D%270%200%201987%201987%27%3E%3Crect%20width%3D%271987%27%20height%3D%271987%27%20fill-opacity%3D%220%22%2F%3E%3C%2Fsvg%3E\" data-orig-src=\"https:\/\/pavidecor.si\/wp-content\/uploads\/2023\/12\/1IMG_8337a.jpg\" \/><\/center><\/div>\n<div class=\"col-sm-6\" style=\"margin-top: 40px;\">\n<p>&nbsp;<\/p>\n<h3>Tradicionalna izrada s ljubavlju prema drvetu<\/h3>\n<p><span class=\"prvimanjsinaslovopis\">Brodski koloturnik<\/span> iz PAVIDECOR-a izra\u0111en je s posebnom pa\u017enjom na detalje. Na\u0161a strast prema drvetu i prirodi o\u010dituje se u svakom komadu koji stvaramo. <b>Ru\u010dno izra\u0111eni<\/b> i pa\u017eljivo obra\u0111eni, ovi koloturnici su rezultat na\u0161eg vlastitog znanja i kreativnosti. Svaki komad je jedinstven, a tehnike spajanja drvenih dijelova koje koristimo podsje\u0107aju na one koje su koristili stari majstori. Ova tradicionalna metoda izrade daje na\u0161im proizvodima autenti\u010dan izgled i osje\u0107aj, \u010dine\u0107i ih savr\u0161enim dodatkom za svaki interijer ili eksterijer.<\/p>\n<p>&nbsp;<\/p>\n<p>Osim \u0161to su estetski privla\u010dni, b<span class=\"prvimanjsinaslovopis\">rodski koloturnici<\/span> tako\u0111er imaju funkcionalnu vrijednost. Mogu se koristiti kao dekorativni elementi u morskim ambijentima, ali i kao simboli ljubavi prema moru i plovidbi. Njihova prisutnost u prostoru donosi miris pro\u0161lih vremena i evocira uspomene na avanture na moru. U PAVIDECOR-u vjerujemo da svaki komad drva pri\u010da svoju pri\u010du, a na\u0161<span class=\"prvimanjsinaslovopis\"> koloturnik<\/span>\u00a0je savr\u0161ena ilustracija te filozofije.<\/p>\n<p>&nbsp;<\/p>\n<\/div>\n<\/div>\n<div class=\"row\">\n<div class=\"col-sm-6 col-sm-push-6\" style=\"margin-top: 30px;\"><center><img decoding=\"async\" class=\"lazyload img-responsive\" style=\"margin: 0px auto; max-width: 100%;\" src=\"data:image\/svg+xml,%3Csvg%20xmlns%3D%27http%3A%2F%2Fwww.w3.org%2F2000%2Fsvg%27%20width%3D%272560%27%20height%3D%272560%27%20viewBox%3D%270%200%202560%202560%27%3E%3Crect%20width%3D%272560%27%20height%3D%272560%27%20fill-opacity%3D%220%22%2F%3E%3C%2Fsvg%3E\" data-orig-src=\" https:\/\/pavidecor.si\/wp-content\/uploads\/2023\/12\/2IMG_8338a-scaled.jpg\" \/><\/center><\/div>\n<div class=\"col-sm-6 col-sm-pull-6\" style=\"margin-top: 40px;\">\n<p>&nbsp;<\/p>\n<h3>Unikatni komad za svaki prostor<\/h3>\n<p><span class=\"prvimanjsinaslovopis\">Brodski koloturnik <\/span>nije samo dekoracija; to je i simbol strasti prema moru i prirodi. Njegov jedinstveni dizajn \u010dini ga savr\u0161enim dodatkom za svaki dom, vikendicu ili morski ambijent. <b>Svaki koloturnik je ru\u010dno izra\u0111en<\/b>, \u0161to zna\u010di da \u0107ete dobiti komad koji je jedinstven i neponovljiv. Ovaj drveni dekor mo\u017ee se koristiti kao sredi\u0161nji element na stolu, kao dio zidne dekoracije ili \u010dak kao zanimljiv dodatak u va\u0161em vrtu.<\/p>\n<p>&nbsp;<\/p>\n<p>Osim \u0161to je estetski privla\u010dan, b<span class=\"prvimanjsinaslovopis\">rodski koloturnik<\/span> tako\u0111er mo\u017ee poslu\u017eiti kao izvrstan poklon za sve ljubitelje nautike. Njegova autenti\u010dnost i ru\u010dna izrada \u010dine ga posebnim darom koji \u0107e obradovati svakoga tko cijeni prirodne materijale i tradicionalne tehnike izrade. U PAVIDECOR-u smo ponosni na na\u0161u sposobnost stvaranja proizvoda koji ne samo da izgledaju dobro, ve\u0107 i pri\u010daju pri\u010de o ljubavi prema drvetu i prirodi.<\/p>\n<p>&nbsp;<\/p>\n<\/div>\n<\/div>\n<div class=\"row\">\n<div class=\"col-sm-6\" style=\"margin-top: 30px;\"><center><img decoding=\"async\" class=\"lazyload img-responsive\" style=\"margin: 0px auto; max-width: 100%;\" src=\"data:image\/svg+xml,%3Csvg%20xmlns%3D%27http%3A%2F%2Fwww.w3.org%2F2000%2Fsvg%27%20width%3D%272560%27%20height%3D%272560%27%20viewBox%3D%270%200%202560%202560%27%3E%3Crect%20width%3D%272560%27%20height%3D%272560%27%20fill-opacity%3D%220%22%2F%3E%3C%2Fsvg%3E\" data-orig-src=\" https:\/\/pavidecor.si\/wp-content\/uploads\/2023\/12\/3IMG_8345-scaled.jpg\" \/><\/center><\/div>\n<div class=\"col-sm-6\" style=\"margin-top: 40px;\">\n<p>&nbsp;<\/p>\n<h3>Specifikacije i informacije o proizvodu<\/h3>\n<p><span class=\"prvimanjsinaslovopis\">Brodski koloturnik<\/span> je izra\u0111en od visokokvalitetnog drva, pa\u017eljivo odabranog kako bi se osigurala dugotrajnost i otpornost. <b>Svaki komad je ru\u010dno obra\u0111en i oljen<\/b>, \u0161to dodatno nagla\u0161ava prirodnu ljepotu drva. Ovaj proizvod ne samo da \u0107e obogatiti va\u0161 prostor, ve\u0107 \u0107e i donijeti da\u0161ak nostalgije i povijesti.<\/p>\n<p>&nbsp;<\/p>\n<p>U PAVIDECOR-u, svaki na\u0161 proizvod je rezultat strasti prema drvetu i prirodi. Na\u0161i <span class=\"prvimanjsinaslovopis\">koloturnici<\/span>\u00a0su savr\u0161eni za sve koji \u017eele unijeti malo povijesti i tradicije u svoj dom. Posjetite na\u0161u trgovinu u Ljubljani i otkrijte \u010daroliju ru\u010dne izrade i ljubavi prema prirodi koja se krije u svakom na\u0161em komadu.<\/p>\n<p>Meta Title: <span class=\"prvimanjsinaslovopis\">Brodski koloturnik<\/span> &#8211; Unikatni drveni dekor s du\u0161om pro\u0161losti<\/p>\n<\/div>\n<\/div>\n<p>&nbsp;<\/p>\n","protected":false},"excerpt":{"rendered":"<p><strong><span style=\"color: #c4963c;\">\u2192 Ru\u010dno<\/span><\/strong> <strong>izra\u0111ena<span style=\"color: #c4963c;\"><br \/>\n<\/span><span style=\"color: #c4963c;\">\u2192 jedinstvena<\/span><\/strong><\/p>\n","protected":false},"featured_media":20010,"comment_status":"open","ping_status":"closed","template":"","meta":[],"product_brand":[],"product_cat":[388],"product_tag":[218],"class_list":{"0":"post-20005","1":"product","2":"type-product","3":"status-publish","4":"has-post-thumbnail","6":"product_cat-koloturnici","7":"product_tag-nov","9":"first","10":"instock","11":"taxable","12":"shipping-taxable","13":"purchasable","14":"product-type-simple"},"yoast_head":"<!-- This site is optimized with the Yoast SEO plugin v27.2 - https:\/\/yoast.com\/product\/yoast-seo-wordpress\/ -->\n<title>Brodski koloturnik - Unikatni drveni dekor s du\u0161om pro\u0161losti<\/title>\n<meta name=\"description\" content=\"Brodski koloturnik je proizvod izra\u0111en od drveta koji opona\u0161a koloture koje su neko\u0107 koristili mornari na jedrilicama. Prekrasan nauti\u010dki dekor.\" \/>\n<meta name=\"robots\" content=\"index, follow, max-snippet:-1, max-image-preview:large, max-video-preview:-1\" \/>\n<link rel=\"canonical\" href=\"https:\/\/pavidecor.si\/hr\/proizvod\/brodski-koloturnik-19x6x6cm-konop-pamuk\/\" \/>\n<meta property=\"og:locale\" content=\"hr_HR\" \/>\n<meta property=\"og:type\" content=\"article\" \/>\n<meta property=\"og:title\" content=\"Brodski koloturnik - Unikatni drveni dekor s du\u0161om pro\u0161losti\" \/>\n<meta property=\"og:description\" content=\"Brodski koloturnik je proizvod izra\u0111en od drveta koji opona\u0161a koloture koje su neko\u0107 koristili mornari na jedrilicama. Prekrasan nauti\u010dki dekor.\" \/>\n<meta property=\"og:url\" content=\"https:\/\/pavidecor.si\/hr\/proizvod\/brodski-koloturnik-19x6x6cm-konop-pamuk\/\" \/>\n<meta property=\"og:site_name\" content=\"Pavi Decor\" \/>\n<meta property=\"article:modified_time\" content=\"2026-04-26T14:03:40+00:00\" \/>\n<meta property=\"og:image\" content=\"https:\/\/pavidecor.si\/wp-content\/uploads\/2023\/12\/1IMG_8337a.jpg\" \/>\n\t<meta property=\"og:image:width\" content=\"1987\" \/>\n\t<meta property=\"og:image:height\" content=\"1987\" \/>\n\t<meta property=\"og:image:type\" content=\"image\/jpeg\" \/>\n<meta name=\"twitter:card\" content=\"summary_large_image\" \/>\n<meta name=\"twitter:label1\" content=\"Procijenjeno vrijeme \u010ditanja\" \/>\n\t<meta name=\"twitter:data1\" content=\"4 minute\" \/>\n<script type=\"application\/ld+json\" class=\"yoast-schema-graph\">{\"@context\":\"https:\/\/schema.org\",\"@graph\":[{\"@type\":\"WebPage\",\"@id\":\"https:\/\/pavidecor.si\/hr\/proizvod\/brodski-koloturnik-19x6x6cm-konop-pamuk\/\",\"url\":\"https:\/\/pavidecor.si\/hr\/proizvod\/brodski-koloturnik-19x6x6cm-konop-pamuk\/\",\"name\":\"Brodski koloturnik - Unikatni drveni dekor s du\u0161om pro\u0161losti\",\"isPartOf\":{\"@id\":\"https:\/\/pavidecor.si\/hr\/#website\"},\"primaryImageOfPage\":{\"@id\":\"https:\/\/pavidecor.si\/hr\/proizvod\/brodski-koloturnik-19x6x6cm-konop-pamuk\/#primaryimage\"},\"image\":{\"@id\":\"https:\/\/pavidecor.si\/hr\/proizvod\/brodski-koloturnik-19x6x6cm-konop-pamuk\/#primaryimage\"},\"thumbnailUrl\":\"https:\/\/pavidecor.si\/wp-content\/uploads\/2023\/12\/1IMG_8337a.jpg\",\"datePublished\":\"2023-12-15T10:56:18+00:00\",\"dateModified\":\"2026-04-26T14:03:40+00:00\",\"description\":\"Brodski koloturnik je proizvod izra\u0111en od drveta koji opona\u0161a koloture koje su neko\u0107 koristili mornari na jedrilicama. Prekrasan nauti\u010dki dekor.\",\"breadcrumb\":{\"@id\":\"https:\/\/pavidecor.si\/hr\/proizvod\/brodski-koloturnik-19x6x6cm-konop-pamuk\/#breadcrumb\"},\"inLanguage\":\"hr\",\"potentialAction\":[{\"@type\":\"ReadAction\",\"target\":[\"https:\/\/pavidecor.si\/hr\/proizvod\/brodski-koloturnik-19x6x6cm-konop-pamuk\/\"]}]},{\"@type\":\"ImageObject\",\"inLanguage\":\"hr\",\"@id\":\"https:\/\/pavidecor.si\/hr\/proizvod\/brodski-koloturnik-19x6x6cm-konop-pamuk\/#primaryimage\",\"url\":\"https:\/\/pavidecor.si\/wp-content\/uploads\/2023\/12\/1IMG_8337a.jpg\",\"contentUrl\":\"https:\/\/pavidecor.si\/wp-content\/uploads\/2023\/12\/1IMG_8337a.jpg\",\"width\":1987,\"height\":1987,\"caption\":\"PAVI DECOR\"},{\"@type\":\"BreadcrumbList\",\"@id\":\"https:\/\/pavidecor.si\/hr\/proizvod\/brodski-koloturnik-19x6x6cm-konop-pamuk\/#breadcrumb\",\"itemListElement\":[{\"@type\":\"ListItem\",\"position\":1,\"name\":\"Domov\",\"item\":\"https:\/\/pavidecor.si\/hr\/\"},{\"@type\":\"ListItem\",\"position\":2,\"name\":\"Internetska trgovina\",\"item\":\"https:\/\/pavidecor.si\/hr\/internetska-trgovina\/\"},{\"@type\":\"ListItem\",\"position\":3,\"name\":\"Brodski koloturnik 19x6x6cm konop pamuk\"}]},{\"@type\":\"WebSite\",\"@id\":\"https:\/\/pavidecor.si\/hr\/#website\",\"url\":\"https:\/\/pavidecor.si\/hr\/\",\"name\":\"Pavi Decor\",\"description\":\"Leseni unikati ustvarjeni iz ljubezni do lesa in narave.\",\"potentialAction\":[{\"@type\":\"SearchAction\",\"target\":{\"@type\":\"EntryPoint\",\"urlTemplate\":\"https:\/\/pavidecor.si\/hr\/?s={search_term_string}\"},\"query-input\":{\"@type\":\"PropertyValueSpecification\",\"valueRequired\":true,\"valueName\":\"search_term_string\"}}],\"inLanguage\":\"hr\"}]}<\/script>\n<!-- \/ Yoast SEO plugin. -->","yoast_head_json":{"title":"Brodski koloturnik - Unikatni drveni dekor s du\u0161om pro\u0161losti","description":"Brodski koloturnik je proizvod izra\u0111en od drveta koji opona\u0161a koloture koje su neko\u0107 koristili mornari na jedrilicama. Prekrasan nauti\u010dki dekor.","robots":{"index":"index","follow":"follow","max-snippet":"max-snippet:-1","max-image-preview":"max-image-preview:large","max-video-preview":"max-video-preview:-1"},"canonical":"https:\/\/pavidecor.si\/hr\/proizvod\/brodski-koloturnik-19x6x6cm-konop-pamuk\/","og_locale":"hr_HR","og_type":"article","og_title":"Brodski koloturnik - Unikatni drveni dekor s du\u0161om pro\u0161losti","og_description":"Brodski koloturnik je proizvod izra\u0111en od drveta koji opona\u0161a koloture koje su neko\u0107 koristili mornari na jedrilicama. Prekrasan nauti\u010dki dekor.","og_url":"https:\/\/pavidecor.si\/hr\/proizvod\/brodski-koloturnik-19x6x6cm-konop-pamuk\/","og_site_name":"Pavi Decor","article_modified_time":"2026-04-26T14:03:40+00:00","og_image":[{"width":1987,"height":1987,"url":"https:\/\/pavidecor.si\/wp-content\/uploads\/2023\/12\/1IMG_8337a.jpg","type":"image\/jpeg"}],"twitter_card":"summary_large_image","twitter_misc":{"Procijenjeno vrijeme \u010ditanja":"4 minute"},"schema":{"@context":"https:\/\/schema.org","@graph":[{"@type":"WebPage","@id":"https:\/\/pavidecor.si\/hr\/proizvod\/brodski-koloturnik-19x6x6cm-konop-pamuk\/","url":"https:\/\/pavidecor.si\/hr\/proizvod\/brodski-koloturnik-19x6x6cm-konop-pamuk\/","name":"Brodski koloturnik - Unikatni drveni dekor s du\u0161om pro\u0161losti","isPartOf":{"@id":"https:\/\/pavidecor.si\/hr\/#website"},"primaryImageOfPage":{"@id":"https:\/\/pavidecor.si\/hr\/proizvod\/brodski-koloturnik-19x6x6cm-konop-pamuk\/#primaryimage"},"image":{"@id":"https:\/\/pavidecor.si\/hr\/proizvod\/brodski-koloturnik-19x6x6cm-konop-pamuk\/#primaryimage"},"thumbnailUrl":"https:\/\/pavidecor.si\/wp-content\/uploads\/2023\/12\/1IMG_8337a.jpg","datePublished":"2023-12-15T10:56:18+00:00","dateModified":"2026-04-26T14:03:40+00:00","description":"Brodski koloturnik je proizvod izra\u0111en od drveta koji opona\u0161a koloture koje su neko\u0107 koristili mornari na jedrilicama. Prekrasan nauti\u010dki dekor.","breadcrumb":{"@id":"https:\/\/pavidecor.si\/hr\/proizvod\/brodski-koloturnik-19x6x6cm-konop-pamuk\/#breadcrumb"},"inLanguage":"hr","potentialAction":[{"@type":"ReadAction","target":["https:\/\/pavidecor.si\/hr\/proizvod\/brodski-koloturnik-19x6x6cm-konop-pamuk\/"]}]},{"@type":"ImageObject","inLanguage":"hr","@id":"https:\/\/pavidecor.si\/hr\/proizvod\/brodski-koloturnik-19x6x6cm-konop-pamuk\/#primaryimage","url":"https:\/\/pavidecor.si\/wp-content\/uploads\/2023\/12\/1IMG_8337a.jpg","contentUrl":"https:\/\/pavidecor.si\/wp-content\/uploads\/2023\/12\/1IMG_8337a.jpg","width":1987,"height":1987,"caption":"PAVI DECOR"},{"@type":"BreadcrumbList","@id":"https:\/\/pavidecor.si\/hr\/proizvod\/brodski-koloturnik-19x6x6cm-konop-pamuk\/#breadcrumb","itemListElement":[{"@type":"ListItem","position":1,"name":"Domov","item":"https:\/\/pavidecor.si\/hr\/"},{"@type":"ListItem","position":2,"name":"Internetska trgovina","item":"https:\/\/pavidecor.si\/hr\/internetska-trgovina\/"},{"@type":"ListItem","position":3,"name":"Brodski koloturnik 19x6x6cm konop pamuk"}]},{"@type":"WebSite","@id":"https:\/\/pavidecor.si\/hr\/#website","url":"https:\/\/pavidecor.si\/hr\/","name":"Pavi Decor","description":"Leseni unikati ustvarjeni iz ljubezni do lesa in narave.","potentialAction":[{"@type":"SearchAction","target":{"@type":"EntryPoint","urlTemplate":"https:\/\/pavidecor.si\/hr\/?s={search_term_string}"},"query-input":{"@type":"PropertyValueSpecification","valueRequired":true,"valueName":"search_term_string"}}],"inLanguage":"hr"}]}},"_links":{"self":[{"href":"https:\/\/pavidecor.si\/hr\/wp-json\/wp\/v2\/product\/20005","targetHints":{"allow":["GET"]}}],"collection":[{"href":"https:\/\/pavidecor.si\/hr\/wp-json\/wp\/v2\/product"}],"about":[{"href":"https:\/\/pavidecor.si\/hr\/wp-json\/wp\/v2\/types\/product"}],"replies":[{"embeddable":true,"href":"https:\/\/pavidecor.si\/hr\/wp-json\/wp\/v2\/comments?post=20005"}],"wp:featuredmedia":[{"embeddable":true,"href":"https:\/\/pavidecor.si\/hr\/wp-json\/wp\/v2\/media\/20010"}],"wp:attachment":[{"href":"https:\/\/pavidecor.si\/hr\/wp-json\/wp\/v2\/media?parent=20005"}],"wp:term":[{"taxonomy":"product_brand","embeddable":true,"href":"https:\/\/pavidecor.si\/hr\/wp-json\/wp\/v2\/product_brand?post=20005"},{"taxonomy":"product_cat","embeddable":true,"href":"https:\/\/pavidecor.si\/hr\/wp-json\/wp\/v2\/product_cat?post=20005"},{"taxonomy":"product_tag","embeddable":true,"href":"https:\/\/pavidecor.si\/hr\/wp-json\/wp\/v2\/product_tag?post=20005"}],"curies":[{"name":"wp","href":"https:\/\/api.w.org\/{rel}","templated":true}]}}