	{"id":19736,"date":"2024-02-19T10:58:58","date_gmt":"2024-02-19T10:58:58","guid":{"rendered":"https:\/\/pavidecor.si\/product\/dekorativna-jedrilica-pd-30x29x2cm\/"},"modified":"2026-04-22T04:03:37","modified_gmt":"2026-04-22T04:03:37","slug":"dekorativna-jedrilica-pd-30x29x2cm","status":"publish","type":"product","link":"https:\/\/pavidecor.si\/hr\/proizvod\/dekorativna-jedrilica-pd-30x29x2cm\/","title":{"rendered":"Dekorativna jedrilica PD 30x29x2cm"},"content":{"rendered":"<p><span class=\"prvimanjsinaslovopis\"> Dekorativna jedrilica &#8211; Unikatna stenska dekoracija koja donosi duh mora u va\u0161 dom<\/span><\/p>\n<p>&nbsp;<\/p>\n<h2><span class=\"odebeljenopis\"><strong> U\u017eivajte u \u010daroliji mora s na\u0161om dekorativnom jedrilicom, savr\u0161enim dodatkom za svaki prostor. Ova jedinstvena stenska dekoracija izra\u0111ena je od naplavljenog i recikliranog drva, a svaki komad nosi pri\u010du o prirodi i tradiciji. S ljubavlju izra\u0111ena u Sloveniji, jedrilica \u0107e vas podsjetiti na sun\u010dane dane i miris soli.<\/strong><\/span><\/h2>\n<p>&nbsp;<\/p>\n<div class=\"row\">\n<div class=\"col-sm-6 \" style=\"margin-top: 30px;\"><center><img decoding=\"async\" class=\"lazyload img-responsive\" style=\"margin: 0px auto; max-width: 100%;\" src=\"data:image\/svg+xml,%3Csvg%20xmlns%3D%27http%3A%2F%2Fwww.w3.org%2F2000%2Fsvg%27%20width%3D%272464%27%20height%3D%272464%27%20viewBox%3D%270%200%202464%202464%27%3E%3Crect%20width%3D%272464%27%20height%3D%272464%27%20fill-opacity%3D%220%22%2F%3E%3C%2Fsvg%3E\" data-orig-src=\"https:\/\/pavidecor.si\/wp-content\/uploads\/2024\/02\/1IMG_8424a.jpg\" \/><\/center><\/div>\n<div class=\"col-sm-6\" style=\"margin-top: 40px;\">\n<p>&nbsp;<\/p>\n<h3>Jedinstvena ru\u010dna izrada<\/h3>\n<p>Na\u0161a dekorativna jedrilica rezultat je strastvene ru\u010dne izrade, koja se temelji na<strong> tradicionalnim tehnikama<\/strong> spajanja drvenih dijelova. U PAVI DECOR-u iz Ljubljane, svaki proizvod nastaje s ljubavlju prema drvetu i prirodi.<\/p>\n<p>&nbsp;<\/p>\n<p>Ova jedrilica ne samo da je estetski privla\u010dna, ve\u0107 i funkcionalna. Na vrhu jarbola nalazi se zastavica i vrvica za jednostavno vje\u0161anje, \u0161to je \u010dini savr\u0161enim dodatkom za svaki interijer ili eksterijer. Svojim oblikom, koji li\u010di na tradicionalne ribarske jedrilice, <strong>donosi duh mora u va\u0161 dom<\/strong>, stvaraju\u0107i opu\u0161taju\u0107u atmosferu koja vas podsje\u0107a na ljetne odmore i avanture na vodi.<\/p>\n<p>&nbsp;<\/p>\n<\/div>\n<\/div>\n<div class=\"row\">\n<div class=\"col-sm-6 col-sm-push-6\" style=\"margin-top: 30px;\"><center><img decoding=\"async\" class=\"lazyload img-responsive\" style=\"margin: 0px auto; max-width: 100%;\" src=\"data:image\/svg+xml,%3Csvg%20xmlns%3D%27http%3A%2F%2Fwww.w3.org%2F2000%2Fsvg%27%20width%3D%272258%27%20height%3D%272258%27%20viewBox%3D%270%200%202258%202258%27%3E%3Crect%20width%3D%272258%27%20height%3D%272258%27%20fill-opacity%3D%220%22%2F%3E%3C%2Fsvg%3E\" data-orig-src=\" https:\/\/pavidecor.si\/wp-content\/uploads\/2024\/02\/2IMG_8425.jpg\" \/><\/center><\/div>\n<div class=\"col-sm-6 col-sm-pull-6\" style=\"margin-top: 40px;\">\n<p>&nbsp;<\/p>\n<h3>Ekolo\u0161ki prihvatljiva i personalizirana<\/h3>\n<p>Na\u0161a jedrilica izra\u0111ena je od recikliranog drva, \u0161to je \u010dini ekolo\u0161ki prihvatljivim izborom za sve ljubitelje prirode. Svaka jedrilica je unikatna, a na va\u0161u \u017eelju mo\u017eemo dodati <strong>personalizirani otisak imena<\/strong>, registracije ili bilo kojeg drugog detalja koji \u017eelite.<\/p>\n<p>&nbsp;<\/p>\n<p>Ova personalizacija \u010dini jedrilicu savr\u0161enim poklonom za posebne prigode, poput vjen\u010danja, ro\u0111endana ili kao <strong>poklon za ljubitelje mora<\/strong>. U PAVI DECOR-u vjerujemo da svaki komad drva nosi svoju pri\u010du, a s na\u0161im proizvodima mo\u017eete dodati i svoju.<\/p>\n<p>&nbsp;<\/p>\n<\/div>\n<\/div>\n<div class=\"row\">\n<div class=\"col-sm-6\" style=\"margin-top: 30px;\"><center><img decoding=\"async\" class=\"lazyload img-responsive\" style=\"margin: 0px auto; max-width: 100%;\" src=\"data:image\/svg+xml,%3Csvg%20xmlns%3D%27http%3A%2F%2Fwww.w3.org%2F2000%2Fsvg%27%20width%3D%271456%27%20height%3D%271456%27%20viewBox%3D%270%200%201456%201456%27%3E%3Crect%20width%3D%271456%27%20height%3D%271456%27%20fill-opacity%3D%220%22%2F%3E%3C%2Fsvg%3E\" data-orig-src=\" https:\/\/pavidecor.si\/wp-content\/uploads\/2024\/02\/3IMG_8426.jpg\" \/><\/center><\/div>\n<div class=\"col-sm-6\" style=\"margin-top: 40px;\">\n<p>&nbsp;<\/p>\n<h3>Specifikacije proizvoda<\/h3>\n<p>Dekorativna jedrilica je stenska dekoracija izra\u0111ena od naplavljenog i recikliranog drva. Jedra su izra\u0111ena od obojene pamu\u010dne tkanine. Na vrhu jarbola nalazi se zastavica i vrvica za vje\u0161anje. Oblik jedrilice li\u010di na tradicionalne ribarske jedrilice.<\/p>\n<p>&nbsp;<\/p>\n<p>Ova uska dekorativna jedrilica je lijep nauti\u010dki dekor koji uvijek priziva uspomene na more, sunce, vjetar i odmor. Na va\u0161u \u017eelju, mogu\u0107e je dodati otisak imena, registracije itd. Svaka na\u0161a jedrilica je ru\u010dno izra\u0111ena i obojena, \u0161to je \u010dini unikatnom. Neke jedrilice mo\u017eete vidjeti i kao dio na\u0161eg <a href=\"https:\/\/pavidecor.si\/hr\/projects\/bar-na-plazi\/\"><strong><span style=\"color: #3366ff;\">pla\u017enog bara<\/span><\/strong><\/a>.<\/p>\n<\/div>\n<\/div>\n<p>&nbsp;<\/p>\n","protected":false},"excerpt":{"rendered":"<p><strong><span style=\"color: #c4963c;\">\u2192 Ru\u010dni rad<\/span><\/strong><strong><span style=\"color: #c4963c;\"><br \/>\n<\/span><span style=\"color: #c4963c;\">\u2192 Jedinstvena<\/span><\/strong><\/p>\n","protected":false},"featured_media":19737,"comment_status":"open","ping_status":"closed","template":"","meta":[],"product_brand":[],"product_cat":[337],"product_tag":[218],"class_list":{"0":"post-19736","1":"product","2":"type-product","3":"status-publish","4":"has-post-thumbnail","6":"product_cat-brodovi","7":"product_tag-nov","9":"first","10":"instock","11":"sold-individually","12":"taxable","13":"shipping-taxable","14":"purchasable","15":"product-type-simple"},"yoast_head":"<!-- This site is optimized with the Yoast SEO plugin v27.2 - https:\/\/yoast.com\/product\/yoast-seo-wordpress\/ -->\n<title>Dekorativna jedrilica - Unikatna dekoracija koja donosi duh mora<\/title>\n<meta name=\"description\" content=\"Dekorativna jedrilica prekrasan je nauti\u010dki dekor izra\u0111en od naplavljenog drveta i recikliranog drva. Ima pamu\u010dna jedra, zastavu i konopac na jarbolu.\" \/>\n<meta name=\"robots\" content=\"index, follow, max-snippet:-1, max-image-preview:large, max-video-preview:-1\" \/>\n<link rel=\"canonical\" href=\"https:\/\/pavidecor.si\/hr\/proizvod\/dekorativna-jedrilica-pd-30x29x2cm\/\" \/>\n<meta property=\"og:locale\" content=\"hr_HR\" \/>\n<meta property=\"og:type\" content=\"article\" \/>\n<meta property=\"og:title\" content=\"Dekorativna jedrilica - Unikatna dekoracija koja donosi duh mora\" \/>\n<meta property=\"og:description\" content=\"Dekorativna jedrilica prekrasan je nauti\u010dki dekor izra\u0111en od naplavljenog drveta i recikliranog drva. Ima pamu\u010dna jedra, zastavu i konopac na jarbolu.\" \/>\n<meta property=\"og:url\" content=\"https:\/\/pavidecor.si\/hr\/proizvod\/dekorativna-jedrilica-pd-30x29x2cm\/\" \/>\n<meta property=\"og:site_name\" content=\"Pavi Decor\" \/>\n<meta property=\"article:modified_time\" content=\"2026-04-22T04:03:37+00:00\" \/>\n<meta property=\"og:image\" content=\"https:\/\/pavidecor.si\/wp-content\/uploads\/2024\/02\/1IMG_8424a.jpg\" \/>\n\t<meta property=\"og:image:width\" content=\"2464\" \/>\n\t<meta property=\"og:image:height\" content=\"2464\" \/>\n\t<meta property=\"og:image:type\" content=\"image\/jpeg\" \/>\n<meta name=\"twitter:card\" content=\"summary_large_image\" \/>\n<meta name=\"twitter:label1\" content=\"Procijenjeno vrijeme \u010ditanja\" \/>\n\t<meta name=\"twitter:data1\" content=\"3 minute\" \/>\n<script type=\"application\/ld+json\" class=\"yoast-schema-graph\">{\"@context\":\"https:\/\/schema.org\",\"@graph\":[{\"@type\":\"WebPage\",\"@id\":\"https:\/\/pavidecor.si\/hr\/proizvod\/dekorativna-jedrilica-pd-30x29x2cm\/\",\"url\":\"https:\/\/pavidecor.si\/hr\/proizvod\/dekorativna-jedrilica-pd-30x29x2cm\/\",\"name\":\"Dekorativna jedrilica - Unikatna dekoracija koja donosi duh mora\",\"isPartOf\":{\"@id\":\"https:\/\/pavidecor.si\/hr\/#website\"},\"primaryImageOfPage\":{\"@id\":\"https:\/\/pavidecor.si\/hr\/proizvod\/dekorativna-jedrilica-pd-30x29x2cm\/#primaryimage\"},\"image\":{\"@id\":\"https:\/\/pavidecor.si\/hr\/proizvod\/dekorativna-jedrilica-pd-30x29x2cm\/#primaryimage\"},\"thumbnailUrl\":\"https:\/\/pavidecor.si\/wp-content\/uploads\/2024\/02\/1IMG_8424a.jpg\",\"datePublished\":\"2024-02-19T10:58:58+00:00\",\"dateModified\":\"2026-04-22T04:03:37+00:00\",\"description\":\"Dekorativna jedrilica prekrasan je nauti\u010dki dekor izra\u0111en od naplavljenog drveta i recikliranog drva. Ima pamu\u010dna jedra, zastavu i konopac na jarbolu.\",\"breadcrumb\":{\"@id\":\"https:\/\/pavidecor.si\/hr\/proizvod\/dekorativna-jedrilica-pd-30x29x2cm\/#breadcrumb\"},\"inLanguage\":\"hr\",\"potentialAction\":[{\"@type\":\"ReadAction\",\"target\":[\"https:\/\/pavidecor.si\/hr\/proizvod\/dekorativna-jedrilica-pd-30x29x2cm\/\"]}]},{\"@type\":\"ImageObject\",\"inLanguage\":\"hr\",\"@id\":\"https:\/\/pavidecor.si\/hr\/proizvod\/dekorativna-jedrilica-pd-30x29x2cm\/#primaryimage\",\"url\":\"https:\/\/pavidecor.si\/wp-content\/uploads\/2024\/02\/1IMG_8424a.jpg\",\"contentUrl\":\"https:\/\/pavidecor.si\/wp-content\/uploads\/2024\/02\/1IMG_8424a.jpg\",\"width\":2464,\"height\":2464,\"caption\":\"PAVI DECOR\"},{\"@type\":\"BreadcrumbList\",\"@id\":\"https:\/\/pavidecor.si\/hr\/proizvod\/dekorativna-jedrilica-pd-30x29x2cm\/#breadcrumb\",\"itemListElement\":[{\"@type\":\"ListItem\",\"position\":1,\"name\":\"Domov\",\"item\":\"https:\/\/pavidecor.si\/hr\/\"},{\"@type\":\"ListItem\",\"position\":2,\"name\":\"Internetska trgovina\",\"item\":\"https:\/\/pavidecor.si\/hr\/internetska-trgovina\/\"},{\"@type\":\"ListItem\",\"position\":3,\"name\":\"Dekorativna jedrilica PD 30x29x2cm\"}]},{\"@type\":\"WebSite\",\"@id\":\"https:\/\/pavidecor.si\/hr\/#website\",\"url\":\"https:\/\/pavidecor.si\/hr\/\",\"name\":\"Pavi Decor\",\"description\":\"Leseni unikati ustvarjeni iz ljubezni do lesa in narave.\",\"potentialAction\":[{\"@type\":\"SearchAction\",\"target\":{\"@type\":\"EntryPoint\",\"urlTemplate\":\"https:\/\/pavidecor.si\/hr\/?s={search_term_string}\"},\"query-input\":{\"@type\":\"PropertyValueSpecification\",\"valueRequired\":true,\"valueName\":\"search_term_string\"}}],\"inLanguage\":\"hr\"}]}<\/script>\n<!-- \/ Yoast SEO plugin. -->","yoast_head_json":{"title":"Dekorativna jedrilica - Unikatna dekoracija koja donosi duh mora","description":"Dekorativna jedrilica prekrasan je nauti\u010dki dekor izra\u0111en od naplavljenog drveta i recikliranog drva. Ima pamu\u010dna jedra, zastavu i konopac na jarbolu.","robots":{"index":"index","follow":"follow","max-snippet":"max-snippet:-1","max-image-preview":"max-image-preview:large","max-video-preview":"max-video-preview:-1"},"canonical":"https:\/\/pavidecor.si\/hr\/proizvod\/dekorativna-jedrilica-pd-30x29x2cm\/","og_locale":"hr_HR","og_type":"article","og_title":"Dekorativna jedrilica - Unikatna dekoracija koja donosi duh mora","og_description":"Dekorativna jedrilica prekrasan je nauti\u010dki dekor izra\u0111en od naplavljenog drveta i recikliranog drva. Ima pamu\u010dna jedra, zastavu i konopac na jarbolu.","og_url":"https:\/\/pavidecor.si\/hr\/proizvod\/dekorativna-jedrilica-pd-30x29x2cm\/","og_site_name":"Pavi Decor","article_modified_time":"2026-04-22T04:03:37+00:00","og_image":[{"width":2464,"height":2464,"url":"https:\/\/pavidecor.si\/wp-content\/uploads\/2024\/02\/1IMG_8424a.jpg","type":"image\/jpeg"}],"twitter_card":"summary_large_image","twitter_misc":{"Procijenjeno vrijeme \u010ditanja":"3 minute"},"schema":{"@context":"https:\/\/schema.org","@graph":[{"@type":"WebPage","@id":"https:\/\/pavidecor.si\/hr\/proizvod\/dekorativna-jedrilica-pd-30x29x2cm\/","url":"https:\/\/pavidecor.si\/hr\/proizvod\/dekorativna-jedrilica-pd-30x29x2cm\/","name":"Dekorativna jedrilica - Unikatna dekoracija koja donosi duh mora","isPartOf":{"@id":"https:\/\/pavidecor.si\/hr\/#website"},"primaryImageOfPage":{"@id":"https:\/\/pavidecor.si\/hr\/proizvod\/dekorativna-jedrilica-pd-30x29x2cm\/#primaryimage"},"image":{"@id":"https:\/\/pavidecor.si\/hr\/proizvod\/dekorativna-jedrilica-pd-30x29x2cm\/#primaryimage"},"thumbnailUrl":"https:\/\/pavidecor.si\/wp-content\/uploads\/2024\/02\/1IMG_8424a.jpg","datePublished":"2024-02-19T10:58:58+00:00","dateModified":"2026-04-22T04:03:37+00:00","description":"Dekorativna jedrilica prekrasan je nauti\u010dki dekor izra\u0111en od naplavljenog drveta i recikliranog drva. Ima pamu\u010dna jedra, zastavu i konopac na jarbolu.","breadcrumb":{"@id":"https:\/\/pavidecor.si\/hr\/proizvod\/dekorativna-jedrilica-pd-30x29x2cm\/#breadcrumb"},"inLanguage":"hr","potentialAction":[{"@type":"ReadAction","target":["https:\/\/pavidecor.si\/hr\/proizvod\/dekorativna-jedrilica-pd-30x29x2cm\/"]}]},{"@type":"ImageObject","inLanguage":"hr","@id":"https:\/\/pavidecor.si\/hr\/proizvod\/dekorativna-jedrilica-pd-30x29x2cm\/#primaryimage","url":"https:\/\/pavidecor.si\/wp-content\/uploads\/2024\/02\/1IMG_8424a.jpg","contentUrl":"https:\/\/pavidecor.si\/wp-content\/uploads\/2024\/02\/1IMG_8424a.jpg","width":2464,"height":2464,"caption":"PAVI DECOR"},{"@type":"BreadcrumbList","@id":"https:\/\/pavidecor.si\/hr\/proizvod\/dekorativna-jedrilica-pd-30x29x2cm\/#breadcrumb","itemListElement":[{"@type":"ListItem","position":1,"name":"Domov","item":"https:\/\/pavidecor.si\/hr\/"},{"@type":"ListItem","position":2,"name":"Internetska trgovina","item":"https:\/\/pavidecor.si\/hr\/internetska-trgovina\/"},{"@type":"ListItem","position":3,"name":"Dekorativna jedrilica PD 30x29x2cm"}]},{"@type":"WebSite","@id":"https:\/\/pavidecor.si\/hr\/#website","url":"https:\/\/pavidecor.si\/hr\/","name":"Pavi Decor","description":"Leseni unikati ustvarjeni iz ljubezni do lesa in narave.","potentialAction":[{"@type":"SearchAction","target":{"@type":"EntryPoint","urlTemplate":"https:\/\/pavidecor.si\/hr\/?s={search_term_string}"},"query-input":{"@type":"PropertyValueSpecification","valueRequired":true,"valueName":"search_term_string"}}],"inLanguage":"hr"}]}},"_links":{"self":[{"href":"https:\/\/pavidecor.si\/hr\/wp-json\/wp\/v2\/product\/19736","targetHints":{"allow":["GET"]}}],"collection":[{"href":"https:\/\/pavidecor.si\/hr\/wp-json\/wp\/v2\/product"}],"about":[{"href":"https:\/\/pavidecor.si\/hr\/wp-json\/wp\/v2\/types\/product"}],"replies":[{"embeddable":true,"href":"https:\/\/pavidecor.si\/hr\/wp-json\/wp\/v2\/comments?post=19736"}],"wp:featuredmedia":[{"embeddable":true,"href":"https:\/\/pavidecor.si\/hr\/wp-json\/wp\/v2\/media\/19737"}],"wp:attachment":[{"href":"https:\/\/pavidecor.si\/hr\/wp-json\/wp\/v2\/media?parent=19736"}],"wp:term":[{"taxonomy":"product_brand","embeddable":true,"href":"https:\/\/pavidecor.si\/hr\/wp-json\/wp\/v2\/product_brand?post=19736"},{"taxonomy":"product_cat","embeddable":true,"href":"https:\/\/pavidecor.si\/hr\/wp-json\/wp\/v2\/product_cat?post=19736"},{"taxonomy":"product_tag","embeddable":true,"href":"https:\/\/pavidecor.si\/hr\/wp-json\/wp\/v2\/product_tag?post=19736"}],"curies":[{"name":"wp","href":"https:\/\/api.w.org\/{rel}","templated":true}]}}