	{"id":19682,"date":"2024-02-22T10:07:08","date_gmt":"2024-02-22T10:07:08","guid":{"rendered":"https:\/\/pavidecor.si\/product\/drveni-tepih-trkac-ruzicasto-bijeli-155x80cm\/"},"modified":"2026-04-22T23:01:43","modified_gmt":"2026-04-22T23:01:43","slug":"drveni-tepih-staza-ruzicasto-bijela-155x80cm","status":"publish","type":"product","link":"https:\/\/pavidecor.si\/hr\/proizvod\/drveni-tepih-staza-ruzicasto-bijela-155x80cm\/","title":{"rendered":"Drveni tepih &#8211; staza ru\u017ei\u010dasto bijela 155x80cm"},"content":{"rendered":"<p><span class=\"prvimanjsinaslovopis\">Drveni tepih &#8211; staza ru\u017ei\u010dasto bijela | Prirodna ljepota u va\u0161em domu &#8211; Dimenzije 155x80x2cm<\/span><\/p>\n<p>&nbsp;<\/p>\n<h2><span class=\"odebeljenopis\"><strong><br \/>\nU\u017eivajte u jedinstvenoj kombinaciji prirodnog materijala i funkcionalnosti s na\u0161om drvenom stazom &#8211; tepihom u ru\u017ei\u010dasto bijeloj boji. Ovaj proizvod iz PAVI DECOR-a, izra\u0111en s ljubavlju prema drvetu i prirodi, savr\u0161eno se uklapa u svaki unutarnji prostor, pru\u017eaju\u0107i toplinu i udobnost va\u0161em domu.<\/strong><\/span><\/h2>\n<p>&nbsp;<\/p>\n<div class=\"row\">\n<div class=\"col-sm-6 \" style=\"margin-top: 30px;\"><center><img decoding=\"async\" class=\"lazyload img-responsive\" style=\"margin: 0px auto; max-width: 100%;\" src=\"data:image\/svg+xml,%3Csvg%20xmlns%3D%27http%3A%2F%2Fwww.w3.org%2F2000%2Fsvg%27%20width%3D%272560%27%20height%3D%272560%27%20viewBox%3D%270%200%202560%202560%27%3E%3Crect%20width%3D%272560%27%20height%3D%272560%27%20fill-opacity%3D%220%22%2F%3E%3C%2Fsvg%3E\" data-orig-src=\"https:\/\/pavidecor.si\/wp-content\/uploads\/2024\/02\/1IMG_8614a-scaled.jpg\" \/><\/center><\/div>\n<div class=\"col-sm-6\" style=\"margin-top: 40px;\">\n<p>&nbsp;<\/p>\n<h3>Jedinstvena ru\u010dna izrada<\/h3>\n<p>Na\u0161\u00a0d<span class=\"prvimanjsinaslovopis\">rveni tepih &#8211; staza<\/span> ru\u017ei\u010dasto bijela rezultat je ru\u010dne izrade koja osigurava <strong>visoku kvalitetu i autenti\u010dnost<\/strong>. Svaki komad je pa\u017eljivo izra\u0111en u Sloveniji, koriste\u0107i tradicionalne tehnike spajanja drvenih dijelova, \u0161to na\u0161im proizvodima daje jedinstven izgled i karakter. U PAVI DECOR-u vjerujemo da je ljubav prema drvetu i prirodi klju\u010d uspjeha, a na\u0161i proizvodi odra\u017eavaju tu filozofiju. Ova staza ne samo da je estetski privla\u010dna, ve\u0107 i funkcionalna, pru\u017eaju\u0107i za\u0161titu od hladno\u0107e, vlage i klizavih povr\u0161ina.<\/p>\n<p>&nbsp;<\/p>\n<p>Osim \u0161to je savr\u0161ena za spava\u0107e sobe i blagovaonice, drvena staza mo\u017ee se koristiti i u zimskim vrtovima, na balkonima ili pokrivenim terasama. Njena svestranost omogu\u0107ava vam da je <strong>prilagodite razli\u010ditim prostorima<\/strong>, a lako\u0107a odr\u017eavanja \u010dini je idealnim izborom za svakodnevnu upotrebu. Samo ju je potrebno pomesti kako bi ostala \u010dista i uredna.<\/p>\n<p>&nbsp;<\/p>\n<\/div>\n<\/div>\n<div class=\"row\">\n<div class=\"col-sm-6 col-sm-push-6\" style=\"margin-top: 30px;\"><center><img decoding=\"async\" class=\"lazyload img-responsive\" style=\"margin: 0px auto; max-width: 100%;\" src=\"data:image\/svg+xml,%3Csvg%20xmlns%3D%27http%3A%2F%2Fwww.w3.org%2F2000%2Fsvg%27%20width%3D%272560%27%20height%3D%272560%27%20viewBox%3D%270%200%202560%202560%27%3E%3Crect%20width%3D%272560%27%20height%3D%272560%27%20fill-opacity%3D%220%22%2F%3E%3C%2Fsvg%3E\" data-orig-src=\" https:\/\/pavidecor.si\/wp-content\/uploads\/2024\/02\/2IMG_8590b-scaled.jpg\" \/><\/center><\/div>\n<div class=\"col-sm-6 col-sm-pull-6\" style=\"margin-top: 40px;\">\n<p>&nbsp;<\/p>\n<h3>Ekolo\u0161ki prihvatljiv materijal<\/h3>\n<p><span class=\"prvimanjsinaslovopis\">Drveni tepih &#8211; staza<\/span> ru\u017ei\u010dasto bijela izra\u0111ena je od <b>crnogori\u010dnog drva<\/b>, koje ne ostavlja crne mrlje od tanina, \u010dime se osigurava dugotrajnost i o\u010duvanje estetike proizvoda. Ova staza je ne samo lijepa, ve\u0107 i ekolo\u0161ki prihvatljiva, \u0161to je \u010dini savr\u0161enim izborom za sve koji \u017eele smanjiti svoj ekolo\u0161ki otisak. Za\u0161titna boja dodatno produ\u017eava vijek trajanja drvene staze, \u010dine\u0107i je otpornijom na habanje i vremenske uvjete.<\/p>\n<p>&nbsp;<\/p>\n<p>Zamislite kako va\u0161a drvena staza mo\u017ee obogatiti prostor, stvaraju\u0107i toplu i ugodnu atmosferu. Idealna je kao podloga za le\u017eanje, u hodnicima ili pred ulazom u stan ili poslovni prostor. Njena funkcionalnost i estetska privla\u010dnost \u010dine je <strong>savr\u0161enim dodatkom svakom domu<\/strong>.<\/p>\n<p>&nbsp;<\/p>\n<\/div>\n<\/div>\n<div class=\"row\">\n<div class=\"col-sm-6\" style=\"margin-top: 30px;\"><center><img decoding=\"async\" class=\"lazyload img-responsive\" style=\"margin: 0px auto; max-width: 100%;\" src=\"data:image\/svg+xml,%3Csvg%20xmlns%3D%27http%3A%2F%2Fwww.w3.org%2F2000%2Fsvg%27%20width%3D%272437%27%20height%3D%272437%27%20viewBox%3D%270%200%202437%202437%27%3E%3Crect%20width%3D%272437%27%20height%3D%272437%27%20fill-opacity%3D%220%22%2F%3E%3C%2Fsvg%3E\" data-orig-src=\" https:\/\/pavidecor.si\/wp-content\/uploads\/2024\/02\/3IMG_8626.jpg\" \/><\/center><\/div>\n<div class=\"col-sm-6\" style=\"margin-top: 40px;\">\n<p>&nbsp;<\/p>\n<h3>Specifikacije proizvoda<\/h3>\n<p><span class=\"prvimanjsinaslovopis\">Drveni tepih &#8211; staza<\/span> ru\u017ei\u010dasto bijela sastoji se od pojedina\u010dnih letvica koje su povezane konopcem, \u0161to omogu\u0107ava lako savijanje u rolu i <strong>jednostavno skladi\u0161tenje<\/strong>. Ovaj proizvod je savr\u0161en za sve vrste tvrdih (plo\u010dice, beton) i mekih podloga (tepih, tapison). Osim \u0161to slu\u017ei kao za\u0161tita od hladno\u0107e i vlage, mo\u017ee se koristiti i kao staza u hodnicima ili kao dekorativni element u va\u0161em domu.<\/p>\n<p>&nbsp;<\/p>\n<p>Ne zaboravite posjetiti na\u0161u <a href=\"https:\/\/pavidecor.si\/hr\/projects\/plaza-na-krku\/\"><strong><span style=\"color: #3366ff;\">pla\u017eu na Krku<\/span><\/strong><\/a> i u\u017eivati u neobradjenoj verziji ovog prekriva\u010da, koja dodatno nagla\u0161ava prirodnu ljepotu drva. U PAVI DECOR-u, svaki proizvod je rezultat na\u0161eg znanja i kreativnosti, a d<span class=\"prvimanjsinaslovopis\">rveni tepih &#8211; staza<\/span> ru\u017ei\u010dasto bijela nije iznimka.<\/p>\n<p>&nbsp;<\/p>\n<\/div>\n<\/div>\n<p>&nbsp;<\/p>\n","protected":false},"excerpt":{"rendered":"<p><strong><span style=\"color: #c4963c;\">\u2192 Jednostavno odr\u017eavanje<br \/>\n<\/span><span style=\"color: #c4963c;\">\u2192 Crnogori\u010dno drvo<\/span><\/strong><\/p>\n","protected":false},"featured_media":19683,"comment_status":"open","ping_status":"closed","template":"","meta":[],"product_brand":[],"product_cat":[375,361],"product_tag":[218,442],"class_list":{"0":"post-19682","1":"product","2":"type-product","3":"status-publish","4":"has-post-thumbnail","6":"product_cat-tepisi","7":"product_cat-tepisi-i-otiraci","8":"product_tag-nov","9":"product_tag-po-narudzbi-cijena","11":"first","12":"instock","13":"taxable","14":"shipping-taxable","15":"purchasable","16":"product-type-simple"},"yoast_head":"<!-- This site is optimized with the Yoast SEO plugin v27.2 - https:\/\/yoast.com\/product\/yoast-seo-wordpress\/ -->\n<title>Drveni tepih - staza ru\u017ei\u010dasto bijela - Ljepota drva u va\u0161em domu<\/title>\n<meta name=\"description\" content=\"Drveni tepih - staza ru\u017ei\u010dasto bijela korisna je u zatvorenom prostoru, za za\u0161titu od hladno\u0107e ili skliskog tla. Jednostavan tepih za \u010di\u0161\u0107enje i odr\u017eavanje.\" \/>\n<meta name=\"robots\" content=\"index, follow, max-snippet:-1, max-image-preview:large, max-video-preview:-1\" \/>\n<link rel=\"canonical\" href=\"https:\/\/pavidecor.si\/hr\/proizvod\/drveni-tepih-staza-ruzicasto-bijela-155x80cm\/\" \/>\n<meta property=\"og:locale\" content=\"hr_HR\" \/>\n<meta property=\"og:type\" content=\"article\" \/>\n<meta property=\"og:title\" content=\"Drveni tepih - staza ru\u017ei\u010dasto bijela - Ljepota drva u va\u0161em domu\" \/>\n<meta property=\"og:description\" content=\"Drveni tepih - staza ru\u017ei\u010dasto bijela korisna je u zatvorenom prostoru, za za\u0161titu od hladno\u0107e ili skliskog tla. Jednostavan tepih za \u010di\u0161\u0107enje i odr\u017eavanje.\" \/>\n<meta property=\"og:url\" content=\"https:\/\/pavidecor.si\/hr\/proizvod\/drveni-tepih-staza-ruzicasto-bijela-155x80cm\/\" \/>\n<meta property=\"og:site_name\" content=\"Pavi Decor\" \/>\n<meta property=\"article:modified_time\" content=\"2026-04-22T23:01:43+00:00\" \/>\n<meta property=\"og:image\" content=\"https:\/\/pavidecor.si\/wp-content\/uploads\/2024\/02\/1IMG_8614a-scaled.jpg\" \/>\n\t<meta property=\"og:image:width\" content=\"2560\" \/>\n\t<meta property=\"og:image:height\" content=\"2560\" \/>\n\t<meta property=\"og:image:type\" content=\"image\/jpeg\" \/>\n<meta name=\"twitter:card\" content=\"summary_large_image\" \/>\n<meta name=\"twitter:label1\" content=\"Procijenjeno vrijeme \u010ditanja\" \/>\n\t<meta name=\"twitter:data1\" content=\"4 minute\" \/>\n<script type=\"application\/ld+json\" class=\"yoast-schema-graph\">{\"@context\":\"https:\/\/schema.org\",\"@graph\":[{\"@type\":\"WebPage\",\"@id\":\"https:\/\/pavidecor.si\/hr\/proizvod\/drveni-tepih-staza-ruzicasto-bijela-155x80cm\/\",\"url\":\"https:\/\/pavidecor.si\/hr\/proizvod\/drveni-tepih-staza-ruzicasto-bijela-155x80cm\/\",\"name\":\"Drveni tepih - staza ru\u017ei\u010dasto bijela - Ljepota drva u va\u0161em domu\",\"isPartOf\":{\"@id\":\"https:\/\/pavidecor.si\/hr\/#website\"},\"primaryImageOfPage\":{\"@id\":\"https:\/\/pavidecor.si\/hr\/proizvod\/drveni-tepih-staza-ruzicasto-bijela-155x80cm\/#primaryimage\"},\"image\":{\"@id\":\"https:\/\/pavidecor.si\/hr\/proizvod\/drveni-tepih-staza-ruzicasto-bijela-155x80cm\/#primaryimage\"},\"thumbnailUrl\":\"https:\/\/pavidecor.si\/wp-content\/uploads\/2024\/02\/1IMG_8614a-scaled.jpg\",\"datePublished\":\"2024-02-22T10:07:08+00:00\",\"dateModified\":\"2026-04-22T23:01:43+00:00\",\"description\":\"Drveni tepih - staza ru\u017ei\u010dasto bijela korisna je u zatvorenom prostoru, za za\u0161titu od hladno\u0107e ili skliskog tla. Jednostavan tepih za \u010di\u0161\u0107enje i odr\u017eavanje.\",\"breadcrumb\":{\"@id\":\"https:\/\/pavidecor.si\/hr\/proizvod\/drveni-tepih-staza-ruzicasto-bijela-155x80cm\/#breadcrumb\"},\"inLanguage\":\"hr\",\"potentialAction\":[{\"@type\":\"ReadAction\",\"target\":[\"https:\/\/pavidecor.si\/hr\/proizvod\/drveni-tepih-staza-ruzicasto-bijela-155x80cm\/\"]}]},{\"@type\":\"ImageObject\",\"inLanguage\":\"hr\",\"@id\":\"https:\/\/pavidecor.si\/hr\/proizvod\/drveni-tepih-staza-ruzicasto-bijela-155x80cm\/#primaryimage\",\"url\":\"https:\/\/pavidecor.si\/wp-content\/uploads\/2024\/02\/1IMG_8614a-scaled.jpg\",\"contentUrl\":\"https:\/\/pavidecor.si\/wp-content\/uploads\/2024\/02\/1IMG_8614a-scaled.jpg\",\"width\":2560,\"height\":2560,\"caption\":\"PAVI DECOR\"},{\"@type\":\"BreadcrumbList\",\"@id\":\"https:\/\/pavidecor.si\/hr\/proizvod\/drveni-tepih-staza-ruzicasto-bijela-155x80cm\/#breadcrumb\",\"itemListElement\":[{\"@type\":\"ListItem\",\"position\":1,\"name\":\"Domov\",\"item\":\"https:\/\/pavidecor.si\/hr\/\"},{\"@type\":\"ListItem\",\"position\":2,\"name\":\"Internetska trgovina\",\"item\":\"https:\/\/pavidecor.si\/hr\/internetska-trgovina\/\"},{\"@type\":\"ListItem\",\"position\":3,\"name\":\"Drveni tepih &#8211; staza ru\u017ei\u010dasto bijela 155x80cm\"}]},{\"@type\":\"WebSite\",\"@id\":\"https:\/\/pavidecor.si\/hr\/#website\",\"url\":\"https:\/\/pavidecor.si\/hr\/\",\"name\":\"Pavi Decor\",\"description\":\"Leseni unikati ustvarjeni iz ljubezni do lesa in narave.\",\"potentialAction\":[{\"@type\":\"SearchAction\",\"target\":{\"@type\":\"EntryPoint\",\"urlTemplate\":\"https:\/\/pavidecor.si\/hr\/?s={search_term_string}\"},\"query-input\":{\"@type\":\"PropertyValueSpecification\",\"valueRequired\":true,\"valueName\":\"search_term_string\"}}],\"inLanguage\":\"hr\"}]}<\/script>\n<!-- \/ Yoast SEO plugin. -->","yoast_head_json":{"title":"Drveni tepih - staza ru\u017ei\u010dasto bijela - Ljepota drva u va\u0161em domu","description":"Drveni tepih - staza ru\u017ei\u010dasto bijela korisna je u zatvorenom prostoru, za za\u0161titu od hladno\u0107e ili skliskog tla. Jednostavan tepih za \u010di\u0161\u0107enje i odr\u017eavanje.","robots":{"index":"index","follow":"follow","max-snippet":"max-snippet:-1","max-image-preview":"max-image-preview:large","max-video-preview":"max-video-preview:-1"},"canonical":"https:\/\/pavidecor.si\/hr\/proizvod\/drveni-tepih-staza-ruzicasto-bijela-155x80cm\/","og_locale":"hr_HR","og_type":"article","og_title":"Drveni tepih - staza ru\u017ei\u010dasto bijela - Ljepota drva u va\u0161em domu","og_description":"Drveni tepih - staza ru\u017ei\u010dasto bijela korisna je u zatvorenom prostoru, za za\u0161titu od hladno\u0107e ili skliskog tla. Jednostavan tepih za \u010di\u0161\u0107enje i odr\u017eavanje.","og_url":"https:\/\/pavidecor.si\/hr\/proizvod\/drveni-tepih-staza-ruzicasto-bijela-155x80cm\/","og_site_name":"Pavi Decor","article_modified_time":"2026-04-22T23:01:43+00:00","og_image":[{"width":2560,"height":2560,"url":"https:\/\/pavidecor.si\/wp-content\/uploads\/2024\/02\/1IMG_8614a-scaled.jpg","type":"image\/jpeg"}],"twitter_card":"summary_large_image","twitter_misc":{"Procijenjeno vrijeme \u010ditanja":"4 minute"},"schema":{"@context":"https:\/\/schema.org","@graph":[{"@type":"WebPage","@id":"https:\/\/pavidecor.si\/hr\/proizvod\/drveni-tepih-staza-ruzicasto-bijela-155x80cm\/","url":"https:\/\/pavidecor.si\/hr\/proizvod\/drveni-tepih-staza-ruzicasto-bijela-155x80cm\/","name":"Drveni tepih - staza ru\u017ei\u010dasto bijela - Ljepota drva u va\u0161em domu","isPartOf":{"@id":"https:\/\/pavidecor.si\/hr\/#website"},"primaryImageOfPage":{"@id":"https:\/\/pavidecor.si\/hr\/proizvod\/drveni-tepih-staza-ruzicasto-bijela-155x80cm\/#primaryimage"},"image":{"@id":"https:\/\/pavidecor.si\/hr\/proizvod\/drveni-tepih-staza-ruzicasto-bijela-155x80cm\/#primaryimage"},"thumbnailUrl":"https:\/\/pavidecor.si\/wp-content\/uploads\/2024\/02\/1IMG_8614a-scaled.jpg","datePublished":"2024-02-22T10:07:08+00:00","dateModified":"2026-04-22T23:01:43+00:00","description":"Drveni tepih - staza ru\u017ei\u010dasto bijela korisna je u zatvorenom prostoru, za za\u0161titu od hladno\u0107e ili skliskog tla. Jednostavan tepih za \u010di\u0161\u0107enje i odr\u017eavanje.","breadcrumb":{"@id":"https:\/\/pavidecor.si\/hr\/proizvod\/drveni-tepih-staza-ruzicasto-bijela-155x80cm\/#breadcrumb"},"inLanguage":"hr","potentialAction":[{"@type":"ReadAction","target":["https:\/\/pavidecor.si\/hr\/proizvod\/drveni-tepih-staza-ruzicasto-bijela-155x80cm\/"]}]},{"@type":"ImageObject","inLanguage":"hr","@id":"https:\/\/pavidecor.si\/hr\/proizvod\/drveni-tepih-staza-ruzicasto-bijela-155x80cm\/#primaryimage","url":"https:\/\/pavidecor.si\/wp-content\/uploads\/2024\/02\/1IMG_8614a-scaled.jpg","contentUrl":"https:\/\/pavidecor.si\/wp-content\/uploads\/2024\/02\/1IMG_8614a-scaled.jpg","width":2560,"height":2560,"caption":"PAVI DECOR"},{"@type":"BreadcrumbList","@id":"https:\/\/pavidecor.si\/hr\/proizvod\/drveni-tepih-staza-ruzicasto-bijela-155x80cm\/#breadcrumb","itemListElement":[{"@type":"ListItem","position":1,"name":"Domov","item":"https:\/\/pavidecor.si\/hr\/"},{"@type":"ListItem","position":2,"name":"Internetska trgovina","item":"https:\/\/pavidecor.si\/hr\/internetska-trgovina\/"},{"@type":"ListItem","position":3,"name":"Drveni tepih &#8211; staza ru\u017ei\u010dasto bijela 155x80cm"}]},{"@type":"WebSite","@id":"https:\/\/pavidecor.si\/hr\/#website","url":"https:\/\/pavidecor.si\/hr\/","name":"Pavi Decor","description":"Leseni unikati ustvarjeni iz ljubezni do lesa in narave.","potentialAction":[{"@type":"SearchAction","target":{"@type":"EntryPoint","urlTemplate":"https:\/\/pavidecor.si\/hr\/?s={search_term_string}"},"query-input":{"@type":"PropertyValueSpecification","valueRequired":true,"valueName":"search_term_string"}}],"inLanguage":"hr"}]}},"_links":{"self":[{"href":"https:\/\/pavidecor.si\/hr\/wp-json\/wp\/v2\/product\/19682","targetHints":{"allow":["GET"]}}],"collection":[{"href":"https:\/\/pavidecor.si\/hr\/wp-json\/wp\/v2\/product"}],"about":[{"href":"https:\/\/pavidecor.si\/hr\/wp-json\/wp\/v2\/types\/product"}],"replies":[{"embeddable":true,"href":"https:\/\/pavidecor.si\/hr\/wp-json\/wp\/v2\/comments?post=19682"}],"wp:featuredmedia":[{"embeddable":true,"href":"https:\/\/pavidecor.si\/hr\/wp-json\/wp\/v2\/media\/19683"}],"wp:attachment":[{"href":"https:\/\/pavidecor.si\/hr\/wp-json\/wp\/v2\/media?parent=19682"}],"wp:term":[{"taxonomy":"product_brand","embeddable":true,"href":"https:\/\/pavidecor.si\/hr\/wp-json\/wp\/v2\/product_brand?post=19682"},{"taxonomy":"product_cat","embeddable":true,"href":"https:\/\/pavidecor.si\/hr\/wp-json\/wp\/v2\/product_cat?post=19682"},{"taxonomy":"product_tag","embeddable":true,"href":"https:\/\/pavidecor.si\/hr\/wp-json\/wp\/v2\/product_tag?post=19682"}],"curies":[{"name":"wp","href":"https:\/\/api.w.org\/{rel}","templated":true}]}}