	{"id":19599,"date":"2024-03-07T09:44:59","date_gmt":"2024-03-07T09:44:59","guid":{"rendered":"https:\/\/pavidecor.si\/product\/tekstilna-kosara-za-kruh-tockice-fi20x12cm\/"},"modified":"2026-05-03T08:01:51","modified_gmt":"2026-05-03T08:01:51","slug":"tekstilna-kosara-za-kruh-tockice-fi20x12cm","status":"publish","type":"product","link":"https:\/\/pavidecor.si\/hr\/proizvod\/tekstilna-kosara-za-kruh-tockice-fi20x12cm\/","title":{"rendered":"Tekstilna ko\u0161ara za kruh to\u010dkice fi20x12cm"},"content":{"rendered":"<p><span class=\"prvimanjsinaslovopis\"> Tekstilna ko\u0161ara za kruh &#8211; Prakti\u010dnost i elegancija u jednom<\/span><\/p>\n<p>&nbsp;<\/p>\n<h2><span class=\"odebeljenopis\"><strong> Otkrijte na\u0161u tekstilnu ko\u0161aru za kruh, savr\u0161eni dodatak za svaku kuhinju ili blagovaonicu. Ova moderna ko\u0161arica ne samo da je funkcionalna, ve\u0107 i estetski privla\u010dna, omogu\u0107uju\u0107i vam da s lako\u0107om poslu\u017eite kruh i peciva. Izra\u0111ena od potpuno prirodnih materijala, idealna je za sve prostore, uklju\u010duju\u0107i barke i kamp-prikolice.<\/strong><\/span><\/h2>\n<p>&nbsp;<\/p>\n<div class=\"row\">\n<div class=\"col-sm-6 \" style=\"margin-top: 30px;\"><center><img decoding=\"async\" class=\"lazyload img-responsive\" style=\"margin: 0px auto; max-width: 100%;\" src=\"data:image\/svg+xml,%3Csvg%20xmlns%3D%27http%3A%2F%2Fwww.w3.org%2F2000%2Fsvg%27%20width%3D%272048%27%20height%3D%272048%27%20viewBox%3D%270%200%202048%202048%27%3E%3Crect%20width%3D%272048%27%20height%3D%272048%27%20fill-opacity%3D%220%22%2F%3E%3C%2Fsvg%3E\" data-orig-src=\"https:\/\/pavidecor.si\/wp-content\/uploads\/2024\/03\/1IMG_7928a.jpg\" \/><\/center><\/div>\n<div class=\"col-sm-6\" style=\"margin-top: 40px;\">\n<p>&nbsp;<\/p>\n<h3>Jedinstvena ru\u010dna izrada<\/h3>\n<p>Na\u0161a tekstilna ko\u0161ara za kruh rezultat je strasti prema drvetu i prirodi, koja je vodilo u dizajnu i izradi svih na\u0161ih unikatnih proizvoda u PAVI DECOR-u iz Ljubljane. Svaka ko\u0161ara je ru\u010dno izra\u0111ena, s pa\u017enjom na detalje i tradicionalnim tehnikama spajanja drvenih dijelova, \u0161to joj daje <b>autenti\u010dan izgled<\/b> i osje\u0107aj. Ova ko\u0161ara nije samo funkcionalan predmet, ve\u0107 i pravi mali umjetni\u010dki komad koji \u0107e obogatiti svaki stol.<\/p>\n<p>&nbsp;<\/p>\n<p>Na\u0161a ko\u0161arica se lako sklapa u ravnu povr\u0161inu, \u0161to je \u010dini idealnom za pohranu u malim prostorima. Bez obzira jeste li na putu ili u\u017eivate u obroku kod ku\u0107e, ova ko\u0161arica \u0107e vam olak\u0161ati poslu\u017eivanje. Osim toga, <strong>lako se odr\u017eava<\/strong>, jer se mo\u017ee prati u perilici posu\u0111a, \u010dime osiguravate da \u0107e uvijek izgledati savr\u0161eno.<\/p>\n<p>&nbsp;<\/p>\n<\/div>\n<\/div>\n<div class=\"row\">\n<div class=\"col-sm-6 col-sm-push-6\" style=\"margin-top: 30px;\"><center><img decoding=\"async\" class=\"lazyload img-responsive\" style=\"margin: 0px auto; max-width: 100%;\" src=\"data:image\/svg+xml,%3Csvg%20xmlns%3D%27http%3A%2F%2Fwww.w3.org%2F2000%2Fsvg%27%20width%3D%272018%27%20height%3D%272018%27%20viewBox%3D%270%200%202018%202018%27%3E%3Crect%20width%3D%272018%27%20height%3D%272018%27%20fill-opacity%3D%220%22%2F%3E%3C%2Fsvg%3E\" data-orig-src=\" https:\/\/pavidecor.si\/wp-content\/uploads\/2024\/03\/2IMG_7929a.jpg\" \/><\/center><\/div>\n<div class=\"col-sm-6 col-sm-pull-6\" style=\"margin-top: 40px;\">\n<p>&nbsp;<\/p>\n<h3>Prakti\u010dnost i svestranost<\/h3>\n<p>Tekstilna ko\u0161ara za kruh savr\u0161ena je za sve prilike. Bilo da organizirate obiteljski ru\u010dak, piknik ili ve\u010deru s prijateljima, ova ko\u0161ara \u0107e dodati da\u0161ak elegancije va\u0161em stolu. Dostupna je u raznim <b>boji i motivima<\/b>, \u0161to omogu\u0107uje uskla\u0111ivanje s razli\u010ditim stilovima postavljanja stola.<\/p>\n<p>&nbsp;<\/p>\n<p>Osim \u0161to je idealna za kruh, mo\u017ee se koristiti i za poslu\u017eivanje peciva, vo\u0107a ili \u010dak kao dekorativni element u va\u0161em domu. Njena svestranost \u010dini je neizostavnim dijelom svake kuhinje. U\u017eivajte u <strong>jednostavnosti i funkcionalnosti<\/strong> koju nudi na\u0161a ko\u0161arica, koja \u0107e zasigurno postati omiljeni dodatak va\u0161em ku\u0107anstvu.<\/p>\n<p>&nbsp;<\/p>\n<\/div>\n<\/div>\n<div class=\"row\">\n<div class=\"col-sm-6\" style=\"margin-top: 30px;\"><center><img decoding=\"async\" class=\"lazyload img-responsive\" style=\"margin: 0px auto; max-width: 100%;\" src=\"data:image\/svg+xml,%3Csvg%20xmlns%3D%27http%3A%2F%2Fwww.w3.org%2F2000%2Fsvg%27%20width%3D%272560%27%20height%3D%272560%27%20viewBox%3D%270%200%202560%202560%27%3E%3Crect%20width%3D%272560%27%20height%3D%272560%27%20fill-opacity%3D%220%22%2F%3E%3C%2Fsvg%3E\" data-orig-src=\" https:\/\/pavidecor.si\/wp-content\/uploads\/2022\/03\/Tekstilna-kosarica-za-kruh-3-scaled.jpg\" \/><\/center><\/div>\n<div class=\"col-sm-6\" style=\"margin-top: 40px;\">\n<p>&nbsp;<\/p>\n<h3>Specifikacije proizvoda<\/h3>\n<p>Na\u0161a tekstilna ko\u0161ara za kruh izra\u0111ena je od potpuno prirodnih materijala, \u0161to je \u010dini ekolo\u0161kim izborom za va\u0161u kuhinju. Dimenzije ko\u0161are su prilago\u0111ene za lako poslu\u017eivanje, a njena <strong>mogu\u0107nost sklapanja<\/strong> omogu\u0107uje jednostavno pohranjivanje.<\/p>\n<p>&nbsp;<\/p>\n<p>Ko\u0161arica se mo\u017ee prati u perilici rublja, \u0161to olak\u0161ava odr\u017eavanje. Dostupna je u razli\u010ditim bojama i motivima, \u0161to je \u010dini<strong> savr\u0161enim dodatkom<\/strong> za svaki stil blagovanja. U na\u0161oj trgovini PAVI DECOR mo\u017eete prona\u0107i i druge unikatne proizvode koji \u0107e obogatiti va\u0161 dom.<\/p>\n<p>&nbsp;<\/p>\n<\/div>\n<\/div>\n<p>&nbsp;<\/p>\n","protected":false},"excerpt":{"rendered":"<p><strong><span style=\"color: #c4963c;\">\u2192 Prirodni materijali<br \/>\n<\/span><span style=\"color: #c4963c;\">\u2192 Lako sklopiva<\/span><\/strong><\/p>\n","protected":false},"featured_media":19603,"comment_status":"open","ping_status":"closed","template":"","meta":[],"product_brand":[],"product_cat":[313,269,304],"product_tag":[218],"class_list":{"0":"post-19599","1":"product","2":"type-product","3":"status-publish","4":"has-post-thumbnail","6":"product_cat-kosare-hr","7":"product_cat-oprema-za-trgovine-i-konobe","8":"product_cat-posude","9":"product_tag-nov","11":"first","12":"instock","13":"taxable","14":"shipping-taxable","15":"purchasable","16":"product-type-simple"},"yoast_head":"<!-- This site is optimized with the Yoast SEO plugin v27.2 - https:\/\/yoast.com\/product\/yoast-seo-wordpress\/ -->\n<title>Tekstilna ko\u0161arica za kruh - Prakti\u010dnost i elegancija u jednom<\/title>\n<meta name=\"description\" content=\"Tekstilna ko\u0161ara za kruh izra\u0111ena je od potpuno prirodnih materijala. Radi lak\u0161eg skladi\u0161tenja, preklopi se ravno i pere u perilici rublja.\" \/>\n<meta name=\"robots\" content=\"index, follow, max-snippet:-1, max-image-preview:large, max-video-preview:-1\" \/>\n<link rel=\"canonical\" href=\"https:\/\/pavidecor.si\/hr\/proizvod\/tekstilna-kosara-za-kruh-tockice-fi20x12cm\/\" \/>\n<meta property=\"og:locale\" content=\"hr_HR\" \/>\n<meta property=\"og:type\" content=\"article\" \/>\n<meta property=\"og:title\" content=\"Tekstilna ko\u0161arica za kruh - Prakti\u010dnost i elegancija u jednom\" \/>\n<meta property=\"og:description\" content=\"Tekstilna ko\u0161ara za kruh izra\u0111ena je od potpuno prirodnih materijala. Radi lak\u0161eg skladi\u0161tenja, preklopi se ravno i pere u perilici rublja.\" \/>\n<meta property=\"og:url\" content=\"https:\/\/pavidecor.si\/hr\/proizvod\/tekstilna-kosara-za-kruh-tockice-fi20x12cm\/\" \/>\n<meta property=\"og:site_name\" content=\"Pavi Decor\" \/>\n<meta property=\"article:modified_time\" content=\"2026-05-03T08:01:51+00:00\" \/>\n<meta property=\"og:image\" content=\"https:\/\/pavidecor.si\/wp-content\/uploads\/2024\/03\/1IMG_7928a.jpg\" \/>\n\t<meta property=\"og:image:width\" content=\"2048\" \/>\n\t<meta property=\"og:image:height\" content=\"2048\" \/>\n\t<meta property=\"og:image:type\" content=\"image\/jpeg\" \/>\n<meta name=\"twitter:card\" content=\"summary_large_image\" \/>\n<meta name=\"twitter:label1\" content=\"Procijenjeno vrijeme \u010ditanja\" \/>\n\t<meta name=\"twitter:data1\" content=\"3 minute\" \/>\n<script type=\"application\/ld+json\" class=\"yoast-schema-graph\">{\"@context\":\"https:\/\/schema.org\",\"@graph\":[{\"@type\":\"WebPage\",\"@id\":\"https:\/\/pavidecor.si\/hr\/proizvod\/tekstilna-kosara-za-kruh-tockice-fi20x12cm\/\",\"url\":\"https:\/\/pavidecor.si\/hr\/proizvod\/tekstilna-kosara-za-kruh-tockice-fi20x12cm\/\",\"name\":\"Tekstilna ko\u0161arica za kruh - Prakti\u010dnost i elegancija u jednom\",\"isPartOf\":{\"@id\":\"https:\/\/pavidecor.si\/hr\/#website\"},\"primaryImageOfPage\":{\"@id\":\"https:\/\/pavidecor.si\/hr\/proizvod\/tekstilna-kosara-za-kruh-tockice-fi20x12cm\/#primaryimage\"},\"image\":{\"@id\":\"https:\/\/pavidecor.si\/hr\/proizvod\/tekstilna-kosara-za-kruh-tockice-fi20x12cm\/#primaryimage\"},\"thumbnailUrl\":\"https:\/\/pavidecor.si\/wp-content\/uploads\/2024\/03\/1IMG_7928a.jpg\",\"datePublished\":\"2024-03-07T09:44:59+00:00\",\"dateModified\":\"2026-05-03T08:01:51+00:00\",\"description\":\"Tekstilna ko\u0161ara za kruh izra\u0111ena je od potpuno prirodnih materijala. Radi lak\u0161eg skladi\u0161tenja, preklopi se ravno i pere u perilici rublja.\",\"breadcrumb\":{\"@id\":\"https:\/\/pavidecor.si\/hr\/proizvod\/tekstilna-kosara-za-kruh-tockice-fi20x12cm\/#breadcrumb\"},\"inLanguage\":\"hr\",\"potentialAction\":[{\"@type\":\"ReadAction\",\"target\":[\"https:\/\/pavidecor.si\/hr\/proizvod\/tekstilna-kosara-za-kruh-tockice-fi20x12cm\/\"]}]},{\"@type\":\"ImageObject\",\"inLanguage\":\"hr\",\"@id\":\"https:\/\/pavidecor.si\/hr\/proizvod\/tekstilna-kosara-za-kruh-tockice-fi20x12cm\/#primaryimage\",\"url\":\"https:\/\/pavidecor.si\/wp-content\/uploads\/2024\/03\/1IMG_7928a.jpg\",\"contentUrl\":\"https:\/\/pavidecor.si\/wp-content\/uploads\/2024\/03\/1IMG_7928a.jpg\",\"width\":2048,\"height\":2048,\"caption\":\"PAVI DECOR\"},{\"@type\":\"BreadcrumbList\",\"@id\":\"https:\/\/pavidecor.si\/hr\/proizvod\/tekstilna-kosara-za-kruh-tockice-fi20x12cm\/#breadcrumb\",\"itemListElement\":[{\"@type\":\"ListItem\",\"position\":1,\"name\":\"Domov\",\"item\":\"https:\/\/pavidecor.si\/hr\/\"},{\"@type\":\"ListItem\",\"position\":2,\"name\":\"Internetska trgovina\",\"item\":\"https:\/\/pavidecor.si\/hr\/internetska-trgovina\/\"},{\"@type\":\"ListItem\",\"position\":3,\"name\":\"Tekstilna ko\u0161ara za kruh to\u010dkice fi20x12cm\"}]},{\"@type\":\"WebSite\",\"@id\":\"https:\/\/pavidecor.si\/hr\/#website\",\"url\":\"https:\/\/pavidecor.si\/hr\/\",\"name\":\"Pavi Decor\",\"description\":\"Leseni unikati ustvarjeni iz ljubezni do lesa in narave.\",\"potentialAction\":[{\"@type\":\"SearchAction\",\"target\":{\"@type\":\"EntryPoint\",\"urlTemplate\":\"https:\/\/pavidecor.si\/hr\/?s={search_term_string}\"},\"query-input\":{\"@type\":\"PropertyValueSpecification\",\"valueRequired\":true,\"valueName\":\"search_term_string\"}}],\"inLanguage\":\"hr\"}]}<\/script>\n<!-- \/ Yoast SEO plugin. -->","yoast_head_json":{"title":"Tekstilna ko\u0161arica za kruh - Prakti\u010dnost i elegancija u jednom","description":"Tekstilna ko\u0161ara za kruh izra\u0111ena je od potpuno prirodnih materijala. Radi lak\u0161eg skladi\u0161tenja, preklopi se ravno i pere u perilici rublja.","robots":{"index":"index","follow":"follow","max-snippet":"max-snippet:-1","max-image-preview":"max-image-preview:large","max-video-preview":"max-video-preview:-1"},"canonical":"https:\/\/pavidecor.si\/hr\/proizvod\/tekstilna-kosara-za-kruh-tockice-fi20x12cm\/","og_locale":"hr_HR","og_type":"article","og_title":"Tekstilna ko\u0161arica za kruh - Prakti\u010dnost i elegancija u jednom","og_description":"Tekstilna ko\u0161ara za kruh izra\u0111ena je od potpuno prirodnih materijala. Radi lak\u0161eg skladi\u0161tenja, preklopi se ravno i pere u perilici rublja.","og_url":"https:\/\/pavidecor.si\/hr\/proizvod\/tekstilna-kosara-za-kruh-tockice-fi20x12cm\/","og_site_name":"Pavi Decor","article_modified_time":"2026-05-03T08:01:51+00:00","og_image":[{"width":2048,"height":2048,"url":"https:\/\/pavidecor.si\/wp-content\/uploads\/2024\/03\/1IMG_7928a.jpg","type":"image\/jpeg"}],"twitter_card":"summary_large_image","twitter_misc":{"Procijenjeno vrijeme \u010ditanja":"3 minute"},"schema":{"@context":"https:\/\/schema.org","@graph":[{"@type":"WebPage","@id":"https:\/\/pavidecor.si\/hr\/proizvod\/tekstilna-kosara-za-kruh-tockice-fi20x12cm\/","url":"https:\/\/pavidecor.si\/hr\/proizvod\/tekstilna-kosara-za-kruh-tockice-fi20x12cm\/","name":"Tekstilna ko\u0161arica za kruh - Prakti\u010dnost i elegancija u jednom","isPartOf":{"@id":"https:\/\/pavidecor.si\/hr\/#website"},"primaryImageOfPage":{"@id":"https:\/\/pavidecor.si\/hr\/proizvod\/tekstilna-kosara-za-kruh-tockice-fi20x12cm\/#primaryimage"},"image":{"@id":"https:\/\/pavidecor.si\/hr\/proizvod\/tekstilna-kosara-za-kruh-tockice-fi20x12cm\/#primaryimage"},"thumbnailUrl":"https:\/\/pavidecor.si\/wp-content\/uploads\/2024\/03\/1IMG_7928a.jpg","datePublished":"2024-03-07T09:44:59+00:00","dateModified":"2026-05-03T08:01:51+00:00","description":"Tekstilna ko\u0161ara za kruh izra\u0111ena je od potpuno prirodnih materijala. Radi lak\u0161eg skladi\u0161tenja, preklopi se ravno i pere u perilici rublja.","breadcrumb":{"@id":"https:\/\/pavidecor.si\/hr\/proizvod\/tekstilna-kosara-za-kruh-tockice-fi20x12cm\/#breadcrumb"},"inLanguage":"hr","potentialAction":[{"@type":"ReadAction","target":["https:\/\/pavidecor.si\/hr\/proizvod\/tekstilna-kosara-za-kruh-tockice-fi20x12cm\/"]}]},{"@type":"ImageObject","inLanguage":"hr","@id":"https:\/\/pavidecor.si\/hr\/proizvod\/tekstilna-kosara-za-kruh-tockice-fi20x12cm\/#primaryimage","url":"https:\/\/pavidecor.si\/wp-content\/uploads\/2024\/03\/1IMG_7928a.jpg","contentUrl":"https:\/\/pavidecor.si\/wp-content\/uploads\/2024\/03\/1IMG_7928a.jpg","width":2048,"height":2048,"caption":"PAVI DECOR"},{"@type":"BreadcrumbList","@id":"https:\/\/pavidecor.si\/hr\/proizvod\/tekstilna-kosara-za-kruh-tockice-fi20x12cm\/#breadcrumb","itemListElement":[{"@type":"ListItem","position":1,"name":"Domov","item":"https:\/\/pavidecor.si\/hr\/"},{"@type":"ListItem","position":2,"name":"Internetska trgovina","item":"https:\/\/pavidecor.si\/hr\/internetska-trgovina\/"},{"@type":"ListItem","position":3,"name":"Tekstilna ko\u0161ara za kruh to\u010dkice fi20x12cm"}]},{"@type":"WebSite","@id":"https:\/\/pavidecor.si\/hr\/#website","url":"https:\/\/pavidecor.si\/hr\/","name":"Pavi Decor","description":"Leseni unikati ustvarjeni iz ljubezni do lesa in narave.","potentialAction":[{"@type":"SearchAction","target":{"@type":"EntryPoint","urlTemplate":"https:\/\/pavidecor.si\/hr\/?s={search_term_string}"},"query-input":{"@type":"PropertyValueSpecification","valueRequired":true,"valueName":"search_term_string"}}],"inLanguage":"hr"}]}},"_links":{"self":[{"href":"https:\/\/pavidecor.si\/hr\/wp-json\/wp\/v2\/product\/19599","targetHints":{"allow":["GET"]}}],"collection":[{"href":"https:\/\/pavidecor.si\/hr\/wp-json\/wp\/v2\/product"}],"about":[{"href":"https:\/\/pavidecor.si\/hr\/wp-json\/wp\/v2\/types\/product"}],"replies":[{"embeddable":true,"href":"https:\/\/pavidecor.si\/hr\/wp-json\/wp\/v2\/comments?post=19599"}],"wp:featuredmedia":[{"embeddable":true,"href":"https:\/\/pavidecor.si\/hr\/wp-json\/wp\/v2\/media\/19603"}],"wp:attachment":[{"href":"https:\/\/pavidecor.si\/hr\/wp-json\/wp\/v2\/media?parent=19599"}],"wp:term":[{"taxonomy":"product_brand","embeddable":true,"href":"https:\/\/pavidecor.si\/hr\/wp-json\/wp\/v2\/product_brand?post=19599"},{"taxonomy":"product_cat","embeddable":true,"href":"https:\/\/pavidecor.si\/hr\/wp-json\/wp\/v2\/product_cat?post=19599"},{"taxonomy":"product_tag","embeddable":true,"href":"https:\/\/pavidecor.si\/hr\/wp-json\/wp\/v2\/product_tag?post=19599"}],"curies":[{"name":"wp","href":"https:\/\/api.w.org\/{rel}","templated":true}]}}