	{"id":19479,"date":"2024-07-10T09:05:25","date_gmt":"2024-07-10T09:05:25","guid":{"rendered":"https:\/\/pavidecor.si\/product\/drveni-tepih-trkac-plavo-bijeli-155x80cm\/"},"modified":"2026-04-28T11:19:52","modified_gmt":"2026-04-28T11:19:52","slug":"drvena-staza-tepih-plavo-bijeli-155x80cm","status":"publish","type":"product","link":"https:\/\/pavidecor.si\/hr\/proizvod\/drvena-staza-tepih-plavo-bijeli-155x80cm\/","title":{"rendered":"Drvena staza &#8211; tepih plavo bijeli 155x80cm"},"content":{"rendered":"<p><span class=\"prvimanjsinaslovopis\">Drvena staza &#8211; tepih plavo bijeli | Prirodna ljepota u va\u0161em domu &#8211; Dimenzije 155x80x2cm<\/span><\/p>\n<p>&nbsp;<\/p>\n<h2><span class=\"odebeljenopis\"><strong><br \/>\nU\u017eivajte u prirodnim ljepotama s na\u0161om drvenom stazom &#8211; tepihom u plavo-bijelim tonovima. Ovaj jedinstveni proizvod iz PAVI DECOR-a iz Ljubljane savr\u0161eno se uklapa u svaki interijer, donose\u0107i toplinu i autenti\u010dnost drva u va\u0161 dom. Ru\u010dno izra\u0111ena drvena staza &#8211; tepih odra\u017eava ljubav prema prirodi i tradiciji.<\/strong><\/span><\/h2>\n<p>&nbsp;<\/p>\n<div class=\"row\">\n<div class=\"col-sm-6 \" style=\"margin-top: 30px;\"><center><img decoding=\"async\" class=\"lazyload img-responsive\" style=\"margin: 0px auto; max-width: 100%;\" src=\"data:image\/svg+xml,%3Csvg%20xmlns%3D%27http%3A%2F%2Fwww.w3.org%2F2000%2Fsvg%27%20width%3D%272560%27%20height%3D%272560%27%20viewBox%3D%270%200%202560%202560%27%3E%3Crect%20width%3D%272560%27%20height%3D%272560%27%20fill-opacity%3D%220%22%2F%3E%3C%2Fsvg%3E\" data-orig-src=\"https:\/\/pavidecor.si\/wp-content\/uploads\/2024\/07\/1IMG_8823a-scaled.jpg\" \/><\/center><\/div>\n<div class=\"col-sm-6\" style=\"margin-top: 40px;\">\n<p>&nbsp;<\/p>\n<h3>Jedinstvena ru\u010dna izrada<\/h3>\n<p>Na\u0161a drvena staza &#8211; tepih plavo-bijeli nije samo obi\u010dan tepih; to je rezultat strasti i posve\u0107enosti na\u0161eg tima u PAVI DECOR-u. Svaki komad izra\u0111en je ru\u010dno, koriste\u0107i tradicionalne tehnike spajanja drvenih dijelova, \u0161to mu daje <b>autenti\u010dan izgled<\/b> i osje\u0107aj. Ova drvena staza je savr\u0161ena za unutarnje prostore poput spava\u0107ih soba, blagovaonica, zimskih vrtova, balkona ili pokrivenih terasa. Njena svestranost omogu\u0107ava vam da je postavite na sve vrste podloga. Mo\u017ee se postaviti na tvrde povr\u0161ine poput plo\u010dica i betona ili meke povr\u0161ine poput tepiha i tepiha.<\/p>\n<p>&nbsp;<\/p>\n<p>Osim \u0161to je estetski privla\u010dna, drvena staza &#8211; tepih tako\u0111er pru\u017ea <b>za\u0161titu od hladno\u0107e, vla\u017enosti i klizavih povr\u0161ina<\/b>. Idealna je kao podloga za le\u017eanje, u hodnicima ili pred ulazima u stanove i poslovne prostore. Njena jednostavna odr\u017eivost \u010dini je prakti\u010dnim izborom za svaki dom, jer se lako \u010disti &#8211; jednostavno ju je pomesti. Stvarno je nije te\u0161ko odr\u017eavati u savr\u0161enom stanju.<\/p>\n<p>&nbsp;<\/p>\n<\/div>\n<\/div>\n<div class=\"row\">\n<div class=\"col-sm-6 col-sm-push-6\" style=\"margin-top: 30px;\"><center><img decoding=\"async\" class=\"lazyload img-responsive\" style=\"margin: 0px auto; max-width: 100%;\" src=\"data:image\/svg+xml,%3Csvg%20xmlns%3D%27http%3A%2F%2Fwww.w3.org%2F2000%2Fsvg%27%20width%3D%272560%27%20height%3D%272560%27%20viewBox%3D%270%200%202560%202560%27%3E%3Crect%20width%3D%272560%27%20height%3D%272560%27%20fill-opacity%3D%220%22%2F%3E%3C%2Fsvg%3E\" data-orig-src=\" https:\/\/pavidecor.si\/wp-content\/uploads\/2024\/07\/2IMG_8826a-scaled.jpg\" \/><\/center><\/div>\n<div class=\"col-sm-6 col-sm-pull-6\" style=\"margin-top: 40px;\">\n<p>&nbsp;<\/p>\n<h3>Ekolo\u0161ki prihvatljiv materijal<\/h3>\n<p>Na\u0161a drvena staza izra\u0111ena je od <b>crnogori\u010dnog drva<\/b>, koje ne ostavlja crne mrlje od tanina, \u010dime se osigurava dugotrajnost i o\u010duvanje estetskog izgleda. Ova ekolo\u0161ki prihvatljiva staza dolazi sa za\u0161titnom bojom koja dodatno produ\u017eava njenu otpornost na vanjske utjecaje. U PAVI DECOR-u vjerujemo u odr\u017eivost i odgovornost prema prirodi, stoga su svi na\u0161i proizvodi rezultat pa\u017eljivog odabira materijala i procesa izrade.<\/p>\n<p>&nbsp;<\/p>\n<p>Osim \u0161to je funkcionalna, drvena staza &#8211; tepih tako\u0111er mo\u017ee poslu\u017eiti kao dekorativni element u va\u0161em domu. Njena plavo-bijela kombinacija boja donosi svje\u017einu i harmoniju, stvaraju\u0107i ugodnu atmosferu. Mo\u017eete je koristiti kao podlogu za razli\u010dite aktivnosti, a njena fleksibilnost omogu\u0107ava lako skladi\u0161tenje &#8211; jednostavno je mo\u017eete <strong>smotati u rolu<\/strong> kada je ne koristite.<\/p>\n<p>&nbsp;<\/p>\n<\/div>\n<\/div>\n<div class=\"row\">\n<div class=\"col-sm-6\" style=\"margin-top: 30px;\"><center><img decoding=\"async\" class=\"lazyload img-responsive\" style=\"margin: 0px auto; max-width: 100%;\" src=\"data:image\/svg+xml,%3Csvg%20xmlns%3D%27http%3A%2F%2Fwww.w3.org%2F2000%2Fsvg%27%20width%3D%271690%27%20height%3D%271690%27%20viewBox%3D%270%200%201690%201690%27%3E%3Crect%20width%3D%271690%27%20height%3D%271690%27%20fill-opacity%3D%220%22%2F%3E%3C%2Fsvg%3E\" data-orig-src=\" https:\/\/pavidecor.si\/wp-content\/uploads\/2024\/07\/3IMG_8825.jpg\" \/><\/center><\/div>\n<div class=\"col-sm-6\" style=\"margin-top: 40px;\">\n<p>&nbsp;<\/p>\n<h3>Specifikacije i primjena<\/h3>\n<p>Drvena staza &#8211; tepih plavo-bijeli sastoji se od pojedina\u010dnih letvica povezanih konopcem, \u0161to omogu\u0107ava lako savijanje i skladi\u0161tenje. Ovaj proizvod je idealan za sve koji tra\u017ee <b>prakti\u010dno i estetski privla\u010dno rje\u0161enje<\/b> za svoj dom. Mo\u017eete je koristiti u razli\u010ditim prostorima, od hodnika do terasa, a njena otpornost na vlagu \u010dini je savr\u0161enim izborom za vanjske prostore.<\/p>\n<p>&nbsp;<\/p>\n<p>Neobradeni tepih mo\u017eete vidjeti i na na\u0161oj <a href=\"https:\/\/pavidecor.si\/hr\/projects\/plaza-na-krku\/\"><strong><span style=\"color: #3366ff;\">pla\u017ei na Krku<\/span><\/strong><\/a>, kao i u na\u0161em pla\u017enom baru, gdje dodatno nagla\u0161ava prirodnu ljepotu okru\u017eenja. U PAVI DECOR-u ponosni smo na na\u0161u tradiciju ru\u010dne izrade i ljubav prema drvetu, \u0161to se odra\u017eava u svakom na\u0161em proizvodu. Posjetite nas i otkrijte kako drvena staza mo\u017ee obogatiti va\u0161 prostor.<\/p>\n<p>&nbsp;<\/p>\n<\/div>\n<\/div>\n<p>&nbsp;<\/p>\n","protected":false},"excerpt":{"rendered":"<p><strong><span style=\"color: #c4963c;\">\u2192 Rukotvorine<br \/>\n<\/span><span style=\"color: #c4963c;\">\u2192 Crnogori\u010dno drvo<\/span><\/strong><\/p>\n","protected":false},"featured_media":19482,"comment_status":"open","ping_status":"closed","template":"","meta":[],"product_brand":[],"product_cat":[375,361],"product_tag":[218],"class_list":{"0":"post-19479","1":"product","2":"type-product","3":"status-publish","4":"has-post-thumbnail","6":"product_cat-tepisi","7":"product_cat-tepisi-i-otiraci","8":"product_tag-nov","10":"first","11":"instock","12":"taxable","13":"shipping-taxable","14":"purchasable","15":"product-type-simple"},"yoast_head":"<!-- This site is optimized with the Yoast SEO plugin v27.2 - https:\/\/yoast.com\/product\/yoast-seo-wordpress\/ -->\n<title>Drvena staza - tepih plavo bijeli | Prirodna ljepota u va\u0161em domu<\/title>\n<meta name=\"description\" content=\"Drvena staza - tepih plavo bijeli koristan je u zatvorenom prostoru, za za\u0161titu od hladno\u0107e ili skliskog tla. Jednostavan tepih za \u010di\u0161\u0107enje i odr\u017eavanje.\" \/>\n<meta name=\"robots\" content=\"index, follow, max-snippet:-1, max-image-preview:large, max-video-preview:-1\" \/>\n<link rel=\"canonical\" href=\"https:\/\/pavidecor.si\/hr\/proizvod\/drvena-staza-tepih-plavo-bijeli-155x80cm\/\" \/>\n<meta property=\"og:locale\" content=\"hr_HR\" \/>\n<meta property=\"og:type\" content=\"article\" \/>\n<meta property=\"og:title\" content=\"Drvena staza - tepih plavo bijeli | Prirodna ljepota u va\u0161em domu\" \/>\n<meta property=\"og:description\" content=\"Drvena staza - tepih plavo bijeli koristan je u zatvorenom prostoru, za za\u0161titu od hladno\u0107e ili skliskog tla. Jednostavan tepih za \u010di\u0161\u0107enje i odr\u017eavanje.\" \/>\n<meta property=\"og:url\" content=\"https:\/\/pavidecor.si\/hr\/proizvod\/drvena-staza-tepih-plavo-bijeli-155x80cm\/\" \/>\n<meta property=\"og:site_name\" content=\"Pavi Decor\" \/>\n<meta property=\"article:modified_time\" content=\"2026-04-28T11:19:52+00:00\" \/>\n<meta property=\"og:image\" content=\"https:\/\/pavidecor.si\/wp-content\/uploads\/2024\/07\/1IMG_8823a-scaled.jpg\" \/>\n\t<meta property=\"og:image:width\" content=\"2560\" \/>\n\t<meta property=\"og:image:height\" content=\"2560\" \/>\n\t<meta property=\"og:image:type\" content=\"image\/jpeg\" \/>\n<meta name=\"twitter:card\" content=\"summary_large_image\" \/>\n<meta name=\"twitter:label1\" content=\"Procijenjeno vrijeme \u010ditanja\" \/>\n\t<meta name=\"twitter:data1\" content=\"4 minute\" \/>\n<script type=\"application\/ld+json\" class=\"yoast-schema-graph\">{\"@context\":\"https:\/\/schema.org\",\"@graph\":[{\"@type\":\"WebPage\",\"@id\":\"https:\/\/pavidecor.si\/hr\/proizvod\/drvena-staza-tepih-plavo-bijeli-155x80cm\/\",\"url\":\"https:\/\/pavidecor.si\/hr\/proizvod\/drvena-staza-tepih-plavo-bijeli-155x80cm\/\",\"name\":\"Drvena staza - tepih plavo bijeli | Prirodna ljepota u va\u0161em domu\",\"isPartOf\":{\"@id\":\"https:\/\/pavidecor.si\/hr\/#website\"},\"primaryImageOfPage\":{\"@id\":\"https:\/\/pavidecor.si\/hr\/proizvod\/drvena-staza-tepih-plavo-bijeli-155x80cm\/#primaryimage\"},\"image\":{\"@id\":\"https:\/\/pavidecor.si\/hr\/proizvod\/drvena-staza-tepih-plavo-bijeli-155x80cm\/#primaryimage\"},\"thumbnailUrl\":\"https:\/\/pavidecor.si\/wp-content\/uploads\/2024\/07\/1IMG_8823a-scaled.jpg\",\"datePublished\":\"2024-07-10T09:05:25+00:00\",\"dateModified\":\"2026-04-28T11:19:52+00:00\",\"description\":\"Drvena staza - tepih plavo bijeli koristan je u zatvorenom prostoru, za za\u0161titu od hladno\u0107e ili skliskog tla. Jednostavan tepih za \u010di\u0161\u0107enje i odr\u017eavanje.\",\"breadcrumb\":{\"@id\":\"https:\/\/pavidecor.si\/hr\/proizvod\/drvena-staza-tepih-plavo-bijeli-155x80cm\/#breadcrumb\"},\"inLanguage\":\"hr\",\"potentialAction\":[{\"@type\":\"ReadAction\",\"target\":[\"https:\/\/pavidecor.si\/hr\/proizvod\/drvena-staza-tepih-plavo-bijeli-155x80cm\/\"]}]},{\"@type\":\"ImageObject\",\"inLanguage\":\"hr\",\"@id\":\"https:\/\/pavidecor.si\/hr\/proizvod\/drvena-staza-tepih-plavo-bijeli-155x80cm\/#primaryimage\",\"url\":\"https:\/\/pavidecor.si\/wp-content\/uploads\/2024\/07\/1IMG_8823a-scaled.jpg\",\"contentUrl\":\"https:\/\/pavidecor.si\/wp-content\/uploads\/2024\/07\/1IMG_8823a-scaled.jpg\",\"width\":2560,\"height\":2560,\"caption\":\"PAVI DECOR\"},{\"@type\":\"BreadcrumbList\",\"@id\":\"https:\/\/pavidecor.si\/hr\/proizvod\/drvena-staza-tepih-plavo-bijeli-155x80cm\/#breadcrumb\",\"itemListElement\":[{\"@type\":\"ListItem\",\"position\":1,\"name\":\"Domov\",\"item\":\"https:\/\/pavidecor.si\/hr\/\"},{\"@type\":\"ListItem\",\"position\":2,\"name\":\"Internetska trgovina\",\"item\":\"https:\/\/pavidecor.si\/hr\/internetska-trgovina\/\"},{\"@type\":\"ListItem\",\"position\":3,\"name\":\"Drvena staza &#8211; tepih plavo bijeli 155x80cm\"}]},{\"@type\":\"WebSite\",\"@id\":\"https:\/\/pavidecor.si\/hr\/#website\",\"url\":\"https:\/\/pavidecor.si\/hr\/\",\"name\":\"Pavi Decor\",\"description\":\"Leseni unikati ustvarjeni iz ljubezni do lesa in narave.\",\"potentialAction\":[{\"@type\":\"SearchAction\",\"target\":{\"@type\":\"EntryPoint\",\"urlTemplate\":\"https:\/\/pavidecor.si\/hr\/?s={search_term_string}\"},\"query-input\":{\"@type\":\"PropertyValueSpecification\",\"valueRequired\":true,\"valueName\":\"search_term_string\"}}],\"inLanguage\":\"hr\"}]}<\/script>\n<!-- \/ Yoast SEO plugin. -->","yoast_head_json":{"title":"Drvena staza - tepih plavo bijeli | Prirodna ljepota u va\u0161em domu","description":"Drvena staza - tepih plavo bijeli koristan je u zatvorenom prostoru, za za\u0161titu od hladno\u0107e ili skliskog tla. Jednostavan tepih za \u010di\u0161\u0107enje i odr\u017eavanje.","robots":{"index":"index","follow":"follow","max-snippet":"max-snippet:-1","max-image-preview":"max-image-preview:large","max-video-preview":"max-video-preview:-1"},"canonical":"https:\/\/pavidecor.si\/hr\/proizvod\/drvena-staza-tepih-plavo-bijeli-155x80cm\/","og_locale":"hr_HR","og_type":"article","og_title":"Drvena staza - tepih plavo bijeli | Prirodna ljepota u va\u0161em domu","og_description":"Drvena staza - tepih plavo bijeli koristan je u zatvorenom prostoru, za za\u0161titu od hladno\u0107e ili skliskog tla. Jednostavan tepih za \u010di\u0161\u0107enje i odr\u017eavanje.","og_url":"https:\/\/pavidecor.si\/hr\/proizvod\/drvena-staza-tepih-plavo-bijeli-155x80cm\/","og_site_name":"Pavi Decor","article_modified_time":"2026-04-28T11:19:52+00:00","og_image":[{"width":2560,"height":2560,"url":"https:\/\/pavidecor.si\/wp-content\/uploads\/2024\/07\/1IMG_8823a-scaled.jpg","type":"image\/jpeg"}],"twitter_card":"summary_large_image","twitter_misc":{"Procijenjeno vrijeme \u010ditanja":"4 minute"},"schema":{"@context":"https:\/\/schema.org","@graph":[{"@type":"WebPage","@id":"https:\/\/pavidecor.si\/hr\/proizvod\/drvena-staza-tepih-plavo-bijeli-155x80cm\/","url":"https:\/\/pavidecor.si\/hr\/proizvod\/drvena-staza-tepih-plavo-bijeli-155x80cm\/","name":"Drvena staza - tepih plavo bijeli | Prirodna ljepota u va\u0161em domu","isPartOf":{"@id":"https:\/\/pavidecor.si\/hr\/#website"},"primaryImageOfPage":{"@id":"https:\/\/pavidecor.si\/hr\/proizvod\/drvena-staza-tepih-plavo-bijeli-155x80cm\/#primaryimage"},"image":{"@id":"https:\/\/pavidecor.si\/hr\/proizvod\/drvena-staza-tepih-plavo-bijeli-155x80cm\/#primaryimage"},"thumbnailUrl":"https:\/\/pavidecor.si\/wp-content\/uploads\/2024\/07\/1IMG_8823a-scaled.jpg","datePublished":"2024-07-10T09:05:25+00:00","dateModified":"2026-04-28T11:19:52+00:00","description":"Drvena staza - tepih plavo bijeli koristan je u zatvorenom prostoru, za za\u0161titu od hladno\u0107e ili skliskog tla. Jednostavan tepih za \u010di\u0161\u0107enje i odr\u017eavanje.","breadcrumb":{"@id":"https:\/\/pavidecor.si\/hr\/proizvod\/drvena-staza-tepih-plavo-bijeli-155x80cm\/#breadcrumb"},"inLanguage":"hr","potentialAction":[{"@type":"ReadAction","target":["https:\/\/pavidecor.si\/hr\/proizvod\/drvena-staza-tepih-plavo-bijeli-155x80cm\/"]}]},{"@type":"ImageObject","inLanguage":"hr","@id":"https:\/\/pavidecor.si\/hr\/proizvod\/drvena-staza-tepih-plavo-bijeli-155x80cm\/#primaryimage","url":"https:\/\/pavidecor.si\/wp-content\/uploads\/2024\/07\/1IMG_8823a-scaled.jpg","contentUrl":"https:\/\/pavidecor.si\/wp-content\/uploads\/2024\/07\/1IMG_8823a-scaled.jpg","width":2560,"height":2560,"caption":"PAVI DECOR"},{"@type":"BreadcrumbList","@id":"https:\/\/pavidecor.si\/hr\/proizvod\/drvena-staza-tepih-plavo-bijeli-155x80cm\/#breadcrumb","itemListElement":[{"@type":"ListItem","position":1,"name":"Domov","item":"https:\/\/pavidecor.si\/hr\/"},{"@type":"ListItem","position":2,"name":"Internetska trgovina","item":"https:\/\/pavidecor.si\/hr\/internetska-trgovina\/"},{"@type":"ListItem","position":3,"name":"Drvena staza &#8211; tepih plavo bijeli 155x80cm"}]},{"@type":"WebSite","@id":"https:\/\/pavidecor.si\/hr\/#website","url":"https:\/\/pavidecor.si\/hr\/","name":"Pavi Decor","description":"Leseni unikati ustvarjeni iz ljubezni do lesa in narave.","potentialAction":[{"@type":"SearchAction","target":{"@type":"EntryPoint","urlTemplate":"https:\/\/pavidecor.si\/hr\/?s={search_term_string}"},"query-input":{"@type":"PropertyValueSpecification","valueRequired":true,"valueName":"search_term_string"}}],"inLanguage":"hr"}]}},"_links":{"self":[{"href":"https:\/\/pavidecor.si\/hr\/wp-json\/wp\/v2\/product\/19479","targetHints":{"allow":["GET"]}}],"collection":[{"href":"https:\/\/pavidecor.si\/hr\/wp-json\/wp\/v2\/product"}],"about":[{"href":"https:\/\/pavidecor.si\/hr\/wp-json\/wp\/v2\/types\/product"}],"replies":[{"embeddable":true,"href":"https:\/\/pavidecor.si\/hr\/wp-json\/wp\/v2\/comments?post=19479"}],"wp:featuredmedia":[{"embeddable":true,"href":"https:\/\/pavidecor.si\/hr\/wp-json\/wp\/v2\/media\/19482"}],"wp:attachment":[{"href":"https:\/\/pavidecor.si\/hr\/wp-json\/wp\/v2\/media?parent=19479"}],"wp:term":[{"taxonomy":"product_brand","embeddable":true,"href":"https:\/\/pavidecor.si\/hr\/wp-json\/wp\/v2\/product_brand?post=19479"},{"taxonomy":"product_cat","embeddable":true,"href":"https:\/\/pavidecor.si\/hr\/wp-json\/wp\/v2\/product_cat?post=19479"},{"taxonomy":"product_tag","embeddable":true,"href":"https:\/\/pavidecor.si\/hr\/wp-json\/wp\/v2\/product_tag?post=19479"}],"curies":[{"name":"wp","href":"https:\/\/api.w.org\/{rel}","templated":true}]}}