	{"id":18940,"date":"2022-08-24T10:16:32","date_gmt":"2022-08-24T10:16:32","guid":{"rendered":"https:\/\/pavidecor.si\/product\/slika-ribara-koji-siva-mrezu-40x40cm\/"},"modified":"2026-04-22T12:42:45","modified_gmt":"2026-04-22T12:42:45","slug":"slika-ribara-koji-siva-mrezu-40x40cm","status":"publish","type":"product","link":"https:\/\/pavidecor.si\/hr\/proizvod\/slika-ribara-koji-siva-mrezu-40x40cm\/","title":{"rendered":"Slika ribara koji \u0161iva mre\u017eu 40x40cm"},"content":{"rendered":"<p><span class=\"prvimanjsinaslovopis\">Slika ribara koji \u0161iva mre\u017eu &#8211; Autenti\u010dni morski motiv za va\u0161 interijer<\/span><\/p>\n<p>&nbsp;<\/p>\n<h2><span class=\"odebeljenopis\"><strong> Otkrijte \u010daroliju morskog svijeta s na\u0161om unikatnom slikom ribara koji \u0161iva mre\u017eu. Ovaj prekrasan motiv ne samo da \u0107e obogatiti va\u0161 prostor, ve\u0107 \u0107e i donijeti da\u0161ak odlu\u010dnosti i upornosti ribi\u010dkog zanata. Izra\u0111en s ljubavlju u PAVI DECOR-u, svaki detalj ove slike odra\u017eava na\u0161u strast prema drvetu i prirodi.<\/strong><\/span><\/h2>\n<p>&nbsp;<\/p>\n<div class=\"row\">\n<div class=\"col-sm-6 \" style=\"margin-top: 30px;\"><center><img decoding=\"async\" class=\"lazyload img-responsive\" style=\"margin: 0px auto; max-width: 100%;\" src=\"data:image\/svg+xml,%3Csvg%20xmlns%3D%27http%3A%2F%2Fwww.w3.org%2F2000%2Fsvg%27%20width%3D%271712%27%20height%3D%271712%27%20viewBox%3D%270%200%201712%201712%27%3E%3Crect%20width%3D%271712%27%20height%3D%271712%27%20fill-opacity%3D%220%22%2F%3E%3C%2Fsvg%3E\" data-orig-src=\"https:\/\/pavidecor.si\/wp-content\/uploads\/2022\/08\/1IMG_6765-2.jpg\" \/><\/center><\/div>\n<div class=\"col-sm-6\" style=\"margin-top: 40px;\">\n<p>&nbsp;<\/p>\n<h3>Unikatna ru\u010dna izrada<\/h3>\n<p>Na\u0161a slika ribara koji \u0161iva mre\u017eu rezultat je <b>ru\u010dne izrade<\/b> koja osigurava da svaki komad bude jedinstven. U PAVI DECOR-u iz Ljubljane, svaki proizvod nastaje s posebnom pa\u017enjom i ljubavlju prema drvetu. Okvir slike izra\u0111en je od <b>topolovog drva<\/b> u rustikalnoj bijeloj boji, \u0161to ga \u010dini savr\u0161enim dodatkom za svaki morski ili shabby chic interijer. Ova slika ne samo da \u0107e ukrasiti va\u0161 dom, ve\u0107 \u0107e i pri\u010dati pri\u010du o tradiciji i majstorstvu.<\/p>\n<p>&nbsp;<\/p>\n<p>Na\u0161a strast prema prirodi i drvetu o\u010dituje se u svakom detalju. Fotografija je za\u0161ti\u0107ena <b>nelomljivim pleksi staklom<\/b>, a izme\u0111u okvira i fotografije nalazi se bijeli paspartu koji dodatno nagla\u0161ava ljepotu motiva. Ova kombinacija materijala osigurava dugotrajnost i o\u010duvanje kvalitete slike, dok rustikalna bijela boja okvira donosi toplinu i eleganciju u svaki prostor.<\/p>\n<p>&nbsp;<\/p>\n<\/div>\n<\/div>\n<div class=\"row\">\n<div class=\"col-sm-12\">\n<p>&nbsp;<\/p>\n<h3>Jednostavno postavljanje i prilagodba<\/h3>\n<p>Jedna od prednosti slike ribara koji \u0161iva mre\u017eu je <b>jednostavno postavljanje<\/b> na zid. Uz sliku dolazi dodatna letvica koja se lako pri\u010dvrsti s dva vijka, omogu\u0107uju\u0107i vam da brzo i bez problema objesite sliku. Ova prakti\u010dnost \u010dini na\u0161 proizvod idealnim za sve koji \u017eele brzo osvje\u017eiti svoj interijer bez dodatnog truda.<\/p>\n<p>&nbsp;<\/p>\n<p>Osim toga, nudimo mogu\u0107nost izrade slike s fotografijom po va\u0161oj \u017eelji. Na taj na\u010din mo\u017eete personalizirati svoj prostor i dodati osobni pe\u010dat. Na\u0161a predanost kvaliteti i zadovoljstvu kupaca osigurava da \u0107e svaki proizvod koji napustiti na\u0161u radionicu biti savr\u0161eno izra\u0111en i prilago\u0111en va\u0161im potrebama.<\/p>\n<p>&nbsp;<\/p>\n<\/div>\n<\/div>\n<div class=\"row\">\n<div class=\"col-sm-12\">\n<p>&nbsp;<\/p>\n<h3>Specifikacije proizvoda<\/h3>\n<p>Slika ribara koji \u0161iva mre\u017eu dolazi s detaljima koji je \u010dine posebnim. Okvir je izra\u0111en od <b>topolovog drva<\/b> u rustikalnoj bijeloj boji, a fotografija je za\u0161ti\u0107ena <b>nelomljivim pleksi staklom<\/b>. Izme\u0111u okvira i fotografije nalazi se bijeli paspartu, a dodatna letvica za jednostavno obje\u0161anje uklju\u010dena je u paket. Ova slika savr\u0161eno se uklapa u <a href=\"https:\/\/pavidecor.si\/hr\/projects\/morski-ambijent\/\"><strong><span style=\"color: #3366ff;\">morski ambijent<\/span><\/strong><\/a>, a mo\u017eete je vidjeti i u na\u0161oj trgovini PAVI DECOR.<\/p>\n<p>&nbsp;<\/p>\n<p>U PAVI DECOR-u vjerujemo u snagu prirodnih materijala i ru\u010dne izrade. Svi na\u0161i proizvodi su rezultat na\u0161eg vlastitog znanja i kreativnosti, a svaki komad nosi sa sobom duh tradicije i ljubavi prema drvetu. Posjetite nas u Ljubljani i otkrijte na\u0161u ponudu unikatnih drvenih proizvoda.<\/p>\n<\/div>\n<\/div>\n<p>&nbsp;<\/p>\n","protected":false},"excerpt":{"rendered":"<p><strong><span style=\"color: #c4963c;\">\u2192 Morski<\/span><\/strong><strong><span style=\"color: #c4963c;\">motiv<br \/>\n<\/span><span style=\"color: #c4963c;\">\u2192 Shabby chic<\/span><\/strong><strong><br \/>\n<\/strong><\/p>\n","protected":false},"featured_media":18943,"comment_status":"open","ping_status":"closed","template":"","meta":[],"product_brand":[],"product_cat":[351],"product_tag":[218],"class_list":{"0":"post-18940","1":"product","2":"type-product","3":"status-publish","4":"has-post-thumbnail","6":"product_cat-slike-hr-2","7":"product_tag-nov","9":"first","10":"instock","11":"sold-individually","12":"taxable","13":"shipping-taxable","14":"purchasable","15":"product-type-simple"},"yoast_head":"<!-- This site is optimized with the Yoast SEO plugin v27.2 - https:\/\/yoast.com\/product\/yoast-seo-wordpress\/ -->\n<title>Slika ribara koji \u0161iva mre\u017eu - Unikatni morski motiv za va\u0161 dom<\/title>\n<meta name=\"description\" content=\"Slika ribara koji \u0161iva mre\u017eu prekrasan je morski motiv koji promatra\u010du istinski pokazuje odlu\u010dnost i ustrajnost ribarske struke. Rustikalni bijeli okvir.\" \/>\n<meta name=\"robots\" content=\"index, follow, max-snippet:-1, max-image-preview:large, max-video-preview:-1\" \/>\n<link rel=\"canonical\" href=\"https:\/\/pavidecor.si\/hr\/proizvod\/slika-ribara-koji-siva-mrezu-40x40cm\/\" \/>\n<meta property=\"og:locale\" content=\"hr_HR\" \/>\n<meta property=\"og:type\" content=\"article\" \/>\n<meta property=\"og:title\" content=\"Slika ribara koji \u0161iva mre\u017eu - Unikatni morski motiv za va\u0161 dom\" \/>\n<meta property=\"og:description\" content=\"Slika ribara koji \u0161iva mre\u017eu prekrasan je morski motiv koji promatra\u010du istinski pokazuje odlu\u010dnost i ustrajnost ribarske struke. Rustikalni bijeli okvir.\" \/>\n<meta property=\"og:url\" content=\"https:\/\/pavidecor.si\/hr\/proizvod\/slika-ribara-koji-siva-mrezu-40x40cm\/\" \/>\n<meta property=\"og:site_name\" content=\"Pavi Decor\" \/>\n<meta property=\"article:modified_time\" content=\"2026-04-22T12:42:45+00:00\" \/>\n<meta property=\"og:image\" content=\"https:\/\/pavidecor.si\/wp-content\/uploads\/2022\/08\/1IMG_6765-2.jpg\" \/>\n\t<meta property=\"og:image:width\" content=\"1712\" \/>\n\t<meta property=\"og:image:height\" content=\"1712\" \/>\n\t<meta property=\"og:image:type\" content=\"image\/jpeg\" \/>\n<meta name=\"twitter:card\" content=\"summary_large_image\" \/>\n<meta name=\"twitter:label1\" content=\"Procijenjeno vrijeme \u010ditanja\" \/>\n\t<meta name=\"twitter:data1\" content=\"3 minute\" \/>\n<script type=\"application\/ld+json\" class=\"yoast-schema-graph\">{\"@context\":\"https:\/\/schema.org\",\"@graph\":[{\"@type\":\"WebPage\",\"@id\":\"https:\/\/pavidecor.si\/hr\/proizvod\/slika-ribara-koji-siva-mrezu-40x40cm\/\",\"url\":\"https:\/\/pavidecor.si\/hr\/proizvod\/slika-ribara-koji-siva-mrezu-40x40cm\/\",\"name\":\"Slika ribara koji \u0161iva mre\u017eu - Unikatni morski motiv za va\u0161 dom\",\"isPartOf\":{\"@id\":\"https:\/\/pavidecor.si\/hr\/#website\"},\"primaryImageOfPage\":{\"@id\":\"https:\/\/pavidecor.si\/hr\/proizvod\/slika-ribara-koji-siva-mrezu-40x40cm\/#primaryimage\"},\"image\":{\"@id\":\"https:\/\/pavidecor.si\/hr\/proizvod\/slika-ribara-koji-siva-mrezu-40x40cm\/#primaryimage\"},\"thumbnailUrl\":\"https:\/\/pavidecor.si\/wp-content\/uploads\/2022\/08\/1IMG_6765-2.jpg\",\"datePublished\":\"2022-08-24T10:16:32+00:00\",\"dateModified\":\"2026-04-22T12:42:45+00:00\",\"description\":\"Slika ribara koji \u0161iva mre\u017eu prekrasan je morski motiv koji promatra\u010du istinski pokazuje odlu\u010dnost i ustrajnost ribarske struke. Rustikalni bijeli okvir.\",\"breadcrumb\":{\"@id\":\"https:\/\/pavidecor.si\/hr\/proizvod\/slika-ribara-koji-siva-mrezu-40x40cm\/#breadcrumb\"},\"inLanguage\":\"hr\",\"potentialAction\":[{\"@type\":\"ReadAction\",\"target\":[\"https:\/\/pavidecor.si\/hr\/proizvod\/slika-ribara-koji-siva-mrezu-40x40cm\/\"]}]},{\"@type\":\"ImageObject\",\"inLanguage\":\"hr\",\"@id\":\"https:\/\/pavidecor.si\/hr\/proizvod\/slika-ribara-koji-siva-mrezu-40x40cm\/#primaryimage\",\"url\":\"https:\/\/pavidecor.si\/wp-content\/uploads\/2022\/08\/1IMG_6765-2.jpg\",\"contentUrl\":\"https:\/\/pavidecor.si\/wp-content\/uploads\/2022\/08\/1IMG_6765-2.jpg\",\"width\":1712,\"height\":1712,\"caption\":\"PAVI DECOR\"},{\"@type\":\"BreadcrumbList\",\"@id\":\"https:\/\/pavidecor.si\/hr\/proizvod\/slika-ribara-koji-siva-mrezu-40x40cm\/#breadcrumb\",\"itemListElement\":[{\"@type\":\"ListItem\",\"position\":1,\"name\":\"Domov\",\"item\":\"https:\/\/pavidecor.si\/hr\/\"},{\"@type\":\"ListItem\",\"position\":2,\"name\":\"Internetska trgovina\",\"item\":\"https:\/\/pavidecor.si\/hr\/internetska-trgovina\/\"},{\"@type\":\"ListItem\",\"position\":3,\"name\":\"Slika ribara koji \u0161iva mre\u017eu 40x40cm\"}]},{\"@type\":\"WebSite\",\"@id\":\"https:\/\/pavidecor.si\/hr\/#website\",\"url\":\"https:\/\/pavidecor.si\/hr\/\",\"name\":\"Pavi Decor\",\"description\":\"Leseni unikati ustvarjeni iz ljubezni do lesa in narave.\",\"potentialAction\":[{\"@type\":\"SearchAction\",\"target\":{\"@type\":\"EntryPoint\",\"urlTemplate\":\"https:\/\/pavidecor.si\/hr\/?s={search_term_string}\"},\"query-input\":{\"@type\":\"PropertyValueSpecification\",\"valueRequired\":true,\"valueName\":\"search_term_string\"}}],\"inLanguage\":\"hr\"}]}<\/script>\n<!-- \/ Yoast SEO plugin. -->","yoast_head_json":{"title":"Slika ribara koji \u0161iva mre\u017eu - Unikatni morski motiv za va\u0161 dom","description":"Slika ribara koji \u0161iva mre\u017eu prekrasan je morski motiv koji promatra\u010du istinski pokazuje odlu\u010dnost i ustrajnost ribarske struke. Rustikalni bijeli okvir.","robots":{"index":"index","follow":"follow","max-snippet":"max-snippet:-1","max-image-preview":"max-image-preview:large","max-video-preview":"max-video-preview:-1"},"canonical":"https:\/\/pavidecor.si\/hr\/proizvod\/slika-ribara-koji-siva-mrezu-40x40cm\/","og_locale":"hr_HR","og_type":"article","og_title":"Slika ribara koji \u0161iva mre\u017eu - Unikatni morski motiv za va\u0161 dom","og_description":"Slika ribara koji \u0161iva mre\u017eu prekrasan je morski motiv koji promatra\u010du istinski pokazuje odlu\u010dnost i ustrajnost ribarske struke. Rustikalni bijeli okvir.","og_url":"https:\/\/pavidecor.si\/hr\/proizvod\/slika-ribara-koji-siva-mrezu-40x40cm\/","og_site_name":"Pavi Decor","article_modified_time":"2026-04-22T12:42:45+00:00","og_image":[{"width":1712,"height":1712,"url":"https:\/\/pavidecor.si\/wp-content\/uploads\/2022\/08\/1IMG_6765-2.jpg","type":"image\/jpeg"}],"twitter_card":"summary_large_image","twitter_misc":{"Procijenjeno vrijeme \u010ditanja":"3 minute"},"schema":{"@context":"https:\/\/schema.org","@graph":[{"@type":"WebPage","@id":"https:\/\/pavidecor.si\/hr\/proizvod\/slika-ribara-koji-siva-mrezu-40x40cm\/","url":"https:\/\/pavidecor.si\/hr\/proizvod\/slika-ribara-koji-siva-mrezu-40x40cm\/","name":"Slika ribara koji \u0161iva mre\u017eu - Unikatni morski motiv za va\u0161 dom","isPartOf":{"@id":"https:\/\/pavidecor.si\/hr\/#website"},"primaryImageOfPage":{"@id":"https:\/\/pavidecor.si\/hr\/proizvod\/slika-ribara-koji-siva-mrezu-40x40cm\/#primaryimage"},"image":{"@id":"https:\/\/pavidecor.si\/hr\/proizvod\/slika-ribara-koji-siva-mrezu-40x40cm\/#primaryimage"},"thumbnailUrl":"https:\/\/pavidecor.si\/wp-content\/uploads\/2022\/08\/1IMG_6765-2.jpg","datePublished":"2022-08-24T10:16:32+00:00","dateModified":"2026-04-22T12:42:45+00:00","description":"Slika ribara koji \u0161iva mre\u017eu prekrasan je morski motiv koji promatra\u010du istinski pokazuje odlu\u010dnost i ustrajnost ribarske struke. Rustikalni bijeli okvir.","breadcrumb":{"@id":"https:\/\/pavidecor.si\/hr\/proizvod\/slika-ribara-koji-siva-mrezu-40x40cm\/#breadcrumb"},"inLanguage":"hr","potentialAction":[{"@type":"ReadAction","target":["https:\/\/pavidecor.si\/hr\/proizvod\/slika-ribara-koji-siva-mrezu-40x40cm\/"]}]},{"@type":"ImageObject","inLanguage":"hr","@id":"https:\/\/pavidecor.si\/hr\/proizvod\/slika-ribara-koji-siva-mrezu-40x40cm\/#primaryimage","url":"https:\/\/pavidecor.si\/wp-content\/uploads\/2022\/08\/1IMG_6765-2.jpg","contentUrl":"https:\/\/pavidecor.si\/wp-content\/uploads\/2022\/08\/1IMG_6765-2.jpg","width":1712,"height":1712,"caption":"PAVI DECOR"},{"@type":"BreadcrumbList","@id":"https:\/\/pavidecor.si\/hr\/proizvod\/slika-ribara-koji-siva-mrezu-40x40cm\/#breadcrumb","itemListElement":[{"@type":"ListItem","position":1,"name":"Domov","item":"https:\/\/pavidecor.si\/hr\/"},{"@type":"ListItem","position":2,"name":"Internetska trgovina","item":"https:\/\/pavidecor.si\/hr\/internetska-trgovina\/"},{"@type":"ListItem","position":3,"name":"Slika ribara koji \u0161iva mre\u017eu 40x40cm"}]},{"@type":"WebSite","@id":"https:\/\/pavidecor.si\/hr\/#website","url":"https:\/\/pavidecor.si\/hr\/","name":"Pavi Decor","description":"Leseni unikati ustvarjeni iz ljubezni do lesa in narave.","potentialAction":[{"@type":"SearchAction","target":{"@type":"EntryPoint","urlTemplate":"https:\/\/pavidecor.si\/hr\/?s={search_term_string}"},"query-input":{"@type":"PropertyValueSpecification","valueRequired":true,"valueName":"search_term_string"}}],"inLanguage":"hr"}]}},"_links":{"self":[{"href":"https:\/\/pavidecor.si\/hr\/wp-json\/wp\/v2\/product\/18940","targetHints":{"allow":["GET"]}}],"collection":[{"href":"https:\/\/pavidecor.si\/hr\/wp-json\/wp\/v2\/product"}],"about":[{"href":"https:\/\/pavidecor.si\/hr\/wp-json\/wp\/v2\/types\/product"}],"replies":[{"embeddable":true,"href":"https:\/\/pavidecor.si\/hr\/wp-json\/wp\/v2\/comments?post=18940"}],"wp:featuredmedia":[{"embeddable":true,"href":"https:\/\/pavidecor.si\/hr\/wp-json\/wp\/v2\/media\/18943"}],"wp:attachment":[{"href":"https:\/\/pavidecor.si\/hr\/wp-json\/wp\/v2\/media?parent=18940"}],"wp:term":[{"taxonomy":"product_brand","embeddable":true,"href":"https:\/\/pavidecor.si\/hr\/wp-json\/wp\/v2\/product_brand?post=18940"},{"taxonomy":"product_cat","embeddable":true,"href":"https:\/\/pavidecor.si\/hr\/wp-json\/wp\/v2\/product_cat?post=18940"},{"taxonomy":"product_tag","embeddable":true,"href":"https:\/\/pavidecor.si\/hr\/wp-json\/wp\/v2\/product_tag?post=18940"}],"curies":[{"name":"wp","href":"https:\/\/api.w.org\/{rel}","templated":true}]}}