	{"id":18913,"date":"2022-08-25T07:26:46","date_gmt":"2022-08-25T07:26:46","guid":{"rendered":"https:\/\/pavidecor.si\/product\/plutaca-za-ribolov-mala-2-13x5x5cm-2\/"},"modified":"2026-04-26T07:11:33","modified_gmt":"2026-04-26T07:11:33","slug":"plutaca-za-ribolov-mala-2-13x5x5cm-2","status":"publish","type":"product","link":"https:\/\/pavidecor.si\/hr\/proizvod\/plutaca-za-ribolov-mala-2-13x5x5cm-2\/","title":{"rendered":"Pluta\u010da za ribolov mala 2 13x5x5cm"},"content":{"rendered":"<p><span class=\"prvimanjsinaslovopis\"> Ribi\u0161ka boja &#8211; Unikatni drveni dekor s du\u0161om pro\u0161losti<\/p>\n<p><\/span><\/p>\n<h2><span class=\"odebeljenopis\"><strong> Ribi\u0161ka boja je vi\u0161e od obi\u010dnog dekorativnog predmeta; ona nosi pri\u010du o pro\u0161lim vremenima i tradiciji ribolova. Ovaj jedinstveni drveni komad, izra\u0111en s ljubavlju i pa\u017enjom, donosi da\u0161ak nostalgije u svaki prostor. U PAVIDECOR-u iz Ljubljane, svaki komad je rezultat strasti prema drvetu i prirodi, stvaraju\u0107i tako autenti\u010dne i neponovljive proizvode.<\/p>\n<p><\/strong><\/span><\/h2>\n<\/p>\n<div class=\"row\">\n<div class=\"col-sm-6 \" style=\"margin-top: 30px;\"><center><img decoding=\"async\" src=\"data:image\/svg+xml,%3Csvg%20xmlns%3D%27http%3A%2F%2Fwww.w3.org%2F2000%2Fsvg%27%20width%3D%272560%27%20height%3D%272560%27%20viewBox%3D%270%200%202560%202560%27%3E%3Crect%20width%3D%272560%27%20height%3D%272560%27%20fill-opacity%3D%220%22%2F%3E%3C%2Fsvg%3E\" data-orig-src=\"https:\/\/pavidecor.si\/wp-content\/uploads\/2022\/08\/IMG_6052-2-scaled.jpg\" class=\"lazyload img-responsive\" style=\"margin: 0px auto;max-width:100%;\"  \/><\/center><\/div>\n<div class=\"col-sm-6\" style=\"margin-top:40px;\">\n<p><span style=\"color: #000000;\"> <\/p>\n<h3>Ribi\u0161ka boja &#8211; Simbol tradicije<\/h3>\n<p>Ribi\u0161ka boja, poznata i kao &#8220;Lobster buoy&#8221;, nekada je bila klju\u010dni alat ribara za ozna\u010davanje pozicija vr\u0161a u moru. Svaki ribar imao je svoje jedinstvene boje i uzorke, \u0161to je omogu\u0107avalo lako prepoznavanje njihovih mre\u017ea. Danas, iako se vi\u0161e ne koriste u ribolovu, ribi\u0161ke boje postale su popularan dekorativni element koji evocira uspomene na stara vremena. <\/p>\n<p>U PAVIDECOR-u, svaka ribi\u0161ka boja izra\u0111ena je ru\u010dno, s posebnim naglaskom na detalje. Na\u0161i majstori koriste tradicionalne tehnike spajanja drvenih dijelova, \u0161to rezultira autenti\u010dnim izgledom koji \u0107e obogatiti svaki interijer. Ove boje ne samo da su estetski privla\u010dne, ve\u0107 i pri\u010daju pri\u010du o ribarskoj tradiciji koja se prenosi s generacije na generaciju.<\/p>\n<p><\/span><\/p>\n<\/div>\n<\/div>\n<div class=\"row\">\n<div class=\"col-sm-6 col-sm-push-6\" style=\"margin-top: 30px;\"><center><img decoding=\"async\" src=\"data:image\/svg+xml,%3Csvg%20xmlns%3D%27http%3A%2F%2Fwww.w3.org%2F2000%2Fsvg%27%20width%3D%272560%27%20height%3D%272560%27%20viewBox%3D%270%200%202560%202560%27%3E%3Crect%20width%3D%272560%27%20height%3D%272560%27%20fill-opacity%3D%220%22%2F%3E%3C%2Fsvg%3E\" data-orig-src=\" https:\/\/pavidecor.si\/wp-content\/uploads\/2022\/08\/IMG_6053-2-scaled.jpg\" class=\"lazyload img-responsive\" style=\"margin: 0px auto;max-width:100%;\"  \/><\/center><\/div>\n<div class=\"col-sm-6 col-sm-pull-6\" style=\"margin-top:40px;\">\n<p><span style=\"color: #000000;\"> <\/p>\n<h3>Unikatnost i ru\u010dna izrada<\/h3>\n<p>Svaka ribi\u0161ka boja iz na\u0161e ponude je jedinstvena, \u0161to zna\u010di da ne postoje dva identi\u010dna komada. Ova unikatnost dolazi iz ru\u010dne izrade, gdje svaki detalj ima svoju pri\u010du. Na\u0161i proizvodi su rezultat vlastitog znanja i kreativnosti, a izra\u0111eni su s ljubavlju prema drvetu i prirodi. <\/p>\n<p>PAVIDECOR se ponosi time \u0161to svi na\u0161i proizvodi dolaze iz Slovenije, a svaki komad nosi pe\u010dat na\u0161e strasti prema kvaliteti i tradiciji. Ribi\u0161ke boje su savr\u0161en dodatak za svaki morski ambijent, ali i za svaki dom koji \u017eeli unijeti da\u0161ak prirode i nostalgije. Ove boje su idealne za ukra\u0161avanje terasa, dnevnih boravaka ili kao poklon za ljubitelje ribolova i prirode.<\/p>\n<p><\/span><\/p>\n<\/div>\n<\/div>\n<div class=\"row\">\n<div class=\"col-sm-12\">\n<p><span style=\"color: #000000;\"> <\/p>\n<h3>Specifikacije i informacije o proizvodu<\/h3>\n<p>Ribi\u0161ka boja je izra\u0111ena od visokokvalitetnog drva, pa\u017eljivo obra\u0111ena i obojena ekolo\u0161kim bojama. Njihova veli\u010dina i uzorak variraju, \u0161to dodatno nagla\u0161ava njihovu unikatnost. Ove boje su savr\u0161ene za unutarnju i vanjsku upotrebu, a mogu se koristiti kao dekorativni elementi ili kao dio ribarskih kolekcija. <\/p>\n<p>U na\u0161oj trgovini PAVIDECOR, mo\u017eete prona\u0107i razli\u010dite modele ribi\u0161kih boja koje \u0107e zadovoljiti sve ukuse. Bilo da tra\u017eite ne\u0161to klasi\u010dno ili moderno, sigurni smo da \u0107ete prona\u0107i savr\u0161en komad koji \u0107e obogatiti va\u0161 prostor. Posjetite nas i otkrijte ljepotu ru\u010dne izrade i ljubavi prema drvetu.<\/p>\n<p>Meta Title: Ribi\u0161ka boja &#8211; Unikatni drveni dekor s du\u0161om pro\u0161losti<br \/>\n<\/span><\/p>\n<\/div>\n<\/div>\n<p><\/p>\n","protected":false},"excerpt":{"rendered":"<p><strong><span style=\"color: #c4963c;\">\u2192 Ru\u010dno<\/span><\/strong> <strong>izra\u0111ena<span style=\"color: #c4963c;\"><br \/>\n<\/span><span style=\"color: #c4963c;\">\u2192 jedinstvena<\/span><\/strong><\/p>\n","protected":false},"featured_media":18915,"comment_status":"open","ping_status":"closed","template":"","meta":[],"product_brand":[],"product_cat":[282],"product_tag":[218],"class_list":{"0":"post-18913","1":"product","2":"type-product","3":"status-publish","4":"has-post-thumbnail","6":"product_cat-plutace","7":"product_tag-nov","9":"first","10":"instock","11":"sold-individually","12":"taxable","13":"shipping-taxable","14":"purchasable","15":"product-type-simple"},"yoast_head":"<!-- This site is optimized with the Yoast SEO plugin v27.2 - https:\/\/yoast.com\/product\/yoast-seo-wordpress\/ -->\n<title>Ribi\u0161ka boja - Unikatni drveni dekor s du\u0161om pro\u0161losti Meta Keywords: ribi\u0161ka boja, drveni dekor, unikatni proizvodi, ru\u010dna izrada, PAVIDECOR, morski ambijent, tradicija ribolova, ekolo\u0161ki proizvodi, dekoracija doma<\/title>\n<meta name=\"description\" content=\"Ribarske pluta\u010de danas su prekrasan nauti\u010dki dekor i nostalgi\u010dni suvenir, a nekada su ih ribari koristili za ozna\u010davanje polo\u017eaja vrha u moru.\" \/>\n<meta name=\"robots\" content=\"index, follow, max-snippet:-1, max-image-preview:large, max-video-preview:-1\" \/>\n<link rel=\"canonical\" href=\"https:\/\/pavidecor.si\/hr\/proizvod\/plutaca-za-ribolov-mala-2-13x5x5cm-2\/\" \/>\n<meta property=\"og:locale\" content=\"hr_HR\" \/>\n<meta property=\"og:type\" content=\"article\" \/>\n<meta property=\"og:title\" content=\"Ribi\u0161ka boja - Unikatni drveni dekor s du\u0161om pro\u0161losti Meta Keywords: ribi\u0161ka boja, drveni dekor, unikatni proizvodi, ru\u010dna izrada, PAVIDECOR, morski ambijent, tradicija ribolova, ekolo\u0161ki proizvodi, dekoracija doma\" \/>\n<meta property=\"og:description\" content=\"Ribarske pluta\u010de danas su prekrasan nauti\u010dki dekor i nostalgi\u010dni suvenir, a nekada su ih ribari koristili za ozna\u010davanje polo\u017eaja vrha u moru.\" \/>\n<meta property=\"og:url\" content=\"https:\/\/pavidecor.si\/hr\/proizvod\/plutaca-za-ribolov-mala-2-13x5x5cm-2\/\" \/>\n<meta property=\"og:site_name\" content=\"Pavi Decor\" \/>\n<meta property=\"article:modified_time\" content=\"2026-04-26T07:11:33+00:00\" \/>\n<meta property=\"og:image\" content=\"https:\/\/pavidecor.si\/wp-content\/uploads\/2022\/08\/IMG_6052-2-scaled.jpg\" \/>\n\t<meta property=\"og:image:width\" content=\"2560\" \/>\n\t<meta property=\"og:image:height\" content=\"2560\" \/>\n\t<meta property=\"og:image:type\" content=\"image\/jpeg\" \/>\n<meta name=\"twitter:card\" content=\"summary_large_image\" \/>\n<meta name=\"twitter:label1\" content=\"Procijenjeno vrijeme \u010ditanja\" \/>\n\t<meta name=\"twitter:data1\" content=\"2 minute\" \/>\n<script type=\"application\/ld+json\" class=\"yoast-schema-graph\">{\"@context\":\"https:\/\/schema.org\",\"@graph\":[{\"@type\":\"WebPage\",\"@id\":\"https:\/\/pavidecor.si\/hr\/proizvod\/plutaca-za-ribolov-mala-2-13x5x5cm-2\/\",\"url\":\"https:\/\/pavidecor.si\/hr\/proizvod\/plutaca-za-ribolov-mala-2-13x5x5cm-2\/\",\"name\":\"Ribi\u0161ka boja - Unikatni drveni dekor s du\u0161om pro\u0161losti Meta Keywords: ribi\u0161ka boja, drveni dekor, unikatni proizvodi, ru\u010dna izrada, PAVIDECOR, morski ambijent, tradicija ribolova, ekolo\u0161ki proizvodi, dekoracija doma\",\"isPartOf\":{\"@id\":\"https:\/\/pavidecor.si\/hr\/#website\"},\"primaryImageOfPage\":{\"@id\":\"https:\/\/pavidecor.si\/hr\/proizvod\/plutaca-za-ribolov-mala-2-13x5x5cm-2\/#primaryimage\"},\"image\":{\"@id\":\"https:\/\/pavidecor.si\/hr\/proizvod\/plutaca-za-ribolov-mala-2-13x5x5cm-2\/#primaryimage\"},\"thumbnailUrl\":\"https:\/\/pavidecor.si\/wp-content\/uploads\/2022\/08\/IMG_6052-2-scaled.jpg\",\"datePublished\":\"2022-08-25T07:26:46+00:00\",\"dateModified\":\"2026-04-26T07:11:33+00:00\",\"description\":\"Ribarske pluta\u010de danas su prekrasan nauti\u010dki dekor i nostalgi\u010dni suvenir, a nekada su ih ribari koristili za ozna\u010davanje polo\u017eaja vrha u moru.\",\"breadcrumb\":{\"@id\":\"https:\/\/pavidecor.si\/hr\/proizvod\/plutaca-za-ribolov-mala-2-13x5x5cm-2\/#breadcrumb\"},\"inLanguage\":\"hr\",\"potentialAction\":[{\"@type\":\"ReadAction\",\"target\":[\"https:\/\/pavidecor.si\/hr\/proizvod\/plutaca-za-ribolov-mala-2-13x5x5cm-2\/\"]}]},{\"@type\":\"ImageObject\",\"inLanguage\":\"hr\",\"@id\":\"https:\/\/pavidecor.si\/hr\/proizvod\/plutaca-za-ribolov-mala-2-13x5x5cm-2\/#primaryimage\",\"url\":\"https:\/\/pavidecor.si\/wp-content\/uploads\/2022\/08\/IMG_6052-2-scaled.jpg\",\"contentUrl\":\"https:\/\/pavidecor.si\/wp-content\/uploads\/2022\/08\/IMG_6052-2-scaled.jpg\",\"width\":2560,\"height\":2560,\"caption\":\"PAVI DECOR\"},{\"@type\":\"BreadcrumbList\",\"@id\":\"https:\/\/pavidecor.si\/hr\/proizvod\/plutaca-za-ribolov-mala-2-13x5x5cm-2\/#breadcrumb\",\"itemListElement\":[{\"@type\":\"ListItem\",\"position\":1,\"name\":\"Domov\",\"item\":\"https:\/\/pavidecor.si\/hr\/\"},{\"@type\":\"ListItem\",\"position\":2,\"name\":\"Internetska trgovina\",\"item\":\"https:\/\/pavidecor.si\/hr\/internetska-trgovina\/\"},{\"@type\":\"ListItem\",\"position\":3,\"name\":\"Pluta\u010da za ribolov mala 2 13x5x5cm\"}]},{\"@type\":\"WebSite\",\"@id\":\"https:\/\/pavidecor.si\/hr\/#website\",\"url\":\"https:\/\/pavidecor.si\/hr\/\",\"name\":\"Pavi Decor\",\"description\":\"Leseni unikati ustvarjeni iz ljubezni do lesa in narave.\",\"potentialAction\":[{\"@type\":\"SearchAction\",\"target\":{\"@type\":\"EntryPoint\",\"urlTemplate\":\"https:\/\/pavidecor.si\/hr\/?s={search_term_string}\"},\"query-input\":{\"@type\":\"PropertyValueSpecification\",\"valueRequired\":true,\"valueName\":\"search_term_string\"}}],\"inLanguage\":\"hr\"}]}<\/script>\n<!-- \/ Yoast SEO plugin. -->","yoast_head_json":{"title":"Ribi\u0161ka boja - Unikatni drveni dekor s du\u0161om pro\u0161losti Meta Keywords: ribi\u0161ka boja, drveni dekor, unikatni proizvodi, ru\u010dna izrada, PAVIDECOR, morski ambijent, tradicija ribolova, ekolo\u0161ki proizvodi, dekoracija doma","description":"Ribarske pluta\u010de danas su prekrasan nauti\u010dki dekor i nostalgi\u010dni suvenir, a nekada su ih ribari koristili za ozna\u010davanje polo\u017eaja vrha u moru.","robots":{"index":"index","follow":"follow","max-snippet":"max-snippet:-1","max-image-preview":"max-image-preview:large","max-video-preview":"max-video-preview:-1"},"canonical":"https:\/\/pavidecor.si\/hr\/proizvod\/plutaca-za-ribolov-mala-2-13x5x5cm-2\/","og_locale":"hr_HR","og_type":"article","og_title":"Ribi\u0161ka boja - Unikatni drveni dekor s du\u0161om pro\u0161losti Meta Keywords: ribi\u0161ka boja, drveni dekor, unikatni proizvodi, ru\u010dna izrada, PAVIDECOR, morski ambijent, tradicija ribolova, ekolo\u0161ki proizvodi, dekoracija doma","og_description":"Ribarske pluta\u010de danas su prekrasan nauti\u010dki dekor i nostalgi\u010dni suvenir, a nekada su ih ribari koristili za ozna\u010davanje polo\u017eaja vrha u moru.","og_url":"https:\/\/pavidecor.si\/hr\/proizvod\/plutaca-za-ribolov-mala-2-13x5x5cm-2\/","og_site_name":"Pavi Decor","article_modified_time":"2026-04-26T07:11:33+00:00","og_image":[{"width":2560,"height":2560,"url":"https:\/\/pavidecor.si\/wp-content\/uploads\/2022\/08\/IMG_6052-2-scaled.jpg","type":"image\/jpeg"}],"twitter_card":"summary_large_image","twitter_misc":{"Procijenjeno vrijeme \u010ditanja":"2 minute"},"schema":{"@context":"https:\/\/schema.org","@graph":[{"@type":"WebPage","@id":"https:\/\/pavidecor.si\/hr\/proizvod\/plutaca-za-ribolov-mala-2-13x5x5cm-2\/","url":"https:\/\/pavidecor.si\/hr\/proizvod\/plutaca-za-ribolov-mala-2-13x5x5cm-2\/","name":"Ribi\u0161ka boja - Unikatni drveni dekor s du\u0161om pro\u0161losti Meta Keywords: ribi\u0161ka boja, drveni dekor, unikatni proizvodi, ru\u010dna izrada, PAVIDECOR, morski ambijent, tradicija ribolova, ekolo\u0161ki proizvodi, dekoracija doma","isPartOf":{"@id":"https:\/\/pavidecor.si\/hr\/#website"},"primaryImageOfPage":{"@id":"https:\/\/pavidecor.si\/hr\/proizvod\/plutaca-za-ribolov-mala-2-13x5x5cm-2\/#primaryimage"},"image":{"@id":"https:\/\/pavidecor.si\/hr\/proizvod\/plutaca-za-ribolov-mala-2-13x5x5cm-2\/#primaryimage"},"thumbnailUrl":"https:\/\/pavidecor.si\/wp-content\/uploads\/2022\/08\/IMG_6052-2-scaled.jpg","datePublished":"2022-08-25T07:26:46+00:00","dateModified":"2026-04-26T07:11:33+00:00","description":"Ribarske pluta\u010de danas su prekrasan nauti\u010dki dekor i nostalgi\u010dni suvenir, a nekada su ih ribari koristili za ozna\u010davanje polo\u017eaja vrha u moru.","breadcrumb":{"@id":"https:\/\/pavidecor.si\/hr\/proizvod\/plutaca-za-ribolov-mala-2-13x5x5cm-2\/#breadcrumb"},"inLanguage":"hr","potentialAction":[{"@type":"ReadAction","target":["https:\/\/pavidecor.si\/hr\/proizvod\/plutaca-za-ribolov-mala-2-13x5x5cm-2\/"]}]},{"@type":"ImageObject","inLanguage":"hr","@id":"https:\/\/pavidecor.si\/hr\/proizvod\/plutaca-za-ribolov-mala-2-13x5x5cm-2\/#primaryimage","url":"https:\/\/pavidecor.si\/wp-content\/uploads\/2022\/08\/IMG_6052-2-scaled.jpg","contentUrl":"https:\/\/pavidecor.si\/wp-content\/uploads\/2022\/08\/IMG_6052-2-scaled.jpg","width":2560,"height":2560,"caption":"PAVI DECOR"},{"@type":"BreadcrumbList","@id":"https:\/\/pavidecor.si\/hr\/proizvod\/plutaca-za-ribolov-mala-2-13x5x5cm-2\/#breadcrumb","itemListElement":[{"@type":"ListItem","position":1,"name":"Domov","item":"https:\/\/pavidecor.si\/hr\/"},{"@type":"ListItem","position":2,"name":"Internetska trgovina","item":"https:\/\/pavidecor.si\/hr\/internetska-trgovina\/"},{"@type":"ListItem","position":3,"name":"Pluta\u010da za ribolov mala 2 13x5x5cm"}]},{"@type":"WebSite","@id":"https:\/\/pavidecor.si\/hr\/#website","url":"https:\/\/pavidecor.si\/hr\/","name":"Pavi Decor","description":"Leseni unikati ustvarjeni iz ljubezni do lesa in narave.","potentialAction":[{"@type":"SearchAction","target":{"@type":"EntryPoint","urlTemplate":"https:\/\/pavidecor.si\/hr\/?s={search_term_string}"},"query-input":{"@type":"PropertyValueSpecification","valueRequired":true,"valueName":"search_term_string"}}],"inLanguage":"hr"}]}},"_links":{"self":[{"href":"https:\/\/pavidecor.si\/hr\/wp-json\/wp\/v2\/product\/18913","targetHints":{"allow":["GET"]}}],"collection":[{"href":"https:\/\/pavidecor.si\/hr\/wp-json\/wp\/v2\/product"}],"about":[{"href":"https:\/\/pavidecor.si\/hr\/wp-json\/wp\/v2\/types\/product"}],"replies":[{"embeddable":true,"href":"https:\/\/pavidecor.si\/hr\/wp-json\/wp\/v2\/comments?post=18913"}],"wp:featuredmedia":[{"embeddable":true,"href":"https:\/\/pavidecor.si\/hr\/wp-json\/wp\/v2\/media\/18915"}],"wp:attachment":[{"href":"https:\/\/pavidecor.si\/hr\/wp-json\/wp\/v2\/media?parent=18913"}],"wp:term":[{"taxonomy":"product_brand","embeddable":true,"href":"https:\/\/pavidecor.si\/hr\/wp-json\/wp\/v2\/product_brand?post=18913"},{"taxonomy":"product_cat","embeddable":true,"href":"https:\/\/pavidecor.si\/hr\/wp-json\/wp\/v2\/product_cat?post=18913"},{"taxonomy":"product_tag","embeddable":true,"href":"https:\/\/pavidecor.si\/hr\/wp-json\/wp\/v2\/product_tag?post=18913"}],"curies":[{"name":"wp","href":"https:\/\/api.w.org\/{rel}","templated":true}]}}