	{"id":18900,"date":"2022-08-25T07:15:30","date_gmt":"2022-08-25T07:15:30","guid":{"rendered":"https:\/\/pavidecor.si\/product\/slika-viseceg-uzeta-40x40cm\/"},"modified":"2026-04-20T13:12:38","modified_gmt":"2026-04-20T13:12:38","slug":"slika-viseca-uzad-40x40cm","status":"publish","type":"product","link":"https:\/\/pavidecor.si\/hr\/proizvod\/slika-viseca-uzad-40x40cm\/","title":{"rendered":"Slika vise\u0107a u\u017ead 40x40cm"},"content":{"rendered":"<p><span class=\"prvimanjsinaslovopis\">Slika vise\u0107a u\u017ead\u00a0&#8211; Unikatni morski motiv za va\u0161 prostor<\/span><\/p>\n<p>&nbsp;<\/p>\n<h2><span class=\"odebeljenopis\"><strong> Otkrijte \u010daroliju morskih motiva s na\u0161om unikatnom slikom koja \u0107e obogatiti svaki interijer. Ova slika, izra\u0111ena s ljubavlju i pa\u017enjom, savr\u0161eno se uklapa u morski ili shabby chic ambijent, donose\u0107i da\u0161ak prirode i elegancije u va\u0161 dom.<\/strong><\/span><\/h2>\n<p>&nbsp;<\/p>\n<div class=\"row\">\n<div class=\"col-sm-6 \" style=\"margin-top: 30px;\"><center><img decoding=\"async\" class=\"lazyload img-responsive\" style=\"margin: 0px auto; max-width: 100%;\" src=\"data:image\/svg+xml,%3Csvg%20xmlns%3D%27http%3A%2F%2Fwww.w3.org%2F2000%2Fsvg%27%20width%3D%271714%27%20height%3D%271714%27%20viewBox%3D%270%200%201714%201714%27%3E%3Crect%20width%3D%271714%27%20height%3D%271714%27%20fill-opacity%3D%220%22%2F%3E%3C%2Fsvg%3E\" data-orig-src=\"https:\/\/pavidecor.si\/wp-content\/uploads\/2022\/08\/1IMG_6771a.jpg\" \/><\/center><\/div>\n<div class=\"col-sm-6\" style=\"margin-top: 40px;\">\n<p>&nbsp;<\/p>\n<h3>Jedinstveni dizajn i kvaliteta<\/h3>\n<p>Na\u0161a s<span class=\"prvimanjsinaslovopis\">lika vise\u0107a u\u017ead<\/span>\u00a0izra\u0111ena je od <b>kvalitetnog drva hrasta<\/b>\u00a0u prirodnoj boji, \u0161to joj daje autenti\u010dan izgled i dugotrajnost. Ovaj materijal ne samo da je estetski privla\u010dan, ve\u0107 je i izdr\u017eljiv, \u010dime osigurava dugotrajnu upotrebu.<\/p>\n<p>&nbsp;<\/p>\n<p>S<span class=\"prvimanjsinaslovopis\">lika vise\u0107a u\u017ead<\/span> dolazi s <b>nelomljivim pleksi staklom<\/b> koje \u0161titi va\u0161u fotografiju od o\u0161te\u0107enja, dok bijeli paspartu i dodatna letvica u rustikalnoj bijeloj boji dodatno nagla\u0161avaju ljepotu motiva. Ovaj pa\u017eljivo osmi\u0161ljen dizajn \u010dini na\u0161u sliku savr\u0161enim dodatkom za svaki prostor, bilo da se radi o dnevnom boravku, spava\u0107oj sobi ili uredu.<\/p>\n<p>&nbsp;<\/p>\n<\/div>\n<\/div>\n<div class=\"row\">\n<div class=\"col-sm-12\">\n<p>&nbsp;<\/p>\n<h3>Jednostavna monta\u017ea i prilagodljivost<\/h3>\n<p>Obije\u0161anje slike nikada nije bilo lak\u0161e. U paketu se nalazi <b>dodatna letvica<\/b> koja se jednostavno pri\u010dvrsti s dva vijka, omogu\u0107uju\u0107i vam da brzo i lako postavite sliku na zid. Ova prakti\u010dnost \u010dini na\u0161 proizvod idealnim za sve koji \u017eele brzo osvje\u017eiti svoj prostor bez dodatnog truda.<\/p>\n<p>&nbsp;<\/p>\n<p>Osim toga, nudimo mogu\u0107nost izrade slike s fotografijom po va\u0161oj \u017eelji, \u0161to zna\u010di da mo\u017eete personalizirati svoj prostor na na\u010din koji najbolje odra\u017eava va\u0161 stil i osobnost. Na\u0161a trgovina PAVI DECOR iz Ljubljane ponosna je na svoju strast prema drvetu i prirodi, a svaki na\u0161 proizvod rezultat je vlastitog znanja i kreativnosti.<\/p>\n<p>&nbsp;<\/p>\n<\/div>\n<\/div>\n<div class=\"row\">\n<div class=\"col-sm-12\">\n<p>&nbsp;<\/p>\n<h3>Specifikacije proizvoda<\/h3>\n<p>&#8211; <b>Materijal:<\/b> drvo akacije u natur boji<br \/>\n&#8211; <b>Za\u0161tita:<\/b> nelomljivo pleksi staklo<br \/>\n&#8211; <b>Paspartu:<\/b> bijeli paspartu<br \/>\n&#8211; <b>Dodatna letvica:<\/b> za jednostavno obje\u0161anje<br \/>\n&#8211; <b>Prilagodba:<\/b> mogu\u0107nost izrade slike s va\u0161om fotografijom<\/p>\n<p>&nbsp;<\/p>\n<p>Na\u0161i unikatni proizvodi izra\u0111eni su s ljubavlju i pa\u017enjom prema detaljima, a svaki komad nosi duh starih majstora. U\u017eivajte u autenti\u010dnosti i ljepoti na\u0161ih drvenih proizvoda, koji su rezultat ru\u010dne izrade i strasti prema prirodi.<\/p>\n<p>&nbsp;<\/p>\n<\/div>\n<\/div>\n<p>&nbsp;<\/p>\n","protected":false},"excerpt":{"rendered":"<p><strong><span style=\"color: #c4963c;\">\u2192 Morski motiv<br \/>\n<\/span><span style=\"color: #c4963c;\">\u2192 Okvir od hrastovog drveta<\/span><\/strong><strong><br \/>\n<\/strong><\/p>\n","protected":false},"featured_media":18901,"comment_status":"open","ping_status":"closed","template":"","meta":[],"product_brand":[],"product_cat":[351],"product_tag":[218],"class_list":{"0":"post-18900","1":"product","2":"type-product","3":"status-publish","4":"has-post-thumbnail","6":"product_cat-slike-hr-2","7":"product_tag-nov","9":"first","10":"instock","11":"sold-individually","12":"taxable","13":"shipping-taxable","14":"purchasable","15":"product-type-simple"},"yoast_head":"<!-- This site is optimized with the Yoast SEO plugin v27.2 - https:\/\/yoast.com\/product\/yoast-seo-wordpress\/ -->\n<title>Slika vise\u0107a u\u017ead\u00a0- Unikatni morski motiv za va\u0161 prostor<\/title>\n<meta name=\"description\" content=\"Slika vise\u0107a u\u017ead zanimljiv je morski motiv koji \u0107e odu\u0161eviti nauti\u010dke entuzijaste. Okvir je izra\u0111en od prirodnog hrastovog drveta.\" \/>\n<meta name=\"robots\" content=\"index, follow, max-snippet:-1, max-image-preview:large, max-video-preview:-1\" \/>\n<link rel=\"canonical\" href=\"https:\/\/pavidecor.si\/hr\/proizvod\/slika-viseca-uzad-40x40cm\/\" \/>\n<meta property=\"og:locale\" content=\"hr_HR\" \/>\n<meta property=\"og:type\" content=\"article\" \/>\n<meta property=\"og:title\" content=\"Slika vise\u0107a u\u017ead\u00a0- Unikatni morski motiv za va\u0161 prostor\" \/>\n<meta property=\"og:description\" content=\"Slika vise\u0107a u\u017ead zanimljiv je morski motiv koji \u0107e odu\u0161eviti nauti\u010dke entuzijaste. Okvir je izra\u0111en od prirodnog hrastovog drveta.\" \/>\n<meta property=\"og:url\" content=\"https:\/\/pavidecor.si\/hr\/proizvod\/slika-viseca-uzad-40x40cm\/\" \/>\n<meta property=\"og:site_name\" content=\"Pavi Decor\" \/>\n<meta property=\"article:modified_time\" content=\"2026-04-20T13:12:38+00:00\" \/>\n<meta property=\"og:image\" content=\"https:\/\/pavidecor.si\/wp-content\/uploads\/2022\/08\/1IMG_6771a.jpg\" \/>\n\t<meta property=\"og:image:width\" content=\"1714\" \/>\n\t<meta property=\"og:image:height\" content=\"1714\" \/>\n\t<meta property=\"og:image:type\" content=\"image\/jpeg\" \/>\n<meta name=\"twitter:card\" content=\"summary_large_image\" \/>\n<meta name=\"twitter:label1\" content=\"Procijenjeno vrijeme \u010ditanja\" \/>\n\t<meta name=\"twitter:data1\" content=\"3 minute\" \/>\n<script type=\"application\/ld+json\" class=\"yoast-schema-graph\">{\"@context\":\"https:\/\/schema.org\",\"@graph\":[{\"@type\":\"WebPage\",\"@id\":\"https:\/\/pavidecor.si\/hr\/proizvod\/slika-viseca-uzad-40x40cm\/\",\"url\":\"https:\/\/pavidecor.si\/hr\/proizvod\/slika-viseca-uzad-40x40cm\/\",\"name\":\"Slika vise\u0107a u\u017ead\u00a0- Unikatni morski motiv za va\u0161 prostor\",\"isPartOf\":{\"@id\":\"https:\/\/pavidecor.si\/hr\/#website\"},\"primaryImageOfPage\":{\"@id\":\"https:\/\/pavidecor.si\/hr\/proizvod\/slika-viseca-uzad-40x40cm\/#primaryimage\"},\"image\":{\"@id\":\"https:\/\/pavidecor.si\/hr\/proizvod\/slika-viseca-uzad-40x40cm\/#primaryimage\"},\"thumbnailUrl\":\"https:\/\/pavidecor.si\/wp-content\/uploads\/2022\/08\/1IMG_6771a.jpg\",\"datePublished\":\"2022-08-25T07:15:30+00:00\",\"dateModified\":\"2026-04-20T13:12:38+00:00\",\"description\":\"Slika vise\u0107a u\u017ead zanimljiv je morski motiv koji \u0107e odu\u0161eviti nauti\u010dke entuzijaste. Okvir je izra\u0111en od prirodnog hrastovog drveta.\",\"breadcrumb\":{\"@id\":\"https:\/\/pavidecor.si\/hr\/proizvod\/slika-viseca-uzad-40x40cm\/#breadcrumb\"},\"inLanguage\":\"hr\",\"potentialAction\":[{\"@type\":\"ReadAction\",\"target\":[\"https:\/\/pavidecor.si\/hr\/proizvod\/slika-viseca-uzad-40x40cm\/\"]}]},{\"@type\":\"ImageObject\",\"inLanguage\":\"hr\",\"@id\":\"https:\/\/pavidecor.si\/hr\/proizvod\/slika-viseca-uzad-40x40cm\/#primaryimage\",\"url\":\"https:\/\/pavidecor.si\/wp-content\/uploads\/2022\/08\/1IMG_6771a.jpg\",\"contentUrl\":\"https:\/\/pavidecor.si\/wp-content\/uploads\/2022\/08\/1IMG_6771a.jpg\",\"width\":1714,\"height\":1714,\"caption\":\"PAVI DECOR\"},{\"@type\":\"BreadcrumbList\",\"@id\":\"https:\/\/pavidecor.si\/hr\/proizvod\/slika-viseca-uzad-40x40cm\/#breadcrumb\",\"itemListElement\":[{\"@type\":\"ListItem\",\"position\":1,\"name\":\"Domov\",\"item\":\"https:\/\/pavidecor.si\/hr\/\"},{\"@type\":\"ListItem\",\"position\":2,\"name\":\"Internetska trgovina\",\"item\":\"https:\/\/pavidecor.si\/hr\/internetska-trgovina\/\"},{\"@type\":\"ListItem\",\"position\":3,\"name\":\"Slika vise\u0107a u\u017ead 40x40cm\"}]},{\"@type\":\"WebSite\",\"@id\":\"https:\/\/pavidecor.si\/hr\/#website\",\"url\":\"https:\/\/pavidecor.si\/hr\/\",\"name\":\"Pavi Decor\",\"description\":\"Leseni unikati ustvarjeni iz ljubezni do lesa in narave.\",\"potentialAction\":[{\"@type\":\"SearchAction\",\"target\":{\"@type\":\"EntryPoint\",\"urlTemplate\":\"https:\/\/pavidecor.si\/hr\/?s={search_term_string}\"},\"query-input\":{\"@type\":\"PropertyValueSpecification\",\"valueRequired\":true,\"valueName\":\"search_term_string\"}}],\"inLanguage\":\"hr\"}]}<\/script>\n<!-- \/ Yoast SEO plugin. -->","yoast_head_json":{"title":"Slika vise\u0107a u\u017ead\u00a0- Unikatni morski motiv za va\u0161 prostor","description":"Slika vise\u0107a u\u017ead zanimljiv je morski motiv koji \u0107e odu\u0161eviti nauti\u010dke entuzijaste. Okvir je izra\u0111en od prirodnog hrastovog drveta.","robots":{"index":"index","follow":"follow","max-snippet":"max-snippet:-1","max-image-preview":"max-image-preview:large","max-video-preview":"max-video-preview:-1"},"canonical":"https:\/\/pavidecor.si\/hr\/proizvod\/slika-viseca-uzad-40x40cm\/","og_locale":"hr_HR","og_type":"article","og_title":"Slika vise\u0107a u\u017ead\u00a0- Unikatni morski motiv za va\u0161 prostor","og_description":"Slika vise\u0107a u\u017ead zanimljiv je morski motiv koji \u0107e odu\u0161eviti nauti\u010dke entuzijaste. Okvir je izra\u0111en od prirodnog hrastovog drveta.","og_url":"https:\/\/pavidecor.si\/hr\/proizvod\/slika-viseca-uzad-40x40cm\/","og_site_name":"Pavi Decor","article_modified_time":"2026-04-20T13:12:38+00:00","og_image":[{"width":1714,"height":1714,"url":"https:\/\/pavidecor.si\/wp-content\/uploads\/2022\/08\/1IMG_6771a.jpg","type":"image\/jpeg"}],"twitter_card":"summary_large_image","twitter_misc":{"Procijenjeno vrijeme \u010ditanja":"3 minute"},"schema":{"@context":"https:\/\/schema.org","@graph":[{"@type":"WebPage","@id":"https:\/\/pavidecor.si\/hr\/proizvod\/slika-viseca-uzad-40x40cm\/","url":"https:\/\/pavidecor.si\/hr\/proizvod\/slika-viseca-uzad-40x40cm\/","name":"Slika vise\u0107a u\u017ead\u00a0- Unikatni morski motiv za va\u0161 prostor","isPartOf":{"@id":"https:\/\/pavidecor.si\/hr\/#website"},"primaryImageOfPage":{"@id":"https:\/\/pavidecor.si\/hr\/proizvod\/slika-viseca-uzad-40x40cm\/#primaryimage"},"image":{"@id":"https:\/\/pavidecor.si\/hr\/proizvod\/slika-viseca-uzad-40x40cm\/#primaryimage"},"thumbnailUrl":"https:\/\/pavidecor.si\/wp-content\/uploads\/2022\/08\/1IMG_6771a.jpg","datePublished":"2022-08-25T07:15:30+00:00","dateModified":"2026-04-20T13:12:38+00:00","description":"Slika vise\u0107a u\u017ead zanimljiv je morski motiv koji \u0107e odu\u0161eviti nauti\u010dke entuzijaste. Okvir je izra\u0111en od prirodnog hrastovog drveta.","breadcrumb":{"@id":"https:\/\/pavidecor.si\/hr\/proizvod\/slika-viseca-uzad-40x40cm\/#breadcrumb"},"inLanguage":"hr","potentialAction":[{"@type":"ReadAction","target":["https:\/\/pavidecor.si\/hr\/proizvod\/slika-viseca-uzad-40x40cm\/"]}]},{"@type":"ImageObject","inLanguage":"hr","@id":"https:\/\/pavidecor.si\/hr\/proizvod\/slika-viseca-uzad-40x40cm\/#primaryimage","url":"https:\/\/pavidecor.si\/wp-content\/uploads\/2022\/08\/1IMG_6771a.jpg","contentUrl":"https:\/\/pavidecor.si\/wp-content\/uploads\/2022\/08\/1IMG_6771a.jpg","width":1714,"height":1714,"caption":"PAVI DECOR"},{"@type":"BreadcrumbList","@id":"https:\/\/pavidecor.si\/hr\/proizvod\/slika-viseca-uzad-40x40cm\/#breadcrumb","itemListElement":[{"@type":"ListItem","position":1,"name":"Domov","item":"https:\/\/pavidecor.si\/hr\/"},{"@type":"ListItem","position":2,"name":"Internetska trgovina","item":"https:\/\/pavidecor.si\/hr\/internetska-trgovina\/"},{"@type":"ListItem","position":3,"name":"Slika vise\u0107a u\u017ead 40x40cm"}]},{"@type":"WebSite","@id":"https:\/\/pavidecor.si\/hr\/#website","url":"https:\/\/pavidecor.si\/hr\/","name":"Pavi Decor","description":"Leseni unikati ustvarjeni iz ljubezni do lesa in narave.","potentialAction":[{"@type":"SearchAction","target":{"@type":"EntryPoint","urlTemplate":"https:\/\/pavidecor.si\/hr\/?s={search_term_string}"},"query-input":{"@type":"PropertyValueSpecification","valueRequired":true,"valueName":"search_term_string"}}],"inLanguage":"hr"}]}},"_links":{"self":[{"href":"https:\/\/pavidecor.si\/hr\/wp-json\/wp\/v2\/product\/18900","targetHints":{"allow":["GET"]}}],"collection":[{"href":"https:\/\/pavidecor.si\/hr\/wp-json\/wp\/v2\/product"}],"about":[{"href":"https:\/\/pavidecor.si\/hr\/wp-json\/wp\/v2\/types\/product"}],"replies":[{"embeddable":true,"href":"https:\/\/pavidecor.si\/hr\/wp-json\/wp\/v2\/comments?post=18900"}],"wp:featuredmedia":[{"embeddable":true,"href":"https:\/\/pavidecor.si\/hr\/wp-json\/wp\/v2\/media\/18901"}],"wp:attachment":[{"href":"https:\/\/pavidecor.si\/hr\/wp-json\/wp\/v2\/media?parent=18900"}],"wp:term":[{"taxonomy":"product_brand","embeddable":true,"href":"https:\/\/pavidecor.si\/hr\/wp-json\/wp\/v2\/product_brand?post=18900"},{"taxonomy":"product_cat","embeddable":true,"href":"https:\/\/pavidecor.si\/hr\/wp-json\/wp\/v2\/product_cat?post=18900"},{"taxonomy":"product_tag","embeddable":true,"href":"https:\/\/pavidecor.si\/hr\/wp-json\/wp\/v2\/product_tag?post=18900"}],"curies":[{"name":"wp","href":"https:\/\/api.w.org\/{rel}","templated":true}]}}