	{"id":18870,"date":"2022-08-25T09:58:16","date_gmt":"2022-08-25T09:58:16","guid":{"rendered":"https:\/\/pavidecor.si\/product\/dekorativno-veslo-5-st-barth-plavo-o4x202cm\/"},"modified":"2026-04-22T11:10:24","modified_gmt":"2026-04-22T11:10:24","slug":"dekorativno-veslo-5-st-barth-plavo-o4x202cm","status":"publish","type":"product","link":"https:\/\/pavidecor.si\/hr\/proizvod\/dekorativno-veslo-5-st-barth-plavo-o4x202cm\/","title":{"rendered":"Dekorativno veslo 5 St.Barth plavo \u00f84x202cm"},"content":{"rendered":"<p><span class=\"prvimanjsinaslovopis\"> Dekorativno veslo &#8211; Unikatni morski dekor za va\u0161 dom<\/span><\/p>\n<p>&nbsp;<\/p>\n<h2><span class=\"odebeljenopis\"><strong> U\u017eivajte u \u010daroliji mora s na\u0161im dekorativnim veslom koje unosi duh ljetnih dana u svaki prostor. Ovaj jedinstveni komad namje\u0161taja ne samo da \u0107e obogatiti va\u0161 interijer, ve\u0107 \u0107e vas i podsjetiti na nezaboravne trenutke provedene uz more. Izra\u0111eno s ljubavlju i pa\u017enjom, ovo veslo je savr\u0161en dodatak za svaki dom, lokal ili vikendicu.<\/strong><\/span><\/h2>\n<p>&nbsp;<\/p>\n<div class=\"row\">\n<div class=\"col-sm-6 \" style=\"margin-top: 30px;\"><center><img decoding=\"async\" class=\"lazyload img-responsive\" style=\"margin: 0px auto; max-width: 100%;\" src=\"data:image\/svg+xml,%3Csvg%20xmlns%3D%27http%3A%2F%2Fwww.w3.org%2F2000%2Fsvg%27%20width%3D%272540%27%20height%3D%272539%27%20viewBox%3D%270%200%202540%202539%27%3E%3Crect%20width%3D%272540%27%20height%3D%272539%27%20fill-opacity%3D%220%22%2F%3E%3C%2Fsvg%3E\" data-orig-src=\"https:\/\/pavidecor.si\/wp-content\/uploads\/2022\/08\/1IMG_6780-2.jpg\" \/><\/center><\/div>\n<div class=\"col-sm-6\" style=\"margin-top: 40px;\">\n<p>&nbsp;<\/p>\n<h3>Jedinstvena ru\u010dna izrada<\/h3>\n<p>Na\u0161a trgovina PAVI DECOR iz Ljubljane ponosi se ru\u010dno izra\u0111enim proizvodima koji su rezultat strasti prema drvetu i prirodi. Svako dekorativno veslo izra\u0111ujemo s posebnom pa\u017enjom, koriste\u0107i tradicionalne tehnike spajanja drvenih dijelova, koje su koristili stari majstori. Ovaj na\u010din izrade daje na\u0161im proizvodima <strong>autenti\u010dan izgled i osje\u0107aj<\/strong>, \u010dine\u0107i ih pravim umjetni\u010dkim djelima. Na\u0161a vesla su vi\u0161e od obi\u010dnog dekorativnog predmeta; ona pri\u010daju pri\u010du o tradiciji i ljubavi prema prirodi.<\/p>\n<p>&nbsp;<\/p>\n<p>Svako veslo je unikatno, s pa\u017eljivo odabranim detaljima koji ga \u010dine posebnim. Osnovne boje, bijela ili sme\u0111a, dopunjene su \u017eivopisnim detaljima, natpisima i brojevima, \u0161to dodatno nagla\u0161ava njegovu jedinstvenost. Ova vesla su savr\u0161ena za ukra\u0161avanje interijera, ali i za <strong>stvaranje opu\u0161taju\u0107e atmosfere<\/strong> u va\u0161em prostoru.<\/p>\n<p>&nbsp;<\/p>\n<\/div>\n<\/div>\n<div class=\"row\">\n<div class=\"col-sm-6 col-sm-push-6\" style=\"margin-top: 30px;\"><center><img decoding=\"async\" class=\"lazyload img-responsive\" style=\"margin: 0px auto; max-width: 100%;\" src=\"data:image\/svg+xml,%3Csvg%20xmlns%3D%27http%3A%2F%2Fwww.w3.org%2F2000%2Fsvg%27%20width%3D%272239%27%20height%3D%272238%27%20viewBox%3D%270%200%202239%202238%27%3E%3Crect%20width%3D%272239%27%20height%3D%272238%27%20fill-opacity%3D%220%22%2F%3E%3C%2Fsvg%3E\" data-orig-src=\" https:\/\/pavidecor.si\/wp-content\/uploads\/2022\/08\/2IMG_6776-2.jpg\" \/><\/center><\/div>\n<div class=\"col-sm-6 col-sm-pull-6\" style=\"margin-top: 40px;\">\n<p>&nbsp;<\/p>\n<h3>Prilagodba prema va\u0161im \u017eeljama<\/h3>\n<p>U PAVI DECOR-u razumijemo da svaki prostor ima svoju pri\u010du, stoga nudimo mogu\u0107nost <b>izrade vesala po narud\u017ebi<\/b>. Bez obzira na to \u017eelite li promijeniti boju, du\u017einu ili dodati personalizirani natpis, na\u0161 tim je ovdje da ispuni va\u0161e \u017eelje. Na\u0161a fleksibilnost u izradi omogu\u0107ava vam da dobijete to\u010dno ono \u0161to \u017eelite, prilago\u0111eno va\u0161em stilu i potrebama.<\/p>\n<p>&nbsp;<\/p>\n<p>Osim \u0161to su savr\u0161eni za va\u0161 dom, ova vesla su tako\u0111er idealna za kafi\u0107e, restorane ili vikendice, gdje mogu stvoriti jedinstveni <a href=\"https:\/\/pavidecor.si\/hr\/projects\/morski-ambijent\/\"><strong><span style=\"color: #3366ff;\">morski ambijent<\/span><\/strong><\/a>. S na\u0161im dekorativnim veslima, svaki kutak va\u0161eg prostora mo\u017ee postati oaza mira i opu\u0161tanja, evociraju\u0107i uspomene na sun\u010dane dane provedene uz more.<\/p>\n<p>&nbsp;<\/p>\n<\/div>\n<\/div>\n<div class=\"row\">\n<div class=\"col-sm-6\" style=\"margin-top: 30px;\"><center><img decoding=\"async\" class=\"lazyload img-responsive\" style=\"margin: 0px auto; max-width: 100%;\" src=\"data:image\/svg+xml,%3Csvg%20xmlns%3D%27http%3A%2F%2Fwww.w3.org%2F2000%2Fsvg%27%20width%3D%272560%27%20height%3D%272560%27%20viewBox%3D%270%200%202560%202560%27%3E%3Crect%20width%3D%272560%27%20height%3D%272560%27%20fill-opacity%3D%220%22%2F%3E%3C%2Fsvg%3E\" data-orig-src=\" https:\/\/pavidecor.si\/wp-content\/uploads\/2022\/08\/3IMG_6777-2-scaled.jpg\" \/><\/center><\/div>\n<div class=\"col-sm-6\" style=\"margin-top: 40px;\">\n<p>&nbsp;<\/p>\n<h3>Specifikacije proizvoda<\/h3>\n<p>Na\u0161a dekorativna vesla su izra\u0111ena od kvalitetnog drva, s pa\u017enjom na svaki detalj. Osnovne boje su bijela i sme\u0111a, a dodatni detalji uklju\u010duju razne boje, natpise i brojeve. Svako veslo je ru\u010dno oslikano i jedinstveno, \u0161to ga \u010dini <strong>savr\u0161enim dodatkom<\/strong> za svaki prostor. Tako\u0111er, nudimo mogu\u0107nost izrade vesala po narud\u017ebi, prilago\u0111avaju\u0107i du\u017einu, boju i natpis prema va\u0161im \u017eeljama.<\/p>\n<p>&nbsp;<\/p>\n<p>Na\u0161a vesla ne samo da su dekorativna, ve\u0107 i funkcionalna, te se mogu koristiti kao zanimljiv element u va\u0161em interijeru. Bilo da se radi o stanu, ku\u0107i ili vikendici, ova vesla \u0107e unijeti <strong>da\u0161ak mora<\/strong> i ljetne idile u va\u0161 \u017eivot.<\/p>\n<\/div>\n<\/div>\n<p>&nbsp;<\/p>\n","protected":false},"excerpt":{"rendered":"<p><strong><span style=\"color: #c4963c;\">\u2192 Ru\u010dni rad<\/span><\/strong><strong><span style=\"color: #c4963c;\"><br \/>\n<\/span><span style=\"color: #c4963c;\">\u2192 Jedinstveno<\/span><\/strong><\/p>\n","protected":false},"featured_media":18872,"comment_status":"open","ping_status":"closed","template":"","meta":[],"product_brand":[],"product_cat":[357],"product_tag":[218],"class_list":{"0":"post-18870","1":"product","2":"type-product","3":"status-publish","4":"has-post-thumbnail","6":"product_cat-vesla-hr","7":"product_tag-nov","9":"first","10":"outofstock","11":"sold-individually","12":"taxable","13":"shipping-taxable","14":"purchasable","15":"product-type-simple"},"yoast_head":"<!-- This site is optimized with the Yoast SEO plugin v27.2 - https:\/\/yoast.com\/product\/yoast-seo-wordpress\/ -->\n<title>Dekorativno veslo St. Barth - Unikatni morski dekor za va\u0161 dom<\/title>\n<meta name=\"description\" content=\"Dekorativno veslo donosi miris mora, opu\u0161tanje i uspomenu na odmor u prostore. Svaki je jedinstven. Tako\u0111er izra\u0111ujemo vesla po narud\u017ebi.\" \/>\n<meta name=\"robots\" content=\"index, follow, max-snippet:-1, max-image-preview:large, max-video-preview:-1\" \/>\n<link rel=\"canonical\" href=\"https:\/\/pavidecor.si\/hr\/proizvod\/dekorativno-veslo-5-st-barth-plavo-o4x202cm\/\" \/>\n<meta property=\"og:locale\" content=\"hr_HR\" \/>\n<meta property=\"og:type\" content=\"article\" \/>\n<meta property=\"og:title\" content=\"Dekorativno veslo St. Barth - Unikatni morski dekor za va\u0161 dom\" \/>\n<meta property=\"og:description\" content=\"Dekorativno veslo donosi miris mora, opu\u0161tanje i uspomenu na odmor u prostore. Svaki je jedinstven. Tako\u0111er izra\u0111ujemo vesla po narud\u017ebi.\" \/>\n<meta property=\"og:url\" content=\"https:\/\/pavidecor.si\/hr\/proizvod\/dekorativno-veslo-5-st-barth-plavo-o4x202cm\/\" \/>\n<meta property=\"og:site_name\" content=\"Pavi Decor\" \/>\n<meta property=\"article:modified_time\" content=\"2026-04-22T11:10:24+00:00\" \/>\n<meta property=\"og:image\" content=\"https:\/\/pavidecor.si\/wp-content\/uploads\/2022\/08\/1IMG_6780-2.jpg\" \/>\n\t<meta property=\"og:image:width\" content=\"2540\" \/>\n\t<meta property=\"og:image:height\" content=\"2539\" \/>\n\t<meta property=\"og:image:type\" content=\"image\/jpeg\" \/>\n<meta name=\"twitter:card\" content=\"summary_large_image\" \/>\n<meta name=\"twitter:label1\" content=\"Procijenjeno vrijeme \u010ditanja\" \/>\n\t<meta name=\"twitter:data1\" content=\"3 minute\" \/>\n<script type=\"application\/ld+json\" class=\"yoast-schema-graph\">{\"@context\":\"https:\/\/schema.org\",\"@graph\":[{\"@type\":\"WebPage\",\"@id\":\"https:\/\/pavidecor.si\/hr\/proizvod\/dekorativno-veslo-5-st-barth-plavo-o4x202cm\/\",\"url\":\"https:\/\/pavidecor.si\/hr\/proizvod\/dekorativno-veslo-5-st-barth-plavo-o4x202cm\/\",\"name\":\"Dekorativno veslo St. Barth - Unikatni morski dekor za va\u0161 dom\",\"isPartOf\":{\"@id\":\"https:\/\/pavidecor.si\/hr\/#website\"},\"primaryImageOfPage\":{\"@id\":\"https:\/\/pavidecor.si\/hr\/proizvod\/dekorativno-veslo-5-st-barth-plavo-o4x202cm\/#primaryimage\"},\"image\":{\"@id\":\"https:\/\/pavidecor.si\/hr\/proizvod\/dekorativno-veslo-5-st-barth-plavo-o4x202cm\/#primaryimage\"},\"thumbnailUrl\":\"https:\/\/pavidecor.si\/wp-content\/uploads\/2022\/08\/1IMG_6780-2.jpg\",\"datePublished\":\"2022-08-25T09:58:16+00:00\",\"dateModified\":\"2026-04-22T11:10:24+00:00\",\"description\":\"Dekorativno veslo donosi miris mora, opu\u0161tanje i uspomenu na odmor u prostore. Svaki je jedinstven. Tako\u0111er izra\u0111ujemo vesla po narud\u017ebi.\",\"breadcrumb\":{\"@id\":\"https:\/\/pavidecor.si\/hr\/proizvod\/dekorativno-veslo-5-st-barth-plavo-o4x202cm\/#breadcrumb\"},\"inLanguage\":\"hr\",\"potentialAction\":[{\"@type\":\"ReadAction\",\"target\":[\"https:\/\/pavidecor.si\/hr\/proizvod\/dekorativno-veslo-5-st-barth-plavo-o4x202cm\/\"]}]},{\"@type\":\"ImageObject\",\"inLanguage\":\"hr\",\"@id\":\"https:\/\/pavidecor.si\/hr\/proizvod\/dekorativno-veslo-5-st-barth-plavo-o4x202cm\/#primaryimage\",\"url\":\"https:\/\/pavidecor.si\/wp-content\/uploads\/2022\/08\/1IMG_6780-2.jpg\",\"contentUrl\":\"https:\/\/pavidecor.si\/wp-content\/uploads\/2022\/08\/1IMG_6780-2.jpg\",\"width\":2540,\"height\":2539,\"caption\":\"PAVI DECOR\"},{\"@type\":\"BreadcrumbList\",\"@id\":\"https:\/\/pavidecor.si\/hr\/proizvod\/dekorativno-veslo-5-st-barth-plavo-o4x202cm\/#breadcrumb\",\"itemListElement\":[{\"@type\":\"ListItem\",\"position\":1,\"name\":\"Domov\",\"item\":\"https:\/\/pavidecor.si\/hr\/\"},{\"@type\":\"ListItem\",\"position\":2,\"name\":\"Internetska trgovina\",\"item\":\"https:\/\/pavidecor.si\/hr\/internetska-trgovina\/\"},{\"@type\":\"ListItem\",\"position\":3,\"name\":\"Dekorativno veslo 5 St.Barth plavo \u00f84x202cm\"}]},{\"@type\":\"WebSite\",\"@id\":\"https:\/\/pavidecor.si\/hr\/#website\",\"url\":\"https:\/\/pavidecor.si\/hr\/\",\"name\":\"Pavi Decor\",\"description\":\"Leseni unikati ustvarjeni iz ljubezni do lesa in narave.\",\"potentialAction\":[{\"@type\":\"SearchAction\",\"target\":{\"@type\":\"EntryPoint\",\"urlTemplate\":\"https:\/\/pavidecor.si\/hr\/?s={search_term_string}\"},\"query-input\":{\"@type\":\"PropertyValueSpecification\",\"valueRequired\":true,\"valueName\":\"search_term_string\"}}],\"inLanguage\":\"hr\"}]}<\/script>\n<!-- \/ Yoast SEO plugin. -->","yoast_head_json":{"title":"Dekorativno veslo St. Barth - Unikatni morski dekor za va\u0161 dom","description":"Dekorativno veslo donosi miris mora, opu\u0161tanje i uspomenu na odmor u prostore. Svaki je jedinstven. Tako\u0111er izra\u0111ujemo vesla po narud\u017ebi.","robots":{"index":"index","follow":"follow","max-snippet":"max-snippet:-1","max-image-preview":"max-image-preview:large","max-video-preview":"max-video-preview:-1"},"canonical":"https:\/\/pavidecor.si\/hr\/proizvod\/dekorativno-veslo-5-st-barth-plavo-o4x202cm\/","og_locale":"hr_HR","og_type":"article","og_title":"Dekorativno veslo St. Barth - Unikatni morski dekor za va\u0161 dom","og_description":"Dekorativno veslo donosi miris mora, opu\u0161tanje i uspomenu na odmor u prostore. Svaki je jedinstven. Tako\u0111er izra\u0111ujemo vesla po narud\u017ebi.","og_url":"https:\/\/pavidecor.si\/hr\/proizvod\/dekorativno-veslo-5-st-barth-plavo-o4x202cm\/","og_site_name":"Pavi Decor","article_modified_time":"2026-04-22T11:10:24+00:00","og_image":[{"width":2540,"height":2539,"url":"https:\/\/pavidecor.si\/wp-content\/uploads\/2022\/08\/1IMG_6780-2.jpg","type":"image\/jpeg"}],"twitter_card":"summary_large_image","twitter_misc":{"Procijenjeno vrijeme \u010ditanja":"3 minute"},"schema":{"@context":"https:\/\/schema.org","@graph":[{"@type":"WebPage","@id":"https:\/\/pavidecor.si\/hr\/proizvod\/dekorativno-veslo-5-st-barth-plavo-o4x202cm\/","url":"https:\/\/pavidecor.si\/hr\/proizvod\/dekorativno-veslo-5-st-barth-plavo-o4x202cm\/","name":"Dekorativno veslo St. Barth - Unikatni morski dekor za va\u0161 dom","isPartOf":{"@id":"https:\/\/pavidecor.si\/hr\/#website"},"primaryImageOfPage":{"@id":"https:\/\/pavidecor.si\/hr\/proizvod\/dekorativno-veslo-5-st-barth-plavo-o4x202cm\/#primaryimage"},"image":{"@id":"https:\/\/pavidecor.si\/hr\/proizvod\/dekorativno-veslo-5-st-barth-plavo-o4x202cm\/#primaryimage"},"thumbnailUrl":"https:\/\/pavidecor.si\/wp-content\/uploads\/2022\/08\/1IMG_6780-2.jpg","datePublished":"2022-08-25T09:58:16+00:00","dateModified":"2026-04-22T11:10:24+00:00","description":"Dekorativno veslo donosi miris mora, opu\u0161tanje i uspomenu na odmor u prostore. Svaki je jedinstven. Tako\u0111er izra\u0111ujemo vesla po narud\u017ebi.","breadcrumb":{"@id":"https:\/\/pavidecor.si\/hr\/proizvod\/dekorativno-veslo-5-st-barth-plavo-o4x202cm\/#breadcrumb"},"inLanguage":"hr","potentialAction":[{"@type":"ReadAction","target":["https:\/\/pavidecor.si\/hr\/proizvod\/dekorativno-veslo-5-st-barth-plavo-o4x202cm\/"]}]},{"@type":"ImageObject","inLanguage":"hr","@id":"https:\/\/pavidecor.si\/hr\/proizvod\/dekorativno-veslo-5-st-barth-plavo-o4x202cm\/#primaryimage","url":"https:\/\/pavidecor.si\/wp-content\/uploads\/2022\/08\/1IMG_6780-2.jpg","contentUrl":"https:\/\/pavidecor.si\/wp-content\/uploads\/2022\/08\/1IMG_6780-2.jpg","width":2540,"height":2539,"caption":"PAVI DECOR"},{"@type":"BreadcrumbList","@id":"https:\/\/pavidecor.si\/hr\/proizvod\/dekorativno-veslo-5-st-barth-plavo-o4x202cm\/#breadcrumb","itemListElement":[{"@type":"ListItem","position":1,"name":"Domov","item":"https:\/\/pavidecor.si\/hr\/"},{"@type":"ListItem","position":2,"name":"Internetska trgovina","item":"https:\/\/pavidecor.si\/hr\/internetska-trgovina\/"},{"@type":"ListItem","position":3,"name":"Dekorativno veslo 5 St.Barth plavo \u00f84x202cm"}]},{"@type":"WebSite","@id":"https:\/\/pavidecor.si\/hr\/#website","url":"https:\/\/pavidecor.si\/hr\/","name":"Pavi Decor","description":"Leseni unikati ustvarjeni iz ljubezni do lesa in narave.","potentialAction":[{"@type":"SearchAction","target":{"@type":"EntryPoint","urlTemplate":"https:\/\/pavidecor.si\/hr\/?s={search_term_string}"},"query-input":{"@type":"PropertyValueSpecification","valueRequired":true,"valueName":"search_term_string"}}],"inLanguage":"hr"}]}},"_links":{"self":[{"href":"https:\/\/pavidecor.si\/hr\/wp-json\/wp\/v2\/product\/18870","targetHints":{"allow":["GET"]}}],"collection":[{"href":"https:\/\/pavidecor.si\/hr\/wp-json\/wp\/v2\/product"}],"about":[{"href":"https:\/\/pavidecor.si\/hr\/wp-json\/wp\/v2\/types\/product"}],"replies":[{"embeddable":true,"href":"https:\/\/pavidecor.si\/hr\/wp-json\/wp\/v2\/comments?post=18870"}],"wp:featuredmedia":[{"embeddable":true,"href":"https:\/\/pavidecor.si\/hr\/wp-json\/wp\/v2\/media\/18872"}],"wp:attachment":[{"href":"https:\/\/pavidecor.si\/hr\/wp-json\/wp\/v2\/media?parent=18870"}],"wp:term":[{"taxonomy":"product_brand","embeddable":true,"href":"https:\/\/pavidecor.si\/hr\/wp-json\/wp\/v2\/product_brand?post=18870"},{"taxonomy":"product_cat","embeddable":true,"href":"https:\/\/pavidecor.si\/hr\/wp-json\/wp\/v2\/product_cat?post=18870"},{"taxonomy":"product_tag","embeddable":true,"href":"https:\/\/pavidecor.si\/hr\/wp-json\/wp\/v2\/product_tag?post=18870"}],"curies":[{"name":"wp","href":"https:\/\/api.w.org\/{rel}","templated":true}]}}