	{"id":18794,"date":"2022-08-29T07:43:08","date_gmt":"2022-08-29T07:43:08","guid":{"rendered":"https:\/\/pavidecor.si\/product\/stojeca-dekorativna-jedrilica-saint-tropez-48x30x4-5cm\/"},"modified":"2026-04-23T05:07:07","modified_gmt":"2026-04-23T05:07:07","slug":"stojeca-dekorativna-jedrilica-saint-tropez-48x30x4-5cm","status":"publish","type":"product","link":"https:\/\/pavidecor.si\/hr\/proizvod\/stojeca-dekorativna-jedrilica-saint-tropez-48x30x4-5cm\/","title":{"rendered":"Stoje\u0107a dekorativna jedrilica Saint Tropez 48x30x4.5cm"},"content":{"rendered":"<p><span class=\"prvimanjsinaslovopis\"> Stoje\u0107a dekorativna jedrilica &#8211; Unikatna dekoracija koja donosi duh mora u va\u0161 dom<\/span><\/p>\n<p>&nbsp;<\/p>\n<h2><span class=\"odebeljenopis\"><strong> U\u017eivajte u \u010daroliji mora s na\u0161om stoje\u0107om dekorativnom jedrilicom, koja je savr\u0161ena kombinacija umjetnosti i prirode. Ova jedinstvena dekoracija, izra\u0111ena od naplavljenog i recikliranog drva, donosi toplinu i autenti\u010dnost u svaki prostor. S ljubavlju izra\u0111ena u Sloveniji, svaki komad nosi pri\u010du o tradiciji i strasti prema drvetu.<\/strong><\/span><\/h2>\n<p>&nbsp;<\/p>\n<div class=\"row\">\n<div class=\"col-sm-6 \" style=\"margin-top: 30px;\"><center><img decoding=\"async\" class=\"lazyload img-responsive\" style=\"margin: 0px auto; max-width: 100%;\" src=\"data:image\/svg+xml,%3Csvg%20xmlns%3D%27http%3A%2F%2Fwww.w3.org%2F2000%2Fsvg%27%20width%3D%272022%27%20height%3D%272022%27%20viewBox%3D%270%200%202022%202022%27%3E%3Crect%20width%3D%272022%27%20height%3D%272022%27%20fill-opacity%3D%220%22%2F%3E%3C%2Fsvg%3E\" data-orig-src=\"https:\/\/pavidecor.si\/wp-content\/uploads\/2022\/08\/1IMG_6828-2.jpg\" \/><\/center><\/div>\n<div class=\"col-sm-6\" style=\"margin-top: 40px;\">\n<p>&nbsp;<\/p>\n<h3>Jedinstvena ru\u010dna izrada<\/h3>\n<p>Na\u0161a stoje\u0107a dekorativna jedrilica rezultat je <b>ru\u010dne izrade<\/b> koja osigurava da svaki komad bude jedinstven. U PAVI DECOR-u iz Ljubljane, svaki proizvod nastaje s posebnom pa\u017enjom i ljubavlju prema drvetu i prirodi. Na\u0161i majstori koriste tradicionalne tehnike spajanja drvenih dijelova, \u0161to na\u0161im jedrilicama daje autenti\u010dan izgled i osje\u0107aj. Ova jedrilica nije samo dekoracija, ve\u0107 i umjetni\u010dko djelo koje \u0107e obogatiti svaki interijer ili eksterijer.<\/p>\n<p>&nbsp;<\/p>\n<p>Osim \u0161to je estetski privla\u010dna, jedrilica je i funkcionalna. S mogu\u0107no\u0161\u0107u <b>dotiska imena ili registracije<\/b>, mo\u017eete je prilagoditi prema vlastitim \u017eeljama. Ova personalizacija \u010dini je savr\u0161enim poklonom za posebne prigode ili kao jedinstveni dodatak va\u0161em domu. Na\u0161a jedrilica \u0107e vas podsje\u0107ati na sun\u010dane dane provedene na moru, stvaraju\u0107i ugodnu atmosferu u va\u0161em prostoru.<\/p>\n<p>&nbsp;<\/p>\n<\/div>\n<\/div>\n<div class=\"row\">\n<div class=\"col-sm-6 col-sm-push-6\" style=\"margin-top: 30px;\"><center><img decoding=\"async\" class=\"lazyload img-responsive\" style=\"margin: 0px auto; max-width: 100%;\" src=\"data:image\/svg+xml,%3Csvg%20xmlns%3D%27http%3A%2F%2Fwww.w3.org%2F2000%2Fsvg%27%20width%3D%272560%27%20height%3D%272560%27%20viewBox%3D%270%200%202560%202560%27%3E%3Crect%20width%3D%272560%27%20height%3D%272560%27%20fill-opacity%3D%220%22%2F%3E%3C%2Fsvg%3E\" data-orig-src=\" https:\/\/pavidecor.si\/wp-content\/uploads\/2022\/08\/2IMG_6832-2-scaled.jpg\" \/><\/center><\/div>\n<div class=\"col-sm-6 col-sm-pull-6\" style=\"margin-top: 40px;\">\n<p>&nbsp;<\/p>\n<h3>Ekolo\u0161ki prihvatljiva dekoracija<\/h3>\n<p>Izra\u0111ena od <b>naplavljenog i recikliranog drva<\/b>, na\u0161a stoje\u0107a dekorativna jedrilica ne samo da izgleda predivno, ve\u0107 je i ekolo\u0161ki prihvatljiva. U dana\u0161nje vrijeme, kada je o\u010duvanje prirode od iznimne va\u017enosti, odabir proizvoda koji su izra\u0111eni od recikliranih materijala doprinosi odr\u017eivosti. Na\u0161a jedrilica ne samo da donosi duh mora u va\u0161 dom, ve\u0107 i poma\u017ee u o\u010duvanju okoli\u0161a.<\/p>\n<p>&nbsp;<\/p>\n<p>Jedra su izra\u0111ena od prozirne pamu\u010dne tkanine, koja dodatno nagla\u0161ava nje\u017ean i prirodan izgled jedrilice. Metalne nogice osiguravaju stabilnost i dugotrajnost, dok zastavica na vrhu jarbola dodaje zavr\u0161ni dodir. Ova dekoracija savr\u0161ena je za sve ljubitelje mora i prirode, a mo\u017ee se koristiti u razli\u010ditim prostorima, od dnevnih soba do terasa i pla\u017enih barova.<\/p>\n<p>&nbsp;<\/p>\n<\/div>\n<\/div>\n<div class=\"row\">\n<div class=\"col-sm-6\" style=\"margin-top: 30px;\"><center><img decoding=\"async\" class=\"lazyload img-responsive\" style=\"margin: 0px auto; max-width: 100%;\" src=\"data:image\/svg+xml,%3Csvg%20xmlns%3D%27http%3A%2F%2Fwww.w3.org%2F2000%2Fsvg%27%20width%3D%272560%27%20height%3D%272560%27%20viewBox%3D%270%200%202560%202560%27%3E%3Crect%20width%3D%272560%27%20height%3D%272560%27%20fill-opacity%3D%220%22%2F%3E%3C%2Fsvg%3E\" data-orig-src=\" https:\/\/pavidecor.si\/wp-content\/uploads\/2022\/08\/3IMG_6833-2-scaled.jpg\" \/><\/center><\/div>\n<div class=\"col-sm-6\" style=\"margin-top: 40px;\">\n<p>&nbsp;<\/p>\n<h3>Specifikacije proizvoda<\/h3>\n<p>Na\u0161a stoje\u0107a dekorativna jedrilica dolazi s brojnim karakteristikama koje je \u010dine savr\u0161enim dodatkom va\u0161em prostoru. Izra\u0111ena je od <b>naplavljenog i recikliranog drva<\/b>, a jedra su od prozirne pamu\u010dne tkanine s dodatnim natpisom. Metalne nogice osiguravaju stabilnost, dok zastavica na vrhu jarbola dodaje poseban \u0161arm. Ova jedrilica imitira tradicionalne ribarske jedrilice, donose\u0107i duh mora u va\u0161 dom.<\/p>\n<p>&nbsp;<\/p>\n<p>Svaka jedrilica je ru\u010dno izra\u0111ena i obojena, \u0161to je \u010dini <b>jedinstvenom<\/b>. Na\u0161a trgovina PAVI DECOR ponosna je na svoje proizvode, koji su rezultat vlastitog znanja i kreativnosti. U\u017eivajte u ljepoti i autenti\u010dnosti na\u0161ih jedrilica, koje \u0107e vas podsje\u0107ati na more, sunce, vjetar i nezaboravne trenutke provedene na pla\u017ei.<\/p>\n<\/div>\n<\/div>\n<p>&nbsp;<\/p>\n","protected":false},"excerpt":{"rendered":"<p><strong><span style=\"color: #c4963c;\">\u2192 Ru\u010dno izra\u0111ena<\/span><\/strong><strong><span style=\"color: #c4963c;\"><br \/>\n<\/span><span style=\"color: #c4963c;\">\u2192 Jedinstvena<\/span><\/strong><\/p>\n","protected":false},"featured_media":18796,"comment_status":"open","ping_status":"closed","template":"","meta":[],"product_brand":[],"product_cat":[337],"product_tag":[218],"class_list":{"0":"post-18794","1":"product","2":"type-product","3":"status-publish","4":"has-post-thumbnail","6":"product_cat-brodovi","7":"product_tag-nov","9":"first","10":"instock","11":"sold-individually","12":"taxable","13":"shipping-taxable","14":"purchasable","15":"product-type-simple"},"yoast_head":"<!-- This site is optimized with the Yoast SEO plugin v27.2 - https:\/\/yoast.com\/product\/yoast-seo-wordpress\/ -->\n<title>Stoje\u0107a dekorativna jedrilica - Unikatna dekoracija PAVI DECOR<\/title>\n<meta name=\"description\" content=\"Stoje\u0107a dekorativna jedrilica prekrasan je nauti\u010dki dekor izra\u0111en od naplavljenog drveta i recikliranog drva. Ima prozirna pamu\u010dna jedra, natpis i zastavu.\" \/>\n<meta name=\"robots\" content=\"index, follow, max-snippet:-1, max-image-preview:large, max-video-preview:-1\" \/>\n<link rel=\"canonical\" href=\"https:\/\/pavidecor.si\/hr\/proizvod\/stojeca-dekorativna-jedrilica-saint-tropez-48x30x4-5cm\/\" \/>\n<meta property=\"og:locale\" content=\"hr_HR\" \/>\n<meta property=\"og:type\" content=\"article\" \/>\n<meta property=\"og:title\" content=\"Stoje\u0107a dekorativna jedrilica - Unikatna dekoracija PAVI DECOR\" \/>\n<meta property=\"og:description\" content=\"Stoje\u0107a dekorativna jedrilica prekrasan je nauti\u010dki dekor izra\u0111en od naplavljenog drveta i recikliranog drva. Ima prozirna pamu\u010dna jedra, natpis i zastavu.\" \/>\n<meta property=\"og:url\" content=\"https:\/\/pavidecor.si\/hr\/proizvod\/stojeca-dekorativna-jedrilica-saint-tropez-48x30x4-5cm\/\" \/>\n<meta property=\"og:site_name\" content=\"Pavi Decor\" \/>\n<meta property=\"article:modified_time\" content=\"2026-04-23T05:07:07+00:00\" \/>\n<meta property=\"og:image\" content=\"https:\/\/pavidecor.si\/wp-content\/uploads\/2022\/08\/1IMG_6828-2.jpg\" \/>\n\t<meta property=\"og:image:width\" content=\"2022\" \/>\n\t<meta property=\"og:image:height\" content=\"2022\" \/>\n\t<meta property=\"og:image:type\" content=\"image\/jpeg\" \/>\n<meta name=\"twitter:card\" content=\"summary_large_image\" \/>\n<meta name=\"twitter:label1\" content=\"Procijenjeno vrijeme \u010ditanja\" \/>\n\t<meta name=\"twitter:data1\" content=\"4 minute\" \/>\n<script type=\"application\/ld+json\" class=\"yoast-schema-graph\">{\"@context\":\"https:\/\/schema.org\",\"@graph\":[{\"@type\":\"WebPage\",\"@id\":\"https:\/\/pavidecor.si\/hr\/proizvod\/stojeca-dekorativna-jedrilica-saint-tropez-48x30x4-5cm\/\",\"url\":\"https:\/\/pavidecor.si\/hr\/proizvod\/stojeca-dekorativna-jedrilica-saint-tropez-48x30x4-5cm\/\",\"name\":\"Stoje\u0107a dekorativna jedrilica - Unikatna dekoracija PAVI DECOR\",\"isPartOf\":{\"@id\":\"https:\/\/pavidecor.si\/hr\/#website\"},\"primaryImageOfPage\":{\"@id\":\"https:\/\/pavidecor.si\/hr\/proizvod\/stojeca-dekorativna-jedrilica-saint-tropez-48x30x4-5cm\/#primaryimage\"},\"image\":{\"@id\":\"https:\/\/pavidecor.si\/hr\/proizvod\/stojeca-dekorativna-jedrilica-saint-tropez-48x30x4-5cm\/#primaryimage\"},\"thumbnailUrl\":\"https:\/\/pavidecor.si\/wp-content\/uploads\/2022\/08\/1IMG_6828-2.jpg\",\"datePublished\":\"2022-08-29T07:43:08+00:00\",\"dateModified\":\"2026-04-23T05:07:07+00:00\",\"description\":\"Stoje\u0107a dekorativna jedrilica prekrasan je nauti\u010dki dekor izra\u0111en od naplavljenog drveta i recikliranog drva. Ima prozirna pamu\u010dna jedra, natpis i zastavu.\",\"breadcrumb\":{\"@id\":\"https:\/\/pavidecor.si\/hr\/proizvod\/stojeca-dekorativna-jedrilica-saint-tropez-48x30x4-5cm\/#breadcrumb\"},\"inLanguage\":\"hr\",\"potentialAction\":[{\"@type\":\"ReadAction\",\"target\":[\"https:\/\/pavidecor.si\/hr\/proizvod\/stojeca-dekorativna-jedrilica-saint-tropez-48x30x4-5cm\/\"]}]},{\"@type\":\"ImageObject\",\"inLanguage\":\"hr\",\"@id\":\"https:\/\/pavidecor.si\/hr\/proizvod\/stojeca-dekorativna-jedrilica-saint-tropez-48x30x4-5cm\/#primaryimage\",\"url\":\"https:\/\/pavidecor.si\/wp-content\/uploads\/2022\/08\/1IMG_6828-2.jpg\",\"contentUrl\":\"https:\/\/pavidecor.si\/wp-content\/uploads\/2022\/08\/1IMG_6828-2.jpg\",\"width\":2022,\"height\":2022,\"caption\":\"PAVI DECOR\"},{\"@type\":\"BreadcrumbList\",\"@id\":\"https:\/\/pavidecor.si\/hr\/proizvod\/stojeca-dekorativna-jedrilica-saint-tropez-48x30x4-5cm\/#breadcrumb\",\"itemListElement\":[{\"@type\":\"ListItem\",\"position\":1,\"name\":\"Domov\",\"item\":\"https:\/\/pavidecor.si\/hr\/\"},{\"@type\":\"ListItem\",\"position\":2,\"name\":\"Internetska trgovina\",\"item\":\"https:\/\/pavidecor.si\/hr\/internetska-trgovina\/\"},{\"@type\":\"ListItem\",\"position\":3,\"name\":\"Stoje\u0107a dekorativna jedrilica Saint Tropez 48x30x4.5cm\"}]},{\"@type\":\"WebSite\",\"@id\":\"https:\/\/pavidecor.si\/hr\/#website\",\"url\":\"https:\/\/pavidecor.si\/hr\/\",\"name\":\"Pavi Decor\",\"description\":\"Leseni unikati ustvarjeni iz ljubezni do lesa in narave.\",\"potentialAction\":[{\"@type\":\"SearchAction\",\"target\":{\"@type\":\"EntryPoint\",\"urlTemplate\":\"https:\/\/pavidecor.si\/hr\/?s={search_term_string}\"},\"query-input\":{\"@type\":\"PropertyValueSpecification\",\"valueRequired\":true,\"valueName\":\"search_term_string\"}}],\"inLanguage\":\"hr\"}]}<\/script>\n<!-- \/ Yoast SEO plugin. -->","yoast_head_json":{"title":"Stoje\u0107a dekorativna jedrilica - Unikatna dekoracija PAVI DECOR","description":"Stoje\u0107a dekorativna jedrilica prekrasan je nauti\u010dki dekor izra\u0111en od naplavljenog drveta i recikliranog drva. Ima prozirna pamu\u010dna jedra, natpis i zastavu.","robots":{"index":"index","follow":"follow","max-snippet":"max-snippet:-1","max-image-preview":"max-image-preview:large","max-video-preview":"max-video-preview:-1"},"canonical":"https:\/\/pavidecor.si\/hr\/proizvod\/stojeca-dekorativna-jedrilica-saint-tropez-48x30x4-5cm\/","og_locale":"hr_HR","og_type":"article","og_title":"Stoje\u0107a dekorativna jedrilica - Unikatna dekoracija PAVI DECOR","og_description":"Stoje\u0107a dekorativna jedrilica prekrasan je nauti\u010dki dekor izra\u0111en od naplavljenog drveta i recikliranog drva. Ima prozirna pamu\u010dna jedra, natpis i zastavu.","og_url":"https:\/\/pavidecor.si\/hr\/proizvod\/stojeca-dekorativna-jedrilica-saint-tropez-48x30x4-5cm\/","og_site_name":"Pavi Decor","article_modified_time":"2026-04-23T05:07:07+00:00","og_image":[{"width":2022,"height":2022,"url":"https:\/\/pavidecor.si\/wp-content\/uploads\/2022\/08\/1IMG_6828-2.jpg","type":"image\/jpeg"}],"twitter_card":"summary_large_image","twitter_misc":{"Procijenjeno vrijeme \u010ditanja":"4 minute"},"schema":{"@context":"https:\/\/schema.org","@graph":[{"@type":"WebPage","@id":"https:\/\/pavidecor.si\/hr\/proizvod\/stojeca-dekorativna-jedrilica-saint-tropez-48x30x4-5cm\/","url":"https:\/\/pavidecor.si\/hr\/proizvod\/stojeca-dekorativna-jedrilica-saint-tropez-48x30x4-5cm\/","name":"Stoje\u0107a dekorativna jedrilica - Unikatna dekoracija PAVI DECOR","isPartOf":{"@id":"https:\/\/pavidecor.si\/hr\/#website"},"primaryImageOfPage":{"@id":"https:\/\/pavidecor.si\/hr\/proizvod\/stojeca-dekorativna-jedrilica-saint-tropez-48x30x4-5cm\/#primaryimage"},"image":{"@id":"https:\/\/pavidecor.si\/hr\/proizvod\/stojeca-dekorativna-jedrilica-saint-tropez-48x30x4-5cm\/#primaryimage"},"thumbnailUrl":"https:\/\/pavidecor.si\/wp-content\/uploads\/2022\/08\/1IMG_6828-2.jpg","datePublished":"2022-08-29T07:43:08+00:00","dateModified":"2026-04-23T05:07:07+00:00","description":"Stoje\u0107a dekorativna jedrilica prekrasan je nauti\u010dki dekor izra\u0111en od naplavljenog drveta i recikliranog drva. Ima prozirna pamu\u010dna jedra, natpis i zastavu.","breadcrumb":{"@id":"https:\/\/pavidecor.si\/hr\/proizvod\/stojeca-dekorativna-jedrilica-saint-tropez-48x30x4-5cm\/#breadcrumb"},"inLanguage":"hr","potentialAction":[{"@type":"ReadAction","target":["https:\/\/pavidecor.si\/hr\/proizvod\/stojeca-dekorativna-jedrilica-saint-tropez-48x30x4-5cm\/"]}]},{"@type":"ImageObject","inLanguage":"hr","@id":"https:\/\/pavidecor.si\/hr\/proizvod\/stojeca-dekorativna-jedrilica-saint-tropez-48x30x4-5cm\/#primaryimage","url":"https:\/\/pavidecor.si\/wp-content\/uploads\/2022\/08\/1IMG_6828-2.jpg","contentUrl":"https:\/\/pavidecor.si\/wp-content\/uploads\/2022\/08\/1IMG_6828-2.jpg","width":2022,"height":2022,"caption":"PAVI DECOR"},{"@type":"BreadcrumbList","@id":"https:\/\/pavidecor.si\/hr\/proizvod\/stojeca-dekorativna-jedrilica-saint-tropez-48x30x4-5cm\/#breadcrumb","itemListElement":[{"@type":"ListItem","position":1,"name":"Domov","item":"https:\/\/pavidecor.si\/hr\/"},{"@type":"ListItem","position":2,"name":"Internetska trgovina","item":"https:\/\/pavidecor.si\/hr\/internetska-trgovina\/"},{"@type":"ListItem","position":3,"name":"Stoje\u0107a dekorativna jedrilica Saint Tropez 48x30x4.5cm"}]},{"@type":"WebSite","@id":"https:\/\/pavidecor.si\/hr\/#website","url":"https:\/\/pavidecor.si\/hr\/","name":"Pavi Decor","description":"Leseni unikati ustvarjeni iz ljubezni do lesa in narave.","potentialAction":[{"@type":"SearchAction","target":{"@type":"EntryPoint","urlTemplate":"https:\/\/pavidecor.si\/hr\/?s={search_term_string}"},"query-input":{"@type":"PropertyValueSpecification","valueRequired":true,"valueName":"search_term_string"}}],"inLanguage":"hr"}]}},"_links":{"self":[{"href":"https:\/\/pavidecor.si\/hr\/wp-json\/wp\/v2\/product\/18794","targetHints":{"allow":["GET"]}}],"collection":[{"href":"https:\/\/pavidecor.si\/hr\/wp-json\/wp\/v2\/product"}],"about":[{"href":"https:\/\/pavidecor.si\/hr\/wp-json\/wp\/v2\/types\/product"}],"replies":[{"embeddable":true,"href":"https:\/\/pavidecor.si\/hr\/wp-json\/wp\/v2\/comments?post=18794"}],"wp:featuredmedia":[{"embeddable":true,"href":"https:\/\/pavidecor.si\/hr\/wp-json\/wp\/v2\/media\/18796"}],"wp:attachment":[{"href":"https:\/\/pavidecor.si\/hr\/wp-json\/wp\/v2\/media?parent=18794"}],"wp:term":[{"taxonomy":"product_brand","embeddable":true,"href":"https:\/\/pavidecor.si\/hr\/wp-json\/wp\/v2\/product_brand?post=18794"},{"taxonomy":"product_cat","embeddable":true,"href":"https:\/\/pavidecor.si\/hr\/wp-json\/wp\/v2\/product_cat?post=18794"},{"taxonomy":"product_tag","embeddable":true,"href":"https:\/\/pavidecor.si\/hr\/wp-json\/wp\/v2\/product_tag?post=18794"}],"curies":[{"name":"wp","href":"https:\/\/api.w.org\/{rel}","templated":true}]}}