	{"id":18664,"date":"2022-09-01T08:23:37","date_gmt":"2022-09-01T08:23:37","guid":{"rendered":"https:\/\/pavidecor.si\/product\/prtljaznik-57x53x45cm\/"},"modified":"2026-04-24T15:41:23","modified_gmt":"2026-04-24T15:41:23","slug":"stalak-za-prtljagu-bukva-bijeli-57x53x54cm","status":"publish","type":"product","link":"https:\/\/pavidecor.si\/hr\/proizvod\/stalak-za-prtljagu-bukva-bijeli-57x53x54cm\/","title":{"rendered":"Stalak za prtljagu bukva bijeli 57x53x54cm"},"content":{"rendered":"<p><span class=\"prvimanjsinaslovopis\">Stalak za prtljagu &#8211; Prakti\u010dno rje\u0161enje za svaki dom ili apartman<\/span><\/p>\n<p>&nbsp;<\/p>\n<h2><strong><span class=\"odebeljenopis\"> U\u017eivajte u prakti\u010dnosti i stilu s na\u0161im stalkom za prtljagu, savr\u0161enim dodatkom za va\u0161 dom ili apartman. Ovaj elegantni komad namje\u0161taja ne samo da nudi dodatnu povr\u0161inu za odlaganje stvari, ve\u0107 i doprinosi organizaciji prostora, \u010dine\u0107i ga idealnim za sve va\u0161e goste.<\/span><\/strong><\/h2>\n<p>&nbsp;<\/p>\n<div class=\"row\">\n<div class=\"col-sm-6 \" style=\"margin-top: 30px;\"><center><img decoding=\"async\" class=\"lazyload img-responsive\" style=\"margin: 0px auto; max-width: 100%;\" src=\"data:image\/svg+xml,%3Csvg%20xmlns%3D%27http%3A%2F%2Fwww.w3.org%2F2000%2Fsvg%27%20width%3D%271885%27%20height%3D%271885%27%20viewBox%3D%270%200%201885%201885%27%3E%3Crect%20width%3D%271885%27%20height%3D%271885%27%20fill-opacity%3D%220%22%2F%3E%3C%2Fsvg%3E\" data-orig-src=\"https:\/\/pavidecor.si\/wp-content\/uploads\/2022\/09\/1IMG_6865-2b.jpg\" \/><\/center><\/div>\n<div class=\"col-sm-6\" style=\"margin-top: 40px;\">\n<p>&nbsp;<\/p>\n<h3>Prakti\u010dnost i funkcionalnost<\/h3>\n<p>Stalak za prtljagu je izvanredan dodatak koji nudi <b>dodatnu povr\u0161inu<\/b> za odlaganje raznih predmeta. Bez obzira jeste li u hotelu, apartmanu ili kod ku\u0107e, ovaj stalak omogu\u0107ava gostima da lako odlo\u017ee svoje kov\u010dege i torbe. Njegova funkcionalnost dolazi do izra\u017eaja posebno kada primate goste ili kada se studenti vra\u0107aju ku\u0107i za vikend.<\/p>\n<p>Osim \u0161to je prakti\u010dan, stalak je i vrlo <b>robustan i izdr\u017eljiv<\/b>. Izra\u0111en od iznimno \u010dvrstog masivnog bukovog drveta, mo\u017ee podnijeti te\u017einu va\u0161ih stvari bez problema. Njegov dizajn omogu\u0107ava lako sklapanje kada nije u upotrebi, \u0161to ga \u010dini savr\u0161enim rje\u0161enjem za manje prostore.<\/p>\n<p>&nbsp;<\/p>\n<\/div>\n<\/div>\n<div class=\"row\">\n<div class=\"col-sm-6 col-sm-push-6\" style=\"margin-top: 30px;\"><center><img decoding=\"async\" class=\"lazyload img-responsive\" style=\"margin: 0px auto; max-width: 100%;\" src=\"data:image\/svg+xml,%3Csvg%20xmlns%3D%27http%3A%2F%2Fwww.w3.org%2F2000%2Fsvg%27%20width%3D%271132%27%20height%3D%271132%27%20viewBox%3D%270%200%201132%201132%27%3E%3Crect%20width%3D%271132%27%20height%3D%271132%27%20fill-opacity%3D%220%22%2F%3E%3C%2Fsvg%3E\" data-orig-src=\" https:\/\/pavidecor.si\/wp-content\/uploads\/2022\/09\/2IMG_6871-2.jpg\" \/><\/center><\/div>\n<div class=\"col-sm-6 col-sm-pull-6\" style=\"margin-top: 40px;\">\n<p>&nbsp;<\/p>\n<h3>Estetika i kvaliteta<\/h3>\n<p>Na\u0161a trgovina PAVI DECOR iz Ljubljane ponosna je na ru\u010dno izra\u0111ene proizvode koji su rezultat ljubavi prema drvetu i prirodi. Svaki komad je jedinstven, s pa\u017enjom na detalje i tradicionalnim tehnikama spajanja drvenih dijelova. Ova posebnost daje na\u0161im proizvodima autenti\u010dan izgled koji \u0107e se savr\u0161eno uklopiti u svaki interijer.<\/p>\n<p>Stalak za prtljagu dolazi u elegantnoj bijeloj boji, koja ne samo da ga \u010dini privla\u010dnim, ve\u0107 i lako uklopivim u razli\u010dite stilove ure\u0111enja. Na nogama se nalaze <b>gumeni \u010depovi<\/b> koji sprje\u010davaju klizanje i \u0161tite pod od o\u0161te\u0107enja. Ovaj pa\u017eljivo osmi\u0161ljen detalj dodatno pove\u0107ava funkcionalnost i sigurnost proizvoda.<\/p>\n<p>&nbsp;<\/p>\n<\/div>\n<\/div>\n<div class=\"row\">\n<div class=\"col-sm-6\" style=\"margin-top: 30px;\"><center><img decoding=\"async\" class=\"lazyload img-responsive\" style=\"margin: 0px auto; max-width: 100%;\" src=\"data:image\/svg+xml,%3Csvg%20xmlns%3D%27http%3A%2F%2Fwww.w3.org%2F2000%2Fsvg%27%20width%3D%271700%27%20height%3D%271701%27%20viewBox%3D%270%200%201700%201701%27%3E%3Crect%20width%3D%271700%27%20height%3D%271701%27%20fill-opacity%3D%220%22%2F%3E%3C%2Fsvg%3E\" data-orig-src=\" https:\/\/pavidecor.si\/wp-content\/uploads\/2022\/09\/3IMG_6872-2.jpg\" \/><\/center><\/div>\n<div class=\"col-sm-6\" style=\"margin-top: 40px;\">\n<p>&nbsp;<\/p>\n<h3>Tehni\u010dke specifikacije<\/h3>\n<p>Stalak za prtljagu je izra\u0111en od <b>masivnog bukovog drveta<\/b> i povezan s \u010detiri debela najlonska trakama, \u0161to mu daje dodatnu stabilnost. Sklapanje je jednostavno, a ne zahtijeva nikakvo dodatno sastavljanje. Kada ga ne koristite, lako ga mo\u017eete pohraniti u ormar ili ispod kreveta.<\/p>\n<p>Ovaj proizvod je idealan za sve koji \u017eele organizirati svoj prostor i pru\u017eiti gostima udobnost. Njegova dimenzija i dizajn omogu\u0107uju jednostavno kori\u0161tenje, a istovremeno dodaju da\u0161ak elegancije svakom prostoru. U\u017eivajte u prakti\u010dnosti i stilu s na\u0161im stalkom za prtljagu, koji je rezultat na\u0161eg vlastitog znanja i kreativnosti, izra\u0111en s ljubavlju u Sloveniji.<\/p>\n<\/div>\n<\/div>\n<p>&nbsp;<\/p>\n","protected":false},"excerpt":{"rendered":"<p><strong><span style=\"color: #c4963c;\">\u2192 Sklopiv<br \/>\n\u2192 Lagan<br \/>\n\u2192 Izdr\u017eljiv<br \/>\n\u2192 \u010cepovi protiv klizanja<\/span><\/strong><strong><span style=\"color: #c4963c;\"><br \/>\n<\/span><span style=\"color: #c4963c;\">\u2192 Bukovo drvo<\/span><\/strong><\/p>\n","protected":false},"featured_media":18668,"comment_status":"open","ping_status":"closed","template":"","meta":[],"product_brand":[],"product_cat":[269,301],"product_tag":[218],"class_list":{"0":"post-18664","1":"product","2":"type-product","3":"status-publish","4":"has-post-thumbnail","6":"product_cat-oprema-za-trgovine-i-konobe","7":"product_cat-ostala-oprema-hr","8":"product_tag-nov","10":"first","11":"instock","12":"sold-individually","13":"taxable","14":"shipping-taxable","15":"purchasable","16":"product-type-simple"},"yoast_head":"<!-- This site is optimized with the Yoast SEO plugin v27.2 - https:\/\/yoast.com\/product\/yoast-seo-wordpress\/ -->\n<title>Stalak za prtljagu - Prakti\u010dno rje\u0161enje za svaki dom ili hotel<\/title>\n<meta name=\"description\" content=\"Stalak za prtljagu za odlaganje kofera kod ku\u0107e ili u hotelima vrlo je robustan, lagan, izdr\u017eljiv, sklopiv i izra\u0111en od bukovog drveta.\" \/>\n<meta name=\"robots\" content=\"index, follow, max-snippet:-1, max-image-preview:large, max-video-preview:-1\" \/>\n<link rel=\"canonical\" href=\"https:\/\/pavidecor.si\/hr\/proizvod\/stalak-za-prtljagu-bukva-bijeli-57x53x54cm\/\" \/>\n<meta property=\"og:locale\" content=\"hr_HR\" \/>\n<meta property=\"og:type\" content=\"article\" \/>\n<meta property=\"og:title\" content=\"Stalak za prtljagu - Prakti\u010dno rje\u0161enje za svaki dom ili hotel\" \/>\n<meta property=\"og:description\" content=\"Stalak za prtljagu za odlaganje kofera kod ku\u0107e ili u hotelima vrlo je robustan, lagan, izdr\u017eljiv, sklopiv i izra\u0111en od bukovog drveta.\" \/>\n<meta property=\"og:url\" content=\"https:\/\/pavidecor.si\/hr\/proizvod\/stalak-za-prtljagu-bukva-bijeli-57x53x54cm\/\" \/>\n<meta property=\"og:site_name\" content=\"Pavi Decor\" \/>\n<meta property=\"article:modified_time\" content=\"2026-04-24T15:41:23+00:00\" \/>\n<meta property=\"og:image\" content=\"https:\/\/pavidecor.si\/wp-content\/uploads\/2022\/09\/1IMG_6865-2b.jpg\" \/>\n\t<meta property=\"og:image:width\" content=\"1885\" \/>\n\t<meta property=\"og:image:height\" content=\"1885\" \/>\n\t<meta property=\"og:image:type\" content=\"image\/jpeg\" \/>\n<meta name=\"twitter:card\" content=\"summary_large_image\" \/>\n<meta name=\"twitter:label1\" content=\"Procijenjeno vrijeme \u010ditanja\" \/>\n\t<meta name=\"twitter:data1\" content=\"3 minute\" \/>\n<script type=\"application\/ld+json\" class=\"yoast-schema-graph\">{\"@context\":\"https:\/\/schema.org\",\"@graph\":[{\"@type\":\"WebPage\",\"@id\":\"https:\/\/pavidecor.si\/hr\/proizvod\/stalak-za-prtljagu-bukva-bijeli-57x53x54cm\/\",\"url\":\"https:\/\/pavidecor.si\/hr\/proizvod\/stalak-za-prtljagu-bukva-bijeli-57x53x54cm\/\",\"name\":\"Stalak za prtljagu - Prakti\u010dno rje\u0161enje za svaki dom ili hotel\",\"isPartOf\":{\"@id\":\"https:\/\/pavidecor.si\/hr\/#website\"},\"primaryImageOfPage\":{\"@id\":\"https:\/\/pavidecor.si\/hr\/proizvod\/stalak-za-prtljagu-bukva-bijeli-57x53x54cm\/#primaryimage\"},\"image\":{\"@id\":\"https:\/\/pavidecor.si\/hr\/proizvod\/stalak-za-prtljagu-bukva-bijeli-57x53x54cm\/#primaryimage\"},\"thumbnailUrl\":\"https:\/\/pavidecor.si\/wp-content\/uploads\/2022\/09\/1IMG_6865-2b.jpg\",\"datePublished\":\"2022-09-01T08:23:37+00:00\",\"dateModified\":\"2026-04-24T15:41:23+00:00\",\"description\":\"Stalak za prtljagu za odlaganje kofera kod ku\u0107e ili u hotelima vrlo je robustan, lagan, izdr\u017eljiv, sklopiv i izra\u0111en od bukovog drveta.\",\"breadcrumb\":{\"@id\":\"https:\/\/pavidecor.si\/hr\/proizvod\/stalak-za-prtljagu-bukva-bijeli-57x53x54cm\/#breadcrumb\"},\"inLanguage\":\"hr\",\"potentialAction\":[{\"@type\":\"ReadAction\",\"target\":[\"https:\/\/pavidecor.si\/hr\/proizvod\/stalak-za-prtljagu-bukva-bijeli-57x53x54cm\/\"]}]},{\"@type\":\"ImageObject\",\"inLanguage\":\"hr\",\"@id\":\"https:\/\/pavidecor.si\/hr\/proizvod\/stalak-za-prtljagu-bukva-bijeli-57x53x54cm\/#primaryimage\",\"url\":\"https:\/\/pavidecor.si\/wp-content\/uploads\/2022\/09\/1IMG_6865-2b.jpg\",\"contentUrl\":\"https:\/\/pavidecor.si\/wp-content\/uploads\/2022\/09\/1IMG_6865-2b.jpg\",\"width\":1885,\"height\":1885,\"caption\":\"PAVI DECOR\"},{\"@type\":\"BreadcrumbList\",\"@id\":\"https:\/\/pavidecor.si\/hr\/proizvod\/stalak-za-prtljagu-bukva-bijeli-57x53x54cm\/#breadcrumb\",\"itemListElement\":[{\"@type\":\"ListItem\",\"position\":1,\"name\":\"Domov\",\"item\":\"https:\/\/pavidecor.si\/hr\/\"},{\"@type\":\"ListItem\",\"position\":2,\"name\":\"Internetska trgovina\",\"item\":\"https:\/\/pavidecor.si\/hr\/internetska-trgovina\/\"},{\"@type\":\"ListItem\",\"position\":3,\"name\":\"Stalak za prtljagu bukva bijeli 57x53x54cm\"}]},{\"@type\":\"WebSite\",\"@id\":\"https:\/\/pavidecor.si\/hr\/#website\",\"url\":\"https:\/\/pavidecor.si\/hr\/\",\"name\":\"Pavi Decor\",\"description\":\"Leseni unikati ustvarjeni iz ljubezni do lesa in narave.\",\"potentialAction\":[{\"@type\":\"SearchAction\",\"target\":{\"@type\":\"EntryPoint\",\"urlTemplate\":\"https:\/\/pavidecor.si\/hr\/?s={search_term_string}\"},\"query-input\":{\"@type\":\"PropertyValueSpecification\",\"valueRequired\":true,\"valueName\":\"search_term_string\"}}],\"inLanguage\":\"hr\"}]}<\/script>\n<!-- \/ Yoast SEO plugin. -->","yoast_head_json":{"title":"Stalak za prtljagu - Prakti\u010dno rje\u0161enje za svaki dom ili hotel","description":"Stalak za prtljagu za odlaganje kofera kod ku\u0107e ili u hotelima vrlo je robustan, lagan, izdr\u017eljiv, sklopiv i izra\u0111en od bukovog drveta.","robots":{"index":"index","follow":"follow","max-snippet":"max-snippet:-1","max-image-preview":"max-image-preview:large","max-video-preview":"max-video-preview:-1"},"canonical":"https:\/\/pavidecor.si\/hr\/proizvod\/stalak-za-prtljagu-bukva-bijeli-57x53x54cm\/","og_locale":"hr_HR","og_type":"article","og_title":"Stalak za prtljagu - Prakti\u010dno rje\u0161enje za svaki dom ili hotel","og_description":"Stalak za prtljagu za odlaganje kofera kod ku\u0107e ili u hotelima vrlo je robustan, lagan, izdr\u017eljiv, sklopiv i izra\u0111en od bukovog drveta.","og_url":"https:\/\/pavidecor.si\/hr\/proizvod\/stalak-za-prtljagu-bukva-bijeli-57x53x54cm\/","og_site_name":"Pavi Decor","article_modified_time":"2026-04-24T15:41:23+00:00","og_image":[{"width":1885,"height":1885,"url":"https:\/\/pavidecor.si\/wp-content\/uploads\/2022\/09\/1IMG_6865-2b.jpg","type":"image\/jpeg"}],"twitter_card":"summary_large_image","twitter_misc":{"Procijenjeno vrijeme \u010ditanja":"3 minute"},"schema":{"@context":"https:\/\/schema.org","@graph":[{"@type":"WebPage","@id":"https:\/\/pavidecor.si\/hr\/proizvod\/stalak-za-prtljagu-bukva-bijeli-57x53x54cm\/","url":"https:\/\/pavidecor.si\/hr\/proizvod\/stalak-za-prtljagu-bukva-bijeli-57x53x54cm\/","name":"Stalak za prtljagu - Prakti\u010dno rje\u0161enje za svaki dom ili hotel","isPartOf":{"@id":"https:\/\/pavidecor.si\/hr\/#website"},"primaryImageOfPage":{"@id":"https:\/\/pavidecor.si\/hr\/proizvod\/stalak-za-prtljagu-bukva-bijeli-57x53x54cm\/#primaryimage"},"image":{"@id":"https:\/\/pavidecor.si\/hr\/proizvod\/stalak-za-prtljagu-bukva-bijeli-57x53x54cm\/#primaryimage"},"thumbnailUrl":"https:\/\/pavidecor.si\/wp-content\/uploads\/2022\/09\/1IMG_6865-2b.jpg","datePublished":"2022-09-01T08:23:37+00:00","dateModified":"2026-04-24T15:41:23+00:00","description":"Stalak za prtljagu za odlaganje kofera kod ku\u0107e ili u hotelima vrlo je robustan, lagan, izdr\u017eljiv, sklopiv i izra\u0111en od bukovog drveta.","breadcrumb":{"@id":"https:\/\/pavidecor.si\/hr\/proizvod\/stalak-za-prtljagu-bukva-bijeli-57x53x54cm\/#breadcrumb"},"inLanguage":"hr","potentialAction":[{"@type":"ReadAction","target":["https:\/\/pavidecor.si\/hr\/proizvod\/stalak-za-prtljagu-bukva-bijeli-57x53x54cm\/"]}]},{"@type":"ImageObject","inLanguage":"hr","@id":"https:\/\/pavidecor.si\/hr\/proizvod\/stalak-za-prtljagu-bukva-bijeli-57x53x54cm\/#primaryimage","url":"https:\/\/pavidecor.si\/wp-content\/uploads\/2022\/09\/1IMG_6865-2b.jpg","contentUrl":"https:\/\/pavidecor.si\/wp-content\/uploads\/2022\/09\/1IMG_6865-2b.jpg","width":1885,"height":1885,"caption":"PAVI DECOR"},{"@type":"BreadcrumbList","@id":"https:\/\/pavidecor.si\/hr\/proizvod\/stalak-za-prtljagu-bukva-bijeli-57x53x54cm\/#breadcrumb","itemListElement":[{"@type":"ListItem","position":1,"name":"Domov","item":"https:\/\/pavidecor.si\/hr\/"},{"@type":"ListItem","position":2,"name":"Internetska trgovina","item":"https:\/\/pavidecor.si\/hr\/internetska-trgovina\/"},{"@type":"ListItem","position":3,"name":"Stalak za prtljagu bukva bijeli 57x53x54cm"}]},{"@type":"WebSite","@id":"https:\/\/pavidecor.si\/hr\/#website","url":"https:\/\/pavidecor.si\/hr\/","name":"Pavi Decor","description":"Leseni unikati ustvarjeni iz ljubezni do lesa in narave.","potentialAction":[{"@type":"SearchAction","target":{"@type":"EntryPoint","urlTemplate":"https:\/\/pavidecor.si\/hr\/?s={search_term_string}"},"query-input":{"@type":"PropertyValueSpecification","valueRequired":true,"valueName":"search_term_string"}}],"inLanguage":"hr"}]}},"_links":{"self":[{"href":"https:\/\/pavidecor.si\/hr\/wp-json\/wp\/v2\/product\/18664","targetHints":{"allow":["GET"]}}],"collection":[{"href":"https:\/\/pavidecor.si\/hr\/wp-json\/wp\/v2\/product"}],"about":[{"href":"https:\/\/pavidecor.si\/hr\/wp-json\/wp\/v2\/types\/product"}],"replies":[{"embeddable":true,"href":"https:\/\/pavidecor.si\/hr\/wp-json\/wp\/v2\/comments?post=18664"}],"wp:featuredmedia":[{"embeddable":true,"href":"https:\/\/pavidecor.si\/hr\/wp-json\/wp\/v2\/media\/18668"}],"wp:attachment":[{"href":"https:\/\/pavidecor.si\/hr\/wp-json\/wp\/v2\/media?parent=18664"}],"wp:term":[{"taxonomy":"product_brand","embeddable":true,"href":"https:\/\/pavidecor.si\/hr\/wp-json\/wp\/v2\/product_brand?post=18664"},{"taxonomy":"product_cat","embeddable":true,"href":"https:\/\/pavidecor.si\/hr\/wp-json\/wp\/v2\/product_cat?post=18664"},{"taxonomy":"product_tag","embeddable":true,"href":"https:\/\/pavidecor.si\/hr\/wp-json\/wp\/v2\/product_tag?post=18664"}],"curies":[{"name":"wp","href":"https:\/\/api.w.org\/{rel}","templated":true}]}}