	{"id":18596,"date":"2022-09-16T08:56:30","date_gmt":"2022-09-16T08:56:30","guid":{"rendered":"https:\/\/pavidecor.si\/product\/stalak-za-kisobrane-m-bagrem-55x40x175cm\/"},"modified":"2026-04-28T15:06:14","modified_gmt":"2026-04-28T15:06:14","slug":"stalak-za-kisobrane-m-bagrem-55x40x175cm","status":"publish","type":"product","link":"https:\/\/pavidecor.si\/hr\/proizvod\/stalak-za-kisobrane-m-bagrem-55x40x175cm\/","title":{"rendered":"Stalak za ki\u0161obrane M bagrem 55x40x17,5cm"},"content":{"rendered":"<p><span class=\"prvimanjsinaslovopis\">Stalak za ki\u0161obrane od punog drveta &#8211; Stabilnost i elegancija u va\u0161em domu<\/span><\/p>\n<p>&nbsp;<\/p>\n<h2><span class=\"odebeljenopis\"><strong> U\u017eivajte u savr\u0161enom spoju funkcionalnosti i estetike s na\u0161im masivnim drvenim stalkom za ki\u0161obrane. Ovaj proizvod ne samo da pru\u017ea prakti\u010dno rje\u0161enje za odlaganje ki\u0161obrana, ve\u0107 i unosi toplinu i \u0161arm u svaki prostor. Izra\u0111en s ljubavlju prema drvetu i prirodi, na\u0161 proizvod je pravi izbor za va\u0161 dom.<\/strong><\/span><\/h2>\n<p>&nbsp;<\/p>\n<div class=\"row\">\n<div class=\"col-sm-6 \" style=\"margin-top: 30px;\"><center><img decoding=\"async\" class=\"lazyload img-responsive\" style=\"margin: 0px auto; max-width: 100%;\" src=\"data:image\/svg+xml,%3Csvg%20xmlns%3D%27http%3A%2F%2Fwww.w3.org%2F2000%2Fsvg%27%20width%3D%272481%27%20height%3D%272482%27%20viewBox%3D%270%200%202481%202482%27%3E%3Crect%20width%3D%272481%27%20height%3D%272482%27%20fill-opacity%3D%220%22%2F%3E%3C%2Fsvg%3E\" data-orig-src=\"https:\/\/pavidecor.si\/wp-content\/uploads\/2022\/09\/1IMG_6937-2a.jpg\" \/><\/center><\/div>\n<div class=\"col-sm-6\" style=\"margin-top: 40px;\">\n<p>&nbsp;<\/p>\n<h3>Stabilnost i funkcionalnost<\/h3>\n<p><span class=\"prvimanjsinaslovopis\">Stalak za ki\u0161obrane od punog drveta<\/span> je izuzetno stabilno, \u0161to ga \u010dini idealnim rje\u0161enjem za svaki dom. Njegova srednja veli\u010dina omogu\u0107ava lako odlaganje ki\u0161obrana, dok istovremeno <strong>ne zauzima previ\u0161e prostora<\/strong>.<\/p>\n<p>&nbsp;<\/p>\n<p>Ovaj proizvod je savr\u0161eno rje\u0161enje za predvorja, hodnike ili bilo koji drugi prostor gdje \u017eelite zadr\u017eati red. <b>Prirodna obrada drva<\/b> nagla\u0161ava autenti\u010dan starinski karakter ovog stalka, \u010dine\u0107i ga ne samo funkcionalnim, ve\u0107 i estetski privla\u010dnim dodatkom va\u0161em interijeru.<\/p>\n<p>&nbsp;<\/p>\n<\/div>\n<\/div>\n<div class=\"row\">\n<div class=\"col-sm-6 col-sm-push-6\" style=\"margin-top: 30px;\"><center><img decoding=\"async\" class=\"lazyload img-responsive\" style=\"margin: 0px auto; max-width: 100%;\" src=\"data:image\/svg+xml,%3Csvg%20xmlns%3D%27http%3A%2F%2Fwww.w3.org%2F2000%2Fsvg%27%20width%3D%272449%27%20height%3D%272449%27%20viewBox%3D%270%200%202449%202449%27%3E%3Crect%20width%3D%272449%27%20height%3D%272449%27%20fill-opacity%3D%220%22%2F%3E%3C%2Fsvg%3E\" data-orig-src=\" https:\/\/pavidecor.si\/wp-content\/uploads\/2022\/09\/2IMG_6943-2.jpg\" \/><\/center><\/div>\n<div class=\"col-sm-6 col-sm-pull-6\" style=\"margin-top: 40px;\">\n<p>&nbsp;<\/p>\n<h3>Jednostavno premje\u0161tanje i odr\u017eavanje<\/h3>\n<p>Prefinjena diskretna ru\u010dka od konopca dodaje dodatni \u0161arm i omogu\u0107ava <strong>lako premje\u0161tanje stalka<\/strong> iz jednog prostora u drugi. Bez obzira na to gdje ga postavite, uvijek \u0107e izgledati savr\u0161eno.<\/p>\n<p>&nbsp;<\/p>\n<p>Na dnu stalka nalazi se plasti\u010dna posuda koja zadr\u017eava vodu, \u010dime se sprje\u010dava truljenje drva. Ova inovacija <strong>osigurava dugotrajnost proizvoda<\/strong>, a istovremeno olak\u0161ava odr\u017eavanje. PAVI DECOR iz Ljubljane ponosno nudi ovaj proizvod, koji je rezultat na\u0161eg vlastitog znanja i kreativnosti.<\/p>\n<p>&nbsp;<\/p>\n<\/div>\n<\/div>\n<div class=\"row\">\n<div class=\"col-sm-6\" style=\"margin-top: 30px;\"><center><img decoding=\"async\" class=\"lazyload img-responsive\" style=\"margin: 0px auto; max-width: 100%;\" src=\"data:image\/svg+xml,%3Csvg%20xmlns%3D%27http%3A%2F%2Fwww.w3.org%2F2000%2Fsvg%27%20width%3D%272450%27%20height%3D%272449%27%20viewBox%3D%270%200%202450%202449%27%3E%3Crect%20width%3D%272450%27%20height%3D%272449%27%20fill-opacity%3D%220%22%2F%3E%3C%2Fsvg%3E\" data-orig-src=\" https:\/\/pavidecor.si\/wp-content\/uploads\/2022\/09\/3IMG_6948-2.jpg\" \/><\/center><\/div>\n<div class=\"col-sm-6\" style=\"margin-top: 40px;\">\n<p>&nbsp;<\/p>\n<h3>Detalji i dostupnost<\/h3>\n<p>Na\u0161 s<span class=\"prvimanjsinaslovopis\">talak za ki\u0161obrane od punog drveta<\/span> dostupan je u tri veli\u010dine: malo, srednje i veliko. Srednje veliki stalak izra\u0111en je od bagremovog drva i savr\u0161eno se uklapa u <a href=\"https:\/\/pavidecor.si\/hr\/projects\/ruralni-ambijent\/\"><strong><span style=\"color: #3366ff;\">seoski ambijent.<\/span><\/strong><\/a><\/p>\n<p>&nbsp;<\/p>\n<p>Svi na\u0161i proizvodi su ru\u010dno izra\u0111eni, a detalji spajanja drvenih dijelova izvedeni su na na\u010din koji su koristili stari majstori. Ova posebnost \u010dini na\u0161e proizvode <strong>autenti\u010dnim i jedinstvenim<\/strong>. Posjetite na\u0161u trgovinu PAVI DECOR i otkrijte ljepotu drvenih proizvoda izra\u0111enih s ljubavlju prema prirodi.<\/p>\n<\/div>\n<\/div>\n<p>&nbsp;<\/p>\n","protected":false},"excerpt":{"rendered":"<p><strong><span style=\"color: #c4963c;\">\u2192 Rukotvorine<br \/>\n<\/span><span style=\"color: #c4963c;\">\u2192 Jedinstven<\/span><\/strong><\/p>\n","protected":false},"featured_media":18597,"comment_status":"open","ping_status":"closed","template":"","meta":[],"product_brand":[],"product_cat":[320],"product_tag":[],"class_list":{"0":"post-18596","1":"product","2":"type-product","3":"status-publish","4":"has-post-thumbnail","6":"product_cat-stalci-za-kisobrane","8":"first","9":"outofstock","10":"sold-individually","11":"taxable","12":"shipping-taxable","13":"purchasable","14":"product-type-simple"},"yoast_head":"<!-- This site is optimized with the Yoast SEO plugin v27.2 - https:\/\/yoast.com\/product\/yoast-seo-wordpress\/ -->\n<title>Stalak za ki\u0161obrane - Stabilnost i elegancija u va\u0161em domu<\/title>\n<meta name=\"description\" content=\"Stalak za ki\u0161obrane od punog drveta vrlo je stabilan. Prirodna obrada drva daje mu autenti\u010dan starinski karakter, a ru\u010dka od konopa dodaje dodatni \u0161arm.\" \/>\n<meta name=\"robots\" content=\"index, follow, max-snippet:-1, max-image-preview:large, max-video-preview:-1\" \/>\n<link rel=\"canonical\" href=\"https:\/\/pavidecor.si\/hr\/proizvod\/stalak-za-kisobrane-m-bagrem-55x40x175cm\/\" \/>\n<meta property=\"og:locale\" content=\"hr_HR\" \/>\n<meta property=\"og:type\" content=\"article\" \/>\n<meta property=\"og:title\" content=\"Stalak za ki\u0161obrane - Stabilnost i elegancija u va\u0161em domu\" \/>\n<meta property=\"og:description\" content=\"Stalak za ki\u0161obrane od punog drveta vrlo je stabilan. Prirodna obrada drva daje mu autenti\u010dan starinski karakter, a ru\u010dka od konopa dodaje dodatni \u0161arm.\" \/>\n<meta property=\"og:url\" content=\"https:\/\/pavidecor.si\/hr\/proizvod\/stalak-za-kisobrane-m-bagrem-55x40x175cm\/\" \/>\n<meta property=\"og:site_name\" content=\"Pavi Decor\" \/>\n<meta property=\"article:modified_time\" content=\"2026-04-28T15:06:14+00:00\" \/>\n<meta property=\"og:image\" content=\"https:\/\/pavidecor.si\/wp-content\/uploads\/2022\/09\/1IMG_6937-2a.jpg\" \/>\n\t<meta property=\"og:image:width\" content=\"2481\" \/>\n\t<meta property=\"og:image:height\" content=\"2482\" \/>\n\t<meta property=\"og:image:type\" content=\"image\/jpeg\" \/>\n<meta name=\"twitter:card\" content=\"summary_large_image\" \/>\n<meta name=\"twitter:label1\" content=\"Procijenjeno vrijeme \u010ditanja\" \/>\n\t<meta name=\"twitter:data1\" content=\"3 minute\" \/>\n<script type=\"application\/ld+json\" class=\"yoast-schema-graph\">{\"@context\":\"https:\/\/schema.org\",\"@graph\":[{\"@type\":\"WebPage\",\"@id\":\"https:\/\/pavidecor.si\/hr\/proizvod\/stalak-za-kisobrane-m-bagrem-55x40x175cm\/\",\"url\":\"https:\/\/pavidecor.si\/hr\/proizvod\/stalak-za-kisobrane-m-bagrem-55x40x175cm\/\",\"name\":\"Stalak za ki\u0161obrane - Stabilnost i elegancija u va\u0161em domu\",\"isPartOf\":{\"@id\":\"https:\/\/pavidecor.si\/hr\/#website\"},\"primaryImageOfPage\":{\"@id\":\"https:\/\/pavidecor.si\/hr\/proizvod\/stalak-za-kisobrane-m-bagrem-55x40x175cm\/#primaryimage\"},\"image\":{\"@id\":\"https:\/\/pavidecor.si\/hr\/proizvod\/stalak-za-kisobrane-m-bagrem-55x40x175cm\/#primaryimage\"},\"thumbnailUrl\":\"https:\/\/pavidecor.si\/wp-content\/uploads\/2022\/09\/1IMG_6937-2a.jpg\",\"datePublished\":\"2022-09-16T08:56:30+00:00\",\"dateModified\":\"2026-04-28T15:06:14+00:00\",\"description\":\"Stalak za ki\u0161obrane od punog drveta vrlo je stabilan. Prirodna obrada drva daje mu autenti\u010dan starinski karakter, a ru\u010dka od konopa dodaje dodatni \u0161arm.\",\"breadcrumb\":{\"@id\":\"https:\/\/pavidecor.si\/hr\/proizvod\/stalak-za-kisobrane-m-bagrem-55x40x175cm\/#breadcrumb\"},\"inLanguage\":\"hr\",\"potentialAction\":[{\"@type\":\"ReadAction\",\"target\":[\"https:\/\/pavidecor.si\/hr\/proizvod\/stalak-za-kisobrane-m-bagrem-55x40x175cm\/\"]}]},{\"@type\":\"ImageObject\",\"inLanguage\":\"hr\",\"@id\":\"https:\/\/pavidecor.si\/hr\/proizvod\/stalak-za-kisobrane-m-bagrem-55x40x175cm\/#primaryimage\",\"url\":\"https:\/\/pavidecor.si\/wp-content\/uploads\/2022\/09\/1IMG_6937-2a.jpg\",\"contentUrl\":\"https:\/\/pavidecor.si\/wp-content\/uploads\/2022\/09\/1IMG_6937-2a.jpg\",\"width\":2481,\"height\":2482,\"caption\":\"PAVI DECOR\"},{\"@type\":\"BreadcrumbList\",\"@id\":\"https:\/\/pavidecor.si\/hr\/proizvod\/stalak-za-kisobrane-m-bagrem-55x40x175cm\/#breadcrumb\",\"itemListElement\":[{\"@type\":\"ListItem\",\"position\":1,\"name\":\"Domov\",\"item\":\"https:\/\/pavidecor.si\/hr\/\"},{\"@type\":\"ListItem\",\"position\":2,\"name\":\"Internetska trgovina\",\"item\":\"https:\/\/pavidecor.si\/hr\/internetska-trgovina\/\"},{\"@type\":\"ListItem\",\"position\":3,\"name\":\"Stalak za ki\u0161obrane M bagrem 55x40x17,5cm\"}]},{\"@type\":\"WebSite\",\"@id\":\"https:\/\/pavidecor.si\/hr\/#website\",\"url\":\"https:\/\/pavidecor.si\/hr\/\",\"name\":\"Pavi Decor\",\"description\":\"Leseni unikati ustvarjeni iz ljubezni do lesa in narave.\",\"potentialAction\":[{\"@type\":\"SearchAction\",\"target\":{\"@type\":\"EntryPoint\",\"urlTemplate\":\"https:\/\/pavidecor.si\/hr\/?s={search_term_string}\"},\"query-input\":{\"@type\":\"PropertyValueSpecification\",\"valueRequired\":true,\"valueName\":\"search_term_string\"}}],\"inLanguage\":\"hr\"}]}<\/script>\n<!-- \/ Yoast SEO plugin. -->","yoast_head_json":{"title":"Stalak za ki\u0161obrane - Stabilnost i elegancija u va\u0161em domu","description":"Stalak za ki\u0161obrane od punog drveta vrlo je stabilan. Prirodna obrada drva daje mu autenti\u010dan starinski karakter, a ru\u010dka od konopa dodaje dodatni \u0161arm.","robots":{"index":"index","follow":"follow","max-snippet":"max-snippet:-1","max-image-preview":"max-image-preview:large","max-video-preview":"max-video-preview:-1"},"canonical":"https:\/\/pavidecor.si\/hr\/proizvod\/stalak-za-kisobrane-m-bagrem-55x40x175cm\/","og_locale":"hr_HR","og_type":"article","og_title":"Stalak za ki\u0161obrane - Stabilnost i elegancija u va\u0161em domu","og_description":"Stalak za ki\u0161obrane od punog drveta vrlo je stabilan. Prirodna obrada drva daje mu autenti\u010dan starinski karakter, a ru\u010dka od konopa dodaje dodatni \u0161arm.","og_url":"https:\/\/pavidecor.si\/hr\/proizvod\/stalak-za-kisobrane-m-bagrem-55x40x175cm\/","og_site_name":"Pavi Decor","article_modified_time":"2026-04-28T15:06:14+00:00","og_image":[{"width":2481,"height":2482,"url":"https:\/\/pavidecor.si\/wp-content\/uploads\/2022\/09\/1IMG_6937-2a.jpg","type":"image\/jpeg"}],"twitter_card":"summary_large_image","twitter_misc":{"Procijenjeno vrijeme \u010ditanja":"3 minute"},"schema":{"@context":"https:\/\/schema.org","@graph":[{"@type":"WebPage","@id":"https:\/\/pavidecor.si\/hr\/proizvod\/stalak-za-kisobrane-m-bagrem-55x40x175cm\/","url":"https:\/\/pavidecor.si\/hr\/proizvod\/stalak-za-kisobrane-m-bagrem-55x40x175cm\/","name":"Stalak za ki\u0161obrane - Stabilnost i elegancija u va\u0161em domu","isPartOf":{"@id":"https:\/\/pavidecor.si\/hr\/#website"},"primaryImageOfPage":{"@id":"https:\/\/pavidecor.si\/hr\/proizvod\/stalak-za-kisobrane-m-bagrem-55x40x175cm\/#primaryimage"},"image":{"@id":"https:\/\/pavidecor.si\/hr\/proizvod\/stalak-za-kisobrane-m-bagrem-55x40x175cm\/#primaryimage"},"thumbnailUrl":"https:\/\/pavidecor.si\/wp-content\/uploads\/2022\/09\/1IMG_6937-2a.jpg","datePublished":"2022-09-16T08:56:30+00:00","dateModified":"2026-04-28T15:06:14+00:00","description":"Stalak za ki\u0161obrane od punog drveta vrlo je stabilan. Prirodna obrada drva daje mu autenti\u010dan starinski karakter, a ru\u010dka od konopa dodaje dodatni \u0161arm.","breadcrumb":{"@id":"https:\/\/pavidecor.si\/hr\/proizvod\/stalak-za-kisobrane-m-bagrem-55x40x175cm\/#breadcrumb"},"inLanguage":"hr","potentialAction":[{"@type":"ReadAction","target":["https:\/\/pavidecor.si\/hr\/proizvod\/stalak-za-kisobrane-m-bagrem-55x40x175cm\/"]}]},{"@type":"ImageObject","inLanguage":"hr","@id":"https:\/\/pavidecor.si\/hr\/proizvod\/stalak-za-kisobrane-m-bagrem-55x40x175cm\/#primaryimage","url":"https:\/\/pavidecor.si\/wp-content\/uploads\/2022\/09\/1IMG_6937-2a.jpg","contentUrl":"https:\/\/pavidecor.si\/wp-content\/uploads\/2022\/09\/1IMG_6937-2a.jpg","width":2481,"height":2482,"caption":"PAVI DECOR"},{"@type":"BreadcrumbList","@id":"https:\/\/pavidecor.si\/hr\/proizvod\/stalak-za-kisobrane-m-bagrem-55x40x175cm\/#breadcrumb","itemListElement":[{"@type":"ListItem","position":1,"name":"Domov","item":"https:\/\/pavidecor.si\/hr\/"},{"@type":"ListItem","position":2,"name":"Internetska trgovina","item":"https:\/\/pavidecor.si\/hr\/internetska-trgovina\/"},{"@type":"ListItem","position":3,"name":"Stalak za ki\u0161obrane M bagrem 55x40x17,5cm"}]},{"@type":"WebSite","@id":"https:\/\/pavidecor.si\/hr\/#website","url":"https:\/\/pavidecor.si\/hr\/","name":"Pavi Decor","description":"Leseni unikati ustvarjeni iz ljubezni do lesa in narave.","potentialAction":[{"@type":"SearchAction","target":{"@type":"EntryPoint","urlTemplate":"https:\/\/pavidecor.si\/hr\/?s={search_term_string}"},"query-input":{"@type":"PropertyValueSpecification","valueRequired":true,"valueName":"search_term_string"}}],"inLanguage":"hr"}]}},"_links":{"self":[{"href":"https:\/\/pavidecor.si\/hr\/wp-json\/wp\/v2\/product\/18596","targetHints":{"allow":["GET"]}}],"collection":[{"href":"https:\/\/pavidecor.si\/hr\/wp-json\/wp\/v2\/product"}],"about":[{"href":"https:\/\/pavidecor.si\/hr\/wp-json\/wp\/v2\/types\/product"}],"replies":[{"embeddable":true,"href":"https:\/\/pavidecor.si\/hr\/wp-json\/wp\/v2\/comments?post=18596"}],"wp:featuredmedia":[{"embeddable":true,"href":"https:\/\/pavidecor.si\/hr\/wp-json\/wp\/v2\/media\/18597"}],"wp:attachment":[{"href":"https:\/\/pavidecor.si\/hr\/wp-json\/wp\/v2\/media?parent=18596"}],"wp:term":[{"taxonomy":"product_brand","embeddable":true,"href":"https:\/\/pavidecor.si\/hr\/wp-json\/wp\/v2\/product_brand?post=18596"},{"taxonomy":"product_cat","embeddable":true,"href":"https:\/\/pavidecor.si\/hr\/wp-json\/wp\/v2\/product_cat?post=18596"},{"taxonomy":"product_tag","embeddable":true,"href":"https:\/\/pavidecor.si\/hr\/wp-json\/wp\/v2\/product_tag?post=18596"}],"curies":[{"name":"wp","href":"https:\/\/api.w.org\/{rel}","templated":true}]}}