	{"id":18536,"date":"2022-09-19T10:33:41","date_gmt":"2022-09-19T10:33:41","guid":{"rendered":"https:\/\/pavidecor.si\/product\/dekorativne-ljestve-s-policom-bijeljenim-trostrukim-klinom-136x43x10cm\/"},"modified":"2026-05-15T08:14:13","modified_gmt":"2026-05-15T08:14:13","slug":"dekorativne-ljestve-s-policom-i-tri-precke-bijeljene-136x43x10cm","status":"publish","type":"product","link":"https:\/\/pavidecor.si\/hr\/proizvod\/dekorativne-ljestve-s-policom-i-tri-precke-bijeljene-136x43x10cm\/","title":{"rendered":"Dekorativne ljestve s policom i tri pre\u010dke bijeljene 136x43x10cm"},"content":{"rendered":"<p><span class=\"prvimanjsinaslovopis\">Dekorativne ljestve s policom &#8211; Unikatan dodatak za svaki prostor<\/span><\/p>\n<p>&nbsp;<\/p>\n<h2><span class=\"odebeljenopis\"><strong> U\u017eivajte u jedinstvenom spoju prirode i umjetnosti s na\u0161im dekorativnim ljestvama s policom. Ovaj ru\u010dno izra\u0111eni komad namje\u0161taja ne samo da \u0107e obogatiti va\u0161 prostor, ve\u0107 \u0107e i donijeti da\u0161ak rustikalnog \u0161arma. Izra\u0111en s ljubavlju u Sloveniji, svaki detalj odra\u017eava strast prema drvetu i prirodi.<\/strong><\/span><\/h2>\n<p>&nbsp;<\/p>\n<div class=\"row\">\n<div class=\"col-sm-6 \" style=\"margin-top: 30px;\"><center><img decoding=\"async\" class=\"lazyload img-responsive\" style=\"margin: 0px auto; max-width: 100%;\" src=\"data:image\/svg+xml,%3Csvg%20xmlns%3D%27http%3A%2F%2Fwww.w3.org%2F2000%2Fsvg%27%20width%3D%272560%27%20height%3D%272560%27%20viewBox%3D%270%200%202560%202560%27%3E%3Crect%20width%3D%272560%27%20height%3D%272560%27%20fill-opacity%3D%220%22%2F%3E%3C%2Fsvg%3E\" data-orig-src=\"https:\/\/pavidecor.si\/wp-content\/uploads\/2022\/09\/1IMG_6966-2a-scaled.jpg\" \/><\/center><\/div>\n<div class=\"col-sm-6\" style=\"margin-top: 40px;\">\n<p>&nbsp;<\/p>\n<h3>Ru\u010dno izra\u0111ena kvaliteta<\/h3>\n<p>Na\u0161e d<span class=\"prvimanjsinaslovopis\">ekorativne ljestve s policom<\/span> predstavljaju vrhunac ru\u010dne izrade, gdje svaki komad drva prolazi kroz pa\u017eljivu obradu. Detalji spajanja drvenih dijelova izvedeni su na na\u010din koji su koristili stari majstori, \u010dime se posti\u017ee <strong>autenti\u010dan izgled<\/strong> koji \u0107e o\u010darati svakog posjetitelja. Ove ljestve nisu samo funkcionalne, ve\u0107 i estetski privla\u010dne, \u010dine\u0107i jih savr\u0161enim dodatkom za svaki interijer.<\/p>\n<p>&nbsp;<\/p>\n<p>Osim \u0161to su lijepe, dekorativne ljestve s policom su i izuzetno prakti\u010dne. Mo\u017eete jih jednostavno nasloniti na zid ili jih objesiti, ovisno o va\u0161im potrebama i \u017eeljama. <strong>Njihova svestranost<\/strong> omogu\u0107ava vam da jih koristite u razli\u010ditim prostorima, bilo da se radi o dnevnom boravku, kupaonici ili \u010dak vanjskom prostoru.<\/p>\n<p>&nbsp;<\/p>\n<\/div>\n<\/div>\n<div class=\"row\">\n<div class=\"col-sm-6 col-sm-push-6\" style=\"margin-top: 30px;\"><center><img decoding=\"async\" class=\"lazyload img-responsive\" style=\"margin: 0px auto; max-width: 100%;\" src=\"data:image\/svg+xml,%3Csvg%20xmlns%3D%27http%3A%2F%2Fwww.w3.org%2F2000%2Fsvg%27%20width%3D%272000%27%20height%3D%271999%27%20viewBox%3D%270%200%202000%201999%27%3E%3Crect%20width%3D%272000%27%20height%3D%271999%27%20fill-opacity%3D%220%22%2F%3E%3C%2Fsvg%3E\" data-orig-src=\" https:\/\/pavidecor.si\/wp-content\/uploads\/2022\/09\/2IMG_6973-2.jpg\" \/><\/center><\/div>\n<div class=\"col-sm-6 col-sm-pull-6\" style=\"margin-top: 40px;\">\n<p>&nbsp;<\/p>\n<h3>Rustikalni izgled i funkcionalnost<\/h3>\n<p>Tanki sloj bijele boje ne samo da pove\u0107ava otpornost drva, ve\u0107 i <strong>dodaje rustikalni izgled<\/strong> koji se savr\u0161eno uklapa u svaki ambijent. Ove d<span class=\"prvimanjsinaslovopis\">ekorativne ljestve s policom <\/span>mogu poslu\u017eiti kao elegantan dr\u017ea\u010d za ru\u010dnike, odje\u0107u ili \u010dak kao izlo\u017ebeni prostor za va\u0161e omiljene dekoracije.<\/p>\n<p>&nbsp;<\/p>\n<p>Zahvaljuju\u0107i svojoj prilagodljivosti, lako jih je premjestiti iz jednog prostora u drugi, \u010dime se otvaraju <strong>nove mogu\u0107nosti za kori\u0161tenje<\/strong>. Bilo da jih koristite kao dekorativni element ili kao funkcionalni komad namje\u0161taja, ove ljestve \u0107e zasigurno privu\u0107i pa\u017enju i postati omiljeni komad u va\u0161em domu.<\/p>\n<p>&nbsp;<\/p>\n<\/div>\n<\/div>\n<div class=\"row\">\n<div class=\"col-sm-6\" style=\"margin-top: 30px;\"><center><img decoding=\"async\" class=\"lazyload img-responsive\" style=\"margin: 0px auto; max-width: 100%;\" src=\"data:image\/svg+xml,%3Csvg%20xmlns%3D%27http%3A%2F%2Fwww.w3.org%2F2000%2Fsvg%27%20width%3D%271585%27%20height%3D%271586%27%20viewBox%3D%270%200%201585%201586%27%3E%3Crect%20width%3D%271585%27%20height%3D%271586%27%20fill-opacity%3D%220%22%2F%3E%3C%2Fsvg%3E\" data-orig-src=\" https:\/\/pavidecor.si\/wp-content\/uploads\/2022\/09\/3IMG_6967-2.jpg\" \/><\/center><\/div>\n<div class=\"col-sm-6\" style=\"margin-top: 40px;\">\n<p>&nbsp;<\/p>\n<h3>Specifikacije i dodatne informacije<\/h3>\n<p>Na\u0161e d<span class=\"prvimanjsinaslovopis\">ekorativne ljestve s policom<\/span> dolaze s jedinstvenim karakteristikama koje jih \u010dine posebnim. Izra\u0111ene su od <strong>kvalitetnog drva<\/strong>, a svaki komad je rezultat na\u0161eg vlastitog znanja i kreativnosti. Proizvedeno u Sloveniji, svaki detalj odra\u017eava na\u0161u strast prema drvetu i prirodi.<\/p>\n<p>&nbsp;<\/p>\n<p>Ove ljestve savr\u0161ene su za sve koji \u017eele dodati da\u0161ak prirode u svoj dom. Njihova svestranost omogu\u0107ava kori\u0161tenje u razli\u010ditim okru\u017eenjima, a ru\u010dna izrada osigurava da je svaki komad jedinstven. Posjetite na\u0161u trgovinu PAVI DECOR u Ljubljani i otkrijte ljepotu na\u0161ih unikatnih proizvoda. U na\u0161em <a href=\"https:\/\/pavidecor.si\/hr\/projects\/ruralni-ambijent\/\"><span style=\"color: #3366ff;\"><strong>seoskom okru\u017eenju<\/strong><\/span><\/a> mo\u017eete vidjeti nauljene triklinske ukrasne ljestve.<\/p>\n<p>&nbsp;<\/p>\n<\/div>\n<\/div>\n<p>&nbsp;<\/p>\n","protected":false},"excerpt":{"rendered":"<p><strong><span style=\"color: #c4963c;\">\u2192 Rukotvorine<br \/>\n<\/span><span style=\"color: #c4963c;\">\u2192 Jedinstvene<\/span><\/strong><\/p>\n","protected":false},"featured_media":18538,"comment_status":"open","ping_status":"closed","template":"","meta":[],"product_brand":[],"product_cat":[248],"product_tag":[218],"class_list":{"0":"post-18536","1":"product","2":"type-product","3":"status-publish","4":"has-post-thumbnail","6":"product_cat-ljestve","7":"product_tag-nov","9":"first","10":"instock","11":"sold-individually","12":"taxable","13":"shipping-taxable","14":"purchasable","15":"product-type-simple"},"yoast_head":"<!-- This site is optimized with the Yoast SEO plugin v27.2 - https:\/\/yoast.com\/product\/yoast-seo-wordpress\/ -->\n<title>Dekorativne ljestve s policom - Unikatan dodatak za svaki prostor<\/title>\n<meta name=\"description\" content=\"Ru\u010dno izra\u0111ene dekorativne ljestve s policom obojane su tankim slojem bijele boje za pove\u0107anu izdr\u017eljivost i rustikalniji izgled. Svaki komad je jedinstven.\" \/>\n<meta name=\"robots\" content=\"index, follow, max-snippet:-1, max-image-preview:large, max-video-preview:-1\" \/>\n<link rel=\"canonical\" href=\"https:\/\/pavidecor.si\/hr\/proizvod\/dekorativne-ljestve-s-policom-i-tri-precke-bijeljene-136x43x10cm\/\" \/>\n<meta property=\"og:locale\" content=\"hr_HR\" \/>\n<meta property=\"og:type\" content=\"article\" \/>\n<meta property=\"og:title\" content=\"Dekorativne ljestve s policom - Unikatan dodatak za svaki prostor\" \/>\n<meta property=\"og:description\" content=\"Ru\u010dno izra\u0111ene dekorativne ljestve s policom obojane su tankim slojem bijele boje za pove\u0107anu izdr\u017eljivost i rustikalniji izgled. Svaki komad je jedinstven.\" \/>\n<meta property=\"og:url\" content=\"https:\/\/pavidecor.si\/hr\/proizvod\/dekorativne-ljestve-s-policom-i-tri-precke-bijeljene-136x43x10cm\/\" \/>\n<meta property=\"og:site_name\" content=\"Pavi Decor\" \/>\n<meta property=\"article:modified_time\" content=\"2026-05-15T08:14:13+00:00\" \/>\n<meta property=\"og:image\" content=\"https:\/\/pavidecor.si\/wp-content\/uploads\/2022\/09\/1IMG_6966-2a-scaled.jpg\" \/>\n\t<meta property=\"og:image:width\" content=\"2560\" \/>\n\t<meta property=\"og:image:height\" content=\"2560\" \/>\n\t<meta property=\"og:image:type\" content=\"image\/jpeg\" \/>\n<meta name=\"twitter:card\" content=\"summary_large_image\" \/>\n<meta name=\"twitter:label1\" content=\"Procijenjeno vrijeme \u010ditanja\" \/>\n\t<meta name=\"twitter:data1\" content=\"3 minute\" \/>\n<script type=\"application\/ld+json\" class=\"yoast-schema-graph\">{\"@context\":\"https:\/\/schema.org\",\"@graph\":[{\"@type\":\"WebPage\",\"@id\":\"https:\/\/pavidecor.si\/hr\/proizvod\/dekorativne-ljestve-s-policom-i-tri-precke-bijeljene-136x43x10cm\/\",\"url\":\"https:\/\/pavidecor.si\/hr\/proizvod\/dekorativne-ljestve-s-policom-i-tri-precke-bijeljene-136x43x10cm\/\",\"name\":\"Dekorativne ljestve s policom - Unikatan dodatak za svaki prostor\",\"isPartOf\":{\"@id\":\"https:\/\/pavidecor.si\/hr\/#website\"},\"primaryImageOfPage\":{\"@id\":\"https:\/\/pavidecor.si\/hr\/proizvod\/dekorativne-ljestve-s-policom-i-tri-precke-bijeljene-136x43x10cm\/#primaryimage\"},\"image\":{\"@id\":\"https:\/\/pavidecor.si\/hr\/proizvod\/dekorativne-ljestve-s-policom-i-tri-precke-bijeljene-136x43x10cm\/#primaryimage\"},\"thumbnailUrl\":\"https:\/\/pavidecor.si\/wp-content\/uploads\/2022\/09\/1IMG_6966-2a-scaled.jpg\",\"datePublished\":\"2022-09-19T10:33:41+00:00\",\"dateModified\":\"2026-05-15T08:14:13+00:00\",\"description\":\"Ru\u010dno izra\u0111ene dekorativne ljestve s policom obojane su tankim slojem bijele boje za pove\u0107anu izdr\u017eljivost i rustikalniji izgled. Svaki komad je jedinstven.\",\"breadcrumb\":{\"@id\":\"https:\/\/pavidecor.si\/hr\/proizvod\/dekorativne-ljestve-s-policom-i-tri-precke-bijeljene-136x43x10cm\/#breadcrumb\"},\"inLanguage\":\"hr\",\"potentialAction\":[{\"@type\":\"ReadAction\",\"target\":[\"https:\/\/pavidecor.si\/hr\/proizvod\/dekorativne-ljestve-s-policom-i-tri-precke-bijeljene-136x43x10cm\/\"]}]},{\"@type\":\"ImageObject\",\"inLanguage\":\"hr\",\"@id\":\"https:\/\/pavidecor.si\/hr\/proizvod\/dekorativne-ljestve-s-policom-i-tri-precke-bijeljene-136x43x10cm\/#primaryimage\",\"url\":\"https:\/\/pavidecor.si\/wp-content\/uploads\/2022\/09\/1IMG_6966-2a-scaled.jpg\",\"contentUrl\":\"https:\/\/pavidecor.si\/wp-content\/uploads\/2022\/09\/1IMG_6966-2a-scaled.jpg\",\"width\":2560,\"height\":2560,\"caption\":\"PAVI DECOR\"},{\"@type\":\"BreadcrumbList\",\"@id\":\"https:\/\/pavidecor.si\/hr\/proizvod\/dekorativne-ljestve-s-policom-i-tri-precke-bijeljene-136x43x10cm\/#breadcrumb\",\"itemListElement\":[{\"@type\":\"ListItem\",\"position\":1,\"name\":\"Domov\",\"item\":\"https:\/\/pavidecor.si\/hr\/\"},{\"@type\":\"ListItem\",\"position\":2,\"name\":\"Internetska trgovina\",\"item\":\"https:\/\/pavidecor.si\/hr\/internetska-trgovina\/\"},{\"@type\":\"ListItem\",\"position\":3,\"name\":\"Dekorativne ljestve s policom i tri pre\u010dke bijeljene 136x43x10cm\"}]},{\"@type\":\"WebSite\",\"@id\":\"https:\/\/pavidecor.si\/hr\/#website\",\"url\":\"https:\/\/pavidecor.si\/hr\/\",\"name\":\"Pavi Decor\",\"description\":\"Leseni unikati ustvarjeni iz ljubezni do lesa in narave.\",\"potentialAction\":[{\"@type\":\"SearchAction\",\"target\":{\"@type\":\"EntryPoint\",\"urlTemplate\":\"https:\/\/pavidecor.si\/hr\/?s={search_term_string}\"},\"query-input\":{\"@type\":\"PropertyValueSpecification\",\"valueRequired\":true,\"valueName\":\"search_term_string\"}}],\"inLanguage\":\"hr\"}]}<\/script>\n<!-- \/ Yoast SEO plugin. -->","yoast_head_json":{"title":"Dekorativne ljestve s policom - Unikatan dodatak za svaki prostor","description":"Ru\u010dno izra\u0111ene dekorativne ljestve s policom obojane su tankim slojem bijele boje za pove\u0107anu izdr\u017eljivost i rustikalniji izgled. Svaki komad je jedinstven.","robots":{"index":"index","follow":"follow","max-snippet":"max-snippet:-1","max-image-preview":"max-image-preview:large","max-video-preview":"max-video-preview:-1"},"canonical":"https:\/\/pavidecor.si\/hr\/proizvod\/dekorativne-ljestve-s-policom-i-tri-precke-bijeljene-136x43x10cm\/","og_locale":"hr_HR","og_type":"article","og_title":"Dekorativne ljestve s policom - Unikatan dodatak za svaki prostor","og_description":"Ru\u010dno izra\u0111ene dekorativne ljestve s policom obojane su tankim slojem bijele boje za pove\u0107anu izdr\u017eljivost i rustikalniji izgled. Svaki komad je jedinstven.","og_url":"https:\/\/pavidecor.si\/hr\/proizvod\/dekorativne-ljestve-s-policom-i-tri-precke-bijeljene-136x43x10cm\/","og_site_name":"Pavi Decor","article_modified_time":"2026-05-15T08:14:13+00:00","og_image":[{"width":2560,"height":2560,"url":"https:\/\/pavidecor.si\/wp-content\/uploads\/2022\/09\/1IMG_6966-2a-scaled.jpg","type":"image\/jpeg"}],"twitter_card":"summary_large_image","twitter_misc":{"Procijenjeno vrijeme \u010ditanja":"3 minute"},"schema":{"@context":"https:\/\/schema.org","@graph":[{"@type":"WebPage","@id":"https:\/\/pavidecor.si\/hr\/proizvod\/dekorativne-ljestve-s-policom-i-tri-precke-bijeljene-136x43x10cm\/","url":"https:\/\/pavidecor.si\/hr\/proizvod\/dekorativne-ljestve-s-policom-i-tri-precke-bijeljene-136x43x10cm\/","name":"Dekorativne ljestve s policom - Unikatan dodatak za svaki prostor","isPartOf":{"@id":"https:\/\/pavidecor.si\/hr\/#website"},"primaryImageOfPage":{"@id":"https:\/\/pavidecor.si\/hr\/proizvod\/dekorativne-ljestve-s-policom-i-tri-precke-bijeljene-136x43x10cm\/#primaryimage"},"image":{"@id":"https:\/\/pavidecor.si\/hr\/proizvod\/dekorativne-ljestve-s-policom-i-tri-precke-bijeljene-136x43x10cm\/#primaryimage"},"thumbnailUrl":"https:\/\/pavidecor.si\/wp-content\/uploads\/2022\/09\/1IMG_6966-2a-scaled.jpg","datePublished":"2022-09-19T10:33:41+00:00","dateModified":"2026-05-15T08:14:13+00:00","description":"Ru\u010dno izra\u0111ene dekorativne ljestve s policom obojane su tankim slojem bijele boje za pove\u0107anu izdr\u017eljivost i rustikalniji izgled. Svaki komad je jedinstven.","breadcrumb":{"@id":"https:\/\/pavidecor.si\/hr\/proizvod\/dekorativne-ljestve-s-policom-i-tri-precke-bijeljene-136x43x10cm\/#breadcrumb"},"inLanguage":"hr","potentialAction":[{"@type":"ReadAction","target":["https:\/\/pavidecor.si\/hr\/proizvod\/dekorativne-ljestve-s-policom-i-tri-precke-bijeljene-136x43x10cm\/"]}]},{"@type":"ImageObject","inLanguage":"hr","@id":"https:\/\/pavidecor.si\/hr\/proizvod\/dekorativne-ljestve-s-policom-i-tri-precke-bijeljene-136x43x10cm\/#primaryimage","url":"https:\/\/pavidecor.si\/wp-content\/uploads\/2022\/09\/1IMG_6966-2a-scaled.jpg","contentUrl":"https:\/\/pavidecor.si\/wp-content\/uploads\/2022\/09\/1IMG_6966-2a-scaled.jpg","width":2560,"height":2560,"caption":"PAVI DECOR"},{"@type":"BreadcrumbList","@id":"https:\/\/pavidecor.si\/hr\/proizvod\/dekorativne-ljestve-s-policom-i-tri-precke-bijeljene-136x43x10cm\/#breadcrumb","itemListElement":[{"@type":"ListItem","position":1,"name":"Domov","item":"https:\/\/pavidecor.si\/hr\/"},{"@type":"ListItem","position":2,"name":"Internetska trgovina","item":"https:\/\/pavidecor.si\/hr\/internetska-trgovina\/"},{"@type":"ListItem","position":3,"name":"Dekorativne ljestve s policom i tri pre\u010dke bijeljene 136x43x10cm"}]},{"@type":"WebSite","@id":"https:\/\/pavidecor.si\/hr\/#website","url":"https:\/\/pavidecor.si\/hr\/","name":"Pavi Decor","description":"Leseni unikati ustvarjeni iz ljubezni do lesa in narave.","potentialAction":[{"@type":"SearchAction","target":{"@type":"EntryPoint","urlTemplate":"https:\/\/pavidecor.si\/hr\/?s={search_term_string}"},"query-input":{"@type":"PropertyValueSpecification","valueRequired":true,"valueName":"search_term_string"}}],"inLanguage":"hr"}]}},"_links":{"self":[{"href":"https:\/\/pavidecor.si\/hr\/wp-json\/wp\/v2\/product\/18536","targetHints":{"allow":["GET"]}}],"collection":[{"href":"https:\/\/pavidecor.si\/hr\/wp-json\/wp\/v2\/product"}],"about":[{"href":"https:\/\/pavidecor.si\/hr\/wp-json\/wp\/v2\/types\/product"}],"replies":[{"embeddable":true,"href":"https:\/\/pavidecor.si\/hr\/wp-json\/wp\/v2\/comments?post=18536"}],"wp:featuredmedia":[{"embeddable":true,"href":"https:\/\/pavidecor.si\/hr\/wp-json\/wp\/v2\/media\/18538"}],"wp:attachment":[{"href":"https:\/\/pavidecor.si\/hr\/wp-json\/wp\/v2\/media?parent=18536"}],"wp:term":[{"taxonomy":"product_brand","embeddable":true,"href":"https:\/\/pavidecor.si\/hr\/wp-json\/wp\/v2\/product_brand?post=18536"},{"taxonomy":"product_cat","embeddable":true,"href":"https:\/\/pavidecor.si\/hr\/wp-json\/wp\/v2\/product_cat?post=18536"},{"taxonomy":"product_tag","embeddable":true,"href":"https:\/\/pavidecor.si\/hr\/wp-json\/wp\/v2\/product_tag?post=18536"}],"curies":[{"name":"wp","href":"https:\/\/api.w.org\/{rel}","templated":true}]}}