	{"id":18357,"date":"2022-10-20T08:02:44","date_gmt":"2022-10-20T08:02:44","guid":{"rendered":"https:\/\/pavidecor.si\/product\/drveni-svijecnjak-bijeli-crveni-pjegavi-6x6x7cm\/"},"modified":"2026-04-21T23:03:14","modified_gmt":"2026-04-21T23:03:14","slug":"drveni-svijecnjak-bijeli-crveni-pjegavi-6x6x7cm","status":"publish","type":"product","link":"https:\/\/pavidecor.si\/hr\/proizvod\/drveni-svijecnjak-bijeli-crveni-pjegavi-6x6x7cm\/","title":{"rendered":"Drveni svije\u0107njak bijeli crveni pjegavi 6x6x7cm"},"content":{"rendered":"<p><span class=\"prvimanjsinaslovopis\"> Unikatni drveni svije\u0107njak &#8211; Donesite prirodu u svoj dom<\/span><\/p>\n<p>&nbsp;<\/p>\n<h2><span class=\"odebeljenopis\"><strong><br \/>\nU\u017eivajte u \u010daroliji prirode s na\u0161im unikatnim drvenim svije\u0107njakom iz PAVI DECOR-a. Ovaj pa\u017eljivo izra\u0111en svije\u0107njak ne samo da unosi toplinu u va\u0161 dom, ve\u0107 i stvara savr\u0161enu atmosferu za svaku prigodu. Njegov rustikalni dizajn i ru\u010dna izrada \u010dine ga idealnim dodatkom za svaki prostor.<\/strong><\/span><\/h2>\n<p>&nbsp;<\/p>\n<div class=\"row\">\n<div class=\"col-sm-6 \" style=\"margin-top: 30px;\"><center><img decoding=\"async\" class=\"lazyload img-responsive\" style=\"margin: 0px auto; max-width: 100%;\" src=\"data:image\/svg+xml,%3Csvg%20xmlns%3D%27http%3A%2F%2Fwww.w3.org%2F2000%2Fsvg%27%20width%3D%271257%27%20height%3D%271256%27%20viewBox%3D%270%200%201257%201256%27%3E%3Crect%20width%3D%271257%27%20height%3D%271256%27%20fill-opacity%3D%220%22%2F%3E%3C%2Fsvg%3E\" data-orig-src=\"https:\/\/pavidecor.si\/wp-content\/uploads\/2022\/10\/1IMG_7183-2.jpg\" \/><\/center><\/div>\n<div class=\"col-sm-6\" style=\"margin-top: 40px;\">\n<p>&nbsp;<\/p>\n<h3>Jedinstvenost i kvaliteta<\/h3>\n<p>Na\u0161i drveni svije\u0107njaci su rezultat strasti prema drvetu i prirodi, a svaki komad je ru\u010dno izra\u0111en s ljubavlju i pa\u017enjom. <b>Svaki svije\u0107njak je jedinstven<\/b>, \u0161to zna\u010di da \u0107ete dobiti proizvod koji je poseban i druga\u010diji od svih drugih. Na\u0161a trgovina PAVI DECOR iz Ljubljane ponosi se time \u0161to koristi tradicionalne tehnike spajanja drvenih dijelova, koje su koristili stari majstori. Ova metoda ne samo da osigurava \u010dvrsto\u0107u, ve\u0107 i daje svije\u0107njaku autenti\u010dan izgled koji \u0107e obogatiti svaki interijer.<\/p>\n<p>&nbsp;<\/p>\n<p>Osim \u0161to su estetski privla\u010dni, na\u0161i svije\u0107njaci su i funkcionalni. <b>\u010cajna svije\u0107a koja dolazi uz svije\u0107njak<\/b> omogu\u0107ava vam da odmah u\u017eivate u romanti\u010dnoj atmosferi. Bilo da ga postavite na stoli\u0107 u dnevnoj sobi ili na kuhinjski pult, ovaj svije\u0107njak \u0107e dodati da\u0161ak elegancije i topline svakom prostoru.<\/p>\n<p>&nbsp;<\/p>\n<\/div>\n<\/div>\n<div class=\"row\">\n<div class=\"col-sm-6 col-sm-push-6\" style=\"margin-top: 30px;\"><center><img decoding=\"async\" class=\"lazyload img-responsive\" style=\"margin: 0px auto; max-width: 100%;\" src=\"data:image\/svg+xml,%3Csvg%20xmlns%3D%27http%3A%2F%2Fwww.w3.org%2F2000%2Fsvg%27%20width%3D%271298%27%20height%3D%271298%27%20viewBox%3D%270%200%201298%201298%27%3E%3Crect%20width%3D%271298%27%20height%3D%271298%27%20fill-opacity%3D%220%22%2F%3E%3C%2Fsvg%3E\" data-orig-src=\" https:\/\/pavidecor.si\/wp-content\/uploads\/2022\/10\/2IMG_7182-2.jpg\" \/><\/center><\/div>\n<div class=\"col-sm-6 col-sm-pull-6\" style=\"margin-top: 40px;\">\n<p>&nbsp;<\/p>\n<h3>Idealni za svaku prigodu<\/h3>\n<p>Drveni svije\u0107njak iz PAVI DECOR-a savr\u0161en je dodatak za razne prigode. Njegov rustikalni izgled \u010dini ga idealnim za dekoraciju tijekom praznika, ali i za svakodnevnu upotrebu. <b>Postavite ga samostalno ili u kombinaciji s drugim dekoracijama<\/b> na va\u0161oj blagdanskoj ili sve\u010danoj stolu i stvorite nezaboravnu atmosferu.<\/p>\n<p>&nbsp;<\/p>\n<p>Osim toga, svije\u0107njak se mo\u017ee koristiti i kao ukras na bo\u017ei\u0107nom drvcu, dodaju\u0107i poseban \u0161arm va\u0161im blagdanskim dekoracijama. Njegova svestranost omogu\u0107ava vam da ga koristite u razli\u010ditim prostorima i prilikama, \u010dime postaje neizostavan dio va\u0161eg doma. U\u017eivajte u trenucima opu\u0161tanja uz svjetlost svije\u0107a i prirodne materijale koji \u0107e vas <strong>podsjetiti na ljepotu prirode<\/strong>.<\/p>\n<p>&nbsp;<\/p>\n<\/div>\n<\/div>\n<div class=\"row\">\n<div class=\"col-sm-6\" style=\"margin-top: 30px;\"><center><img decoding=\"async\" class=\"lazyload img-responsive\" style=\"margin: 0px auto; max-width: 100%;\" src=\"data:image\/svg+xml,%3Csvg%20xmlns%3D%27http%3A%2F%2Fwww.w3.org%2F2000%2Fsvg%27%20width%3D%271778%27%20height%3D%271778%27%20viewBox%3D%270%200%201778%201778%27%3E%3Crect%20width%3D%271778%27%20height%3D%271778%27%20fill-opacity%3D%220%22%2F%3E%3C%2Fsvg%3E\" data-orig-src=\" https:\/\/pavidecor.si\/wp-content\/uploads\/2022\/10\/3IMG_7167-2.jpg\" \/><\/center><\/div>\n<div class=\"col-sm-6\" style=\"margin-top: 40px;\">\n<p>&nbsp;<\/p>\n<h3>Specifikacije proizvoda<\/h3>\n<p>Na\u0161 drveni svije\u0107njak dolazi u razli\u010ditim dimenzijama i obradama, a svaki komad je ru\u010dno izra\u0111en u Sloveniji. <b>Dimenzije svije\u0107njaka<\/b><strong> su prilago\u0111ene<\/strong> tako da se savr\u0161eno uklapaju u svaki prostor. \u010cajna svije\u0107a koja dolazi uz svije\u0107njak omogu\u0107ava vam da odmah u\u017eivate u njegovoj ljepoti.<\/p>\n<p>&nbsp;<\/p>\n<p>Svi na\u0161i proizvodi su rezultat vlastitog znanja i kreativnosti, a posebnost na\u0161ih drvenih proizvoda le\u017ei u <strong>ru\u010dnoj izradi i pa\u017enji prema detaljima<\/strong>. U PAVI DECOR-u vjerujemo u odr\u017eivost i ljubav prema prirodi, stoga su svi na\u0161i proizvodi izra\u0111eni od kvalitetnog drva, s naglaskom na o\u010duvanje okoli\u0161a. U\u017eivajte u jedinstvenom iskustvu koje pru\u017ea na\u0161 drveni svije\u0107njak i unesite prirodu u svoj dom.<\/p>\n<\/div>\n<\/div>\n<p>&nbsp;<\/p>\n","protected":false},"excerpt":{"rendered":"<p><strong><span style=\"color: #c4963c;\">\u2192 Rukotvorine<br \/>\n<\/span><span style=\"color: #c4963c;\">\u2192 Jedinstven<\/span><\/strong><\/p>\n","protected":false},"featured_media":18359,"comment_status":"open","ping_status":"closed","template":"","meta":[],"product_brand":[],"product_cat":[346],"product_tag":[218],"class_list":{"0":"post-18357","1":"product","2":"type-product","3":"status-publish","4":"has-post-thumbnail","6":"product_cat-svijecnjaci","7":"product_tag-nov","9":"first","10":"instock","11":"taxable","12":"shipping-taxable","13":"purchasable","14":"product-type-simple"},"yoast_head":"<!-- This site is optimized with the Yoast SEO plugin v27.2 - https:\/\/yoast.com\/product\/yoast-seo-wordpress\/ -->\n<title>Drveni svije\u0107njak PAVI DECOR - Donesite prirodu u svoj dom<\/title>\n<meta name=\"description\" content=\"Jednostavno dizajnirani drveni svije\u0107njak s da\u0161kom rustikalnosti unosi osje\u0107aj prirode u va\u0161 dom i tako do\u010darava prekrasnu doma\u0107u atmosferu.\" \/>\n<meta name=\"robots\" content=\"index, follow, max-snippet:-1, max-image-preview:large, max-video-preview:-1\" \/>\n<link rel=\"canonical\" href=\"https:\/\/pavidecor.si\/hr\/proizvod\/drveni-svijecnjak-bijeli-crveni-pjegavi-6x6x7cm\/\" \/>\n<meta property=\"og:locale\" content=\"hr_HR\" \/>\n<meta property=\"og:type\" content=\"article\" \/>\n<meta property=\"og:title\" content=\"Drveni svije\u0107njak PAVI DECOR - Donesite prirodu u svoj dom\" \/>\n<meta property=\"og:description\" content=\"Jednostavno dizajnirani drveni svije\u0107njak s da\u0161kom rustikalnosti unosi osje\u0107aj prirode u va\u0161 dom i tako do\u010darava prekrasnu doma\u0107u atmosferu.\" \/>\n<meta property=\"og:url\" content=\"https:\/\/pavidecor.si\/hr\/proizvod\/drveni-svijecnjak-bijeli-crveni-pjegavi-6x6x7cm\/\" \/>\n<meta property=\"og:site_name\" content=\"Pavi Decor\" \/>\n<meta property=\"article:modified_time\" content=\"2026-04-21T23:03:14+00:00\" \/>\n<meta property=\"og:image\" content=\"https:\/\/pavidecor.si\/wp-content\/uploads\/2022\/10\/1IMG_7183-2.jpg\" \/>\n\t<meta property=\"og:image:width\" content=\"1257\" \/>\n\t<meta property=\"og:image:height\" content=\"1256\" \/>\n\t<meta property=\"og:image:type\" content=\"image\/jpeg\" \/>\n<meta name=\"twitter:card\" content=\"summary_large_image\" \/>\n<meta name=\"twitter:label1\" content=\"Procijenjeno vrijeme \u010ditanja\" \/>\n\t<meta name=\"twitter:data1\" content=\"3 minute\" \/>\n<script type=\"application\/ld+json\" class=\"yoast-schema-graph\">{\"@context\":\"https:\/\/schema.org\",\"@graph\":[{\"@type\":\"WebPage\",\"@id\":\"https:\/\/pavidecor.si\/hr\/proizvod\/drveni-svijecnjak-bijeli-crveni-pjegavi-6x6x7cm\/\",\"url\":\"https:\/\/pavidecor.si\/hr\/proizvod\/drveni-svijecnjak-bijeli-crveni-pjegavi-6x6x7cm\/\",\"name\":\"Drveni svije\u0107njak PAVI DECOR - Donesite prirodu u svoj dom\",\"isPartOf\":{\"@id\":\"https:\/\/pavidecor.si\/hr\/#website\"},\"primaryImageOfPage\":{\"@id\":\"https:\/\/pavidecor.si\/hr\/proizvod\/drveni-svijecnjak-bijeli-crveni-pjegavi-6x6x7cm\/#primaryimage\"},\"image\":{\"@id\":\"https:\/\/pavidecor.si\/hr\/proizvod\/drveni-svijecnjak-bijeli-crveni-pjegavi-6x6x7cm\/#primaryimage\"},\"thumbnailUrl\":\"https:\/\/pavidecor.si\/wp-content\/uploads\/2022\/10\/1IMG_7183-2.jpg\",\"datePublished\":\"2022-10-20T08:02:44+00:00\",\"dateModified\":\"2026-04-21T23:03:14+00:00\",\"description\":\"Jednostavno dizajnirani drveni svije\u0107njak s da\u0161kom rustikalnosti unosi osje\u0107aj prirode u va\u0161 dom i tako do\u010darava prekrasnu doma\u0107u atmosferu.\",\"breadcrumb\":{\"@id\":\"https:\/\/pavidecor.si\/hr\/proizvod\/drveni-svijecnjak-bijeli-crveni-pjegavi-6x6x7cm\/#breadcrumb\"},\"inLanguage\":\"hr\",\"potentialAction\":[{\"@type\":\"ReadAction\",\"target\":[\"https:\/\/pavidecor.si\/hr\/proizvod\/drveni-svijecnjak-bijeli-crveni-pjegavi-6x6x7cm\/\"]}]},{\"@type\":\"ImageObject\",\"inLanguage\":\"hr\",\"@id\":\"https:\/\/pavidecor.si\/hr\/proizvod\/drveni-svijecnjak-bijeli-crveni-pjegavi-6x6x7cm\/#primaryimage\",\"url\":\"https:\/\/pavidecor.si\/wp-content\/uploads\/2022\/10\/1IMG_7183-2.jpg\",\"contentUrl\":\"https:\/\/pavidecor.si\/wp-content\/uploads\/2022\/10\/1IMG_7183-2.jpg\",\"width\":1257,\"height\":1256,\"caption\":\"PAVI DECOR\"},{\"@type\":\"BreadcrumbList\",\"@id\":\"https:\/\/pavidecor.si\/hr\/proizvod\/drveni-svijecnjak-bijeli-crveni-pjegavi-6x6x7cm\/#breadcrumb\",\"itemListElement\":[{\"@type\":\"ListItem\",\"position\":1,\"name\":\"Domov\",\"item\":\"https:\/\/pavidecor.si\/hr\/\"},{\"@type\":\"ListItem\",\"position\":2,\"name\":\"Internetska trgovina\",\"item\":\"https:\/\/pavidecor.si\/hr\/internetska-trgovina\/\"},{\"@type\":\"ListItem\",\"position\":3,\"name\":\"Drveni svije\u0107njak bijeli crveni pjegavi 6x6x7cm\"}]},{\"@type\":\"WebSite\",\"@id\":\"https:\/\/pavidecor.si\/hr\/#website\",\"url\":\"https:\/\/pavidecor.si\/hr\/\",\"name\":\"Pavi Decor\",\"description\":\"Leseni unikati ustvarjeni iz ljubezni do lesa in narave.\",\"potentialAction\":[{\"@type\":\"SearchAction\",\"target\":{\"@type\":\"EntryPoint\",\"urlTemplate\":\"https:\/\/pavidecor.si\/hr\/?s={search_term_string}\"},\"query-input\":{\"@type\":\"PropertyValueSpecification\",\"valueRequired\":true,\"valueName\":\"search_term_string\"}}],\"inLanguage\":\"hr\"}]}<\/script>\n<!-- \/ Yoast SEO plugin. -->","yoast_head_json":{"title":"Drveni svije\u0107njak PAVI DECOR - Donesite prirodu u svoj dom","description":"Jednostavno dizajnirani drveni svije\u0107njak s da\u0161kom rustikalnosti unosi osje\u0107aj prirode u va\u0161 dom i tako do\u010darava prekrasnu doma\u0107u atmosferu.","robots":{"index":"index","follow":"follow","max-snippet":"max-snippet:-1","max-image-preview":"max-image-preview:large","max-video-preview":"max-video-preview:-1"},"canonical":"https:\/\/pavidecor.si\/hr\/proizvod\/drveni-svijecnjak-bijeli-crveni-pjegavi-6x6x7cm\/","og_locale":"hr_HR","og_type":"article","og_title":"Drveni svije\u0107njak PAVI DECOR - Donesite prirodu u svoj dom","og_description":"Jednostavno dizajnirani drveni svije\u0107njak s da\u0161kom rustikalnosti unosi osje\u0107aj prirode u va\u0161 dom i tako do\u010darava prekrasnu doma\u0107u atmosferu.","og_url":"https:\/\/pavidecor.si\/hr\/proizvod\/drveni-svijecnjak-bijeli-crveni-pjegavi-6x6x7cm\/","og_site_name":"Pavi Decor","article_modified_time":"2026-04-21T23:03:14+00:00","og_image":[{"width":1257,"height":1256,"url":"https:\/\/pavidecor.si\/wp-content\/uploads\/2022\/10\/1IMG_7183-2.jpg","type":"image\/jpeg"}],"twitter_card":"summary_large_image","twitter_misc":{"Procijenjeno vrijeme \u010ditanja":"3 minute"},"schema":{"@context":"https:\/\/schema.org","@graph":[{"@type":"WebPage","@id":"https:\/\/pavidecor.si\/hr\/proizvod\/drveni-svijecnjak-bijeli-crveni-pjegavi-6x6x7cm\/","url":"https:\/\/pavidecor.si\/hr\/proizvod\/drveni-svijecnjak-bijeli-crveni-pjegavi-6x6x7cm\/","name":"Drveni svije\u0107njak PAVI DECOR - Donesite prirodu u svoj dom","isPartOf":{"@id":"https:\/\/pavidecor.si\/hr\/#website"},"primaryImageOfPage":{"@id":"https:\/\/pavidecor.si\/hr\/proizvod\/drveni-svijecnjak-bijeli-crveni-pjegavi-6x6x7cm\/#primaryimage"},"image":{"@id":"https:\/\/pavidecor.si\/hr\/proizvod\/drveni-svijecnjak-bijeli-crveni-pjegavi-6x6x7cm\/#primaryimage"},"thumbnailUrl":"https:\/\/pavidecor.si\/wp-content\/uploads\/2022\/10\/1IMG_7183-2.jpg","datePublished":"2022-10-20T08:02:44+00:00","dateModified":"2026-04-21T23:03:14+00:00","description":"Jednostavno dizajnirani drveni svije\u0107njak s da\u0161kom rustikalnosti unosi osje\u0107aj prirode u va\u0161 dom i tako do\u010darava prekrasnu doma\u0107u atmosferu.","breadcrumb":{"@id":"https:\/\/pavidecor.si\/hr\/proizvod\/drveni-svijecnjak-bijeli-crveni-pjegavi-6x6x7cm\/#breadcrumb"},"inLanguage":"hr","potentialAction":[{"@type":"ReadAction","target":["https:\/\/pavidecor.si\/hr\/proizvod\/drveni-svijecnjak-bijeli-crveni-pjegavi-6x6x7cm\/"]}]},{"@type":"ImageObject","inLanguage":"hr","@id":"https:\/\/pavidecor.si\/hr\/proizvod\/drveni-svijecnjak-bijeli-crveni-pjegavi-6x6x7cm\/#primaryimage","url":"https:\/\/pavidecor.si\/wp-content\/uploads\/2022\/10\/1IMG_7183-2.jpg","contentUrl":"https:\/\/pavidecor.si\/wp-content\/uploads\/2022\/10\/1IMG_7183-2.jpg","width":1257,"height":1256,"caption":"PAVI DECOR"},{"@type":"BreadcrumbList","@id":"https:\/\/pavidecor.si\/hr\/proizvod\/drveni-svijecnjak-bijeli-crveni-pjegavi-6x6x7cm\/#breadcrumb","itemListElement":[{"@type":"ListItem","position":1,"name":"Domov","item":"https:\/\/pavidecor.si\/hr\/"},{"@type":"ListItem","position":2,"name":"Internetska trgovina","item":"https:\/\/pavidecor.si\/hr\/internetska-trgovina\/"},{"@type":"ListItem","position":3,"name":"Drveni svije\u0107njak bijeli crveni pjegavi 6x6x7cm"}]},{"@type":"WebSite","@id":"https:\/\/pavidecor.si\/hr\/#website","url":"https:\/\/pavidecor.si\/hr\/","name":"Pavi Decor","description":"Leseni unikati ustvarjeni iz ljubezni do lesa in narave.","potentialAction":[{"@type":"SearchAction","target":{"@type":"EntryPoint","urlTemplate":"https:\/\/pavidecor.si\/hr\/?s={search_term_string}"},"query-input":{"@type":"PropertyValueSpecification","valueRequired":true,"valueName":"search_term_string"}}],"inLanguage":"hr"}]}},"_links":{"self":[{"href":"https:\/\/pavidecor.si\/hr\/wp-json\/wp\/v2\/product\/18357","targetHints":{"allow":["GET"]}}],"collection":[{"href":"https:\/\/pavidecor.si\/hr\/wp-json\/wp\/v2\/product"}],"about":[{"href":"https:\/\/pavidecor.si\/hr\/wp-json\/wp\/v2\/types\/product"}],"replies":[{"embeddable":true,"href":"https:\/\/pavidecor.si\/hr\/wp-json\/wp\/v2\/comments?post=18357"}],"wp:featuredmedia":[{"embeddable":true,"href":"https:\/\/pavidecor.si\/hr\/wp-json\/wp\/v2\/media\/18359"}],"wp:attachment":[{"href":"https:\/\/pavidecor.si\/hr\/wp-json\/wp\/v2\/media?parent=18357"}],"wp:term":[{"taxonomy":"product_brand","embeddable":true,"href":"https:\/\/pavidecor.si\/hr\/wp-json\/wp\/v2\/product_brand?post=18357"},{"taxonomy":"product_cat","embeddable":true,"href":"https:\/\/pavidecor.si\/hr\/wp-json\/wp\/v2\/product_cat?post=18357"},{"taxonomy":"product_tag","embeddable":true,"href":"https:\/\/pavidecor.si\/hr\/wp-json\/wp\/v2\/product_tag?post=18357"}],"curies":[{"name":"wp","href":"https:\/\/api.w.org\/{rel}","templated":true}]}}