	{"id":18202,"date":"2022-10-24T10:24:26","date_gmt":"2022-10-24T10:24:26","guid":{"rendered":"https:\/\/pavidecor.si\/product\/lopatica-za-stednjak-tresnja-pd\/"},"modified":"2026-05-15T09:12:43","modified_gmt":"2026-05-15T09:12:43","slug":"lopatica-za-stednjak-tresnja-pd","status":"publish","type":"product","link":"https:\/\/pavidecor.si\/hr\/proizvod\/lopatica-za-stednjak-tresnja-pd\/","title":{"rendered":"Lopatica za kuhanje tre\u0161nja PD"},"content":{"rendered":"<p><span class=\"prvimanjsinaslovopis\">Lopatica za kuhanje &#8211; Va\u0161 savr\u0161eni pomo\u0107nik u kuhinji<\/span><\/p>\n<p>&nbsp;<\/p>\n<h2><span class=\"odebeljenopis\"><strong><br \/>\nU\u017eivajte u kuhanju s na\u0161om kuhalnicom \u0161patulom, koja je savr\u0161ena za pripremu jaja i drugih jela. Ova jedinstvena kuhalnica izra\u0111ena je od masivnog drva tre\u0161nje, a svaki detalj odra\u017eava na\u0161u strast prema drvetu i prirodi. U PAVI DECOR-u iz Ljubljane, svaki proizvod je rezultat na\u0161eg znanja i kreativnosti, a posebno se ponosimo ru\u010dnom izradom na\u0161ih proizvoda.<\/strong><\/span><\/h2>\n<p>&nbsp;<\/p>\n<div class=\"row\">\n<div class=\"col-sm-6 \" style=\"margin-top: 30px;\"><center><img decoding=\"async\" class=\"lazyload img-responsive\" style=\"margin: 0px auto; max-width: 100%;\" src=\"data:image\/svg+xml,%3Csvg%20xmlns%3D%27http%3A%2F%2Fwww.w3.org%2F2000%2Fsvg%27%20width%3D%272287%27%20height%3D%272287%27%20viewBox%3D%270%200%202287%202287%27%3E%3Crect%20width%3D%272287%27%20height%3D%272287%27%20fill-opacity%3D%220%22%2F%3E%3C%2Fsvg%3E\" data-orig-src=\"https:\/\/pavidecor.si\/wp-content\/uploads\/2022\/10\/1IMG_7284-2.jpg\" \/><\/center><\/div>\n<div class=\"col-sm-6\" style=\"margin-top: 40px;\">\n<p>&nbsp;<\/p>\n<h3>Jedinstvena izrada i kvaliteta<\/h3>\n<p>Na\u0161a l<span class=\"prvimanjsinaslovopis\">opatica za kuhanje<\/span> izra\u0111ena je od masivnog drva tre\u0161nje, \u0161to joj daje izvanrednu <strong>\u010dvrsto\u0107u i dugotrajnost<\/strong>. Drvo tre\u0161nje poznato je po svojoj lijepoj prirodnoj strukturi i toplini, koja \u0107e obogatiti va\u0161u kuhinju. Svaka lopatica je ru\u010dno izra\u0111ena, a proces izrade uklju\u010duje tradicionalne tehnike spajanja drvenih dijelova, koje su koristili stari majstori. Ovaj na\u010din izrade ne samo da osigurava kvalitetu, ve\u0107 i daje proizvodu autenti\u010dan izgled, \u010dine\u0107i ga pravim remek-djelom.<\/p>\n<p>&nbsp;<\/p>\n<p>U PAVI DECOR-u vjerujemo da je svaki komad drva jedinstven, stoga se trudimo zadr\u017eati prirodne karakteristike drva u na\u0161im proizvodima. Na\u0161a l<span class=\"prvimanjsinaslovopis\">opatica za kuhanje<\/span> nije samo funkcionalna, ve\u0107 i estetski privla\u010dna, \u0161to je \u010dini savr\u0161enim dodatkom svakoj kuhinji. Osim toga, na kraju ru\u010dke nalazi se <b>rupa za vje\u0161anje<\/b>, \u0161to olak\u0161ava pohranu i dodaje prakti\u010dnost.<\/p>\n<p>&nbsp;<\/p>\n<\/div>\n<\/div>\n<div class=\"row\">\n<div class=\"col-sm-6 col-sm-push-6\" style=\"margin-top: 30px;\"><center><img decoding=\"async\" class=\"lazyload img-responsive\" style=\"margin: 0px auto; max-width: 100%;\" src=\"data:image\/svg+xml,%3Csvg%20xmlns%3D%27http%3A%2F%2Fwww.w3.org%2F2000%2Fsvg%27%20width%3D%272426%27%20height%3D%272426%27%20viewBox%3D%270%200%202426%202426%27%3E%3Crect%20width%3D%272426%27%20height%3D%272426%27%20fill-opacity%3D%220%22%2F%3E%3C%2Fsvg%3E\" data-orig-src=\" https:\/\/pavidecor.si\/wp-content\/uploads\/2022\/10\/2IMG_7288-2.jpg\" \/><\/center><\/div>\n<div class=\"col-sm-6 col-sm-pull-6\" style=\"margin-top: 40px;\">\n<p>&nbsp;<\/p>\n<h3>Prakti\u010dnost i svestranost<\/h3>\n<p><span class=\"prvimanjsinaslovopis\">Lopatica za kuhanje<\/span> je neizostavan alat u svakoj kuhinji. Bez obzira pripremate li doru\u010dak, ru\u010dak ili ve\u010deru, ova kuhalnica \u0107e vam pomo\u0107i u pripremi raznih jela. Idealna je za pe\u010denje jaja, ali i za mije\u0161anje, okretanje i poslu\u017eivanje raznih jela. Njena svestranost \u010dini je savr\u0161enim izborom za sve ljubitelje kuhanja.<\/p>\n<p>&nbsp;<\/p>\n<p>Osim \u0161to je izuzetno funkcionalna, kuhalnica \u0161patula tako\u0111er je i ekolo\u0161ki prihvatljiva. Izra\u0111ena od prirodnih materijala, ne sadr\u017ei \u0161tetne kemikalije, \u0161to je \u010dini sigurnom za kori\u0161tenje u va\u0161oj kuhinji. U PAVI DECOR-u se ponosimo time \u0161to svi na\u0161i proizvodi dolaze iz Slovenije, a svaki komad drva pa\u017eljivo biramo kako bismo osigurali najvi\u0161u kvalitetu.<\/p>\n<p>&nbsp;<\/p>\n<\/div>\n<\/div>\n<div class=\"row\">\n<div class=\"col-sm-6\" style=\"margin-top: 30px;\"><center><img decoding=\"async\" class=\"lazyload img-responsive\" style=\"margin: 0px auto; max-width: 100%;\" src=\"data:image\/svg+xml,%3Csvg%20xmlns%3D%27http%3A%2F%2Fwww.w3.org%2F2000%2Fsvg%27%20width%3D%271945%27%20height%3D%271945%27%20viewBox%3D%270%200%201945%201945%27%3E%3Crect%20width%3D%271945%27%20height%3D%271945%27%20fill-opacity%3D%220%22%2F%3E%3C%2Fsvg%3E\" data-orig-src=\" https:\/\/pavidecor.si\/wp-content\/uploads\/2022\/10\/3IMG_7323-2.jpg\" \/><\/center><\/div>\n<div class=\"col-sm-6\" style=\"margin-top: 40px;\">\n<p>&nbsp;<\/p>\n<h3>Specifikacije proizvoda<\/h3>\n<p><span class=\"prvimanjsinaslovopis\">Lopatica za kuhanje<\/span> je savr\u0161ena za sve koji \u017eele dodati da\u0161ak prirode u svoju kuhinju. Izra\u0111ena je od <b>masivnog drva tre\u0161nje<\/b>, koje se odlikuje prekrasnom prirodnom strukturom. Na kraju ru\u010dke nalazi se rupa za vje\u0161anje, \u0161to olak\u0161ava pohranu. Ovaj proizvod je obavezan i koristan alat za svako ku\u0107anstvo. Na ru\u010dki je tako\u0111er ugraviran logotip ljubljanskog zmaja, \u0161to dodatno nagla\u0161ava njegovu jedinstvenost.<\/p>\n<p>&nbsp;<\/p>\n<p>U PAVI DECOR-u vjerujemo u ljubav prema drvetu i prirodi, a svaki na\u0161 proizvod odra\u017eava tu strast. Na\u0161a kuhalnica \u0161patula nije samo alat, ve\u0107 i umjetni\u010dko djelo koje \u0107e obogatiti va\u0161u kuhinju. S ponosom mo\u017eemo re\u0107i da su svi na\u0161i proizvodi rezultat vlastitog znanja i kreativnosti, a ru\u010dna izrada osigurava da svaki komad bude jedinstven.<\/p>\n<\/div>\n<\/div>\n<p>&nbsp;<\/p>\n","protected":false},"excerpt":{"rendered":"<p><strong><span style=\"color: #c4963c;\">\u2192 Masivno drvo<\/span><\/strong><br \/>\n<strong><span style=\"color: #c4963c;\">\u2192 Logotip Ljubljanskog zmaja<\/span><\/strong><\/p>\n","protected":false},"featured_media":18206,"comment_status":"open","ping_status":"closed","template":"","meta":[],"product_brand":[],"product_cat":[269,304,277],"product_tag":[218],"class_list":{"0":"post-18202","1":"product","2":"type-product","3":"status-publish","4":"has-post-thumbnail","6":"product_cat-oprema-za-trgovine-i-konobe","7":"product_cat-posude","8":"product_cat-suveniri-grada-ljubljane","9":"product_tag-nov","11":"first","12":"instock","13":"taxable","14":"shipping-taxable","15":"purchasable","16":"product-type-simple"},"yoast_head":"<!-- This site is optimized with the Yoast SEO plugin v27.2 - https:\/\/yoast.com\/product\/yoast-seo-wordpress\/ -->\n<title>Lopatica za kuhanje - Va\u0161 savr\u0161eni pomo\u0107nik u kuhinji<\/title>\n<meta name=\"description\" content=\"Lopatica za kuhanje savr\u0161ena je za pe\u010denje jaja. Izra\u0111ena je od masivnog tre\u0161njinog drveta s vidljivom prirodnom strukturom i logotipom ljubljanskog zmaja.\" \/>\n<meta name=\"robots\" content=\"index, follow, max-snippet:-1, max-image-preview:large, max-video-preview:-1\" \/>\n<link rel=\"canonical\" href=\"https:\/\/pavidecor.si\/hr\/proizvod\/lopatica-za-stednjak-tresnja-pd\/\" \/>\n<meta property=\"og:locale\" content=\"hr_HR\" \/>\n<meta property=\"og:type\" content=\"article\" \/>\n<meta property=\"og:title\" content=\"Lopatica za kuhanje - Va\u0161 savr\u0161eni pomo\u0107nik u kuhinji\" \/>\n<meta property=\"og:description\" content=\"Lopatica za kuhanje savr\u0161ena je za pe\u010denje jaja. Izra\u0111ena je od masivnog tre\u0161njinog drveta s vidljivom prirodnom strukturom i logotipom ljubljanskog zmaja.\" \/>\n<meta property=\"og:url\" content=\"https:\/\/pavidecor.si\/hr\/proizvod\/lopatica-za-stednjak-tresnja-pd\/\" \/>\n<meta property=\"og:site_name\" content=\"Pavi Decor\" \/>\n<meta property=\"article:modified_time\" content=\"2026-05-15T09:12:43+00:00\" \/>\n<meta property=\"og:image\" content=\"https:\/\/pavidecor.si\/wp-content\/uploads\/2022\/10\/1IMG_7284-2.jpg\" \/>\n\t<meta property=\"og:image:width\" content=\"2287\" \/>\n\t<meta property=\"og:image:height\" content=\"2287\" \/>\n\t<meta property=\"og:image:type\" content=\"image\/jpeg\" \/>\n<meta name=\"twitter:card\" content=\"summary_large_image\" \/>\n<meta name=\"twitter:label1\" content=\"Procijenjeno vrijeme \u010ditanja\" \/>\n\t<meta name=\"twitter:data1\" content=\"4 minute\" \/>\n<script type=\"application\/ld+json\" class=\"yoast-schema-graph\">{\"@context\":\"https:\/\/schema.org\",\"@graph\":[{\"@type\":\"WebPage\",\"@id\":\"https:\/\/pavidecor.si\/hr\/proizvod\/lopatica-za-stednjak-tresnja-pd\/\",\"url\":\"https:\/\/pavidecor.si\/hr\/proizvod\/lopatica-za-stednjak-tresnja-pd\/\",\"name\":\"Lopatica za kuhanje - Va\u0161 savr\u0161eni pomo\u0107nik u kuhinji\",\"isPartOf\":{\"@id\":\"https:\/\/pavidecor.si\/hr\/#website\"},\"primaryImageOfPage\":{\"@id\":\"https:\/\/pavidecor.si\/hr\/proizvod\/lopatica-za-stednjak-tresnja-pd\/#primaryimage\"},\"image\":{\"@id\":\"https:\/\/pavidecor.si\/hr\/proizvod\/lopatica-za-stednjak-tresnja-pd\/#primaryimage\"},\"thumbnailUrl\":\"https:\/\/pavidecor.si\/wp-content\/uploads\/2022\/10\/1IMG_7284-2.jpg\",\"datePublished\":\"2022-10-24T10:24:26+00:00\",\"dateModified\":\"2026-05-15T09:12:43+00:00\",\"description\":\"Lopatica za kuhanje savr\u0161ena je za pe\u010denje jaja. Izra\u0111ena je od masivnog tre\u0161njinog drveta s vidljivom prirodnom strukturom i logotipom ljubljanskog zmaja.\",\"breadcrumb\":{\"@id\":\"https:\/\/pavidecor.si\/hr\/proizvod\/lopatica-za-stednjak-tresnja-pd\/#breadcrumb\"},\"inLanguage\":\"hr\",\"potentialAction\":[{\"@type\":\"ReadAction\",\"target\":[\"https:\/\/pavidecor.si\/hr\/proizvod\/lopatica-za-stednjak-tresnja-pd\/\"]}]},{\"@type\":\"ImageObject\",\"inLanguage\":\"hr\",\"@id\":\"https:\/\/pavidecor.si\/hr\/proizvod\/lopatica-za-stednjak-tresnja-pd\/#primaryimage\",\"url\":\"https:\/\/pavidecor.si\/wp-content\/uploads\/2022\/10\/1IMG_7284-2.jpg\",\"contentUrl\":\"https:\/\/pavidecor.si\/wp-content\/uploads\/2022\/10\/1IMG_7284-2.jpg\",\"width\":2287,\"height\":2287,\"caption\":\"PAVI DECOR\"},{\"@type\":\"BreadcrumbList\",\"@id\":\"https:\/\/pavidecor.si\/hr\/proizvod\/lopatica-za-stednjak-tresnja-pd\/#breadcrumb\",\"itemListElement\":[{\"@type\":\"ListItem\",\"position\":1,\"name\":\"Domov\",\"item\":\"https:\/\/pavidecor.si\/hr\/\"},{\"@type\":\"ListItem\",\"position\":2,\"name\":\"Internetska trgovina\",\"item\":\"https:\/\/pavidecor.si\/hr\/internetska-trgovina\/\"},{\"@type\":\"ListItem\",\"position\":3,\"name\":\"Lopatica za kuhanje tre\u0161nja PD\"}]},{\"@type\":\"WebSite\",\"@id\":\"https:\/\/pavidecor.si\/hr\/#website\",\"url\":\"https:\/\/pavidecor.si\/hr\/\",\"name\":\"Pavi Decor\",\"description\":\"Leseni unikati ustvarjeni iz ljubezni do lesa in narave.\",\"potentialAction\":[{\"@type\":\"SearchAction\",\"target\":{\"@type\":\"EntryPoint\",\"urlTemplate\":\"https:\/\/pavidecor.si\/hr\/?s={search_term_string}\"},\"query-input\":{\"@type\":\"PropertyValueSpecification\",\"valueRequired\":true,\"valueName\":\"search_term_string\"}}],\"inLanguage\":\"hr\"}]}<\/script>\n<!-- \/ Yoast SEO plugin. -->","yoast_head_json":{"title":"Lopatica za kuhanje - Va\u0161 savr\u0161eni pomo\u0107nik u kuhinji","description":"Lopatica za kuhanje savr\u0161ena je za pe\u010denje jaja. Izra\u0111ena je od masivnog tre\u0161njinog drveta s vidljivom prirodnom strukturom i logotipom ljubljanskog zmaja.","robots":{"index":"index","follow":"follow","max-snippet":"max-snippet:-1","max-image-preview":"max-image-preview:large","max-video-preview":"max-video-preview:-1"},"canonical":"https:\/\/pavidecor.si\/hr\/proizvod\/lopatica-za-stednjak-tresnja-pd\/","og_locale":"hr_HR","og_type":"article","og_title":"Lopatica za kuhanje - Va\u0161 savr\u0161eni pomo\u0107nik u kuhinji","og_description":"Lopatica za kuhanje savr\u0161ena je za pe\u010denje jaja. Izra\u0111ena je od masivnog tre\u0161njinog drveta s vidljivom prirodnom strukturom i logotipom ljubljanskog zmaja.","og_url":"https:\/\/pavidecor.si\/hr\/proizvod\/lopatica-za-stednjak-tresnja-pd\/","og_site_name":"Pavi Decor","article_modified_time":"2026-05-15T09:12:43+00:00","og_image":[{"width":2287,"height":2287,"url":"https:\/\/pavidecor.si\/wp-content\/uploads\/2022\/10\/1IMG_7284-2.jpg","type":"image\/jpeg"}],"twitter_card":"summary_large_image","twitter_misc":{"Procijenjeno vrijeme \u010ditanja":"4 minute"},"schema":{"@context":"https:\/\/schema.org","@graph":[{"@type":"WebPage","@id":"https:\/\/pavidecor.si\/hr\/proizvod\/lopatica-za-stednjak-tresnja-pd\/","url":"https:\/\/pavidecor.si\/hr\/proizvod\/lopatica-za-stednjak-tresnja-pd\/","name":"Lopatica za kuhanje - Va\u0161 savr\u0161eni pomo\u0107nik u kuhinji","isPartOf":{"@id":"https:\/\/pavidecor.si\/hr\/#website"},"primaryImageOfPage":{"@id":"https:\/\/pavidecor.si\/hr\/proizvod\/lopatica-za-stednjak-tresnja-pd\/#primaryimage"},"image":{"@id":"https:\/\/pavidecor.si\/hr\/proizvod\/lopatica-za-stednjak-tresnja-pd\/#primaryimage"},"thumbnailUrl":"https:\/\/pavidecor.si\/wp-content\/uploads\/2022\/10\/1IMG_7284-2.jpg","datePublished":"2022-10-24T10:24:26+00:00","dateModified":"2026-05-15T09:12:43+00:00","description":"Lopatica za kuhanje savr\u0161ena je za pe\u010denje jaja. Izra\u0111ena je od masivnog tre\u0161njinog drveta s vidljivom prirodnom strukturom i logotipom ljubljanskog zmaja.","breadcrumb":{"@id":"https:\/\/pavidecor.si\/hr\/proizvod\/lopatica-za-stednjak-tresnja-pd\/#breadcrumb"},"inLanguage":"hr","potentialAction":[{"@type":"ReadAction","target":["https:\/\/pavidecor.si\/hr\/proizvod\/lopatica-za-stednjak-tresnja-pd\/"]}]},{"@type":"ImageObject","inLanguage":"hr","@id":"https:\/\/pavidecor.si\/hr\/proizvod\/lopatica-za-stednjak-tresnja-pd\/#primaryimage","url":"https:\/\/pavidecor.si\/wp-content\/uploads\/2022\/10\/1IMG_7284-2.jpg","contentUrl":"https:\/\/pavidecor.si\/wp-content\/uploads\/2022\/10\/1IMG_7284-2.jpg","width":2287,"height":2287,"caption":"PAVI DECOR"},{"@type":"BreadcrumbList","@id":"https:\/\/pavidecor.si\/hr\/proizvod\/lopatica-za-stednjak-tresnja-pd\/#breadcrumb","itemListElement":[{"@type":"ListItem","position":1,"name":"Domov","item":"https:\/\/pavidecor.si\/hr\/"},{"@type":"ListItem","position":2,"name":"Internetska trgovina","item":"https:\/\/pavidecor.si\/hr\/internetska-trgovina\/"},{"@type":"ListItem","position":3,"name":"Lopatica za kuhanje tre\u0161nja PD"}]},{"@type":"WebSite","@id":"https:\/\/pavidecor.si\/hr\/#website","url":"https:\/\/pavidecor.si\/hr\/","name":"Pavi Decor","description":"Leseni unikati ustvarjeni iz ljubezni do lesa in narave.","potentialAction":[{"@type":"SearchAction","target":{"@type":"EntryPoint","urlTemplate":"https:\/\/pavidecor.si\/hr\/?s={search_term_string}"},"query-input":{"@type":"PropertyValueSpecification","valueRequired":true,"valueName":"search_term_string"}}],"inLanguage":"hr"}]}},"_links":{"self":[{"href":"https:\/\/pavidecor.si\/hr\/wp-json\/wp\/v2\/product\/18202","targetHints":{"allow":["GET"]}}],"collection":[{"href":"https:\/\/pavidecor.si\/hr\/wp-json\/wp\/v2\/product"}],"about":[{"href":"https:\/\/pavidecor.si\/hr\/wp-json\/wp\/v2\/types\/product"}],"replies":[{"embeddable":true,"href":"https:\/\/pavidecor.si\/hr\/wp-json\/wp\/v2\/comments?post=18202"}],"wp:featuredmedia":[{"embeddable":true,"href":"https:\/\/pavidecor.si\/hr\/wp-json\/wp\/v2\/media\/18206"}],"wp:attachment":[{"href":"https:\/\/pavidecor.si\/hr\/wp-json\/wp\/v2\/media?parent=18202"}],"wp:term":[{"taxonomy":"product_brand","embeddable":true,"href":"https:\/\/pavidecor.si\/hr\/wp-json\/wp\/v2\/product_brand?post=18202"},{"taxonomy":"product_cat","embeddable":true,"href":"https:\/\/pavidecor.si\/hr\/wp-json\/wp\/v2\/product_cat?post=18202"},{"taxonomy":"product_tag","embeddable":true,"href":"https:\/\/pavidecor.si\/hr\/wp-json\/wp\/v2\/product_tag?post=18202"}],"curies":[{"name":"wp","href":"https:\/\/api.w.org\/{rel}","templated":true}]}}