	{"id":17979,"date":"2022-11-10T09:12:14","date_gmt":"2022-11-10T09:12:14","guid":{"rendered":"https:\/\/pavidecor.si\/product\/novogodisnje-bozicno-drvce-eva-bijelo-rustikalno-80x45x18cm\/"},"modified":"2026-04-26T19:08:43","modified_gmt":"2026-04-26T19:08:43","slug":"novogodisnje-bozicno-drvce-eva-bijelo-rustikalno-80x45x18cm","status":"publish","type":"product","link":"https:\/\/pavidecor.si\/hr\/proizvod\/novogodisnje-bozicno-drvce-eva-bijelo-rustikalno-80x45x18cm\/","title":{"rendered":"Bo\u017ei\u0107no drvce Eva bijela rustikalna 80x45x18cm"},"content":{"rendered":"<p><span class=\"prvimanjsinaslovopis\"> Novogodi\u0161nja jela Eva &#8211; Elegancija prirode u va\u0161em domu<\/span><\/p>\n<p>&nbsp;<\/p>\n<h2><span class=\"odebeljenopis\"><strong><br \/>\nOtkrijte \u010daroliju blagdana uz na\u0161e jedinstveno novogodi\u0161nje drvce Eva koje spaja prirodu i eleganciju. Ovaj drveni proizvod, ru\u010dno izra\u0111en u Sloveniji, savr\u0161en je izbor za sve koji \u017eele o\u010duvati prirodu i istovremeno u\u017eivati u sve\u010danoj atmosferi. Dizajniran je da unese toplinu i stil u svaki prostor.<\/strong><\/span><\/h2>\n<p>&nbsp;<\/p>\n<div class=\"row\">\n<div class=\"col-sm-6 \" style=\"margin-top: 30px;\"><center><img decoding=\"async\" class=\"lazyload img-responsive\" style=\"margin: 0px auto; max-width: 100%;\" src=\"data:image\/svg+xml,%3Csvg%20xmlns%3D%27http%3A%2F%2Fwww.w3.org%2F2000%2Fsvg%27%20width%3D%272560%27%20height%3D%272560%27%20viewBox%3D%270%200%202560%202560%27%3E%3Crect%20width%3D%272560%27%20height%3D%272560%27%20fill-opacity%3D%220%22%2F%3E%3C%2Fsvg%3E\" data-orig-src=\"https:\/\/pavidecor.si\/wp-content\/uploads\/2022\/03\/Novoletna-jelka-rustikalna-bela-dve-policki-No.1281-1-scaled.jpg\" \/><\/center><\/div>\n<div class=\"col-sm-6\" style=\"margin-top: 40px;\">\n<p>&nbsp;<\/p>\n<h3>Jedinstvena ru\u010dna izrada<\/h3>\n<p>Novogodi\u0161nja jela Eva rezultat je strasti i ljubavi prema drvu koje uzgajamo u na\u0161oj trgovini PAVI DECOR u Ljubljani. Svaka jela ru\u010dno je izra\u0111ena tradicionalnim tehnikama spajanja koje su koristili stari majstori. Ovaj pristup osigurava da je svaki komad <strong>jedinstven i autenti\u010dan<\/strong>, daju\u0107i va\u0161em blagdanskom ukrasu poseban \u0161tih. Na\u0161 tim dizajnera i obrtnika nastoji osigurati da svaki proizvod odra\u017eava na\u0161u predanost kvaliteti i odr\u017eivosti.<\/p>\n<p>&nbsp;<\/p>\n<p>Koriste\u0107i prirodne materijale i pa\u017eljivo odabrane drvene dijelove, jelka Eva dizajnirana je da traje. Ne samo da \u0107e zamijeniti tradicionalno bo\u017ei\u0107no drvce, ve\u0107 \u0107e pomo\u0107i i <b>u o\u010duvanju na\u0161ih \u0161uma<\/b>. Odabirom na\u0161e jele podr\u017eavate odr\u017eivo prirodno gospodarstvo i doprinosite za\u0161titi okoli\u0161a.<\/p>\n<p>&nbsp;<\/p>\n<\/div>\n<\/div>\n<div class=\"row\">\n<div class=\"col-sm-6 col-sm-push-6\" style=\"margin-top: 30px;\"><center><img decoding=\"async\" class=\"lazyload img-responsive\" style=\"margin: 0px auto; max-width: 100%;\" src=\"data:image\/svg+xml,%3Csvg%20xmlns%3D%27http%3A%2F%2Fwww.w3.org%2F2000%2Fsvg%27%20width%3D%272560%27%20height%3D%272560%27%20viewBox%3D%270%200%202560%202560%27%3E%3Crect%20width%3D%272560%27%20height%3D%272560%27%20fill-opacity%3D%220%22%2F%3E%3C%2Fsvg%3E\" data-orig-src=\"https:\/\/pavidecor.si\/wp-content\/uploads\/2022\/03\/Novoletna-jelka-Eva-dve-policki-No.1281-2-2-scaled.jpg\" \/><\/center><\/div>\n<div class=\"col-sm-6 col-sm-pull-6\" style=\"margin-top: 40px;\">\n<p>&nbsp;<\/p>\n<h3>Prakti\u010dnost i jednostavno odr\u017eavanje<\/h3>\n<p>Jedna od glavnih prednosti novogodi\u0161nje jele Eve je <b>njezina nepretencioznost prema odr\u017eavanju<\/b>. Bez iglica koje otpadaju i bez fleksibilnih dijelova koji bi se mogli o\u0161tetiti, ova je jela idealan izbor za svaki dom. Jednostavno je postavite i bezbri\u017eno u\u017eivajte u sve\u010danoj atmosferi.<\/p>\n<p>&nbsp;<\/p>\n<p>Osim \u0161to zauzima vrlo malo prostora, bo\u017ei\u0107no drvce Eva je izvrstan izbor i za manje prostorije. Njegov rustikalni bijeli dizajn savr\u0161eno se uklapa u shabby chic ambijente, \u0161to zna\u010di da se lako mo\u017ee uklopiti u razli\u010dite stilske smjerove va\u0161eg doma. Za dodatno ukra\u0161avanje i rasvjetu mo\u017eete koristiti na\u0161e <a href=\"https:\/\/pavidecor.si\/hr\/kategorije\/dekorativni-proizvodi-za-dom\/svijecnjaci\/\"><strong><span style=\"color: #3366ff;\">drvene svije\u0107njake<\/span><\/strong><\/a> koji nadopunjuju izgled i stvaraju ugodnu atmosferu.<\/p>\n<p>&nbsp;<\/p>\n<\/div>\n<\/div>\n<div class=\"row\">\n<div class=\"col-sm-6\" style=\"margin-top: 30px;\"><center><img decoding=\"async\" class=\"lazyload img-responsive\" style=\"margin: 0px auto; max-width: 100%;\" src=\"data:image\/svg+xml,%3Csvg%20xmlns%3D%27http%3A%2F%2Fwww.w3.org%2F2000%2Fsvg%27%20width%3D%272560%27%20height%3D%272560%27%20viewBox%3D%270%200%202560%202560%27%3E%3Crect%20width%3D%272560%27%20height%3D%272560%27%20fill-opacity%3D%220%22%2F%3E%3C%2Fsvg%3E\" data-orig-src=\"https:\/\/pavidecor.si\/wp-content\/uploads\/2022\/03\/Novoletna-jelka-Eva-dve-policki-No.1281-3-2-scaled.jpg\" \/><\/center><\/div>\n<div class=\"col-sm-6\" style=\"margin-top: 40px;\">\n<p>&nbsp;<\/p>\n<h3>Odr\u017eiv izbor za blagdanske trenutke<\/h3>\n<p>Novogodi\u0161nja jela Eva nije samo ukras, ve\u0107 i simbol trajnosti i po\u0161tovanja prema prirodi. Svojim dizajnom i ekolo\u0161ki prihvatljivim materijalima predstavlja <b>odgovoran izbor<\/b> za svakoga tko \u017eeli slaviti bez \u0161tete po na\u0161 planet.<\/p>\n<p>&nbsp;<\/p>\n<p>S na\u0161om jelom stvorit \u0107ete nezaboravne blagdanske trenutke koje \u0107ete podijeliti sa svojim najmilijima. Zapamtite da je <strong>sastavljanje jele prili\u010dno jednostavno<\/strong>, jer nije potreban dodatni rad. Jednostavno je postavite i u\u017eivajte u sve\u010danoj atmosferi koju donosi.<\/p>\n<p>&nbsp;<\/p>\n<\/div>\n<\/div>\n<blockquote><p>Novogodi\u0161nja jela Eva kombinira prirodu s elegancijom, a po \u017eelji joj mo\u017eete dodati ukras na dvije police. Potpuno je prirodan i jednostavan za odr\u017eavanje, jer nema igala koje bi otpale, niti fleksibilnih dijelova koji bi se mogli o\u0161tetiti. Na\u0161a jedinstvena drvena jela trajno \u0107e zamijeniti prirodno bo\u017ei\u0107no drvce i tako pomo\u0107i u o\u010duvanju na\u0161ih \u0161uma. Novogodi\u0161nja jela Eva zauzima vrlo malo prostora u dubini, pa je pogodna \u010dak i za male prostorije. U rustikalno bijeloj verziji posebno je pogodan za shabby chic ambijente. Za ukra\u0161avanje i rasvjetu mo\u017eete koristiti drvene svije\u0107njake iz na\u0161eg programa. Nije potrebna monta\u017ea.<\/p><\/blockquote>\n<p>&nbsp;<\/p>\n","protected":false},"excerpt":{"rendered":"<p><strong><span style=\"color: #c4963c;\">\u2192 Ru\u010dni rad<\/span><\/strong><strong><span style=\"color: #c4963c;\"><br \/>\n<\/span><span style=\"color: #c4963c;\">\u2192 Jedinstveno<\/span><\/strong><\/p>\n","protected":false},"featured_media":14619,"comment_status":"open","ping_status":"closed","template":"","meta":[],"product_brand":[],"product_cat":[369],"product_tag":[218],"class_list":{"0":"post-17979","1":"product","2":"type-product","3":"status-publish","4":"has-post-thumbnail","6":"product_cat-novogodisnja-bozicna-drvca","7":"product_tag-nov","9":"first","10":"instock","11":"taxable","12":"shipping-taxable","13":"purchasable","14":"product-type-simple"},"yoast_head":"<!-- This site is optimized with the Yoast SEO plugin v27.2 - https:\/\/yoast.com\/product\/yoast-seo-wordpress\/ -->\n<title>Novogodi\u0161nja jela Eva - Elegancija prirode u va\u0161em domu<\/title>\n<meta name=\"description\" content=\"Novogodi\u0161nja jela Eva spaja prirodu s elegancijom. Potpuno je prirodna i jednostavna za odr\u017eavanje, jer nema igala koje bi otpale. Jedinstvena.\" \/>\n<meta name=\"robots\" content=\"index, follow, max-snippet:-1, max-image-preview:large, max-video-preview:-1\" \/>\n<link rel=\"canonical\" href=\"https:\/\/pavidecor.si\/hr\/proizvod\/novogodisnje-bozicno-drvce-eva-bijelo-rustikalno-80x45x18cm\/\" \/>\n<meta property=\"og:locale\" content=\"hr_HR\" \/>\n<meta property=\"og:type\" content=\"article\" \/>\n<meta property=\"og:title\" content=\"Novogodi\u0161nja jela Eva - Elegancija prirode u va\u0161em domu\" \/>\n<meta property=\"og:description\" content=\"Novogodi\u0161nja jela Eva spaja prirodu s elegancijom. Potpuno je prirodna i jednostavna za odr\u017eavanje, jer nema igala koje bi otpale. Jedinstvena.\" \/>\n<meta property=\"og:url\" content=\"https:\/\/pavidecor.si\/hr\/proizvod\/novogodisnje-bozicno-drvce-eva-bijelo-rustikalno-80x45x18cm\/\" \/>\n<meta property=\"og:site_name\" content=\"Pavi Decor\" \/>\n<meta property=\"article:modified_time\" content=\"2026-04-26T19:08:43+00:00\" \/>\n<meta property=\"og:image\" content=\"https:\/\/pavidecor.si\/wp-content\/uploads\/2022\/03\/Novoletna-jelka-rustikalna-bela-dve-policki-No.1281-1-scaled.jpg\" \/>\n\t<meta property=\"og:image:width\" content=\"2560\" \/>\n\t<meta property=\"og:image:height\" content=\"2560\" \/>\n\t<meta property=\"og:image:type\" content=\"image\/jpeg\" \/>\n<meta name=\"twitter:card\" content=\"summary_large_image\" \/>\n<meta name=\"twitter:label1\" content=\"Procijenjeno vrijeme \u010ditanja\" \/>\n\t<meta name=\"twitter:data1\" content=\"3 minute\" \/>\n<script type=\"application\/ld+json\" class=\"yoast-schema-graph\">{\"@context\":\"https:\/\/schema.org\",\"@graph\":[{\"@type\":\"WebPage\",\"@id\":\"https:\/\/pavidecor.si\/hr\/proizvod\/novogodisnje-bozicno-drvce-eva-bijelo-rustikalno-80x45x18cm\/\",\"url\":\"https:\/\/pavidecor.si\/hr\/proizvod\/novogodisnje-bozicno-drvce-eva-bijelo-rustikalno-80x45x18cm\/\",\"name\":\"Novogodi\u0161nja jela Eva - Elegancija prirode u va\u0161em domu\",\"isPartOf\":{\"@id\":\"https:\/\/pavidecor.si\/hr\/#website\"},\"primaryImageOfPage\":{\"@id\":\"https:\/\/pavidecor.si\/hr\/proizvod\/novogodisnje-bozicno-drvce-eva-bijelo-rustikalno-80x45x18cm\/#primaryimage\"},\"image\":{\"@id\":\"https:\/\/pavidecor.si\/hr\/proizvod\/novogodisnje-bozicno-drvce-eva-bijelo-rustikalno-80x45x18cm\/#primaryimage\"},\"thumbnailUrl\":\"https:\/\/pavidecor.si\/wp-content\/uploads\/2022\/03\/Novoletna-jelka-rustikalna-bela-dve-policki-No.1281-1-scaled.jpg\",\"datePublished\":\"2022-11-10T09:12:14+00:00\",\"dateModified\":\"2026-04-26T19:08:43+00:00\",\"description\":\"Novogodi\u0161nja jela Eva spaja prirodu s elegancijom. Potpuno je prirodna i jednostavna za odr\u017eavanje, jer nema igala koje bi otpale. Jedinstvena.\",\"breadcrumb\":{\"@id\":\"https:\/\/pavidecor.si\/hr\/proizvod\/novogodisnje-bozicno-drvce-eva-bijelo-rustikalno-80x45x18cm\/#breadcrumb\"},\"inLanguage\":\"hr\",\"potentialAction\":[{\"@type\":\"ReadAction\",\"target\":[\"https:\/\/pavidecor.si\/hr\/proizvod\/novogodisnje-bozicno-drvce-eva-bijelo-rustikalno-80x45x18cm\/\"]}]},{\"@type\":\"ImageObject\",\"inLanguage\":\"hr\",\"@id\":\"https:\/\/pavidecor.si\/hr\/proizvod\/novogodisnje-bozicno-drvce-eva-bijelo-rustikalno-80x45x18cm\/#primaryimage\",\"url\":\"https:\/\/pavidecor.si\/wp-content\/uploads\/2022\/03\/Novoletna-jelka-rustikalna-bela-dve-policki-No.1281-1-scaled.jpg\",\"contentUrl\":\"https:\/\/pavidecor.si\/wp-content\/uploads\/2022\/03\/Novoletna-jelka-rustikalna-bela-dve-policki-No.1281-1-scaled.jpg\",\"width\":2560,\"height\":2560,\"caption\":\"PAVI DECOR\"},{\"@type\":\"BreadcrumbList\",\"@id\":\"https:\/\/pavidecor.si\/hr\/proizvod\/novogodisnje-bozicno-drvce-eva-bijelo-rustikalno-80x45x18cm\/#breadcrumb\",\"itemListElement\":[{\"@type\":\"ListItem\",\"position\":1,\"name\":\"Domov\",\"item\":\"https:\/\/pavidecor.si\/hr\/\"},{\"@type\":\"ListItem\",\"position\":2,\"name\":\"Internetska trgovina\",\"item\":\"https:\/\/pavidecor.si\/hr\/internetska-trgovina\/\"},{\"@type\":\"ListItem\",\"position\":3,\"name\":\"Bo\u017ei\u0107no drvce Eva bijela rustikalna 80x45x18cm\"}]},{\"@type\":\"WebSite\",\"@id\":\"https:\/\/pavidecor.si\/hr\/#website\",\"url\":\"https:\/\/pavidecor.si\/hr\/\",\"name\":\"Pavi Decor\",\"description\":\"Leseni unikati ustvarjeni iz ljubezni do lesa in narave.\",\"potentialAction\":[{\"@type\":\"SearchAction\",\"target\":{\"@type\":\"EntryPoint\",\"urlTemplate\":\"https:\/\/pavidecor.si\/hr\/?s={search_term_string}\"},\"query-input\":{\"@type\":\"PropertyValueSpecification\",\"valueRequired\":true,\"valueName\":\"search_term_string\"}}],\"inLanguage\":\"hr\"}]}<\/script>\n<!-- \/ Yoast SEO plugin. -->","yoast_head_json":{"title":"Novogodi\u0161nja jela Eva - Elegancija prirode u va\u0161em domu","description":"Novogodi\u0161nja jela Eva spaja prirodu s elegancijom. Potpuno je prirodna i jednostavna za odr\u017eavanje, jer nema igala koje bi otpale. Jedinstvena.","robots":{"index":"index","follow":"follow","max-snippet":"max-snippet:-1","max-image-preview":"max-image-preview:large","max-video-preview":"max-video-preview:-1"},"canonical":"https:\/\/pavidecor.si\/hr\/proizvod\/novogodisnje-bozicno-drvce-eva-bijelo-rustikalno-80x45x18cm\/","og_locale":"hr_HR","og_type":"article","og_title":"Novogodi\u0161nja jela Eva - Elegancija prirode u va\u0161em domu","og_description":"Novogodi\u0161nja jela Eva spaja prirodu s elegancijom. Potpuno je prirodna i jednostavna za odr\u017eavanje, jer nema igala koje bi otpale. Jedinstvena.","og_url":"https:\/\/pavidecor.si\/hr\/proizvod\/novogodisnje-bozicno-drvce-eva-bijelo-rustikalno-80x45x18cm\/","og_site_name":"Pavi Decor","article_modified_time":"2026-04-26T19:08:43+00:00","og_image":[{"width":2560,"height":2560,"url":"https:\/\/pavidecor.si\/wp-content\/uploads\/2022\/03\/Novoletna-jelka-rustikalna-bela-dve-policki-No.1281-1-scaled.jpg","type":"image\/jpeg"}],"twitter_card":"summary_large_image","twitter_misc":{"Procijenjeno vrijeme \u010ditanja":"3 minute"},"schema":{"@context":"https:\/\/schema.org","@graph":[{"@type":"WebPage","@id":"https:\/\/pavidecor.si\/hr\/proizvod\/novogodisnje-bozicno-drvce-eva-bijelo-rustikalno-80x45x18cm\/","url":"https:\/\/pavidecor.si\/hr\/proizvod\/novogodisnje-bozicno-drvce-eva-bijelo-rustikalno-80x45x18cm\/","name":"Novogodi\u0161nja jela Eva - Elegancija prirode u va\u0161em domu","isPartOf":{"@id":"https:\/\/pavidecor.si\/hr\/#website"},"primaryImageOfPage":{"@id":"https:\/\/pavidecor.si\/hr\/proizvod\/novogodisnje-bozicno-drvce-eva-bijelo-rustikalno-80x45x18cm\/#primaryimage"},"image":{"@id":"https:\/\/pavidecor.si\/hr\/proizvod\/novogodisnje-bozicno-drvce-eva-bijelo-rustikalno-80x45x18cm\/#primaryimage"},"thumbnailUrl":"https:\/\/pavidecor.si\/wp-content\/uploads\/2022\/03\/Novoletna-jelka-rustikalna-bela-dve-policki-No.1281-1-scaled.jpg","datePublished":"2022-11-10T09:12:14+00:00","dateModified":"2026-04-26T19:08:43+00:00","description":"Novogodi\u0161nja jela Eva spaja prirodu s elegancijom. Potpuno je prirodna i jednostavna za odr\u017eavanje, jer nema igala koje bi otpale. Jedinstvena.","breadcrumb":{"@id":"https:\/\/pavidecor.si\/hr\/proizvod\/novogodisnje-bozicno-drvce-eva-bijelo-rustikalno-80x45x18cm\/#breadcrumb"},"inLanguage":"hr","potentialAction":[{"@type":"ReadAction","target":["https:\/\/pavidecor.si\/hr\/proizvod\/novogodisnje-bozicno-drvce-eva-bijelo-rustikalno-80x45x18cm\/"]}]},{"@type":"ImageObject","inLanguage":"hr","@id":"https:\/\/pavidecor.si\/hr\/proizvod\/novogodisnje-bozicno-drvce-eva-bijelo-rustikalno-80x45x18cm\/#primaryimage","url":"https:\/\/pavidecor.si\/wp-content\/uploads\/2022\/03\/Novoletna-jelka-rustikalna-bela-dve-policki-No.1281-1-scaled.jpg","contentUrl":"https:\/\/pavidecor.si\/wp-content\/uploads\/2022\/03\/Novoletna-jelka-rustikalna-bela-dve-policki-No.1281-1-scaled.jpg","width":2560,"height":2560,"caption":"PAVI DECOR"},{"@type":"BreadcrumbList","@id":"https:\/\/pavidecor.si\/hr\/proizvod\/novogodisnje-bozicno-drvce-eva-bijelo-rustikalno-80x45x18cm\/#breadcrumb","itemListElement":[{"@type":"ListItem","position":1,"name":"Domov","item":"https:\/\/pavidecor.si\/hr\/"},{"@type":"ListItem","position":2,"name":"Internetska trgovina","item":"https:\/\/pavidecor.si\/hr\/internetska-trgovina\/"},{"@type":"ListItem","position":3,"name":"Bo\u017ei\u0107no drvce Eva bijela rustikalna 80x45x18cm"}]},{"@type":"WebSite","@id":"https:\/\/pavidecor.si\/hr\/#website","url":"https:\/\/pavidecor.si\/hr\/","name":"Pavi Decor","description":"Leseni unikati ustvarjeni iz ljubezni do lesa in narave.","potentialAction":[{"@type":"SearchAction","target":{"@type":"EntryPoint","urlTemplate":"https:\/\/pavidecor.si\/hr\/?s={search_term_string}"},"query-input":{"@type":"PropertyValueSpecification","valueRequired":true,"valueName":"search_term_string"}}],"inLanguage":"hr"}]}},"_links":{"self":[{"href":"https:\/\/pavidecor.si\/hr\/wp-json\/wp\/v2\/product\/17979","targetHints":{"allow":["GET"]}}],"collection":[{"href":"https:\/\/pavidecor.si\/hr\/wp-json\/wp\/v2\/product"}],"about":[{"href":"https:\/\/pavidecor.si\/hr\/wp-json\/wp\/v2\/types\/product"}],"replies":[{"embeddable":true,"href":"https:\/\/pavidecor.si\/hr\/wp-json\/wp\/v2\/comments?post=17979"}],"wp:featuredmedia":[{"embeddable":true,"href":"https:\/\/pavidecor.si\/hr\/wp-json\/wp\/v2\/media\/14619"}],"wp:attachment":[{"href":"https:\/\/pavidecor.si\/hr\/wp-json\/wp\/v2\/media?parent=17979"}],"wp:term":[{"taxonomy":"product_brand","embeddable":true,"href":"https:\/\/pavidecor.si\/hr\/wp-json\/wp\/v2\/product_brand?post=17979"},{"taxonomy":"product_cat","embeddable":true,"href":"https:\/\/pavidecor.si\/hr\/wp-json\/wp\/v2\/product_cat?post=17979"},{"taxonomy":"product_tag","embeddable":true,"href":"https:\/\/pavidecor.si\/hr\/wp-json\/wp\/v2\/product_tag?post=17979"}],"curies":[{"name":"wp","href":"https:\/\/api.w.org\/{rel}","templated":true}]}}