	{"id":17923,"date":"2022-11-11T09:12:45","date_gmt":"2022-11-11T09:12:45","guid":{"rendered":"https:\/\/pavidecor.si\/product\/novogodisnje-bozicno-drvce-pia-bijela-rustikalna-160x86x18cm\/"},"modified":"2026-04-22T04:02:36","modified_gmt":"2026-04-22T04:02:36","slug":"novogodisnje-bozicno-drvce-pia-bijela-rustikalna-160x86x18cm","status":"publish","type":"product","link":"https:\/\/pavidecor.si\/hr\/proizvod\/novogodisnje-bozicno-drvce-pia-bijela-rustikalna-160x86x18cm\/","title":{"rendered":"Novogodi\u0161nje bo\u017ei\u0107no drvce Pia bijela rustikalna 160x86x18cm"},"content":{"rendered":"<p><span class=\"prvimanjsinaslovopis\"><br \/>\nNovogodi\u0161nje drvce Pia &#8211; Elegancija prirode u va\u0161em domu<\/span><\/p>\n<p>&nbsp;<\/p>\n<h2><span class=\"odebeljenopis\"><strong><br \/>\nOtkrijte \u010dari blagdana uz na\u0161e jedinstveno novogodi\u0161nje drvce Pia. Ova elegantna drvena jela kombinira prirodne elemente s modernim dizajnom, \u0161to je \u010dini savr\u0161enim izborom za svaki dom. Ru\u010dno izra\u0111ena u Sloveniji, Pia je izdr\u017eljiva i jednostavna za odr\u017eavanje, \u0161to zna\u010di da mo\u017eete bezbri\u017eno u\u017eivati u njenom \u0161armu.<\/strong><\/span><\/h2>\n<p>&nbsp;<\/p>\n<div class=\"row\">\n<div class=\"col-sm-6 \" style=\"margin-top: 30px;\"><center><img decoding=\"async\" class=\"lazyload img-responsive\" style=\"margin: 0px auto; max-width: 100%;\" src=\"data:image\/svg+xml,%3Csvg%20xmlns%3D%27http%3A%2F%2Fwww.w3.org%2F2000%2Fsvg%27%20width%3D%272560%27%20height%3D%272560%27%20viewBox%3D%270%200%202560%202560%27%3E%3Crect%20width%3D%272560%27%20height%3D%272560%27%20fill-opacity%3D%220%22%2F%3E%3C%2Fsvg%3E\" data-orig-src=\"https:\/\/pavidecor.si\/wp-content\/uploads\/2022\/03\/Novoletna-jelka-Pia-bela-stiri-policke-No.1280-1-scaled.jpg\" \/><\/center><\/div>\n<div class=\"col-sm-6\" style=\"margin-top: 40px;\">\n<p>&nbsp;<\/p>\n<h3>Jedinstvena ru\u010dna izrada<\/h3>\n<p>Novogodi\u0161nje drvce Pia rezultat je strasti i ljubavi prema drvu i prirodi, koju uzgajamo u na\u0161oj trgovini PAVI DECOR u Ljubljani. Svaka jela ru\u010dno je izra\u0111ena tradicionalnim tehnikama spajanja koje su koristili stari majstori. Ovaj pristup osigurava da je <strong>svaki komad jedinstven i autenti\u010dan<\/strong>, dodaju\u0107i vrijednost va\u0161em blagdanskom dekoru. Koriste\u0107i prirodne materijale i pa\u017eljivo odabrane detalje, Pia je vi\u0161e od pukog ukrasa. To je pravo umjetni\u010dko djelo koje unosi toplinu i prirodnu ljepotu u va\u0161 dom.<\/p>\n<p>&nbsp;<\/p>\n<p>Osim estetske vrijednosti, drvena novogodi\u0161nja jela tako\u0111er je <b>organski izbor<\/b>. Odabirom jele pridonosite o\u010duvanju na\u0161ih \u0161uma, jer vam nije potrebno prirodno stablo za sje\u010du. Pia je izdr\u017eljiva i bit \u0107e s vama dugi niz godina, \u0161to zna\u010di da \u0107ete svake godine mo\u0107i ponovno u\u017eivati u njenom \u0161armu bez optere\u0107enja okoli\u0161a.<\/p>\n<p>&nbsp;<\/p>\n<\/div>\n<\/div>\n<div class=\"row\">\n<div class=\"col-sm-6 col-sm-push-6\" style=\"margin-top: 30px;\"><center><img decoding=\"async\" class=\"lazyload img-responsive\" style=\"margin: 0px auto; max-width: 100%;\" src=\"data:image\/svg+xml,%3Csvg%20xmlns%3D%27http%3A%2F%2Fwww.w3.org%2F2000%2Fsvg%27%20width%3D%272560%27%20height%3D%272560%27%20viewBox%3D%270%200%202560%202560%27%3E%3Crect%20width%3D%272560%27%20height%3D%272560%27%20fill-opacity%3D%220%22%2F%3E%3C%2Fsvg%3E\" data-orig-src=\"https:\/\/pavidecor.si\/wp-content\/uploads\/2022\/03\/Novoletna-jelka-Pia-bela-stiri-policke-No.1280-2-2-scaled.jpg\" \/><\/center><\/div>\n<div class=\"col-sm-6 col-sm-pull-6\" style=\"margin-top: 40px;\">\n<p>&nbsp;<\/p>\n<h3>Prakti\u010dnost i jednostavno odr\u017eavanje<\/h3>\n<p>Jedna od glavnih prednosti novogodi\u0161nje jele Pia je <b>njezina nepretencioznost u odr\u017eavanju<\/b>. Bez iglica koje otpadaju i bez fleksibilnih dijelova koji bi se mogli o\u0161tetiti, ova jela savr\u0161en je izbor za svakoga tko tra\u017ei bezbri\u017enu atmosferu odmora. Jednostavno je postavite i ukrasite po svom ukusu. Imate \u010detiri police na koje mo\u017eete dodati svoje omiljene ukrase, \u0161to omogu\u0107uje prilagodbu i personalizaciju.<\/p>\n<p>&nbsp;<\/p>\n<p>Osim \u0161to zauzima vrlo malo prostora, novogodi\u0161nje drvce Pia izvrstan je izbor i za manje prostore. Njegov rustikalni bijeli dizajn savr\u0161eno se uklapa u shabby chic ambijente, \u0161to zna\u010di da \u0107e va\u0161 blagdanski ukras uvijek biti u trendu. Iskoristite ga kao sredi\u0161nji dio svog blagdanskog dekora i nadopunite ga na\u0161im <a href=\"https:\/\/pavidecor.si\/hr\/kategorije\/dekorativni-proizvodi-za-dom\/svijecnjaci\/\"><strong><span style=\"color: #3366ff;\">drvenim svije\u0107njacima<\/span><\/strong><\/a> iz programa PAVI DECOR koji \u0107e dodati jo\u0161 vi\u0161e topline i svjetlosti.<\/p>\n<p>&nbsp;<\/p>\n<\/div>\n<\/div>\n<div class=\"row\">\n<div class=\"col-sm-6\" style=\"margin-top: 30px;\"><center><img decoding=\"async\" class=\"lazyload img-responsive\" style=\"margin: 0px auto; max-width: 100%;\" src=\"data:image\/svg+xml,%3Csvg%20xmlns%3D%27http%3A%2F%2Fwww.w3.org%2F2000%2Fsvg%27%20width%3D%272560%27%20height%3D%272560%27%20viewBox%3D%270%200%202560%202560%27%3E%3Crect%20width%3D%272560%27%20height%3D%272560%27%20fill-opacity%3D%220%22%2F%3E%3C%2Fsvg%3E\" data-orig-src=\"https:\/\/pavidecor.si\/wp-content\/uploads\/2022\/03\/Novoletna-jelka-Pia-bela-stiri-policke-No.1280-3-2-scaled.jpg\" \/><\/center><\/div>\n<div class=\"col-sm-6\" style=\"margin-top: 40px;\">\n<p>&nbsp;<\/p>\n<h3>Savr\u0161en izbor za sve\u010dane trenutke<\/h3>\n<p>Novogodi\u0161nje drvce Pia nije samo ukras, ve\u0107 i simbol sve\u010danog duha i obiteljskih trenutaka. Svojom jednostavnom elegancijom i prirodnom ljepotom postat \u0107e sredi\u0161nji dio va\u0161ih blagdanskih proslava. Bilo da ga smjestite u dnevni boravak, blagovaonicu ili \u010dak u predsoblje, Pia \u0107e privu\u0107i pogled i <strong>stvoriti ugodnu atmosferu<\/strong>.<\/p>\n<p>&nbsp;<\/p>\n<p>Posjetite na\u0161u trgovinu PAVI DECOR u Ljubljani i pogledajte novogodi\u0161nje drvce Pia u na\u0161em <a href=\"https:\/\/pavidecor.si\/hr\/projects\/novogodisnji-ambijent\/\"><span style=\"color: #3366ff;\"><strong>novogodi\u0161njem ambijentu<\/strong><\/span><\/a>. Sigurni smo da \u0107e vas o\u010darati njegova jedinstvenost i kvaliteta. Zapamtite da je svaka jela rezultat vlastitog znanja i kreativnosti, \u0161to zna\u010di da \u0107ete kupnjom podr\u017eati lokalne obrtnike i odr\u017eivo orijentiranu proizvodnju.<\/p>\n<p>&nbsp;<\/p>\n<\/div>\n<\/div>\n<blockquote><p>Novogodi\u0161nje drvce Pia spaja prirodu s elegancijom, a po \u017eelji mo\u017eete dodati ukrase na njezine \u010detiri police. Potpuno je prirodan i jednostavan za odr\u017eavanje, jer nema igala koje bi otpale, niti fleksibilnih dijelova koji bi se mogli o\u0161tetiti. Na\u0161a jedinstvena drvena jela trajno \u0107e zamijeniti prirodno bo\u017ei\u0107no drvce i tako pomo\u0107i u o\u010duvanju na\u0161ih \u0161uma. Novogodi\u0161nja jela Pia u dubini zauzima vrlo malo prostora, pa je pogodna \u010dak i za male prostorije. U rustikalno bijeloj verziji posebno je pogodna za shabby chic ambijente. Za ukra\u0161avanje i rasvjetu mo\u017eete koristiti drvene svije\u0107njake iz na\u0161eg programa. Nije potrebna monta\u017ea. Novogodi\u0161nje drvce Pia mo\u017eete vidjeti i u na\u0161em novogodi\u0161njem ambijentu.<\/p><\/blockquote>\n<p>&nbsp;<\/p>\n","protected":false},"excerpt":{"rendered":"<p><strong><span style=\"color: #c4963c;\">\u2192 Ru\u010dno izra\u0111ena<\/span><\/strong><strong><span style=\"color: #c4963c;\"><br \/>\n<\/span><span style=\"color: #c4963c;\">\u2192 Jedinstvena<\/span><\/strong><\/p>\n","protected":false},"featured_media":14628,"comment_status":"open","ping_status":"closed","template":"","meta":[],"product_brand":[],"product_cat":[369],"product_tag":[253,242],"class_list":{"0":"post-17923","1":"product","2":"type-product","3":"status-publish","4":"has-post-thumbnail","6":"product_cat-novogodisnja-bozicna-drvca","7":"product_tag-akcija-hr","8":"product_tag-novogodisnji-ambijent","10":"first","11":"instock","12":"sale","13":"taxable","14":"shipping-taxable","15":"purchasable","16":"product-type-simple"},"yoast_head":"<!-- This site is optimized with the Yoast SEO plugin v27.2 - https:\/\/yoast.com\/product\/yoast-seo-wordpress\/ -->\n<title>Novogodi\u0161nje drvce Pia - Elegancija prirode u va\u0161em domu<\/title>\n<meta name=\"description\" content=\"Novogodi\u0161nje drvce Pia spaja prirodu s elegancijom. Potpuno je prirodan i jednostavan za odr\u017eavanje, jer nema igala koje bi otpale. Jedinstven.\" \/>\n<meta name=\"robots\" content=\"index, follow, max-snippet:-1, max-image-preview:large, max-video-preview:-1\" \/>\n<link rel=\"canonical\" href=\"https:\/\/pavidecor.si\/hr\/proizvod\/novogodisnje-bozicno-drvce-pia-bijela-rustikalna-160x86x18cm\/\" \/>\n<meta property=\"og:locale\" content=\"hr_HR\" \/>\n<meta property=\"og:type\" content=\"article\" \/>\n<meta property=\"og:title\" content=\"Novogodi\u0161nje drvce Pia - Elegancija prirode u va\u0161em domu\" \/>\n<meta property=\"og:description\" content=\"Novogodi\u0161nje drvce Pia spaja prirodu s elegancijom. Potpuno je prirodan i jednostavan za odr\u017eavanje, jer nema igala koje bi otpale. Jedinstven.\" \/>\n<meta property=\"og:url\" content=\"https:\/\/pavidecor.si\/hr\/proizvod\/novogodisnje-bozicno-drvce-pia-bijela-rustikalna-160x86x18cm\/\" \/>\n<meta property=\"og:site_name\" content=\"Pavi Decor\" \/>\n<meta property=\"article:modified_time\" content=\"2026-04-22T04:02:36+00:00\" \/>\n<meta property=\"og:image\" content=\"https:\/\/pavidecor.si\/wp-content\/uploads\/2022\/03\/Novoletna-jelka-Pia-bela-stiri-policke-No.1280-1-scaled.jpg\" \/>\n\t<meta property=\"og:image:width\" content=\"2560\" \/>\n\t<meta property=\"og:image:height\" content=\"2560\" \/>\n\t<meta property=\"og:image:type\" content=\"image\/jpeg\" \/>\n<meta name=\"twitter:card\" content=\"summary_large_image\" \/>\n<meta name=\"twitter:label1\" content=\"Procijenjeno vrijeme \u010ditanja\" \/>\n\t<meta name=\"twitter:data1\" content=\"4 minute\" \/>\n<script type=\"application\/ld+json\" class=\"yoast-schema-graph\">{\"@context\":\"https:\/\/schema.org\",\"@graph\":[{\"@type\":\"WebPage\",\"@id\":\"https:\/\/pavidecor.si\/hr\/proizvod\/novogodisnje-bozicno-drvce-pia-bijela-rustikalna-160x86x18cm\/\",\"url\":\"https:\/\/pavidecor.si\/hr\/proizvod\/novogodisnje-bozicno-drvce-pia-bijela-rustikalna-160x86x18cm\/\",\"name\":\"Novogodi\u0161nje drvce Pia - Elegancija prirode u va\u0161em domu\",\"isPartOf\":{\"@id\":\"https:\/\/pavidecor.si\/hr\/#website\"},\"primaryImageOfPage\":{\"@id\":\"https:\/\/pavidecor.si\/hr\/proizvod\/novogodisnje-bozicno-drvce-pia-bijela-rustikalna-160x86x18cm\/#primaryimage\"},\"image\":{\"@id\":\"https:\/\/pavidecor.si\/hr\/proizvod\/novogodisnje-bozicno-drvce-pia-bijela-rustikalna-160x86x18cm\/#primaryimage\"},\"thumbnailUrl\":\"https:\/\/pavidecor.si\/wp-content\/uploads\/2022\/03\/Novoletna-jelka-Pia-bela-stiri-policke-No.1280-1-scaled.jpg\",\"datePublished\":\"2022-11-11T09:12:45+00:00\",\"dateModified\":\"2026-04-22T04:02:36+00:00\",\"description\":\"Novogodi\u0161nje drvce Pia spaja prirodu s elegancijom. Potpuno je prirodan i jednostavan za odr\u017eavanje, jer nema igala koje bi otpale. Jedinstven.\",\"breadcrumb\":{\"@id\":\"https:\/\/pavidecor.si\/hr\/proizvod\/novogodisnje-bozicno-drvce-pia-bijela-rustikalna-160x86x18cm\/#breadcrumb\"},\"inLanguage\":\"hr\",\"potentialAction\":[{\"@type\":\"ReadAction\",\"target\":[\"https:\/\/pavidecor.si\/hr\/proizvod\/novogodisnje-bozicno-drvce-pia-bijela-rustikalna-160x86x18cm\/\"]}]},{\"@type\":\"ImageObject\",\"inLanguage\":\"hr\",\"@id\":\"https:\/\/pavidecor.si\/hr\/proizvod\/novogodisnje-bozicno-drvce-pia-bijela-rustikalna-160x86x18cm\/#primaryimage\",\"url\":\"https:\/\/pavidecor.si\/wp-content\/uploads\/2022\/03\/Novoletna-jelka-Pia-bela-stiri-policke-No.1280-1-scaled.jpg\",\"contentUrl\":\"https:\/\/pavidecor.si\/wp-content\/uploads\/2022\/03\/Novoletna-jelka-Pia-bela-stiri-policke-No.1280-1-scaled.jpg\",\"width\":2560,\"height\":2560,\"caption\":\"PAVI DECOR\"},{\"@type\":\"BreadcrumbList\",\"@id\":\"https:\/\/pavidecor.si\/hr\/proizvod\/novogodisnje-bozicno-drvce-pia-bijela-rustikalna-160x86x18cm\/#breadcrumb\",\"itemListElement\":[{\"@type\":\"ListItem\",\"position\":1,\"name\":\"Domov\",\"item\":\"https:\/\/pavidecor.si\/hr\/\"},{\"@type\":\"ListItem\",\"position\":2,\"name\":\"Internetska trgovina\",\"item\":\"https:\/\/pavidecor.si\/hr\/internetska-trgovina\/\"},{\"@type\":\"ListItem\",\"position\":3,\"name\":\"Novogodi\u0161nje bo\u017ei\u0107no drvce Pia bijela rustikalna 160x86x18cm\"}]},{\"@type\":\"WebSite\",\"@id\":\"https:\/\/pavidecor.si\/hr\/#website\",\"url\":\"https:\/\/pavidecor.si\/hr\/\",\"name\":\"Pavi Decor\",\"description\":\"Leseni unikati ustvarjeni iz ljubezni do lesa in narave.\",\"potentialAction\":[{\"@type\":\"SearchAction\",\"target\":{\"@type\":\"EntryPoint\",\"urlTemplate\":\"https:\/\/pavidecor.si\/hr\/?s={search_term_string}\"},\"query-input\":{\"@type\":\"PropertyValueSpecification\",\"valueRequired\":true,\"valueName\":\"search_term_string\"}}],\"inLanguage\":\"hr\"}]}<\/script>\n<!-- \/ Yoast SEO plugin. -->","yoast_head_json":{"title":"Novogodi\u0161nje drvce Pia - Elegancija prirode u va\u0161em domu","description":"Novogodi\u0161nje drvce Pia spaja prirodu s elegancijom. Potpuno je prirodan i jednostavan za odr\u017eavanje, jer nema igala koje bi otpale. Jedinstven.","robots":{"index":"index","follow":"follow","max-snippet":"max-snippet:-1","max-image-preview":"max-image-preview:large","max-video-preview":"max-video-preview:-1"},"canonical":"https:\/\/pavidecor.si\/hr\/proizvod\/novogodisnje-bozicno-drvce-pia-bijela-rustikalna-160x86x18cm\/","og_locale":"hr_HR","og_type":"article","og_title":"Novogodi\u0161nje drvce Pia - Elegancija prirode u va\u0161em domu","og_description":"Novogodi\u0161nje drvce Pia spaja prirodu s elegancijom. Potpuno je prirodan i jednostavan za odr\u017eavanje, jer nema igala koje bi otpale. Jedinstven.","og_url":"https:\/\/pavidecor.si\/hr\/proizvod\/novogodisnje-bozicno-drvce-pia-bijela-rustikalna-160x86x18cm\/","og_site_name":"Pavi Decor","article_modified_time":"2026-04-22T04:02:36+00:00","og_image":[{"width":2560,"height":2560,"url":"https:\/\/pavidecor.si\/wp-content\/uploads\/2022\/03\/Novoletna-jelka-Pia-bela-stiri-policke-No.1280-1-scaled.jpg","type":"image\/jpeg"}],"twitter_card":"summary_large_image","twitter_misc":{"Procijenjeno vrijeme \u010ditanja":"4 minute"},"schema":{"@context":"https:\/\/schema.org","@graph":[{"@type":"WebPage","@id":"https:\/\/pavidecor.si\/hr\/proizvod\/novogodisnje-bozicno-drvce-pia-bijela-rustikalna-160x86x18cm\/","url":"https:\/\/pavidecor.si\/hr\/proizvod\/novogodisnje-bozicno-drvce-pia-bijela-rustikalna-160x86x18cm\/","name":"Novogodi\u0161nje drvce Pia - Elegancija prirode u va\u0161em domu","isPartOf":{"@id":"https:\/\/pavidecor.si\/hr\/#website"},"primaryImageOfPage":{"@id":"https:\/\/pavidecor.si\/hr\/proizvod\/novogodisnje-bozicno-drvce-pia-bijela-rustikalna-160x86x18cm\/#primaryimage"},"image":{"@id":"https:\/\/pavidecor.si\/hr\/proizvod\/novogodisnje-bozicno-drvce-pia-bijela-rustikalna-160x86x18cm\/#primaryimage"},"thumbnailUrl":"https:\/\/pavidecor.si\/wp-content\/uploads\/2022\/03\/Novoletna-jelka-Pia-bela-stiri-policke-No.1280-1-scaled.jpg","datePublished":"2022-11-11T09:12:45+00:00","dateModified":"2026-04-22T04:02:36+00:00","description":"Novogodi\u0161nje drvce Pia spaja prirodu s elegancijom. Potpuno je prirodan i jednostavan za odr\u017eavanje, jer nema igala koje bi otpale. Jedinstven.","breadcrumb":{"@id":"https:\/\/pavidecor.si\/hr\/proizvod\/novogodisnje-bozicno-drvce-pia-bijela-rustikalna-160x86x18cm\/#breadcrumb"},"inLanguage":"hr","potentialAction":[{"@type":"ReadAction","target":["https:\/\/pavidecor.si\/hr\/proizvod\/novogodisnje-bozicno-drvce-pia-bijela-rustikalna-160x86x18cm\/"]}]},{"@type":"ImageObject","inLanguage":"hr","@id":"https:\/\/pavidecor.si\/hr\/proizvod\/novogodisnje-bozicno-drvce-pia-bijela-rustikalna-160x86x18cm\/#primaryimage","url":"https:\/\/pavidecor.si\/wp-content\/uploads\/2022\/03\/Novoletna-jelka-Pia-bela-stiri-policke-No.1280-1-scaled.jpg","contentUrl":"https:\/\/pavidecor.si\/wp-content\/uploads\/2022\/03\/Novoletna-jelka-Pia-bela-stiri-policke-No.1280-1-scaled.jpg","width":2560,"height":2560,"caption":"PAVI DECOR"},{"@type":"BreadcrumbList","@id":"https:\/\/pavidecor.si\/hr\/proizvod\/novogodisnje-bozicno-drvce-pia-bijela-rustikalna-160x86x18cm\/#breadcrumb","itemListElement":[{"@type":"ListItem","position":1,"name":"Domov","item":"https:\/\/pavidecor.si\/hr\/"},{"@type":"ListItem","position":2,"name":"Internetska trgovina","item":"https:\/\/pavidecor.si\/hr\/internetska-trgovina\/"},{"@type":"ListItem","position":3,"name":"Novogodi\u0161nje bo\u017ei\u0107no drvce Pia bijela rustikalna 160x86x18cm"}]},{"@type":"WebSite","@id":"https:\/\/pavidecor.si\/hr\/#website","url":"https:\/\/pavidecor.si\/hr\/","name":"Pavi Decor","description":"Leseni unikati ustvarjeni iz ljubezni do lesa in narave.","potentialAction":[{"@type":"SearchAction","target":{"@type":"EntryPoint","urlTemplate":"https:\/\/pavidecor.si\/hr\/?s={search_term_string}"},"query-input":{"@type":"PropertyValueSpecification","valueRequired":true,"valueName":"search_term_string"}}],"inLanguage":"hr"}]}},"_links":{"self":[{"href":"https:\/\/pavidecor.si\/hr\/wp-json\/wp\/v2\/product\/17923","targetHints":{"allow":["GET"]}}],"collection":[{"href":"https:\/\/pavidecor.si\/hr\/wp-json\/wp\/v2\/product"}],"about":[{"href":"https:\/\/pavidecor.si\/hr\/wp-json\/wp\/v2\/types\/product"}],"replies":[{"embeddable":true,"href":"https:\/\/pavidecor.si\/hr\/wp-json\/wp\/v2\/comments?post=17923"}],"wp:featuredmedia":[{"embeddable":true,"href":"https:\/\/pavidecor.si\/hr\/wp-json\/wp\/v2\/media\/14628"}],"wp:attachment":[{"href":"https:\/\/pavidecor.si\/hr\/wp-json\/wp\/v2\/media?parent=17923"}],"wp:term":[{"taxonomy":"product_brand","embeddable":true,"href":"https:\/\/pavidecor.si\/hr\/wp-json\/wp\/v2\/product_brand?post=17923"},{"taxonomy":"product_cat","embeddable":true,"href":"https:\/\/pavidecor.si\/hr\/wp-json\/wp\/v2\/product_cat?post=17923"},{"taxonomy":"product_tag","embeddable":true,"href":"https:\/\/pavidecor.si\/hr\/wp-json\/wp\/v2\/product_tag?post=17923"}],"curies":[{"name":"wp","href":"https:\/\/api.w.org\/{rel}","templated":true}]}}