	{"id":17884,"date":"2022-11-11T10:56:45","date_gmt":"2022-11-11T10:56:45","guid":{"rendered":"https:\/\/pavidecor.si\/product\/novogodisnje-bozicno-drvce-ana-bijelo-rustikalno-90x34x18cm\/"},"modified":"2026-04-27T08:23:43","modified_gmt":"2026-04-27T08:23:43","slug":"novogodisnje-bozicno-drvce-ana-bijelo-rustikalno-90x34x18cm","status":"publish","type":"product","link":"https:\/\/pavidecor.si\/hr\/proizvod\/novogodisnje-bozicno-drvce-ana-bijelo-rustikalno-90x34x18cm\/","title":{"rendered":"Bo\u017ei\u0107no drvce Ana bijela rustikalna 90x34x18cm"},"content":{"rendered":"<p><span class=\"prvimanjsinaslovopis\"> Novogodi\u0161nje bo\u017ei\u0107no drvce Ana &#8211; Unesite djeli\u0107 prirode u svoj dom<\/span><\/p>\n<p>&nbsp;<\/p>\n<h2><span class=\"odebeljenopis\"><strong><br \/>\nNovogodi\u0161nja jela Ana jedinstveni je dodatak koji donosi jednostavnu eleganciju i prirodnu ljepotu u svaku sobu. Izra\u0111ena od kvalitetnog drva, ova jedinstvena jela savr\u0161en je izbor za sve koji \u017eele o\u010duvati prirodu i istovremeno u\u017eivati u blagdanskom ugo\u0111aju. Njegov ru\u010dno izra\u0111en i autenti\u010dan izgled o\u010darat \u0107e svakoga.<\/strong><\/span><\/h2>\n<p>&nbsp;<\/p>\n<div class=\"row\">\n<div class=\"col-sm-6 \" style=\"margin-top: 30px;\"><center><img decoding=\"async\" class=\"lazyload img-responsive\" style=\"margin: 0px auto; max-width: 100%;\" src=\"data:image\/svg+xml,%3Csvg%20xmlns%3D%27http%3A%2F%2Fwww.w3.org%2F2000%2Fsvg%27%20width%3D%272560%27%20height%3D%272560%27%20viewBox%3D%270%200%202560%202560%27%3E%3Crect%20width%3D%272560%27%20height%3D%272560%27%20fill-opacity%3D%220%22%2F%3E%3C%2Fsvg%3E\" data-orig-src=\"https:\/\/pavidecor.si\/wp-content\/uploads\/2022\/03\/Novoletna-jelka-Ana-No.1284-1-scaled.jpg\" \/><\/center><\/div>\n<div class=\"col-sm-6\" style=\"margin-top: 40px;\">\n<p>&nbsp;<\/p>\n<h3>Jedinstvena ru\u010dna izrada<\/h3>\n<p>Novogodi\u0161nje bo\u017ei\u0107no drvce Ana rezultat je strasti i ljubavi prema drvu koje uzgajamo u na\u0161oj trgovini PAVI DECOR u Ljubljani. <b>Svaki je komad ru\u010dno izra\u0111en<\/b> s precizno\u0161\u0107u i pa\u017enjom, osiguravaju\u0107i da je svaki proizvod jedinstven. Na\u0161 tim stru\u010dnjaka koristi tradicionalne tehnike spajanja drvenih dijelova koje su koristili stari majstori. Ovaj pristup ne samo da pru\u017ea snagu i izdr\u017eljivost, ve\u0107 jeli daje i autenti\u010dan izgled koji ne mo\u017eete prona\u0107i u masovno proizvedenim proizvodima.<\/p>\n<p>&nbsp;<\/p>\n<p>Uz kori\u0161tenje prirodnih materijala i po\u0161tivanje okoli\u0161a, bo\u017ei\u0107no drvce Ana izvrstan je izbor za one koji \u017eele doprinijeti o\u010duvanju na\u0161ih \u0161uma. Njegov dizajn omogu\u0107uje da se lako uklopi u svaku prostoriju, bez obzira radi li se o ku\u0107nom dnevnom boravku ili poslovnom prostoru. Svojom <strong>jednostavnom elegancijom<\/strong> postat \u0107e sredi\u0161nji dio va\u0161eg blagdanskog dekora.<\/p>\n<p>&nbsp;<\/p>\n<\/div>\n<\/div>\n<div class=\"row\">\n<div class=\"col-sm-6 col-sm-push-6\" style=\"margin-top: 30px;\"><center><img decoding=\"async\" class=\"lazyload img-responsive\" style=\"margin: 0px auto; max-width: 100%;\" src=\"data:image\/svg+xml,%3Csvg%20xmlns%3D%27http%3A%2F%2Fwww.w3.org%2F2000%2Fsvg%27%20width%3D%272196%27%20height%3D%272196%27%20viewBox%3D%270%200%202196%202196%27%3E%3Crect%20width%3D%272196%27%20height%3D%272196%27%20fill-opacity%3D%220%22%2F%3E%3C%2Fsvg%3E\" data-orig-src=\"https:\/\/pavidecor.si\/wp-content\/uploads\/2022\/03\/Novoletna-jelka-Ana-No.1284-2-2.jpg\" \/><\/center><\/div>\n<div class=\"col-sm-6 col-sm-pull-6\" style=\"margin-top: 40px;\">\n<p>&nbsp;<\/p>\n<h3>Prakti\u010dnost i jednostavno odr\u017eavanje<\/h3>\n<p>Jedna od glavnih prednosti bo\u017ei\u0107nog drvca Ana je <b>njezina nepretencioznost prema odr\u017eavanju<\/b>. Budu\u0107i da ne sadr\u017ei igle koje bi otpale, te nema fleksibilne dijelove koji bi se mogli o\u0161tetiti, idealan je izbor za sve koji \u017eele bezbri\u017eno slavlje. Jednostavno ga postavite i ukrasite po svom ukusu, bez brige da \u0107ete morati \u010distiti igle nakon svakog odmora.<\/p>\n<p>&nbsp;<\/p>\n<p>Osim toga, jela je dizajnirana da zauzima vrlo malo prostora, \u0161to je \u010dini posebno pogodnom za manje prostore. U rustikalno bijeloj verziji savr\u0161eno se uklapa u shabby chic ambijente, \u0161to zna\u010di da s njom mo\u017eete stvoriti ugodnu i toplu atmosferu. Za dodatno ukra\u0161avanje i osvjetljenje mo\u017eete koristiti <a href=\"https:\/\/pavidecor.si\/hr\/kategorije\/dekorativni-proizvodi-za-dom\/svijecnjaci\/\"><strong><span style=\"color: #3366ff;\">drvene svije\u0107njake<\/span><\/strong><\/a> iz na\u0161eg programa, koji savr\u0161eno odgovaraju estetici jele.<\/p>\n<p>&nbsp;<\/p>\n<\/div>\n<\/div>\n<div class=\"row\">\n<div class=\"col-sm-6\" style=\"margin-top: 30px;\"><center><img decoding=\"async\" class=\"lazyload img-responsive\" style=\"margin: 0px auto; max-width: 100%;\" src=\"data:image\/svg+xml,%3Csvg%20xmlns%3D%27http%3A%2F%2Fwww.w3.org%2F2000%2Fsvg%27%20width%3D%272560%27%20height%3D%272560%27%20viewBox%3D%270%200%202560%202560%27%3E%3Crect%20width%3D%272560%27%20height%3D%272560%27%20fill-opacity%3D%220%22%2F%3E%3C%2Fsvg%3E\" data-orig-src=\"https:\/\/pavidecor.si\/wp-content\/uploads\/2022\/03\/Novoletna-jelka-Ana-No.1284-3-2-scaled.jpg\" \/><\/center><\/div>\n<div class=\"col-sm-6\" style=\"margin-top: 40px;\">\n<p>&nbsp;<\/p>\n<h3>Trajno rje\u0161enje za blagdanske trenutke<\/h3>\n<p>Bo\u017ei\u0107no drvce Ana nije samo ukras, ve\u0107 <b>trajno rje\u0161enje<\/b> za sve koji \u017eele sa\u010duvati prirodne ljepote u svom domu. Svojim jedinstvenim dizajnom i visokokvalitetnom izradom postat \u0107e dio va\u0161e blagdanske tradicije. Bez obzira na to postavite li ga u blagovaonu ili drugi prostor, uvijek \u0107e privu\u0107i poglede i stvoriti sve\u010danu atmosferu.<\/p>\n<p>&nbsp;<\/p>\n<p>Posjetite na\u0161u trgovinu PAVI DECOR i pogledajte bo\u017ei\u0107no drvce Ana u na\u0161em <a href=\"https:\/\/pavidecor.si\/hr\/projects\/novogodisnji-ambijent\/\"><strong><span style=\"color: #3366ff;\">novogodi\u0161njem ambijentu<\/span><\/strong><\/a>. Sigurni smo da \u0107e vas o\u010darati njegova jednostavna elegancija i prirodna ljepota. Pridru\u017eite nam se u o\u010duvanju prirode i u\u017eivajte u blagdanskom vremenu uz na\u0161u jedinstvenu drvenu jelu.<\/p>\n<p>&nbsp;<\/p>\n<\/div>\n<\/div>\n<blockquote><p>Svojom jednostavnom elegancijom, bo\u017ei\u0107no drvce Ana unosi djeli\u0107 prirode u svaku prostoriju, bilo da se radi o ku\u0107nom dnevnom boravku ili poslovnom prostoru. Potpuno je prirodan i jednostavan za odr\u017eavanje, jer nema igala koje bi otpale, niti fleksibilnih dijelova koji bi se mogli o\u0161tetiti. Na\u0161a jedinstvena drvena jela trajno \u0107e zamijeniti prirodno bo\u017ei\u0107no drvce i tako pomo\u0107i u o\u010duvanju na\u0161ih \u0161uma. Novogodi\u0161nja jela Anna u dubini zauzima vrlo malo prostora, pa je pogodna \u010dak i za male prostorije. U rustikalno bijeloj verziji posebno je pogodan za shabby chic ambijente. Za ukra\u0161avanje i rasvjetu mo\u017eete koristiti drvene svije\u0107njake iz na\u0161eg programa. Nije potrebna monta\u017ea. Novogodi\u0161nje drvce Anu mo\u017eete vidjeti i u na\u0161em novogodi\u0161njem ambijentu.<\/p><\/blockquote>\n<p>&nbsp;<\/p>\n","protected":false},"excerpt":{"rendered":"<p><strong><span style=\"color: #c4963c;\">\u2192 Ru\u010dno izra\u0111eno<\/span><\/strong><strong><span style=\"color: #c4963c;\"><br \/>\n<\/span><span style=\"color: #c4963c;\">\u2192 Jedinstveno<\/span><\/strong><\/p>\n","protected":false},"featured_media":14633,"comment_status":"open","ping_status":"closed","template":"","meta":[],"product_brand":[],"product_cat":[369],"product_tag":[218,242],"class_list":{"0":"post-17884","1":"product","2":"type-product","3":"status-publish","4":"has-post-thumbnail","6":"product_cat-novogodisnja-bozicna-drvca","7":"product_tag-nov","8":"product_tag-novogodisnji-ambijent","10":"first","11":"instock","12":"taxable","13":"shipping-taxable","14":"purchasable","15":"product-type-simple"},"yoast_head":"<!-- This site is optimized with the Yoast SEO plugin v27.2 - https:\/\/yoast.com\/product\/yoast-seo-wordpress\/ -->\n<title>Bo\u017ei\u0107no drvce Ana - Unesite djeli\u0107 prirode u svoj dom<\/title>\n<meta name=\"description\" content=\"Svojom jednostavnom elegancijom, bo\u017ei\u0107no drvce Ana donosi djeli\u0107 prirode u svaku sobu. Potpuno je prirodan i nepretenciozan za odr\u017eavanje.\" \/>\n<meta name=\"robots\" content=\"index, follow, max-snippet:-1, max-image-preview:large, max-video-preview:-1\" \/>\n<link rel=\"canonical\" href=\"https:\/\/pavidecor.si\/hr\/proizvod\/novogodisnje-bozicno-drvce-ana-bijelo-rustikalno-90x34x18cm\/\" \/>\n<meta property=\"og:locale\" content=\"hr_HR\" \/>\n<meta property=\"og:type\" content=\"article\" \/>\n<meta property=\"og:title\" content=\"Bo\u017ei\u0107no drvce Ana - Unesite djeli\u0107 prirode u svoj dom\" \/>\n<meta property=\"og:description\" content=\"Svojom jednostavnom elegancijom, bo\u017ei\u0107no drvce Ana donosi djeli\u0107 prirode u svaku sobu. Potpuno je prirodan i nepretenciozan za odr\u017eavanje.\" \/>\n<meta property=\"og:url\" content=\"https:\/\/pavidecor.si\/hr\/proizvod\/novogodisnje-bozicno-drvce-ana-bijelo-rustikalno-90x34x18cm\/\" \/>\n<meta property=\"og:site_name\" content=\"Pavi Decor\" \/>\n<meta property=\"article:modified_time\" content=\"2026-04-27T08:23:43+00:00\" \/>\n<meta property=\"og:image\" content=\"https:\/\/pavidecor.si\/wp-content\/uploads\/2022\/03\/Novoletna-jelka-Ana-No.1284-1-scaled.jpg\" \/>\n\t<meta property=\"og:image:width\" content=\"2560\" \/>\n\t<meta property=\"og:image:height\" content=\"2560\" \/>\n\t<meta property=\"og:image:type\" content=\"image\/jpeg\" \/>\n<meta name=\"twitter:card\" content=\"summary_large_image\" \/>\n<meta name=\"twitter:label1\" content=\"Procijenjeno vrijeme \u010ditanja\" \/>\n\t<meta name=\"twitter:data1\" content=\"4 minute\" \/>\n<script type=\"application\/ld+json\" class=\"yoast-schema-graph\">{\"@context\":\"https:\/\/schema.org\",\"@graph\":[{\"@type\":\"WebPage\",\"@id\":\"https:\/\/pavidecor.si\/hr\/proizvod\/novogodisnje-bozicno-drvce-ana-bijelo-rustikalno-90x34x18cm\/\",\"url\":\"https:\/\/pavidecor.si\/hr\/proizvod\/novogodisnje-bozicno-drvce-ana-bijelo-rustikalno-90x34x18cm\/\",\"name\":\"Bo\u017ei\u0107no drvce Ana - Unesite djeli\u0107 prirode u svoj dom\",\"isPartOf\":{\"@id\":\"https:\/\/pavidecor.si\/hr\/#website\"},\"primaryImageOfPage\":{\"@id\":\"https:\/\/pavidecor.si\/hr\/proizvod\/novogodisnje-bozicno-drvce-ana-bijelo-rustikalno-90x34x18cm\/#primaryimage\"},\"image\":{\"@id\":\"https:\/\/pavidecor.si\/hr\/proizvod\/novogodisnje-bozicno-drvce-ana-bijelo-rustikalno-90x34x18cm\/#primaryimage\"},\"thumbnailUrl\":\"https:\/\/pavidecor.si\/wp-content\/uploads\/2022\/03\/Novoletna-jelka-Ana-No.1284-1-scaled.jpg\",\"datePublished\":\"2022-11-11T10:56:45+00:00\",\"dateModified\":\"2026-04-27T08:23:43+00:00\",\"description\":\"Svojom jednostavnom elegancijom, bo\u017ei\u0107no drvce Ana donosi djeli\u0107 prirode u svaku sobu. Potpuno je prirodan i nepretenciozan za odr\u017eavanje.\",\"breadcrumb\":{\"@id\":\"https:\/\/pavidecor.si\/hr\/proizvod\/novogodisnje-bozicno-drvce-ana-bijelo-rustikalno-90x34x18cm\/#breadcrumb\"},\"inLanguage\":\"hr\",\"potentialAction\":[{\"@type\":\"ReadAction\",\"target\":[\"https:\/\/pavidecor.si\/hr\/proizvod\/novogodisnje-bozicno-drvce-ana-bijelo-rustikalno-90x34x18cm\/\"]}]},{\"@type\":\"ImageObject\",\"inLanguage\":\"hr\",\"@id\":\"https:\/\/pavidecor.si\/hr\/proizvod\/novogodisnje-bozicno-drvce-ana-bijelo-rustikalno-90x34x18cm\/#primaryimage\",\"url\":\"https:\/\/pavidecor.si\/wp-content\/uploads\/2022\/03\/Novoletna-jelka-Ana-No.1284-1-scaled.jpg\",\"contentUrl\":\"https:\/\/pavidecor.si\/wp-content\/uploads\/2022\/03\/Novoletna-jelka-Ana-No.1284-1-scaled.jpg\",\"width\":2560,\"height\":2560,\"caption\":\"PAVI DECOR\"},{\"@type\":\"BreadcrumbList\",\"@id\":\"https:\/\/pavidecor.si\/hr\/proizvod\/novogodisnje-bozicno-drvce-ana-bijelo-rustikalno-90x34x18cm\/#breadcrumb\",\"itemListElement\":[{\"@type\":\"ListItem\",\"position\":1,\"name\":\"Domov\",\"item\":\"https:\/\/pavidecor.si\/hr\/\"},{\"@type\":\"ListItem\",\"position\":2,\"name\":\"Internetska trgovina\",\"item\":\"https:\/\/pavidecor.si\/hr\/internetska-trgovina\/\"},{\"@type\":\"ListItem\",\"position\":3,\"name\":\"Bo\u017ei\u0107no drvce Ana bijela rustikalna 90x34x18cm\"}]},{\"@type\":\"WebSite\",\"@id\":\"https:\/\/pavidecor.si\/hr\/#website\",\"url\":\"https:\/\/pavidecor.si\/hr\/\",\"name\":\"Pavi Decor\",\"description\":\"Leseni unikati ustvarjeni iz ljubezni do lesa in narave.\",\"potentialAction\":[{\"@type\":\"SearchAction\",\"target\":{\"@type\":\"EntryPoint\",\"urlTemplate\":\"https:\/\/pavidecor.si\/hr\/?s={search_term_string}\"},\"query-input\":{\"@type\":\"PropertyValueSpecification\",\"valueRequired\":true,\"valueName\":\"search_term_string\"}}],\"inLanguage\":\"hr\"}]}<\/script>\n<!-- \/ Yoast SEO plugin. -->","yoast_head_json":{"title":"Bo\u017ei\u0107no drvce Ana - Unesite djeli\u0107 prirode u svoj dom","description":"Svojom jednostavnom elegancijom, bo\u017ei\u0107no drvce Ana donosi djeli\u0107 prirode u svaku sobu. Potpuno je prirodan i nepretenciozan za odr\u017eavanje.","robots":{"index":"index","follow":"follow","max-snippet":"max-snippet:-1","max-image-preview":"max-image-preview:large","max-video-preview":"max-video-preview:-1"},"canonical":"https:\/\/pavidecor.si\/hr\/proizvod\/novogodisnje-bozicno-drvce-ana-bijelo-rustikalno-90x34x18cm\/","og_locale":"hr_HR","og_type":"article","og_title":"Bo\u017ei\u0107no drvce Ana - Unesite djeli\u0107 prirode u svoj dom","og_description":"Svojom jednostavnom elegancijom, bo\u017ei\u0107no drvce Ana donosi djeli\u0107 prirode u svaku sobu. Potpuno je prirodan i nepretenciozan za odr\u017eavanje.","og_url":"https:\/\/pavidecor.si\/hr\/proizvod\/novogodisnje-bozicno-drvce-ana-bijelo-rustikalno-90x34x18cm\/","og_site_name":"Pavi Decor","article_modified_time":"2026-04-27T08:23:43+00:00","og_image":[{"width":2560,"height":2560,"url":"https:\/\/pavidecor.si\/wp-content\/uploads\/2022\/03\/Novoletna-jelka-Ana-No.1284-1-scaled.jpg","type":"image\/jpeg"}],"twitter_card":"summary_large_image","twitter_misc":{"Procijenjeno vrijeme \u010ditanja":"4 minute"},"schema":{"@context":"https:\/\/schema.org","@graph":[{"@type":"WebPage","@id":"https:\/\/pavidecor.si\/hr\/proizvod\/novogodisnje-bozicno-drvce-ana-bijelo-rustikalno-90x34x18cm\/","url":"https:\/\/pavidecor.si\/hr\/proizvod\/novogodisnje-bozicno-drvce-ana-bijelo-rustikalno-90x34x18cm\/","name":"Bo\u017ei\u0107no drvce Ana - Unesite djeli\u0107 prirode u svoj dom","isPartOf":{"@id":"https:\/\/pavidecor.si\/hr\/#website"},"primaryImageOfPage":{"@id":"https:\/\/pavidecor.si\/hr\/proizvod\/novogodisnje-bozicno-drvce-ana-bijelo-rustikalno-90x34x18cm\/#primaryimage"},"image":{"@id":"https:\/\/pavidecor.si\/hr\/proizvod\/novogodisnje-bozicno-drvce-ana-bijelo-rustikalno-90x34x18cm\/#primaryimage"},"thumbnailUrl":"https:\/\/pavidecor.si\/wp-content\/uploads\/2022\/03\/Novoletna-jelka-Ana-No.1284-1-scaled.jpg","datePublished":"2022-11-11T10:56:45+00:00","dateModified":"2026-04-27T08:23:43+00:00","description":"Svojom jednostavnom elegancijom, bo\u017ei\u0107no drvce Ana donosi djeli\u0107 prirode u svaku sobu. Potpuno je prirodan i nepretenciozan za odr\u017eavanje.","breadcrumb":{"@id":"https:\/\/pavidecor.si\/hr\/proizvod\/novogodisnje-bozicno-drvce-ana-bijelo-rustikalno-90x34x18cm\/#breadcrumb"},"inLanguage":"hr","potentialAction":[{"@type":"ReadAction","target":["https:\/\/pavidecor.si\/hr\/proizvod\/novogodisnje-bozicno-drvce-ana-bijelo-rustikalno-90x34x18cm\/"]}]},{"@type":"ImageObject","inLanguage":"hr","@id":"https:\/\/pavidecor.si\/hr\/proizvod\/novogodisnje-bozicno-drvce-ana-bijelo-rustikalno-90x34x18cm\/#primaryimage","url":"https:\/\/pavidecor.si\/wp-content\/uploads\/2022\/03\/Novoletna-jelka-Ana-No.1284-1-scaled.jpg","contentUrl":"https:\/\/pavidecor.si\/wp-content\/uploads\/2022\/03\/Novoletna-jelka-Ana-No.1284-1-scaled.jpg","width":2560,"height":2560,"caption":"PAVI DECOR"},{"@type":"BreadcrumbList","@id":"https:\/\/pavidecor.si\/hr\/proizvod\/novogodisnje-bozicno-drvce-ana-bijelo-rustikalno-90x34x18cm\/#breadcrumb","itemListElement":[{"@type":"ListItem","position":1,"name":"Domov","item":"https:\/\/pavidecor.si\/hr\/"},{"@type":"ListItem","position":2,"name":"Internetska trgovina","item":"https:\/\/pavidecor.si\/hr\/internetska-trgovina\/"},{"@type":"ListItem","position":3,"name":"Bo\u017ei\u0107no drvce Ana bijela rustikalna 90x34x18cm"}]},{"@type":"WebSite","@id":"https:\/\/pavidecor.si\/hr\/#website","url":"https:\/\/pavidecor.si\/hr\/","name":"Pavi Decor","description":"Leseni unikati ustvarjeni iz ljubezni do lesa in narave.","potentialAction":[{"@type":"SearchAction","target":{"@type":"EntryPoint","urlTemplate":"https:\/\/pavidecor.si\/hr\/?s={search_term_string}"},"query-input":{"@type":"PropertyValueSpecification","valueRequired":true,"valueName":"search_term_string"}}],"inLanguage":"hr"}]}},"_links":{"self":[{"href":"https:\/\/pavidecor.si\/hr\/wp-json\/wp\/v2\/product\/17884","targetHints":{"allow":["GET"]}}],"collection":[{"href":"https:\/\/pavidecor.si\/hr\/wp-json\/wp\/v2\/product"}],"about":[{"href":"https:\/\/pavidecor.si\/hr\/wp-json\/wp\/v2\/types\/product"}],"replies":[{"embeddable":true,"href":"https:\/\/pavidecor.si\/hr\/wp-json\/wp\/v2\/comments?post=17884"}],"wp:featuredmedia":[{"embeddable":true,"href":"https:\/\/pavidecor.si\/hr\/wp-json\/wp\/v2\/media\/14633"}],"wp:attachment":[{"href":"https:\/\/pavidecor.si\/hr\/wp-json\/wp\/v2\/media?parent=17884"}],"wp:term":[{"taxonomy":"product_brand","embeddable":true,"href":"https:\/\/pavidecor.si\/hr\/wp-json\/wp\/v2\/product_brand?post=17884"},{"taxonomy":"product_cat","embeddable":true,"href":"https:\/\/pavidecor.si\/hr\/wp-json\/wp\/v2\/product_cat?post=17884"},{"taxonomy":"product_tag","embeddable":true,"href":"https:\/\/pavidecor.si\/hr\/wp-json\/wp\/v2\/product_tag?post=17884"}],"curies":[{"name":"wp","href":"https:\/\/api.w.org\/{rel}","templated":true}]}}