	{"id":17816,"date":"2022-11-16T11:56:51","date_gmt":"2022-11-16T11:56:51","guid":{"rendered":"https:\/\/pavidecor.si\/product\/dekorativne-ljestve-natur-triwedge-140x40x4cm\/"},"modified":"2026-04-22T17:04:57","modified_gmt":"2026-04-22T17:04:57","slug":"ukrasne-ljestve-s-tri-precke-natur-140x40x4cm","status":"publish","type":"product","link":"https:\/\/pavidecor.si\/hr\/proizvod\/ukrasne-ljestve-s-tri-precke-natur-140x40x4cm\/","title":{"rendered":"Ukrasne ljestve s tri pre\u010dke natur 140x40x4cm"},"content":{"rendered":"<p><span class=\"prvimanjsinaslovopis\">Ukrasne ljestve s tri pre\u010dke &#8211; Unikatni element za va\u0161 prostor<\/span><\/p>\n<p>&nbsp;<\/p>\n<h2><span class=\"odebeljenopis\"><strong><br \/>\nDekorativne ljestve iz PAVI DECOR-a predstavljaju savr\u0161eni spoj funkcionalnosti i estetike. Ru\u010dno izra\u0111ene s ljubavlju prema drvetu i prirodi, ove ljestve donose toplinu i autenti\u010dnost u svaki prostor. Idealne su za ukra\u0161avanje interijera ili eksterijera, a njihova svestranost omogu\u0107ava brojne na\u010dine kori\u0161tenja.<\/strong><\/span><\/h2>\n<p>&nbsp;<\/p>\n<div class=\"row\">\n<div class=\"col-sm-6 \" style=\"margin-top: 30px;\"><center><img decoding=\"async\" class=\"lazyload img-responsive\" style=\"margin: 0px auto; max-width: 100%;\" src=\"data:image\/svg+xml,%3Csvg%20xmlns%3D%27http%3A%2F%2Fwww.w3.org%2F2000%2Fsvg%27%20width%3D%272560%27%20height%3D%272560%27%20viewBox%3D%270%200%202560%202560%27%3E%3Crect%20width%3D%272560%27%20height%3D%272560%27%20fill-opacity%3D%220%22%2F%3E%3C%2Fsvg%3E\" data-orig-src=\"https:\/\/pavidecor.si\/wp-content\/uploads\/2022\/11\/1IMG_7504a-2-scaled.jpg\" \/><\/center><\/div>\n<div class=\"col-sm-6\" style=\"margin-top: 40px;\">\n<p>&nbsp;<\/p>\n<h3>Jedinstvena Ru\u010dna Izrada<\/h3>\n<p>Na\u0161e ukrasne ljestve su rezultat strastvene ru\u010dne izrade, koja se temelji na tradicionalnim tehnikama spajanja drvenih dijelova. Ova metoda omogu\u0107ava da <strong>svaki komad bude jedinstven i autenti\u010dan<\/strong>, s detaljima koji podsje\u0107aju na rad starih majstora. U PAVI DECOR-u vjerujemo da je drvo \u017eivi materijal, stoga svaki na\u0161 proizvod odra\u017eava prirodnu ljepotu i karakter drveta. Na\u0161e ljestve nisu samo dekorativni element, ve\u0107 i komad umjetnosti koji \u0107e obogatiti svaki prostor.<\/p>\n<p>&nbsp;<\/p>\n<p>Osim estetske vrijednosti, ukrasne ljestve su i vrlo prakti\u010dne. Mo\u017ee se koristiti kao <b>vje\u0161alica za ru\u010dnike<\/b>, odje\u0107u ili \u010dak kao polica za dekorativne predmete. Njihova svestranost omogu\u0107ava vam da jih prilagodite vlastitim potrebama, bilo da jih koristite u dnevnom boravku, kupaonici ili na terasi. S lako\u0107om jih mo\u017eete premje\u0161tati iz jednog prostora u drugi, \u010dime dodatno pove\u0107avate njihovu funkcionalnost.<\/p>\n<p>&nbsp;<\/p>\n<\/div>\n<\/div>\n<div class=\"row\">\n<div class=\"col-sm-6 col-sm-push-6\" style=\"margin-top: 30px;\"><center><img decoding=\"async\" class=\"lazyload img-responsive\" style=\"margin: 0px auto; max-width: 100%;\" src=\"data:image\/svg+xml,%3Csvg%20xmlns%3D%27http%3A%2F%2Fwww.w3.org%2F2000%2Fsvg%27%20width%3D%271715%27%20height%3D%271715%27%20viewBox%3D%270%200%201715%201715%27%3E%3Crect%20width%3D%271715%27%20height%3D%271715%27%20fill-opacity%3D%220%22%2F%3E%3C%2Fsvg%3E\" data-orig-src=\" https:\/\/pavidecor.si\/wp-content\/uploads\/2022\/11\/2IMG_7506-2.jpg\" \/><\/center><\/div>\n<div class=\"col-sm-6 col-sm-pull-6\" style=\"margin-top: 40px;\">\n<p>&nbsp;<\/p>\n<h3>Estetska Vrijednost i Svestranost<\/h3>\n<p>Dekorativne ljestve iz PAVI DECOR-a ne samo da su funkcionalne, ve\u0107 i izuzetno estetski privla\u010dne. Njihova prirodna boja i tekstura drveta donose toplinu i udobnost u svaki prostor. Ove ljestve\u00a0mogu se jednostavno <strong>nasloniti na zid ili objesiti<\/strong>, \u0161to jih \u010dini savr\u0161enim dodatkom za svaki interijer. Bez obzira na stil va\u0161eg doma, ove ljestve \u0107e se savr\u0161eno uklopiti i dodati da\u0161ak elegancije.<\/p>\n<p>&nbsp;<\/p>\n<p>Osim unutarnje upotrebe, ukrasne ljestve su tako\u0111er idealne za vanjske prostore. Mo\u017eete jih koristiti kao ukras na terasi ili u vrtu, gdje \u0107e dodatno obogatiti ambijent. Njihova otpornost na vremenske uvjete \u010dini jih <strong>savr\u0161enim izborom<\/strong> za vanjsku upotrebu, a njihova svestranost omogu\u0107ava vam da jih koristite na razli\u010dite na\u010dine, ovisno o va\u0161im potrebama i \u017eeljama.<\/p>\n<p>&nbsp;<\/p>\n<\/div>\n<\/div>\n<div class=\"row\">\n<div class=\"col-sm-6\" style=\"margin-top: 30px;\"><center><img decoding=\"async\" class=\"lazyload img-responsive\" style=\"margin: 0px auto; max-width: 100%;\" src=\"data:image\/svg+xml,%3Csvg%20xmlns%3D%27http%3A%2F%2Fwww.w3.org%2F2000%2Fsvg%27%20width%3D%271811%27%20height%3D%271812%27%20viewBox%3D%270%200%201811%201812%27%3E%3Crect%20width%3D%271811%27%20height%3D%271812%27%20fill-opacity%3D%220%22%2F%3E%3C%2Fsvg%3E\" data-orig-src=\" https:\/\/pavidecor.si\/wp-content\/uploads\/2022\/11\/3IMG_7509-2.jpg\" \/><\/center><\/div>\n<div class=\"col-sm-6\" style=\"margin-top: 40px;\">\n<p>&nbsp;<\/p>\n<h3>Specifikacije i Detalji Proizvoda<\/h3>\n<p>Na\u0161a ukrasne ljestve s tri pre\u010dke izra\u0111ene su od visokokvalitetnog drva, \u0161to osigurava dugotrajnost i otpornost. Dimenzije su prilago\u0111ene tako da se lako uklope u svaki prostor, a njihova te\u017eina omogu\u0107ava jednostavno premje\u0161tanje. Ove ljestve su savr\u0161ene za sve koji \u017eele dodati malo <strong>prirodne ljepote i funkcionalnosti<\/strong> u svoj dom.<\/p>\n<p>&nbsp;<\/p>\n<p>U PAVI DECOR-u ponosni smo na na\u0161u tradiciju ru\u010dne izrade i ljubav prema drvetu. Svi na\u0161i proizvodi su rezultat vlastitog znanja i kreativnosti, a izra\u0111eni su u Sloveniji. Dekorativne ljestve su samo jedan od mnogih unikatnih komada koje nudimo, a svaki od njih nosi sa sobom pri\u010du i strast prema prirodi. U na\u0161em <a href=\"https:\/\/pavidecor.si\/hr\/projects\/ruralni-ambijent\/\"><span style=\"color: #3366ff;\"><strong>ruralnom ambijentu<\/strong><\/span><\/a>\u00a0mo\u017eete vidjeti nauljene ukrasne ljestve.<\/p>\n<p>&nbsp;<\/p>\n<\/div>\n<\/div>\n<p>&nbsp;<\/p>\n","protected":false},"excerpt":{"rendered":"<p><strong><span style=\"color: #c4963c;\">\u2192 Rukotvorine<br \/>\n<\/span><span style=\"color: #c4963c;\">\u2192 Jedinstvene<\/span><\/strong><\/p>\n","protected":false},"featured_media":17818,"comment_status":"open","ping_status":"closed","template":"","meta":[],"product_brand":[],"product_cat":[248],"product_tag":[218],"class_list":{"0":"post-17816","1":"product","2":"type-product","3":"status-publish","4":"has-post-thumbnail","6":"product_cat-ljestve","7":"product_tag-nov","9":"first","10":"instock","11":"sold-individually","12":"taxable","13":"shipping-taxable","14":"purchasable","15":"product-type-simple"},"yoast_head":"<!-- This site is optimized with the Yoast SEO plugin v27.2 - https:\/\/yoast.com\/product\/yoast-seo-wordpress\/ -->\n<title>Ukrasne ljestve s tri pre\u010dke - Jedinstveni element za va\u0161 prostor<\/title>\n<meta name=\"description\" content=\"Ru\u010dno izra\u0111ene ukrasne ljestve imaju drvene dijelove spojene na na\u010din koji su koristili stari majstori, daju\u0107i im izgled autenti\u010dnog antiknog komada.\" \/>\n<meta name=\"robots\" content=\"index, follow, max-snippet:-1, max-image-preview:large, max-video-preview:-1\" \/>\n<link rel=\"canonical\" href=\"https:\/\/pavidecor.si\/hr\/proizvod\/ukrasne-ljestve-s-tri-precke-natur-140x40x4cm\/\" \/>\n<meta property=\"og:locale\" content=\"hr_HR\" \/>\n<meta property=\"og:type\" content=\"article\" \/>\n<meta property=\"og:title\" content=\"Ukrasne ljestve s tri pre\u010dke - Jedinstveni element za va\u0161 prostor\" \/>\n<meta property=\"og:description\" content=\"Ru\u010dno izra\u0111ene ukrasne ljestve imaju drvene dijelove spojene na na\u010din koji su koristili stari majstori, daju\u0107i im izgled autenti\u010dnog antiknog komada.\" \/>\n<meta property=\"og:url\" content=\"https:\/\/pavidecor.si\/hr\/proizvod\/ukrasne-ljestve-s-tri-precke-natur-140x40x4cm\/\" \/>\n<meta property=\"og:site_name\" content=\"Pavi Decor\" \/>\n<meta property=\"article:modified_time\" content=\"2026-04-22T17:04:57+00:00\" \/>\n<meta property=\"og:image\" content=\"https:\/\/pavidecor.si\/wp-content\/uploads\/2022\/11\/1IMG_7504a-2-scaled.jpg\" \/>\n\t<meta property=\"og:image:width\" content=\"2560\" \/>\n\t<meta property=\"og:image:height\" content=\"2560\" \/>\n\t<meta property=\"og:image:type\" content=\"image\/jpeg\" \/>\n<meta name=\"twitter:card\" content=\"summary_large_image\" \/>\n<meta name=\"twitter:label1\" content=\"Procijenjeno vrijeme \u010ditanja\" \/>\n\t<meta name=\"twitter:data1\" content=\"4 minute\" \/>\n<script type=\"application\/ld+json\" class=\"yoast-schema-graph\">{\"@context\":\"https:\/\/schema.org\",\"@graph\":[{\"@type\":\"WebPage\",\"@id\":\"https:\/\/pavidecor.si\/hr\/proizvod\/ukrasne-ljestve-s-tri-precke-natur-140x40x4cm\/\",\"url\":\"https:\/\/pavidecor.si\/hr\/proizvod\/ukrasne-ljestve-s-tri-precke-natur-140x40x4cm\/\",\"name\":\"Ukrasne ljestve s tri pre\u010dke - Jedinstveni element za va\u0161 prostor\",\"isPartOf\":{\"@id\":\"https:\/\/pavidecor.si\/hr\/#website\"},\"primaryImageOfPage\":{\"@id\":\"https:\/\/pavidecor.si\/hr\/proizvod\/ukrasne-ljestve-s-tri-precke-natur-140x40x4cm\/#primaryimage\"},\"image\":{\"@id\":\"https:\/\/pavidecor.si\/hr\/proizvod\/ukrasne-ljestve-s-tri-precke-natur-140x40x4cm\/#primaryimage\"},\"thumbnailUrl\":\"https:\/\/pavidecor.si\/wp-content\/uploads\/2022\/11\/1IMG_7504a-2-scaled.jpg\",\"datePublished\":\"2022-11-16T11:56:51+00:00\",\"dateModified\":\"2026-04-22T17:04:57+00:00\",\"description\":\"Ru\u010dno izra\u0111ene ukrasne ljestve imaju drvene dijelove spojene na na\u010din koji su koristili stari majstori, daju\u0107i im izgled autenti\u010dnog antiknog komada.\",\"breadcrumb\":{\"@id\":\"https:\/\/pavidecor.si\/hr\/proizvod\/ukrasne-ljestve-s-tri-precke-natur-140x40x4cm\/#breadcrumb\"},\"inLanguage\":\"hr\",\"potentialAction\":[{\"@type\":\"ReadAction\",\"target\":[\"https:\/\/pavidecor.si\/hr\/proizvod\/ukrasne-ljestve-s-tri-precke-natur-140x40x4cm\/\"]}]},{\"@type\":\"ImageObject\",\"inLanguage\":\"hr\",\"@id\":\"https:\/\/pavidecor.si\/hr\/proizvod\/ukrasne-ljestve-s-tri-precke-natur-140x40x4cm\/#primaryimage\",\"url\":\"https:\/\/pavidecor.si\/wp-content\/uploads\/2022\/11\/1IMG_7504a-2-scaled.jpg\",\"contentUrl\":\"https:\/\/pavidecor.si\/wp-content\/uploads\/2022\/11\/1IMG_7504a-2-scaled.jpg\",\"width\":2560,\"height\":2560,\"caption\":\"PAVI DECOR\"},{\"@type\":\"BreadcrumbList\",\"@id\":\"https:\/\/pavidecor.si\/hr\/proizvod\/ukrasne-ljestve-s-tri-precke-natur-140x40x4cm\/#breadcrumb\",\"itemListElement\":[{\"@type\":\"ListItem\",\"position\":1,\"name\":\"Domov\",\"item\":\"https:\/\/pavidecor.si\/hr\/\"},{\"@type\":\"ListItem\",\"position\":2,\"name\":\"Internetska trgovina\",\"item\":\"https:\/\/pavidecor.si\/hr\/internetska-trgovina\/\"},{\"@type\":\"ListItem\",\"position\":3,\"name\":\"Ukrasne ljestve s tri pre\u010dke natur 140x40x4cm\"}]},{\"@type\":\"WebSite\",\"@id\":\"https:\/\/pavidecor.si\/hr\/#website\",\"url\":\"https:\/\/pavidecor.si\/hr\/\",\"name\":\"Pavi Decor\",\"description\":\"Leseni unikati ustvarjeni iz ljubezni do lesa in narave.\",\"potentialAction\":[{\"@type\":\"SearchAction\",\"target\":{\"@type\":\"EntryPoint\",\"urlTemplate\":\"https:\/\/pavidecor.si\/hr\/?s={search_term_string}\"},\"query-input\":{\"@type\":\"PropertyValueSpecification\",\"valueRequired\":true,\"valueName\":\"search_term_string\"}}],\"inLanguage\":\"hr\"}]}<\/script>\n<!-- \/ Yoast SEO plugin. -->","yoast_head_json":{"title":"Ukrasne ljestve s tri pre\u010dke - Jedinstveni element za va\u0161 prostor","description":"Ru\u010dno izra\u0111ene ukrasne ljestve imaju drvene dijelove spojene na na\u010din koji su koristili stari majstori, daju\u0107i im izgled autenti\u010dnog antiknog komada.","robots":{"index":"index","follow":"follow","max-snippet":"max-snippet:-1","max-image-preview":"max-image-preview:large","max-video-preview":"max-video-preview:-1"},"canonical":"https:\/\/pavidecor.si\/hr\/proizvod\/ukrasne-ljestve-s-tri-precke-natur-140x40x4cm\/","og_locale":"hr_HR","og_type":"article","og_title":"Ukrasne ljestve s tri pre\u010dke - Jedinstveni element za va\u0161 prostor","og_description":"Ru\u010dno izra\u0111ene ukrasne ljestve imaju drvene dijelove spojene na na\u010din koji su koristili stari majstori, daju\u0107i im izgled autenti\u010dnog antiknog komada.","og_url":"https:\/\/pavidecor.si\/hr\/proizvod\/ukrasne-ljestve-s-tri-precke-natur-140x40x4cm\/","og_site_name":"Pavi Decor","article_modified_time":"2026-04-22T17:04:57+00:00","og_image":[{"width":2560,"height":2560,"url":"https:\/\/pavidecor.si\/wp-content\/uploads\/2022\/11\/1IMG_7504a-2-scaled.jpg","type":"image\/jpeg"}],"twitter_card":"summary_large_image","twitter_misc":{"Procijenjeno vrijeme \u010ditanja":"4 minute"},"schema":{"@context":"https:\/\/schema.org","@graph":[{"@type":"WebPage","@id":"https:\/\/pavidecor.si\/hr\/proizvod\/ukrasne-ljestve-s-tri-precke-natur-140x40x4cm\/","url":"https:\/\/pavidecor.si\/hr\/proizvod\/ukrasne-ljestve-s-tri-precke-natur-140x40x4cm\/","name":"Ukrasne ljestve s tri pre\u010dke - Jedinstveni element za va\u0161 prostor","isPartOf":{"@id":"https:\/\/pavidecor.si\/hr\/#website"},"primaryImageOfPage":{"@id":"https:\/\/pavidecor.si\/hr\/proizvod\/ukrasne-ljestve-s-tri-precke-natur-140x40x4cm\/#primaryimage"},"image":{"@id":"https:\/\/pavidecor.si\/hr\/proizvod\/ukrasne-ljestve-s-tri-precke-natur-140x40x4cm\/#primaryimage"},"thumbnailUrl":"https:\/\/pavidecor.si\/wp-content\/uploads\/2022\/11\/1IMG_7504a-2-scaled.jpg","datePublished":"2022-11-16T11:56:51+00:00","dateModified":"2026-04-22T17:04:57+00:00","description":"Ru\u010dno izra\u0111ene ukrasne ljestve imaju drvene dijelove spojene na na\u010din koji su koristili stari majstori, daju\u0107i im izgled autenti\u010dnog antiknog komada.","breadcrumb":{"@id":"https:\/\/pavidecor.si\/hr\/proizvod\/ukrasne-ljestve-s-tri-precke-natur-140x40x4cm\/#breadcrumb"},"inLanguage":"hr","potentialAction":[{"@type":"ReadAction","target":["https:\/\/pavidecor.si\/hr\/proizvod\/ukrasne-ljestve-s-tri-precke-natur-140x40x4cm\/"]}]},{"@type":"ImageObject","inLanguage":"hr","@id":"https:\/\/pavidecor.si\/hr\/proizvod\/ukrasne-ljestve-s-tri-precke-natur-140x40x4cm\/#primaryimage","url":"https:\/\/pavidecor.si\/wp-content\/uploads\/2022\/11\/1IMG_7504a-2-scaled.jpg","contentUrl":"https:\/\/pavidecor.si\/wp-content\/uploads\/2022\/11\/1IMG_7504a-2-scaled.jpg","width":2560,"height":2560,"caption":"PAVI DECOR"},{"@type":"BreadcrumbList","@id":"https:\/\/pavidecor.si\/hr\/proizvod\/ukrasne-ljestve-s-tri-precke-natur-140x40x4cm\/#breadcrumb","itemListElement":[{"@type":"ListItem","position":1,"name":"Domov","item":"https:\/\/pavidecor.si\/hr\/"},{"@type":"ListItem","position":2,"name":"Internetska trgovina","item":"https:\/\/pavidecor.si\/hr\/internetska-trgovina\/"},{"@type":"ListItem","position":3,"name":"Ukrasne ljestve s tri pre\u010dke natur 140x40x4cm"}]},{"@type":"WebSite","@id":"https:\/\/pavidecor.si\/hr\/#website","url":"https:\/\/pavidecor.si\/hr\/","name":"Pavi Decor","description":"Leseni unikati ustvarjeni iz ljubezni do lesa in narave.","potentialAction":[{"@type":"SearchAction","target":{"@type":"EntryPoint","urlTemplate":"https:\/\/pavidecor.si\/hr\/?s={search_term_string}"},"query-input":{"@type":"PropertyValueSpecification","valueRequired":true,"valueName":"search_term_string"}}],"inLanguage":"hr"}]}},"_links":{"self":[{"href":"https:\/\/pavidecor.si\/hr\/wp-json\/wp\/v2\/product\/17816","targetHints":{"allow":["GET"]}}],"collection":[{"href":"https:\/\/pavidecor.si\/hr\/wp-json\/wp\/v2\/product"}],"about":[{"href":"https:\/\/pavidecor.si\/hr\/wp-json\/wp\/v2\/types\/product"}],"replies":[{"embeddable":true,"href":"https:\/\/pavidecor.si\/hr\/wp-json\/wp\/v2\/comments?post=17816"}],"wp:featuredmedia":[{"embeddable":true,"href":"https:\/\/pavidecor.si\/hr\/wp-json\/wp\/v2\/media\/17818"}],"wp:attachment":[{"href":"https:\/\/pavidecor.si\/hr\/wp-json\/wp\/v2\/media?parent=17816"}],"wp:term":[{"taxonomy":"product_brand","embeddable":true,"href":"https:\/\/pavidecor.si\/hr\/wp-json\/wp\/v2\/product_brand?post=17816"},{"taxonomy":"product_cat","embeddable":true,"href":"https:\/\/pavidecor.si\/hr\/wp-json\/wp\/v2\/product_cat?post=17816"},{"taxonomy":"product_tag","embeddable":true,"href":"https:\/\/pavidecor.si\/hr\/wp-json\/wp\/v2\/product_tag?post=17816"}],"curies":[{"name":"wp","href":"https:\/\/api.w.org\/{rel}","templated":true}]}}