	{"id":17732,"date":"2022-07-14T09:25:42","date_gmt":"2022-07-14T09:25:42","guid":{"rendered":"https:\/\/pavidecor.si\/product\/dekorativni-svjetionik-viktor-55x32x22cm\/"},"modified":"2026-04-22T17:03:37","modified_gmt":"2026-04-22T17:03:37","slug":"dekorativni-drveni-svjetionik-viktor-55x32x22cm","status":"publish","type":"product","link":"https:\/\/pavidecor.si\/hr\/proizvod\/dekorativni-drveni-svjetionik-viktor-55x32x22cm\/","title":{"rendered":"Dekorativni drveni svjetionik Viktor 55x32x22cm"},"content":{"rendered":"<p><span class=\"prvimanjsinaslovopis\">Dekorativni drveni svjetionik &#8211; Unikatni komad s morskim duhom<\/span><\/p>\n<p>&nbsp;<\/p>\n<h2><span class=\"odebeljenopis\"><strong> U\u017eivajte u \u010daroliji mora s na\u0161im ru\u010dno ra\u0111enim dekorativnim svjetionikom iz trgovine PAVI DECOR. Ovaj jedinstveni komad, izra\u0111en od recikliranog i naplavljenog drva, donosi toplinu i autenti\u010dnost u svaki prostor. Njegov \u0161arm i pa\u017eljivo osmi\u0161ljeni detalji \u010dine ga savr\u0161enim dodatkom za svaki interijer.<\/strong><\/span><\/h2>\n<p>&nbsp;<\/p>\n<div class=\"row\">\n<div class=\"col-sm-6 \" style=\"margin-top: 30px;\"><center><img decoding=\"async\" class=\"lazyload img-responsive\" style=\"margin: 0px auto; max-width: 100%;\" src=\"data:image\/svg+xml,%3Csvg%20xmlns%3D%27http%3A%2F%2Fwww.w3.org%2F2000%2Fsvg%27%20width%3D%272347%27%20height%3D%272346%27%20viewBox%3D%270%200%202347%202346%27%3E%3Crect%20width%3D%272347%27%20height%3D%272346%27%20fill-opacity%3D%220%22%2F%3E%3C%2Fsvg%3E\" data-orig-src=\"https:\/\/pavidecor.si\/wp-content\/uploads\/2022\/07\/IMG_6231-2.jpg\" \/><\/center><\/div>\n<div class=\"col-sm-6\" style=\"margin-top: 40px;\">\n<p>&nbsp;<\/p>\n<h3>Jedinstvena ru\u010dna izrada<\/h3>\n<p>Na\u0161i ukrasni svjetionici su rezultat strasti prema drvetu i prirodi, \u0161to je vodilo oblikovanja i izrade svih na\u0161ih unikatnih proizvoda u PAVI DECOR-u. Svaki svjetionik je ru\u010dno izra\u0111en, koriste\u0107i tradicionalne tehnike spajanja drvenih dijelova, \u0161to im daje <b>autenti\u010dan izgled<\/b> i osje\u0107aj. Ova metoda izrade, inspirirana radom starih majstora, osigurava da svaki komad bude jedinstven i prepun karaktera.<\/p>\n<p>&nbsp;<\/p>\n<p><span class=\"prvimanjsinaslovopis\">Dekorativni drveni svjetionik Viktor<\/span> je pa\u017eljivo oslikan, s obojenim prozorima i vratima, te dodatnom terasom s ogradom. Na vrhu se nalazi <b>drog s zastavom<\/b>, koji dodatno nagla\u0161ava morski duh ovog proizvoda. Ovaj dekorativni komad ne samo da \u0107e obogatiti va\u0161 prostor, ve\u0107 \u0107e i stvoriti ugodnu atmosferu koja podsje\u0107a na romanti\u010dne trenutke provedene uz more.<\/p>\n<p>&nbsp;<\/p>\n<\/div>\n<\/div>\n<div class=\"row\">\n<div class=\"col-sm-6 col-sm-push-6\" style=\"margin-top: 30px;\"><center><img decoding=\"async\" class=\"lazyload img-responsive\" style=\"margin: 0px auto; max-width: 100%;\" src=\"data:image\/svg+xml,%3Csvg%20xmlns%3D%27http%3A%2F%2Fwww.w3.org%2F2000%2Fsvg%27%20width%3D%272452%27%20height%3D%272452%27%20viewBox%3D%270%200%202452%202452%27%3E%3Crect%20width%3D%272452%27%20height%3D%272452%27%20fill-opacity%3D%220%22%2F%3E%3C%2Fsvg%3E\" data-orig-src=\" https:\/\/pavidecor.si\/wp-content\/uploads\/2022\/07\/IMG_6236-2.jpg\" \/><\/center><\/div>\n<div class=\"col-sm-6 col-sm-pull-6\" style=\"margin-top: 40px;\">\n<p>&nbsp;<\/p>\n<h3>Savr\u0161en dodatak za svaki interijer<\/h3>\n<p><span class=\"prvimanjsinaslovopis\">Dekorativni drveni svjetionik<\/span> je idealan za sve one koji \u017eele <strong>unijeti da\u0161ak mora u svoj dom<\/strong>. Njegov jedinstveni dizajn savr\u0161eno se uklapa u shabby chic interijere, ali i u moderne prostore koji tra\u017ee dodatak s karakterom. Ovaj drveni svjetionik mo\u017ee stajati samostalno, \u010dine\u0107i ga svestranim komadom koji mo\u017eete smjestiti bilo gdje &#8211; na stolu, polici ili prozoru.<\/p>\n<p>&nbsp;<\/p>\n<p>Osim \u0161to je prekrasan dekorativni element, svjetionik je i <b>odli\u010dan poklon<\/b>\u00a0za sve ljubitelje mora i prirode. Njegova jedinstvenost i ru\u010dna izrada \u010dine ga posebnim poklonom koji \u0107e obradovati svakoga. U kombinaciji s na\u0161om <a href=\"https:\/\/pavidecor.si\/hr\/proizvod\/ukrasna-jedrilica-s-dvostrukim-jarbolom-d1-114x98x8cm\/\"><strong><span style=\"color: #3366ff;\">dekorativnom jedrilicom dvojarbolnicom<\/span><\/strong><\/a>, stvorit \u0107ete savr\u0161eni morski ambijent u svom domu.<\/p>\n<p>&nbsp;<\/p>\n<\/div>\n<\/div>\n<div class=\"row\">\n<div class=\"col-sm-6\" style=\"margin-top: 30px;\"><center><img decoding=\"async\" class=\"lazyload img-responsive\" style=\"margin: 0px auto; max-width: 100%;\" src=\"data:image\/svg+xml,%3Csvg%20xmlns%3D%27http%3A%2F%2Fwww.w3.org%2F2000%2Fsvg%27%20width%3D%272207%27%20height%3D%272206%27%20viewBox%3D%270%200%202207%202206%27%3E%3Crect%20width%3D%272207%27%20height%3D%272206%27%20fill-opacity%3D%220%22%2F%3E%3C%2Fsvg%3E\" data-orig-src=\" https:\/\/pavidecor.si\/wp-content\/uploads\/2022\/07\/IMG_6238-2.jpg\" \/><\/center><\/div>\n<div class=\"col-sm-6\" style=\"margin-top: 40px;\">\n<p>&nbsp;<\/p>\n<h3>Specifikacije proizvoda<\/h3>\n<p>Na\u0161 d<span class=\"prvimanjsinaslovopis\">ekorativni drveni svjetionik<\/span> <strong>izra\u0111en je od recikliranog i naplavljenog drv<\/strong>a, \u0161to ga \u010dini ekolo\u0161kim izborom. Ima ru\u010dno oslikane prozore i vrata, te terasu s ogradom. Na vrhu se nalazi drog s zastavom, \u0161to dodatno nagla\u0161ava njegov morski karakter. Ovaj svjetionik je savr\u0161en dodatak za svaki prostor, donose\u0107i toplinu i \u0161arm.<\/p>\n<p>&nbsp;<\/p>\n<p>Dimenzije svjetionika su prilago\u0111ene tako da se lako uklopi u razli\u010dite interijere, a njegova ru\u010dna izrada osigurava da svaki komad bude jedinstven. U PAVI DECOR-u, svi na\u0161i proizvodi su rezultat vlastitog znanja i kreativnosti, a svaki komad nosi sa sobom <strong>ljubav prema drvetu i prirodi<\/strong>.<\/p>\n<\/div>\n<\/div>\n<p>&nbsp;<\/p>\n","protected":false},"excerpt":{"rendered":"<p><strong><span style=\"color: #c4963c;\">\u2192 Rukotvorine<br \/>\n<\/span><span style=\"color: #c4963c;\">\u2192 Jedinstven<\/span><\/strong><\/p>\n","protected":false},"featured_media":17738,"comment_status":"open","ping_status":"closed","template":"","meta":[],"product_brand":[],"product_cat":[340],"product_tag":[218],"class_list":{"0":"post-17732","1":"product","2":"type-product","3":"status-publish","4":"has-post-thumbnail","6":"product_cat-svjetionici","7":"product_tag-nov","9":"first","10":"instock","11":"sold-individually","12":"taxable","13":"shipping-taxable","14":"purchasable","15":"product-type-simple"},"yoast_head":"<!-- This site is optimized with the Yoast SEO plugin v27.2 - https:\/\/yoast.com\/product\/yoast-seo-wordpress\/ -->\n<title>Dekorativni drveni svjetionik - Unikatni komad s morskim duhom<\/title>\n<meta name=\"description\" content=\"Dekorativni drveni svjetionik ru\u010dno je izra\u0111en od recikliranog i naplavljenog drva. Ima terasu s ogradom, oslikanim prozorima i jarbolom sa zastavom.\" \/>\n<meta name=\"robots\" content=\"index, follow, max-snippet:-1, max-image-preview:large, max-video-preview:-1\" \/>\n<link rel=\"canonical\" href=\"https:\/\/pavidecor.si\/hr\/proizvod\/dekorativni-drveni-svjetionik-viktor-55x32x22cm\/\" \/>\n<meta property=\"og:locale\" content=\"hr_HR\" \/>\n<meta property=\"og:type\" content=\"article\" \/>\n<meta property=\"og:title\" content=\"Dekorativni drveni svjetionik - Unikatni komad s morskim duhom\" \/>\n<meta property=\"og:description\" content=\"Dekorativni drveni svjetionik ru\u010dno je izra\u0111en od recikliranog i naplavljenog drva. Ima terasu s ogradom, oslikanim prozorima i jarbolom sa zastavom.\" \/>\n<meta property=\"og:url\" content=\"https:\/\/pavidecor.si\/hr\/proizvod\/dekorativni-drveni-svjetionik-viktor-55x32x22cm\/\" \/>\n<meta property=\"og:site_name\" content=\"Pavi Decor\" \/>\n<meta property=\"article:modified_time\" content=\"2026-04-22T17:03:37+00:00\" \/>\n<meta property=\"og:image\" content=\"https:\/\/pavidecor.si\/wp-content\/uploads\/2022\/07\/IMG_6231-2.jpg\" \/>\n\t<meta property=\"og:image:width\" content=\"2347\" \/>\n\t<meta property=\"og:image:height\" content=\"2346\" \/>\n\t<meta property=\"og:image:type\" content=\"image\/jpeg\" \/>\n<meta name=\"twitter:card\" content=\"summary_large_image\" \/>\n<meta name=\"twitter:label1\" content=\"Procijenjeno vrijeme \u010ditanja\" \/>\n\t<meta name=\"twitter:data1\" content=\"3 minute\" \/>\n<script type=\"application\/ld+json\" class=\"yoast-schema-graph\">{\"@context\":\"https:\/\/schema.org\",\"@graph\":[{\"@type\":\"WebPage\",\"@id\":\"https:\/\/pavidecor.si\/hr\/proizvod\/dekorativni-drveni-svjetionik-viktor-55x32x22cm\/\",\"url\":\"https:\/\/pavidecor.si\/hr\/proizvod\/dekorativni-drveni-svjetionik-viktor-55x32x22cm\/\",\"name\":\"Dekorativni drveni svjetionik - Unikatni komad s morskim duhom\",\"isPartOf\":{\"@id\":\"https:\/\/pavidecor.si\/hr\/#website\"},\"primaryImageOfPage\":{\"@id\":\"https:\/\/pavidecor.si\/hr\/proizvod\/dekorativni-drveni-svjetionik-viktor-55x32x22cm\/#primaryimage\"},\"image\":{\"@id\":\"https:\/\/pavidecor.si\/hr\/proizvod\/dekorativni-drveni-svjetionik-viktor-55x32x22cm\/#primaryimage\"},\"thumbnailUrl\":\"https:\/\/pavidecor.si\/wp-content\/uploads\/2022\/07\/IMG_6231-2.jpg\",\"datePublished\":\"2022-07-14T09:25:42+00:00\",\"dateModified\":\"2026-04-22T17:03:37+00:00\",\"description\":\"Dekorativni drveni svjetionik ru\u010dno je izra\u0111en od recikliranog i naplavljenog drva. Ima terasu s ogradom, oslikanim prozorima i jarbolom sa zastavom.\",\"breadcrumb\":{\"@id\":\"https:\/\/pavidecor.si\/hr\/proizvod\/dekorativni-drveni-svjetionik-viktor-55x32x22cm\/#breadcrumb\"},\"inLanguage\":\"hr\",\"potentialAction\":[{\"@type\":\"ReadAction\",\"target\":[\"https:\/\/pavidecor.si\/hr\/proizvod\/dekorativni-drveni-svjetionik-viktor-55x32x22cm\/\"]}]},{\"@type\":\"ImageObject\",\"inLanguage\":\"hr\",\"@id\":\"https:\/\/pavidecor.si\/hr\/proizvod\/dekorativni-drveni-svjetionik-viktor-55x32x22cm\/#primaryimage\",\"url\":\"https:\/\/pavidecor.si\/wp-content\/uploads\/2022\/07\/IMG_6231-2.jpg\",\"contentUrl\":\"https:\/\/pavidecor.si\/wp-content\/uploads\/2022\/07\/IMG_6231-2.jpg\",\"width\":2347,\"height\":2346,\"caption\":\"PAVI DECOR\"},{\"@type\":\"BreadcrumbList\",\"@id\":\"https:\/\/pavidecor.si\/hr\/proizvod\/dekorativni-drveni-svjetionik-viktor-55x32x22cm\/#breadcrumb\",\"itemListElement\":[{\"@type\":\"ListItem\",\"position\":1,\"name\":\"Domov\",\"item\":\"https:\/\/pavidecor.si\/hr\/\"},{\"@type\":\"ListItem\",\"position\":2,\"name\":\"Internetska trgovina\",\"item\":\"https:\/\/pavidecor.si\/hr\/internetska-trgovina\/\"},{\"@type\":\"ListItem\",\"position\":3,\"name\":\"Dekorativni drveni svjetionik Viktor 55x32x22cm\"}]},{\"@type\":\"WebSite\",\"@id\":\"https:\/\/pavidecor.si\/hr\/#website\",\"url\":\"https:\/\/pavidecor.si\/hr\/\",\"name\":\"Pavi Decor\",\"description\":\"Leseni unikati ustvarjeni iz ljubezni do lesa in narave.\",\"potentialAction\":[{\"@type\":\"SearchAction\",\"target\":{\"@type\":\"EntryPoint\",\"urlTemplate\":\"https:\/\/pavidecor.si\/hr\/?s={search_term_string}\"},\"query-input\":{\"@type\":\"PropertyValueSpecification\",\"valueRequired\":true,\"valueName\":\"search_term_string\"}}],\"inLanguage\":\"hr\"}]}<\/script>\n<!-- \/ Yoast SEO plugin. -->","yoast_head_json":{"title":"Dekorativni drveni svjetionik - Unikatni komad s morskim duhom","description":"Dekorativni drveni svjetionik ru\u010dno je izra\u0111en od recikliranog i naplavljenog drva. Ima terasu s ogradom, oslikanim prozorima i jarbolom sa zastavom.","robots":{"index":"index","follow":"follow","max-snippet":"max-snippet:-1","max-image-preview":"max-image-preview:large","max-video-preview":"max-video-preview:-1"},"canonical":"https:\/\/pavidecor.si\/hr\/proizvod\/dekorativni-drveni-svjetionik-viktor-55x32x22cm\/","og_locale":"hr_HR","og_type":"article","og_title":"Dekorativni drveni svjetionik - Unikatni komad s morskim duhom","og_description":"Dekorativni drveni svjetionik ru\u010dno je izra\u0111en od recikliranog i naplavljenog drva. Ima terasu s ogradom, oslikanim prozorima i jarbolom sa zastavom.","og_url":"https:\/\/pavidecor.si\/hr\/proizvod\/dekorativni-drveni-svjetionik-viktor-55x32x22cm\/","og_site_name":"Pavi Decor","article_modified_time":"2026-04-22T17:03:37+00:00","og_image":[{"width":2347,"height":2346,"url":"https:\/\/pavidecor.si\/wp-content\/uploads\/2022\/07\/IMG_6231-2.jpg","type":"image\/jpeg"}],"twitter_card":"summary_large_image","twitter_misc":{"Procijenjeno vrijeme \u010ditanja":"3 minute"},"schema":{"@context":"https:\/\/schema.org","@graph":[{"@type":"WebPage","@id":"https:\/\/pavidecor.si\/hr\/proizvod\/dekorativni-drveni-svjetionik-viktor-55x32x22cm\/","url":"https:\/\/pavidecor.si\/hr\/proizvod\/dekorativni-drveni-svjetionik-viktor-55x32x22cm\/","name":"Dekorativni drveni svjetionik - Unikatni komad s morskim duhom","isPartOf":{"@id":"https:\/\/pavidecor.si\/hr\/#website"},"primaryImageOfPage":{"@id":"https:\/\/pavidecor.si\/hr\/proizvod\/dekorativni-drveni-svjetionik-viktor-55x32x22cm\/#primaryimage"},"image":{"@id":"https:\/\/pavidecor.si\/hr\/proizvod\/dekorativni-drveni-svjetionik-viktor-55x32x22cm\/#primaryimage"},"thumbnailUrl":"https:\/\/pavidecor.si\/wp-content\/uploads\/2022\/07\/IMG_6231-2.jpg","datePublished":"2022-07-14T09:25:42+00:00","dateModified":"2026-04-22T17:03:37+00:00","description":"Dekorativni drveni svjetionik ru\u010dno je izra\u0111en od recikliranog i naplavljenog drva. Ima terasu s ogradom, oslikanim prozorima i jarbolom sa zastavom.","breadcrumb":{"@id":"https:\/\/pavidecor.si\/hr\/proizvod\/dekorativni-drveni-svjetionik-viktor-55x32x22cm\/#breadcrumb"},"inLanguage":"hr","potentialAction":[{"@type":"ReadAction","target":["https:\/\/pavidecor.si\/hr\/proizvod\/dekorativni-drveni-svjetionik-viktor-55x32x22cm\/"]}]},{"@type":"ImageObject","inLanguage":"hr","@id":"https:\/\/pavidecor.si\/hr\/proizvod\/dekorativni-drveni-svjetionik-viktor-55x32x22cm\/#primaryimage","url":"https:\/\/pavidecor.si\/wp-content\/uploads\/2022\/07\/IMG_6231-2.jpg","contentUrl":"https:\/\/pavidecor.si\/wp-content\/uploads\/2022\/07\/IMG_6231-2.jpg","width":2347,"height":2346,"caption":"PAVI DECOR"},{"@type":"BreadcrumbList","@id":"https:\/\/pavidecor.si\/hr\/proizvod\/dekorativni-drveni-svjetionik-viktor-55x32x22cm\/#breadcrumb","itemListElement":[{"@type":"ListItem","position":1,"name":"Domov","item":"https:\/\/pavidecor.si\/hr\/"},{"@type":"ListItem","position":2,"name":"Internetska trgovina","item":"https:\/\/pavidecor.si\/hr\/internetska-trgovina\/"},{"@type":"ListItem","position":3,"name":"Dekorativni drveni svjetionik Viktor 55x32x22cm"}]},{"@type":"WebSite","@id":"https:\/\/pavidecor.si\/hr\/#website","url":"https:\/\/pavidecor.si\/hr\/","name":"Pavi Decor","description":"Leseni unikati ustvarjeni iz ljubezni do lesa in narave.","potentialAction":[{"@type":"SearchAction","target":{"@type":"EntryPoint","urlTemplate":"https:\/\/pavidecor.si\/hr\/?s={search_term_string}"},"query-input":{"@type":"PropertyValueSpecification","valueRequired":true,"valueName":"search_term_string"}}],"inLanguage":"hr"}]}},"_links":{"self":[{"href":"https:\/\/pavidecor.si\/hr\/wp-json\/wp\/v2\/product\/17732","targetHints":{"allow":["GET"]}}],"collection":[{"href":"https:\/\/pavidecor.si\/hr\/wp-json\/wp\/v2\/product"}],"about":[{"href":"https:\/\/pavidecor.si\/hr\/wp-json\/wp\/v2\/types\/product"}],"replies":[{"embeddable":true,"href":"https:\/\/pavidecor.si\/hr\/wp-json\/wp\/v2\/comments?post=17732"}],"wp:featuredmedia":[{"embeddable":true,"href":"https:\/\/pavidecor.si\/hr\/wp-json\/wp\/v2\/media\/17738"}],"wp:attachment":[{"href":"https:\/\/pavidecor.si\/hr\/wp-json\/wp\/v2\/media?parent=17732"}],"wp:term":[{"taxonomy":"product_brand","embeddable":true,"href":"https:\/\/pavidecor.si\/hr\/wp-json\/wp\/v2\/product_brand?post=17732"},{"taxonomy":"product_cat","embeddable":true,"href":"https:\/\/pavidecor.si\/hr\/wp-json\/wp\/v2\/product_cat?post=17732"},{"taxonomy":"product_tag","embeddable":true,"href":"https:\/\/pavidecor.si\/hr\/wp-json\/wp\/v2\/product_tag?post=17732"}],"curies":[{"name":"wp","href":"https:\/\/api.w.org\/{rel}","templated":true}]}}