	{"id":17578,"date":"2022-07-25T10:21:42","date_gmt":"2022-07-25T10:21:42","guid":{"rendered":"https:\/\/pavidecor.si\/product\/ribarska-plutaca-velika-5-25x9x9cm-2\/"},"modified":"2026-05-13T06:11:22","modified_gmt":"2026-05-13T06:11:22","slug":"ribarska-plutaca-velika-5-25x9x9cm-2","status":"publish","type":"product","link":"https:\/\/pavidecor.si\/hr\/proizvod\/ribarska-plutaca-velika-5-25x9x9cm-2\/","title":{"rendered":"Ribarska pluta\u010da velika 5 25x9x9cm"},"content":{"rendered":"<p><span class=\"prvimanjsinaslovopis\"> Ribi\u0161ka boja &#8211; Unikatni drveni dekor s du\u0161om pro\u0161losti<\/p>\n<p><\/span><\/p>\n<h2><span class=\"odebeljenopis\"><strong> Ribi\u0161ka boja je vi\u0161e od obi\u010dnog dekorativnog predmeta; ona je simbol tradicije i povezanosti s morem. Ovaj jedinstveni drveni komad, inspiriran starim ribi\u010dkim obi\u010dajima, donosi da\u0161ak nostalgije u svaki prostor. U PAVIDECOR-u iz Ljubljane, svaki komad je rezultat strasti prema drvetu i prirodi, stvaraju\u0107i tako autenti\u010dne i ru\u010dno ra\u0111ene proizvode.<\/p>\n<p><\/strong><\/span><\/h2>\n<\/p>\n<div class=\"row\">\n<div class=\"col-sm-6 \" style=\"margin-top: 30px;\"><center><img decoding=\"async\" src=\"data:image\/svg+xml,%3Csvg%20xmlns%3D%27http%3A%2F%2Fwww.w3.org%2F2000%2Fsvg%27%20width%3D%272560%27%20height%3D%272560%27%20viewBox%3D%270%200%202560%202560%27%3E%3Crect%20width%3D%272560%27%20height%3D%272560%27%20fill-opacity%3D%220%22%2F%3E%3C%2Fsvg%3E\" data-orig-src=\"https:\/\/pavidecor.si\/wp-content\/uploads\/2022\/07\/IMG_6084-2-scaled.jpg\" class=\"lazyload img-responsive\" style=\"margin: 0px auto;max-width:100%;\"  \/><\/center><\/div>\n<div class=\"col-sm-6\" style=\"margin-top:40px;\">\n<p><span style=\"color: #000000;\"> <\/p>\n<h3>Tradicionalna izrada i autenti\u010dnost<\/h3>\n<p>Ribi\u0161ka boja iz PAVIDECOR-a izra\u0111ena je s posebnom pa\u017enjom na detalje. Na\u0161i majstori koriste tradicionalne tehnike spajanja drvenih dijelova, \u0161to rezultira proizvodima koji izgledaju kao da su do\u0161li iz pro\u0161lih vremena. <\/p>\n<p> Ova ru\u010dna izrada ne samo da osigurava kvalitetu, ve\u0107 i daje svakom komadu jedinstven karakter. Svaka ribi\u0161ka boja nosi svoju pri\u010du, a njena boja i uzorak odra\u017eavaju osobnost i kreativnost na\u0161ih majstora. U svijetu masovne proizvodnje, PAVIDECOR se ponosi time \u0161to nudi proizvode koji su istinski jedinstveni i autenti\u010dni.<\/p>\n<p><\/span><\/p>\n<\/div>\n<\/div>\n<div class=\"row\">\n<div class=\"col-sm-6 col-sm-push-6\" style=\"margin-top: 30px;\"><center><img decoding=\"async\" src=\"data:image\/svg+xml,%3Csvg%20xmlns%3D%27http%3A%2F%2Fwww.w3.org%2F2000%2Fsvg%27%20width%3D%272560%27%20height%3D%272560%27%20viewBox%3D%270%200%202560%202560%27%3E%3Crect%20width%3D%272560%27%20height%3D%272560%27%20fill-opacity%3D%220%22%2F%3E%3C%2Fsvg%3E\" data-orig-src=\" https:\/\/pavidecor.si\/wp-content\/uploads\/2022\/07\/IMG_6085-2-scaled.jpg\" class=\"lazyload img-responsive\" style=\"margin: 0px auto;max-width:100%;\"  \/><\/center><\/div>\n<div class=\"col-sm-6 col-sm-pull-6\" style=\"margin-top:40px;\">\n<p><span style=\"color: #000000;\"> <\/p>\n<h3>Nostalgi\u010dni dekor za svaki prostor<\/h3>\n<p>Ribi\u0161ka boja nije samo dekoracija; ona je i podsjetnik na stara vremena kada su ribi\u010di koristili ovakve boje za ozna\u010davanje svojih vr\u0161a. Danas, ovaj drveni komad mo\u017ee postati sredi\u0161nji dio va\u0161eg interijera, donose\u0107i morski duh u va\u0161 dom. <\/p>\n<p> Idealna je za dnevne boravke, kuhinje ili \u010dak kao dekoracija u morskim ambijentima. Njena prisutnost stvara toplinu i ugodnu atmosferu, a istovremeno poti\u010de razgovore o tradiciji i povijesti ribolova. Ribi\u0161ka boja je savr\u0161en poklon za ljubitelje mora i prirode, koji cijene ru\u010dno ra\u0111ene proizvode.<\/p>\n<p><\/span><\/p>\n<\/div>\n<\/div>\n<div class=\"row\">\n<div class=\"col-sm-12\">\n<p><span style=\"color: #000000;\"> <\/p>\n<h3>Specifikacije proizvoda<\/h3>\n<p>Ribi\u0161ka boja je dekorativni predmet od drva koji imitira tradicionalne ribi\u010dke boje kori\u0161tene za ozna\u010davanje pozicija vr\u0161a u moru. Svaka boja je ru\u010dno izra\u0111ena i obojena, \u0161to je \u010dini unikatnom. <\/p>\n<p> Ove boje su savr\u0161ene za ukra\u0161avanje interijera i donose da\u0161ak nostalgije na stare ribarske dane. U na\u0161oj trgovini PAVIDECOR, svaki proizvod je rezultat ljubavi prema drvetu i prirodi, a svi su izra\u0111eni u Sloveniji. <\/p>\n<p>Meta Title: Ribi\u0161ka boja &#8211; Unikatni drveni dekor s du\u0161om pro\u0161losti<br \/>\n<\/span><\/p>\n<\/div>\n<\/div>\n<p><\/p>\n","protected":false},"excerpt":{"rendered":"<p><strong><span style=\"color: #c4963c;\">\u2192 Ru\u010dno<\/span><\/strong> <strong>izra\u0111ena<span style=\"color: #c4963c;\"><br \/>\n<\/span><span style=\"color: #c4963c;\">\u2192 jedinstvena<\/span><\/strong><\/p>\n","protected":false},"featured_media":17581,"comment_status":"open","ping_status":"closed","template":"","meta":[],"product_brand":[],"product_cat":[282],"product_tag":[218],"class_list":{"0":"post-17578","1":"product","2":"type-product","3":"status-publish","4":"has-post-thumbnail","6":"product_cat-plutace","7":"product_tag-nov","9":"first","10":"instock","11":"sold-individually","12":"taxable","13":"shipping-taxable","14":"purchasable","15":"product-type-simple"},"yoast_head":"<!-- This site is optimized with the Yoast SEO plugin v27.2 - https:\/\/yoast.com\/product\/yoast-seo-wordpress\/ -->\n<title>Ribi\u0161ka boja - Unikatni drveni dekor s du\u0161om pro\u0161losti Meta Keywords: ribi\u0161ka boja, drveni dekor, ru\u010dna izrada, unikatni proizvodi, morski dekor, PAVIDECOR, tradicija, nostalgija, Slovenija<\/title>\n<meta name=\"description\" content=\"Ribarske pluta\u010de danas su prekrasan nauti\u010dki dekor i nostalgi\u010dni suvenir, a nekada su ih ribari koristili za ozna\u010davanje polo\u017eaja vrha u moru.\" \/>\n<meta name=\"robots\" content=\"index, follow, max-snippet:-1, max-image-preview:large, max-video-preview:-1\" \/>\n<link rel=\"canonical\" href=\"https:\/\/pavidecor.si\/hr\/proizvod\/ribarska-plutaca-velika-5-25x9x9cm-2\/\" \/>\n<meta property=\"og:locale\" content=\"hr_HR\" \/>\n<meta property=\"og:type\" content=\"article\" \/>\n<meta property=\"og:title\" content=\"Ribi\u0161ka boja - Unikatni drveni dekor s du\u0161om pro\u0161losti Meta Keywords: ribi\u0161ka boja, drveni dekor, ru\u010dna izrada, unikatni proizvodi, morski dekor, PAVIDECOR, tradicija, nostalgija, Slovenija\" \/>\n<meta property=\"og:description\" content=\"Ribarske pluta\u010de danas su prekrasan nauti\u010dki dekor i nostalgi\u010dni suvenir, a nekada su ih ribari koristili za ozna\u010davanje polo\u017eaja vrha u moru.\" \/>\n<meta property=\"og:url\" content=\"https:\/\/pavidecor.si\/hr\/proizvod\/ribarska-plutaca-velika-5-25x9x9cm-2\/\" \/>\n<meta property=\"og:site_name\" content=\"Pavi Decor\" \/>\n<meta property=\"article:modified_time\" content=\"2026-05-13T06:11:22+00:00\" \/>\n<meta property=\"og:image\" content=\"https:\/\/pavidecor.si\/wp-content\/uploads\/2022\/07\/IMG_6084-2-scaled.jpg\" \/>\n\t<meta property=\"og:image:width\" content=\"2560\" \/>\n\t<meta property=\"og:image:height\" content=\"2560\" \/>\n\t<meta property=\"og:image:type\" content=\"image\/jpeg\" \/>\n<meta name=\"twitter:card\" content=\"summary_large_image\" \/>\n<meta name=\"twitter:label1\" content=\"Procijenjeno vrijeme \u010ditanja\" \/>\n\t<meta name=\"twitter:data1\" content=\"2 minute\" \/>\n<script type=\"application\/ld+json\" class=\"yoast-schema-graph\">{\"@context\":\"https:\/\/schema.org\",\"@graph\":[{\"@type\":\"WebPage\",\"@id\":\"https:\/\/pavidecor.si\/hr\/proizvod\/ribarska-plutaca-velika-5-25x9x9cm-2\/\",\"url\":\"https:\/\/pavidecor.si\/hr\/proizvod\/ribarska-plutaca-velika-5-25x9x9cm-2\/\",\"name\":\"Ribi\u0161ka boja - Unikatni drveni dekor s du\u0161om pro\u0161losti Meta Keywords: ribi\u0161ka boja, drveni dekor, ru\u010dna izrada, unikatni proizvodi, morski dekor, PAVIDECOR, tradicija, nostalgija, Slovenija\",\"isPartOf\":{\"@id\":\"https:\/\/pavidecor.si\/hr\/#website\"},\"primaryImageOfPage\":{\"@id\":\"https:\/\/pavidecor.si\/hr\/proizvod\/ribarska-plutaca-velika-5-25x9x9cm-2\/#primaryimage\"},\"image\":{\"@id\":\"https:\/\/pavidecor.si\/hr\/proizvod\/ribarska-plutaca-velika-5-25x9x9cm-2\/#primaryimage\"},\"thumbnailUrl\":\"https:\/\/pavidecor.si\/wp-content\/uploads\/2022\/07\/IMG_6084-2-scaled.jpg\",\"datePublished\":\"2022-07-25T10:21:42+00:00\",\"dateModified\":\"2026-05-13T06:11:22+00:00\",\"description\":\"Ribarske pluta\u010de danas su prekrasan nauti\u010dki dekor i nostalgi\u010dni suvenir, a nekada su ih ribari koristili za ozna\u010davanje polo\u017eaja vrha u moru.\",\"breadcrumb\":{\"@id\":\"https:\/\/pavidecor.si\/hr\/proizvod\/ribarska-plutaca-velika-5-25x9x9cm-2\/#breadcrumb\"},\"inLanguage\":\"hr\",\"potentialAction\":[{\"@type\":\"ReadAction\",\"target\":[\"https:\/\/pavidecor.si\/hr\/proizvod\/ribarska-plutaca-velika-5-25x9x9cm-2\/\"]}]},{\"@type\":\"ImageObject\",\"inLanguage\":\"hr\",\"@id\":\"https:\/\/pavidecor.si\/hr\/proizvod\/ribarska-plutaca-velika-5-25x9x9cm-2\/#primaryimage\",\"url\":\"https:\/\/pavidecor.si\/wp-content\/uploads\/2022\/07\/IMG_6084-2-scaled.jpg\",\"contentUrl\":\"https:\/\/pavidecor.si\/wp-content\/uploads\/2022\/07\/IMG_6084-2-scaled.jpg\",\"width\":2560,\"height\":2560,\"caption\":\"PAVI DECOR\"},{\"@type\":\"BreadcrumbList\",\"@id\":\"https:\/\/pavidecor.si\/hr\/proizvod\/ribarska-plutaca-velika-5-25x9x9cm-2\/#breadcrumb\",\"itemListElement\":[{\"@type\":\"ListItem\",\"position\":1,\"name\":\"Domov\",\"item\":\"https:\/\/pavidecor.si\/hr\/\"},{\"@type\":\"ListItem\",\"position\":2,\"name\":\"Internetska trgovina\",\"item\":\"https:\/\/pavidecor.si\/hr\/internetska-trgovina\/\"},{\"@type\":\"ListItem\",\"position\":3,\"name\":\"Ribarska pluta\u010da velika 5 25x9x9cm\"}]},{\"@type\":\"WebSite\",\"@id\":\"https:\/\/pavidecor.si\/hr\/#website\",\"url\":\"https:\/\/pavidecor.si\/hr\/\",\"name\":\"Pavi Decor\",\"description\":\"Leseni unikati ustvarjeni iz ljubezni do lesa in narave.\",\"potentialAction\":[{\"@type\":\"SearchAction\",\"target\":{\"@type\":\"EntryPoint\",\"urlTemplate\":\"https:\/\/pavidecor.si\/hr\/?s={search_term_string}\"},\"query-input\":{\"@type\":\"PropertyValueSpecification\",\"valueRequired\":true,\"valueName\":\"search_term_string\"}}],\"inLanguage\":\"hr\"}]}<\/script>\n<!-- \/ Yoast SEO plugin. -->","yoast_head_json":{"title":"Ribi\u0161ka boja - Unikatni drveni dekor s du\u0161om pro\u0161losti Meta Keywords: ribi\u0161ka boja, drveni dekor, ru\u010dna izrada, unikatni proizvodi, morski dekor, PAVIDECOR, tradicija, nostalgija, Slovenija","description":"Ribarske pluta\u010de danas su prekrasan nauti\u010dki dekor i nostalgi\u010dni suvenir, a nekada su ih ribari koristili za ozna\u010davanje polo\u017eaja vrha u moru.","robots":{"index":"index","follow":"follow","max-snippet":"max-snippet:-1","max-image-preview":"max-image-preview:large","max-video-preview":"max-video-preview:-1"},"canonical":"https:\/\/pavidecor.si\/hr\/proizvod\/ribarska-plutaca-velika-5-25x9x9cm-2\/","og_locale":"hr_HR","og_type":"article","og_title":"Ribi\u0161ka boja - Unikatni drveni dekor s du\u0161om pro\u0161losti Meta Keywords: ribi\u0161ka boja, drveni dekor, ru\u010dna izrada, unikatni proizvodi, morski dekor, PAVIDECOR, tradicija, nostalgija, Slovenija","og_description":"Ribarske pluta\u010de danas su prekrasan nauti\u010dki dekor i nostalgi\u010dni suvenir, a nekada su ih ribari koristili za ozna\u010davanje polo\u017eaja vrha u moru.","og_url":"https:\/\/pavidecor.si\/hr\/proizvod\/ribarska-plutaca-velika-5-25x9x9cm-2\/","og_site_name":"Pavi Decor","article_modified_time":"2026-05-13T06:11:22+00:00","og_image":[{"width":2560,"height":2560,"url":"https:\/\/pavidecor.si\/wp-content\/uploads\/2022\/07\/IMG_6084-2-scaled.jpg","type":"image\/jpeg"}],"twitter_card":"summary_large_image","twitter_misc":{"Procijenjeno vrijeme \u010ditanja":"2 minute"},"schema":{"@context":"https:\/\/schema.org","@graph":[{"@type":"WebPage","@id":"https:\/\/pavidecor.si\/hr\/proizvod\/ribarska-plutaca-velika-5-25x9x9cm-2\/","url":"https:\/\/pavidecor.si\/hr\/proizvod\/ribarska-plutaca-velika-5-25x9x9cm-2\/","name":"Ribi\u0161ka boja - Unikatni drveni dekor s du\u0161om pro\u0161losti Meta Keywords: ribi\u0161ka boja, drveni dekor, ru\u010dna izrada, unikatni proizvodi, morski dekor, PAVIDECOR, tradicija, nostalgija, Slovenija","isPartOf":{"@id":"https:\/\/pavidecor.si\/hr\/#website"},"primaryImageOfPage":{"@id":"https:\/\/pavidecor.si\/hr\/proizvod\/ribarska-plutaca-velika-5-25x9x9cm-2\/#primaryimage"},"image":{"@id":"https:\/\/pavidecor.si\/hr\/proizvod\/ribarska-plutaca-velika-5-25x9x9cm-2\/#primaryimage"},"thumbnailUrl":"https:\/\/pavidecor.si\/wp-content\/uploads\/2022\/07\/IMG_6084-2-scaled.jpg","datePublished":"2022-07-25T10:21:42+00:00","dateModified":"2026-05-13T06:11:22+00:00","description":"Ribarske pluta\u010de danas su prekrasan nauti\u010dki dekor i nostalgi\u010dni suvenir, a nekada su ih ribari koristili za ozna\u010davanje polo\u017eaja vrha u moru.","breadcrumb":{"@id":"https:\/\/pavidecor.si\/hr\/proizvod\/ribarska-plutaca-velika-5-25x9x9cm-2\/#breadcrumb"},"inLanguage":"hr","potentialAction":[{"@type":"ReadAction","target":["https:\/\/pavidecor.si\/hr\/proizvod\/ribarska-plutaca-velika-5-25x9x9cm-2\/"]}]},{"@type":"ImageObject","inLanguage":"hr","@id":"https:\/\/pavidecor.si\/hr\/proizvod\/ribarska-plutaca-velika-5-25x9x9cm-2\/#primaryimage","url":"https:\/\/pavidecor.si\/wp-content\/uploads\/2022\/07\/IMG_6084-2-scaled.jpg","contentUrl":"https:\/\/pavidecor.si\/wp-content\/uploads\/2022\/07\/IMG_6084-2-scaled.jpg","width":2560,"height":2560,"caption":"PAVI DECOR"},{"@type":"BreadcrumbList","@id":"https:\/\/pavidecor.si\/hr\/proizvod\/ribarska-plutaca-velika-5-25x9x9cm-2\/#breadcrumb","itemListElement":[{"@type":"ListItem","position":1,"name":"Domov","item":"https:\/\/pavidecor.si\/hr\/"},{"@type":"ListItem","position":2,"name":"Internetska trgovina","item":"https:\/\/pavidecor.si\/hr\/internetska-trgovina\/"},{"@type":"ListItem","position":3,"name":"Ribarska pluta\u010da velika 5 25x9x9cm"}]},{"@type":"WebSite","@id":"https:\/\/pavidecor.si\/hr\/#website","url":"https:\/\/pavidecor.si\/hr\/","name":"Pavi Decor","description":"Leseni unikati ustvarjeni iz ljubezni do lesa in narave.","potentialAction":[{"@type":"SearchAction","target":{"@type":"EntryPoint","urlTemplate":"https:\/\/pavidecor.si\/hr\/?s={search_term_string}"},"query-input":{"@type":"PropertyValueSpecification","valueRequired":true,"valueName":"search_term_string"}}],"inLanguage":"hr"}]}},"_links":{"self":[{"href":"https:\/\/pavidecor.si\/hr\/wp-json\/wp\/v2\/product\/17578","targetHints":{"allow":["GET"]}}],"collection":[{"href":"https:\/\/pavidecor.si\/hr\/wp-json\/wp\/v2\/product"}],"about":[{"href":"https:\/\/pavidecor.si\/hr\/wp-json\/wp\/v2\/types\/product"}],"replies":[{"embeddable":true,"href":"https:\/\/pavidecor.si\/hr\/wp-json\/wp\/v2\/comments?post=17578"}],"wp:featuredmedia":[{"embeddable":true,"href":"https:\/\/pavidecor.si\/hr\/wp-json\/wp\/v2\/media\/17581"}],"wp:attachment":[{"href":"https:\/\/pavidecor.si\/hr\/wp-json\/wp\/v2\/media?parent=17578"}],"wp:term":[{"taxonomy":"product_brand","embeddable":true,"href":"https:\/\/pavidecor.si\/hr\/wp-json\/wp\/v2\/product_brand?post=17578"},{"taxonomy":"product_cat","embeddable":true,"href":"https:\/\/pavidecor.si\/hr\/wp-json\/wp\/v2\/product_cat?post=17578"},{"taxonomy":"product_tag","embeddable":true,"href":"https:\/\/pavidecor.si\/hr\/wp-json\/wp\/v2\/product_tag?post=17578"}],"curies":[{"name":"wp","href":"https:\/\/api.w.org\/{rel}","templated":true}]}}