	{"id":17549,"date":"2022-07-25T10:46:52","date_gmt":"2022-07-25T10:46:52","guid":{"rendered":"https:\/\/pavidecor.si\/product\/plutaca-za-ribolov-velika-0-25x9x9cm-2\/"},"modified":"2026-04-22T17:03:42","modified_gmt":"2026-04-22T17:03:42","slug":"plutaca-za-ribolov-velika-0-25x9x9cm-2","status":"publish","type":"product","link":"https:\/\/pavidecor.si\/hr\/proizvod\/plutaca-za-ribolov-velika-0-25x9x9cm-2\/","title":{"rendered":"Pluta\u010da za ribolov velika 0 25x9x9cm"},"content":{"rendered":"<p><span class=\"prvimanjsinaslovopis\"> Ribi\u0161ka boja &#8211; Unikatni drveni dekor s du\u0161om pro\u0161losti<\/p>\n<p><\/span><\/p>\n<h2><span class=\"odebeljenopis\"><strong> Ribi\u0161ka boja je vi\u0161e od obi\u010dnog dekorativnog predmeta; ona nosi pri\u010du o pro\u0161lim vremenima i tradiciji ribolova. Ovaj jedinstveni drveni komad, izra\u0111en s ljubavlju i pa\u017enjom, savr\u0161eno \u0107e obogatiti svaki prostor, donose\u0107i da\u0161ak nostalgije i povezanosti s prirodom. U PAVIDECOR-u iz Ljubljane, svaki komad je rezultat strasti prema drvetu i prirodi.<\/p>\n<p><\/strong><\/span><\/h2>\n<\/p>\n<div class=\"row\">\n<div class=\"col-sm-6 \" style=\"margin-top: 30px;\"><center><img decoding=\"async\" src=\"data:image\/svg+xml,%3Csvg%20xmlns%3D%27http%3A%2F%2Fwww.w3.org%2F2000%2Fsvg%27%20width%3D%272560%27%20height%3D%272560%27%20viewBox%3D%270%200%202560%202560%27%3E%3Crect%20width%3D%272560%27%20height%3D%272560%27%20fill-opacity%3D%220%22%2F%3E%3C%2Fsvg%3E\" data-orig-src=\"https:\/\/pavidecor.si\/wp-content\/uploads\/2022\/07\/IMG_6087-2-scaled.jpg\" class=\"lazyload img-responsive\" style=\"margin: 0px auto;max-width:100%;\"  \/><\/center><\/div>\n<div class=\"col-sm-6\" style=\"margin-top:40px;\">\n<p><span style=\"color: #000000;\"> <\/p>\n<h3>Ru\u010dna izrada i autenti\u010dnost<\/h3>\n<p>Svaka ribi\u0161ka boja iz na\u0161e ponude je <b>ru\u010dno izra\u0111ena<\/b>, \u0161to je \u010dini jedinstvenom i neponovljivom. Na\u0161i majstori koriste tradicionalne tehnike spajanja drvenih dijelova, inspirirane starim majstorima, kako bi stvorili proizvode koji izgledaju kao autenti\u010dni komadi pro\u0161losti. Ova pa\u017enja prema detaljima ne samo da osigurava kvalitetu, ve\u0107 i dodaje posebnu vrijednost svakom komadu. U PAVIDECOR-u vjerujemo da je svaki drveni proizvod odraz na\u0161e strasti prema prirodi i drvetu, a ribi\u0161ka boja nije iznimka. Ovaj dekorativni predmet savr\u0161eno se uklapa u svaki interijer, bilo da se radi o morskom ambijentu ili modernom stanu.<\/p>\n<p><\/span><\/p>\n<\/div>\n<\/div>\n<div class=\"row\">\n<div class=\"col-sm-6 col-sm-push-6\" style=\"margin-top: 30px;\"><center><img decoding=\"async\" src=\"data:image\/svg+xml,%3Csvg%20xmlns%3D%27http%3A%2F%2Fwww.w3.org%2F2000%2Fsvg%27%20width%3D%272560%27%20height%3D%272560%27%20viewBox%3D%270%200%202560%202560%27%3E%3Crect%20width%3D%272560%27%20height%3D%272560%27%20fill-opacity%3D%220%22%2F%3E%3C%2Fsvg%3E\" data-orig-src=\" https:\/\/pavidecor.si\/wp-content\/uploads\/2022\/07\/IMG_6088-2-scaled.jpg\" class=\"lazyload img-responsive\" style=\"margin: 0px auto;max-width:100%;\"  \/><\/center><\/div>\n<div class=\"col-sm-6 col-sm-pull-6\" style=\"margin-top:40px;\">\n<p><span style=\"color: #000000;\"> <\/p>\n<h3>Nostalgi\u010dni dekor za svaki prostor<\/h3>\n<p>Ribi\u0161ka boja nije samo dekor; ona je simbol tradicije i povezanosti s morem. Ove boje su nekada slu\u017eile ribi\u010dima za ozna\u010davanje pozicija vr\u0161a, a danas su postale popularan izbor za dekoraciju. Svaka boja ima svoje jedinstvene boje i uzorke, \u0161to ih \u010dini savr\u0161enim dodatkom za svaki dom. U PAVIDECOR-u, svaka ribi\u0161ka boja je pa\u017eljivo osmi\u0161ljena kako bi zadr\u017eala duh starih vremena, a istovremeno se uklopila u moderni stil. Ovaj proizvod ne samo da \u0107e obogatiti va\u0161 prostor, ve\u0107 \u0107e i potaknuti razgovore i uspomene na pro\u0161lost.<\/p>\n<p><\/span><\/p>\n<\/div>\n<\/div>\n<div class=\"row\">\n<div class=\"col-sm-12\">\n<p><span style=\"color: #000000;\"> <\/p>\n<h3>Specifikacije i informacije o proizvodu<\/h3>\n<p>Ribi\u0161ka boja je dekorativni predmet izra\u0111en od kvalitetnog drva, s pa\u017enjom na svaki detalj. Svaka boja je <b>ru\u010dno oslikana<\/b> i jedinstvena, \u0161to zna\u010di da ne postoje dva identi\u010dna komada. Ovaj proizvod je savr\u0161en za ljubitelje prirode i one koji cijene ru\u010dnu izradu. U na\u0161oj trgovini PAVIDECOR, ponosni smo na to \u0161to svi na\u0161i proizvodi dolaze iz Slovenije, a svaki komad nosi sa sobom duh na\u0161eg doma. Ribi\u0161ka boja \u0107e dodati da\u0161ak elegancije i nostalgije svakom prostoru, a mo\u017eete je prona\u0107i i u na\u0161em morskom ambijentu.<\/p>\n<p>Meta Title: Ribi\u0161ka boja &#8211; Unikatni drveni dekor s du\u0161om pro\u0161losti<br \/>\n<\/span><\/p>\n<\/div>\n<\/div>\n<p><\/p>\n","protected":false},"excerpt":{"rendered":"<p><strong><span style=\"color: #c4963c;\">\u2192 Ru\u010dno<\/span><\/strong> <strong>izra\u0111ena<span style=\"color: #c4963c;\"><br \/>\n<\/span><span style=\"color: #c4963c;\">\u2192 jedinstvena<\/span><\/strong><\/p>\n","protected":false},"featured_media":17555,"comment_status":"open","ping_status":"closed","template":"","meta":[],"product_brand":[],"product_cat":[282],"product_tag":[218],"class_list":{"0":"post-17549","1":"product","2":"type-product","3":"status-publish","4":"has-post-thumbnail","6":"product_cat-plutace","7":"product_tag-nov","9":"first","10":"instock","11":"sold-individually","12":"taxable","13":"shipping-taxable","14":"purchasable","15":"product-type-simple"},"yoast_head":"<!-- This site is optimized with the Yoast SEO plugin v27.2 - https:\/\/yoast.com\/product\/yoast-seo-wordpress\/ -->\n<title>Ribi\u0161ka boja - Unikatni drveni dekor s du\u0161om pro\u0161losti Meta Keywords: ribi\u0161ka boja, drveni dekor, ru\u010dna izrada, unikatni proizvodi, morski ambijent, PAVIDECOR, nostalgija, tradicija ribolova, dekoracija doma<\/title>\n<meta name=\"description\" content=\"Ribarske pluta\u010de danas su prekrasan nauti\u010dki dekor i nostalgi\u010dni suvenir, a nekada su ih ribari koristili za ozna\u010davanje polo\u017eaja vrha u moru.\" \/>\n<meta name=\"robots\" content=\"index, follow, max-snippet:-1, max-image-preview:large, max-video-preview:-1\" \/>\n<link rel=\"canonical\" href=\"https:\/\/pavidecor.si\/hr\/proizvod\/plutaca-za-ribolov-velika-0-25x9x9cm-2\/\" \/>\n<meta property=\"og:locale\" content=\"hr_HR\" \/>\n<meta property=\"og:type\" content=\"article\" \/>\n<meta property=\"og:title\" content=\"Ribi\u0161ka boja - Unikatni drveni dekor s du\u0161om pro\u0161losti Meta Keywords: ribi\u0161ka boja, drveni dekor, ru\u010dna izrada, unikatni proizvodi, morski ambijent, PAVIDECOR, nostalgija, tradicija ribolova, dekoracija doma\" \/>\n<meta property=\"og:description\" content=\"Ribarske pluta\u010de danas su prekrasan nauti\u010dki dekor i nostalgi\u010dni suvenir, a nekada su ih ribari koristili za ozna\u010davanje polo\u017eaja vrha u moru.\" \/>\n<meta property=\"og:url\" content=\"https:\/\/pavidecor.si\/hr\/proizvod\/plutaca-za-ribolov-velika-0-25x9x9cm-2\/\" \/>\n<meta property=\"og:site_name\" content=\"Pavi Decor\" \/>\n<meta property=\"article:modified_time\" content=\"2026-04-22T17:03:42+00:00\" \/>\n<meta property=\"og:image\" content=\"https:\/\/pavidecor.si\/wp-content\/uploads\/2022\/07\/IMG_6087-2-scaled.jpg\" \/>\n\t<meta property=\"og:image:width\" content=\"2560\" \/>\n\t<meta property=\"og:image:height\" content=\"2560\" \/>\n\t<meta property=\"og:image:type\" content=\"image\/jpeg\" \/>\n<meta name=\"twitter:card\" content=\"summary_large_image\" \/>\n<meta name=\"twitter:label1\" content=\"Procijenjeno vrijeme \u010ditanja\" \/>\n\t<meta name=\"twitter:data1\" content=\"2 minute\" \/>\n<script type=\"application\/ld+json\" class=\"yoast-schema-graph\">{\"@context\":\"https:\/\/schema.org\",\"@graph\":[{\"@type\":\"WebPage\",\"@id\":\"https:\/\/pavidecor.si\/hr\/proizvod\/plutaca-za-ribolov-velika-0-25x9x9cm-2\/\",\"url\":\"https:\/\/pavidecor.si\/hr\/proizvod\/plutaca-za-ribolov-velika-0-25x9x9cm-2\/\",\"name\":\"Ribi\u0161ka boja - Unikatni drveni dekor s du\u0161om pro\u0161losti Meta Keywords: ribi\u0161ka boja, drveni dekor, ru\u010dna izrada, unikatni proizvodi, morski ambijent, PAVIDECOR, nostalgija, tradicija ribolova, dekoracija doma\",\"isPartOf\":{\"@id\":\"https:\/\/pavidecor.si\/hr\/#website\"},\"primaryImageOfPage\":{\"@id\":\"https:\/\/pavidecor.si\/hr\/proizvod\/plutaca-za-ribolov-velika-0-25x9x9cm-2\/#primaryimage\"},\"image\":{\"@id\":\"https:\/\/pavidecor.si\/hr\/proizvod\/plutaca-za-ribolov-velika-0-25x9x9cm-2\/#primaryimage\"},\"thumbnailUrl\":\"https:\/\/pavidecor.si\/wp-content\/uploads\/2022\/07\/IMG_6087-2-scaled.jpg\",\"datePublished\":\"2022-07-25T10:46:52+00:00\",\"dateModified\":\"2026-04-22T17:03:42+00:00\",\"description\":\"Ribarske pluta\u010de danas su prekrasan nauti\u010dki dekor i nostalgi\u010dni suvenir, a nekada su ih ribari koristili za ozna\u010davanje polo\u017eaja vrha u moru.\",\"breadcrumb\":{\"@id\":\"https:\/\/pavidecor.si\/hr\/proizvod\/plutaca-za-ribolov-velika-0-25x9x9cm-2\/#breadcrumb\"},\"inLanguage\":\"hr\",\"potentialAction\":[{\"@type\":\"ReadAction\",\"target\":[\"https:\/\/pavidecor.si\/hr\/proizvod\/plutaca-za-ribolov-velika-0-25x9x9cm-2\/\"]}]},{\"@type\":\"ImageObject\",\"inLanguage\":\"hr\",\"@id\":\"https:\/\/pavidecor.si\/hr\/proizvod\/plutaca-za-ribolov-velika-0-25x9x9cm-2\/#primaryimage\",\"url\":\"https:\/\/pavidecor.si\/wp-content\/uploads\/2022\/07\/IMG_6087-2-scaled.jpg\",\"contentUrl\":\"https:\/\/pavidecor.si\/wp-content\/uploads\/2022\/07\/IMG_6087-2-scaled.jpg\",\"width\":2560,\"height\":2560,\"caption\":\"PAVI DECOR\"},{\"@type\":\"BreadcrumbList\",\"@id\":\"https:\/\/pavidecor.si\/hr\/proizvod\/plutaca-za-ribolov-velika-0-25x9x9cm-2\/#breadcrumb\",\"itemListElement\":[{\"@type\":\"ListItem\",\"position\":1,\"name\":\"Domov\",\"item\":\"https:\/\/pavidecor.si\/hr\/\"},{\"@type\":\"ListItem\",\"position\":2,\"name\":\"Internetska trgovina\",\"item\":\"https:\/\/pavidecor.si\/hr\/internetska-trgovina\/\"},{\"@type\":\"ListItem\",\"position\":3,\"name\":\"Pluta\u010da za ribolov velika 0 25x9x9cm\"}]},{\"@type\":\"WebSite\",\"@id\":\"https:\/\/pavidecor.si\/hr\/#website\",\"url\":\"https:\/\/pavidecor.si\/hr\/\",\"name\":\"Pavi Decor\",\"description\":\"Leseni unikati ustvarjeni iz ljubezni do lesa in narave.\",\"potentialAction\":[{\"@type\":\"SearchAction\",\"target\":{\"@type\":\"EntryPoint\",\"urlTemplate\":\"https:\/\/pavidecor.si\/hr\/?s={search_term_string}\"},\"query-input\":{\"@type\":\"PropertyValueSpecification\",\"valueRequired\":true,\"valueName\":\"search_term_string\"}}],\"inLanguage\":\"hr\"}]}<\/script>\n<!-- \/ Yoast SEO plugin. -->","yoast_head_json":{"title":"Ribi\u0161ka boja - Unikatni drveni dekor s du\u0161om pro\u0161losti Meta Keywords: ribi\u0161ka boja, drveni dekor, ru\u010dna izrada, unikatni proizvodi, morski ambijent, PAVIDECOR, nostalgija, tradicija ribolova, dekoracija doma","description":"Ribarske pluta\u010de danas su prekrasan nauti\u010dki dekor i nostalgi\u010dni suvenir, a nekada su ih ribari koristili za ozna\u010davanje polo\u017eaja vrha u moru.","robots":{"index":"index","follow":"follow","max-snippet":"max-snippet:-1","max-image-preview":"max-image-preview:large","max-video-preview":"max-video-preview:-1"},"canonical":"https:\/\/pavidecor.si\/hr\/proizvod\/plutaca-za-ribolov-velika-0-25x9x9cm-2\/","og_locale":"hr_HR","og_type":"article","og_title":"Ribi\u0161ka boja - Unikatni drveni dekor s du\u0161om pro\u0161losti Meta Keywords: ribi\u0161ka boja, drveni dekor, ru\u010dna izrada, unikatni proizvodi, morski ambijent, PAVIDECOR, nostalgija, tradicija ribolova, dekoracija doma","og_description":"Ribarske pluta\u010de danas su prekrasan nauti\u010dki dekor i nostalgi\u010dni suvenir, a nekada su ih ribari koristili za ozna\u010davanje polo\u017eaja vrha u moru.","og_url":"https:\/\/pavidecor.si\/hr\/proizvod\/plutaca-za-ribolov-velika-0-25x9x9cm-2\/","og_site_name":"Pavi Decor","article_modified_time":"2026-04-22T17:03:42+00:00","og_image":[{"width":2560,"height":2560,"url":"https:\/\/pavidecor.si\/wp-content\/uploads\/2022\/07\/IMG_6087-2-scaled.jpg","type":"image\/jpeg"}],"twitter_card":"summary_large_image","twitter_misc":{"Procijenjeno vrijeme \u010ditanja":"2 minute"},"schema":{"@context":"https:\/\/schema.org","@graph":[{"@type":"WebPage","@id":"https:\/\/pavidecor.si\/hr\/proizvod\/plutaca-za-ribolov-velika-0-25x9x9cm-2\/","url":"https:\/\/pavidecor.si\/hr\/proizvod\/plutaca-za-ribolov-velika-0-25x9x9cm-2\/","name":"Ribi\u0161ka boja - Unikatni drveni dekor s du\u0161om pro\u0161losti Meta Keywords: ribi\u0161ka boja, drveni dekor, ru\u010dna izrada, unikatni proizvodi, morski ambijent, PAVIDECOR, nostalgija, tradicija ribolova, dekoracija doma","isPartOf":{"@id":"https:\/\/pavidecor.si\/hr\/#website"},"primaryImageOfPage":{"@id":"https:\/\/pavidecor.si\/hr\/proizvod\/plutaca-za-ribolov-velika-0-25x9x9cm-2\/#primaryimage"},"image":{"@id":"https:\/\/pavidecor.si\/hr\/proizvod\/plutaca-za-ribolov-velika-0-25x9x9cm-2\/#primaryimage"},"thumbnailUrl":"https:\/\/pavidecor.si\/wp-content\/uploads\/2022\/07\/IMG_6087-2-scaled.jpg","datePublished":"2022-07-25T10:46:52+00:00","dateModified":"2026-04-22T17:03:42+00:00","description":"Ribarske pluta\u010de danas su prekrasan nauti\u010dki dekor i nostalgi\u010dni suvenir, a nekada su ih ribari koristili za ozna\u010davanje polo\u017eaja vrha u moru.","breadcrumb":{"@id":"https:\/\/pavidecor.si\/hr\/proizvod\/plutaca-za-ribolov-velika-0-25x9x9cm-2\/#breadcrumb"},"inLanguage":"hr","potentialAction":[{"@type":"ReadAction","target":["https:\/\/pavidecor.si\/hr\/proizvod\/plutaca-za-ribolov-velika-0-25x9x9cm-2\/"]}]},{"@type":"ImageObject","inLanguage":"hr","@id":"https:\/\/pavidecor.si\/hr\/proizvod\/plutaca-za-ribolov-velika-0-25x9x9cm-2\/#primaryimage","url":"https:\/\/pavidecor.si\/wp-content\/uploads\/2022\/07\/IMG_6087-2-scaled.jpg","contentUrl":"https:\/\/pavidecor.si\/wp-content\/uploads\/2022\/07\/IMG_6087-2-scaled.jpg","width":2560,"height":2560,"caption":"PAVI DECOR"},{"@type":"BreadcrumbList","@id":"https:\/\/pavidecor.si\/hr\/proizvod\/plutaca-za-ribolov-velika-0-25x9x9cm-2\/#breadcrumb","itemListElement":[{"@type":"ListItem","position":1,"name":"Domov","item":"https:\/\/pavidecor.si\/hr\/"},{"@type":"ListItem","position":2,"name":"Internetska trgovina","item":"https:\/\/pavidecor.si\/hr\/internetska-trgovina\/"},{"@type":"ListItem","position":3,"name":"Pluta\u010da za ribolov velika 0 25x9x9cm"}]},{"@type":"WebSite","@id":"https:\/\/pavidecor.si\/hr\/#website","url":"https:\/\/pavidecor.si\/hr\/","name":"Pavi Decor","description":"Leseni unikati ustvarjeni iz ljubezni do lesa in narave.","potentialAction":[{"@type":"SearchAction","target":{"@type":"EntryPoint","urlTemplate":"https:\/\/pavidecor.si\/hr\/?s={search_term_string}"},"query-input":{"@type":"PropertyValueSpecification","valueRequired":true,"valueName":"search_term_string"}}],"inLanguage":"hr"}]}},"_links":{"self":[{"href":"https:\/\/pavidecor.si\/hr\/wp-json\/wp\/v2\/product\/17549","targetHints":{"allow":["GET"]}}],"collection":[{"href":"https:\/\/pavidecor.si\/hr\/wp-json\/wp\/v2\/product"}],"about":[{"href":"https:\/\/pavidecor.si\/hr\/wp-json\/wp\/v2\/types\/product"}],"replies":[{"embeddable":true,"href":"https:\/\/pavidecor.si\/hr\/wp-json\/wp\/v2\/comments?post=17549"}],"wp:featuredmedia":[{"embeddable":true,"href":"https:\/\/pavidecor.si\/hr\/wp-json\/wp\/v2\/media\/17555"}],"wp:attachment":[{"href":"https:\/\/pavidecor.si\/hr\/wp-json\/wp\/v2\/media?parent=17549"}],"wp:term":[{"taxonomy":"product_brand","embeddable":true,"href":"https:\/\/pavidecor.si\/hr\/wp-json\/wp\/v2\/product_brand?post=17549"},{"taxonomy":"product_cat","embeddable":true,"href":"https:\/\/pavidecor.si\/hr\/wp-json\/wp\/v2\/product_cat?post=17549"},{"taxonomy":"product_tag","embeddable":true,"href":"https:\/\/pavidecor.si\/hr\/wp-json\/wp\/v2\/product_tag?post=17549"}],"curies":[{"name":"wp","href":"https:\/\/api.w.org\/{rel}","templated":true}]}}