	{"id":17481,"date":"2022-07-27T09:17:44","date_gmt":"2022-07-27T09:17:44","guid":{"rendered":"https:\/\/pavidecor.si\/product\/plutaca-za-ribolov-velicine-9-25x9x9cm\/"},"modified":"2026-05-15T12:09:41","modified_gmt":"2026-05-15T12:09:41","slug":"plutaca-za-ribolov-velicine-9-25x9x9cm","status":"publish","type":"product","link":"https:\/\/pavidecor.si\/hr\/proizvod\/plutaca-za-ribolov-velicine-9-25x9x9cm\/","title":{"rendered":"Pluta\u010da za ribolov velika 9 25x9x9cm"},"content":{"rendered":"<p><span class=\"prvimanjsinaslovopis\">Pluta\u010da za ribolov &#8211; Unikatni drveni dekor s du\u0161om pro\u0161losti<\/span><\/p>\n<p>&nbsp;<\/p>\n<h2><span class=\"odebeljenopis\"><strong> Ribarska boja je vi\u0161e od obi\u010dnog dekorativnog predmeta; ona nosi pri\u010du o pro\u0161lim vremenima i tradiciji ribolova. Ovaj jedinstveni drveni komad, izra\u0111en s ljubavlju i pa\u017enjom, donosi da\u0161ak nostalgije u svaki prostor. U PAVI DECOR-u iz Ljubljane, svaki komad je rezultat strasti prema drvetu i prirodi, stvaraju\u0107i tako autenti\u010dne i neponovljive proizvode.<\/strong><\/span><\/h2>\n<p>&nbsp;<\/p>\n<div class=\"row\">\n<div class=\"col-sm-6 \" style=\"margin-top: 30px;\"><center><img decoding=\"async\" class=\"lazyload img-responsive\" style=\"margin: 0px auto; max-width: 100%;\" src=\"data:image\/svg+xml,%3Csvg%20xmlns%3D%27http%3A%2F%2Fwww.w3.org%2F2000%2Fsvg%27%20width%3D%272560%27%20height%3D%272560%27%20viewBox%3D%270%200%202560%202560%27%3E%3Crect%20width%3D%272560%27%20height%3D%272560%27%20fill-opacity%3D%220%22%2F%3E%3C%2Fsvg%3E\" data-orig-src=\"https:\/\/pavidecor.si\/wp-content\/uploads\/2022\/07\/IMG_6091-2-scaled.jpg\" \/><\/center><\/div>\n<div class=\"col-sm-6\" style=\"margin-top: 40px;\">\n<p>&nbsp;<\/p>\n<h3>Pluta\u010da za ribolov &#8211; Simbol tradicije<\/h3>\n<p>Pluta\u010da za ribolov, poznata i kao &#8220;Lobster buoy&#8221;, nekada je bila klju\u010dni alat ribara za ozna\u010davanje pozicija vr\u0161a u moru. Svaki ribar imao je svoje jedinstvene boje i uzorke, \u0161to je omogu\u0107avalo lako prepoznavanje njihovih mre\u017ea. Danas, iako se vi\u0161e ne koriste u ribolovu, ribarske boje postale su <strong>popularan dekorativni element koji evocira uspomene na stara vremena.<\/strong><\/p>\n<p>&nbsp;<\/p>\n<p>U PAVI DECOR-u, svaka ribarska boja izra\u0111ena je ru\u010dno, s posebnim naglaskom na detalje. Na\u0161i majstori koriste tradicionalne tehnike spajanja drvenih dijelova, \u0161to rezultira <strong>autenti\u010dnim izgledom koji \u0107e obogatiti svaki interijer<\/strong>. Ove boje ne samo da su estetski privla\u010dne, ve\u0107 i pri\u010daju pri\u010du o ljubavi prema prirodi i drvetu.<\/p>\n<p>&nbsp;<\/p>\n<\/div>\n<\/div>\n<div class=\"row\">\n<div class=\"col-sm-6 col-sm-push-6\" style=\"margin-top: 30px;\"><center><img decoding=\"async\" class=\"lazyload img-responsive\" style=\"margin: 0px auto; max-width: 100%;\" src=\"data:image\/svg+xml,%3Csvg%20xmlns%3D%27http%3A%2F%2Fwww.w3.org%2F2000%2Fsvg%27%20width%3D%272560%27%20height%3D%272560%27%20viewBox%3D%270%200%202560%202560%27%3E%3Crect%20width%3D%272560%27%20height%3D%272560%27%20fill-opacity%3D%220%22%2F%3E%3C%2Fsvg%3E\" data-orig-src=\" https:\/\/pavidecor.si\/wp-content\/uploads\/2022\/07\/IMG_6092-2-scaled.jpg\" \/><\/center><\/div>\n<div class=\"col-sm-6 col-sm-pull-6\" style=\"margin-top: 40px;\">\n<p>&nbsp;<\/p>\n<h3>Unikatnost i ru\u010dna izrada<\/h3>\n<p>Svaka ribarska boja iz na\u0161e ponude je jedinstvena. Ru\u010dna izrada osigurava da nijedna boja nije identi\u010dna drugoj, \u0161to ih \u010dini savr\u0161enim dodatkom za svaki dom ili poslovni prostor. Na\u0161i proizvodi su rezultat vlastitog znanja i kreativnosti, a <strong>svaki komad nosi pe\u010dat strasti prema drvetu<\/strong>.<\/p>\n<p>&nbsp;<\/p>\n<p>Osim \u0161to su savr\u0161eni za unutarnje prostore, ribarske boje mogu se koristiti i u <strong><span style=\"color: #3366ff;\">morskom ambijentu<\/span><\/strong>, dodaju\u0107i da\u0161ak mediteranskog \u0161arma. Njihova raznolika paleta boja i uzoraka omogu\u0107ava vam da ih lako uklopite u bilo koji stil ure\u0111enja. Ove boje su vi\u0161e od dekoracije; one su simbol povezanosti s prirodom i tradicijom.<\/p>\n<p>&nbsp;<\/p>\n<\/div>\n<\/div>\n<div class=\"row\">\n<div class=\"col-sm-12\">\n<p>&nbsp;<\/p>\n<h3>Specifikacije i informacije o proizvodu<\/h3>\n<p>Pluta\u010da za ribolov je izra\u0111ena od visokokvalitetnog drva, <strong>pa\u017eljivo obra\u0111ena i obojena ekolo\u0161kim bojama<\/strong>. Njena dimenzija je prilago\u0111ena tako da se lako uklopi u razli\u010dite prostore, a istovremeno zadr\u017ei svoj autenti\u010dni izgled. Ovaj proizvod je savr\u0161en poklon za ljubitelje ribolova, prirode ili jednostavno za one koji \u017eele dodati malo karaktera svom domu.<\/p>\n<p>&nbsp;<\/p>\n<p>U PAVI DECOR-u, ponosni smo na na\u0161u tradiciju ru\u010dne izrade i posve\u0107enost kvaliteti. Svaka pluta\u010da za ribolov je rezultat pa\u017eljivog rada i ljubavi prema drvetu, \u0161to je \u010dini <strong>savr\u0161enim dodatkom za svaki dom<\/strong>. Posjetite nas u Ljubljani i otkrijte na\u0161u ponudu unikatnih drvenih proizvoda koji \u0107e obogatiti va\u0161 prostor.<\/p>\n<p>&nbsp;<\/p>\n<\/div>\n<\/div>\n<p>&nbsp;<\/p>\n","protected":false},"excerpt":{"rendered":"<p><strong><span style=\"color: #c4963c;\">\u2192 Ru\u010dni rad<\/span><\/strong><strong><span style=\"color: #c4963c;\"><br \/>\n<\/span><span style=\"color: #c4963c;\">\u2192 Jedinstvena<\/span><\/strong><\/p>\n","protected":false},"featured_media":17483,"comment_status":"open","ping_status":"closed","template":"","meta":[],"product_brand":[],"product_cat":[282],"product_tag":[253,218],"class_list":{"0":"post-17481","1":"product","2":"type-product","3":"status-publish","4":"has-post-thumbnail","6":"product_cat-plutace","7":"product_tag-akcija-hr","8":"product_tag-nov","10":"first","11":"instock","12":"sale","13":"sold-individually","14":"taxable","15":"shipping-taxable","16":"purchasable","17":"product-type-simple"},"yoast_head":"<!-- This site is optimized with the Yoast SEO plugin v27.2 - https:\/\/yoast.com\/product\/yoast-seo-wordpress\/ -->\n<title>Pluta\u010da za ribolov - Unikatni drveni dekor s du\u0161om pro\u0161losti<\/title>\n<meta name=\"description\" content=\"Pluta\u010da za ribolov danas je prekrasan nauti\u010dki dekor i nostalgi\u010dni suvenir, a nekada su ih ribari koristili za ozna\u010davanje polo\u017eaja vr\u0161a u moru.\" \/>\n<meta name=\"robots\" content=\"index, follow, max-snippet:-1, max-image-preview:large, max-video-preview:-1\" \/>\n<link rel=\"canonical\" href=\"https:\/\/pavidecor.si\/hr\/proizvod\/plutaca-za-ribolov-velicine-9-25x9x9cm\/\" \/>\n<meta property=\"og:locale\" content=\"hr_HR\" \/>\n<meta property=\"og:type\" content=\"article\" \/>\n<meta property=\"og:title\" content=\"Pluta\u010da za ribolov - Unikatni drveni dekor s du\u0161om pro\u0161losti\" \/>\n<meta property=\"og:description\" content=\"Pluta\u010da za ribolov danas je prekrasan nauti\u010dki dekor i nostalgi\u010dni suvenir, a nekada su ih ribari koristili za ozna\u010davanje polo\u017eaja vr\u0161a u moru.\" \/>\n<meta property=\"og:url\" content=\"https:\/\/pavidecor.si\/hr\/proizvod\/plutaca-za-ribolov-velicine-9-25x9x9cm\/\" \/>\n<meta property=\"og:site_name\" content=\"Pavi Decor\" \/>\n<meta property=\"article:modified_time\" content=\"2026-05-15T12:09:41+00:00\" \/>\n<meta property=\"og:image\" content=\"https:\/\/pavidecor.si\/wp-content\/uploads\/2022\/07\/IMG_6091-2-scaled.jpg\" \/>\n\t<meta property=\"og:image:width\" content=\"2560\" \/>\n\t<meta property=\"og:image:height\" content=\"2560\" \/>\n\t<meta property=\"og:image:type\" content=\"image\/jpeg\" \/>\n<meta name=\"twitter:card\" content=\"summary_large_image\" \/>\n<meta name=\"twitter:label1\" content=\"Procijenjeno vrijeme \u010ditanja\" \/>\n\t<meta name=\"twitter:data1\" content=\"3 minute\" \/>\n<script type=\"application\/ld+json\" class=\"yoast-schema-graph\">{\"@context\":\"https:\/\/schema.org\",\"@graph\":[{\"@type\":\"WebPage\",\"@id\":\"https:\/\/pavidecor.si\/hr\/proizvod\/plutaca-za-ribolov-velicine-9-25x9x9cm\/\",\"url\":\"https:\/\/pavidecor.si\/hr\/proizvod\/plutaca-za-ribolov-velicine-9-25x9x9cm\/\",\"name\":\"Pluta\u010da za ribolov - Unikatni drveni dekor s du\u0161om pro\u0161losti\",\"isPartOf\":{\"@id\":\"https:\/\/pavidecor.si\/hr\/#website\"},\"primaryImageOfPage\":{\"@id\":\"https:\/\/pavidecor.si\/hr\/proizvod\/plutaca-za-ribolov-velicine-9-25x9x9cm\/#primaryimage\"},\"image\":{\"@id\":\"https:\/\/pavidecor.si\/hr\/proizvod\/plutaca-za-ribolov-velicine-9-25x9x9cm\/#primaryimage\"},\"thumbnailUrl\":\"https:\/\/pavidecor.si\/wp-content\/uploads\/2022\/07\/IMG_6091-2-scaled.jpg\",\"datePublished\":\"2022-07-27T09:17:44+00:00\",\"dateModified\":\"2026-05-15T12:09:41+00:00\",\"description\":\"Pluta\u010da za ribolov danas je prekrasan nauti\u010dki dekor i nostalgi\u010dni suvenir, a nekada su ih ribari koristili za ozna\u010davanje polo\u017eaja vr\u0161a u moru.\",\"breadcrumb\":{\"@id\":\"https:\/\/pavidecor.si\/hr\/proizvod\/plutaca-za-ribolov-velicine-9-25x9x9cm\/#breadcrumb\"},\"inLanguage\":\"hr\",\"potentialAction\":[{\"@type\":\"ReadAction\",\"target\":[\"https:\/\/pavidecor.si\/hr\/proizvod\/plutaca-za-ribolov-velicine-9-25x9x9cm\/\"]}]},{\"@type\":\"ImageObject\",\"inLanguage\":\"hr\",\"@id\":\"https:\/\/pavidecor.si\/hr\/proizvod\/plutaca-za-ribolov-velicine-9-25x9x9cm\/#primaryimage\",\"url\":\"https:\/\/pavidecor.si\/wp-content\/uploads\/2022\/07\/IMG_6091-2-scaled.jpg\",\"contentUrl\":\"https:\/\/pavidecor.si\/wp-content\/uploads\/2022\/07\/IMG_6091-2-scaled.jpg\",\"width\":2560,\"height\":2560,\"caption\":\"PAVI DECOR\"},{\"@type\":\"BreadcrumbList\",\"@id\":\"https:\/\/pavidecor.si\/hr\/proizvod\/plutaca-za-ribolov-velicine-9-25x9x9cm\/#breadcrumb\",\"itemListElement\":[{\"@type\":\"ListItem\",\"position\":1,\"name\":\"Domov\",\"item\":\"https:\/\/pavidecor.si\/hr\/\"},{\"@type\":\"ListItem\",\"position\":2,\"name\":\"Internetska trgovina\",\"item\":\"https:\/\/pavidecor.si\/hr\/internetska-trgovina\/\"},{\"@type\":\"ListItem\",\"position\":3,\"name\":\"Pluta\u010da za ribolov velika 9 25x9x9cm\"}]},{\"@type\":\"WebSite\",\"@id\":\"https:\/\/pavidecor.si\/hr\/#website\",\"url\":\"https:\/\/pavidecor.si\/hr\/\",\"name\":\"Pavi Decor\",\"description\":\"Leseni unikati ustvarjeni iz ljubezni do lesa in narave.\",\"potentialAction\":[{\"@type\":\"SearchAction\",\"target\":{\"@type\":\"EntryPoint\",\"urlTemplate\":\"https:\/\/pavidecor.si\/hr\/?s={search_term_string}\"},\"query-input\":{\"@type\":\"PropertyValueSpecification\",\"valueRequired\":true,\"valueName\":\"search_term_string\"}}],\"inLanguage\":\"hr\"}]}<\/script>\n<!-- \/ Yoast SEO plugin. -->","yoast_head_json":{"title":"Pluta\u010da za ribolov - Unikatni drveni dekor s du\u0161om pro\u0161losti","description":"Pluta\u010da za ribolov danas je prekrasan nauti\u010dki dekor i nostalgi\u010dni suvenir, a nekada su ih ribari koristili za ozna\u010davanje polo\u017eaja vr\u0161a u moru.","robots":{"index":"index","follow":"follow","max-snippet":"max-snippet:-1","max-image-preview":"max-image-preview:large","max-video-preview":"max-video-preview:-1"},"canonical":"https:\/\/pavidecor.si\/hr\/proizvod\/plutaca-za-ribolov-velicine-9-25x9x9cm\/","og_locale":"hr_HR","og_type":"article","og_title":"Pluta\u010da za ribolov - Unikatni drveni dekor s du\u0161om pro\u0161losti","og_description":"Pluta\u010da za ribolov danas je prekrasan nauti\u010dki dekor i nostalgi\u010dni suvenir, a nekada su ih ribari koristili za ozna\u010davanje polo\u017eaja vr\u0161a u moru.","og_url":"https:\/\/pavidecor.si\/hr\/proizvod\/plutaca-za-ribolov-velicine-9-25x9x9cm\/","og_site_name":"Pavi Decor","article_modified_time":"2026-05-15T12:09:41+00:00","og_image":[{"width":2560,"height":2560,"url":"https:\/\/pavidecor.si\/wp-content\/uploads\/2022\/07\/IMG_6091-2-scaled.jpg","type":"image\/jpeg"}],"twitter_card":"summary_large_image","twitter_misc":{"Procijenjeno vrijeme \u010ditanja":"3 minute"},"schema":{"@context":"https:\/\/schema.org","@graph":[{"@type":"WebPage","@id":"https:\/\/pavidecor.si\/hr\/proizvod\/plutaca-za-ribolov-velicine-9-25x9x9cm\/","url":"https:\/\/pavidecor.si\/hr\/proizvod\/plutaca-za-ribolov-velicine-9-25x9x9cm\/","name":"Pluta\u010da za ribolov - Unikatni drveni dekor s du\u0161om pro\u0161losti","isPartOf":{"@id":"https:\/\/pavidecor.si\/hr\/#website"},"primaryImageOfPage":{"@id":"https:\/\/pavidecor.si\/hr\/proizvod\/plutaca-za-ribolov-velicine-9-25x9x9cm\/#primaryimage"},"image":{"@id":"https:\/\/pavidecor.si\/hr\/proizvod\/plutaca-za-ribolov-velicine-9-25x9x9cm\/#primaryimage"},"thumbnailUrl":"https:\/\/pavidecor.si\/wp-content\/uploads\/2022\/07\/IMG_6091-2-scaled.jpg","datePublished":"2022-07-27T09:17:44+00:00","dateModified":"2026-05-15T12:09:41+00:00","description":"Pluta\u010da za ribolov danas je prekrasan nauti\u010dki dekor i nostalgi\u010dni suvenir, a nekada su ih ribari koristili za ozna\u010davanje polo\u017eaja vr\u0161a u moru.","breadcrumb":{"@id":"https:\/\/pavidecor.si\/hr\/proizvod\/plutaca-za-ribolov-velicine-9-25x9x9cm\/#breadcrumb"},"inLanguage":"hr","potentialAction":[{"@type":"ReadAction","target":["https:\/\/pavidecor.si\/hr\/proizvod\/plutaca-za-ribolov-velicine-9-25x9x9cm\/"]}]},{"@type":"ImageObject","inLanguage":"hr","@id":"https:\/\/pavidecor.si\/hr\/proizvod\/plutaca-za-ribolov-velicine-9-25x9x9cm\/#primaryimage","url":"https:\/\/pavidecor.si\/wp-content\/uploads\/2022\/07\/IMG_6091-2-scaled.jpg","contentUrl":"https:\/\/pavidecor.si\/wp-content\/uploads\/2022\/07\/IMG_6091-2-scaled.jpg","width":2560,"height":2560,"caption":"PAVI DECOR"},{"@type":"BreadcrumbList","@id":"https:\/\/pavidecor.si\/hr\/proizvod\/plutaca-za-ribolov-velicine-9-25x9x9cm\/#breadcrumb","itemListElement":[{"@type":"ListItem","position":1,"name":"Domov","item":"https:\/\/pavidecor.si\/hr\/"},{"@type":"ListItem","position":2,"name":"Internetska trgovina","item":"https:\/\/pavidecor.si\/hr\/internetska-trgovina\/"},{"@type":"ListItem","position":3,"name":"Pluta\u010da za ribolov velika 9 25x9x9cm"}]},{"@type":"WebSite","@id":"https:\/\/pavidecor.si\/hr\/#website","url":"https:\/\/pavidecor.si\/hr\/","name":"Pavi Decor","description":"Leseni unikati ustvarjeni iz ljubezni do lesa in narave.","potentialAction":[{"@type":"SearchAction","target":{"@type":"EntryPoint","urlTemplate":"https:\/\/pavidecor.si\/hr\/?s={search_term_string}"},"query-input":{"@type":"PropertyValueSpecification","valueRequired":true,"valueName":"search_term_string"}}],"inLanguage":"hr"}]}},"_links":{"self":[{"href":"https:\/\/pavidecor.si\/hr\/wp-json\/wp\/v2\/product\/17481","targetHints":{"allow":["GET"]}}],"collection":[{"href":"https:\/\/pavidecor.si\/hr\/wp-json\/wp\/v2\/product"}],"about":[{"href":"https:\/\/pavidecor.si\/hr\/wp-json\/wp\/v2\/types\/product"}],"replies":[{"embeddable":true,"href":"https:\/\/pavidecor.si\/hr\/wp-json\/wp\/v2\/comments?post=17481"}],"wp:featuredmedia":[{"embeddable":true,"href":"https:\/\/pavidecor.si\/hr\/wp-json\/wp\/v2\/media\/17483"}],"wp:attachment":[{"href":"https:\/\/pavidecor.si\/hr\/wp-json\/wp\/v2\/media?parent=17481"}],"wp:term":[{"taxonomy":"product_brand","embeddable":true,"href":"https:\/\/pavidecor.si\/hr\/wp-json\/wp\/v2\/product_brand?post=17481"},{"taxonomy":"product_cat","embeddable":true,"href":"https:\/\/pavidecor.si\/hr\/wp-json\/wp\/v2\/product_cat?post=17481"},{"taxonomy":"product_tag","embeddable":true,"href":"https:\/\/pavidecor.si\/hr\/wp-json\/wp\/v2\/product_tag?post=17481"}],"curies":[{"name":"wp","href":"https:\/\/api.w.org\/{rel}","templated":true}]}}