	{"id":17468,"date":"2022-07-27T10:35:22","date_gmt":"2022-07-27T10:35:22","guid":{"rendered":"https:\/\/pavidecor.si\/product\/nikki-pvc-naslonjac\/"},"modified":"2026-04-22T23:34:36","modified_gmt":"2026-04-22T23:34:36","slug":"sklopiva-vrtna-lezaljka-nikki-pvc","status":"publish","type":"product","link":"https:\/\/pavidecor.si\/hr\/proizvod\/sklopiva-vrtna-lezaljka-nikki-pvc\/","title":{"rendered":"Sklopiva vrtna le\u017ealjka Nikki tkanina pvc"},"content":{"rendered":"<p><span class=\"prvimanjsinaslovopis\">Sklopiva vrtna le\u017ealjka Nikki tkanina pvc &#8211; Udobnost i stil za svaki vanjski prostor<\/span><\/p>\n<p>&nbsp;<\/p>\n<h2><span class=\"odebeljenopis\"><strong><br \/>\nU\u017eivajte u savr\u0161enom opu\u0161tanju s sklopivom vrtnom le\u017ealjkom Nikki, koji je izra\u0111en od visoko kvalitetnih materijala. Ova le\u017ealjka ne samo da pru\u017ea iznimnu udobnost, ve\u0107 i visoku kvalitetu izrade, \u0161to ju \u010dini idealnim izborom za va\u0161u pla\u017eu, vrt, terasu ili bazen.<\/strong><\/span><\/h2>\n<p>&nbsp;<\/p>\n<div class=\"row\">\n<div class=\"col-sm-6 \" style=\"margin-top: 30px;\"><center><img decoding=\"async\" class=\"lazyload img-responsive\" style=\"margin: 0px auto; max-width: 100%;\" src=\"data:image\/svg+xml,%3Csvg%20xmlns%3D%27http%3A%2F%2Fwww.w3.org%2F2000%2Fsvg%27%20width%3D%272000%27%20height%3D%272000%27%20viewBox%3D%270%200%202000%202000%27%3E%3Crect%20width%3D%272000%27%20height%3D%272000%27%20fill-opacity%3D%220%22%2F%3E%3C%2Fsvg%3E\" data-orig-src=\"https:\/\/pavidecor.si\/wp-content\/uploads\/2022\/03\/pocivalnik-NIKKI.jpg\" \/><\/center><\/div>\n<div class=\"col-sm-6\" style=\"margin-top: 40px;\">\n<p>&nbsp;<\/p>\n<h3>Izvrsna udobnost i kvaliteta<\/h3>\n<p>Sklopiva vrtna le\u017ealjka Nikki pvc isti\u010de se svojom <b>izvrsnom udobno\u0161\u0107u<\/b> i kvalitetnom izradom. S obzirom na to da je izra\u0111ena od prirodnih materijala, pru\u017ea osje\u0107aj bliskosti s prirodom, dok istovremeno osigurava dugotrajnost. Tkanina od PVC tekstilena otporna je na vremenske uvjete, \u0161to zna\u010di da mo\u017eete u\u017eivati u svojoj le\u017ealjki bez brige o o\u0161te\u0107enju.<\/p>\n<p>Osim toga, Nikki le\u017ealjka nudi <b>najvi\u0161u nosivost<\/b> u svojoj klasi, \u0161to ju \u010dini savr\u0161enim izborom za sve koji tra\u017ee pouzdan i udoban komad namje\u0161taja. Njezin elegantan dizajn savr\u0161eno se uklapa u svaki vanjski prostor, bilo da se radi o modernom vrtu ili klasi\u010dnoj terasi.<\/p>\n<p>&nbsp;<\/p>\n<\/div>\n<\/div>\n<div class=\"row\">\n<div class=\"col-sm-6 col-sm-push-6\" style=\"margin-top: 30px;\"><center><img decoding=\"async\" class=\"lazyload img-responsive\" style=\"margin: 0px auto; max-width: 100%;\" src=\"data:image\/svg+xml,%3Csvg%20xmlns%3D%27http%3A%2F%2Fwww.w3.org%2F2000%2Fsvg%27%20width%3D%272560%27%20height%3D%272560%27%20viewBox%3D%270%200%202560%202560%27%3E%3Crect%20width%3D%272560%27%20height%3D%272560%27%20fill-opacity%3D%220%22%2F%3E%3C%2Fsvg%3E\" data-orig-src=\" https:\/\/pavidecor.si\/wp-content\/uploads\/2022\/03\/p1-scaled.jpg\" \/><\/center><\/div>\n<div class=\"col-sm-6 col-sm-pull-6\" style=\"margin-top: 40px;\">\n<p>&nbsp;<\/p>\n<h3>Prilagodljivost i funkcionalnost<\/h3>\n<p>Jedna od klju\u010dnih zna\u010dajki Nikki le\u017ealjke je <b>nastoje\u0107i naslon<\/b> koji se mo\u017ee prilagoditi u \u010detiri razli\u010dita polo\u017eaja. Ova funkcionalnost omogu\u0107ava vam da prona\u0111ete savr\u0161eni kut za opu\u0161tanje, bilo da \u017eelite sun\u010dati ili se odmarati u hladu.<\/p>\n<p>Osim toga, nasloni za ruke dodatno doprinose udobnosti, pru\u017eaju\u0107i potporu i omogu\u0107uju\u0107i vam da se potpuno opustite. Ova sklopiva vrtna le\u017ealjka je idealna za sve koji \u017eele u\u017eivati u dugim ljetnim danima, bilo na pla\u017ei, uz bazen ili u vlastitom dvori\u0161tu.<\/p>\n<p>&nbsp;<\/p>\n<\/div>\n<\/div>\n<div class=\"row\">\n<div class=\"col-sm-6\" style=\"margin-top: 30px;\"><center><img decoding=\"async\" class=\"lazyload img-responsive\" style=\"margin: 0px auto; max-width: 100%;\" src=\"data:image\/svg+xml,%3Csvg%20xmlns%3D%27http%3A%2F%2Fwww.w3.org%2F2000%2Fsvg%27%20width%3D%272560%27%20height%3D%272560%27%20viewBox%3D%270%200%202560%202560%27%3E%3Crect%20width%3D%272560%27%20height%3D%272560%27%20fill-opacity%3D%220%22%2F%3E%3C%2Fsvg%3E\" data-orig-src=\" https:\/\/pavidecor.si\/wp-content\/uploads\/2022\/03\/p3-scaled.jpg\" \/><\/center><\/div>\n<div class=\"col-sm-6\" style=\"margin-top: 40px;\">\n<p>&nbsp;<\/p>\n<h3>Unikatna izrada i ljubav prema prirodi<\/h3>\n<p>U trgovini PAVI DECOR iz Ljubljane, svaki na\u0161 proizvod, uklju\u010duju\u0107i vrtni fotelj Nikki, rezultat je <b>ljubavi prema drvetu i prirodi<\/b>. Svi na\u0161i proizvodi su plod vlastitog znanja i kreativnosti, a izra\u0111eni su u Sloveniji.<\/p>\n<p>Posebnost na\u0161ih drvenih proizvoda le\u017ei u ru\u010dnoj izradi, s detaljima spajanja drvenih dijelova na na\u010din koji su koristili stari majstori. Ovaj pristup osigurava da svaki komad izgleda kao autenti\u010dan i jedinstven. Sklopivu vrtnu le\u017ealjku Nikki mo\u017eete vidjeti i u na\u0161oj <a href=\"https:\/\/pavidecor.si\/hr\/projects\/obnovljena-kamena-kuca\/\"><strong><span style=\"color: #3366ff;\">obnovljenoj kamenoj ku\u0107i<\/span><\/strong><\/a>, gdje se savr\u0161eno uklapa u ambijent.<\/p>\n<\/div>\n<\/div>\n<p>&nbsp;<\/p>\n","protected":false},"excerpt":{"rendered":"<p><strong><span style=\"color: #c4963c;\">\u2192 Vrlo \u010dvrsta konstrukcija<\/span><\/strong><strong><span style=\"color: #c4963c;\"><br \/>\n<\/span><span style=\"color: #c4963c;\">\u2192 \u010cetiri polo\u017eaja naslona<\/span><\/strong><br \/>\n<strong><span style=\"color: #c4963c;\">\u2192 Naslon za ruke<\/span><\/strong><\/p>\n","protected":false},"featured_media":14121,"comment_status":"open","ping_status":"closed","template":"","meta":[],"product_brand":[],"product_cat":[261],"product_tag":[218,272],"class_list":{"0":"post-17468","1":"product","2":"type-product","3":"status-publish","4":"has-post-thumbnail","6":"product_cat-vrtni-namjestaj","7":"product_tag-nov","8":"product_tag-obnovljena-kamena-kuca","10":"first","11":"instock","12":"taxable","13":"shipping-taxable","14":"purchasable","15":"product-type-simple"},"yoast_head":"<!-- This site is optimized with the Yoast SEO plugin v27.2 - https:\/\/yoast.com\/product\/yoast-seo-wordpress\/ -->\n<title>Sklopiva vrtna le\u017ealjka Nikki pvc - Udobnost i stil za svaki vrt<\/title>\n<meta name=\"description\" content=\"Sklopiva vrtna le\u017ealjka Nikki izra\u0111ena je od prirodnih materijala, odlikuje se iznimnom udobno\u0161\u0107u i kvalitetom, kao i najve\u0107om nosivo\u0161\u0107u u ovoj klasi.\" \/>\n<meta name=\"robots\" content=\"index, follow, max-snippet:-1, max-image-preview:large, max-video-preview:-1\" \/>\n<link rel=\"canonical\" href=\"https:\/\/pavidecor.si\/hr\/proizvod\/sklopiva-vrtna-lezaljka-nikki-pvc\/\" \/>\n<meta property=\"og:locale\" content=\"hr_HR\" \/>\n<meta property=\"og:type\" content=\"article\" \/>\n<meta property=\"og:title\" content=\"Sklopiva vrtna le\u017ealjka Nikki pvc - Udobnost i stil za svaki vrt\" \/>\n<meta property=\"og:description\" content=\"Sklopiva vrtna le\u017ealjka Nikki izra\u0111ena je od prirodnih materijala, odlikuje se iznimnom udobno\u0161\u0107u i kvalitetom, kao i najve\u0107om nosivo\u0161\u0107u u ovoj klasi.\" \/>\n<meta property=\"og:url\" content=\"https:\/\/pavidecor.si\/hr\/proizvod\/sklopiva-vrtna-lezaljka-nikki-pvc\/\" \/>\n<meta property=\"og:site_name\" content=\"Pavi Decor\" \/>\n<meta property=\"article:modified_time\" content=\"2026-04-22T23:34:36+00:00\" \/>\n<meta property=\"og:image\" content=\"https:\/\/pavidecor.si\/wp-content\/uploads\/2022\/03\/pocivalnik-NIKKI.jpg\" \/>\n\t<meta property=\"og:image:width\" content=\"2000\" \/>\n\t<meta property=\"og:image:height\" content=\"2000\" \/>\n\t<meta property=\"og:image:type\" content=\"image\/jpeg\" \/>\n<meta name=\"twitter:card\" content=\"summary_large_image\" \/>\n<meta name=\"twitter:label1\" content=\"Procijenjeno vrijeme \u010ditanja\" \/>\n\t<meta name=\"twitter:data1\" content=\"3 minute\" \/>\n<script type=\"application\/ld+json\" class=\"yoast-schema-graph\">{\"@context\":\"https:\/\/schema.org\",\"@graph\":[{\"@type\":\"WebPage\",\"@id\":\"https:\/\/pavidecor.si\/hr\/proizvod\/sklopiva-vrtna-lezaljka-nikki-pvc\/\",\"url\":\"https:\/\/pavidecor.si\/hr\/proizvod\/sklopiva-vrtna-lezaljka-nikki-pvc\/\",\"name\":\"Sklopiva vrtna le\u017ealjka Nikki pvc - Udobnost i stil za svaki vrt\",\"isPartOf\":{\"@id\":\"https:\/\/pavidecor.si\/hr\/#website\"},\"primaryImageOfPage\":{\"@id\":\"https:\/\/pavidecor.si\/hr\/proizvod\/sklopiva-vrtna-lezaljka-nikki-pvc\/#primaryimage\"},\"image\":{\"@id\":\"https:\/\/pavidecor.si\/hr\/proizvod\/sklopiva-vrtna-lezaljka-nikki-pvc\/#primaryimage\"},\"thumbnailUrl\":\"https:\/\/pavidecor.si\/wp-content\/uploads\/2022\/03\/pocivalnik-NIKKI.jpg\",\"datePublished\":\"2022-07-27T10:35:22+00:00\",\"dateModified\":\"2026-04-22T23:34:36+00:00\",\"description\":\"Sklopiva vrtna le\u017ealjka Nikki izra\u0111ena je od prirodnih materijala, odlikuje se iznimnom udobno\u0161\u0107u i kvalitetom, kao i najve\u0107om nosivo\u0161\u0107u u ovoj klasi.\",\"breadcrumb\":{\"@id\":\"https:\/\/pavidecor.si\/hr\/proizvod\/sklopiva-vrtna-lezaljka-nikki-pvc\/#breadcrumb\"},\"inLanguage\":\"hr\",\"potentialAction\":[{\"@type\":\"ReadAction\",\"target\":[\"https:\/\/pavidecor.si\/hr\/proizvod\/sklopiva-vrtna-lezaljka-nikki-pvc\/\"]}]},{\"@type\":\"ImageObject\",\"inLanguage\":\"hr\",\"@id\":\"https:\/\/pavidecor.si\/hr\/proizvod\/sklopiva-vrtna-lezaljka-nikki-pvc\/#primaryimage\",\"url\":\"https:\/\/pavidecor.si\/wp-content\/uploads\/2022\/03\/pocivalnik-NIKKI.jpg\",\"contentUrl\":\"https:\/\/pavidecor.si\/wp-content\/uploads\/2022\/03\/pocivalnik-NIKKI.jpg\",\"width\":2000,\"height\":2000,\"caption\":\"PAVI DECOR\"},{\"@type\":\"BreadcrumbList\",\"@id\":\"https:\/\/pavidecor.si\/hr\/proizvod\/sklopiva-vrtna-lezaljka-nikki-pvc\/#breadcrumb\",\"itemListElement\":[{\"@type\":\"ListItem\",\"position\":1,\"name\":\"Domov\",\"item\":\"https:\/\/pavidecor.si\/hr\/\"},{\"@type\":\"ListItem\",\"position\":2,\"name\":\"Internetska trgovina\",\"item\":\"https:\/\/pavidecor.si\/hr\/internetska-trgovina\/\"},{\"@type\":\"ListItem\",\"position\":3,\"name\":\"Sklopiva vrtna le\u017ealjka Nikki tkanina pvc\"}]},{\"@type\":\"WebSite\",\"@id\":\"https:\/\/pavidecor.si\/hr\/#website\",\"url\":\"https:\/\/pavidecor.si\/hr\/\",\"name\":\"Pavi Decor\",\"description\":\"Leseni unikati ustvarjeni iz ljubezni do lesa in narave.\",\"potentialAction\":[{\"@type\":\"SearchAction\",\"target\":{\"@type\":\"EntryPoint\",\"urlTemplate\":\"https:\/\/pavidecor.si\/hr\/?s={search_term_string}\"},\"query-input\":{\"@type\":\"PropertyValueSpecification\",\"valueRequired\":true,\"valueName\":\"search_term_string\"}}],\"inLanguage\":\"hr\"}]}<\/script>\n<!-- \/ Yoast SEO plugin. -->","yoast_head_json":{"title":"Sklopiva vrtna le\u017ealjka Nikki pvc - Udobnost i stil za svaki vrt","description":"Sklopiva vrtna le\u017ealjka Nikki izra\u0111ena je od prirodnih materijala, odlikuje se iznimnom udobno\u0161\u0107u i kvalitetom, kao i najve\u0107om nosivo\u0161\u0107u u ovoj klasi.","robots":{"index":"index","follow":"follow","max-snippet":"max-snippet:-1","max-image-preview":"max-image-preview:large","max-video-preview":"max-video-preview:-1"},"canonical":"https:\/\/pavidecor.si\/hr\/proizvod\/sklopiva-vrtna-lezaljka-nikki-pvc\/","og_locale":"hr_HR","og_type":"article","og_title":"Sklopiva vrtna le\u017ealjka Nikki pvc - Udobnost i stil za svaki vrt","og_description":"Sklopiva vrtna le\u017ealjka Nikki izra\u0111ena je od prirodnih materijala, odlikuje se iznimnom udobno\u0161\u0107u i kvalitetom, kao i najve\u0107om nosivo\u0161\u0107u u ovoj klasi.","og_url":"https:\/\/pavidecor.si\/hr\/proizvod\/sklopiva-vrtna-lezaljka-nikki-pvc\/","og_site_name":"Pavi Decor","article_modified_time":"2026-04-22T23:34:36+00:00","og_image":[{"width":2000,"height":2000,"url":"https:\/\/pavidecor.si\/wp-content\/uploads\/2022\/03\/pocivalnik-NIKKI.jpg","type":"image\/jpeg"}],"twitter_card":"summary_large_image","twitter_misc":{"Procijenjeno vrijeme \u010ditanja":"3 minute"},"schema":{"@context":"https:\/\/schema.org","@graph":[{"@type":"WebPage","@id":"https:\/\/pavidecor.si\/hr\/proizvod\/sklopiva-vrtna-lezaljka-nikki-pvc\/","url":"https:\/\/pavidecor.si\/hr\/proizvod\/sklopiva-vrtna-lezaljka-nikki-pvc\/","name":"Sklopiva vrtna le\u017ealjka Nikki pvc - Udobnost i stil za svaki vrt","isPartOf":{"@id":"https:\/\/pavidecor.si\/hr\/#website"},"primaryImageOfPage":{"@id":"https:\/\/pavidecor.si\/hr\/proizvod\/sklopiva-vrtna-lezaljka-nikki-pvc\/#primaryimage"},"image":{"@id":"https:\/\/pavidecor.si\/hr\/proizvod\/sklopiva-vrtna-lezaljka-nikki-pvc\/#primaryimage"},"thumbnailUrl":"https:\/\/pavidecor.si\/wp-content\/uploads\/2022\/03\/pocivalnik-NIKKI.jpg","datePublished":"2022-07-27T10:35:22+00:00","dateModified":"2026-04-22T23:34:36+00:00","description":"Sklopiva vrtna le\u017ealjka Nikki izra\u0111ena je od prirodnih materijala, odlikuje se iznimnom udobno\u0161\u0107u i kvalitetom, kao i najve\u0107om nosivo\u0161\u0107u u ovoj klasi.","breadcrumb":{"@id":"https:\/\/pavidecor.si\/hr\/proizvod\/sklopiva-vrtna-lezaljka-nikki-pvc\/#breadcrumb"},"inLanguage":"hr","potentialAction":[{"@type":"ReadAction","target":["https:\/\/pavidecor.si\/hr\/proizvod\/sklopiva-vrtna-lezaljka-nikki-pvc\/"]}]},{"@type":"ImageObject","inLanguage":"hr","@id":"https:\/\/pavidecor.si\/hr\/proizvod\/sklopiva-vrtna-lezaljka-nikki-pvc\/#primaryimage","url":"https:\/\/pavidecor.si\/wp-content\/uploads\/2022\/03\/pocivalnik-NIKKI.jpg","contentUrl":"https:\/\/pavidecor.si\/wp-content\/uploads\/2022\/03\/pocivalnik-NIKKI.jpg","width":2000,"height":2000,"caption":"PAVI DECOR"},{"@type":"BreadcrumbList","@id":"https:\/\/pavidecor.si\/hr\/proizvod\/sklopiva-vrtna-lezaljka-nikki-pvc\/#breadcrumb","itemListElement":[{"@type":"ListItem","position":1,"name":"Domov","item":"https:\/\/pavidecor.si\/hr\/"},{"@type":"ListItem","position":2,"name":"Internetska trgovina","item":"https:\/\/pavidecor.si\/hr\/internetska-trgovina\/"},{"@type":"ListItem","position":3,"name":"Sklopiva vrtna le\u017ealjka Nikki tkanina pvc"}]},{"@type":"WebSite","@id":"https:\/\/pavidecor.si\/hr\/#website","url":"https:\/\/pavidecor.si\/hr\/","name":"Pavi Decor","description":"Leseni unikati ustvarjeni iz ljubezni do lesa in narave.","potentialAction":[{"@type":"SearchAction","target":{"@type":"EntryPoint","urlTemplate":"https:\/\/pavidecor.si\/hr\/?s={search_term_string}"},"query-input":{"@type":"PropertyValueSpecification","valueRequired":true,"valueName":"search_term_string"}}],"inLanguage":"hr"}]}},"_links":{"self":[{"href":"https:\/\/pavidecor.si\/hr\/wp-json\/wp\/v2\/product\/17468","targetHints":{"allow":["GET"]}}],"collection":[{"href":"https:\/\/pavidecor.si\/hr\/wp-json\/wp\/v2\/product"}],"about":[{"href":"https:\/\/pavidecor.si\/hr\/wp-json\/wp\/v2\/types\/product"}],"replies":[{"embeddable":true,"href":"https:\/\/pavidecor.si\/hr\/wp-json\/wp\/v2\/comments?post=17468"}],"wp:featuredmedia":[{"embeddable":true,"href":"https:\/\/pavidecor.si\/hr\/wp-json\/wp\/v2\/media\/14121"}],"wp:attachment":[{"href":"https:\/\/pavidecor.si\/hr\/wp-json\/wp\/v2\/media?parent=17468"}],"wp:term":[{"taxonomy":"product_brand","embeddable":true,"href":"https:\/\/pavidecor.si\/hr\/wp-json\/wp\/v2\/product_brand?post=17468"},{"taxonomy":"product_cat","embeddable":true,"href":"https:\/\/pavidecor.si\/hr\/wp-json\/wp\/v2\/product_cat?post=17468"},{"taxonomy":"product_tag","embeddable":true,"href":"https:\/\/pavidecor.si\/hr\/wp-json\/wp\/v2\/product_tag?post=17468"}],"curies":[{"name":"wp","href":"https:\/\/api.w.org\/{rel}","templated":true}]}}