	{"id":17444,"date":"2022-08-01T10:08:37","date_gmt":"2022-08-01T10:08:37","guid":{"rendered":"https:\/\/pavidecor.si\/product\/drvo-stupova-crnogoricnog-drveca-o8x240cm\/"},"modified":"2026-04-22T04:02:13","modified_gmt":"2026-04-22T04:02:13","slug":"drveni-stup-od-crnogoricnog-drveca-o8x240cm","status":"publish","type":"product","link":"https:\/\/pavidecor.si\/hr\/proizvod\/drveni-stup-od-crnogoricnog-drveca-o8x240cm\/","title":{"rendered":"Drveni stup od crnogori\u010dnog drve\u0107a \u00f88\u00d7240cm"},"content":{"rendered":"<p><span class=\"prvimanjsinaslovopis\">Drveni stup za suncobran Maroko &#8211; Prirodna ljepota i funkcionalnost<\/span><\/p>\n<p>&nbsp;<\/p>\n<h2><span class=\"odebeljenopis\"><strong> U\u017eivajte u ljetnim danima s na\u0161im stupom za suncobran Maroko, koji je savr\u0161ena kombinacija prirodnog materijala i vrhunske izrade. Ovaj proizvod, izra\u0111en od masivnog crnogori\u010dnog drva, nudi izdr\u017eljivost i estetiku koja \u0107e obogatiti svaki vanjski prostor. Dostupan je u razli\u010ditim bojama i duljinama, prilago\u0111en potrebama svakog korisnika.<\/strong><\/span><\/h2>\n<p>&nbsp;<\/p>\n<div class=\"row\">\n<div class=\"col-sm-6 \" style=\"margin-top: 30px;\"><center><img decoding=\"async\" class=\"lazyload img-responsive\" style=\"margin: 0px auto; max-width: 100%;\" src=\"data:image\/svg+xml,%3Csvg%20xmlns%3D%27http%3A%2F%2Fwww.w3.org%2F2000%2Fsvg%27%20width%3D%27399%27%20height%3D%27399%27%20viewBox%3D%270%200%20399%20399%27%3E%3Crect%20width%3D%27399%27%20height%3D%27399%27%20fill-opacity%3D%220%22%2F%3E%3C%2Fsvg%3E\" data-orig-src=\"https:\/\/pavidecor.si\/wp-content\/uploads\/2022\/02\/Drog-natur.jpg\" \/><\/center><\/div>\n<div class=\"col-sm-6\" style=\"margin-top: 40px;\">\n<p>&nbsp;<\/p>\n<h3>Izvrsna kvaliteta i ru\u010dna izrada<\/h3>\n<p>Drveni stup za suncobran Maroko izra\u0111en je od masivnog crnogori\u010dnog drva, \u0161to osigurava njegovu dugotrajnost i otpornost na vremenske uvjete. Na\u0161a trgovina PAVI DECOR iz Ljubljane ponosna je na to \u0161to svi na\u0161i proizvodi dolaze iz vlastite radionice. Kod nas se ljubav prema drvetu i prirodi manifestira u svakom detalju. Ru\u010dna izrada omogu\u0107ava nam da zadr\u017eimo tradicionalne tehnike spajanja drvenih dijelova, \u0161to na\u0161im proizvodima daje <b>autenti\u010dan izgle<\/b><strong>d i osje\u0107aj<\/strong>.<\/p>\n<p>&nbsp;<\/p>\n<p>Svaki stup je pa\u017eljivo izra\u0111en kako bi zadovoljio visoke standarde kvalitete. Na\u0161i stari majstori koriste metode koje su se prenosile generacijama, osiguravaju\u0107i da svaki komad bude jedinstven. Ovaj pristup ne samo da \u010dini na\u0161e proizvode posebnima, ve\u0107 i doprinosi o\u010duvanju tradicije ru\u010dne izrade.<\/p>\n<p>&nbsp;<\/p>\n<\/div>\n<\/div>\n<div class=\"row\">\n<div class=\"col-sm-6 col-sm-push-6\" style=\"margin-top: 30px;\"><center><img decoding=\"async\" class=\"lazyload img-responsive\" style=\"margin: 0px auto; max-width: 100%;\" src=\"data:image\/svg+xml,%3Csvg%20xmlns%3D%27http%3A%2F%2Fwww.w3.org%2F2000%2Fsvg%27%20width%3D%272560%27%20height%3D%272560%27%20viewBox%3D%270%200%202560%202560%27%3E%3Crect%20width%3D%272560%27%20height%3D%272560%27%20fill-opacity%3D%220%22%2F%3E%3C%2Fsvg%3E\" data-orig-src=\" https:\/\/pavidecor.si\/wp-content\/uploads\/2022\/08\/sl1-3-scaled.jpg\" \/><\/center><\/div>\n<div class=\"col-sm-6 col-sm-pull-6\" style=\"margin-top: 40px;\">\n<p>&nbsp;<\/p>\n<h3>Funkcionalnost i prilagodljivost<\/h3>\n<p>Stup za suncobran Maroko dostupan je u dva razli\u010dita zavr\u0161na sloja &#8211; natur i bijeli. To mu omogu\u0107ava da se savr\u0161eno uklopi u svaki ambijent. Osim toga, nudimo tri razli\u010dite duljine &#8211; 240, 250 i 300 cm, \u0161to zna\u010di da mo\u017eete odabrati idealnu opciju za svoj prostor. Ova prilagodljivost \u010dini na\u0161 stup savr\u0161enim rje\u0161enjem za sve vrste suncobrana, uklju\u010duju\u0107i i one na na\u0161oj <a href=\"https:\/\/pavidecor.si\/hr\/projects\/plaza-u-porecu\/\"><strong><span style=\"color: #3366ff;\">pla\u017ei u Pore\u010du<\/span><\/strong><\/a>.<\/p>\n<p>&nbsp;<\/p>\n<p>Bez obzira na to jeste li vlasnik restorana, kafi\u0107a ili jednostavno \u017eelite obogatiti svoj vrt, na\u0161 drveni stup za suncobran Maroko pru\u017ea potrebnu podr\u0161ku i stabilnost. Njegova izdr\u017eljivost i otpornost na vanjske uvjete osiguravaju da \u0107e va\u0161 suncobran ostati \u010dvrsto na mjestu, \u010dak i tijekom vjetrovitih dana.<\/p>\n<p>&nbsp;<\/p>\n<\/div>\n<\/div>\n<div class=\"row\">\n<div class=\"col-sm-12\">\n<p>&nbsp;<\/p>\n<h3>Tehni\u010dke specifikacije<\/h3>\n<p>Drveni stup za suncobran Maroko izra\u0111en je od <b>masivnog crnogori\u010dnog drva<\/b>\u00a0i dostupan je u dva zavr\u0161na sloja &#8211; <strong>natur ili bijeli<\/strong>. Mogu\u0107e su tri razli\u010dite duljine: <b>240 cm, 250 cm i 300 cm<\/b>. Ovi stupovi su idealni za podr\u0161ku svim kupolama suncobrana Maroko, uklju\u010duju\u0107i i one koje se koriste na na\u0161oj pla\u017ei u Pore\u010du.<\/p>\n<p>&nbsp;<\/p>\n<p>Svi na\u0161i proizvodi su rezultat vlastitog znanja i kreativnosti, a svaki komad drva pa\u017eljivo je odabran kako bi se osigurala maksimalna kvaliteta. U PAVI DECOR-u vjerujemo u snagu prirodnih materijala i trudimo se da svaki na\u0161 proizvod odra\u017eava tu filozofiju.<\/p>\n<\/div>\n<\/div>\n<p>&nbsp;<\/p>\n","protected":false},"excerpt":{"rendered":"<p><strong><span style=\"color: #c4963c;\">\u2192 Promjer \u00f8 8 cm<\/span><\/strong><strong><span style=\"color: #c4963c;\"><br \/>\n<\/span><span style=\"color: #c4963c;\">\u2192 Duljina 240 cm<\/span><\/strong><\/p>\n","protected":false},"featured_media":14209,"comment_status":"open","ping_status":"closed","template":"","meta":[],"product_brand":[],"product_cat":[285],"product_tag":[],"class_list":{"0":"post-17444","1":"product","2":"type-product","3":"status-publish","4":"has-post-thumbnail","6":"product_cat-pribor","8":"first","9":"outofstock","10":"taxable","11":"shipping-taxable","12":"purchasable","13":"product-type-simple"},"yoast_head":"<!-- This site is optimized with the Yoast SEO plugin v27.2 - https:\/\/yoast.com\/product\/yoast-seo-wordpress\/ -->\n<title>Drveni stup za suncobran Maroko - Prirodna ljepota i funkcionalnost<\/title>\n<meta name=\"description\" content=\"Drveni stup za suncobran Maroko izra\u0111en je od masivnog crnogori\u010dnog drveta, a dostupan je i u bijeloj boji, a u tri duljine - 240, 250 i 300 cm.\" \/>\n<meta name=\"robots\" content=\"index, follow, max-snippet:-1, max-image-preview:large, max-video-preview:-1\" \/>\n<link rel=\"canonical\" href=\"https:\/\/pavidecor.si\/hr\/proizvod\/drveni-stup-od-crnogoricnog-drveca-o8x240cm\/\" \/>\n<meta property=\"og:locale\" content=\"hr_HR\" \/>\n<meta property=\"og:type\" content=\"article\" \/>\n<meta property=\"og:title\" content=\"Drveni stup za suncobran Maroko - Prirodna ljepota i funkcionalnost\" \/>\n<meta property=\"og:description\" content=\"Drveni stup za suncobran Maroko izra\u0111en je od masivnog crnogori\u010dnog drveta, a dostupan je i u bijeloj boji, a u tri duljine - 240, 250 i 300 cm.\" \/>\n<meta property=\"og:url\" content=\"https:\/\/pavidecor.si\/hr\/proizvod\/drveni-stup-od-crnogoricnog-drveca-o8x240cm\/\" \/>\n<meta property=\"og:site_name\" content=\"Pavi Decor\" \/>\n<meta property=\"article:modified_time\" content=\"2026-04-22T04:02:13+00:00\" \/>\n<meta property=\"og:image\" content=\"https:\/\/pavidecor.si\/wp-content\/uploads\/2022\/02\/Drog-natur.jpg\" \/>\n\t<meta property=\"og:image:width\" content=\"399\" \/>\n\t<meta property=\"og:image:height\" content=\"399\" \/>\n\t<meta property=\"og:image:type\" content=\"image\/jpeg\" \/>\n<meta name=\"twitter:card\" content=\"summary_large_image\" \/>\n<meta name=\"twitter:label1\" content=\"Procijenjeno vrijeme \u010ditanja\" \/>\n\t<meta name=\"twitter:data1\" content=\"3 minute\" \/>\n<script type=\"application\/ld+json\" class=\"yoast-schema-graph\">{\"@context\":\"https:\/\/schema.org\",\"@graph\":[{\"@type\":\"WebPage\",\"@id\":\"https:\/\/pavidecor.si\/hr\/proizvod\/drveni-stup-od-crnogoricnog-drveca-o8x240cm\/\",\"url\":\"https:\/\/pavidecor.si\/hr\/proizvod\/drveni-stup-od-crnogoricnog-drveca-o8x240cm\/\",\"name\":\"Drveni stup za suncobran Maroko - Prirodna ljepota i funkcionalnost\",\"isPartOf\":{\"@id\":\"https:\/\/pavidecor.si\/hr\/#website\"},\"primaryImageOfPage\":{\"@id\":\"https:\/\/pavidecor.si\/hr\/proizvod\/drveni-stup-od-crnogoricnog-drveca-o8x240cm\/#primaryimage\"},\"image\":{\"@id\":\"https:\/\/pavidecor.si\/hr\/proizvod\/drveni-stup-od-crnogoricnog-drveca-o8x240cm\/#primaryimage\"},\"thumbnailUrl\":\"https:\/\/pavidecor.si\/wp-content\/uploads\/2022\/02\/Drog-natur.jpg\",\"datePublished\":\"2022-08-01T10:08:37+00:00\",\"dateModified\":\"2026-04-22T04:02:13+00:00\",\"description\":\"Drveni stup za suncobran Maroko izra\u0111en je od masivnog crnogori\u010dnog drveta, a dostupan je i u bijeloj boji, a u tri duljine - 240, 250 i 300 cm.\",\"breadcrumb\":{\"@id\":\"https:\/\/pavidecor.si\/hr\/proizvod\/drveni-stup-od-crnogoricnog-drveca-o8x240cm\/#breadcrumb\"},\"inLanguage\":\"hr\",\"potentialAction\":[{\"@type\":\"ReadAction\",\"target\":[\"https:\/\/pavidecor.si\/hr\/proizvod\/drveni-stup-od-crnogoricnog-drveca-o8x240cm\/\"]}]},{\"@type\":\"ImageObject\",\"inLanguage\":\"hr\",\"@id\":\"https:\/\/pavidecor.si\/hr\/proizvod\/drveni-stup-od-crnogoricnog-drveca-o8x240cm\/#primaryimage\",\"url\":\"https:\/\/pavidecor.si\/wp-content\/uploads\/2022\/02\/Drog-natur.jpg\",\"contentUrl\":\"https:\/\/pavidecor.si\/wp-content\/uploads\/2022\/02\/Drog-natur.jpg\",\"width\":399,\"height\":399,\"caption\":\"PAVI DECOR\"},{\"@type\":\"BreadcrumbList\",\"@id\":\"https:\/\/pavidecor.si\/hr\/proizvod\/drveni-stup-od-crnogoricnog-drveca-o8x240cm\/#breadcrumb\",\"itemListElement\":[{\"@type\":\"ListItem\",\"position\":1,\"name\":\"Domov\",\"item\":\"https:\/\/pavidecor.si\/hr\/\"},{\"@type\":\"ListItem\",\"position\":2,\"name\":\"Internetska trgovina\",\"item\":\"https:\/\/pavidecor.si\/hr\/internetska-trgovina\/\"},{\"@type\":\"ListItem\",\"position\":3,\"name\":\"Drveni stup od crnogori\u010dnog drve\u0107a \u00f88\u00d7240cm\"}]},{\"@type\":\"WebSite\",\"@id\":\"https:\/\/pavidecor.si\/hr\/#website\",\"url\":\"https:\/\/pavidecor.si\/hr\/\",\"name\":\"Pavi Decor\",\"description\":\"Leseni unikati ustvarjeni iz ljubezni do lesa in narave.\",\"potentialAction\":[{\"@type\":\"SearchAction\",\"target\":{\"@type\":\"EntryPoint\",\"urlTemplate\":\"https:\/\/pavidecor.si\/hr\/?s={search_term_string}\"},\"query-input\":{\"@type\":\"PropertyValueSpecification\",\"valueRequired\":true,\"valueName\":\"search_term_string\"}}],\"inLanguage\":\"hr\"}]}<\/script>\n<!-- \/ Yoast SEO plugin. -->","yoast_head_json":{"title":"Drveni stup za suncobran Maroko - Prirodna ljepota i funkcionalnost","description":"Drveni stup za suncobran Maroko izra\u0111en je od masivnog crnogori\u010dnog drveta, a dostupan je i u bijeloj boji, a u tri duljine - 240, 250 i 300 cm.","robots":{"index":"index","follow":"follow","max-snippet":"max-snippet:-1","max-image-preview":"max-image-preview:large","max-video-preview":"max-video-preview:-1"},"canonical":"https:\/\/pavidecor.si\/hr\/proizvod\/drveni-stup-od-crnogoricnog-drveca-o8x240cm\/","og_locale":"hr_HR","og_type":"article","og_title":"Drveni stup za suncobran Maroko - Prirodna ljepota i funkcionalnost","og_description":"Drveni stup za suncobran Maroko izra\u0111en je od masivnog crnogori\u010dnog drveta, a dostupan je i u bijeloj boji, a u tri duljine - 240, 250 i 300 cm.","og_url":"https:\/\/pavidecor.si\/hr\/proizvod\/drveni-stup-od-crnogoricnog-drveca-o8x240cm\/","og_site_name":"Pavi Decor","article_modified_time":"2026-04-22T04:02:13+00:00","og_image":[{"width":399,"height":399,"url":"https:\/\/pavidecor.si\/wp-content\/uploads\/2022\/02\/Drog-natur.jpg","type":"image\/jpeg"}],"twitter_card":"summary_large_image","twitter_misc":{"Procijenjeno vrijeme \u010ditanja":"3 minute"},"schema":{"@context":"https:\/\/schema.org","@graph":[{"@type":"WebPage","@id":"https:\/\/pavidecor.si\/hr\/proizvod\/drveni-stup-od-crnogoricnog-drveca-o8x240cm\/","url":"https:\/\/pavidecor.si\/hr\/proizvod\/drveni-stup-od-crnogoricnog-drveca-o8x240cm\/","name":"Drveni stup za suncobran Maroko - Prirodna ljepota i funkcionalnost","isPartOf":{"@id":"https:\/\/pavidecor.si\/hr\/#website"},"primaryImageOfPage":{"@id":"https:\/\/pavidecor.si\/hr\/proizvod\/drveni-stup-od-crnogoricnog-drveca-o8x240cm\/#primaryimage"},"image":{"@id":"https:\/\/pavidecor.si\/hr\/proizvod\/drveni-stup-od-crnogoricnog-drveca-o8x240cm\/#primaryimage"},"thumbnailUrl":"https:\/\/pavidecor.si\/wp-content\/uploads\/2022\/02\/Drog-natur.jpg","datePublished":"2022-08-01T10:08:37+00:00","dateModified":"2026-04-22T04:02:13+00:00","description":"Drveni stup za suncobran Maroko izra\u0111en je od masivnog crnogori\u010dnog drveta, a dostupan je i u bijeloj boji, a u tri duljine - 240, 250 i 300 cm.","breadcrumb":{"@id":"https:\/\/pavidecor.si\/hr\/proizvod\/drveni-stup-od-crnogoricnog-drveca-o8x240cm\/#breadcrumb"},"inLanguage":"hr","potentialAction":[{"@type":"ReadAction","target":["https:\/\/pavidecor.si\/hr\/proizvod\/drveni-stup-od-crnogoricnog-drveca-o8x240cm\/"]}]},{"@type":"ImageObject","inLanguage":"hr","@id":"https:\/\/pavidecor.si\/hr\/proizvod\/drveni-stup-od-crnogoricnog-drveca-o8x240cm\/#primaryimage","url":"https:\/\/pavidecor.si\/wp-content\/uploads\/2022\/02\/Drog-natur.jpg","contentUrl":"https:\/\/pavidecor.si\/wp-content\/uploads\/2022\/02\/Drog-natur.jpg","width":399,"height":399,"caption":"PAVI DECOR"},{"@type":"BreadcrumbList","@id":"https:\/\/pavidecor.si\/hr\/proizvod\/drveni-stup-od-crnogoricnog-drveca-o8x240cm\/#breadcrumb","itemListElement":[{"@type":"ListItem","position":1,"name":"Domov","item":"https:\/\/pavidecor.si\/hr\/"},{"@type":"ListItem","position":2,"name":"Internetska trgovina","item":"https:\/\/pavidecor.si\/hr\/internetska-trgovina\/"},{"@type":"ListItem","position":3,"name":"Drveni stup od crnogori\u010dnog drve\u0107a \u00f88\u00d7240cm"}]},{"@type":"WebSite","@id":"https:\/\/pavidecor.si\/hr\/#website","url":"https:\/\/pavidecor.si\/hr\/","name":"Pavi Decor","description":"Leseni unikati ustvarjeni iz ljubezni do lesa in narave.","potentialAction":[{"@type":"SearchAction","target":{"@type":"EntryPoint","urlTemplate":"https:\/\/pavidecor.si\/hr\/?s={search_term_string}"},"query-input":{"@type":"PropertyValueSpecification","valueRequired":true,"valueName":"search_term_string"}}],"inLanguage":"hr"}]}},"_links":{"self":[{"href":"https:\/\/pavidecor.si\/hr\/wp-json\/wp\/v2\/product\/17444","targetHints":{"allow":["GET"]}}],"collection":[{"href":"https:\/\/pavidecor.si\/hr\/wp-json\/wp\/v2\/product"}],"about":[{"href":"https:\/\/pavidecor.si\/hr\/wp-json\/wp\/v2\/types\/product"}],"replies":[{"embeddable":true,"href":"https:\/\/pavidecor.si\/hr\/wp-json\/wp\/v2\/comments?post=17444"}],"wp:featuredmedia":[{"embeddable":true,"href":"https:\/\/pavidecor.si\/hr\/wp-json\/wp\/v2\/media\/14209"}],"wp:attachment":[{"href":"https:\/\/pavidecor.si\/hr\/wp-json\/wp\/v2\/media?parent=17444"}],"wp:term":[{"taxonomy":"product_brand","embeddable":true,"href":"https:\/\/pavidecor.si\/hr\/wp-json\/wp\/v2\/product_brand?post=17444"},{"taxonomy":"product_cat","embeddable":true,"href":"https:\/\/pavidecor.si\/hr\/wp-json\/wp\/v2\/product_cat?post=17444"},{"taxonomy":"product_tag","embeddable":true,"href":"https:\/\/pavidecor.si\/hr\/wp-json\/wp\/v2\/product_tag?post=17444"}],"curies":[{"name":"wp","href":"https:\/\/api.w.org\/{rel}","templated":true}]}}