	{"id":17404,"date":"2022-08-05T10:10:27","date_gmt":"2022-08-05T10:10:27","guid":{"rendered":"https:\/\/pavidecor.si\/product\/mini-novogodisnje-bozicno-drvce\/"},"modified":"2026-05-04T09:02:35","modified_gmt":"2026-05-04T09:02:35","slug":"mini-novogodisnje-bozicno-drvce","status":"publish","type":"product","link":"https:\/\/pavidecor.si\/hr\/proizvod\/mini-novogodisnje-bozicno-drvce\/","title":{"rendered":"Mini bo\u017ei\u0107no drvce"},"content":{"rendered":"<p><span class=\"prvimanjsinaslovopis\"> Mini bo\u017ei\u0107no drvce &#8211; Unesite djeli\u0107 prirode u svoj dom<\/span><\/p>\n<p>&nbsp;<\/p>\n<h2><span class=\"odebeljenopis\"><strong><br \/>\nOtkrijte na\u0161u mini novogodi\u0161nju jelu koja svojom jednostavnom elegancijom unosi prirodu u svaku prostoriju. Ovaj jedinstveni drveni proizvod idealan je za sve\u010dane dekoracije, jer se savr\u0161eno uklapa u rustikalne i moderne ambijente. U\u017eivajte u bezbri\u017enom slavlju uz na\u0161u prirodnu i nepretencioznu jelu koja \u0107e obogatiti va\u0161u bo\u017ei\u0107nu pri\u010du.<\/strong><\/span><\/h2>\n<p>&nbsp;<\/p>\n<div class=\"row\">\n<div class=\"col-sm-6 \" style=\"margin-top: 30px;\"><center><img decoding=\"async\" class=\"lazyload img-responsive\" style=\"margin: 0px auto; max-width: 100%;\" src=\"data:image\/svg+xml,%3Csvg%20xmlns%3D%27http%3A%2F%2Fwww.w3.org%2F2000%2Fsvg%27%20width%3D%272545%27%20height%3D%272545%27%20viewBox%3D%270%200%202545%202545%27%3E%3Crect%20width%3D%272545%27%20height%3D%272545%27%20fill-opacity%3D%220%22%2F%3E%3C%2Fsvg%3E\" data-orig-src=\"https:\/\/pavidecor.si\/wp-content\/uploads\/2022\/08\/IMG_6549-2.jpg\" \/><\/center><\/div>\n<div class=\"col-sm-6\" style=\"margin-top: 40px;\">\n<p>&nbsp;<\/p>\n<h3>Jedinstvena ru\u010dna izrada<\/h3>\n<p>Na\u0161a mini novogodi\u0161nja jela rezultat <b>je ru\u010dne izrade<\/b> koja se mo\u017ee pohvaliti detaljima spajanja drvenih dijelova kako su ih koristili stari majstori. U PAVI DECOR-u iz Ljubljane vjerujemo u ljubav prema drvu i prirodi, \u0161to se odra\u017eava u svakom na\u0161em proizvodu. Svaka jela pa\u017eljivo je dizajnirana i proizvedena u Sloveniji, \u0161to osigurava njezinu jedinstvenost i kvalitetu.<\/p>\n<p>&nbsp;<\/p>\n<p>Koriste\u0107i prirodne materijale i tradicionalne tehnike, na\u0161i proizvodi ne samo da izgledaju autenti\u010dno, ve\u0107 i unose toplinu i du\u0161u u va\u0161 dom. Mini bo\u017ei\u0107no drvce je bez iglica i savitljivih dijelova, \u0161to zna\u010di da je <b>jednostavno za odr\u017eavanje<\/b> i idealan je izbor za sve koji \u017eele bezbri\u017enu blagdansku atmosferu.<\/p>\n<p>&nbsp;<\/p>\n<\/div>\n<\/div>\n<div class=\"row\">\n<div class=\"col-sm-6 col-sm-push-6\" style=\"margin-top: 30px;\"><center><img decoding=\"async\" class=\"lazyload img-responsive\" style=\"margin: 0px auto; max-width: 100%;\" src=\"data:image\/svg+xml,%3Csvg%20xmlns%3D%27http%3A%2F%2Fwww.w3.org%2F2000%2Fsvg%27%20width%3D%272560%27%20height%3D%272560%27%20viewBox%3D%270%200%202560%202560%27%3E%3Crect%20width%3D%272560%27%20height%3D%272560%27%20fill-opacity%3D%220%22%2F%3E%3C%2Fsvg%3E\" data-orig-src=\"https:\/\/pavidecor.si\/wp-content\/uploads\/2022\/08\/IMG_6550-2-scaled.jpg\" \/><\/center><\/div>\n<div class=\"col-sm-6 col-sm-pull-6\" style=\"margin-top: 40px;\">\n<p>&nbsp;<\/p>\n<h3>Savr\u0161en izbor za svaku prostoriju<\/h3>\n<p>Zbog svoje male veli\u010dine i sofisticiranog dizajna, mini bo\u017ei\u0107no drvce savr\u0161eno se uklapa na va\u0161 stol, prozorsku dasku ili u bilo koji kutak va\u0161eg doma. Njegova rustikalna bijela boja lijepo se stapa sa shabby chic ambijentom, ali je istovremeno pogodna i za moderne prostore. <b>Kreirajte vlastitu bo\u017ei\u0107nu pri\u010du<\/b> s nekoliko mini bo\u017ei\u0107nih drvca i dodajte drvene svije\u0107njake iz na\u0161eg programa kako biste upotpunili blagdansku atmosferu.<\/p>\n<p>&nbsp;<\/p>\n<p>Na\u0161a drvce dizajnirano je da donese radost i toplinu u va\u0161 dom, bez obzira gdje ga postavite. Njegova jednostavna elegancija i prirodni materijali osiguravaju da \u0107e postati dio va\u0161e blagdanske tradicije. Zapamtite da je njegovo <strong>sastavljanje potpuno nepotrebno<\/strong>, \u0161to zna\u010di da mo\u017eete odmah u\u017eivati u njegovom \u0161armu.<\/p>\n<p>&nbsp;<\/p>\n<\/div>\n<\/div>\n<div class=\"row\">\n<div class=\"col-sm-6\" style=\"margin-top: 30px;\"><center><img decoding=\"async\" class=\"lazyload img-responsive\" style=\"margin: 0px auto; max-width: 100%;\" src=\"data:image\/svg+xml,%3Csvg%20xmlns%3D%27http%3A%2F%2Fwww.w3.org%2F2000%2Fsvg%27%20width%3D%272171%27%20height%3D%272172%27%20viewBox%3D%270%200%202171%202172%27%3E%3Crect%20width%3D%272171%27%20height%3D%272172%27%20fill-opacity%3D%220%22%2F%3E%3C%2Fsvg%3E\" data-orig-src=\"https:\/\/pavidecor.si\/wp-content\/uploads\/2022\/08\/IMG_6551-2.jpg\" \/><\/center><\/div>\n<div class=\"col-sm-6\" style=\"margin-top: 40px;\">\n<p>&nbsp;<\/p>\n<h3>Trajno rje\u0161enje za o\u010duvanje prirode<\/h3>\n<p>Odabirom na\u0161e mini novogodi\u0161nje jele ne samo da oboga\u0107ujete svoj dom, ve\u0107 i <b>doprinosite o\u010duvanju na\u0161ih \u0161uma<\/b>. Ovaj jedinstveni proizvod trajna je alternativa prirodnom bo\u017ei\u0107nom drvcu, \u0161to zna\u010di da mo\u017eete u\u017eivati u sve\u010danoj atmosferi bez brige o okoli\u0161u.<\/p>\n<p>&nbsp;<\/p>\n<p>Na\u0161a mini jela dizajnirana je <strong>da traje i donosi radost<\/strong> iz godine u godinu. Odabirom na\u0161e drvene jele podr\u017eavate lokalne obrtnike i odr\u017eivo orijentirane proizvode. U PAVI DECOR-u smo svjesni va\u017enosti prirode i nastojimo osigurati da na\u0161i proizvodi odra\u017eavaju tu vrijednost. Pridru\u017eite nam se u stvaranju odr\u017eivih blagdanskih tradicija.<\/p>\n<p>&nbsp;<\/p>\n<\/div>\n<\/div>\n<blockquote><p>Mini bo\u017ei\u0107no drvce svojom jednostavnom elegancijom donosi djeli\u0107 prirode u svaku sobu. Budu\u0107i da je mali, posebno \u0107e zasjati na va\u0161em stolu, samostalno ili u kombinaciji s drugim sve\u010danim ukrasima. Potpuno je prirodan i jednostavan za odr\u017eavanje, jer nema igle ni fleksibilne dijelove koji bi se mogli o\u0161tetiti. Na\u0161a jedinstvena drvena jela trajno \u0107e zamijeniti prirodno bo\u017ei\u0107no drvce i tako pomo\u0107i u o\u010duvanju na\u0161ih \u0161uma. Mini novogodi\u0161nje drvce u rustikalnoj bijeloj boji lijepo se uklapa u shabby chic ambijent, a pogodno je i za moderne ambijente. Mo\u017eete kreirati vlastitu bo\u017ei\u0107nu pri\u010du od nekoliko mini jela, a mo\u017eete dodati i drvene svije\u0107njake iz na\u0161eg programa. Nije potrebna monta\u017ea. Mini novogodi\u0161nje drvce mo\u017eete vidjeti i u na\u0161em <a href=\"https:\/\/pavidecor.si\/hr\/projects\/novogodisnji-ambijent\/\"><strong><span style=\"color: #3366ff;\">novogodi\u0161njem ambijentu<\/span><\/strong><\/a>.<\/p><\/blockquote>\n<p>&nbsp;<\/p>\n","protected":false},"excerpt":{"rendered":"<p><strong><span style=\"color: #c4963c;\">\u2192 Ru\u010dno izra\u0111eno<\/span><\/strong><strong><span style=\"color: #c4963c;\"><br \/>\n<\/span><span style=\"color: #c4963c;\">\u2192 Jedinstveno<\/span><\/strong><\/p>\n","protected":false},"featured_media":17406,"comment_status":"open","ping_status":"closed","template":"","meta":[],"product_brand":[],"product_cat":[369],"product_tag":[218,242],"class_list":{"0":"post-17404","1":"product","2":"type-product","3":"status-publish","4":"has-post-thumbnail","6":"product_cat-novogodisnja-bozicna-drvca","7":"product_tag-nov","8":"product_tag-novogodisnji-ambijent","10":"first","11":"instock","12":"taxable","13":"shipping-taxable","14":"purchasable","15":"product-type-simple"},"yoast_head":"<!-- This site is optimized with the Yoast SEO plugin v27.2 - https:\/\/yoast.com\/product\/yoast-seo-wordpress\/ -->\n<title>Mini bo\u017ei\u0107no drvce - Unesite djeli\u0107 prirode u svoj dom<\/title>\n<meta name=\"description\" content=\"Mini bo\u017ei\u0107no drvce svojom jednostavnom elegancijom donosi djeli\u0107 prirode u va\u0161 dom. Potpuno je prirodan i nepretenciozan za odr\u017eavanje. Jedinstven.\" \/>\n<meta name=\"robots\" content=\"index, follow, max-snippet:-1, max-image-preview:large, max-video-preview:-1\" \/>\n<link rel=\"canonical\" href=\"https:\/\/pavidecor.si\/hr\/proizvod\/mini-novogodisnje-bozicno-drvce\/\" \/>\n<meta property=\"og:locale\" content=\"hr_HR\" \/>\n<meta property=\"og:type\" content=\"article\" \/>\n<meta property=\"og:title\" content=\"Mini bo\u017ei\u0107no drvce - Unesite djeli\u0107 prirode u svoj dom\" \/>\n<meta property=\"og:description\" content=\"Mini bo\u017ei\u0107no drvce svojom jednostavnom elegancijom donosi djeli\u0107 prirode u va\u0161 dom. Potpuno je prirodan i nepretenciozan za odr\u017eavanje. Jedinstven.\" \/>\n<meta property=\"og:url\" content=\"https:\/\/pavidecor.si\/hr\/proizvod\/mini-novogodisnje-bozicno-drvce\/\" \/>\n<meta property=\"og:site_name\" content=\"Pavi Decor\" \/>\n<meta property=\"article:modified_time\" content=\"2026-05-04T09:02:35+00:00\" \/>\n<meta property=\"og:image\" content=\"https:\/\/pavidecor.si\/wp-content\/uploads\/2022\/08\/IMG_6549-2.jpg\" \/>\n\t<meta property=\"og:image:width\" content=\"2545\" \/>\n\t<meta property=\"og:image:height\" content=\"2545\" \/>\n\t<meta property=\"og:image:type\" content=\"image\/jpeg\" \/>\n<meta name=\"twitter:card\" content=\"summary_large_image\" \/>\n<meta name=\"twitter:label1\" content=\"Procijenjeno vrijeme \u010ditanja\" \/>\n\t<meta name=\"twitter:data1\" content=\"3 minute\" \/>\n<script type=\"application\/ld+json\" class=\"yoast-schema-graph\">{\"@context\":\"https:\/\/schema.org\",\"@graph\":[{\"@type\":\"WebPage\",\"@id\":\"https:\/\/pavidecor.si\/hr\/proizvod\/mini-novogodisnje-bozicno-drvce\/\",\"url\":\"https:\/\/pavidecor.si\/hr\/proizvod\/mini-novogodisnje-bozicno-drvce\/\",\"name\":\"Mini bo\u017ei\u0107no drvce - Unesite djeli\u0107 prirode u svoj dom\",\"isPartOf\":{\"@id\":\"https:\/\/pavidecor.si\/hr\/#website\"},\"primaryImageOfPage\":{\"@id\":\"https:\/\/pavidecor.si\/hr\/proizvod\/mini-novogodisnje-bozicno-drvce\/#primaryimage\"},\"image\":{\"@id\":\"https:\/\/pavidecor.si\/hr\/proizvod\/mini-novogodisnje-bozicno-drvce\/#primaryimage\"},\"thumbnailUrl\":\"https:\/\/pavidecor.si\/wp-content\/uploads\/2022\/08\/IMG_6549-2.jpg\",\"datePublished\":\"2022-08-05T10:10:27+00:00\",\"dateModified\":\"2026-05-04T09:02:35+00:00\",\"description\":\"Mini bo\u017ei\u0107no drvce svojom jednostavnom elegancijom donosi djeli\u0107 prirode u va\u0161 dom. Potpuno je prirodan i nepretenciozan za odr\u017eavanje. Jedinstven.\",\"breadcrumb\":{\"@id\":\"https:\/\/pavidecor.si\/hr\/proizvod\/mini-novogodisnje-bozicno-drvce\/#breadcrumb\"},\"inLanguage\":\"hr\",\"potentialAction\":[{\"@type\":\"ReadAction\",\"target\":[\"https:\/\/pavidecor.si\/hr\/proizvod\/mini-novogodisnje-bozicno-drvce\/\"]}]},{\"@type\":\"ImageObject\",\"inLanguage\":\"hr\",\"@id\":\"https:\/\/pavidecor.si\/hr\/proizvod\/mini-novogodisnje-bozicno-drvce\/#primaryimage\",\"url\":\"https:\/\/pavidecor.si\/wp-content\/uploads\/2022\/08\/IMG_6549-2.jpg\",\"contentUrl\":\"https:\/\/pavidecor.si\/wp-content\/uploads\/2022\/08\/IMG_6549-2.jpg\",\"width\":2545,\"height\":2545,\"caption\":\"PAVI DECOR\"},{\"@type\":\"BreadcrumbList\",\"@id\":\"https:\/\/pavidecor.si\/hr\/proizvod\/mini-novogodisnje-bozicno-drvce\/#breadcrumb\",\"itemListElement\":[{\"@type\":\"ListItem\",\"position\":1,\"name\":\"Domov\",\"item\":\"https:\/\/pavidecor.si\/hr\/\"},{\"@type\":\"ListItem\",\"position\":2,\"name\":\"Internetska trgovina\",\"item\":\"https:\/\/pavidecor.si\/hr\/internetska-trgovina\/\"},{\"@type\":\"ListItem\",\"position\":3,\"name\":\"Mini bo\u017ei\u0107no drvce\"}]},{\"@type\":\"WebSite\",\"@id\":\"https:\/\/pavidecor.si\/hr\/#website\",\"url\":\"https:\/\/pavidecor.si\/hr\/\",\"name\":\"Pavi Decor\",\"description\":\"Leseni unikati ustvarjeni iz ljubezni do lesa in narave.\",\"potentialAction\":[{\"@type\":\"SearchAction\",\"target\":{\"@type\":\"EntryPoint\",\"urlTemplate\":\"https:\/\/pavidecor.si\/hr\/?s={search_term_string}\"},\"query-input\":{\"@type\":\"PropertyValueSpecification\",\"valueRequired\":true,\"valueName\":\"search_term_string\"}}],\"inLanguage\":\"hr\"}]}<\/script>\n<!-- \/ Yoast SEO plugin. -->","yoast_head_json":{"title":"Mini bo\u017ei\u0107no drvce - Unesite djeli\u0107 prirode u svoj dom","description":"Mini bo\u017ei\u0107no drvce svojom jednostavnom elegancijom donosi djeli\u0107 prirode u va\u0161 dom. Potpuno je prirodan i nepretenciozan za odr\u017eavanje. Jedinstven.","robots":{"index":"index","follow":"follow","max-snippet":"max-snippet:-1","max-image-preview":"max-image-preview:large","max-video-preview":"max-video-preview:-1"},"canonical":"https:\/\/pavidecor.si\/hr\/proizvod\/mini-novogodisnje-bozicno-drvce\/","og_locale":"hr_HR","og_type":"article","og_title":"Mini bo\u017ei\u0107no drvce - Unesite djeli\u0107 prirode u svoj dom","og_description":"Mini bo\u017ei\u0107no drvce svojom jednostavnom elegancijom donosi djeli\u0107 prirode u va\u0161 dom. Potpuno je prirodan i nepretenciozan za odr\u017eavanje. Jedinstven.","og_url":"https:\/\/pavidecor.si\/hr\/proizvod\/mini-novogodisnje-bozicno-drvce\/","og_site_name":"Pavi Decor","article_modified_time":"2026-05-04T09:02:35+00:00","og_image":[{"width":2545,"height":2545,"url":"https:\/\/pavidecor.si\/wp-content\/uploads\/2022\/08\/IMG_6549-2.jpg","type":"image\/jpeg"}],"twitter_card":"summary_large_image","twitter_misc":{"Procijenjeno vrijeme \u010ditanja":"3 minute"},"schema":{"@context":"https:\/\/schema.org","@graph":[{"@type":"WebPage","@id":"https:\/\/pavidecor.si\/hr\/proizvod\/mini-novogodisnje-bozicno-drvce\/","url":"https:\/\/pavidecor.si\/hr\/proizvod\/mini-novogodisnje-bozicno-drvce\/","name":"Mini bo\u017ei\u0107no drvce - Unesite djeli\u0107 prirode u svoj dom","isPartOf":{"@id":"https:\/\/pavidecor.si\/hr\/#website"},"primaryImageOfPage":{"@id":"https:\/\/pavidecor.si\/hr\/proizvod\/mini-novogodisnje-bozicno-drvce\/#primaryimage"},"image":{"@id":"https:\/\/pavidecor.si\/hr\/proizvod\/mini-novogodisnje-bozicno-drvce\/#primaryimage"},"thumbnailUrl":"https:\/\/pavidecor.si\/wp-content\/uploads\/2022\/08\/IMG_6549-2.jpg","datePublished":"2022-08-05T10:10:27+00:00","dateModified":"2026-05-04T09:02:35+00:00","description":"Mini bo\u017ei\u0107no drvce svojom jednostavnom elegancijom donosi djeli\u0107 prirode u va\u0161 dom. Potpuno je prirodan i nepretenciozan za odr\u017eavanje. Jedinstven.","breadcrumb":{"@id":"https:\/\/pavidecor.si\/hr\/proizvod\/mini-novogodisnje-bozicno-drvce\/#breadcrumb"},"inLanguage":"hr","potentialAction":[{"@type":"ReadAction","target":["https:\/\/pavidecor.si\/hr\/proizvod\/mini-novogodisnje-bozicno-drvce\/"]}]},{"@type":"ImageObject","inLanguage":"hr","@id":"https:\/\/pavidecor.si\/hr\/proizvod\/mini-novogodisnje-bozicno-drvce\/#primaryimage","url":"https:\/\/pavidecor.si\/wp-content\/uploads\/2022\/08\/IMG_6549-2.jpg","contentUrl":"https:\/\/pavidecor.si\/wp-content\/uploads\/2022\/08\/IMG_6549-2.jpg","width":2545,"height":2545,"caption":"PAVI DECOR"},{"@type":"BreadcrumbList","@id":"https:\/\/pavidecor.si\/hr\/proizvod\/mini-novogodisnje-bozicno-drvce\/#breadcrumb","itemListElement":[{"@type":"ListItem","position":1,"name":"Domov","item":"https:\/\/pavidecor.si\/hr\/"},{"@type":"ListItem","position":2,"name":"Internetska trgovina","item":"https:\/\/pavidecor.si\/hr\/internetska-trgovina\/"},{"@type":"ListItem","position":3,"name":"Mini bo\u017ei\u0107no drvce"}]},{"@type":"WebSite","@id":"https:\/\/pavidecor.si\/hr\/#website","url":"https:\/\/pavidecor.si\/hr\/","name":"Pavi Decor","description":"Leseni unikati ustvarjeni iz ljubezni do lesa in narave.","potentialAction":[{"@type":"SearchAction","target":{"@type":"EntryPoint","urlTemplate":"https:\/\/pavidecor.si\/hr\/?s={search_term_string}"},"query-input":{"@type":"PropertyValueSpecification","valueRequired":true,"valueName":"search_term_string"}}],"inLanguage":"hr"}]}},"_links":{"self":[{"href":"https:\/\/pavidecor.si\/hr\/wp-json\/wp\/v2\/product\/17404","targetHints":{"allow":["GET"]}}],"collection":[{"href":"https:\/\/pavidecor.si\/hr\/wp-json\/wp\/v2\/product"}],"about":[{"href":"https:\/\/pavidecor.si\/hr\/wp-json\/wp\/v2\/types\/product"}],"replies":[{"embeddable":true,"href":"https:\/\/pavidecor.si\/hr\/wp-json\/wp\/v2\/comments?post=17404"}],"wp:featuredmedia":[{"embeddable":true,"href":"https:\/\/pavidecor.si\/hr\/wp-json\/wp\/v2\/media\/17406"}],"wp:attachment":[{"href":"https:\/\/pavidecor.si\/hr\/wp-json\/wp\/v2\/media?parent=17404"}],"wp:term":[{"taxonomy":"product_brand","embeddable":true,"href":"https:\/\/pavidecor.si\/hr\/wp-json\/wp\/v2\/product_brand?post=17404"},{"taxonomy":"product_cat","embeddable":true,"href":"https:\/\/pavidecor.si\/hr\/wp-json\/wp\/v2\/product_cat?post=17404"},{"taxonomy":"product_tag","embeddable":true,"href":"https:\/\/pavidecor.si\/hr\/wp-json\/wp\/v2\/product_tag?post=17404"}],"curies":[{"name":"wp","href":"https:\/\/api.w.org\/{rel}","templated":true}]}}