	{"id":17378,"date":"2022-08-05T09:34:13","date_gmt":"2022-08-05T09:34:13","guid":{"rendered":"https:\/\/pavidecor.si\/product\/klupski-stol-roma-o45x62cm\/"},"modified":"2026-04-19T19:21:48","modified_gmt":"2026-04-19T19:21:48","slug":"klupski-stol-roma-o45x62cm","status":"publish","type":"product","link":"https:\/\/pavidecor.si\/hr\/proizvod\/klupski-stol-roma-o45x62cm\/","title":{"rendered":"Klupski stol Roma \u00f845x62cm"},"content":{"rendered":"<p><span class=\"prvimanjsinaslovopis\"> Klupski stol Roma &#8211; Unikatna ljepota drva za svaki prostor<\/span><\/p>\n<p>&nbsp;<\/p>\n<h2><span class=\"odebeljenopis\"><strong> Klupski stol Roma predstavlja savr\u0161eni spoj funkcionalnosti i estetske privla\u010dnosti. Ru\u010dno izra\u0111ena iz jednog komada debla, ovaj stoli\u0107 donosi toplinu i autenti\u010dnost u svaki dom. Svojim jedinstvenim dizajnom i pa\u017eljivo odabranim materijalima, Roma je idealan izbor za sve ljubitelje prirode i drvenih proizvoda.<\/strong><\/span><\/h2>\n<p>&nbsp;<\/p>\n<div class=\"row\">\n<div class=\"col-sm-6 \" style=\"margin-top: 30px;\"><center><img decoding=\"async\" class=\"lazyload img-responsive\" style=\"margin: 0px auto; max-width: 100%;\" src=\"data:image\/svg+xml,%3Csvg%20xmlns%3D%27http%3A%2F%2Fwww.w3.org%2F2000%2Fsvg%27%20width%3D%272560%27%20height%3D%272560%27%20viewBox%3D%270%200%202560%202560%27%3E%3Crect%20width%3D%272560%27%20height%3D%272560%27%20fill-opacity%3D%220%22%2F%3E%3C%2Fsvg%3E\" data-orig-src=\"https:\/\/pavidecor.si\/wp-content\/uploads\/2022\/08\/IaMG_6539-2a-scaled.jpg\" \/><\/center><\/div>\n<div class=\"col-sm-6\" style=\"margin-top: 40px;\">\n<p>&nbsp;<\/p>\n<h3>Jedinstvena ru\u010dna izrada<\/h3>\n<p>Klupski stol Roma je rezultat strasti i ljubavi prema drvetu i prirodi, koju njeguje na\u0161a trgovina PAVI DECOR iz Ljubljane. Svaki komad namje\u0161taja izra\u0111en je ru\u010dno, s posebnom pa\u017enjom na detalje. Na\u0161a posebnost le\u017ei u tradicionalnim tehnikama spajanja drvenih dijelova, koje su koristili stari majstori. Ovaj na\u010din izrade ne samo da osigurava \u010dvrsto\u0107u i dugovje\u010dnost, ve\u0107 i daje svakom komadu jedinstven izgled. Stoli\u0107 Roma zadr\u017eava ve\u0107inu originalne strukture debla, \u0161to ga \u010dini pravim remek-djelom koje \u0107e obogatiti svaki prostor.<\/p>\n<p>&nbsp;<\/p>\n<p>Osim \u0161to je estetski privla\u010dan, ovaj klupski stol je i izuzetno funkcionalan. Njegova masivna gornja ploha pru\u017ea dovoljno prostora za odlaganje pi\u0107a, knjiga ili dekorativnih predmeta. <b>Vidljivi godovi i pukotine u drvetu<\/b> dodaju dodatni \u0161arm i karakter, \u010dine\u0107i svaki stol jedinstvenim. Bez obzira na to gdje ga postavite, Roma \u0107e zasigurno privu\u0107i pa\u017enju i postati centralni komad va\u0161eg interijera.<\/p>\n<p>&nbsp;<\/p>\n<\/div>\n<\/div>\n<div class=\"row\">\n<div class=\"col-sm-6 col-sm-push-6\" style=\"margin-top: 30px;\"><center><img decoding=\"async\" class=\"lazyload img-responsive\" style=\"margin: 0px auto; max-width: 100%;\" src=\"data:image\/svg+xml,%3Csvg%20xmlns%3D%27http%3A%2F%2Fwww.w3.org%2F2000%2Fsvg%27%20width%3D%272560%27%20height%3D%272560%27%20viewBox%3D%270%200%202560%202560%27%3E%3Crect%20width%3D%272560%27%20height%3D%272560%27%20fill-opacity%3D%220%22%2F%3E%3C%2Fsvg%3E\" data-orig-src=\" https:\/\/pavidecor.si\/wp-content\/uploads\/2022\/08\/IMG_6536-2-scaled.jpg\" \/><\/center><\/div>\n<div class=\"col-sm-6 col-sm-pull-6\" style=\"margin-top: 40px;\">\n<p>&nbsp;<\/p>\n<h3>Fleksibilnost i svestranost<\/h3>\n<p>Klupski stoli\u0107 Roma nije samo lijep komad namje\u0161taja, ve\u0107 i izuzetno svestran. Mo\u017ee se koristiti u razli\u010ditim prostorima, od dnevnog boravka do spava\u0107e sobe. Njegove tri metalne noge osiguravaju stabilnost na svim podlogama, \u010dak i na neravnim povr\u0161inama. Ova karakteristika \u010dini ga idealnom za kori\u0161tenje na terasama, balkonima ili \u010dak u vrtu.<\/p>\n<p>&nbsp;<\/p>\n<p>Zamislite kako ovaj predivan stoli\u0107 mo\u017ee obogatiti va\u0161u dnevnu sobu ili blagovaonu, <strong>pru\u017eaju\u0107i toplinu i udobnost<\/strong>. Tako\u0111er, mo\u017ee poslu\u017eiti kao no\u0107ni ormari\u0107 u spava\u0107oj sobi, gdje \u0107e dodati da\u0161ak prirode i elegancije. Klupski stol Roma savr\u0161eno se uklapa u svaki ambijent, bilo da je rije\u010d o modernom, rustikalnom ili klasi\u010dnom stilu.<\/p>\n<p>&nbsp;<\/p>\n<\/div>\n<\/div>\n<div class=\"row\">\n<div class=\"col-sm-6\" style=\"margin-top: 30px;\"><center><img decoding=\"async\" class=\"lazyload img-responsive\" style=\"margin: 0px auto; max-width: 100%;\" src=\"data:image\/svg+xml,%3Csvg%20xmlns%3D%27http%3A%2F%2Fwww.w3.org%2F2000%2Fsvg%27%20width%3D%272560%27%20height%3D%272560%27%20viewBox%3D%270%200%202560%202560%27%3E%3Crect%20width%3D%272560%27%20height%3D%272560%27%20fill-opacity%3D%220%22%2F%3E%3C%2Fsvg%3E\" data-orig-src=\" https:\/\/pavidecor.si\/wp-content\/uploads\/2022\/08\/IMG_6537-2-scaled.jpg\" \/><\/center><\/div>\n<div class=\"col-sm-6\" style=\"margin-top: 40px;\">\n<p>&nbsp;<\/p>\n<h3>Specifikacije proizvoda<\/h3>\n<p>Klupski stol Roma izra\u0111en je od jednog komada debla, \u0161to mu daje jedinstven karakter. Njegova gornja ploha je masivna, a vidljivi godovi i pukotine u drvetu doprinose njegovom dekorativnom \u0161armu. Tri metalne noge osiguravaju stabilnost na svim podlogama, dok se stoli\u0107 mo\u017ee koristiti u razli\u010ditim prostorima, uklju\u010duju\u0107i dnevne sobe, blagovaone, spava\u0107e sobe, terase i vrtove.<\/p>\n<p>&nbsp;<\/p>\n<p>Ovaj klupski stoli\u0107 je savr\u0161en izbor za sve koji \u017eele <strong>unijeti prirodu u svoj dom<\/strong>. Svi na\u0161i proizvodi su rezultat vlastitog znanja i kreativnosti, a izra\u0111eni su u Sloveniji s ljubavlju prema drvetu i prirodi. Posjetite na\u0161u trgovinu PAVI DECOR i otkrijte ljepotu ru\u010dno izra\u0111enih drvenih proizvoda.<\/p>\n<\/div>\n<\/div>\n<p>&nbsp;<\/p>\n","protected":false},"excerpt":{"rendered":"<p><strong><span style=\"color: #c4963c;\">\u2192 Rukotvorine<br \/>\n<\/span><span style=\"color: #c4963c;\">\u2192 Jedinstven<\/span><\/strong><\/p>\n","protected":false},"featured_media":17380,"comment_status":"open","ping_status":"closed","template":"","meta":[],"product_brand":[],"product_cat":[224],"product_tag":[218],"class_list":{"0":"post-17378","1":"product","2":"type-product","3":"status-publish","4":"has-post-thumbnail","6":"product_cat-klupski-stolovi","7":"product_tag-nov","9":"first","10":"instock","11":"sold-individually","12":"taxable","13":"shipping-taxable","14":"purchasable","15":"product-type-simple"},"yoast_head":"<!-- This site is optimized with the Yoast SEO plugin v27.2 - https:\/\/yoast.com\/product\/yoast-seo-wordpress\/ -->\n<title>Klupski stol Roma - Unikatan ru\u010dno izra\u0111en drveni stoli\u0107<\/title>\n<meta name=\"description\" content=\"Prakti\u010dni klupski stol ru\u010dno je izra\u0111en od komada debla i obra\u0111en kako bi zadr\u017eao izvornu strukturu drva, s godovima i pukotinama u drvu.\" \/>\n<meta name=\"robots\" content=\"index, follow, max-snippet:-1, max-image-preview:large, max-video-preview:-1\" \/>\n<link rel=\"canonical\" href=\"https:\/\/pavidecor.si\/hr\/proizvod\/klupski-stol-roma-o45x62cm\/\" \/>\n<meta property=\"og:locale\" content=\"hr_HR\" \/>\n<meta property=\"og:type\" content=\"article\" \/>\n<meta property=\"og:title\" content=\"Klupski stol Roma - Unikatan ru\u010dno izra\u0111en drveni stoli\u0107\" \/>\n<meta property=\"og:description\" content=\"Prakti\u010dni klupski stol ru\u010dno je izra\u0111en od komada debla i obra\u0111en kako bi zadr\u017eao izvornu strukturu drva, s godovima i pukotinama u drvu.\" \/>\n<meta property=\"og:url\" content=\"https:\/\/pavidecor.si\/hr\/proizvod\/klupski-stol-roma-o45x62cm\/\" \/>\n<meta property=\"og:site_name\" content=\"Pavi Decor\" \/>\n<meta property=\"article:modified_time\" content=\"2026-04-19T19:21:48+00:00\" \/>\n<meta property=\"og:image\" content=\"https:\/\/pavidecor.si\/wp-content\/uploads\/2022\/08\/IaMG_6539-2a-scaled.jpg\" \/>\n\t<meta property=\"og:image:width\" content=\"2560\" \/>\n\t<meta property=\"og:image:height\" content=\"2560\" \/>\n\t<meta property=\"og:image:type\" content=\"image\/jpeg\" \/>\n<meta name=\"twitter:card\" content=\"summary_large_image\" \/>\n<meta name=\"twitter:label1\" content=\"Procijenjeno vrijeme \u010ditanja\" \/>\n\t<meta name=\"twitter:data1\" content=\"4 minute\" \/>\n<script type=\"application\/ld+json\" class=\"yoast-schema-graph\">{\"@context\":\"https:\/\/schema.org\",\"@graph\":[{\"@type\":\"WebPage\",\"@id\":\"https:\/\/pavidecor.si\/hr\/proizvod\/klupski-stol-roma-o45x62cm\/\",\"url\":\"https:\/\/pavidecor.si\/hr\/proizvod\/klupski-stol-roma-o45x62cm\/\",\"name\":\"Klupski stol Roma - Unikatan ru\u010dno izra\u0111en drveni stoli\u0107\",\"isPartOf\":{\"@id\":\"https:\/\/pavidecor.si\/hr\/#website\"},\"primaryImageOfPage\":{\"@id\":\"https:\/\/pavidecor.si\/hr\/proizvod\/klupski-stol-roma-o45x62cm\/#primaryimage\"},\"image\":{\"@id\":\"https:\/\/pavidecor.si\/hr\/proizvod\/klupski-stol-roma-o45x62cm\/#primaryimage\"},\"thumbnailUrl\":\"https:\/\/pavidecor.si\/wp-content\/uploads\/2022\/08\/IaMG_6539-2a-scaled.jpg\",\"datePublished\":\"2022-08-05T09:34:13+00:00\",\"dateModified\":\"2026-04-19T19:21:48+00:00\",\"description\":\"Prakti\u010dni klupski stol ru\u010dno je izra\u0111en od komada debla i obra\u0111en kako bi zadr\u017eao izvornu strukturu drva, s godovima i pukotinama u drvu.\",\"breadcrumb\":{\"@id\":\"https:\/\/pavidecor.si\/hr\/proizvod\/klupski-stol-roma-o45x62cm\/#breadcrumb\"},\"inLanguage\":\"hr\",\"potentialAction\":[{\"@type\":\"ReadAction\",\"target\":[\"https:\/\/pavidecor.si\/hr\/proizvod\/klupski-stol-roma-o45x62cm\/\"]}]},{\"@type\":\"ImageObject\",\"inLanguage\":\"hr\",\"@id\":\"https:\/\/pavidecor.si\/hr\/proizvod\/klupski-stol-roma-o45x62cm\/#primaryimage\",\"url\":\"https:\/\/pavidecor.si\/wp-content\/uploads\/2022\/08\/IaMG_6539-2a-scaled.jpg\",\"contentUrl\":\"https:\/\/pavidecor.si\/wp-content\/uploads\/2022\/08\/IaMG_6539-2a-scaled.jpg\",\"width\":2560,\"height\":2560,\"caption\":\"PAVI DECOR\"},{\"@type\":\"BreadcrumbList\",\"@id\":\"https:\/\/pavidecor.si\/hr\/proizvod\/klupski-stol-roma-o45x62cm\/#breadcrumb\",\"itemListElement\":[{\"@type\":\"ListItem\",\"position\":1,\"name\":\"Domov\",\"item\":\"https:\/\/pavidecor.si\/hr\/\"},{\"@type\":\"ListItem\",\"position\":2,\"name\":\"Internetska trgovina\",\"item\":\"https:\/\/pavidecor.si\/hr\/internetska-trgovina\/\"},{\"@type\":\"ListItem\",\"position\":3,\"name\":\"Klupski stol Roma \u00f845x62cm\"}]},{\"@type\":\"WebSite\",\"@id\":\"https:\/\/pavidecor.si\/hr\/#website\",\"url\":\"https:\/\/pavidecor.si\/hr\/\",\"name\":\"Pavi Decor\",\"description\":\"Leseni unikati ustvarjeni iz ljubezni do lesa in narave.\",\"potentialAction\":[{\"@type\":\"SearchAction\",\"target\":{\"@type\":\"EntryPoint\",\"urlTemplate\":\"https:\/\/pavidecor.si\/hr\/?s={search_term_string}\"},\"query-input\":{\"@type\":\"PropertyValueSpecification\",\"valueRequired\":true,\"valueName\":\"search_term_string\"}}],\"inLanguage\":\"hr\"}]}<\/script>\n<!-- \/ Yoast SEO plugin. -->","yoast_head_json":{"title":"Klupski stol Roma - Unikatan ru\u010dno izra\u0111en drveni stoli\u0107","description":"Prakti\u010dni klupski stol ru\u010dno je izra\u0111en od komada debla i obra\u0111en kako bi zadr\u017eao izvornu strukturu drva, s godovima i pukotinama u drvu.","robots":{"index":"index","follow":"follow","max-snippet":"max-snippet:-1","max-image-preview":"max-image-preview:large","max-video-preview":"max-video-preview:-1"},"canonical":"https:\/\/pavidecor.si\/hr\/proizvod\/klupski-stol-roma-o45x62cm\/","og_locale":"hr_HR","og_type":"article","og_title":"Klupski stol Roma - Unikatan ru\u010dno izra\u0111en drveni stoli\u0107","og_description":"Prakti\u010dni klupski stol ru\u010dno je izra\u0111en od komada debla i obra\u0111en kako bi zadr\u017eao izvornu strukturu drva, s godovima i pukotinama u drvu.","og_url":"https:\/\/pavidecor.si\/hr\/proizvod\/klupski-stol-roma-o45x62cm\/","og_site_name":"Pavi Decor","article_modified_time":"2026-04-19T19:21:48+00:00","og_image":[{"width":2560,"height":2560,"url":"https:\/\/pavidecor.si\/wp-content\/uploads\/2022\/08\/IaMG_6539-2a-scaled.jpg","type":"image\/jpeg"}],"twitter_card":"summary_large_image","twitter_misc":{"Procijenjeno vrijeme \u010ditanja":"4 minute"},"schema":{"@context":"https:\/\/schema.org","@graph":[{"@type":"WebPage","@id":"https:\/\/pavidecor.si\/hr\/proizvod\/klupski-stol-roma-o45x62cm\/","url":"https:\/\/pavidecor.si\/hr\/proizvod\/klupski-stol-roma-o45x62cm\/","name":"Klupski stol Roma - Unikatan ru\u010dno izra\u0111en drveni stoli\u0107","isPartOf":{"@id":"https:\/\/pavidecor.si\/hr\/#website"},"primaryImageOfPage":{"@id":"https:\/\/pavidecor.si\/hr\/proizvod\/klupski-stol-roma-o45x62cm\/#primaryimage"},"image":{"@id":"https:\/\/pavidecor.si\/hr\/proizvod\/klupski-stol-roma-o45x62cm\/#primaryimage"},"thumbnailUrl":"https:\/\/pavidecor.si\/wp-content\/uploads\/2022\/08\/IaMG_6539-2a-scaled.jpg","datePublished":"2022-08-05T09:34:13+00:00","dateModified":"2026-04-19T19:21:48+00:00","description":"Prakti\u010dni klupski stol ru\u010dno je izra\u0111en od komada debla i obra\u0111en kako bi zadr\u017eao izvornu strukturu drva, s godovima i pukotinama u drvu.","breadcrumb":{"@id":"https:\/\/pavidecor.si\/hr\/proizvod\/klupski-stol-roma-o45x62cm\/#breadcrumb"},"inLanguage":"hr","potentialAction":[{"@type":"ReadAction","target":["https:\/\/pavidecor.si\/hr\/proizvod\/klupski-stol-roma-o45x62cm\/"]}]},{"@type":"ImageObject","inLanguage":"hr","@id":"https:\/\/pavidecor.si\/hr\/proizvod\/klupski-stol-roma-o45x62cm\/#primaryimage","url":"https:\/\/pavidecor.si\/wp-content\/uploads\/2022\/08\/IaMG_6539-2a-scaled.jpg","contentUrl":"https:\/\/pavidecor.si\/wp-content\/uploads\/2022\/08\/IaMG_6539-2a-scaled.jpg","width":2560,"height":2560,"caption":"PAVI DECOR"},{"@type":"BreadcrumbList","@id":"https:\/\/pavidecor.si\/hr\/proizvod\/klupski-stol-roma-o45x62cm\/#breadcrumb","itemListElement":[{"@type":"ListItem","position":1,"name":"Domov","item":"https:\/\/pavidecor.si\/hr\/"},{"@type":"ListItem","position":2,"name":"Internetska trgovina","item":"https:\/\/pavidecor.si\/hr\/internetska-trgovina\/"},{"@type":"ListItem","position":3,"name":"Klupski stol Roma \u00f845x62cm"}]},{"@type":"WebSite","@id":"https:\/\/pavidecor.si\/hr\/#website","url":"https:\/\/pavidecor.si\/hr\/","name":"Pavi Decor","description":"Leseni unikati ustvarjeni iz ljubezni do lesa in narave.","potentialAction":[{"@type":"SearchAction","target":{"@type":"EntryPoint","urlTemplate":"https:\/\/pavidecor.si\/hr\/?s={search_term_string}"},"query-input":{"@type":"PropertyValueSpecification","valueRequired":true,"valueName":"search_term_string"}}],"inLanguage":"hr"}]}},"_links":{"self":[{"href":"https:\/\/pavidecor.si\/hr\/wp-json\/wp\/v2\/product\/17378","targetHints":{"allow":["GET"]}}],"collection":[{"href":"https:\/\/pavidecor.si\/hr\/wp-json\/wp\/v2\/product"}],"about":[{"href":"https:\/\/pavidecor.si\/hr\/wp-json\/wp\/v2\/types\/product"}],"replies":[{"embeddable":true,"href":"https:\/\/pavidecor.si\/hr\/wp-json\/wp\/v2\/comments?post=17378"}],"wp:featuredmedia":[{"embeddable":true,"href":"https:\/\/pavidecor.si\/hr\/wp-json\/wp\/v2\/media\/17380"}],"wp:attachment":[{"href":"https:\/\/pavidecor.si\/hr\/wp-json\/wp\/v2\/media?parent=17378"}],"wp:term":[{"taxonomy":"product_brand","embeddable":true,"href":"https:\/\/pavidecor.si\/hr\/wp-json\/wp\/v2\/product_brand?post=17378"},{"taxonomy":"product_cat","embeddable":true,"href":"https:\/\/pavidecor.si\/hr\/wp-json\/wp\/v2\/product_cat?post=17378"},{"taxonomy":"product_tag","embeddable":true,"href":"https:\/\/pavidecor.si\/hr\/wp-json\/wp\/v2\/product_tag?post=17378"}],"curies":[{"name":"wp","href":"https:\/\/api.w.org\/{rel}","templated":true}]}}