	{"id":17361,"date":"2022-08-09T09:02:01","date_gmt":"2022-08-09T09:02:01","guid":{"rendered":"https:\/\/pavidecor.si\/product\/dekorativno-veslo-smede-o4x230cm\/"},"modified":"2026-04-27T08:24:07","modified_gmt":"2026-04-27T08:24:07","slug":"dekorativno-veslo-smede-o4x230cm","status":"publish","type":"product","link":"https:\/\/pavidecor.si\/hr\/proizvod\/dekorativno-veslo-smede-o4x230cm\/","title":{"rendered":"Dekorativno veslo sme\u0111e \u00f84x230cm"},"content":{"rendered":"<p><span class=\"prvimanjsinaslovopis\"> Dekorativno veslo &#8211; Unikatni morski dekor za va\u0161 dom<\/span><\/p>\n<p>&nbsp;<\/p>\n<h2><span class=\"odebeljenopis\"><strong> U\u017eivajte u \u010daroliji mora s na\u0161im dekorativnim veslom, koje unosi miris oceana i opu\u0161tanje u svaki prostor. Ovaj jedinstveni komad savr\u0161eno je rje\u0161enje za ukra\u0161avanje va\u0161eg doma, lokala ili vikendice, donose\u0107i sje\u0107anja na nezaboravne ljetne trenutke.<\/strong><\/span><\/h2>\n<p>&nbsp;<\/p>\n<div class=\"row\">\n<div class=\"col-sm-6 \" style=\"margin-top: 30px;\"><center><img decoding=\"async\" class=\"lazyload img-responsive\" style=\"margin: 0px auto; max-width: 100%;\" src=\"data:image\/svg+xml,%3Csvg%20xmlns%3D%27http%3A%2F%2Fwww.w3.org%2F2000%2Fsvg%27%20width%3D%272011%27%20height%3D%272011%27%20viewBox%3D%270%200%202011%202011%27%3E%3Crect%20width%3D%272011%27%20height%3D%272011%27%20fill-opacity%3D%220%22%2F%3E%3C%2Fsvg%3E\" data-orig-src=\"https:\/\/pavidecor.si\/wp-content\/uploads\/2022\/08\/1IMG_6592-2.jpg\" \/><\/center><\/div>\n<div class=\"col-sm-6\" style=\"margin-top: 40px;\">\n<p>&nbsp;<\/p>\n<h3>Unikatna ru\u010dna izrada<\/h3>\n<p>Na\u0161a trgovina PAVI DECOR iz Ljubljane ponosi se ru\u010dno izra\u0111enim dekorativnim veslima koja su rezultat strasti prema drvetu i prirodi. Svaki komad je jedinstven, izra\u0111en s pa\u017enjom i ljubavlju, koriste\u0107i <strong>tradicionalne tehnike obrade<\/strong>\u00a0drvenih dijelova koje su koristili stari majstori.<\/p>\n<p>&nbsp;<\/p>\n<p>Ova metoda izrade daje na\u0161im proizvodima <strong>autenti\u010dan izgled<\/strong>, \u010dine\u0107i ih savr\u0161enim dodatkom za svaki interijer. Na\u0161a vesla ne samo da su dekorativna, ve\u0107 i simboliziraju povezanost s morem i prirodom, stvaraju\u0107i ugodnu atmosferu u va\u0161em prostoru.<\/p>\n<p>&nbsp;<\/p>\n<p>&nbsp;<\/p>\n<\/div>\n<\/div>\n<div class=\"row\">\n<div class=\"col-sm-6 col-sm-push-6\" style=\"margin-top: 30px;\"><center><img decoding=\"async\" class=\"lazyload img-responsive\" style=\"margin: 0px auto; max-width: 100%;\" src=\"data:image\/svg+xml,%3Csvg%20xmlns%3D%27http%3A%2F%2Fwww.w3.org%2F2000%2Fsvg%27%20width%3D%272560%27%20height%3D%272560%27%20viewBox%3D%270%200%202560%202560%27%3E%3Crect%20width%3D%272560%27%20height%3D%272560%27%20fill-opacity%3D%220%22%2F%3E%3C%2Fsvg%3E\" data-orig-src=\" https:\/\/pavidecor.si\/wp-content\/uploads\/2022\/08\/2IMG_6568-2-scaled.jpg\" \/><\/center><\/div>\n<div class=\"col-sm-6 col-sm-pull-6\" style=\"margin-top: 40px;\">\n<p>&nbsp;<\/p>\n<h3>Prilagodite svoje veslo<\/h3>\n<p>Svako dekorativno veslo mo\u017ee se prilagoditi va\u0161im \u017eeljama. Nudimo <strong>mogu\u0107nost izbora <\/strong><b>du\u017eine, boje i natpisa<\/b> na veslu, \u0161to ga \u010dini savr\u0161enim poklonom ili osobnim dodatkom za va\u0161 dom. Osnovne boje su bijela i sme\u0111a, a svaki komad o\u017eivljavaju \u0161areni detalji, natpisi i brojevi.<\/p>\n<p>&nbsp;<\/p>\n<p>Na\u0161a vesla su idealna za stvaranje <a href=\"https:\/\/pavidecor.si\/hr\/projects\/morski-ambijent\/\"><span style=\"color: #3366ff;\"><strong>morskog ambijenta<\/strong><\/span><\/a>, bilo da se radi o dnevnom boravku, restoranu ili vikendici. U\u017eivajte u ljetnoj idili kroz na\u0161u ponudu unikatnih proizvoda koji \u0107e vas podsje\u0107ati na sun\u010dane dane provedene uz more.<\/p>\n<p>&nbsp;<\/p>\n<p>&nbsp;<\/p>\n<\/div>\n<\/div>\n<div class=\"row\">\n<div class=\"col-sm-6\" style=\"margin-top: 30px;\"><center><img decoding=\"async\" class=\"lazyload img-responsive\" style=\"margin: 0px auto; max-width: 100%;\" src=\"data:image\/svg+xml,%3Csvg%20xmlns%3D%27http%3A%2F%2Fwww.w3.org%2F2000%2Fsvg%27%20width%3D%272560%27%20height%3D%272560%27%20viewBox%3D%270%200%202560%202560%27%3E%3Crect%20width%3D%272560%27%20height%3D%272560%27%20fill-opacity%3D%220%22%2F%3E%3C%2Fsvg%3E\" data-orig-src=\" https:\/\/pavidecor.si\/wp-content\/uploads\/2022\/05\/Vesla-12-scaled.jpg\" \/><\/center><\/div>\n<div class=\"col-sm-6\" style=\"margin-top: 40px;\">\n<p>&nbsp;<\/p>\n<h3>Specifikacije proizvoda<\/h3>\n<p>Na\u0161a dekorativna vesla su izra\u0111ena od kvalitetnog drva, s pa\u017enjom na svaki detalj. <b>Dimenzije<\/b><strong> vesla su prilagodljive<\/strong>, a osnovne boje su bijela i sme\u0111a, s dodatnim \u0161arenim detaljima. Svako veslo je ru\u010dno oslikano i jedinstveno, \u0161to ga \u010dini savr\u0161enim dodatkom za svaki prostor.<\/p>\n<p>&nbsp;<\/p>\n<p>Tako\u0111er, nudimo mogu\u0107nost izrade vesla po narud\u017ebi, prilago\u0111avaju\u0107i ga va\u0161im specifi\u010dnim potrebama. Na\u0161a vesla su savr\u0161ena za ukra\u0161avanje interijera, <strong>stvaraju\u0107i jedinstvenu atmosferu<\/strong> koja \u0107e vas podsje\u0107ati na more i ljetne avanture.<\/p>\n<\/div>\n<\/div>\n<p>&nbsp;<\/p>\n","protected":false},"excerpt":{"rendered":"<p><strong><span style=\"color: #c4963c;\">\u2192 Ru\u010dni rad<\/span><\/strong><strong><span style=\"color: #c4963c;\"><br \/>\n<\/span><span style=\"color: #c4963c;\">\u2192 Jedinstveno<\/span><\/strong><\/p>\n","protected":false},"featured_media":17368,"comment_status":"open","ping_status":"closed","template":"","meta":[],"product_brand":[],"product_cat":[357],"product_tag":[218],"class_list":{"0":"post-17361","1":"product","2":"type-product","3":"status-publish","4":"has-post-thumbnail","6":"product_cat-vesla-hr","7":"product_tag-nov","9":"first","10":"instock","11":"taxable","12":"shipping-taxable","13":"purchasable","14":"product-type-simple"},"yoast_head":"<!-- This site is optimized with the Yoast SEO plugin v27.2 - https:\/\/yoast.com\/product\/yoast-seo-wordpress\/ -->\n<title>Dekorativno veslo - Unikatni morski dekor za va\u0161 dom<\/title>\n<meta name=\"description\" content=\"Dekorativno veslo donosi miris mora, opu\u0161tanje i uspomenu na odmor u prostore. Svaki je jedinstven. Tako\u0111er izra\u0111ujemo vesla po narud\u017ebi.\" \/>\n<meta name=\"robots\" content=\"index, follow, max-snippet:-1, max-image-preview:large, max-video-preview:-1\" \/>\n<link rel=\"canonical\" href=\"https:\/\/pavidecor.si\/hr\/proizvod\/dekorativno-veslo-smede-o4x230cm\/\" \/>\n<meta property=\"og:locale\" content=\"hr_HR\" \/>\n<meta property=\"og:type\" content=\"article\" \/>\n<meta property=\"og:title\" content=\"Dekorativno veslo - Unikatni morski dekor za va\u0161 dom\" \/>\n<meta property=\"og:description\" content=\"Dekorativno veslo donosi miris mora, opu\u0161tanje i uspomenu na odmor u prostore. Svaki je jedinstven. Tako\u0111er izra\u0111ujemo vesla po narud\u017ebi.\" \/>\n<meta property=\"og:url\" content=\"https:\/\/pavidecor.si\/hr\/proizvod\/dekorativno-veslo-smede-o4x230cm\/\" \/>\n<meta property=\"og:site_name\" content=\"Pavi Decor\" \/>\n<meta property=\"article:modified_time\" content=\"2026-04-27T08:24:07+00:00\" \/>\n<meta property=\"og:image\" content=\"https:\/\/pavidecor.si\/wp-content\/uploads\/2022\/08\/1IMG_6592-2.jpg\" \/>\n\t<meta property=\"og:image:width\" content=\"2011\" \/>\n\t<meta property=\"og:image:height\" content=\"2011\" \/>\n\t<meta property=\"og:image:type\" content=\"image\/jpeg\" \/>\n<meta name=\"twitter:card\" content=\"summary_large_image\" \/>\n<meta name=\"twitter:label1\" content=\"Procijenjeno vrijeme \u010ditanja\" \/>\n\t<meta name=\"twitter:data1\" content=\"3 minute\" \/>\n<script type=\"application\/ld+json\" class=\"yoast-schema-graph\">{\"@context\":\"https:\/\/schema.org\",\"@graph\":[{\"@type\":\"WebPage\",\"@id\":\"https:\/\/pavidecor.si\/hr\/proizvod\/dekorativno-veslo-smede-o4x230cm\/\",\"url\":\"https:\/\/pavidecor.si\/hr\/proizvod\/dekorativno-veslo-smede-o4x230cm\/\",\"name\":\"Dekorativno veslo - Unikatni morski dekor za va\u0161 dom\",\"isPartOf\":{\"@id\":\"https:\/\/pavidecor.si\/hr\/#website\"},\"primaryImageOfPage\":{\"@id\":\"https:\/\/pavidecor.si\/hr\/proizvod\/dekorativno-veslo-smede-o4x230cm\/#primaryimage\"},\"image\":{\"@id\":\"https:\/\/pavidecor.si\/hr\/proizvod\/dekorativno-veslo-smede-o4x230cm\/#primaryimage\"},\"thumbnailUrl\":\"https:\/\/pavidecor.si\/wp-content\/uploads\/2022\/08\/1IMG_6592-2.jpg\",\"datePublished\":\"2022-08-09T09:02:01+00:00\",\"dateModified\":\"2026-04-27T08:24:07+00:00\",\"description\":\"Dekorativno veslo donosi miris mora, opu\u0161tanje i uspomenu na odmor u prostore. Svaki je jedinstven. Tako\u0111er izra\u0111ujemo vesla po narud\u017ebi.\",\"breadcrumb\":{\"@id\":\"https:\/\/pavidecor.si\/hr\/proizvod\/dekorativno-veslo-smede-o4x230cm\/#breadcrumb\"},\"inLanguage\":\"hr\",\"potentialAction\":[{\"@type\":\"ReadAction\",\"target\":[\"https:\/\/pavidecor.si\/hr\/proizvod\/dekorativno-veslo-smede-o4x230cm\/\"]}]},{\"@type\":\"ImageObject\",\"inLanguage\":\"hr\",\"@id\":\"https:\/\/pavidecor.si\/hr\/proizvod\/dekorativno-veslo-smede-o4x230cm\/#primaryimage\",\"url\":\"https:\/\/pavidecor.si\/wp-content\/uploads\/2022\/08\/1IMG_6592-2.jpg\",\"contentUrl\":\"https:\/\/pavidecor.si\/wp-content\/uploads\/2022\/08\/1IMG_6592-2.jpg\",\"width\":2011,\"height\":2011,\"caption\":\"PAVI DECOR\"},{\"@type\":\"BreadcrumbList\",\"@id\":\"https:\/\/pavidecor.si\/hr\/proizvod\/dekorativno-veslo-smede-o4x230cm\/#breadcrumb\",\"itemListElement\":[{\"@type\":\"ListItem\",\"position\":1,\"name\":\"Domov\",\"item\":\"https:\/\/pavidecor.si\/hr\/\"},{\"@type\":\"ListItem\",\"position\":2,\"name\":\"Internetska trgovina\",\"item\":\"https:\/\/pavidecor.si\/hr\/internetska-trgovina\/\"},{\"@type\":\"ListItem\",\"position\":3,\"name\":\"Dekorativno veslo sme\u0111e \u00f84x230cm\"}]},{\"@type\":\"WebSite\",\"@id\":\"https:\/\/pavidecor.si\/hr\/#website\",\"url\":\"https:\/\/pavidecor.si\/hr\/\",\"name\":\"Pavi Decor\",\"description\":\"Leseni unikati ustvarjeni iz ljubezni do lesa in narave.\",\"potentialAction\":[{\"@type\":\"SearchAction\",\"target\":{\"@type\":\"EntryPoint\",\"urlTemplate\":\"https:\/\/pavidecor.si\/hr\/?s={search_term_string}\"},\"query-input\":{\"@type\":\"PropertyValueSpecification\",\"valueRequired\":true,\"valueName\":\"search_term_string\"}}],\"inLanguage\":\"hr\"}]}<\/script>\n<!-- \/ Yoast SEO plugin. -->","yoast_head_json":{"title":"Dekorativno veslo - Unikatni morski dekor za va\u0161 dom","description":"Dekorativno veslo donosi miris mora, opu\u0161tanje i uspomenu na odmor u prostore. Svaki je jedinstven. Tako\u0111er izra\u0111ujemo vesla po narud\u017ebi.","robots":{"index":"index","follow":"follow","max-snippet":"max-snippet:-1","max-image-preview":"max-image-preview:large","max-video-preview":"max-video-preview:-1"},"canonical":"https:\/\/pavidecor.si\/hr\/proizvod\/dekorativno-veslo-smede-o4x230cm\/","og_locale":"hr_HR","og_type":"article","og_title":"Dekorativno veslo - Unikatni morski dekor za va\u0161 dom","og_description":"Dekorativno veslo donosi miris mora, opu\u0161tanje i uspomenu na odmor u prostore. Svaki je jedinstven. Tako\u0111er izra\u0111ujemo vesla po narud\u017ebi.","og_url":"https:\/\/pavidecor.si\/hr\/proizvod\/dekorativno-veslo-smede-o4x230cm\/","og_site_name":"Pavi Decor","article_modified_time":"2026-04-27T08:24:07+00:00","og_image":[{"width":2011,"height":2011,"url":"https:\/\/pavidecor.si\/wp-content\/uploads\/2022\/08\/1IMG_6592-2.jpg","type":"image\/jpeg"}],"twitter_card":"summary_large_image","twitter_misc":{"Procijenjeno vrijeme \u010ditanja":"3 minute"},"schema":{"@context":"https:\/\/schema.org","@graph":[{"@type":"WebPage","@id":"https:\/\/pavidecor.si\/hr\/proizvod\/dekorativno-veslo-smede-o4x230cm\/","url":"https:\/\/pavidecor.si\/hr\/proizvod\/dekorativno-veslo-smede-o4x230cm\/","name":"Dekorativno veslo - Unikatni morski dekor za va\u0161 dom","isPartOf":{"@id":"https:\/\/pavidecor.si\/hr\/#website"},"primaryImageOfPage":{"@id":"https:\/\/pavidecor.si\/hr\/proizvod\/dekorativno-veslo-smede-o4x230cm\/#primaryimage"},"image":{"@id":"https:\/\/pavidecor.si\/hr\/proizvod\/dekorativno-veslo-smede-o4x230cm\/#primaryimage"},"thumbnailUrl":"https:\/\/pavidecor.si\/wp-content\/uploads\/2022\/08\/1IMG_6592-2.jpg","datePublished":"2022-08-09T09:02:01+00:00","dateModified":"2026-04-27T08:24:07+00:00","description":"Dekorativno veslo donosi miris mora, opu\u0161tanje i uspomenu na odmor u prostore. Svaki je jedinstven. Tako\u0111er izra\u0111ujemo vesla po narud\u017ebi.","breadcrumb":{"@id":"https:\/\/pavidecor.si\/hr\/proizvod\/dekorativno-veslo-smede-o4x230cm\/#breadcrumb"},"inLanguage":"hr","potentialAction":[{"@type":"ReadAction","target":["https:\/\/pavidecor.si\/hr\/proizvod\/dekorativno-veslo-smede-o4x230cm\/"]}]},{"@type":"ImageObject","inLanguage":"hr","@id":"https:\/\/pavidecor.si\/hr\/proizvod\/dekorativno-veslo-smede-o4x230cm\/#primaryimage","url":"https:\/\/pavidecor.si\/wp-content\/uploads\/2022\/08\/1IMG_6592-2.jpg","contentUrl":"https:\/\/pavidecor.si\/wp-content\/uploads\/2022\/08\/1IMG_6592-2.jpg","width":2011,"height":2011,"caption":"PAVI DECOR"},{"@type":"BreadcrumbList","@id":"https:\/\/pavidecor.si\/hr\/proizvod\/dekorativno-veslo-smede-o4x230cm\/#breadcrumb","itemListElement":[{"@type":"ListItem","position":1,"name":"Domov","item":"https:\/\/pavidecor.si\/hr\/"},{"@type":"ListItem","position":2,"name":"Internetska trgovina","item":"https:\/\/pavidecor.si\/hr\/internetska-trgovina\/"},{"@type":"ListItem","position":3,"name":"Dekorativno veslo sme\u0111e \u00f84x230cm"}]},{"@type":"WebSite","@id":"https:\/\/pavidecor.si\/hr\/#website","url":"https:\/\/pavidecor.si\/hr\/","name":"Pavi Decor","description":"Leseni unikati ustvarjeni iz ljubezni do lesa in narave.","potentialAction":[{"@type":"SearchAction","target":{"@type":"EntryPoint","urlTemplate":"https:\/\/pavidecor.si\/hr\/?s={search_term_string}"},"query-input":{"@type":"PropertyValueSpecification","valueRequired":true,"valueName":"search_term_string"}}],"inLanguage":"hr"}]}},"_links":{"self":[{"href":"https:\/\/pavidecor.si\/hr\/wp-json\/wp\/v2\/product\/17361","targetHints":{"allow":["GET"]}}],"collection":[{"href":"https:\/\/pavidecor.si\/hr\/wp-json\/wp\/v2\/product"}],"about":[{"href":"https:\/\/pavidecor.si\/hr\/wp-json\/wp\/v2\/types\/product"}],"replies":[{"embeddable":true,"href":"https:\/\/pavidecor.si\/hr\/wp-json\/wp\/v2\/comments?post=17361"}],"wp:featuredmedia":[{"embeddable":true,"href":"https:\/\/pavidecor.si\/hr\/wp-json\/wp\/v2\/media\/17368"}],"wp:attachment":[{"href":"https:\/\/pavidecor.si\/hr\/wp-json\/wp\/v2\/media?parent=17361"}],"wp:term":[{"taxonomy":"product_brand","embeddable":true,"href":"https:\/\/pavidecor.si\/hr\/wp-json\/wp\/v2\/product_brand?post=17361"},{"taxonomy":"product_cat","embeddable":true,"href":"https:\/\/pavidecor.si\/hr\/wp-json\/wp\/v2\/product_cat?post=17361"},{"taxonomy":"product_tag","embeddable":true,"href":"https:\/\/pavidecor.si\/hr\/wp-json\/wp\/v2\/product_tag?post=17361"}],"curies":[{"name":"wp","href":"https:\/\/api.w.org\/{rel}","templated":true}]}}