	{"id":17286,"date":"2022-08-10T07:20:00","date_gmt":"2022-08-10T07:20:00","guid":{"rendered":"https:\/\/pavidecor.si\/product\/dekorativno-veslo-3-plavo-o4x202cm\/"},"modified":"2026-04-19T02:02:57","modified_gmt":"2026-04-19T02:02:57","slug":"dekorativno-veslo-3-plavo-o4x202cm","status":"publish","type":"product","link":"https:\/\/pavidecor.si\/hr\/proizvod\/dekorativno-veslo-3-plavo-o4x202cm\/","title":{"rendered":"Dekorativno veslo 3 plavo \u00f84x202cm"},"content":{"rendered":"<p><span class=\"prvimanjsinaslovopis\"> Dekorativno veslo &#8211; Unikatni morski dekor za va\u0161 dom<\/span><\/p>\n<p>&nbsp;<\/p>\n<h2><span class=\"odebeljenopis\"><strong> U\u017eivajte u \u010daroliji mora s na\u0161im dekorativnim veslom, koje unosi miris oceana i opu\u0161tanje u svaki prostor. Ovaj jedinstveni komad savr\u0161eno je rje\u0161enje za ukra\u0161avanje va\u0161eg doma, lokala ili vikendice, donose\u0107i sje\u0107anja na nezaboravne ljetne trenutke.<\/strong><\/span><\/h2>\n<p>&nbsp;<\/p>\n<div class=\"row\">\n<div class=\"col-sm-6 \" style=\"margin-top: 30px;\"><center><img decoding=\"async\" class=\"lazyload img-responsive\" style=\"margin: 0px auto; max-width: 100%;\" src=\"data:image\/svg+xml,%3Csvg%20xmlns%3D%27http%3A%2F%2Fwww.w3.org%2F2000%2Fsvg%27%20width%3D%271958%27%20height%3D%271959%27%20viewBox%3D%270%200%201958%201959%27%3E%3Crect%20width%3D%271958%27%20height%3D%271959%27%20fill-opacity%3D%220%22%2F%3E%3C%2Fsvg%3E\" data-orig-src=\"https:\/\/pavidecor.si\/wp-content\/uploads\/2022\/08\/1IMG_6595-2.jpg\" \/><\/center><\/div>\n<div class=\"col-sm-6\" style=\"margin-top: 40px;\">\n<p>&nbsp;<\/p>\n<h3>Unikatna ru\u010dna izrada<\/h3>\n<p>Na\u0161a dekorativna vesla su rezultat strasti prema drvetu i prirodi, a svaki komad je ru\u010dno izra\u0111en s ljubavlju u na\u0161oj trgovini PAVI DECOR u Ljubljani. <b>Ru\u010dna izrada<\/b> <strong>omogu\u0107ava nam da zadr\u017eimo autenti\u010dnost i kvalitetu<\/strong>, a svaki detalj spajanja drvenih dijelova odra\u017eava vje\u0161tinu starih majstora. Ova jedinstvena vesla ne samo da su estetski privla\u010dna, ve\u0107 i pri\u010daju pri\u010du o tradiciji i zanatstvu.<\/p>\n<p>&nbsp;<\/p>\n<p>Svako dekorativno veslo je jedinstveno, s razli\u010ditim bojama i detaljima koji ga \u010dine posebnim. Na\u0161a osnovna paleta boja uklju\u010duje bijelu i sme\u0111u, koje su oboga\u0107ene \u0161arenim detaljima, natpisima i brojevima. Ova kombinacija boja <strong>stvara savr\u0161en morski ambijent<\/strong>, idealan za svaki prostor.<\/p>\n<p>&nbsp;<\/p>\n<\/div>\n<\/div>\n<div class=\"row\">\n<div class=\"col-sm-6 col-sm-push-6\" style=\"margin-top: 30px;\"><center><img decoding=\"async\" class=\"lazyload img-responsive\" style=\"margin: 0px auto; max-width: 100%;\" src=\"data:image\/svg+xml,%3Csvg%20xmlns%3D%27http%3A%2F%2Fwww.w3.org%2F2000%2Fsvg%27%20width%3D%272560%27%20height%3D%272560%27%20viewBox%3D%270%200%202560%202560%27%3E%3Crect%20width%3D%272560%27%20height%3D%272560%27%20fill-opacity%3D%220%22%2F%3E%3C%2Fsvg%3E\" data-orig-src=\" https:\/\/pavidecor.si\/wp-content\/uploads\/2022\/08\/2IMG_6596-2-scaled.jpg\" \/><\/center><\/div>\n<div class=\"col-sm-6 col-sm-pull-6\" style=\"margin-top: 40px;\">\n<p>&nbsp;<\/p>\n<h3>Prilagodba prema va\u0161im \u017eeljama<\/h3>\n<p>Jedna od posebnosti na\u0161ih dekorativnih vesala je mogu\u0107nost prilagodbe. <b>Izradit \u0107emo vam veslo po narud\u017ebi<\/b>, prilago\u0111eno va\u0161im \u017eeljama u pogledu duljine, boje i natpisa. Ova opcija omogu\u0107ava vam da stvorite jedinstveni komad koji \u0107e savr\u0161eno odgovarati va\u0161em prostoru i osobnom stilu.<\/p>\n<p>&nbsp;<\/p>\n<p>Na\u0161a vesla su savr\u0161ena za ukra\u0161avanje interijera, ali i eksterijera. Bilo da \u017eelite dodati morski \u0161tih svojoj dnevnoj sobi, terasi ili vikendici, na\u0161a dekorativna vesla \u0107e unijeti da\u0161ak svje\u017eine i opu\u0161tenosti. Osim toga, mogu poslu\u017eiti kao <strong>savr\u0161en poklon za ljubitelje mora i prirode<\/strong>.<\/p>\n<p>&nbsp;<\/p>\n<\/div>\n<\/div>\n<div class=\"row\">\n<div class=\"col-sm-6\" style=\"margin-top: 30px;\"><center><img decoding=\"async\" class=\"lazyload img-responsive\" style=\"margin: 0px auto; max-width: 100%;\" src=\"data:image\/svg+xml,%3Csvg%20xmlns%3D%27http%3A%2F%2Fwww.w3.org%2F2000%2Fsvg%27%20width%3D%272560%27%20height%3D%272560%27%20viewBox%3D%270%200%202560%202560%27%3E%3Crect%20width%3D%272560%27%20height%3D%272560%27%20fill-opacity%3D%220%22%2F%3E%3C%2Fsvg%3E\" data-orig-src=\" https:\/\/pavidecor.si\/wp-content\/uploads\/2022\/08\/3IMG_6597-2-scaled.jpg\" \/><\/center><\/div>\n<div class=\"col-sm-6\" style=\"margin-top: 40px;\">\n<p>&nbsp;<\/p>\n<h3>Specifikacije proizvoda<\/h3>\n<p>Na\u0161a dekorativna vesla su inspirirana tradicionalnim veslima koja su koristili ribari na svojim \u010damcima. Svako dekorativno veslo je <strong>ru\u010dno izra\u0111eno i obojeno<\/strong>, \u010dime se osigurava njegov jedinstveni izgled. Osnovne boje su bijela ili sme\u0111a, a dodatni detalji o\u017eivljavaju veslo i \u010dine ga pravim umjetni\u010dkim djelom.<\/p>\n<p>&nbsp;<\/p>\n<p>Osim standardnih modela, nudimo i mogu\u0107nost izrade vesala po narud\u017ebi, \u0161to zna\u010di da mo\u017eete prilagoditi duljinu, boju i natpis prema vlastitim \u017eeljama. Na\u0161a vesla savr\u0161eno se uklapaju u <a href=\"https:\/\/pavidecor.si\/hr\/projects\/morski-ambijent\/\"><strong><span style=\"color: #3366ff;\">morski ambijent<\/span><\/strong><\/a> i donose osje\u0107aj ljetne idile u svaki prostor.<\/p>\n<\/div>\n<\/div>\n<p>&nbsp;<\/p>\n","protected":false},"excerpt":{"rendered":"<p><strong><span style=\"color: #c4963c;\">\u2192 Ru\u010dno izra\u0111eno<\/span><\/strong><strong><span style=\"color: #c4963c;\"><br \/>\n<\/span><span style=\"color: #c4963c;\">\u2192 Jedinstveno<\/span><\/strong><\/p>\n","protected":false},"featured_media":17288,"comment_status":"open","ping_status":"closed","template":"","meta":[],"product_brand":[],"product_cat":[357],"product_tag":[255,218],"class_list":{"0":"post-17286","1":"product","2":"type-product","3":"status-publish","4":"has-post-thumbnail","6":"product_cat-vesla-hr","7":"product_tag-morski-ambijent","8":"product_tag-nov","10":"first","11":"outofstock","12":"sold-individually","13":"taxable","14":"shipping-taxable","15":"purchasable","16":"product-type-simple"},"yoast_head":"<!-- This site is optimized with the Yoast SEO plugin v27.2 - https:\/\/yoast.com\/product\/yoast-seo-wordpress\/ -->\n<title>Dekorativno veslo PAVI DECOR - Unikatni morski dekor za dom<\/title>\n<meta name=\"description\" content=\"Dekorativno veslo donosi miris mora, opu\u0161tanje i uspomenu na odmor u prostore. Svaki komad je jedinstven. Tako\u0111er izra\u0111ujemo vesla po narud\u017ebi.\" \/>\n<meta name=\"robots\" content=\"index, follow, max-snippet:-1, max-image-preview:large, max-video-preview:-1\" \/>\n<link rel=\"canonical\" href=\"https:\/\/pavidecor.si\/hr\/proizvod\/dekorativno-veslo-3-plavo-o4x202cm\/\" \/>\n<meta property=\"og:locale\" content=\"hr_HR\" \/>\n<meta property=\"og:type\" content=\"article\" \/>\n<meta property=\"og:title\" content=\"Dekorativno veslo PAVI DECOR - Unikatni morski dekor za dom\" \/>\n<meta property=\"og:description\" content=\"Dekorativno veslo donosi miris mora, opu\u0161tanje i uspomenu na odmor u prostore. Svaki komad je jedinstven. Tako\u0111er izra\u0111ujemo vesla po narud\u017ebi.\" \/>\n<meta property=\"og:url\" content=\"https:\/\/pavidecor.si\/hr\/proizvod\/dekorativno-veslo-3-plavo-o4x202cm\/\" \/>\n<meta property=\"og:site_name\" content=\"Pavi Decor\" \/>\n<meta property=\"article:modified_time\" content=\"2026-04-19T02:02:57+00:00\" \/>\n<meta property=\"og:image\" content=\"https:\/\/pavidecor.si\/wp-content\/uploads\/2022\/08\/1IMG_6595-2.jpg\" \/>\n\t<meta property=\"og:image:width\" content=\"1958\" \/>\n\t<meta property=\"og:image:height\" content=\"1959\" \/>\n\t<meta property=\"og:image:type\" content=\"image\/jpeg\" \/>\n<meta name=\"twitter:card\" content=\"summary_large_image\" \/>\n<meta name=\"twitter:label1\" content=\"Procijenjeno vrijeme \u010ditanja\" \/>\n\t<meta name=\"twitter:data1\" content=\"3 minute\" \/>\n<script type=\"application\/ld+json\" class=\"yoast-schema-graph\">{\"@context\":\"https:\/\/schema.org\",\"@graph\":[{\"@type\":\"WebPage\",\"@id\":\"https:\/\/pavidecor.si\/hr\/proizvod\/dekorativno-veslo-3-plavo-o4x202cm\/\",\"url\":\"https:\/\/pavidecor.si\/hr\/proizvod\/dekorativno-veslo-3-plavo-o4x202cm\/\",\"name\":\"Dekorativno veslo PAVI DECOR - Unikatni morski dekor za dom\",\"isPartOf\":{\"@id\":\"https:\/\/pavidecor.si\/hr\/#website\"},\"primaryImageOfPage\":{\"@id\":\"https:\/\/pavidecor.si\/hr\/proizvod\/dekorativno-veslo-3-plavo-o4x202cm\/#primaryimage\"},\"image\":{\"@id\":\"https:\/\/pavidecor.si\/hr\/proizvod\/dekorativno-veslo-3-plavo-o4x202cm\/#primaryimage\"},\"thumbnailUrl\":\"https:\/\/pavidecor.si\/wp-content\/uploads\/2022\/08\/1IMG_6595-2.jpg\",\"datePublished\":\"2022-08-10T07:20:00+00:00\",\"dateModified\":\"2026-04-19T02:02:57+00:00\",\"description\":\"Dekorativno veslo donosi miris mora, opu\u0161tanje i uspomenu na odmor u prostore. Svaki komad je jedinstven. Tako\u0111er izra\u0111ujemo vesla po narud\u017ebi.\",\"breadcrumb\":{\"@id\":\"https:\/\/pavidecor.si\/hr\/proizvod\/dekorativno-veslo-3-plavo-o4x202cm\/#breadcrumb\"},\"inLanguage\":\"hr\",\"potentialAction\":[{\"@type\":\"ReadAction\",\"target\":[\"https:\/\/pavidecor.si\/hr\/proizvod\/dekorativno-veslo-3-plavo-o4x202cm\/\"]}]},{\"@type\":\"ImageObject\",\"inLanguage\":\"hr\",\"@id\":\"https:\/\/pavidecor.si\/hr\/proizvod\/dekorativno-veslo-3-plavo-o4x202cm\/#primaryimage\",\"url\":\"https:\/\/pavidecor.si\/wp-content\/uploads\/2022\/08\/1IMG_6595-2.jpg\",\"contentUrl\":\"https:\/\/pavidecor.si\/wp-content\/uploads\/2022\/08\/1IMG_6595-2.jpg\",\"width\":1958,\"height\":1959,\"caption\":\"PAVI DECOR\"},{\"@type\":\"BreadcrumbList\",\"@id\":\"https:\/\/pavidecor.si\/hr\/proizvod\/dekorativno-veslo-3-plavo-o4x202cm\/#breadcrumb\",\"itemListElement\":[{\"@type\":\"ListItem\",\"position\":1,\"name\":\"Domov\",\"item\":\"https:\/\/pavidecor.si\/hr\/\"},{\"@type\":\"ListItem\",\"position\":2,\"name\":\"Internetska trgovina\",\"item\":\"https:\/\/pavidecor.si\/hr\/internetska-trgovina\/\"},{\"@type\":\"ListItem\",\"position\":3,\"name\":\"Dekorativno veslo 3 plavo \u00f84x202cm\"}]},{\"@type\":\"WebSite\",\"@id\":\"https:\/\/pavidecor.si\/hr\/#website\",\"url\":\"https:\/\/pavidecor.si\/hr\/\",\"name\":\"Pavi Decor\",\"description\":\"Leseni unikati ustvarjeni iz ljubezni do lesa in narave.\",\"potentialAction\":[{\"@type\":\"SearchAction\",\"target\":{\"@type\":\"EntryPoint\",\"urlTemplate\":\"https:\/\/pavidecor.si\/hr\/?s={search_term_string}\"},\"query-input\":{\"@type\":\"PropertyValueSpecification\",\"valueRequired\":true,\"valueName\":\"search_term_string\"}}],\"inLanguage\":\"hr\"}]}<\/script>\n<!-- \/ Yoast SEO plugin. -->","yoast_head_json":{"title":"Dekorativno veslo PAVI DECOR - Unikatni morski dekor za dom","description":"Dekorativno veslo donosi miris mora, opu\u0161tanje i uspomenu na odmor u prostore. Svaki komad je jedinstven. Tako\u0111er izra\u0111ujemo vesla po narud\u017ebi.","robots":{"index":"index","follow":"follow","max-snippet":"max-snippet:-1","max-image-preview":"max-image-preview:large","max-video-preview":"max-video-preview:-1"},"canonical":"https:\/\/pavidecor.si\/hr\/proizvod\/dekorativno-veslo-3-plavo-o4x202cm\/","og_locale":"hr_HR","og_type":"article","og_title":"Dekorativno veslo PAVI DECOR - Unikatni morski dekor za dom","og_description":"Dekorativno veslo donosi miris mora, opu\u0161tanje i uspomenu na odmor u prostore. Svaki komad je jedinstven. Tako\u0111er izra\u0111ujemo vesla po narud\u017ebi.","og_url":"https:\/\/pavidecor.si\/hr\/proizvod\/dekorativno-veslo-3-plavo-o4x202cm\/","og_site_name":"Pavi Decor","article_modified_time":"2026-04-19T02:02:57+00:00","og_image":[{"width":1958,"height":1959,"url":"https:\/\/pavidecor.si\/wp-content\/uploads\/2022\/08\/1IMG_6595-2.jpg","type":"image\/jpeg"}],"twitter_card":"summary_large_image","twitter_misc":{"Procijenjeno vrijeme \u010ditanja":"3 minute"},"schema":{"@context":"https:\/\/schema.org","@graph":[{"@type":"WebPage","@id":"https:\/\/pavidecor.si\/hr\/proizvod\/dekorativno-veslo-3-plavo-o4x202cm\/","url":"https:\/\/pavidecor.si\/hr\/proizvod\/dekorativno-veslo-3-plavo-o4x202cm\/","name":"Dekorativno veslo PAVI DECOR - Unikatni morski dekor za dom","isPartOf":{"@id":"https:\/\/pavidecor.si\/hr\/#website"},"primaryImageOfPage":{"@id":"https:\/\/pavidecor.si\/hr\/proizvod\/dekorativno-veslo-3-plavo-o4x202cm\/#primaryimage"},"image":{"@id":"https:\/\/pavidecor.si\/hr\/proizvod\/dekorativno-veslo-3-plavo-o4x202cm\/#primaryimage"},"thumbnailUrl":"https:\/\/pavidecor.si\/wp-content\/uploads\/2022\/08\/1IMG_6595-2.jpg","datePublished":"2022-08-10T07:20:00+00:00","dateModified":"2026-04-19T02:02:57+00:00","description":"Dekorativno veslo donosi miris mora, opu\u0161tanje i uspomenu na odmor u prostore. Svaki komad je jedinstven. Tako\u0111er izra\u0111ujemo vesla po narud\u017ebi.","breadcrumb":{"@id":"https:\/\/pavidecor.si\/hr\/proizvod\/dekorativno-veslo-3-plavo-o4x202cm\/#breadcrumb"},"inLanguage":"hr","potentialAction":[{"@type":"ReadAction","target":["https:\/\/pavidecor.si\/hr\/proizvod\/dekorativno-veslo-3-plavo-o4x202cm\/"]}]},{"@type":"ImageObject","inLanguage":"hr","@id":"https:\/\/pavidecor.si\/hr\/proizvod\/dekorativno-veslo-3-plavo-o4x202cm\/#primaryimage","url":"https:\/\/pavidecor.si\/wp-content\/uploads\/2022\/08\/1IMG_6595-2.jpg","contentUrl":"https:\/\/pavidecor.si\/wp-content\/uploads\/2022\/08\/1IMG_6595-2.jpg","width":1958,"height":1959,"caption":"PAVI DECOR"},{"@type":"BreadcrumbList","@id":"https:\/\/pavidecor.si\/hr\/proizvod\/dekorativno-veslo-3-plavo-o4x202cm\/#breadcrumb","itemListElement":[{"@type":"ListItem","position":1,"name":"Domov","item":"https:\/\/pavidecor.si\/hr\/"},{"@type":"ListItem","position":2,"name":"Internetska trgovina","item":"https:\/\/pavidecor.si\/hr\/internetska-trgovina\/"},{"@type":"ListItem","position":3,"name":"Dekorativno veslo 3 plavo \u00f84x202cm"}]},{"@type":"WebSite","@id":"https:\/\/pavidecor.si\/hr\/#website","url":"https:\/\/pavidecor.si\/hr\/","name":"Pavi Decor","description":"Leseni unikati ustvarjeni iz ljubezni do lesa in narave.","potentialAction":[{"@type":"SearchAction","target":{"@type":"EntryPoint","urlTemplate":"https:\/\/pavidecor.si\/hr\/?s={search_term_string}"},"query-input":{"@type":"PropertyValueSpecification","valueRequired":true,"valueName":"search_term_string"}}],"inLanguage":"hr"}]}},"_links":{"self":[{"href":"https:\/\/pavidecor.si\/hr\/wp-json\/wp\/v2\/product\/17286","targetHints":{"allow":["GET"]}}],"collection":[{"href":"https:\/\/pavidecor.si\/hr\/wp-json\/wp\/v2\/product"}],"about":[{"href":"https:\/\/pavidecor.si\/hr\/wp-json\/wp\/v2\/types\/product"}],"replies":[{"embeddable":true,"href":"https:\/\/pavidecor.si\/hr\/wp-json\/wp\/v2\/comments?post=17286"}],"wp:featuredmedia":[{"embeddable":true,"href":"https:\/\/pavidecor.si\/hr\/wp-json\/wp\/v2\/media\/17288"}],"wp:attachment":[{"href":"https:\/\/pavidecor.si\/hr\/wp-json\/wp\/v2\/media?parent=17286"}],"wp:term":[{"taxonomy":"product_brand","embeddable":true,"href":"https:\/\/pavidecor.si\/hr\/wp-json\/wp\/v2\/product_brand?post=17286"},{"taxonomy":"product_cat","embeddable":true,"href":"https:\/\/pavidecor.si\/hr\/wp-json\/wp\/v2\/product_cat?post=17286"},{"taxonomy":"product_tag","embeddable":true,"href":"https:\/\/pavidecor.si\/hr\/wp-json\/wp\/v2\/product_tag?post=17286"}],"curies":[{"name":"wp","href":"https:\/\/api.w.org\/{rel}","templated":true}]}}