	{"id":17187,"date":"2022-08-11T07:52:47","date_gmt":"2022-08-11T07:52:47","guid":{"rendered":"https:\/\/pavidecor.si\/product\/dekorativno-veslo-1-plavo-o4x258cm\/"},"modified":"2026-04-24T09:17:33","modified_gmt":"2026-04-24T09:17:33","slug":"dekorativno-veslo-1-plavo-o4x258cm","status":"publish","type":"product","link":"https:\/\/pavidecor.si\/hr\/proizvod\/dekorativno-veslo-1-plavo-o4x258cm\/","title":{"rendered":"Dekorativno veslo 1 plavo \u00f84x258cm"},"content":{"rendered":"<p><span class=\"prvimanjsinaslovopis\"> Dekorativno veslo &#8211; Unikatni morski dekor za va\u0161 dom<\/p>\n<p><\/span><\/p>\n<h2><span class=\"odebeljenopis\"><strong> U\u017eivajte u \u010daroliji mora s na\u0161im dekorativnim veslom koje unosi duh ljetnih dana u svaki prostor. Ovaj jedinstveni komad izra\u0111en je s ljubavlju i pa\u017enjom, a savr\u0161eno \u0107e se uklopiti u va\u0161 dom, lokal ili vikendicu. PAVIDECOR iz Ljubljane ponosno nudi proizvode koji slave ljepotu drva i prirode.<\/p>\n<p><\/strong><\/span><\/h2>\n<\/p>\n<div class=\"row\">\n<div class=\"col-sm-6 \" style=\"margin-top: 30px;\"><center><img decoding=\"async\" src=\"data:image\/svg+xml,%3Csvg%20xmlns%3D%27http%3A%2F%2Fwww.w3.org%2F2000%2Fsvg%27%20width%3D%272295%27%20height%3D%272295%27%20viewBox%3D%270%200%202295%202295%27%3E%3Crect%20width%3D%272295%27%20height%3D%272295%27%20fill-opacity%3D%220%22%2F%3E%3C%2Fsvg%3E\" data-orig-src=\"https:\/\/pavidecor.si\/wp-content\/uploads\/2022\/08\/1IMG_6640-2.jpg\" class=\"lazyload img-responsive\" style=\"margin: 0px auto;max-width:100%;\"  \/><\/center><\/div>\n<div class=\"col-sm-6\" style=\"margin-top:40px;\">\n<p><span style=\"color: #000000;\"> <\/p>\n<h3>Unikatna ru\u010dna izrada<\/h3>\n<p>Na\u0161i proizvodi, uklju\u010duju\u0107i dekorativno veslo, rezultat su <b>ru\u010dne izrade<\/b> koja osigurava da svaki komad bude jedinstven. U PAVIDECOR-u vjerujemo u tradiciju i strast prema drvetu, stoga svaki detalj na\u0161eg vesla odra\u017eava vje\u0161tinu starih majstora. Veslo je izra\u0111eno od kvalitetnog drva, a proces izrade uklju\u010duje pa\u017eljivo spajanje drvenih dijelova, \u0161to mu daje autenti\u010dan izgled. Ova tehnika ne samo da osigurava trajnost, ve\u0107 i \u010dini svaki komad pravim umjetni\u010dkim djelom.  <\/p>\n<p>Na\u0161a dekorativna vesla dolaze u razli\u010ditim bojama i stilovima, a osnovne boje su bijela i sme\u0111a. Ove boje su savr\u0161eno uskla\u0111ene s dodatnim bojama, natpisima i brojevima koji o\u017eivljavaju veslo i \u010dine ga pravim ukrasom. Bez obzira na to gdje ga postavite, ovo veslo \u0107e zasigurno privu\u0107i pa\u017enju i stvoriti ugodnu atmosferu.<\/p>\n<p><\/span><\/p>\n<\/div>\n<\/div>\n<div class=\"row\">\n<div class=\"col-sm-6 col-sm-push-6\" style=\"margin-top: 30px;\"><center><img decoding=\"async\" src=\"data:image\/svg+xml,%3Csvg%20xmlns%3D%27http%3A%2F%2Fwww.w3.org%2F2000%2Fsvg%27%20width%3D%272560%27%20height%3D%272560%27%20viewBox%3D%270%200%202560%202560%27%3E%3Crect%20width%3D%272560%27%20height%3D%272560%27%20fill-opacity%3D%220%22%2F%3E%3C%2Fsvg%3E\" data-orig-src=\" https:\/\/pavidecor.si\/wp-content\/uploads\/2022\/08\/2IMG_6633-2-scaled.jpg\" class=\"lazyload img-responsive\" style=\"margin: 0px auto;max-width:100%;\"  \/><\/center><\/div>\n<div class=\"col-sm-6 col-sm-pull-6\" style=\"margin-top:40px;\">\n<p><span style=\"color: #000000;\"> <\/p>\n<h3>Idealno za svaki prostor<\/h3>\n<p>Dekorativno veslo je savr\u0161eno rje\u0161enje za <b>ukra\u0161avanje va\u0161eg doma<\/b>, lokalnog ugostiteljskog objekta ili vikendice. Njegov morski duh donosi miris mora i ljetnu idilu u svaki kutak. Ovaj komad ne samo da \u0107e obogatiti va\u0161 interijer, ve\u0107 \u0107e i evocirati lijepe uspomene na ljetovanja i trenutke provedene uz more.  <\/p>\n<p>Veslo se mo\u017ee koristiti kao samostalan dekor ili u kombinaciji s drugim morskim elementima kako bi se stvorila cjelovita morska atmosfera. Idealno je za dnevne boravke, terase, restorane ili \u010dak kao ukras u kupaonici. Njegova svestranost omogu\u0107ava vam da ga prilagodite vlastitim \u017eeljama i potrebama, \u010dime \u0107ete dodatno obogatiti svoj prostor.<\/p>\n<p><\/span><\/p>\n<\/div>\n<\/div>\n<div class=\"row\">\n<div class=\"col-sm-6\" style=\"margin-top: 30px;\"><center><img decoding=\"async\" src=\"data:image\/svg+xml,%3Csvg%20xmlns%3D%27http%3A%2F%2Fwww.w3.org%2F2000%2Fsvg%27%20width%3D%272560%27%20height%3D%272560%27%20viewBox%3D%270%200%202560%202560%27%3E%3Crect%20width%3D%272560%27%20height%3D%272560%27%20fill-opacity%3D%220%22%2F%3E%3C%2Fsvg%3E\" data-orig-src=\" https:\/\/pavidecor.si\/wp-content\/uploads\/2022\/08\/3IMG_6634-2-scaled.jpg\" class=\"lazyload img-responsive\" style=\"margin: 0px auto;max-width:100%;\"  \/><\/center><\/div>\n<div class=\"col-sm-6\" style=\"margin-top:40px;\">\n<p><span style=\"color: #000000;\"> <\/p>\n<h3>Prilagodba i narud\u017eba<\/h3>\n<p>U PAVIDECOR-u nudimo mogu\u0107nost <b>prilagodbe va\u0161eg dekorativnog vesla<\/b>. Mo\u017eete odabrati du\u017einu, boju i natpis koji \u017eelite, \u010dime \u0107ete stvoriti potpuno jedinstven komad koji \u0107e savr\u0161eno odgovarati va\u0161em stilu i prostoru. Na\u0161a posve\u0107enost kvaliteti i detaljima osigurava da \u0107e svaki naru\u010deni komad biti izra\u0111en s istom pa\u017enjom kao i na\u0161i standardni proizvodi.  <\/p>\n<p>Osim toga, mo\u017eete vidjeti razli\u010dita vesla kao dio na\u0161eg morskog ambijenta, \u0161to \u0107e vam pomo\u0107i da dobijete inspiraciju za vlastiti prostor. Na\u0161a vesla su vi\u0161e od obi\u010dnog dekorativnog predmeta; ona su simbol ljubavi prema moru i prirodi, a svaki komad nosi pri\u010du koja \u0107e obogatiti va\u0161 dom.<\/p>\n<p><\/span><\/p>\n<\/div>\n<\/div>\n<p><\/p>\n","protected":false},"excerpt":{"rendered":"<p><strong><span style=\"color: #c4963c;\">\u2192 Ru\u010dno<\/span><\/strong> <strong>izra\u0111ena<span style=\"color: #c4963c;\"><br \/>\n<\/span><span style=\"color: #c4963c;\">\u2192 jedinstvena<\/span><\/strong><\/p>\n","protected":false},"featured_media":17188,"comment_status":"open","ping_status":"closed","template":"","meta":[],"product_brand":[],"product_cat":[357],"product_tag":[218],"class_list":{"0":"post-17187","1":"product","2":"type-product","3":"status-publish","4":"has-post-thumbnail","6":"product_cat-vesla-hr","7":"product_tag-nov","9":"first","10":"outofstock","11":"taxable","12":"shipping-taxable","13":"purchasable","14":"product-type-simple"},"yoast_head":"<!-- This site is optimized with the Yoast SEO plugin v27.2 - https:\/\/yoast.com\/product\/yoast-seo-wordpress\/ -->\n<title>Dekorativno veslo - Unikatni morski dekor za va\u0161 dom<\/title>\n<meta name=\"description\" content=\"Dekorativno veslo donosi miris mora, opu\u0161tanje i uspomenu na odmor u prostore. Svaki je jedinstven. Tako\u0111er izra\u0111ujemo vesla po narud\u017ebi.\" \/>\n<meta name=\"robots\" content=\"index, follow, max-snippet:-1, max-image-preview:large, max-video-preview:-1\" \/>\n<link rel=\"canonical\" href=\"https:\/\/pavidecor.si\/hr\/proizvod\/dekorativno-veslo-1-plavo-o4x258cm\/\" \/>\n<meta property=\"og:locale\" content=\"hr_HR\" \/>\n<meta property=\"og:type\" content=\"article\" \/>\n<meta property=\"og:title\" content=\"Dekorativno veslo - Unikatni morski dekor za va\u0161 dom\" \/>\n<meta property=\"og:description\" content=\"Dekorativno veslo donosi miris mora, opu\u0161tanje i uspomenu na odmor u prostore. Svaki je jedinstven. Tako\u0111er izra\u0111ujemo vesla po narud\u017ebi.\" \/>\n<meta property=\"og:url\" content=\"https:\/\/pavidecor.si\/hr\/proizvod\/dekorativno-veslo-1-plavo-o4x258cm\/\" \/>\n<meta property=\"og:site_name\" content=\"Pavi Decor\" \/>\n<meta property=\"article:modified_time\" content=\"2026-04-24T09:17:33+00:00\" \/>\n<meta property=\"og:image\" content=\"https:\/\/pavidecor.si\/wp-content\/uploads\/2022\/08\/1IMG_6640-2.jpg\" \/>\n\t<meta property=\"og:image:width\" content=\"2295\" \/>\n\t<meta property=\"og:image:height\" content=\"2295\" \/>\n\t<meta property=\"og:image:type\" content=\"image\/jpeg\" \/>\n<meta name=\"twitter:card\" content=\"summary_large_image\" \/>\n<meta name=\"twitter:label1\" content=\"Procijenjeno vrijeme \u010ditanja\" \/>\n\t<meta name=\"twitter:data1\" content=\"2 minute\" \/>\n<script type=\"application\/ld+json\" class=\"yoast-schema-graph\">{\"@context\":\"https:\/\/schema.org\",\"@graph\":[{\"@type\":\"WebPage\",\"@id\":\"https:\/\/pavidecor.si\/hr\/proizvod\/dekorativno-veslo-1-plavo-o4x258cm\/\",\"url\":\"https:\/\/pavidecor.si\/hr\/proizvod\/dekorativno-veslo-1-plavo-o4x258cm\/\",\"name\":\"Dekorativno veslo - Unikatni morski dekor za va\u0161 dom\",\"isPartOf\":{\"@id\":\"https:\/\/pavidecor.si\/hr\/#website\"},\"primaryImageOfPage\":{\"@id\":\"https:\/\/pavidecor.si\/hr\/proizvod\/dekorativno-veslo-1-plavo-o4x258cm\/#primaryimage\"},\"image\":{\"@id\":\"https:\/\/pavidecor.si\/hr\/proizvod\/dekorativno-veslo-1-plavo-o4x258cm\/#primaryimage\"},\"thumbnailUrl\":\"https:\/\/pavidecor.si\/wp-content\/uploads\/2022\/08\/1IMG_6640-2.jpg\",\"datePublished\":\"2022-08-11T07:52:47+00:00\",\"dateModified\":\"2026-04-24T09:17:33+00:00\",\"description\":\"Dekorativno veslo donosi miris mora, opu\u0161tanje i uspomenu na odmor u prostore. Svaki je jedinstven. Tako\u0111er izra\u0111ujemo vesla po narud\u017ebi.\",\"breadcrumb\":{\"@id\":\"https:\/\/pavidecor.si\/hr\/proizvod\/dekorativno-veslo-1-plavo-o4x258cm\/#breadcrumb\"},\"inLanguage\":\"hr\",\"potentialAction\":[{\"@type\":\"ReadAction\",\"target\":[\"https:\/\/pavidecor.si\/hr\/proizvod\/dekorativno-veslo-1-plavo-o4x258cm\/\"]}]},{\"@type\":\"ImageObject\",\"inLanguage\":\"hr\",\"@id\":\"https:\/\/pavidecor.si\/hr\/proizvod\/dekorativno-veslo-1-plavo-o4x258cm\/#primaryimage\",\"url\":\"https:\/\/pavidecor.si\/wp-content\/uploads\/2022\/08\/1IMG_6640-2.jpg\",\"contentUrl\":\"https:\/\/pavidecor.si\/wp-content\/uploads\/2022\/08\/1IMG_6640-2.jpg\",\"width\":2295,\"height\":2295,\"caption\":\"PAVI DECOR\"},{\"@type\":\"BreadcrumbList\",\"@id\":\"https:\/\/pavidecor.si\/hr\/proizvod\/dekorativno-veslo-1-plavo-o4x258cm\/#breadcrumb\",\"itemListElement\":[{\"@type\":\"ListItem\",\"position\":1,\"name\":\"Domov\",\"item\":\"https:\/\/pavidecor.si\/hr\/\"},{\"@type\":\"ListItem\",\"position\":2,\"name\":\"Internetska trgovina\",\"item\":\"https:\/\/pavidecor.si\/hr\/internetska-trgovina\/\"},{\"@type\":\"ListItem\",\"position\":3,\"name\":\"Dekorativno veslo 1 plavo \u00f84x258cm\"}]},{\"@type\":\"WebSite\",\"@id\":\"https:\/\/pavidecor.si\/hr\/#website\",\"url\":\"https:\/\/pavidecor.si\/hr\/\",\"name\":\"Pavi Decor\",\"description\":\"Leseni unikati ustvarjeni iz ljubezni do lesa in narave.\",\"potentialAction\":[{\"@type\":\"SearchAction\",\"target\":{\"@type\":\"EntryPoint\",\"urlTemplate\":\"https:\/\/pavidecor.si\/hr\/?s={search_term_string}\"},\"query-input\":{\"@type\":\"PropertyValueSpecification\",\"valueRequired\":true,\"valueName\":\"search_term_string\"}}],\"inLanguage\":\"hr\"}]}<\/script>\n<!-- \/ Yoast SEO plugin. -->","yoast_head_json":{"title":"Dekorativno veslo - Unikatni morski dekor za va\u0161 dom","description":"Dekorativno veslo donosi miris mora, opu\u0161tanje i uspomenu na odmor u prostore. Svaki je jedinstven. Tako\u0111er izra\u0111ujemo vesla po narud\u017ebi.","robots":{"index":"index","follow":"follow","max-snippet":"max-snippet:-1","max-image-preview":"max-image-preview:large","max-video-preview":"max-video-preview:-1"},"canonical":"https:\/\/pavidecor.si\/hr\/proizvod\/dekorativno-veslo-1-plavo-o4x258cm\/","og_locale":"hr_HR","og_type":"article","og_title":"Dekorativno veslo - Unikatni morski dekor za va\u0161 dom","og_description":"Dekorativno veslo donosi miris mora, opu\u0161tanje i uspomenu na odmor u prostore. Svaki je jedinstven. Tako\u0111er izra\u0111ujemo vesla po narud\u017ebi.","og_url":"https:\/\/pavidecor.si\/hr\/proizvod\/dekorativno-veslo-1-plavo-o4x258cm\/","og_site_name":"Pavi Decor","article_modified_time":"2026-04-24T09:17:33+00:00","og_image":[{"width":2295,"height":2295,"url":"https:\/\/pavidecor.si\/wp-content\/uploads\/2022\/08\/1IMG_6640-2.jpg","type":"image\/jpeg"}],"twitter_card":"summary_large_image","twitter_misc":{"Procijenjeno vrijeme \u010ditanja":"2 minute"},"schema":{"@context":"https:\/\/schema.org","@graph":[{"@type":"WebPage","@id":"https:\/\/pavidecor.si\/hr\/proizvod\/dekorativno-veslo-1-plavo-o4x258cm\/","url":"https:\/\/pavidecor.si\/hr\/proizvod\/dekorativno-veslo-1-plavo-o4x258cm\/","name":"Dekorativno veslo - Unikatni morski dekor za va\u0161 dom","isPartOf":{"@id":"https:\/\/pavidecor.si\/hr\/#website"},"primaryImageOfPage":{"@id":"https:\/\/pavidecor.si\/hr\/proizvod\/dekorativno-veslo-1-plavo-o4x258cm\/#primaryimage"},"image":{"@id":"https:\/\/pavidecor.si\/hr\/proizvod\/dekorativno-veslo-1-plavo-o4x258cm\/#primaryimage"},"thumbnailUrl":"https:\/\/pavidecor.si\/wp-content\/uploads\/2022\/08\/1IMG_6640-2.jpg","datePublished":"2022-08-11T07:52:47+00:00","dateModified":"2026-04-24T09:17:33+00:00","description":"Dekorativno veslo donosi miris mora, opu\u0161tanje i uspomenu na odmor u prostore. Svaki je jedinstven. Tako\u0111er izra\u0111ujemo vesla po narud\u017ebi.","breadcrumb":{"@id":"https:\/\/pavidecor.si\/hr\/proizvod\/dekorativno-veslo-1-plavo-o4x258cm\/#breadcrumb"},"inLanguage":"hr","potentialAction":[{"@type":"ReadAction","target":["https:\/\/pavidecor.si\/hr\/proizvod\/dekorativno-veslo-1-plavo-o4x258cm\/"]}]},{"@type":"ImageObject","inLanguage":"hr","@id":"https:\/\/pavidecor.si\/hr\/proizvod\/dekorativno-veslo-1-plavo-o4x258cm\/#primaryimage","url":"https:\/\/pavidecor.si\/wp-content\/uploads\/2022\/08\/1IMG_6640-2.jpg","contentUrl":"https:\/\/pavidecor.si\/wp-content\/uploads\/2022\/08\/1IMG_6640-2.jpg","width":2295,"height":2295,"caption":"PAVI DECOR"},{"@type":"BreadcrumbList","@id":"https:\/\/pavidecor.si\/hr\/proizvod\/dekorativno-veslo-1-plavo-o4x258cm\/#breadcrumb","itemListElement":[{"@type":"ListItem","position":1,"name":"Domov","item":"https:\/\/pavidecor.si\/hr\/"},{"@type":"ListItem","position":2,"name":"Internetska trgovina","item":"https:\/\/pavidecor.si\/hr\/internetska-trgovina\/"},{"@type":"ListItem","position":3,"name":"Dekorativno veslo 1 plavo \u00f84x258cm"}]},{"@type":"WebSite","@id":"https:\/\/pavidecor.si\/hr\/#website","url":"https:\/\/pavidecor.si\/hr\/","name":"Pavi Decor","description":"Leseni unikati ustvarjeni iz ljubezni do lesa in narave.","potentialAction":[{"@type":"SearchAction","target":{"@type":"EntryPoint","urlTemplate":"https:\/\/pavidecor.si\/hr\/?s={search_term_string}"},"query-input":{"@type":"PropertyValueSpecification","valueRequired":true,"valueName":"search_term_string"}}],"inLanguage":"hr"}]}},"_links":{"self":[{"href":"https:\/\/pavidecor.si\/hr\/wp-json\/wp\/v2\/product\/17187","targetHints":{"allow":["GET"]}}],"collection":[{"href":"https:\/\/pavidecor.si\/hr\/wp-json\/wp\/v2\/product"}],"about":[{"href":"https:\/\/pavidecor.si\/hr\/wp-json\/wp\/v2\/types\/product"}],"replies":[{"embeddable":true,"href":"https:\/\/pavidecor.si\/hr\/wp-json\/wp\/v2\/comments?post=17187"}],"wp:featuredmedia":[{"embeddable":true,"href":"https:\/\/pavidecor.si\/hr\/wp-json\/wp\/v2\/media\/17188"}],"wp:attachment":[{"href":"https:\/\/pavidecor.si\/hr\/wp-json\/wp\/v2\/media?parent=17187"}],"wp:term":[{"taxonomy":"product_brand","embeddable":true,"href":"https:\/\/pavidecor.si\/hr\/wp-json\/wp\/v2\/product_brand?post=17187"},{"taxonomy":"product_cat","embeddable":true,"href":"https:\/\/pavidecor.si\/hr\/wp-json\/wp\/v2\/product_cat?post=17187"},{"taxonomy":"product_tag","embeddable":true,"href":"https:\/\/pavidecor.si\/hr\/wp-json\/wp\/v2\/product_tag?post=17187"}],"curies":[{"name":"wp","href":"https:\/\/api.w.org\/{rel}","templated":true}]}}