	{"id":17084,"date":"2022-08-12T07:22:22","date_gmt":"2022-08-12T07:22:22","guid":{"rendered":"https:\/\/pavidecor.si\/product\/dekorativno-veslo-3-plavo-o4x257cm\/"},"modified":"2026-04-23T10:09:16","modified_gmt":"2026-04-23T10:09:16","slug":"dekorativno-veslo-3-plavo-o4x257cm","status":"publish","type":"product","link":"https:\/\/pavidecor.si\/hr\/proizvod\/dekorativno-veslo-3-plavo-o4x257cm\/","title":{"rendered":"Dekorativno veslo 3 plavo \u00f84x257cm"},"content":{"rendered":"<p><span class=\"prvimanjsinaslovopis\"> Dekorativno veslo &#8211; Unikatni morski dekor za va\u0161 dom<\/span><\/p>\n<p>&nbsp;<\/p>\n<h2><span class=\"odebeljenopis\"><strong> U\u017eivajte u \u010daroliji mora s na\u0161im dekorativnim veslom, koje unosi miris oceana i opu\u0161tanje u svaki prostor. Ovaj jedinstveni komad savr\u0161eno je rje\u0161enje za ukra\u0161avanje va\u0161eg doma, lokala ili vikendice, donose\u0107i sje\u0107anja na nezaboravne ljetne trenutke.<\/strong><\/span><\/h2>\n<p>&nbsp;<\/p>\n<div class=\"row\">\n<div class=\"col-sm-6 \" style=\"margin-top: 30px;\"><center><img decoding=\"async\" class=\"lazyload img-responsive\" style=\"margin: 0px auto; max-width: 100%;\" src=\"data:image\/svg+xml,%3Csvg%20xmlns%3D%27http%3A%2F%2Fwww.w3.org%2F2000%2Fsvg%27%20width%3D%272432%27%20height%3D%272432%27%20viewBox%3D%270%200%202432%202432%27%3E%3Crect%20width%3D%272432%27%20height%3D%272432%27%20fill-opacity%3D%220%22%2F%3E%3C%2Fsvg%3E\" data-orig-src=\"https:\/\/pavidecor.si\/wp-content\/uploads\/2022\/08\/1IMG_6662-2.jpg\" \/><\/center><\/div>\n<div class=\"col-sm-6\" style=\"margin-top: 40px;\">\n<p>&nbsp;<\/p>\n<h3>Unikatna ru\u010dna izrada<\/h3>\n<p>Na\u0161a dekorativna vesla su rezultat strasti prema drvetu i prirodi, a svaki komad je ru\u010dno izra\u0111en s ljubavlju u na\u0161oj trgovini PAVI DECOR u Ljubljani. <b>Ru\u010dna izrada<\/b> omogu\u0107ava nam da zadr\u017eimo autenti\u010dnost i kvalitetu, a svaki detalj spajanja drvenih dijelova odra\u017eava vje\u0161tinu starih majstora. Ova vesla nisu samo dekoracija, ve\u0107 i umjetni\u010dki rad koji \u0107e obogatiti svaki prostor.<\/p>\n<p>&nbsp;<\/p>\n<p>Svako veslo je jedinstveno, s pa\u017enjom na detalje i kvalitetu materijala. Na\u0161a strast prema drvetu i prirodi o\u010dituje se u svakom komadu, a vi mo\u017eete biti sigurni da kupujete proizvod koji je rezultat na\u0161eg vlastitog znanja i kreativnosti. Ova vesla su savr\u0161ena za sve koji \u017eele dodati <strong>da\u0161ak prirode i elegancije<\/strong> u svoj interijer.<\/p>\n<p>&nbsp;<\/p>\n<\/div>\n<\/div>\n<div class=\"row\">\n<div class=\"col-sm-6 col-sm-push-6\" style=\"margin-top: 30px;\"><center><img decoding=\"async\" class=\"lazyload img-responsive\" style=\"margin: 0px auto; max-width: 100%;\" src=\"data:image\/svg+xml,%3Csvg%20xmlns%3D%27http%3A%2F%2Fwww.w3.org%2F2000%2Fsvg%27%20width%3D%272560%27%20height%3D%272560%27%20viewBox%3D%270%200%202560%202560%27%3E%3Crect%20width%3D%272560%27%20height%3D%272560%27%20fill-opacity%3D%220%22%2F%3E%3C%2Fsvg%3E\" data-orig-src=\" https:\/\/pavidecor.si\/wp-content\/uploads\/2022\/08\/3IMG_6664-2-scaled.jpg\" \/><\/center><\/div>\n<div class=\"col-sm-6 col-sm-pull-6\" style=\"margin-top: 40px;\">\n<p>&nbsp;<\/p>\n<h3>Prilagodite svoje veslo<\/h3>\n<p>Jedna od posebnosti na\u0161ih dekorativnih vesala je mogu\u0107nost prilagodbe. <b>Izradit \u0107emo vam veslo po narud\u017ebi<\/b>, prilago\u0111avaju\u0107i du\u017einu, boju i natpis prema va\u0161im \u017eeljama. Na taj na\u010din, svako veslo postaje jedinstven komad koji odra\u017eava va\u0161 stil i osobnost.<\/p>\n<p>&nbsp;<\/p>\n<p>Na\u0161a osnovna paleta boja uklju\u010duje bijelu i sme\u0111u, koje su dodatno oboga\u0107ene \u0161arenim detaljima, natpisima i brojevima. Ova prilagodljivost \u010dini na\u0161a vesla savr\u0161enim poklonom za posebne prigode ili kao jedinstveni dodatak va\u0161em domu. U\u017eivajte u stvaranju vlastitog <a href=\"https:\/\/pavidecor.si\/hr\/projects\/morski-ambijent\/\"><strong><span style=\"color: #3366ff;\">morskog ambijenta<\/span><\/strong><\/a> s na\u0161im veslima koja \u0107e vas podsje\u0107ati na ljetne avanture.<\/p>\n<p>&nbsp;<\/p>\n<\/div>\n<\/div>\n<div class=\"row\">\n<div class=\"col-sm-6\" style=\"margin-top: 30px;\"><center><img decoding=\"async\" class=\"lazyload img-responsive\" style=\"margin: 0px auto; max-width: 100%;\" src=\"data:image\/svg+xml,%3Csvg%20xmlns%3D%27http%3A%2F%2Fwww.w3.org%2F2000%2Fsvg%27%20width%3D%272501%27%20height%3D%272501%27%20viewBox%3D%270%200%202501%202501%27%3E%3Crect%20width%3D%272501%27%20height%3D%272501%27%20fill-opacity%3D%220%22%2F%3E%3C%2Fsvg%3E\" data-orig-src=\" https:\/\/pavidecor.si\/wp-content\/uploads\/2022\/08\/4IMG_6665-2.jpg\" \/><\/center><\/div>\n<div class=\"col-sm-6\" style=\"margin-top: 40px;\">\n<p>&nbsp;<\/p>\n<h3>Specifikacije i primjena<\/h3>\n<p>Na\u0161a dekorativna vesla su idealna za ukra\u0161avanje razli\u010ditih prostora. Bilo da se radi o va\u0161em domu, restoranu ili vikendici, ova vesla donose <b>navti\u010dki dekor<\/b> koji budi lijepe uspomene na godi\u0161nje odmore. Oblik vesla imitira tradicionalna vesla koja su se nekada koristila od strane ribara, s uskim i dugim lopaticama, \u0161to dodatno <strong>nagla\u0161ava njihovu autenti\u010dnost<\/strong>.<\/p>\n<p>&nbsp;<\/p>\n<p>Svako veslo je ru\u010dno oslikano i dolazi u razli\u010ditim bojama i stilovima, \u0161to omogu\u0107ava lako uklapanje u svaki interijer. Osim \u0161to su estetski privla\u010dna, ova vesla su i simbol povezanosti s morem i prirodom. Posjetite na\u0161u trgovinu PAVI DECOR i otkrijte kako mo\u017eete obogatiti svoj prostor ovim jedinstvenim komadima.<\/p>\n<\/div>\n<\/div>\n<p>&nbsp;<\/p>\n","protected":false},"excerpt":{"rendered":"<p><strong><span style=\"color: #c4963c;\">\u2192 Ru\u010dno izra\u0111eno<\/span><\/strong><strong><span style=\"color: #c4963c;\"><br \/>\n<\/span><span style=\"color: #c4963c;\">\u2192 Jedinstveno<\/span><\/strong><\/p>\n","protected":false},"featured_media":17089,"comment_status":"open","ping_status":"closed","template":"","meta":[],"product_brand":[],"product_cat":[357],"product_tag":[218],"class_list":{"0":"post-17084","1":"product","2":"type-product","3":"status-publish","4":"has-post-thumbnail","6":"product_cat-vesla-hr","7":"product_tag-nov","9":"first","10":"outofstock","11":"sold-individually","12":"taxable","13":"shipping-taxable","14":"purchasable","15":"product-type-simple"},"yoast_head":"<!-- This site is optimized with the Yoast SEO plugin v27.2 - https:\/\/yoast.com\/product\/yoast-seo-wordpress\/ -->\n<title>Dekorativno veslo PAVI DECOR - Unikatni morski dekor za dom<\/title>\n<meta name=\"description\" content=\"Dekorativno veslo donosi miris mora, opu\u0161tanje i uspomenu na odmor u prostore. Svaki je jedinstven. Tako\u0111er izra\u0111ujemo vesla po narud\u017ebi.\" \/>\n<meta name=\"robots\" content=\"index, follow, max-snippet:-1, max-image-preview:large, max-video-preview:-1\" \/>\n<link rel=\"canonical\" href=\"https:\/\/pavidecor.si\/hr\/proizvod\/dekorativno-veslo-3-plavo-o4x257cm\/\" \/>\n<meta property=\"og:locale\" content=\"hr_HR\" \/>\n<meta property=\"og:type\" content=\"article\" \/>\n<meta property=\"og:title\" content=\"Dekorativno veslo PAVI DECOR - Unikatni morski dekor za dom\" \/>\n<meta property=\"og:description\" content=\"Dekorativno veslo donosi miris mora, opu\u0161tanje i uspomenu na odmor u prostore. Svaki je jedinstven. Tako\u0111er izra\u0111ujemo vesla po narud\u017ebi.\" \/>\n<meta property=\"og:url\" content=\"https:\/\/pavidecor.si\/hr\/proizvod\/dekorativno-veslo-3-plavo-o4x257cm\/\" \/>\n<meta property=\"og:site_name\" content=\"Pavi Decor\" \/>\n<meta property=\"article:modified_time\" content=\"2026-04-23T10:09:16+00:00\" \/>\n<meta property=\"og:image\" content=\"https:\/\/pavidecor.si\/wp-content\/uploads\/2022\/08\/1IMG_6662-2.jpg\" \/>\n\t<meta property=\"og:image:width\" content=\"2432\" \/>\n\t<meta property=\"og:image:height\" content=\"2432\" \/>\n\t<meta property=\"og:image:type\" content=\"image\/jpeg\" \/>\n<meta name=\"twitter:card\" content=\"summary_large_image\" \/>\n<meta name=\"twitter:label1\" content=\"Procijenjeno vrijeme \u010ditanja\" \/>\n\t<meta name=\"twitter:data1\" content=\"3 minute\" \/>\n<script type=\"application\/ld+json\" class=\"yoast-schema-graph\">{\"@context\":\"https:\/\/schema.org\",\"@graph\":[{\"@type\":\"WebPage\",\"@id\":\"https:\/\/pavidecor.si\/hr\/proizvod\/dekorativno-veslo-3-plavo-o4x257cm\/\",\"url\":\"https:\/\/pavidecor.si\/hr\/proizvod\/dekorativno-veslo-3-plavo-o4x257cm\/\",\"name\":\"Dekorativno veslo PAVI DECOR - Unikatni morski dekor za dom\",\"isPartOf\":{\"@id\":\"https:\/\/pavidecor.si\/hr\/#website\"},\"primaryImageOfPage\":{\"@id\":\"https:\/\/pavidecor.si\/hr\/proizvod\/dekorativno-veslo-3-plavo-o4x257cm\/#primaryimage\"},\"image\":{\"@id\":\"https:\/\/pavidecor.si\/hr\/proizvod\/dekorativno-veslo-3-plavo-o4x257cm\/#primaryimage\"},\"thumbnailUrl\":\"https:\/\/pavidecor.si\/wp-content\/uploads\/2022\/08\/1IMG_6662-2.jpg\",\"datePublished\":\"2022-08-12T07:22:22+00:00\",\"dateModified\":\"2026-04-23T10:09:16+00:00\",\"description\":\"Dekorativno veslo donosi miris mora, opu\u0161tanje i uspomenu na odmor u prostore. Svaki je jedinstven. Tako\u0111er izra\u0111ujemo vesla po narud\u017ebi.\",\"breadcrumb\":{\"@id\":\"https:\/\/pavidecor.si\/hr\/proizvod\/dekorativno-veslo-3-plavo-o4x257cm\/#breadcrumb\"},\"inLanguage\":\"hr\",\"potentialAction\":[{\"@type\":\"ReadAction\",\"target\":[\"https:\/\/pavidecor.si\/hr\/proizvod\/dekorativno-veslo-3-plavo-o4x257cm\/\"]}]},{\"@type\":\"ImageObject\",\"inLanguage\":\"hr\",\"@id\":\"https:\/\/pavidecor.si\/hr\/proizvod\/dekorativno-veslo-3-plavo-o4x257cm\/#primaryimage\",\"url\":\"https:\/\/pavidecor.si\/wp-content\/uploads\/2022\/08\/1IMG_6662-2.jpg\",\"contentUrl\":\"https:\/\/pavidecor.si\/wp-content\/uploads\/2022\/08\/1IMG_6662-2.jpg\",\"width\":2432,\"height\":2432,\"caption\":\"PAVI DECOR\"},{\"@type\":\"BreadcrumbList\",\"@id\":\"https:\/\/pavidecor.si\/hr\/proizvod\/dekorativno-veslo-3-plavo-o4x257cm\/#breadcrumb\",\"itemListElement\":[{\"@type\":\"ListItem\",\"position\":1,\"name\":\"Domov\",\"item\":\"https:\/\/pavidecor.si\/hr\/\"},{\"@type\":\"ListItem\",\"position\":2,\"name\":\"Internetska trgovina\",\"item\":\"https:\/\/pavidecor.si\/hr\/internetska-trgovina\/\"},{\"@type\":\"ListItem\",\"position\":3,\"name\":\"Dekorativno veslo 3 plavo \u00f84x257cm\"}]},{\"@type\":\"WebSite\",\"@id\":\"https:\/\/pavidecor.si\/hr\/#website\",\"url\":\"https:\/\/pavidecor.si\/hr\/\",\"name\":\"Pavi Decor\",\"description\":\"Leseni unikati ustvarjeni iz ljubezni do lesa in narave.\",\"potentialAction\":[{\"@type\":\"SearchAction\",\"target\":{\"@type\":\"EntryPoint\",\"urlTemplate\":\"https:\/\/pavidecor.si\/hr\/?s={search_term_string}\"},\"query-input\":{\"@type\":\"PropertyValueSpecification\",\"valueRequired\":true,\"valueName\":\"search_term_string\"}}],\"inLanguage\":\"hr\"}]}<\/script>\n<!-- \/ Yoast SEO plugin. -->","yoast_head_json":{"title":"Dekorativno veslo PAVI DECOR - Unikatni morski dekor za dom","description":"Dekorativno veslo donosi miris mora, opu\u0161tanje i uspomenu na odmor u prostore. Svaki je jedinstven. Tako\u0111er izra\u0111ujemo vesla po narud\u017ebi.","robots":{"index":"index","follow":"follow","max-snippet":"max-snippet:-1","max-image-preview":"max-image-preview:large","max-video-preview":"max-video-preview:-1"},"canonical":"https:\/\/pavidecor.si\/hr\/proizvod\/dekorativno-veslo-3-plavo-o4x257cm\/","og_locale":"hr_HR","og_type":"article","og_title":"Dekorativno veslo PAVI DECOR - Unikatni morski dekor za dom","og_description":"Dekorativno veslo donosi miris mora, opu\u0161tanje i uspomenu na odmor u prostore. Svaki je jedinstven. Tako\u0111er izra\u0111ujemo vesla po narud\u017ebi.","og_url":"https:\/\/pavidecor.si\/hr\/proizvod\/dekorativno-veslo-3-plavo-o4x257cm\/","og_site_name":"Pavi Decor","article_modified_time":"2026-04-23T10:09:16+00:00","og_image":[{"width":2432,"height":2432,"url":"https:\/\/pavidecor.si\/wp-content\/uploads\/2022\/08\/1IMG_6662-2.jpg","type":"image\/jpeg"}],"twitter_card":"summary_large_image","twitter_misc":{"Procijenjeno vrijeme \u010ditanja":"3 minute"},"schema":{"@context":"https:\/\/schema.org","@graph":[{"@type":"WebPage","@id":"https:\/\/pavidecor.si\/hr\/proizvod\/dekorativno-veslo-3-plavo-o4x257cm\/","url":"https:\/\/pavidecor.si\/hr\/proizvod\/dekorativno-veslo-3-plavo-o4x257cm\/","name":"Dekorativno veslo PAVI DECOR - Unikatni morski dekor za dom","isPartOf":{"@id":"https:\/\/pavidecor.si\/hr\/#website"},"primaryImageOfPage":{"@id":"https:\/\/pavidecor.si\/hr\/proizvod\/dekorativno-veslo-3-plavo-o4x257cm\/#primaryimage"},"image":{"@id":"https:\/\/pavidecor.si\/hr\/proizvod\/dekorativno-veslo-3-plavo-o4x257cm\/#primaryimage"},"thumbnailUrl":"https:\/\/pavidecor.si\/wp-content\/uploads\/2022\/08\/1IMG_6662-2.jpg","datePublished":"2022-08-12T07:22:22+00:00","dateModified":"2026-04-23T10:09:16+00:00","description":"Dekorativno veslo donosi miris mora, opu\u0161tanje i uspomenu na odmor u prostore. Svaki je jedinstven. Tako\u0111er izra\u0111ujemo vesla po narud\u017ebi.","breadcrumb":{"@id":"https:\/\/pavidecor.si\/hr\/proizvod\/dekorativno-veslo-3-plavo-o4x257cm\/#breadcrumb"},"inLanguage":"hr","potentialAction":[{"@type":"ReadAction","target":["https:\/\/pavidecor.si\/hr\/proizvod\/dekorativno-veslo-3-plavo-o4x257cm\/"]}]},{"@type":"ImageObject","inLanguage":"hr","@id":"https:\/\/pavidecor.si\/hr\/proizvod\/dekorativno-veslo-3-plavo-o4x257cm\/#primaryimage","url":"https:\/\/pavidecor.si\/wp-content\/uploads\/2022\/08\/1IMG_6662-2.jpg","contentUrl":"https:\/\/pavidecor.si\/wp-content\/uploads\/2022\/08\/1IMG_6662-2.jpg","width":2432,"height":2432,"caption":"PAVI DECOR"},{"@type":"BreadcrumbList","@id":"https:\/\/pavidecor.si\/hr\/proizvod\/dekorativno-veslo-3-plavo-o4x257cm\/#breadcrumb","itemListElement":[{"@type":"ListItem","position":1,"name":"Domov","item":"https:\/\/pavidecor.si\/hr\/"},{"@type":"ListItem","position":2,"name":"Internetska trgovina","item":"https:\/\/pavidecor.si\/hr\/internetska-trgovina\/"},{"@type":"ListItem","position":3,"name":"Dekorativno veslo 3 plavo \u00f84x257cm"}]},{"@type":"WebSite","@id":"https:\/\/pavidecor.si\/hr\/#website","url":"https:\/\/pavidecor.si\/hr\/","name":"Pavi Decor","description":"Leseni unikati ustvarjeni iz ljubezni do lesa in narave.","potentialAction":[{"@type":"SearchAction","target":{"@type":"EntryPoint","urlTemplate":"https:\/\/pavidecor.si\/hr\/?s={search_term_string}"},"query-input":{"@type":"PropertyValueSpecification","valueRequired":true,"valueName":"search_term_string"}}],"inLanguage":"hr"}]}},"_links":{"self":[{"href":"https:\/\/pavidecor.si\/hr\/wp-json\/wp\/v2\/product\/17084","targetHints":{"allow":["GET"]}}],"collection":[{"href":"https:\/\/pavidecor.si\/hr\/wp-json\/wp\/v2\/product"}],"about":[{"href":"https:\/\/pavidecor.si\/hr\/wp-json\/wp\/v2\/types\/product"}],"replies":[{"embeddable":true,"href":"https:\/\/pavidecor.si\/hr\/wp-json\/wp\/v2\/comments?post=17084"}],"wp:featuredmedia":[{"embeddable":true,"href":"https:\/\/pavidecor.si\/hr\/wp-json\/wp\/v2\/media\/17089"}],"wp:attachment":[{"href":"https:\/\/pavidecor.si\/hr\/wp-json\/wp\/v2\/media?parent=17084"}],"wp:term":[{"taxonomy":"product_brand","embeddable":true,"href":"https:\/\/pavidecor.si\/hr\/wp-json\/wp\/v2\/product_brand?post=17084"},{"taxonomy":"product_cat","embeddable":true,"href":"https:\/\/pavidecor.si\/hr\/wp-json\/wp\/v2\/product_cat?post=17084"},{"taxonomy":"product_tag","embeddable":true,"href":"https:\/\/pavidecor.si\/hr\/wp-json\/wp\/v2\/product_tag?post=17084"}],"curies":[{"name":"wp","href":"https:\/\/api.w.org\/{rel}","templated":true}]}}