	{"id":16996,"date":"2022-08-17T07:34:54","date_gmt":"2022-08-17T07:34:54","guid":{"rendered":"https:\/\/pavidecor.si\/product\/slika-ribara-koji-siva-mrezu-50x40cm\/"},"modified":"2026-04-18T17:09:29","modified_gmt":"2026-04-18T17:09:29","slug":"slika-ribar-siva-mrezu-50x40cm","status":"publish","type":"product","link":"https:\/\/pavidecor.si\/hr\/proizvod\/slika-ribar-siva-mrezu-50x40cm\/","title":{"rendered":"Slika ribar \u0161iva mre\u017eu 50x40cm"},"content":{"rendered":"<p><span class=\"prvimanjsinaslovopis\">Slika ribar \u0161iva mre\u017eu &#8211; Autenti\u010dni morski motiv za va\u0161 interijer<\/span><\/p>\n<p>&nbsp;<\/p>\n<h2><span class=\"odebeljenopis\"><strong> Otkrijte \u010daroliju morskog svijeta s na\u0161om unikatnom slikom ribara koji \u0161iva mre\u017eu. Ovaj prekrasan motiv ne samo da \u0107e obogatiti va\u0161 prostor, ve\u0107 \u0107e i donijeti da\u0161ak odlu\u010dnosti i upornosti ribi\u010dkog zanata. Izra\u0111en s ljubavlju u PAVI DECOR-u, svaki detalj ove slike odra\u017eava na\u0161u strast prema drvetu i prirodi.<\/strong><\/span><\/h2>\n<p>&nbsp;<\/p>\n<div class=\"row\">\n<div class=\"col-sm-6 \" style=\"margin-top: 30px;\"><center><img decoding=\"async\" class=\"lazyload img-responsive\" style=\"margin: 0px auto; max-width: 100%;\" src=\"data:image\/svg+xml,%3Csvg%20xmlns%3D%27http%3A%2F%2Fwww.w3.org%2F2000%2Fsvg%27%20width%3D%272015%27%20height%3D%272015%27%20viewBox%3D%270%200%202015%202015%27%3E%3Crect%20width%3D%272015%27%20height%3D%272015%27%20fill-opacity%3D%220%22%2F%3E%3C%2Fsvg%3E\" data-orig-src=\"https:\/\/pavidecor.si\/wp-content\/uploads\/2022\/08\/1IMG_6703-2b.jpg\" \/><\/center><\/div>\n<div class=\"col-sm-6\" style=\"margin-top: 40px;\">\n<p>&nbsp;<\/p>\n<h3>Unikatna izrada i materijali<\/h3>\n<p>Okvir slike &#8220;Ribar \u0161iva mre\u017eu&#8221; izra\u0111en je od <b>topolovog drva<\/b> u prirodnoj boji, \u0161to joj daje elegantan i prirodan izgled. Ova slika savr\u0161eno se uklapa u morski ili shabby chic interijer, stvaraju\u0107i toplu i ugodnu atmosferu.<\/p>\n<p>&nbsp;<\/p>\n<p>Svi na\u0161i proizvodi su rezultat ru\u010dne izrade, a svaki komad nosi pe\u010dat autenti\u010dnosti i pa\u017enje prema detaljima. U PAVI DECOR-u vjerujemo da je ljubav prema drvetu i prirodi klju\u010dna za stvaranje jedinstvenih komada koji \u0107e trajati generacijama. Na\u0161a strast prema drvenim materijalima osigurava da svaki proizvod bude ne samo lijep, ve\u0107 i izdr\u017eljiv.<\/p>\n<p>&nbsp;<\/p>\n<p>&nbsp;<\/p>\n<\/div>\n<\/div>\n<div class=\"row\">\n<div class=\"col-sm-12\">\n<p>&nbsp;<\/p>\n<h3>Za\u0161tita i jednostavno postavljanje<\/h3>\n<p>Ova slika dolazi s <b>nelomljivim pleksi staklom<\/b> koje \u0161titi fotografiju od o\u0161te\u0107enja, dok bijeli paspartu dodaje dodatnu dimenziju i isti\u010de motiv. Dodatna letvica u prirodnoj boji omogu\u0107ava jednostavno i sigurno obe\u0161anje na zid, a prilo\u017eeni vijci olak\u0161avaju instalaciju.<\/p>\n<p>&nbsp;<\/p>\n<p>Na\u0161a slika nije samo dekoracija; ona je i simbol strasti i predanosti ribi\u010dkom zanatu. Osim toga, nudimo mogu\u0107nost izrade slike s fotografijom po va\u0161oj \u017eelji, \u0161to je \u010dini savr\u0161enim poklonom ili osobnim dodatkom va\u0161em prostoru.<\/p>\n<p>&nbsp;<\/p>\n<p>&nbsp;<\/p>\n<\/div>\n<\/div>\n<div class=\"row\">\n<div class=\"col-sm-12\">\n<p>&nbsp;<\/p>\n<h3>Specifikacije proizvoda<\/h3>\n<p>&#8211; Motiv: Ribar \u0161iva mre\u017eu<br \/>\n&#8211; Materijal okvira: Topolovo drvo u natur boji<br \/>\n&#8211; Za\u0161tita: Nelomljivo pleksi staklo<br \/>\n&#8211; Dodatak: Bijeli paspartu i letvica za jednostavno obje\u0161anje<br \/>\n&#8211; Mogu\u0107nost prilagodbe: Izrada slike s fotografijom po va\u0161oj \u017eelji<\/p>\n<p>&nbsp;<\/p>\n<p>U PAVI DECOR-u iz Ljubljane, svaki na\u0161 proizvod je rezultat vlastitog znanja i kreativnosti, a svi su izra\u0111eni u Sloveniji. Na\u0161a posve\u0107enost kvaliteti i tradiciji ru\u010dne izrade \u010dini na\u0161e proizvode <strong>jedinstvenima i posebnima<\/strong>.<\/p>\n<\/div>\n<\/div>\n<p>&nbsp;<\/p>\n","protected":false},"excerpt":{"rendered":"<p><strong><span style=\"color: #c4963c;\">\u2192 Morski<\/span><\/strong><strong><span style=\"color: #c4963c;\">motiv<br \/>\n<\/span><span style=\"color: #c4963c;\">\u2192 Shabby chic<\/span><\/strong><strong><br \/>\n<\/strong><\/p>\n","protected":false},"featured_media":16998,"comment_status":"open","ping_status":"closed","template":"","meta":[],"product_brand":[],"product_cat":[351],"product_tag":[255,218],"class_list":{"0":"post-16996","1":"product","2":"type-product","3":"status-publish","4":"has-post-thumbnail","6":"product_cat-slike-hr-2","7":"product_tag-morski-ambijent","8":"product_tag-nov","10":"first","11":"outofstock","12":"sold-individually","13":"taxable","14":"shipping-taxable","15":"purchasable","16":"product-type-simple"},"yoast_head":"<!-- This site is optimized with the Yoast SEO plugin v27.2 - https:\/\/yoast.com\/product\/yoast-seo-wordpress\/ -->\n<title>Slika ribar \u0161iva mre\u017eu - Unikatni morski motiv za va\u0161 interijer<\/title>\n<meta name=\"description\" content=\"Slika ribar \u0161iva mre\u017eu prekrasan je morski motiv koji promatra\u010du istinski pokazuje odlu\u010dnost i ustrajnost ribarske struke. Okvir je prirodne boje.\" \/>\n<meta name=\"robots\" content=\"index, follow, max-snippet:-1, max-image-preview:large, max-video-preview:-1\" \/>\n<link rel=\"canonical\" href=\"https:\/\/pavidecor.si\/hr\/proizvod\/slika-ribar-siva-mrezu-50x40cm\/\" \/>\n<meta property=\"og:locale\" content=\"hr_HR\" \/>\n<meta property=\"og:type\" content=\"article\" \/>\n<meta property=\"og:title\" content=\"Slika ribar \u0161iva mre\u017eu - Unikatni morski motiv za va\u0161 interijer\" \/>\n<meta property=\"og:description\" content=\"Slika ribar \u0161iva mre\u017eu prekrasan je morski motiv koji promatra\u010du istinski pokazuje odlu\u010dnost i ustrajnost ribarske struke. Okvir je prirodne boje.\" \/>\n<meta property=\"og:url\" content=\"https:\/\/pavidecor.si\/hr\/proizvod\/slika-ribar-siva-mrezu-50x40cm\/\" \/>\n<meta property=\"og:site_name\" content=\"Pavi Decor\" \/>\n<meta property=\"article:modified_time\" content=\"2026-04-18T17:09:29+00:00\" \/>\n<meta property=\"og:image\" content=\"https:\/\/pavidecor.si\/wp-content\/uploads\/2022\/08\/1IMG_6703-2b.jpg\" \/>\n\t<meta property=\"og:image:width\" content=\"2015\" \/>\n\t<meta property=\"og:image:height\" content=\"2015\" \/>\n\t<meta property=\"og:image:type\" content=\"image\/jpeg\" \/>\n<meta name=\"twitter:card\" content=\"summary_large_image\" \/>\n<meta name=\"twitter:label1\" content=\"Procijenjeno vrijeme \u010ditanja\" \/>\n\t<meta name=\"twitter:data1\" content=\"3 minute\" \/>\n<script type=\"application\/ld+json\" class=\"yoast-schema-graph\">{\"@context\":\"https:\/\/schema.org\",\"@graph\":[{\"@type\":\"WebPage\",\"@id\":\"https:\/\/pavidecor.si\/hr\/proizvod\/slika-ribar-siva-mrezu-50x40cm\/\",\"url\":\"https:\/\/pavidecor.si\/hr\/proizvod\/slika-ribar-siva-mrezu-50x40cm\/\",\"name\":\"Slika ribar \u0161iva mre\u017eu - Unikatni morski motiv za va\u0161 interijer\",\"isPartOf\":{\"@id\":\"https:\/\/pavidecor.si\/hr\/#website\"},\"primaryImageOfPage\":{\"@id\":\"https:\/\/pavidecor.si\/hr\/proizvod\/slika-ribar-siva-mrezu-50x40cm\/#primaryimage\"},\"image\":{\"@id\":\"https:\/\/pavidecor.si\/hr\/proizvod\/slika-ribar-siva-mrezu-50x40cm\/#primaryimage\"},\"thumbnailUrl\":\"https:\/\/pavidecor.si\/wp-content\/uploads\/2022\/08\/1IMG_6703-2b.jpg\",\"datePublished\":\"2022-08-17T07:34:54+00:00\",\"dateModified\":\"2026-04-18T17:09:29+00:00\",\"description\":\"Slika ribar \u0161iva mre\u017eu prekrasan je morski motiv koji promatra\u010du istinski pokazuje odlu\u010dnost i ustrajnost ribarske struke. Okvir je prirodne boje.\",\"breadcrumb\":{\"@id\":\"https:\/\/pavidecor.si\/hr\/proizvod\/slika-ribar-siva-mrezu-50x40cm\/#breadcrumb\"},\"inLanguage\":\"hr\",\"potentialAction\":[{\"@type\":\"ReadAction\",\"target\":[\"https:\/\/pavidecor.si\/hr\/proizvod\/slika-ribar-siva-mrezu-50x40cm\/\"]}]},{\"@type\":\"ImageObject\",\"inLanguage\":\"hr\",\"@id\":\"https:\/\/pavidecor.si\/hr\/proizvod\/slika-ribar-siva-mrezu-50x40cm\/#primaryimage\",\"url\":\"https:\/\/pavidecor.si\/wp-content\/uploads\/2022\/08\/1IMG_6703-2b.jpg\",\"contentUrl\":\"https:\/\/pavidecor.si\/wp-content\/uploads\/2022\/08\/1IMG_6703-2b.jpg\",\"width\":2015,\"height\":2015,\"caption\":\"PAVI DECOR\"},{\"@type\":\"BreadcrumbList\",\"@id\":\"https:\/\/pavidecor.si\/hr\/proizvod\/slika-ribar-siva-mrezu-50x40cm\/#breadcrumb\",\"itemListElement\":[{\"@type\":\"ListItem\",\"position\":1,\"name\":\"Domov\",\"item\":\"https:\/\/pavidecor.si\/hr\/\"},{\"@type\":\"ListItem\",\"position\":2,\"name\":\"Internetska trgovina\",\"item\":\"https:\/\/pavidecor.si\/hr\/internetska-trgovina\/\"},{\"@type\":\"ListItem\",\"position\":3,\"name\":\"Slika ribar \u0161iva mre\u017eu 50x40cm\"}]},{\"@type\":\"WebSite\",\"@id\":\"https:\/\/pavidecor.si\/hr\/#website\",\"url\":\"https:\/\/pavidecor.si\/hr\/\",\"name\":\"Pavi Decor\",\"description\":\"Leseni unikati ustvarjeni iz ljubezni do lesa in narave.\",\"potentialAction\":[{\"@type\":\"SearchAction\",\"target\":{\"@type\":\"EntryPoint\",\"urlTemplate\":\"https:\/\/pavidecor.si\/hr\/?s={search_term_string}\"},\"query-input\":{\"@type\":\"PropertyValueSpecification\",\"valueRequired\":true,\"valueName\":\"search_term_string\"}}],\"inLanguage\":\"hr\"}]}<\/script>\n<!-- \/ Yoast SEO plugin. -->","yoast_head_json":{"title":"Slika ribar \u0161iva mre\u017eu - Unikatni morski motiv za va\u0161 interijer","description":"Slika ribar \u0161iva mre\u017eu prekrasan je morski motiv koji promatra\u010du istinski pokazuje odlu\u010dnost i ustrajnost ribarske struke. Okvir je prirodne boje.","robots":{"index":"index","follow":"follow","max-snippet":"max-snippet:-1","max-image-preview":"max-image-preview:large","max-video-preview":"max-video-preview:-1"},"canonical":"https:\/\/pavidecor.si\/hr\/proizvod\/slika-ribar-siva-mrezu-50x40cm\/","og_locale":"hr_HR","og_type":"article","og_title":"Slika ribar \u0161iva mre\u017eu - Unikatni morski motiv za va\u0161 interijer","og_description":"Slika ribar \u0161iva mre\u017eu prekrasan je morski motiv koji promatra\u010du istinski pokazuje odlu\u010dnost i ustrajnost ribarske struke. Okvir je prirodne boje.","og_url":"https:\/\/pavidecor.si\/hr\/proizvod\/slika-ribar-siva-mrezu-50x40cm\/","og_site_name":"Pavi Decor","article_modified_time":"2026-04-18T17:09:29+00:00","og_image":[{"width":2015,"height":2015,"url":"https:\/\/pavidecor.si\/wp-content\/uploads\/2022\/08\/1IMG_6703-2b.jpg","type":"image\/jpeg"}],"twitter_card":"summary_large_image","twitter_misc":{"Procijenjeno vrijeme \u010ditanja":"3 minute"},"schema":{"@context":"https:\/\/schema.org","@graph":[{"@type":"WebPage","@id":"https:\/\/pavidecor.si\/hr\/proizvod\/slika-ribar-siva-mrezu-50x40cm\/","url":"https:\/\/pavidecor.si\/hr\/proizvod\/slika-ribar-siva-mrezu-50x40cm\/","name":"Slika ribar \u0161iva mre\u017eu - Unikatni morski motiv za va\u0161 interijer","isPartOf":{"@id":"https:\/\/pavidecor.si\/hr\/#website"},"primaryImageOfPage":{"@id":"https:\/\/pavidecor.si\/hr\/proizvod\/slika-ribar-siva-mrezu-50x40cm\/#primaryimage"},"image":{"@id":"https:\/\/pavidecor.si\/hr\/proizvod\/slika-ribar-siva-mrezu-50x40cm\/#primaryimage"},"thumbnailUrl":"https:\/\/pavidecor.si\/wp-content\/uploads\/2022\/08\/1IMG_6703-2b.jpg","datePublished":"2022-08-17T07:34:54+00:00","dateModified":"2026-04-18T17:09:29+00:00","description":"Slika ribar \u0161iva mre\u017eu prekrasan je morski motiv koji promatra\u010du istinski pokazuje odlu\u010dnost i ustrajnost ribarske struke. Okvir je prirodne boje.","breadcrumb":{"@id":"https:\/\/pavidecor.si\/hr\/proizvod\/slika-ribar-siva-mrezu-50x40cm\/#breadcrumb"},"inLanguage":"hr","potentialAction":[{"@type":"ReadAction","target":["https:\/\/pavidecor.si\/hr\/proizvod\/slika-ribar-siva-mrezu-50x40cm\/"]}]},{"@type":"ImageObject","inLanguage":"hr","@id":"https:\/\/pavidecor.si\/hr\/proizvod\/slika-ribar-siva-mrezu-50x40cm\/#primaryimage","url":"https:\/\/pavidecor.si\/wp-content\/uploads\/2022\/08\/1IMG_6703-2b.jpg","contentUrl":"https:\/\/pavidecor.si\/wp-content\/uploads\/2022\/08\/1IMG_6703-2b.jpg","width":2015,"height":2015,"caption":"PAVI DECOR"},{"@type":"BreadcrumbList","@id":"https:\/\/pavidecor.si\/hr\/proizvod\/slika-ribar-siva-mrezu-50x40cm\/#breadcrumb","itemListElement":[{"@type":"ListItem","position":1,"name":"Domov","item":"https:\/\/pavidecor.si\/hr\/"},{"@type":"ListItem","position":2,"name":"Internetska trgovina","item":"https:\/\/pavidecor.si\/hr\/internetska-trgovina\/"},{"@type":"ListItem","position":3,"name":"Slika ribar \u0161iva mre\u017eu 50x40cm"}]},{"@type":"WebSite","@id":"https:\/\/pavidecor.si\/hr\/#website","url":"https:\/\/pavidecor.si\/hr\/","name":"Pavi Decor","description":"Leseni unikati ustvarjeni iz ljubezni do lesa in narave.","potentialAction":[{"@type":"SearchAction","target":{"@type":"EntryPoint","urlTemplate":"https:\/\/pavidecor.si\/hr\/?s={search_term_string}"},"query-input":{"@type":"PropertyValueSpecification","valueRequired":true,"valueName":"search_term_string"}}],"inLanguage":"hr"}]}},"_links":{"self":[{"href":"https:\/\/pavidecor.si\/hr\/wp-json\/wp\/v2\/product\/16996","targetHints":{"allow":["GET"]}}],"collection":[{"href":"https:\/\/pavidecor.si\/hr\/wp-json\/wp\/v2\/product"}],"about":[{"href":"https:\/\/pavidecor.si\/hr\/wp-json\/wp\/v2\/types\/product"}],"replies":[{"embeddable":true,"href":"https:\/\/pavidecor.si\/hr\/wp-json\/wp\/v2\/comments?post=16996"}],"wp:featuredmedia":[{"embeddable":true,"href":"https:\/\/pavidecor.si\/hr\/wp-json\/wp\/v2\/media\/16998"}],"wp:attachment":[{"href":"https:\/\/pavidecor.si\/hr\/wp-json\/wp\/v2\/media?parent=16996"}],"wp:term":[{"taxonomy":"product_brand","embeddable":true,"href":"https:\/\/pavidecor.si\/hr\/wp-json\/wp\/v2\/product_brand?post=16996"},{"taxonomy":"product_cat","embeddable":true,"href":"https:\/\/pavidecor.si\/hr\/wp-json\/wp\/v2\/product_cat?post=16996"},{"taxonomy":"product_tag","embeddable":true,"href":"https:\/\/pavidecor.si\/hr\/wp-json\/wp\/v2\/product_tag?post=16996"}],"curies":[{"name":"wp","href":"https:\/\/api.w.org\/{rel}","templated":true}]}}