	{"id":16936,"date":"2022-08-18T07:19:29","date_gmt":"2022-08-18T07:19:29","guid":{"rendered":"https:\/\/pavidecor.si\/product\/slika-brodskog-zvona-40x40cm\/"},"modified":"2026-04-21T11:29:31","modified_gmt":"2026-04-21T11:29:31","slug":"slika-brodskog-zvona-40x40cm","status":"publish","type":"product","link":"https:\/\/pavidecor.si\/hr\/proizvod\/slika-brodskog-zvona-40x40cm\/","title":{"rendered":"Slika brodskog zvona 40x40cm"},"content":{"rendered":"<p><span class=\"prvimanjsinaslovopis\">Slika brodskog zvona &#8211; Unikatni morski motiv za va\u0161 interijer<\/span><\/p>\n<p>&nbsp;<\/p>\n<h2><span class=\"odebeljenopis\"><strong> Otkrijte \u010daroliju morskih motiva s na\u0161om slikom brodskog zvona, savr\u0161enim dodatkom za sve ljubitelje nautike. Ova jedinstvena slika, izra\u0111ena s ljubavlju i pa\u017enjom, donosi da\u0161ak prirode u va\u0161 dom. U PAVI DECOR-u iz Ljubljane, svaki proizvod je rezultat strasti prema drvetu i prirodi, a ova slika nije iznimka.<\/strong><\/span><\/h2>\n<p>&nbsp;<\/p>\n<div class=\"row\">\n<div class=\"col-sm-6 \" style=\"margin-top: 30px;\"><center><img decoding=\"async\" class=\"lazyload img-responsive\" style=\"margin: 0px auto; max-width: 100%;\" src=\"data:image\/svg+xml,%3Csvg%20xmlns%3D%27http%3A%2F%2Fwww.w3.org%2F2000%2Fsvg%27%20width%3D%271335%27%20height%3D%271335%27%20viewBox%3D%270%200%201335%201335%27%3E%3Crect%20width%3D%271335%27%20height%3D%271335%27%20fill-opacity%3D%220%22%2F%3E%3C%2Fsvg%3E\" data-orig-src=\"https:\/\/pavidecor.si\/wp-content\/uploads\/2022\/08\/1IMG_6714-2.jpg\" \/><\/center><\/div>\n<div class=\"col-sm-6\" style=\"margin-top: 40px;\">\n<p>&nbsp;<\/p>\n<h3>Jedinstveni dizajn i kvaliteta<\/h3>\n<p>Na\u0161a slika brodskog zvona izra\u0111ena je od <b>kvalitetnog drva bagrema<\/b>\u00a0u prirodnoj boji, \u0161to je \u010dini savr\u0161enim dodatkom za shabby chic ili rustikalni interijer. Ovaj pa\u017eljivo odabran materijal ne samo da osigurava dugotrajnost, ve\u0107 i donosi toplinu i autenti\u010dnost u svaki prostor.<\/p>\n<p>&nbsp;<\/p>\n<p>Slikarska tehnika koju koristimo osigurava da svaki detalj bude savr\u0161eno prikazan, a <b>fotografija je za\u0161ti\u0107ena nelomljivim pleksi staklom<\/b>, \u0161to dodatno pove\u0107ava njenu otpornost. Uz to, slika je odvojena od okvira bijelim paspartuom, \u0161to dodatno nagla\u0161ava njezinu ljepotu i daje joj sofisticiran izgled.<\/p>\n<p>&nbsp;<\/p>\n<\/div>\n<\/div>\n<div class=\"row\">\n<div class=\"col-sm-12\">\n<p>&nbsp;<\/p>\n<h3>Jednostavna monta\u017ea i prilagodljivost<\/h3>\n<p>Jedna od prednosti na\u0161e slike brodskog zvona je <b>jednostavno vje\u0161anje na zid<\/b>. U paketu dolazi dodatna letvica koja se lako pri\u010dvrsti s dva vijaka, \u0161to omogu\u0107ava brzu i jednostavnu instalaciju. Bez obzira na to gdje \u017eelite postaviti ovu sliku, njezina svestranost omogu\u0107ava da se uklopi u razli\u010dite stilove interijera.<\/p>\n<p>&nbsp;<\/p>\n<p>Osim toga, nudimo mogu\u0107nost izrade slike s fotografijom po va\u0161oj \u017eelji. Na taj na\u010din, mo\u017eete personalizirati svoj prostor i <strong>dodati osobni pe\u010dat<\/strong>. Na\u0161a strast prema drvetu i prirodi osigurava da svaki proizvod bude jedinstven i kvalitetan, a vi \u0107ete u\u017eivati u svakom pogledu na ovu prekrasnu sliku.<\/p>\n<p>&nbsp;<\/p>\n<\/div>\n<\/div>\n<div class=\"row\">\n<div class=\"col-sm-12\">\n<p>&nbsp;<\/p>\n<h3>Specifikacije proizvoda<\/h3>\n<p>&#8211; Materijal: Drvo bagrema<br \/>\n&#8211; Boja: Natur<br \/>\n&#8211; Za\u0161tita: Nelomljivo pleksi staklo<br \/>\n&#8211; Dodatak: Bijeli paspartu i dodatna letvica za jednostavno vje\u0161anje<br \/>\n&#8211; Mogu\u0107nost prilagodbe: Izrada slike s fotografijom po va\u0161oj \u017eelji<\/p>\n<p>&nbsp;<\/p>\n<p>Na\u0161a trgovina PAVI DECOR iz Ljubljane ponosna je na ru\u010dnu izradu svih na\u0161ih proizvoda, a <strong>svaki komad nosi u sebi duh starih majstora<\/strong>. U\u017eivajte u autenti\u010dnosti i ljepoti na\u0161ih unikatnih drvenih proizvoda, koji su plod na\u0161eg znanja i kreativnosti.<\/p>\n<\/div>\n<\/div>\n<p>&nbsp;<\/p>\n","protected":false},"excerpt":{"rendered":"<p><strong><span style=\"color: #c4963c;\">\u2192 Morski motiv<br \/>\n<\/span><span style=\"color: #c4963c;\">\u2192 Okvir od bagremovog drveta<\/span><\/strong><strong><br \/>\n<\/strong><\/p>\n","protected":false},"featured_media":16937,"comment_status":"open","ping_status":"closed","template":"","meta":[],"product_brand":[],"product_cat":[342,351],"product_tag":[218],"class_list":{"0":"post-16936","1":"product","2":"type-product","3":"status-publish","4":"has-post-thumbnail","6":"product_cat-slike-hr","7":"product_cat-slike-hr-2","8":"product_tag-nov","10":"first","11":"instock","12":"sold-individually","13":"taxable","14":"shipping-taxable","15":"purchasable","16":"product-type-simple"},"yoast_head":"<!-- This site is optimized with the Yoast SEO plugin v27.2 - https:\/\/yoast.com\/product\/yoast-seo-wordpress\/ -->\n<title>Slika brodskog zvona - Unikatni morski motiv za va\u0161 interijer<\/title>\n<meta name=\"description\" content=\"Slika brodskog zvona zanimljiva je slika morskog motiva za sve ljubitelje nautike. Okvir slike izra\u0111en je od bagremovog drveta u prirodnoj boji.\" \/>\n<meta name=\"robots\" content=\"index, follow, max-snippet:-1, max-image-preview:large, max-video-preview:-1\" \/>\n<link rel=\"canonical\" href=\"https:\/\/pavidecor.si\/hr\/proizvod\/slika-brodskog-zvona-40x40cm\/\" \/>\n<meta property=\"og:locale\" content=\"hr_HR\" \/>\n<meta property=\"og:type\" content=\"article\" \/>\n<meta property=\"og:title\" content=\"Slika brodskog zvona - Unikatni morski motiv za va\u0161 interijer\" \/>\n<meta property=\"og:description\" content=\"Slika brodskog zvona zanimljiva je slika morskog motiva za sve ljubitelje nautike. Okvir slike izra\u0111en je od bagremovog drveta u prirodnoj boji.\" \/>\n<meta property=\"og:url\" content=\"https:\/\/pavidecor.si\/hr\/proizvod\/slika-brodskog-zvona-40x40cm\/\" \/>\n<meta property=\"og:site_name\" content=\"Pavi Decor\" \/>\n<meta property=\"article:modified_time\" content=\"2026-04-21T11:29:31+00:00\" \/>\n<meta property=\"og:image\" content=\"https:\/\/pavidecor.si\/wp-content\/uploads\/2022\/08\/1IMG_6714-2.jpg\" \/>\n\t<meta property=\"og:image:width\" content=\"1335\" \/>\n\t<meta property=\"og:image:height\" content=\"1335\" \/>\n\t<meta property=\"og:image:type\" content=\"image\/jpeg\" \/>\n<meta name=\"twitter:card\" content=\"summary_large_image\" \/>\n<meta name=\"twitter:label1\" content=\"Procijenjeno vrijeme \u010ditanja\" \/>\n\t<meta name=\"twitter:data1\" content=\"3 minute\" \/>\n<script type=\"application\/ld+json\" class=\"yoast-schema-graph\">{\"@context\":\"https:\/\/schema.org\",\"@graph\":[{\"@type\":\"WebPage\",\"@id\":\"https:\/\/pavidecor.si\/hr\/proizvod\/slika-brodskog-zvona-40x40cm\/\",\"url\":\"https:\/\/pavidecor.si\/hr\/proizvod\/slika-brodskog-zvona-40x40cm\/\",\"name\":\"Slika brodskog zvona - Unikatni morski motiv za va\u0161 interijer\",\"isPartOf\":{\"@id\":\"https:\/\/pavidecor.si\/hr\/#website\"},\"primaryImageOfPage\":{\"@id\":\"https:\/\/pavidecor.si\/hr\/proizvod\/slika-brodskog-zvona-40x40cm\/#primaryimage\"},\"image\":{\"@id\":\"https:\/\/pavidecor.si\/hr\/proizvod\/slika-brodskog-zvona-40x40cm\/#primaryimage\"},\"thumbnailUrl\":\"https:\/\/pavidecor.si\/wp-content\/uploads\/2022\/08\/1IMG_6714-2.jpg\",\"datePublished\":\"2022-08-18T07:19:29+00:00\",\"dateModified\":\"2026-04-21T11:29:31+00:00\",\"description\":\"Slika brodskog zvona zanimljiva je slika morskog motiva za sve ljubitelje nautike. Okvir slike izra\u0111en je od bagremovog drveta u prirodnoj boji.\",\"breadcrumb\":{\"@id\":\"https:\/\/pavidecor.si\/hr\/proizvod\/slika-brodskog-zvona-40x40cm\/#breadcrumb\"},\"inLanguage\":\"hr\",\"potentialAction\":[{\"@type\":\"ReadAction\",\"target\":[\"https:\/\/pavidecor.si\/hr\/proizvod\/slika-brodskog-zvona-40x40cm\/\"]}]},{\"@type\":\"ImageObject\",\"inLanguage\":\"hr\",\"@id\":\"https:\/\/pavidecor.si\/hr\/proizvod\/slika-brodskog-zvona-40x40cm\/#primaryimage\",\"url\":\"https:\/\/pavidecor.si\/wp-content\/uploads\/2022\/08\/1IMG_6714-2.jpg\",\"contentUrl\":\"https:\/\/pavidecor.si\/wp-content\/uploads\/2022\/08\/1IMG_6714-2.jpg\",\"width\":1335,\"height\":1335,\"caption\":\"PAVI DECOR\"},{\"@type\":\"BreadcrumbList\",\"@id\":\"https:\/\/pavidecor.si\/hr\/proizvod\/slika-brodskog-zvona-40x40cm\/#breadcrumb\",\"itemListElement\":[{\"@type\":\"ListItem\",\"position\":1,\"name\":\"Domov\",\"item\":\"https:\/\/pavidecor.si\/hr\/\"},{\"@type\":\"ListItem\",\"position\":2,\"name\":\"Internetska trgovina\",\"item\":\"https:\/\/pavidecor.si\/hr\/internetska-trgovina\/\"},{\"@type\":\"ListItem\",\"position\":3,\"name\":\"Slika brodskog zvona 40x40cm\"}]},{\"@type\":\"WebSite\",\"@id\":\"https:\/\/pavidecor.si\/hr\/#website\",\"url\":\"https:\/\/pavidecor.si\/hr\/\",\"name\":\"Pavi Decor\",\"description\":\"Leseni unikati ustvarjeni iz ljubezni do lesa in narave.\",\"potentialAction\":[{\"@type\":\"SearchAction\",\"target\":{\"@type\":\"EntryPoint\",\"urlTemplate\":\"https:\/\/pavidecor.si\/hr\/?s={search_term_string}\"},\"query-input\":{\"@type\":\"PropertyValueSpecification\",\"valueRequired\":true,\"valueName\":\"search_term_string\"}}],\"inLanguage\":\"hr\"}]}<\/script>\n<!-- \/ Yoast SEO plugin. -->","yoast_head_json":{"title":"Slika brodskog zvona - Unikatni morski motiv za va\u0161 interijer","description":"Slika brodskog zvona zanimljiva je slika morskog motiva za sve ljubitelje nautike. Okvir slike izra\u0111en je od bagremovog drveta u prirodnoj boji.","robots":{"index":"index","follow":"follow","max-snippet":"max-snippet:-1","max-image-preview":"max-image-preview:large","max-video-preview":"max-video-preview:-1"},"canonical":"https:\/\/pavidecor.si\/hr\/proizvod\/slika-brodskog-zvona-40x40cm\/","og_locale":"hr_HR","og_type":"article","og_title":"Slika brodskog zvona - Unikatni morski motiv za va\u0161 interijer","og_description":"Slika brodskog zvona zanimljiva je slika morskog motiva za sve ljubitelje nautike. Okvir slike izra\u0111en je od bagremovog drveta u prirodnoj boji.","og_url":"https:\/\/pavidecor.si\/hr\/proizvod\/slika-brodskog-zvona-40x40cm\/","og_site_name":"Pavi Decor","article_modified_time":"2026-04-21T11:29:31+00:00","og_image":[{"width":1335,"height":1335,"url":"https:\/\/pavidecor.si\/wp-content\/uploads\/2022\/08\/1IMG_6714-2.jpg","type":"image\/jpeg"}],"twitter_card":"summary_large_image","twitter_misc":{"Procijenjeno vrijeme \u010ditanja":"3 minute"},"schema":{"@context":"https:\/\/schema.org","@graph":[{"@type":"WebPage","@id":"https:\/\/pavidecor.si\/hr\/proizvod\/slika-brodskog-zvona-40x40cm\/","url":"https:\/\/pavidecor.si\/hr\/proizvod\/slika-brodskog-zvona-40x40cm\/","name":"Slika brodskog zvona - Unikatni morski motiv za va\u0161 interijer","isPartOf":{"@id":"https:\/\/pavidecor.si\/hr\/#website"},"primaryImageOfPage":{"@id":"https:\/\/pavidecor.si\/hr\/proizvod\/slika-brodskog-zvona-40x40cm\/#primaryimage"},"image":{"@id":"https:\/\/pavidecor.si\/hr\/proizvod\/slika-brodskog-zvona-40x40cm\/#primaryimage"},"thumbnailUrl":"https:\/\/pavidecor.si\/wp-content\/uploads\/2022\/08\/1IMG_6714-2.jpg","datePublished":"2022-08-18T07:19:29+00:00","dateModified":"2026-04-21T11:29:31+00:00","description":"Slika brodskog zvona zanimljiva je slika morskog motiva za sve ljubitelje nautike. Okvir slike izra\u0111en je od bagremovog drveta u prirodnoj boji.","breadcrumb":{"@id":"https:\/\/pavidecor.si\/hr\/proizvod\/slika-brodskog-zvona-40x40cm\/#breadcrumb"},"inLanguage":"hr","potentialAction":[{"@type":"ReadAction","target":["https:\/\/pavidecor.si\/hr\/proizvod\/slika-brodskog-zvona-40x40cm\/"]}]},{"@type":"ImageObject","inLanguage":"hr","@id":"https:\/\/pavidecor.si\/hr\/proizvod\/slika-brodskog-zvona-40x40cm\/#primaryimage","url":"https:\/\/pavidecor.si\/wp-content\/uploads\/2022\/08\/1IMG_6714-2.jpg","contentUrl":"https:\/\/pavidecor.si\/wp-content\/uploads\/2022\/08\/1IMG_6714-2.jpg","width":1335,"height":1335,"caption":"PAVI DECOR"},{"@type":"BreadcrumbList","@id":"https:\/\/pavidecor.si\/hr\/proizvod\/slika-brodskog-zvona-40x40cm\/#breadcrumb","itemListElement":[{"@type":"ListItem","position":1,"name":"Domov","item":"https:\/\/pavidecor.si\/hr\/"},{"@type":"ListItem","position":2,"name":"Internetska trgovina","item":"https:\/\/pavidecor.si\/hr\/internetska-trgovina\/"},{"@type":"ListItem","position":3,"name":"Slika brodskog zvona 40x40cm"}]},{"@type":"WebSite","@id":"https:\/\/pavidecor.si\/hr\/#website","url":"https:\/\/pavidecor.si\/hr\/","name":"Pavi Decor","description":"Leseni unikati ustvarjeni iz ljubezni do lesa in narave.","potentialAction":[{"@type":"SearchAction","target":{"@type":"EntryPoint","urlTemplate":"https:\/\/pavidecor.si\/hr\/?s={search_term_string}"},"query-input":{"@type":"PropertyValueSpecification","valueRequired":true,"valueName":"search_term_string"}}],"inLanguage":"hr"}]}},"_links":{"self":[{"href":"https:\/\/pavidecor.si\/hr\/wp-json\/wp\/v2\/product\/16936","targetHints":{"allow":["GET"]}}],"collection":[{"href":"https:\/\/pavidecor.si\/hr\/wp-json\/wp\/v2\/product"}],"about":[{"href":"https:\/\/pavidecor.si\/hr\/wp-json\/wp\/v2\/types\/product"}],"replies":[{"embeddable":true,"href":"https:\/\/pavidecor.si\/hr\/wp-json\/wp\/v2\/comments?post=16936"}],"wp:featuredmedia":[{"embeddable":true,"href":"https:\/\/pavidecor.si\/hr\/wp-json\/wp\/v2\/media\/16937"}],"wp:attachment":[{"href":"https:\/\/pavidecor.si\/hr\/wp-json\/wp\/v2\/media?parent=16936"}],"wp:term":[{"taxonomy":"product_brand","embeddable":true,"href":"https:\/\/pavidecor.si\/hr\/wp-json\/wp\/v2\/product_brand?post=16936"},{"taxonomy":"product_cat","embeddable":true,"href":"https:\/\/pavidecor.si\/hr\/wp-json\/wp\/v2\/product_cat?post=16936"},{"taxonomy":"product_tag","embeddable":true,"href":"https:\/\/pavidecor.si\/hr\/wp-json\/wp\/v2\/product_tag?post=16936"}],"curies":[{"name":"wp","href":"https:\/\/api.w.org\/{rel}","templated":true}]}}