	{"id":16778,"date":"2022-08-22T10:44:27","date_gmt":"2022-08-22T10:44:27","guid":{"rendered":"https:\/\/pavidecor.si\/product\/plutaca-za-ribolov-velika-7-25x95x9cm\/"},"modified":"2026-04-23T05:07:15","modified_gmt":"2026-04-23T05:07:15","slug":"plutaca-za-ribolov-velika-7-25x95x9cm","status":"publish","type":"product","link":"https:\/\/pavidecor.si\/hr\/proizvod\/plutaca-za-ribolov-velika-7-25x95x9cm\/","title":{"rendered":"Pluta\u010da za ribolov velika 7 25&#215;9,5x9cm"},"content":{"rendered":"<p><span class=\"prvimanjsinaslovopis\"> Ribi\u0161ka boja &#8211; Unikatni drveni dekor s du\u0161om pro\u0161losti<\/p>\n<p><\/span><\/p>\n<h2><span class=\"odebeljenopis\"><strong> Ribi\u0161ka boja je vi\u0161e od obi\u010dnog dekorativnog predmeta; ona nosi pri\u010du o pro\u0161lim vremenima i tradiciji ribolova. Ovaj jedinstveni drveni komad, izra\u0111en s ljubavlju i pa\u017enjom, donosi da\u0161ak nostalgije u svaki prostor. U PAVIDECOR-u iz Ljubljane, svaki komad je rezultat strasti prema drvetu i prirodi, stvaraju\u0107i tako autenti\u010dne i neponovljive proizvode.<\/p>\n<p><\/strong><\/span><\/h2>\n<\/p>\n<div class=\"row\">\n<div class=\"col-sm-6 \" style=\"margin-top: 30px;\"><center><img decoding=\"async\" src=\"data:image\/svg+xml,%3Csvg%20xmlns%3D%27http%3A%2F%2Fwww.w3.org%2F2000%2Fsvg%27%20width%3D%272560%27%20height%3D%272560%27%20viewBox%3D%270%200%202560%202560%27%3E%3Crect%20width%3D%272560%27%20height%3D%272560%27%20fill-opacity%3D%220%22%2F%3E%3C%2Fsvg%3E\" data-orig-src=\"https:\/\/pavidecor.si\/wp-content\/uploads\/2022\/08\/IMG_6136-2-scaled.jpg\" class=\"lazyload img-responsive\" style=\"margin: 0px auto;max-width:100%;\"  \/><\/center><\/div>\n<div class=\"col-sm-6\" style=\"margin-top:40px;\">\n<p><span style=\"color: #000000;\"> <\/p>\n<h3>Ribi\u0161ka boja &#8211; Simbol tradicije<\/h3>\n<p>Ribi\u0161ka boja, poznata i kao &#8220;Lobster buoy&#8221;, nekada je bila klju\u010dni alat ribara za ozna\u010davanje pozicija vr\u0161a u moru. Svaki ribar imao je svoje jedinstvene boje i uzorke, \u0161to je omogu\u0107avalo lako prepoznavanje i razlikovanje izme\u0111u razli\u010ditih ribarskih alata. Danas, iako se ribi\u0161ke boje vi\u0161e ne koriste u ribolovu, one su postale popularan dekorativni element koji evocira uspomene na stara vremena. <\/p>\n<p>U PAVIDECOR-u, svaka ribi\u0161ka boja je <b>ru\u010dno izra\u0111ena<\/b> i pa\u017eljivo obojena, \u010dime se osigurava da je svaki komad jedinstven. Na\u0161a strast prema drvetu i prirodi ogleda se u svakom detalju, a tradicionalne tehnike izrade dodaju dodatnu vrednost i autenti\u010dnost. Ove boje ne samo da su dekorativne, ve\u0107 i pri\u010daju pri\u010du o ribarskoj tradiciji koja je oblikovala obale na\u0161ih mora.<\/p>\n<p><\/span><\/p>\n<\/div>\n<\/div>\n<div class=\"row\">\n<div class=\"col-sm-6 col-sm-push-6\" style=\"margin-top: 30px;\"><center><img decoding=\"async\" src=\"data:image\/svg+xml,%3Csvg%20xmlns%3D%27http%3A%2F%2Fwww.w3.org%2F2000%2Fsvg%27%20width%3D%272560%27%20height%3D%272560%27%20viewBox%3D%270%200%202560%202560%27%3E%3Crect%20width%3D%272560%27%20height%3D%272560%27%20fill-opacity%3D%220%22%2F%3E%3C%2Fsvg%3E\" data-orig-src=\" https:\/\/pavidecor.si\/wp-content\/uploads\/2022\/08\/IMG_6137-2-scaled.jpg\" class=\"lazyload img-responsive\" style=\"margin: 0px auto;max-width:100%;\"  \/><\/center><\/div>\n<div class=\"col-sm-6 col-sm-pull-6\" style=\"margin-top:40px;\">\n<p><span style=\"color: #000000;\"> <\/p>\n<h3>Unikatnost i ru\u010dna izrada<\/h3>\n<p>Svaka ribi\u0161ka boja iz na\u0161e ponude je rezultat <b>vje\u0161tine i kreativnosti<\/b> na\u0161ih majstora. Koriste\u0107i tradicionalne metode spajanja drvenih dijelova, na\u0161i proizvodi zadr\u017eavaju izgled autenti\u010dnih komada koji su se koristili prije mnogo godina. Ova ru\u010dna izrada ne samo da osigurava kvalitetu, ve\u0107 i dodaje osobni pe\u010dat svakom komadu. <\/p>\n<p>U na\u0161oj trgovini PAVIDECOR, ponosni smo na to \u0161to svi na\u0161i proizvodi dolaze iz Slovenije, a svaki komad nosi sa sobom duh na\u0161e zemlje. Ribi\u0161ke boje su savr\u0161ene za ukra\u0161avanje interijera, ali i za vanjske prostore, stvaraju\u0107i jedinstvenu atmosferu koja podsje\u0107a na more i ribarsku tradiciju. Ove boje su idealan poklon za sve ljubitelje prirode i ribolova, a njihova jedinstvenost \u010dini ih savr\u0161enim dodatkom svakom domu.<\/p>\n<p><\/span><\/p>\n<\/div>\n<\/div>\n<div class=\"row\">\n<div class=\"col-sm-12\">\n<p><span style=\"color: #000000;\"> <\/p>\n<h3>Specifikacije i dostupnost<\/h3>\n<p>Na\u0161e ribi\u0161ke boje dolaze u razli\u010ditim bojama i uzorcima, omogu\u0107uju\u0107i vam da odaberete onaj koji najbolje odgovara va\u0161em stilu. Svaka boja je pa\u017eljivo oslikana i zavr\u0161ena, osiguravaju\u0107i dugotrajnost i otpornost na vremenske uvjete. <\/p>\n<p>U PAVIDECOR-u, vjerujemo u va\u017enost o\u010duvanja tradicije i prirode, stoga su svi na\u0161i proizvodi izra\u0111eni s <b>ljubavlju prema drvetu<\/b> i prirodi. Ribi\u0161ke boje su dostupne u na\u0161oj trgovini, a mo\u017eete ih vidjeti i u na\u0161em morskom ambijentu, gdje dodatno isti\u010du svoju ljepotu i funkcionalnost. Posjetite nas i otkrijte kako ovaj jedinstveni dekor mo\u017ee obogatiti va\u0161 prostor.<\/p>\n<p>Meta Title: Ribi\u0161ka boja &#8211; Unikatni drveni dekor s du\u0161om pro\u0161losti<br \/>\n<\/span><\/p>\n<\/div>\n<\/div>\n<p><\/p>\n","protected":false},"excerpt":{"rendered":"<p><strong><span style=\"color: #c4963c;\">\u2192 Ru\u010dno<\/span><\/strong> <strong>izra\u0111ena<span style=\"color: #c4963c;\"><br \/>\n<\/span><span style=\"color: #c4963c;\">\u2192 jedinstvena<\/span><\/strong><\/p>\n","protected":false},"featured_media":16780,"comment_status":"open","ping_status":"closed","template":"","meta":[],"product_brand":[],"product_cat":[282],"product_tag":[218],"class_list":{"0":"post-16778","1":"product","2":"type-product","3":"status-publish","4":"has-post-thumbnail","6":"product_cat-plutace","7":"product_tag-nov","9":"first","10":"instock","11":"sold-individually","12":"taxable","13":"shipping-taxable","14":"purchasable","15":"product-type-simple"},"yoast_head":"<!-- This site is optimized with the Yoast SEO plugin v27.2 - https:\/\/yoast.com\/product\/yoast-seo-wordpress\/ -->\n<title>Ribi\u0161ka boja - Unikatni drveni dekor s du\u0161om pro\u0161losti Meta Keywords: ribi\u0161ka boja, drveni dekor, ru\u010dna izrada, PAVIDECOR, unikatni proizvodi, morski dekor, tradicija ribolova, Slovenija, ljubav prema drvetu<\/title>\n<meta name=\"description\" content=\"Ribarske pluta\u010de danas su prekrasan nauti\u010dki dekor i nostalgi\u010dni suvenir, a nekada su ih ribari koristili za ozna\u010davanje polo\u017eaja vrha u moru.\" \/>\n<meta name=\"robots\" content=\"index, follow, max-snippet:-1, max-image-preview:large, max-video-preview:-1\" \/>\n<link rel=\"canonical\" href=\"https:\/\/pavidecor.si\/hr\/proizvod\/plutaca-za-ribolov-velika-7-25x95x9cm\/\" \/>\n<meta property=\"og:locale\" content=\"hr_HR\" \/>\n<meta property=\"og:type\" content=\"article\" \/>\n<meta property=\"og:title\" content=\"Ribi\u0161ka boja - Unikatni drveni dekor s du\u0161om pro\u0161losti Meta Keywords: ribi\u0161ka boja, drveni dekor, ru\u010dna izrada, PAVIDECOR, unikatni proizvodi, morski dekor, tradicija ribolova, Slovenija, ljubav prema drvetu\" \/>\n<meta property=\"og:description\" content=\"Ribarske pluta\u010de danas su prekrasan nauti\u010dki dekor i nostalgi\u010dni suvenir, a nekada su ih ribari koristili za ozna\u010davanje polo\u017eaja vrha u moru.\" \/>\n<meta property=\"og:url\" content=\"https:\/\/pavidecor.si\/hr\/proizvod\/plutaca-za-ribolov-velika-7-25x95x9cm\/\" \/>\n<meta property=\"og:site_name\" content=\"Pavi Decor\" \/>\n<meta property=\"article:modified_time\" content=\"2026-04-23T05:07:15+00:00\" \/>\n<meta property=\"og:image\" content=\"https:\/\/pavidecor.si\/wp-content\/uploads\/2022\/08\/IMG_6136-2-scaled.jpg\" \/>\n\t<meta property=\"og:image:width\" content=\"2560\" \/>\n\t<meta property=\"og:image:height\" content=\"2560\" \/>\n\t<meta property=\"og:image:type\" content=\"image\/jpeg\" \/>\n<meta name=\"twitter:card\" content=\"summary_large_image\" \/>\n<meta name=\"twitter:label1\" content=\"Procijenjeno vrijeme \u010ditanja\" \/>\n\t<meta name=\"twitter:data1\" content=\"2 minute\" \/>\n<script type=\"application\/ld+json\" class=\"yoast-schema-graph\">{\"@context\":\"https:\/\/schema.org\",\"@graph\":[{\"@type\":\"WebPage\",\"@id\":\"https:\/\/pavidecor.si\/hr\/proizvod\/plutaca-za-ribolov-velika-7-25x95x9cm\/\",\"url\":\"https:\/\/pavidecor.si\/hr\/proizvod\/plutaca-za-ribolov-velika-7-25x95x9cm\/\",\"name\":\"Ribi\u0161ka boja - Unikatni drveni dekor s du\u0161om pro\u0161losti Meta Keywords: ribi\u0161ka boja, drveni dekor, ru\u010dna izrada, PAVIDECOR, unikatni proizvodi, morski dekor, tradicija ribolova, Slovenija, ljubav prema drvetu\",\"isPartOf\":{\"@id\":\"https:\/\/pavidecor.si\/hr\/#website\"},\"primaryImageOfPage\":{\"@id\":\"https:\/\/pavidecor.si\/hr\/proizvod\/plutaca-za-ribolov-velika-7-25x95x9cm\/#primaryimage\"},\"image\":{\"@id\":\"https:\/\/pavidecor.si\/hr\/proizvod\/plutaca-za-ribolov-velika-7-25x95x9cm\/#primaryimage\"},\"thumbnailUrl\":\"https:\/\/pavidecor.si\/wp-content\/uploads\/2022\/08\/IMG_6136-2-scaled.jpg\",\"datePublished\":\"2022-08-22T10:44:27+00:00\",\"dateModified\":\"2026-04-23T05:07:15+00:00\",\"description\":\"Ribarske pluta\u010de danas su prekrasan nauti\u010dki dekor i nostalgi\u010dni suvenir, a nekada su ih ribari koristili za ozna\u010davanje polo\u017eaja vrha u moru.\",\"breadcrumb\":{\"@id\":\"https:\/\/pavidecor.si\/hr\/proizvod\/plutaca-za-ribolov-velika-7-25x95x9cm\/#breadcrumb\"},\"inLanguage\":\"hr\",\"potentialAction\":[{\"@type\":\"ReadAction\",\"target\":[\"https:\/\/pavidecor.si\/hr\/proizvod\/plutaca-za-ribolov-velika-7-25x95x9cm\/\"]}]},{\"@type\":\"ImageObject\",\"inLanguage\":\"hr\",\"@id\":\"https:\/\/pavidecor.si\/hr\/proizvod\/plutaca-za-ribolov-velika-7-25x95x9cm\/#primaryimage\",\"url\":\"https:\/\/pavidecor.si\/wp-content\/uploads\/2022\/08\/IMG_6136-2-scaled.jpg\",\"contentUrl\":\"https:\/\/pavidecor.si\/wp-content\/uploads\/2022\/08\/IMG_6136-2-scaled.jpg\",\"width\":2560,\"height\":2560,\"caption\":\"PAVI DECOR\"},{\"@type\":\"BreadcrumbList\",\"@id\":\"https:\/\/pavidecor.si\/hr\/proizvod\/plutaca-za-ribolov-velika-7-25x95x9cm\/#breadcrumb\",\"itemListElement\":[{\"@type\":\"ListItem\",\"position\":1,\"name\":\"Domov\",\"item\":\"https:\/\/pavidecor.si\/hr\/\"},{\"@type\":\"ListItem\",\"position\":2,\"name\":\"Internetska trgovina\",\"item\":\"https:\/\/pavidecor.si\/hr\/internetska-trgovina\/\"},{\"@type\":\"ListItem\",\"position\":3,\"name\":\"Pluta\u010da za ribolov velika 7 25&#215;9,5x9cm\"}]},{\"@type\":\"WebSite\",\"@id\":\"https:\/\/pavidecor.si\/hr\/#website\",\"url\":\"https:\/\/pavidecor.si\/hr\/\",\"name\":\"Pavi Decor\",\"description\":\"Leseni unikati ustvarjeni iz ljubezni do lesa in narave.\",\"potentialAction\":[{\"@type\":\"SearchAction\",\"target\":{\"@type\":\"EntryPoint\",\"urlTemplate\":\"https:\/\/pavidecor.si\/hr\/?s={search_term_string}\"},\"query-input\":{\"@type\":\"PropertyValueSpecification\",\"valueRequired\":true,\"valueName\":\"search_term_string\"}}],\"inLanguage\":\"hr\"}]}<\/script>\n<!-- \/ Yoast SEO plugin. -->","yoast_head_json":{"title":"Ribi\u0161ka boja - Unikatni drveni dekor s du\u0161om pro\u0161losti Meta Keywords: ribi\u0161ka boja, drveni dekor, ru\u010dna izrada, PAVIDECOR, unikatni proizvodi, morski dekor, tradicija ribolova, Slovenija, ljubav prema drvetu","description":"Ribarske pluta\u010de danas su prekrasan nauti\u010dki dekor i nostalgi\u010dni suvenir, a nekada su ih ribari koristili za ozna\u010davanje polo\u017eaja vrha u moru.","robots":{"index":"index","follow":"follow","max-snippet":"max-snippet:-1","max-image-preview":"max-image-preview:large","max-video-preview":"max-video-preview:-1"},"canonical":"https:\/\/pavidecor.si\/hr\/proizvod\/plutaca-za-ribolov-velika-7-25x95x9cm\/","og_locale":"hr_HR","og_type":"article","og_title":"Ribi\u0161ka boja - Unikatni drveni dekor s du\u0161om pro\u0161losti Meta Keywords: ribi\u0161ka boja, drveni dekor, ru\u010dna izrada, PAVIDECOR, unikatni proizvodi, morski dekor, tradicija ribolova, Slovenija, ljubav prema drvetu","og_description":"Ribarske pluta\u010de danas su prekrasan nauti\u010dki dekor i nostalgi\u010dni suvenir, a nekada su ih ribari koristili za ozna\u010davanje polo\u017eaja vrha u moru.","og_url":"https:\/\/pavidecor.si\/hr\/proizvod\/plutaca-za-ribolov-velika-7-25x95x9cm\/","og_site_name":"Pavi Decor","article_modified_time":"2026-04-23T05:07:15+00:00","og_image":[{"width":2560,"height":2560,"url":"https:\/\/pavidecor.si\/wp-content\/uploads\/2022\/08\/IMG_6136-2-scaled.jpg","type":"image\/jpeg"}],"twitter_card":"summary_large_image","twitter_misc":{"Procijenjeno vrijeme \u010ditanja":"2 minute"},"schema":{"@context":"https:\/\/schema.org","@graph":[{"@type":"WebPage","@id":"https:\/\/pavidecor.si\/hr\/proizvod\/plutaca-za-ribolov-velika-7-25x95x9cm\/","url":"https:\/\/pavidecor.si\/hr\/proizvod\/plutaca-za-ribolov-velika-7-25x95x9cm\/","name":"Ribi\u0161ka boja - Unikatni drveni dekor s du\u0161om pro\u0161losti Meta Keywords: ribi\u0161ka boja, drveni dekor, ru\u010dna izrada, PAVIDECOR, unikatni proizvodi, morski dekor, tradicija ribolova, Slovenija, ljubav prema drvetu","isPartOf":{"@id":"https:\/\/pavidecor.si\/hr\/#website"},"primaryImageOfPage":{"@id":"https:\/\/pavidecor.si\/hr\/proizvod\/plutaca-za-ribolov-velika-7-25x95x9cm\/#primaryimage"},"image":{"@id":"https:\/\/pavidecor.si\/hr\/proizvod\/plutaca-za-ribolov-velika-7-25x95x9cm\/#primaryimage"},"thumbnailUrl":"https:\/\/pavidecor.si\/wp-content\/uploads\/2022\/08\/IMG_6136-2-scaled.jpg","datePublished":"2022-08-22T10:44:27+00:00","dateModified":"2026-04-23T05:07:15+00:00","description":"Ribarske pluta\u010de danas su prekrasan nauti\u010dki dekor i nostalgi\u010dni suvenir, a nekada su ih ribari koristili za ozna\u010davanje polo\u017eaja vrha u moru.","breadcrumb":{"@id":"https:\/\/pavidecor.si\/hr\/proizvod\/plutaca-za-ribolov-velika-7-25x95x9cm\/#breadcrumb"},"inLanguage":"hr","potentialAction":[{"@type":"ReadAction","target":["https:\/\/pavidecor.si\/hr\/proizvod\/plutaca-za-ribolov-velika-7-25x95x9cm\/"]}]},{"@type":"ImageObject","inLanguage":"hr","@id":"https:\/\/pavidecor.si\/hr\/proizvod\/plutaca-za-ribolov-velika-7-25x95x9cm\/#primaryimage","url":"https:\/\/pavidecor.si\/wp-content\/uploads\/2022\/08\/IMG_6136-2-scaled.jpg","contentUrl":"https:\/\/pavidecor.si\/wp-content\/uploads\/2022\/08\/IMG_6136-2-scaled.jpg","width":2560,"height":2560,"caption":"PAVI DECOR"},{"@type":"BreadcrumbList","@id":"https:\/\/pavidecor.si\/hr\/proizvod\/plutaca-za-ribolov-velika-7-25x95x9cm\/#breadcrumb","itemListElement":[{"@type":"ListItem","position":1,"name":"Domov","item":"https:\/\/pavidecor.si\/hr\/"},{"@type":"ListItem","position":2,"name":"Internetska trgovina","item":"https:\/\/pavidecor.si\/hr\/internetska-trgovina\/"},{"@type":"ListItem","position":3,"name":"Pluta\u010da za ribolov velika 7 25&#215;9,5x9cm"}]},{"@type":"WebSite","@id":"https:\/\/pavidecor.si\/hr\/#website","url":"https:\/\/pavidecor.si\/hr\/","name":"Pavi Decor","description":"Leseni unikati ustvarjeni iz ljubezni do lesa in narave.","potentialAction":[{"@type":"SearchAction","target":{"@type":"EntryPoint","urlTemplate":"https:\/\/pavidecor.si\/hr\/?s={search_term_string}"},"query-input":{"@type":"PropertyValueSpecification","valueRequired":true,"valueName":"search_term_string"}}],"inLanguage":"hr"}]}},"_links":{"self":[{"href":"https:\/\/pavidecor.si\/hr\/wp-json\/wp\/v2\/product\/16778","targetHints":{"allow":["GET"]}}],"collection":[{"href":"https:\/\/pavidecor.si\/hr\/wp-json\/wp\/v2\/product"}],"about":[{"href":"https:\/\/pavidecor.si\/hr\/wp-json\/wp\/v2\/types\/product"}],"replies":[{"embeddable":true,"href":"https:\/\/pavidecor.si\/hr\/wp-json\/wp\/v2\/comments?post=16778"}],"wp:featuredmedia":[{"embeddable":true,"href":"https:\/\/pavidecor.si\/hr\/wp-json\/wp\/v2\/media\/16780"}],"wp:attachment":[{"href":"https:\/\/pavidecor.si\/hr\/wp-json\/wp\/v2\/media?parent=16778"}],"wp:term":[{"taxonomy":"product_brand","embeddable":true,"href":"https:\/\/pavidecor.si\/hr\/wp-json\/wp\/v2\/product_brand?post=16778"},{"taxonomy":"product_cat","embeddable":true,"href":"https:\/\/pavidecor.si\/hr\/wp-json\/wp\/v2\/product_cat?post=16778"},{"taxonomy":"product_tag","embeddable":true,"href":"https:\/\/pavidecor.si\/hr\/wp-json\/wp\/v2\/product_tag?post=16778"}],"curies":[{"name":"wp","href":"https:\/\/api.w.org\/{rel}","templated":true}]}}