	{"id":16729,"date":"2022-03-24T17:57:44","date_gmt":"2022-03-24T17:57:44","guid":{"rendered":"https:\/\/pavidecor.si\/product\/klupski-stol-diana-o50x57cm\/"},"modified":"2026-04-26T15:02:07","modified_gmt":"2026-04-26T15:02:07","slug":"klupski-stol-diana-o50x57cm","status":"publish","type":"product","link":"https:\/\/pavidecor.si\/hr\/proizvod\/klupski-stol-diana-o50x57cm\/","title":{"rendered":"Klupski stol Diana \u00f850x57cm"},"content":{"rendered":"<p><span class=\"prvimanjsinaslovopis\"> Klupski stol Diana &#8211; Osvetlite svoj prostor s stilom<\/span><\/p>\n<p>&nbsp;<\/p>\n<h2><span class=\"odebeljenopis\"><strong> Stoli\u0107 za kavu Diana pravi je dragulj za va\u0161 dom. Njegov jedinstveni dizajn i romanti\u010dna rasvjeta stvaraju ugodnu atmosferu koja \u0107e oplemeniti svaku prostoriju. Ru\u010dno izra\u0111en od kvalitetnog drva topole, ovaj klupski stol spaja tradiciju i modernost, \u0161to ga \u010dini idealnim izborom za va\u0161 dnevni boravak, blagovaonicu ili spava\u0107u sobu.<\/strong><\/span><\/h2>\n<p>&nbsp;<\/p>\n<div class=\"row\">\n<div class=\"col-sm-6 \" style=\"margin-top: 30px;\"><center><img decoding=\"async\" class=\"lazyload img-responsive\" style=\"margin: 0px auto; max-width: 100%;\" src=\"data:image\/svg+xml,%3Csvg%20xmlns%3D%27http%3A%2F%2Fwww.w3.org%2F2000%2Fsvg%27%20width%3D%272482%27%20height%3D%272481%27%20viewBox%3D%270%200%202482%202481%27%3E%3Crect%20width%3D%272482%27%20height%3D%272481%27%20fill-opacity%3D%220%22%2F%3E%3C%2Fsvg%3E\" data-orig-src=\"https:\/\/pavidecor.si\/wp-content\/uploads\/2022\/03\/Klubska-mizica-Diana-bela-No.1010-4.jpg\" \/><\/center><\/div>\n<div class=\"col-sm-6\" style=\"margin-top: 40px;\">\n<p>&nbsp;<\/p>\n<h3>Unikatna\u00a0ru\u010dna izrada<\/h3>\n<p>Klupski stol Diana rezultat je strasti i ljubavi prema drvu koju njeguje na\u0161a trgovina PAVI DECOR iz Ljubljane. S ponosom predstavljamo na\u0161e jedinstvene proizvode koji su plod vlastitog znanja i kreativnosti. Ru\u010dna izrada klju\u010dna je zna\u010dajka na\u0161ih proizvoda jer svaki komad nosi pe\u010dat na\u0161eg truda i predanosti. Stol je izra\u0111en od drveta topole \u0161to mu daje prirodnu ljepotu i trajnost.<\/p>\n<p>Posebnost ovog stoli\u0107a su letvice od rezanog drveta koje su obojane u rustikalnu bijelu boju. Ova kombinacija materijala i boja stvara skladan izgled koji se savr\u0161eno uklapa u razli\u010dite stilove ure\u0111enja interijera. Klupski stoli\u0107 Diana nije samo funkcionalan komad namje\u0161taja, ve\u0107 i estetski dodatak koji \u0107e privu\u0107i pa\u017enju i oplemeniti va\u0161 prostor.<\/p>\n<p>&nbsp;<\/p>\n<\/div>\n<\/div>\n<div class=\"row\">\n<div class=\"col-sm-6 col-sm-push-6\" style=\"margin-top: 30px;\"><center><img decoding=\"async\" class=\"lazyload img-responsive\" style=\"margin: 0px auto; max-width: 100%;\" src=\"data:image\/svg+xml,%3Csvg%20xmlns%3D%27http%3A%2F%2Fwww.w3.org%2F2000%2Fsvg%27%20width%3D%272560%27%20height%3D%272560%27%20viewBox%3D%270%200%202560%202560%27%3E%3Crect%20width%3D%272560%27%20height%3D%272560%27%20fill-opacity%3D%220%22%2F%3E%3C%2Fsvg%3E\" data-orig-src=\" https:\/\/pavidecor.si\/wp-content\/uploads\/2022\/03\/Klubska-mizica-Diana-bela-No.1010-1-2-scaled.jpg\" \/><\/center><\/div>\n<div class=\"col-sm-6 col-sm-pull-6\" style=\"margin-top: 40px;\">\n<p>&nbsp;<\/p>\n<h3>Romanti\u010dno osvjetljenje i ambijent<\/h3>\n<p>Jedna od naj\u0161armantnijih zna\u010dajki stoli\u0107a za kavu Diana je njegova sposobnost stvaranja romanti\u010dne atmosfere. Kada je unutarnje svjetlo uklju\u010deno, stoli\u0107 za kavu personificira sunce, jer zrake svjetlosti izlaze iz njega i \u0161ire se prostorijom. Diskretna ambijentalna rasvjeta idealna je za ve\u010dernje trenutke kada \u017eelite u\u017eivati \u200b\u200bu ugodnoj atmosferi doma.<\/p>\n<p>Ovaj stoli\u0107 za kavu izvrstan je izbor za shabby chic okru\u017eenje jer njegov oblik i boja nadopunjuju toplu i doma\u0107u atmosferu. Bilo da ga postavite u dnevni boravak, blagovaonicu ili spava\u0107u sobu, klupski stol Diana unijet \u0107e da\u0161ak elegancije i udobnosti. U\u017eivajte u trenucima s prijateljima i obitelji u svjetlu koje pru\u017ea ovaj prekrasan komad namje\u0161taja.<\/p>\n<p>&nbsp;<\/p>\n<\/div>\n<\/div>\n<div class=\"row\">\n<div class=\"col-sm-6\" style=\"margin-top: 30px;\"><center><img decoding=\"async\" class=\"lazyload img-responsive\" style=\"margin: 0px auto; max-width: 100%;\" src=\"data:image\/svg+xml,%3Csvg%20xmlns%3D%27http%3A%2F%2Fwww.w3.org%2F2000%2Fsvg%27%20width%3D%272560%27%20height%3D%272560%27%20viewBox%3D%270%200%202560%202560%27%3E%3Crect%20width%3D%272560%27%20height%3D%272560%27%20fill-opacity%3D%220%22%2F%3E%3C%2Fsvg%3E\" data-orig-src=\" https:\/\/pavidecor.si\/wp-content\/uploads\/2022\/03\/Klubska-mizica-Diana-bela-No.1010-2-2-scaled.jpg\" \/><\/center><\/div>\n<div class=\"col-sm-6\" style=\"margin-top: 40px;\">\n<p>&nbsp;<\/p>\n<h3>Specifikacije i karakteristike<\/h3>\n<p>Klupski stol Diana ima posebnu valjastu formu koja se savr\u0161eno uklapa u svaki prostor. Izra\u0111ena je od <b>topolovog drveta<\/b>, a bo\u010dne letve su od klanog drveta, obojene u rustikalnu bijelu boju. Ovaj jedinstveni model klupskog stola mo\u017ee se koristiti u blagovaonici, dnevnom boravku ili spava\u0107oj sobi, a ujedno je i lijep ukras.<\/p>\n<p>Kada je unutarnja lampica upaljena, stoli\u0107 Diana donosi sun\u010devu svjetlost u va\u0161 dom, stvaraju\u0107i diskretnu ambijentalnu rasvjetu. Ovaj klupski stoli\u0107 savr\u0161eno se uklapa u <a href=\"https:\/\/pavidecor.si\/hr\/projects\/morski-ambijent\/\"><strong><span style=\"color: #3366ff;\">morski ambijent<\/span><\/strong><\/a>, \u010dine\u0107i ga idealnim izborom za svaki prostor. U\u017eivajte u toplini i udobnosti koju donosi klupski stol Diana.<\/p>\n<\/div>\n<\/div>\n<p>&nbsp;<\/p>\n","protected":false},"excerpt":{"rendered":"<p><strong><span style=\"color: #c4963c;\">\u2192 Rukotvorine<br \/>\n<\/span><span style=\"color: #c4963c;\">\u2192 Jedinstven<\/span><\/strong><br \/>\n<strong><span style=\"color: #c4963c;\">\u2192 Uklju\u010dena LED \u017earulja<\/span><\/strong><\/p>\n","protected":false},"featured_media":16730,"comment_status":"open","ping_status":"closed","template":"","meta":[],"product_brand":[],"product_cat":[224],"product_tag":[219,255,218],"class_list":{"0":"post-16729","1":"product","2":"type-product","3":"status-publish","4":"has-post-thumbnail","6":"product_cat-klupski-stolovi","7":"product_tag-bar-na-plazi","8":"product_tag-morski-ambijent","9":"product_tag-nov","11":"first","12":"instock","13":"sold-individually","14":"taxable","15":"shipping-taxable","16":"purchasable","17":"product-type-simple"},"yoast_head":"<!-- This site is optimized with the Yoast SEO plugin v27.2 - https:\/\/yoast.com\/product\/yoast-seo-wordpress\/ -->\n<title>Klupski stol Diana - Osvetlite svoj prostor s stilom PAVI DECOR<\/title>\n<meta name=\"description\" content=\"Klupski stol Diana ima poseban cilindri\u010dni oblik, a unutarnja rasvjeta do\u010darava romanti\u010dnu atmosferu. Stoli\u0107 za kavu Diana je ru\u010dno izra\u0111en i jedinstven.\" \/>\n<meta name=\"robots\" content=\"index, follow, max-snippet:-1, max-image-preview:large, max-video-preview:-1\" \/>\n<link rel=\"canonical\" href=\"https:\/\/pavidecor.si\/hr\/proizvod\/klupski-stol-diana-o50x57cm\/\" \/>\n<meta property=\"og:locale\" content=\"hr_HR\" \/>\n<meta property=\"og:type\" content=\"article\" \/>\n<meta property=\"og:title\" content=\"Klupski stol Diana - Osvetlite svoj prostor s stilom PAVI DECOR\" \/>\n<meta property=\"og:description\" content=\"Klupski stol Diana ima poseban cilindri\u010dni oblik, a unutarnja rasvjeta do\u010darava romanti\u010dnu atmosferu. Stoli\u0107 za kavu Diana je ru\u010dno izra\u0111en i jedinstven.\" \/>\n<meta property=\"og:url\" content=\"https:\/\/pavidecor.si\/hr\/proizvod\/klupski-stol-diana-o50x57cm\/\" \/>\n<meta property=\"og:site_name\" content=\"Pavi Decor\" \/>\n<meta property=\"article:modified_time\" content=\"2026-04-26T15:02:07+00:00\" \/>\n<meta property=\"og:image\" content=\"https:\/\/pavidecor.si\/wp-content\/uploads\/2022\/03\/Klubska-mizica-Diana-bela-No.1010-4-1024x1024.jpg\" \/>\n\t<meta property=\"og:image:width\" content=\"1024\" \/>\n\t<meta property=\"og:image:height\" content=\"1024\" \/>\n\t<meta property=\"og:image:type\" content=\"image\/jpeg\" \/>\n<meta name=\"twitter:card\" content=\"summary_large_image\" \/>\n<meta name=\"twitter:label1\" content=\"Procijenjeno vrijeme \u010ditanja\" \/>\n\t<meta name=\"twitter:data1\" content=\"3 minute\" \/>\n<script type=\"application\/ld+json\" class=\"yoast-schema-graph\">{\"@context\":\"https:\/\/schema.org\",\"@graph\":[{\"@type\":\"WebPage\",\"@id\":\"https:\/\/pavidecor.si\/hr\/proizvod\/klupski-stol-diana-o50x57cm\/\",\"url\":\"https:\/\/pavidecor.si\/hr\/proizvod\/klupski-stol-diana-o50x57cm\/\",\"name\":\"Klupski stol Diana - Osvetlite svoj prostor s stilom PAVI DECOR\",\"isPartOf\":{\"@id\":\"https:\/\/pavidecor.si\/hr\/#website\"},\"primaryImageOfPage\":{\"@id\":\"https:\/\/pavidecor.si\/hr\/proizvod\/klupski-stol-diana-o50x57cm\/#primaryimage\"},\"image\":{\"@id\":\"https:\/\/pavidecor.si\/hr\/proizvod\/klupski-stol-diana-o50x57cm\/#primaryimage\"},\"thumbnailUrl\":\"https:\/\/pavidecor.si\/wp-content\/uploads\/2022\/03\/Klubska-mizica-Diana-bela-No.1010-4.jpg\",\"datePublished\":\"2022-03-24T17:57:44+00:00\",\"dateModified\":\"2026-04-26T15:02:07+00:00\",\"description\":\"Klupski stol Diana ima poseban cilindri\u010dni oblik, a unutarnja rasvjeta do\u010darava romanti\u010dnu atmosferu. Stoli\u0107 za kavu Diana je ru\u010dno izra\u0111en i jedinstven.\",\"breadcrumb\":{\"@id\":\"https:\/\/pavidecor.si\/hr\/proizvod\/klupski-stol-diana-o50x57cm\/#breadcrumb\"},\"inLanguage\":\"hr\",\"potentialAction\":[{\"@type\":\"ReadAction\",\"target\":[\"https:\/\/pavidecor.si\/hr\/proizvod\/klupski-stol-diana-o50x57cm\/\"]}]},{\"@type\":\"ImageObject\",\"inLanguage\":\"hr\",\"@id\":\"https:\/\/pavidecor.si\/hr\/proizvod\/klupski-stol-diana-o50x57cm\/#primaryimage\",\"url\":\"https:\/\/pavidecor.si\/wp-content\/uploads\/2022\/03\/Klubska-mizica-Diana-bela-No.1010-4.jpg\",\"contentUrl\":\"https:\/\/pavidecor.si\/wp-content\/uploads\/2022\/03\/Klubska-mizica-Diana-bela-No.1010-4.jpg\",\"width\":2482,\"height\":2481,\"caption\":\"PAVI DECOR\"},{\"@type\":\"BreadcrumbList\",\"@id\":\"https:\/\/pavidecor.si\/hr\/proizvod\/klupski-stol-diana-o50x57cm\/#breadcrumb\",\"itemListElement\":[{\"@type\":\"ListItem\",\"position\":1,\"name\":\"Domov\",\"item\":\"https:\/\/pavidecor.si\/hr\/\"},{\"@type\":\"ListItem\",\"position\":2,\"name\":\"Internetska trgovina\",\"item\":\"https:\/\/pavidecor.si\/hr\/internetska-trgovina\/\"},{\"@type\":\"ListItem\",\"position\":3,\"name\":\"Klupski stol Diana \u00f850x57cm\"}]},{\"@type\":\"WebSite\",\"@id\":\"https:\/\/pavidecor.si\/hr\/#website\",\"url\":\"https:\/\/pavidecor.si\/hr\/\",\"name\":\"Pavi Decor\",\"description\":\"Leseni unikati ustvarjeni iz ljubezni do lesa in narave.\",\"potentialAction\":[{\"@type\":\"SearchAction\",\"target\":{\"@type\":\"EntryPoint\",\"urlTemplate\":\"https:\/\/pavidecor.si\/hr\/?s={search_term_string}\"},\"query-input\":{\"@type\":\"PropertyValueSpecification\",\"valueRequired\":true,\"valueName\":\"search_term_string\"}}],\"inLanguage\":\"hr\"}]}<\/script>\n<!-- \/ Yoast SEO plugin. -->","yoast_head_json":{"title":"Klupski stol Diana - Osvetlite svoj prostor s stilom PAVI DECOR","description":"Klupski stol Diana ima poseban cilindri\u010dni oblik, a unutarnja rasvjeta do\u010darava romanti\u010dnu atmosferu. Stoli\u0107 za kavu Diana je ru\u010dno izra\u0111en i jedinstven.","robots":{"index":"index","follow":"follow","max-snippet":"max-snippet:-1","max-image-preview":"max-image-preview:large","max-video-preview":"max-video-preview:-1"},"canonical":"https:\/\/pavidecor.si\/hr\/proizvod\/klupski-stol-diana-o50x57cm\/","og_locale":"hr_HR","og_type":"article","og_title":"Klupski stol Diana - Osvetlite svoj prostor s stilom PAVI DECOR","og_description":"Klupski stol Diana ima poseban cilindri\u010dni oblik, a unutarnja rasvjeta do\u010darava romanti\u010dnu atmosferu. Stoli\u0107 za kavu Diana je ru\u010dno izra\u0111en i jedinstven.","og_url":"https:\/\/pavidecor.si\/hr\/proizvod\/klupski-stol-diana-o50x57cm\/","og_site_name":"Pavi Decor","article_modified_time":"2026-04-26T15:02:07+00:00","og_image":[{"width":1024,"height":1024,"url":"https:\/\/pavidecor.si\/wp-content\/uploads\/2022\/03\/Klubska-mizica-Diana-bela-No.1010-4-1024x1024.jpg","type":"image\/jpeg"}],"twitter_card":"summary_large_image","twitter_misc":{"Procijenjeno vrijeme \u010ditanja":"3 minute"},"schema":{"@context":"https:\/\/schema.org","@graph":[{"@type":"WebPage","@id":"https:\/\/pavidecor.si\/hr\/proizvod\/klupski-stol-diana-o50x57cm\/","url":"https:\/\/pavidecor.si\/hr\/proizvod\/klupski-stol-diana-o50x57cm\/","name":"Klupski stol Diana - Osvetlite svoj prostor s stilom PAVI DECOR","isPartOf":{"@id":"https:\/\/pavidecor.si\/hr\/#website"},"primaryImageOfPage":{"@id":"https:\/\/pavidecor.si\/hr\/proizvod\/klupski-stol-diana-o50x57cm\/#primaryimage"},"image":{"@id":"https:\/\/pavidecor.si\/hr\/proizvod\/klupski-stol-diana-o50x57cm\/#primaryimage"},"thumbnailUrl":"https:\/\/pavidecor.si\/wp-content\/uploads\/2022\/03\/Klubska-mizica-Diana-bela-No.1010-4.jpg","datePublished":"2022-03-24T17:57:44+00:00","dateModified":"2026-04-26T15:02:07+00:00","description":"Klupski stol Diana ima poseban cilindri\u010dni oblik, a unutarnja rasvjeta do\u010darava romanti\u010dnu atmosferu. Stoli\u0107 za kavu Diana je ru\u010dno izra\u0111en i jedinstven.","breadcrumb":{"@id":"https:\/\/pavidecor.si\/hr\/proizvod\/klupski-stol-diana-o50x57cm\/#breadcrumb"},"inLanguage":"hr","potentialAction":[{"@type":"ReadAction","target":["https:\/\/pavidecor.si\/hr\/proizvod\/klupski-stol-diana-o50x57cm\/"]}]},{"@type":"ImageObject","inLanguage":"hr","@id":"https:\/\/pavidecor.si\/hr\/proizvod\/klupski-stol-diana-o50x57cm\/#primaryimage","url":"https:\/\/pavidecor.si\/wp-content\/uploads\/2022\/03\/Klubska-mizica-Diana-bela-No.1010-4.jpg","contentUrl":"https:\/\/pavidecor.si\/wp-content\/uploads\/2022\/03\/Klubska-mizica-Diana-bela-No.1010-4.jpg","width":2482,"height":2481,"caption":"PAVI DECOR"},{"@type":"BreadcrumbList","@id":"https:\/\/pavidecor.si\/hr\/proizvod\/klupski-stol-diana-o50x57cm\/#breadcrumb","itemListElement":[{"@type":"ListItem","position":1,"name":"Domov","item":"https:\/\/pavidecor.si\/hr\/"},{"@type":"ListItem","position":2,"name":"Internetska trgovina","item":"https:\/\/pavidecor.si\/hr\/internetska-trgovina\/"},{"@type":"ListItem","position":3,"name":"Klupski stol Diana \u00f850x57cm"}]},{"@type":"WebSite","@id":"https:\/\/pavidecor.si\/hr\/#website","url":"https:\/\/pavidecor.si\/hr\/","name":"Pavi Decor","description":"Leseni unikati ustvarjeni iz ljubezni do lesa in narave.","potentialAction":[{"@type":"SearchAction","target":{"@type":"EntryPoint","urlTemplate":"https:\/\/pavidecor.si\/hr\/?s={search_term_string}"},"query-input":{"@type":"PropertyValueSpecification","valueRequired":true,"valueName":"search_term_string"}}],"inLanguage":"hr"}]}},"_links":{"self":[{"href":"https:\/\/pavidecor.si\/hr\/wp-json\/wp\/v2\/product\/16729","targetHints":{"allow":["GET"]}}],"collection":[{"href":"https:\/\/pavidecor.si\/hr\/wp-json\/wp\/v2\/product"}],"about":[{"href":"https:\/\/pavidecor.si\/hr\/wp-json\/wp\/v2\/types\/product"}],"replies":[{"embeddable":true,"href":"https:\/\/pavidecor.si\/hr\/wp-json\/wp\/v2\/comments?post=16729"}],"wp:featuredmedia":[{"embeddable":true,"href":"https:\/\/pavidecor.si\/hr\/wp-json\/wp\/v2\/media\/16730"}],"wp:attachment":[{"href":"https:\/\/pavidecor.si\/hr\/wp-json\/wp\/v2\/media?parent=16729"}],"wp:term":[{"taxonomy":"product_brand","embeddable":true,"href":"https:\/\/pavidecor.si\/hr\/wp-json\/wp\/v2\/product_brand?post=16729"},{"taxonomy":"product_cat","embeddable":true,"href":"https:\/\/pavidecor.si\/hr\/wp-json\/wp\/v2\/product_cat?post=16729"},{"taxonomy":"product_tag","embeddable":true,"href":"https:\/\/pavidecor.si\/hr\/wp-json\/wp\/v2\/product_tag?post=16729"}],"curies":[{"name":"wp","href":"https:\/\/api.w.org\/{rel}","templated":true}]}}