	{"id":16691,"date":"2022-03-25T07:37:32","date_gmt":"2022-03-25T07:37:32","guid":{"rendered":"https:\/\/pavidecor.si\/product\/riblja-kost-losos-173x31cm\/"},"modified":"2026-04-24T18:11:01","modified_gmt":"2026-04-24T18:11:01","slug":"riblja-kost-losos-173x31cm","status":"publish","type":"product","link":"https:\/\/pavidecor.si\/hr\/proizvod\/riblja-kost-losos-173x31cm\/","title":{"rendered":"Riblja kost losos 173x31cm"},"content":{"rendered":"<p><span class=\"prvimanjsinaslovopis\"> Riblja kost Losos &#8211; Unikatna morska dekoracija za svaki prostor<\/span><\/p>\n<p>&nbsp;<\/p>\n<h2><span class=\"odebeljenopis\"><strong> Otkrijte \u010daroliju prirode s na\u0161om rukotvorinom &#8211; Riblja kost Losos. Ova prekrasna morska dekoracija, izra\u0111ena od recikliranog i naplavljenog drva, donosi da\u0161ak mora u va\u0161 dom. Savr\u0161ena je za rustikalne, shabby chic ili moderne prostore, a svaki komad je jedinstven, ba\u0161 kao i va\u0161a ljubav prema moru.<\/strong><\/span><\/h2>\n<p>&nbsp;<\/p>\n<div class=\"row\">\n<div class=\"col-sm-6 \" style=\"margin-top: 30px;\"><center><img decoding=\"async\" class=\"lazyload img-responsive\" style=\"margin: 0px auto; max-width: 100%;\" src=\"data:image\/svg+xml,%3Csvg%20xmlns%3D%27http%3A%2F%2Fwww.w3.org%2F2000%2Fsvg%27%20width%3D%272560%27%20height%3D%272560%27%20viewBox%3D%270%200%202560%202560%27%3E%3Crect%20width%3D%272560%27%20height%3D%272560%27%20fill-opacity%3D%220%22%2F%3E%3C%2Fsvg%3E\" data-orig-src=\"https:\/\/pavidecor.si\/wp-content\/uploads\/2022\/03\/Ribja-kost-Losos-No.0087-1-scaled.jpg\" \/><\/center><\/div>\n<div class=\"col-sm-6\" style=\"margin-top: 40px;\">\n<p>&nbsp;<\/p>\n<h3>Ru\u010dna izrada s ljubavlju<\/h3>\n<p>U PAVI DECOR-u iz Ljubljane, svaki na\u0161 proizvod nastaje s posebnom pa\u017enjom i ljubavlju prema drvetu i prirodi. Riblja kost Losos nije samo dekoracija; ona je rezultat na\u0161eg vlastitog znanja i kreativnosti.<\/p>\n<p>Na\u0161a strast prema drvetu o\u010dituje se u svakom detalju, a posebnost na\u0161ih proizvoda le\u017ei u ru\u010dnoj izradi. Koristimo tradicionalne tehnike spajanja drvenih dijelova, koje su koristili stari majstori, \u010dime svaki komad dobiva autenti\u010dan izgled. Riblja kost Losos savr\u0161eno \u0107e se uklopiti u svaki prostor, donose\u0107i toplinu i prirodnu ljepotu.<\/p>\n<p>&nbsp;<\/p>\n<\/div>\n<\/div>\n<div class=\"row\">\n<div class=\"col-sm-6 col-sm-push-6\" style=\"margin-top: 30px;\"><center><img decoding=\"async\" class=\"lazyload img-responsive\" style=\"margin: 0px auto; max-width: 100%;\" src=\"data:image\/svg+xml,%3Csvg%20xmlns%3D%27http%3A%2F%2Fwww.w3.org%2F2000%2Fsvg%27%20width%3D%272560%27%20height%3D%272560%27%20viewBox%3D%270%200%202560%202560%27%3E%3Crect%20width%3D%272560%27%20height%3D%272560%27%20fill-opacity%3D%220%22%2F%3E%3C%2Fsvg%3E\" data-orig-src=\" https:\/\/pavidecor.si\/wp-content\/uploads\/2022\/03\/Ribja-kost-Losos-No.0087-7-2-scaled.jpg\" \/><\/center><\/div>\n<div class=\"col-sm-6 col-sm-pull-6\" style=\"margin-top: 40px;\">\n<p>&nbsp;<\/p>\n<h3>Vi\u0161enamjenska dekoracija<\/h3>\n<p>Riblja kost Losos je izvanredan dekorativni element koji se mo\u017ee koristiti na razli\u010dite na\u010dine. Mo\u017eete je objesiti na zid ili ispod stropa, a tako\u0111er je idealna za ukra\u0161avanje vrtnih paviljona ili terasa.<\/p>\n<p>Ova jedinstvena morska dekoracija savr\u0161eno se uklapa u rustikalne i shabby chic ambijente, ali i u moderne prostore. Ljubiteljima mora, riblja kost \u0107e uvijek prizvati uspomene na more, stvaraju\u0107i opu\u0161taju\u0107u atmosferu u va\u0161em domu. Bez obzira na to gdje je postavite, ona \u0107e dodati poseban \u0161arm i karakter svakom prostoru.<\/p>\n<p>&nbsp;<\/p>\n<\/div>\n<\/div>\n<div class=\"row\">\n<div class=\"col-sm-6\" style=\"margin-top: 30px;\"><center><img decoding=\"async\" class=\"lazyload img-responsive\" style=\"margin: 0px auto; max-width: 100%;\" src=\"data:image\/svg+xml,%3Csvg%20xmlns%3D%27http%3A%2F%2Fwww.w3.org%2F2000%2Fsvg%27%20width%3D%272490%27%20height%3D%272490%27%20viewBox%3D%270%200%202490%202490%27%3E%3Crect%20width%3D%272490%27%20height%3D%272490%27%20fill-opacity%3D%220%22%2F%3E%3C%2Fsvg%3E\" data-orig-src=\" https:\/\/pavidecor.si\/wp-content\/uploads\/2022\/03\/Ribja-kost-Losos-No.0087-4-2.jpg\" \/><\/center><\/div>\n<div class=\"col-sm-6\" style=\"margin-top: 40px;\">\n<p>&nbsp;<\/p>\n<h3>Specifikacije proizvoda<\/h3>\n<p>Riblja kost je izra\u0111ena od recikliranog i naplavljenog drva, \u0161to je \u010dini ekolo\u0161kim izborom za va\u0161 dom. Svaki komad je jedinstven, a njegova ru\u010dna izrada jam\u010di kvalitetu i dugovje\u010dnost.<\/p>\n<p>Ova dekoracija je savr\u0161ena za sve koji \u017eele unijeti da\u0161ak mora u svoj \u017eivot. Bilo da se radi o ku\u0107i uz more ili o stanu u gradu, riblja kost \u0107e obogatiti svaki prostor. U\u017eivajte u ljepoti prirode i stvorite nezaboravne uspomene s ovom prekrasnom morskom dekoracijom.<\/p>\n<\/div>\n<\/div>\n<p>&nbsp;<\/p>\n","protected":false},"excerpt":{"rendered":"<p><strong><span style=\"color: #c4963c;\">\u2192 Rukotvorine<br \/>\n<\/span><span style=\"color: #c4963c;\">\u2192 Jedinstvena<\/span><\/strong><\/p>\n","protected":false},"featured_media":16694,"comment_status":"open","ping_status":"closed","template":"","meta":[],"product_brand":[],"product_cat":[217],"product_tag":[218],"class_list":{"0":"post-16691","1":"product","2":"type-product","3":"status-publish","4":"has-post-thumbnail","6":"product_cat-ribe","7":"product_tag-nov","9":"first","10":"instock","11":"sold-individually","12":"taxable","13":"shipping-taxable","14":"purchasable","15":"product-type-simple"},"yoast_head":"<!-- This site is optimized with the Yoast SEO plugin v27.2 - https:\/\/yoast.com\/product\/yoast-seo-wordpress\/ -->\n<title>Riblja kost Losos - Unikatna morska dekoracija za svaki prostor<\/title>\n<meta name=\"description\" content=\"Riblja kost losos prekrasan je ru\u010dno izra\u0111en morski ukras izra\u0111en od recikliranog i naplavljenog drveta, koji evocira uspomene na more. Unikat.\" \/>\n<meta name=\"robots\" content=\"index, follow, max-snippet:-1, max-image-preview:large, max-video-preview:-1\" \/>\n<link rel=\"canonical\" href=\"https:\/\/pavidecor.si\/hr\/proizvod\/riblja-kost-losos-173x31cm\/\" \/>\n<meta property=\"og:locale\" content=\"hr_HR\" \/>\n<meta property=\"og:type\" content=\"article\" \/>\n<meta property=\"og:title\" content=\"Riblja kost Losos - Unikatna morska dekoracija za svaki prostor\" \/>\n<meta property=\"og:description\" content=\"Riblja kost losos prekrasan je ru\u010dno izra\u0111en morski ukras izra\u0111en od recikliranog i naplavljenog drveta, koji evocira uspomene na more. Unikat.\" \/>\n<meta property=\"og:url\" content=\"https:\/\/pavidecor.si\/hr\/proizvod\/riblja-kost-losos-173x31cm\/\" \/>\n<meta property=\"og:site_name\" content=\"Pavi Decor\" \/>\n<meta property=\"article:modified_time\" content=\"2026-04-24T18:11:01+00:00\" \/>\n<meta property=\"og:image\" content=\"https:\/\/pavidecor.si\/wp-content\/uploads\/2022\/03\/Ribja-kost-Losos-No.0087-1-scaled.jpg\" \/>\n\t<meta property=\"og:image:width\" content=\"2560\" \/>\n\t<meta property=\"og:image:height\" content=\"2560\" \/>\n\t<meta property=\"og:image:type\" content=\"image\/jpeg\" \/>\n<meta name=\"twitter:card\" content=\"summary_large_image\" \/>\n<meta name=\"twitter:label1\" content=\"Procijenjeno vrijeme \u010ditanja\" \/>\n\t<meta name=\"twitter:data1\" content=\"3 minute\" \/>\n<script type=\"application\/ld+json\" class=\"yoast-schema-graph\">{\"@context\":\"https:\/\/schema.org\",\"@graph\":[{\"@type\":\"WebPage\",\"@id\":\"https:\/\/pavidecor.si\/hr\/proizvod\/riblja-kost-losos-173x31cm\/\",\"url\":\"https:\/\/pavidecor.si\/hr\/proizvod\/riblja-kost-losos-173x31cm\/\",\"name\":\"Riblja kost Losos - Unikatna morska dekoracija za svaki prostor\",\"isPartOf\":{\"@id\":\"https:\/\/pavidecor.si\/hr\/#website\"},\"primaryImageOfPage\":{\"@id\":\"https:\/\/pavidecor.si\/hr\/proizvod\/riblja-kost-losos-173x31cm\/#primaryimage\"},\"image\":{\"@id\":\"https:\/\/pavidecor.si\/hr\/proizvod\/riblja-kost-losos-173x31cm\/#primaryimage\"},\"thumbnailUrl\":\"https:\/\/pavidecor.si\/wp-content\/uploads\/2022\/03\/Ribja-kost-Losos-No.0087-1-scaled.jpg\",\"datePublished\":\"2022-03-25T07:37:32+00:00\",\"dateModified\":\"2026-04-24T18:11:01+00:00\",\"description\":\"Riblja kost losos prekrasan je ru\u010dno izra\u0111en morski ukras izra\u0111en od recikliranog i naplavljenog drveta, koji evocira uspomene na more. Unikat.\",\"breadcrumb\":{\"@id\":\"https:\/\/pavidecor.si\/hr\/proizvod\/riblja-kost-losos-173x31cm\/#breadcrumb\"},\"inLanguage\":\"hr\",\"potentialAction\":[{\"@type\":\"ReadAction\",\"target\":[\"https:\/\/pavidecor.si\/hr\/proizvod\/riblja-kost-losos-173x31cm\/\"]}]},{\"@type\":\"ImageObject\",\"inLanguage\":\"hr\",\"@id\":\"https:\/\/pavidecor.si\/hr\/proizvod\/riblja-kost-losos-173x31cm\/#primaryimage\",\"url\":\"https:\/\/pavidecor.si\/wp-content\/uploads\/2022\/03\/Ribja-kost-Losos-No.0087-1-scaled.jpg\",\"contentUrl\":\"https:\/\/pavidecor.si\/wp-content\/uploads\/2022\/03\/Ribja-kost-Losos-No.0087-1-scaled.jpg\",\"width\":2560,\"height\":2560,\"caption\":\"PAVI DECOR\"},{\"@type\":\"BreadcrumbList\",\"@id\":\"https:\/\/pavidecor.si\/hr\/proizvod\/riblja-kost-losos-173x31cm\/#breadcrumb\",\"itemListElement\":[{\"@type\":\"ListItem\",\"position\":1,\"name\":\"Domov\",\"item\":\"https:\/\/pavidecor.si\/hr\/\"},{\"@type\":\"ListItem\",\"position\":2,\"name\":\"Internetska trgovina\",\"item\":\"https:\/\/pavidecor.si\/hr\/internetska-trgovina\/\"},{\"@type\":\"ListItem\",\"position\":3,\"name\":\"Riblja kost losos 173x31cm\"}]},{\"@type\":\"WebSite\",\"@id\":\"https:\/\/pavidecor.si\/hr\/#website\",\"url\":\"https:\/\/pavidecor.si\/hr\/\",\"name\":\"Pavi Decor\",\"description\":\"Leseni unikati ustvarjeni iz ljubezni do lesa in narave.\",\"potentialAction\":[{\"@type\":\"SearchAction\",\"target\":{\"@type\":\"EntryPoint\",\"urlTemplate\":\"https:\/\/pavidecor.si\/hr\/?s={search_term_string}\"},\"query-input\":{\"@type\":\"PropertyValueSpecification\",\"valueRequired\":true,\"valueName\":\"search_term_string\"}}],\"inLanguage\":\"hr\"}]}<\/script>\n<!-- \/ Yoast SEO plugin. -->","yoast_head_json":{"title":"Riblja kost Losos - Unikatna morska dekoracija za svaki prostor","description":"Riblja kost losos prekrasan je ru\u010dno izra\u0111en morski ukras izra\u0111en od recikliranog i naplavljenog drveta, koji evocira uspomene na more. Unikat.","robots":{"index":"index","follow":"follow","max-snippet":"max-snippet:-1","max-image-preview":"max-image-preview:large","max-video-preview":"max-video-preview:-1"},"canonical":"https:\/\/pavidecor.si\/hr\/proizvod\/riblja-kost-losos-173x31cm\/","og_locale":"hr_HR","og_type":"article","og_title":"Riblja kost Losos - Unikatna morska dekoracija za svaki prostor","og_description":"Riblja kost losos prekrasan je ru\u010dno izra\u0111en morski ukras izra\u0111en od recikliranog i naplavljenog drveta, koji evocira uspomene na more. Unikat.","og_url":"https:\/\/pavidecor.si\/hr\/proizvod\/riblja-kost-losos-173x31cm\/","og_site_name":"Pavi Decor","article_modified_time":"2026-04-24T18:11:01+00:00","og_image":[{"width":2560,"height":2560,"url":"https:\/\/pavidecor.si\/wp-content\/uploads\/2022\/03\/Ribja-kost-Losos-No.0087-1-scaled.jpg","type":"image\/jpeg"}],"twitter_card":"summary_large_image","twitter_misc":{"Procijenjeno vrijeme \u010ditanja":"3 minute"},"schema":{"@context":"https:\/\/schema.org","@graph":[{"@type":"WebPage","@id":"https:\/\/pavidecor.si\/hr\/proizvod\/riblja-kost-losos-173x31cm\/","url":"https:\/\/pavidecor.si\/hr\/proizvod\/riblja-kost-losos-173x31cm\/","name":"Riblja kost Losos - Unikatna morska dekoracija za svaki prostor","isPartOf":{"@id":"https:\/\/pavidecor.si\/hr\/#website"},"primaryImageOfPage":{"@id":"https:\/\/pavidecor.si\/hr\/proizvod\/riblja-kost-losos-173x31cm\/#primaryimage"},"image":{"@id":"https:\/\/pavidecor.si\/hr\/proizvod\/riblja-kost-losos-173x31cm\/#primaryimage"},"thumbnailUrl":"https:\/\/pavidecor.si\/wp-content\/uploads\/2022\/03\/Ribja-kost-Losos-No.0087-1-scaled.jpg","datePublished":"2022-03-25T07:37:32+00:00","dateModified":"2026-04-24T18:11:01+00:00","description":"Riblja kost losos prekrasan je ru\u010dno izra\u0111en morski ukras izra\u0111en od recikliranog i naplavljenog drveta, koji evocira uspomene na more. Unikat.","breadcrumb":{"@id":"https:\/\/pavidecor.si\/hr\/proizvod\/riblja-kost-losos-173x31cm\/#breadcrumb"},"inLanguage":"hr","potentialAction":[{"@type":"ReadAction","target":["https:\/\/pavidecor.si\/hr\/proizvod\/riblja-kost-losos-173x31cm\/"]}]},{"@type":"ImageObject","inLanguage":"hr","@id":"https:\/\/pavidecor.si\/hr\/proizvod\/riblja-kost-losos-173x31cm\/#primaryimage","url":"https:\/\/pavidecor.si\/wp-content\/uploads\/2022\/03\/Ribja-kost-Losos-No.0087-1-scaled.jpg","contentUrl":"https:\/\/pavidecor.si\/wp-content\/uploads\/2022\/03\/Ribja-kost-Losos-No.0087-1-scaled.jpg","width":2560,"height":2560,"caption":"PAVI DECOR"},{"@type":"BreadcrumbList","@id":"https:\/\/pavidecor.si\/hr\/proizvod\/riblja-kost-losos-173x31cm\/#breadcrumb","itemListElement":[{"@type":"ListItem","position":1,"name":"Domov","item":"https:\/\/pavidecor.si\/hr\/"},{"@type":"ListItem","position":2,"name":"Internetska trgovina","item":"https:\/\/pavidecor.si\/hr\/internetska-trgovina\/"},{"@type":"ListItem","position":3,"name":"Riblja kost losos 173x31cm"}]},{"@type":"WebSite","@id":"https:\/\/pavidecor.si\/hr\/#website","url":"https:\/\/pavidecor.si\/hr\/","name":"Pavi Decor","description":"Leseni unikati ustvarjeni iz ljubezni do lesa in narave.","potentialAction":[{"@type":"SearchAction","target":{"@type":"EntryPoint","urlTemplate":"https:\/\/pavidecor.si\/hr\/?s={search_term_string}"},"query-input":{"@type":"PropertyValueSpecification","valueRequired":true,"valueName":"search_term_string"}}],"inLanguage":"hr"}]}},"_links":{"self":[{"href":"https:\/\/pavidecor.si\/hr\/wp-json\/wp\/v2\/product\/16691","targetHints":{"allow":["GET"]}}],"collection":[{"href":"https:\/\/pavidecor.si\/hr\/wp-json\/wp\/v2\/product"}],"about":[{"href":"https:\/\/pavidecor.si\/hr\/wp-json\/wp\/v2\/types\/product"}],"replies":[{"embeddable":true,"href":"https:\/\/pavidecor.si\/hr\/wp-json\/wp\/v2\/comments?post=16691"}],"wp:featuredmedia":[{"embeddable":true,"href":"https:\/\/pavidecor.si\/hr\/wp-json\/wp\/v2\/media\/16694"}],"wp:attachment":[{"href":"https:\/\/pavidecor.si\/hr\/wp-json\/wp\/v2\/media?parent=16691"}],"wp:term":[{"taxonomy":"product_brand","embeddable":true,"href":"https:\/\/pavidecor.si\/hr\/wp-json\/wp\/v2\/product_brand?post=16691"},{"taxonomy":"product_cat","embeddable":true,"href":"https:\/\/pavidecor.si\/hr\/wp-json\/wp\/v2\/product_cat?post=16691"},{"taxonomy":"product_tag","embeddable":true,"href":"https:\/\/pavidecor.si\/hr\/wp-json\/wp\/v2\/product_tag?post=16691"}],"curies":[{"name":"wp","href":"https:\/\/api.w.org\/{rel}","templated":true}]}}