	{"id":16519,"date":"2022-03-30T08:41:14","date_gmt":"2022-03-30T08:41:14","guid":{"rendered":"https:\/\/pavidecor.si\/product\/ogledalo-smede-zeljezo-76x60cm\/"},"modified":"2026-04-22T05:02:44","modified_gmt":"2026-04-22T05:02:44","slug":"ogledalo-smede-zeljezo-76x60cm","status":"publish","type":"product","link":"https:\/\/pavidecor.si\/hr\/proizvod\/ogledalo-smede-zeljezo-76x60cm\/","title":{"rendered":"Ogledalo sme\u0111e \u017eeljezo 76x60cm"},"content":{"rendered":"<p><span class=\"prvimanjsinaslovopis\"> Unikatno ogledalo sme\u0111e \u017eeljezo &#8211; Pristnost i elegancija za svaki prostor<\/span><\/p>\n<p>&nbsp;<\/p>\n<h2><span class=\"odebeljenopis\"><strong> Otkrijte \u010daroliju na\u0161eg jedinstvenog ogledala s ru\u010dno izra\u0111enim okvirom koji izgleda kao da je od zahr\u0111anog lima. Ovaj proizvod iz PAVI DECOR-a, koji dolazi iz Ljubljane, savr\u0161eno spaja ljubav prema drvetu i prirodi s modernim industrijskim dizajnom. Idealno je za svaki prostor, od dnevnog boravka do hodnika.<\/strong><\/span><\/h2>\n<p>&nbsp;<\/p>\n<div class=\"row\">\n<div class=\"col-sm-6 \" style=\"margin-top: 30px;\"><center><img decoding=\"async\" class=\"lazyload img-responsive\" style=\"margin: 0px auto; max-width: 100%;\" src=\"data:image\/svg+xml,%3Csvg%20xmlns%3D%27http%3A%2F%2Fwww.w3.org%2F2000%2Fsvg%27%20width%3D%272560%27%20height%3D%272560%27%20viewBox%3D%270%200%202560%202560%27%3E%3Crect%20width%3D%272560%27%20height%3D%272560%27%20fill-opacity%3D%220%22%2F%3E%3C%2Fsvg%3E\" data-orig-src=\"https:\/\/pavidecor.si\/wp-content\/uploads\/2022\/03\/Ogledalo-rjavo-zelezo-No.0077-1-scaled.jpg\" \/><\/center><\/div>\n<div class=\"col-sm-6\" style=\"margin-top: 40px;\">\n<p>&nbsp;<\/p>\n<h3>Pristupa\u010dnost i svestranost<\/h3>\n<p>Na\u0161e unikatno ogledalo s okvirom od zahr\u0111alog lima savr\u0161eno je rje\u0161enje za sve koji \u017eele dodati da\u0161ak stila i elegancije u svoj dom. Njegova veli\u010dina \u010dini ga idealnim za manje prostore, dok \u0161iri okvir osigurava masivniji izgled.<\/p>\n<p>Bez obzira na to jeste li ljubitelj modernog ili vintage stila, ogledalo sme\u0111e \u017eeljezo se lako uklapa u svaki ambijent. Mo\u017eete ga postaviti u dnevnu sobu, blagovaonicu, spava\u0107u sobu ili hodnik, a njegova jedinstvena estetika privla\u010di poglede i stvara zanimljive razgovore.<\/p>\n<p>&nbsp;<\/p>\n<\/div>\n<\/div>\n<div class=\"row\">\n<div class=\"col-sm-6 col-sm-push-6\" style=\"margin-top: 30px;\"><center><img decoding=\"async\" class=\"lazyload img-responsive\" style=\"margin: 0px auto; max-width: 100%;\" src=\"data:image\/svg+xml,%3Csvg%20xmlns%3D%27http%3A%2F%2Fwww.w3.org%2F2000%2Fsvg%27%20width%3D%272560%27%20height%3D%272560%27%20viewBox%3D%270%200%202560%202560%27%3E%3Crect%20width%3D%272560%27%20height%3D%272560%27%20fill-opacity%3D%220%22%2F%3E%3C%2Fsvg%3E\" data-orig-src=\" https:\/\/pavidecor.si\/wp-content\/uploads\/2022\/03\/Ogledalo-rjavo-zelezo-No.0077-2-2-scaled.jpg\" \/><\/center><\/div>\n<div class=\"col-sm-6 col-sm-pull-6\" style=\"margin-top: 40px;\">\n<p>&nbsp;<\/p>\n<h3>Ru\u010dno izra\u0111eni detalji<\/h3>\n<p>Jedna od posebnosti na\u0161ih proizvoda iz PAVI DECOR-a je <b>ru\u010dna izrada<\/b> koja osigurava da svaki komad bude jedinstven. Na\u0161 okvir izra\u0111en je kori\u0161tenjem tradicionalnih tehnika spajanja drvenih dijelova, \u0161to mu daje autenti\u010dan izgled i osje\u0107aj.<\/p>\n<p>Ovaj proces izrade ne samo da \u010dini ogledalo estetski privla\u010dnim, ve\u0107 i osigurava njegovu dugotrajnost. Kovi\u010denje koje se koristi u izradi okvira dodatno nagla\u0161ava industrijski stil, \u010dine\u0107i ga savr\u0161enim dodatkom za shabby chic ambijent ili bilo koji moderni interijer.<\/p>\n<p>&nbsp;<\/p>\n<\/div>\n<\/div>\n<div class=\"row\">\n<div class=\"col-sm-6\" style=\"margin-top: 30px;\"><center><img decoding=\"async\" class=\"lazyload img-responsive\" style=\"margin: 0px auto; max-width: 100%;\" src=\"data:image\/svg+xml,%3Csvg%20xmlns%3D%27http%3A%2F%2Fwww.w3.org%2F2000%2Fsvg%27%20width%3D%272560%27%20height%3D%272560%27%20viewBox%3D%270%200%202560%202560%27%3E%3Crect%20width%3D%272560%27%20height%3D%272560%27%20fill-opacity%3D%220%22%2F%3E%3C%2Fsvg%3E\" data-orig-src=\" https:\/\/pavidecor.si\/wp-content\/uploads\/2022\/03\/Ogledalo-rjavo-zelezo-No.0077-3-2-scaled.jpg\" \/><\/center><\/div>\n<div class=\"col-sm-6\" style=\"margin-top: 40px;\">\n<p>&nbsp;<\/p>\n<h3>Specifikacije proizvoda<\/h3>\n<p>Na\u0161e unikatno ogledalo s okvirom od zahr\u0111alog lima ima dimenzije koje ga \u010dine idealnim za razne prostore. <b>Jednostavna monta\u017ea<\/b> na zid omogu\u0107ava vam da ga lako postavite gdje god \u017eelite. Ovaj proizvod je rezultat na\u0161eg vlastitog znanja i kreativnosti, a svi na\u0161i proizvodi su izra\u0111eni u Sloveniji.<\/p>\n<p>U\u017eivajte u kombinaciji starinskog i modernog namje\u0161taja s ovim ogledalom, koje \u0107e zasigurno obogatiti svaki prostor. Ogledalo sme\u0111e \u017eeljezo ima sposobnost da privu\u010de pa\u017enju i stvori ugodnu atmosferu \u0161to ga \u010dini neizostavnim dijelom va\u0161eg doma.<\/p>\n<\/div>\n<\/div>\n<p>&nbsp;<\/p>\n","protected":false},"excerpt":{"rendered":"<p><strong><span style=\"color: #c4963c;\">\u2192 Ru\u010dno izra\u0111en<\/span><\/strong><strong><span style=\"color: #c4963c;\"><br \/>\n<\/span><span style=\"color: #c4963c;\">\u2192 Jedinstven<\/span><\/strong><br \/>\n<strong><span style=\"color: #c4963c;\">\u2192 Okvir sa zakovicama<\/span><\/strong><\/p>\n","protected":false},"featured_media":16521,"comment_status":"open","ping_status":"closed","template":"","meta":[],"product_brand":[],"product_cat":[235],"product_tag":[218],"class_list":{"0":"post-16519","1":"product","2":"type-product","3":"status-publish","4":"has-post-thumbnail","6":"product_cat-ogledala-hr","7":"product_tag-nov","9":"first","10":"instock","11":"sold-individually","12":"taxable","13":"shipping-taxable","14":"purchasable","15":"product-type-simple"},"yoast_head":"<!-- This site is optimized with the Yoast SEO plugin v27.2 - https:\/\/yoast.com\/product\/yoast-seo-wordpress\/ -->\n<title>Ogledalo sme\u0111e \u017eeljezo PAVI DECOR - Elegancija za svaki prostor<\/title>\n<meta name=\"description\" content=\"Jedinstveno ogledalo sme\u0111e \u017eeljezo ima ru\u010dno izra\u0111eni okvir s izgledom zahr\u0111alog lima. Metoda sa zakovicama daje mu industrijski shabby chic izgled.\" \/>\n<meta name=\"robots\" content=\"index, follow, max-snippet:-1, max-image-preview:large, max-video-preview:-1\" \/>\n<link rel=\"canonical\" href=\"https:\/\/pavidecor.si\/hr\/proizvod\/ogledalo-smede-zeljezo-76x60cm\/\" \/>\n<meta property=\"og:locale\" content=\"hr_HR\" \/>\n<meta property=\"og:type\" content=\"article\" \/>\n<meta property=\"og:title\" content=\"Ogledalo sme\u0111e \u017eeljezo PAVI DECOR - Elegancija za svaki prostor\" \/>\n<meta property=\"og:description\" content=\"Jedinstveno ogledalo sme\u0111e \u017eeljezo ima ru\u010dno izra\u0111eni okvir s izgledom zahr\u0111alog lima. Metoda sa zakovicama daje mu industrijski shabby chic izgled.\" \/>\n<meta property=\"og:url\" content=\"https:\/\/pavidecor.si\/hr\/proizvod\/ogledalo-smede-zeljezo-76x60cm\/\" \/>\n<meta property=\"og:site_name\" content=\"Pavi Decor\" \/>\n<meta property=\"article:modified_time\" content=\"2026-04-22T05:02:44+00:00\" \/>\n<meta property=\"og:image\" content=\"https:\/\/pavidecor.si\/wp-content\/uploads\/2022\/03\/Ogledalo-rjavo-zelezo-No.0077-1-scaled.jpg\" \/>\n\t<meta property=\"og:image:width\" content=\"2560\" \/>\n\t<meta property=\"og:image:height\" content=\"2560\" \/>\n\t<meta property=\"og:image:type\" content=\"image\/jpeg\" \/>\n<meta name=\"twitter:card\" content=\"summary_large_image\" \/>\n<meta name=\"twitter:label1\" content=\"Procijenjeno vrijeme \u010ditanja\" \/>\n\t<meta name=\"twitter:data1\" content=\"3 minute\" \/>\n<script type=\"application\/ld+json\" class=\"yoast-schema-graph\">{\"@context\":\"https:\/\/schema.org\",\"@graph\":[{\"@type\":\"WebPage\",\"@id\":\"https:\/\/pavidecor.si\/hr\/proizvod\/ogledalo-smede-zeljezo-76x60cm\/\",\"url\":\"https:\/\/pavidecor.si\/hr\/proizvod\/ogledalo-smede-zeljezo-76x60cm\/\",\"name\":\"Ogledalo sme\u0111e \u017eeljezo PAVI DECOR - Elegancija za svaki prostor\",\"isPartOf\":{\"@id\":\"https:\/\/pavidecor.si\/hr\/#website\"},\"primaryImageOfPage\":{\"@id\":\"https:\/\/pavidecor.si\/hr\/proizvod\/ogledalo-smede-zeljezo-76x60cm\/#primaryimage\"},\"image\":{\"@id\":\"https:\/\/pavidecor.si\/hr\/proizvod\/ogledalo-smede-zeljezo-76x60cm\/#primaryimage\"},\"thumbnailUrl\":\"https:\/\/pavidecor.si\/wp-content\/uploads\/2022\/03\/Ogledalo-rjavo-zelezo-No.0077-1-scaled.jpg\",\"datePublished\":\"2022-03-30T08:41:14+00:00\",\"dateModified\":\"2026-04-22T05:02:44+00:00\",\"description\":\"Jedinstveno ogledalo sme\u0111e \u017eeljezo ima ru\u010dno izra\u0111eni okvir s izgledom zahr\u0111alog lima. Metoda sa zakovicama daje mu industrijski shabby chic izgled.\",\"breadcrumb\":{\"@id\":\"https:\/\/pavidecor.si\/hr\/proizvod\/ogledalo-smede-zeljezo-76x60cm\/#breadcrumb\"},\"inLanguage\":\"hr\",\"potentialAction\":[{\"@type\":\"ReadAction\",\"target\":[\"https:\/\/pavidecor.si\/hr\/proizvod\/ogledalo-smede-zeljezo-76x60cm\/\"]}]},{\"@type\":\"ImageObject\",\"inLanguage\":\"hr\",\"@id\":\"https:\/\/pavidecor.si\/hr\/proizvod\/ogledalo-smede-zeljezo-76x60cm\/#primaryimage\",\"url\":\"https:\/\/pavidecor.si\/wp-content\/uploads\/2022\/03\/Ogledalo-rjavo-zelezo-No.0077-1-scaled.jpg\",\"contentUrl\":\"https:\/\/pavidecor.si\/wp-content\/uploads\/2022\/03\/Ogledalo-rjavo-zelezo-No.0077-1-scaled.jpg\",\"width\":2560,\"height\":2560,\"caption\":\"PAVI DECOR\"},{\"@type\":\"BreadcrumbList\",\"@id\":\"https:\/\/pavidecor.si\/hr\/proizvod\/ogledalo-smede-zeljezo-76x60cm\/#breadcrumb\",\"itemListElement\":[{\"@type\":\"ListItem\",\"position\":1,\"name\":\"Domov\",\"item\":\"https:\/\/pavidecor.si\/hr\/\"},{\"@type\":\"ListItem\",\"position\":2,\"name\":\"Internetska trgovina\",\"item\":\"https:\/\/pavidecor.si\/hr\/internetska-trgovina\/\"},{\"@type\":\"ListItem\",\"position\":3,\"name\":\"Ogledalo sme\u0111e \u017eeljezo 76x60cm\"}]},{\"@type\":\"WebSite\",\"@id\":\"https:\/\/pavidecor.si\/hr\/#website\",\"url\":\"https:\/\/pavidecor.si\/hr\/\",\"name\":\"Pavi Decor\",\"description\":\"Leseni unikati ustvarjeni iz ljubezni do lesa in narave.\",\"potentialAction\":[{\"@type\":\"SearchAction\",\"target\":{\"@type\":\"EntryPoint\",\"urlTemplate\":\"https:\/\/pavidecor.si\/hr\/?s={search_term_string}\"},\"query-input\":{\"@type\":\"PropertyValueSpecification\",\"valueRequired\":true,\"valueName\":\"search_term_string\"}}],\"inLanguage\":\"hr\"}]}<\/script>\n<!-- \/ Yoast SEO plugin. -->","yoast_head_json":{"title":"Ogledalo sme\u0111e \u017eeljezo PAVI DECOR - Elegancija za svaki prostor","description":"Jedinstveno ogledalo sme\u0111e \u017eeljezo ima ru\u010dno izra\u0111eni okvir s izgledom zahr\u0111alog lima. Metoda sa zakovicama daje mu industrijski shabby chic izgled.","robots":{"index":"index","follow":"follow","max-snippet":"max-snippet:-1","max-image-preview":"max-image-preview:large","max-video-preview":"max-video-preview:-1"},"canonical":"https:\/\/pavidecor.si\/hr\/proizvod\/ogledalo-smede-zeljezo-76x60cm\/","og_locale":"hr_HR","og_type":"article","og_title":"Ogledalo sme\u0111e \u017eeljezo PAVI DECOR - Elegancija za svaki prostor","og_description":"Jedinstveno ogledalo sme\u0111e \u017eeljezo ima ru\u010dno izra\u0111eni okvir s izgledom zahr\u0111alog lima. Metoda sa zakovicama daje mu industrijski shabby chic izgled.","og_url":"https:\/\/pavidecor.si\/hr\/proizvod\/ogledalo-smede-zeljezo-76x60cm\/","og_site_name":"Pavi Decor","article_modified_time":"2026-04-22T05:02:44+00:00","og_image":[{"width":2560,"height":2560,"url":"https:\/\/pavidecor.si\/wp-content\/uploads\/2022\/03\/Ogledalo-rjavo-zelezo-No.0077-1-scaled.jpg","type":"image\/jpeg"}],"twitter_card":"summary_large_image","twitter_misc":{"Procijenjeno vrijeme \u010ditanja":"3 minute"},"schema":{"@context":"https:\/\/schema.org","@graph":[{"@type":"WebPage","@id":"https:\/\/pavidecor.si\/hr\/proizvod\/ogledalo-smede-zeljezo-76x60cm\/","url":"https:\/\/pavidecor.si\/hr\/proizvod\/ogledalo-smede-zeljezo-76x60cm\/","name":"Ogledalo sme\u0111e \u017eeljezo PAVI DECOR - Elegancija za svaki prostor","isPartOf":{"@id":"https:\/\/pavidecor.si\/hr\/#website"},"primaryImageOfPage":{"@id":"https:\/\/pavidecor.si\/hr\/proizvod\/ogledalo-smede-zeljezo-76x60cm\/#primaryimage"},"image":{"@id":"https:\/\/pavidecor.si\/hr\/proizvod\/ogledalo-smede-zeljezo-76x60cm\/#primaryimage"},"thumbnailUrl":"https:\/\/pavidecor.si\/wp-content\/uploads\/2022\/03\/Ogledalo-rjavo-zelezo-No.0077-1-scaled.jpg","datePublished":"2022-03-30T08:41:14+00:00","dateModified":"2026-04-22T05:02:44+00:00","description":"Jedinstveno ogledalo sme\u0111e \u017eeljezo ima ru\u010dno izra\u0111eni okvir s izgledom zahr\u0111alog lima. Metoda sa zakovicama daje mu industrijski shabby chic izgled.","breadcrumb":{"@id":"https:\/\/pavidecor.si\/hr\/proizvod\/ogledalo-smede-zeljezo-76x60cm\/#breadcrumb"},"inLanguage":"hr","potentialAction":[{"@type":"ReadAction","target":["https:\/\/pavidecor.si\/hr\/proizvod\/ogledalo-smede-zeljezo-76x60cm\/"]}]},{"@type":"ImageObject","inLanguage":"hr","@id":"https:\/\/pavidecor.si\/hr\/proizvod\/ogledalo-smede-zeljezo-76x60cm\/#primaryimage","url":"https:\/\/pavidecor.si\/wp-content\/uploads\/2022\/03\/Ogledalo-rjavo-zelezo-No.0077-1-scaled.jpg","contentUrl":"https:\/\/pavidecor.si\/wp-content\/uploads\/2022\/03\/Ogledalo-rjavo-zelezo-No.0077-1-scaled.jpg","width":2560,"height":2560,"caption":"PAVI DECOR"},{"@type":"BreadcrumbList","@id":"https:\/\/pavidecor.si\/hr\/proizvod\/ogledalo-smede-zeljezo-76x60cm\/#breadcrumb","itemListElement":[{"@type":"ListItem","position":1,"name":"Domov","item":"https:\/\/pavidecor.si\/hr\/"},{"@type":"ListItem","position":2,"name":"Internetska trgovina","item":"https:\/\/pavidecor.si\/hr\/internetska-trgovina\/"},{"@type":"ListItem","position":3,"name":"Ogledalo sme\u0111e \u017eeljezo 76x60cm"}]},{"@type":"WebSite","@id":"https:\/\/pavidecor.si\/hr\/#website","url":"https:\/\/pavidecor.si\/hr\/","name":"Pavi Decor","description":"Leseni unikati ustvarjeni iz ljubezni do lesa in narave.","potentialAction":[{"@type":"SearchAction","target":{"@type":"EntryPoint","urlTemplate":"https:\/\/pavidecor.si\/hr\/?s={search_term_string}"},"query-input":{"@type":"PropertyValueSpecification","valueRequired":true,"valueName":"search_term_string"}}],"inLanguage":"hr"}]}},"_links":{"self":[{"href":"https:\/\/pavidecor.si\/hr\/wp-json\/wp\/v2\/product\/16519","targetHints":{"allow":["GET"]}}],"collection":[{"href":"https:\/\/pavidecor.si\/hr\/wp-json\/wp\/v2\/product"}],"about":[{"href":"https:\/\/pavidecor.si\/hr\/wp-json\/wp\/v2\/types\/product"}],"replies":[{"embeddable":true,"href":"https:\/\/pavidecor.si\/hr\/wp-json\/wp\/v2\/comments?post=16519"}],"wp:featuredmedia":[{"embeddable":true,"href":"https:\/\/pavidecor.si\/hr\/wp-json\/wp\/v2\/media\/16521"}],"wp:attachment":[{"href":"https:\/\/pavidecor.si\/hr\/wp-json\/wp\/v2\/media?parent=16519"}],"wp:term":[{"taxonomy":"product_brand","embeddable":true,"href":"https:\/\/pavidecor.si\/hr\/wp-json\/wp\/v2\/product_brand?post=16519"},{"taxonomy":"product_cat","embeddable":true,"href":"https:\/\/pavidecor.si\/hr\/wp-json\/wp\/v2\/product_cat?post=16519"},{"taxonomy":"product_tag","embeddable":true,"href":"https:\/\/pavidecor.si\/hr\/wp-json\/wp\/v2\/product_tag?post=16519"}],"curies":[{"name":"wp","href":"https:\/\/api.w.org\/{rel}","templated":true}]}}