	{"id":16512,"date":"2022-03-30T09:49:18","date_gmt":"2022-03-30T09:49:18","guid":{"rendered":"https:\/\/pavidecor.si\/product\/dekorativni-stol-atena-37x25x48cm\/"},"modified":"2026-04-21T11:32:37","modified_gmt":"2026-04-21T11:32:37","slug":"dekorativni-stol-atena-37x25x48cm","status":"publish","type":"product","link":"https:\/\/pavidecor.si\/hr\/proizvod\/dekorativni-stol-atena-37x25x48cm\/","title":{"rendered":"Dekorativni stol Atena 37x25x48cm"},"content":{"rendered":"<p><span class=\"prvimanjsinaslovopis\"> Dekorativni stol i stolica Atena &#8211; Dvoje u jednom<\/span><\/p>\n<p>&nbsp;<\/p>\n<h2><span class=\"odebeljenopis\"><strong><br \/>\nDekorativni stol Atena savr\u0161eno se prilago\u0111ava va\u0161im potrebama, bilo da tra\u017eite klupski stol ili dodatno mjesto za sjedenje. Ova unikatna stolica ne samo da je funkcionalna, ve\u0107 i estetski privla\u010dna, dodaju\u0107i \u0161arm svakom prostoru. Izra\u0111ena s ljubavlju u Sloveniji, Atena je pravi izbor za ljubitelje prirodnog drva i autenti\u010dnih komada.<\/strong><\/span><\/h2>\n<p>&nbsp;<\/p>\n<div class=\"row\">\n<div class=\"col-sm-6 \" style=\"margin-top: 30px;\"><center><img decoding=\"async\" class=\"lazyload img-responsive\" style=\"margin: 0px auto; max-width: 100%;\" src=\"data:image\/svg+xml,%3Csvg%20xmlns%3D%27http%3A%2F%2Fwww.w3.org%2F2000%2Fsvg%27%20width%3D%272560%27%20height%3D%272560%27%20viewBox%3D%270%200%202560%202560%27%3E%3Crect%20width%3D%272560%27%20height%3D%272560%27%20fill-opacity%3D%220%22%2F%3E%3C%2Fsvg%3E\" data-orig-src=\"https:\/\/pavidecor.si\/wp-content\/uploads\/2022\/03\/Mizica-Atena-No.1335-1-scaled.jpg\" \/><\/center><\/div>\n<div class=\"col-sm-6\" style=\"margin-top: 40px;\">\n<p>&nbsp;<\/p>\n<h3>Funkcionalnost i estetika<\/h3>\n<p>Dekorativni stol Atena nudi izvanrednu funkcionalnost koja se mo\u017ee prilagoditi razli\u010ditim potrebama. Bilo da ga koristite kao klupski stol za odlaganje pi\u0107a i grickalica ili kao dodatni stolac za sjedenje, ovaj stol \u0107e se savr\u0161eno uklopiti u svaki ambijent.<\/p>\n<p>&nbsp;<\/p>\n<p>Osim svoje prakti\u010dne upotrebe, Atena donosi i estetsku vrijednost. Njezina shabby chic estetika \u010dini je idealnom za unutarnje prostore poput kuhinje, dnevnog boravka ili predsoblja, ali i za vanjske prostore kao \u0161to su terasa ili vrt. <b>Ru\u010dno izra\u0111ena<\/b> s pa\u017enjom na detalje, ova stolica \u0107e zasigurno privu\u0107i poglede i postati centralni komad u va\u0161em domu.<\/p>\n<p>&nbsp;<\/p>\n<\/div>\n<\/div>\n<div class=\"row\">\n<div class=\"col-sm-6 col-sm-push-6\" style=\"margin-top: 30px;\"><center><img decoding=\"async\" class=\"lazyload img-responsive\" style=\"margin: 0px auto; max-width: 100%;\" src=\"data:image\/svg+xml,%3Csvg%20xmlns%3D%27http%3A%2F%2Fwww.w3.org%2F2000%2Fsvg%27%20width%3D%272560%27%20height%3D%272560%27%20viewBox%3D%270%200%202560%202560%27%3E%3Crect%20width%3D%272560%27%20height%3D%272560%27%20fill-opacity%3D%220%22%2F%3E%3C%2Fsvg%3E\" data-orig-src=\" https:\/\/pavidecor.si\/wp-content\/uploads\/2022\/03\/Mizica-Atena-No.1335-2-2-scaled.jpg\" \/><\/center><\/div>\n<div class=\"col-sm-6 col-sm-pull-6\" style=\"margin-top: 40px;\">\n<p>&nbsp;<\/p>\n<h3>Ru\u010dno izra\u0111ena kvaliteta<\/h3>\n<p>Jedna od najva\u017enijih karakteristika dekorativne stolice Atena je njezina <b>ru\u010dna izrada<\/b>. Svaki komad drva pa\u017eljivo je odabran i obra\u0111en, a detalji spajanja drvenih dijelova izvedeni su na na\u010din koji su koristili stari majstori. Ova tradicionalna tehnika izrade daje mizi autenti\u010dan izgled starinskog komada, \u010dime se isti\u010de njezina jedinstvenost.<\/p>\n<p>&nbsp;<\/p>\n<p>U PAVI DECOR-u iz Ljubljane, gdje se oblikovanje i izrada na\u0161ih unikatnih proizvoda temelji na ljubavi prema drvu i prirodi, svaki komad nosi pri\u010du. Na\u0161i proizvodi su rezultat vlastitog znanja i kreativnosti, a Atena nije iznimka. Ova stolica ne samo da je funkcionalna, ve\u0107 i simbol na\u0161e predanosti kvaliteti i tradiciji.<\/p>\n<p>&nbsp;<\/p>\n<\/div>\n<\/div>\n<div class=\"row\">\n<div class=\"col-sm-6\" style=\"margin-top: 30px;\"><center><img decoding=\"async\" class=\"lazyload img-responsive\" style=\"margin: 0px auto; max-width: 100%;\" src=\"data:image\/svg+xml,%3Csvg%20xmlns%3D%27http%3A%2F%2Fwww.w3.org%2F2000%2Fsvg%27%20width%3D%272560%27%20height%3D%272560%27%20viewBox%3D%270%200%202560%202560%27%3E%3Crect%20width%3D%272560%27%20height%3D%272560%27%20fill-opacity%3D%220%22%2F%3E%3C%2Fsvg%3E\" data-orig-src=\" https:\/\/pavidecor.si\/wp-content\/uploads\/2022\/03\/Mizica-Atena-No.1335-3-2-scaled.jpg\" \/><\/center><\/div>\n<div class=\"col-sm-6\" style=\"margin-top: 40px;\">\n<p>&nbsp;<\/p>\n<h3>Specifikacije i primjena<\/h3>\n<p>Dekorativni stol Atena mo\u017ee se koristiti u raznim ambijentima. Idealan je za unutarnje prostore kao \u0161to su kuhinja, blagovaonica, predsoblje ili kupaonica, ali i za vanjske prostore poput terase ili vrta. <b>\u0160armantna shabby chic estetika<\/b> \u010dini ga savr\u0161enim dodatkom za svaki prostor.<\/p>\n<p>&nbsp;<\/p>\n<p>Dekorativni stol Atena mo\u017ee se vidjeti i u na\u0161im novogodi\u0161njim i <a href=\"https:\/\/pavidecor.si\/hr\/projects\/morski-ambijent\/\"><strong><span style=\"color: #3366ff;\">morskim ambijentima<\/span><\/strong><\/a>, \u0161to dodatno nagla\u0161ava njegovu svestranost. Bez obzira na to kako je koristite, ova stolica \u0107e dodati da\u0161ak elegancije i stila. U PAVI DECOR-u vjerujemo da svaki komad drva ima svoju pri\u010du, a ukrasna stolica Atena je savr\u0161en primjer toga.<\/p>\n<\/div>\n<\/div>\n<p>&nbsp;<\/p>\n","protected":false},"excerpt":{"rendered":"<p><strong><span style=\"color: #c4963c;\">\u2192 Rukotvorine<br \/>\n<\/span><span style=\"color: #c4963c;\">\u2192 Jedinstven<\/span><\/strong><\/p>\n","protected":false},"featured_media":16516,"comment_status":"open","ping_status":"closed","template":"","meta":[],"product_brand":[],"product_cat":[224,252],"product_tag":[255,218,242],"class_list":{"0":"post-16512","1":"product","2":"type-product","3":"status-publish","4":"has-post-thumbnail","6":"product_cat-klupski-stolovi","7":"product_cat-stolovi","8":"product_tag-morski-ambijent","9":"product_tag-nov","10":"product_tag-novogodisnji-ambijent","12":"first","13":"instock","14":"sold-individually","15":"taxable","16":"shipping-taxable","17":"purchasable","18":"product-type-simple"},"yoast_head":"<!-- This site is optimized with the Yoast SEO plugin v27.2 - https:\/\/yoast.com\/product\/yoast-seo-wordpress\/ -->\n<title>Dekorativni stol i stolica Atena - Dvoje u jednom<\/title>\n<meta name=\"description\" content=\"Klupski stol i stolica u jednom. Ru\u010dno izra\u0111eni dekorativni stol Atena mo\u017ee se koristiti kao klupski stol ili kao stolica za sjedenje. Jedinstven.\" \/>\n<meta name=\"robots\" content=\"index, follow, max-snippet:-1, max-image-preview:large, max-video-preview:-1\" \/>\n<link rel=\"canonical\" href=\"https:\/\/pavidecor.si\/hr\/proizvod\/dekorativni-stol-atena-37x25x48cm\/\" \/>\n<meta property=\"og:locale\" content=\"hr_HR\" \/>\n<meta property=\"og:type\" content=\"article\" \/>\n<meta property=\"og:title\" content=\"Dekorativni stol i stolica Atena - Dvoje u jednom\" \/>\n<meta property=\"og:description\" content=\"Klupski stol i stolica u jednom. Ru\u010dno izra\u0111eni dekorativni stol Atena mo\u017ee se koristiti kao klupski stol ili kao stolica za sjedenje. Jedinstven.\" \/>\n<meta property=\"og:url\" content=\"https:\/\/pavidecor.si\/hr\/proizvod\/dekorativni-stol-atena-37x25x48cm\/\" \/>\n<meta property=\"og:site_name\" content=\"Pavi Decor\" \/>\n<meta property=\"article:modified_time\" content=\"2026-04-21T11:32:37+00:00\" \/>\n<meta property=\"og:image\" content=\"https:\/\/pavidecor.si\/wp-content\/uploads\/2022\/03\/Mizica-Atena-No.1335-1-scaled.jpg\" \/>\n\t<meta property=\"og:image:width\" content=\"2560\" \/>\n\t<meta property=\"og:image:height\" content=\"2560\" \/>\n\t<meta property=\"og:image:type\" content=\"image\/jpeg\" \/>\n<meta name=\"twitter:card\" content=\"summary_large_image\" \/>\n<meta name=\"twitter:label1\" content=\"Procijenjeno vrijeme \u010ditanja\" \/>\n\t<meta name=\"twitter:data1\" content=\"3 minute\" \/>\n<script type=\"application\/ld+json\" class=\"yoast-schema-graph\">{\"@context\":\"https:\/\/schema.org\",\"@graph\":[{\"@type\":\"WebPage\",\"@id\":\"https:\/\/pavidecor.si\/hr\/proizvod\/dekorativni-stol-atena-37x25x48cm\/\",\"url\":\"https:\/\/pavidecor.si\/hr\/proizvod\/dekorativni-stol-atena-37x25x48cm\/\",\"name\":\"Dekorativni stol i stolica Atena - Dvoje u jednom\",\"isPartOf\":{\"@id\":\"https:\/\/pavidecor.si\/hr\/#website\"},\"primaryImageOfPage\":{\"@id\":\"https:\/\/pavidecor.si\/hr\/proizvod\/dekorativni-stol-atena-37x25x48cm\/#primaryimage\"},\"image\":{\"@id\":\"https:\/\/pavidecor.si\/hr\/proizvod\/dekorativni-stol-atena-37x25x48cm\/#primaryimage\"},\"thumbnailUrl\":\"https:\/\/pavidecor.si\/wp-content\/uploads\/2022\/03\/Mizica-Atena-No.1335-1-scaled.jpg\",\"datePublished\":\"2022-03-30T09:49:18+00:00\",\"dateModified\":\"2026-04-21T11:32:37+00:00\",\"description\":\"Klupski stol i stolica u jednom. Ru\u010dno izra\u0111eni dekorativni stol Atena mo\u017ee se koristiti kao klupski stol ili kao stolica za sjedenje. Jedinstven.\",\"breadcrumb\":{\"@id\":\"https:\/\/pavidecor.si\/hr\/proizvod\/dekorativni-stol-atena-37x25x48cm\/#breadcrumb\"},\"inLanguage\":\"hr\",\"potentialAction\":[{\"@type\":\"ReadAction\",\"target\":[\"https:\/\/pavidecor.si\/hr\/proizvod\/dekorativni-stol-atena-37x25x48cm\/\"]}]},{\"@type\":\"ImageObject\",\"inLanguage\":\"hr\",\"@id\":\"https:\/\/pavidecor.si\/hr\/proizvod\/dekorativni-stol-atena-37x25x48cm\/#primaryimage\",\"url\":\"https:\/\/pavidecor.si\/wp-content\/uploads\/2022\/03\/Mizica-Atena-No.1335-1-scaled.jpg\",\"contentUrl\":\"https:\/\/pavidecor.si\/wp-content\/uploads\/2022\/03\/Mizica-Atena-No.1335-1-scaled.jpg\",\"width\":2560,\"height\":2560,\"caption\":\"PAVI DECOR\"},{\"@type\":\"BreadcrumbList\",\"@id\":\"https:\/\/pavidecor.si\/hr\/proizvod\/dekorativni-stol-atena-37x25x48cm\/#breadcrumb\",\"itemListElement\":[{\"@type\":\"ListItem\",\"position\":1,\"name\":\"Domov\",\"item\":\"https:\/\/pavidecor.si\/hr\/\"},{\"@type\":\"ListItem\",\"position\":2,\"name\":\"Internetska trgovina\",\"item\":\"https:\/\/pavidecor.si\/hr\/internetska-trgovina\/\"},{\"@type\":\"ListItem\",\"position\":3,\"name\":\"Dekorativni stol Atena 37x25x48cm\"}]},{\"@type\":\"WebSite\",\"@id\":\"https:\/\/pavidecor.si\/hr\/#website\",\"url\":\"https:\/\/pavidecor.si\/hr\/\",\"name\":\"Pavi Decor\",\"description\":\"Leseni unikati ustvarjeni iz ljubezni do lesa in narave.\",\"potentialAction\":[{\"@type\":\"SearchAction\",\"target\":{\"@type\":\"EntryPoint\",\"urlTemplate\":\"https:\/\/pavidecor.si\/hr\/?s={search_term_string}\"},\"query-input\":{\"@type\":\"PropertyValueSpecification\",\"valueRequired\":true,\"valueName\":\"search_term_string\"}}],\"inLanguage\":\"hr\"}]}<\/script>\n<!-- \/ Yoast SEO plugin. -->","yoast_head_json":{"title":"Dekorativni stol i stolica Atena - Dvoje u jednom","description":"Klupski stol i stolica u jednom. Ru\u010dno izra\u0111eni dekorativni stol Atena mo\u017ee se koristiti kao klupski stol ili kao stolica za sjedenje. Jedinstven.","robots":{"index":"index","follow":"follow","max-snippet":"max-snippet:-1","max-image-preview":"max-image-preview:large","max-video-preview":"max-video-preview:-1"},"canonical":"https:\/\/pavidecor.si\/hr\/proizvod\/dekorativni-stol-atena-37x25x48cm\/","og_locale":"hr_HR","og_type":"article","og_title":"Dekorativni stol i stolica Atena - Dvoje u jednom","og_description":"Klupski stol i stolica u jednom. Ru\u010dno izra\u0111eni dekorativni stol Atena mo\u017ee se koristiti kao klupski stol ili kao stolica za sjedenje. Jedinstven.","og_url":"https:\/\/pavidecor.si\/hr\/proizvod\/dekorativni-stol-atena-37x25x48cm\/","og_site_name":"Pavi Decor","article_modified_time":"2026-04-21T11:32:37+00:00","og_image":[{"width":2560,"height":2560,"url":"https:\/\/pavidecor.si\/wp-content\/uploads\/2022\/03\/Mizica-Atena-No.1335-1-scaled.jpg","type":"image\/jpeg"}],"twitter_card":"summary_large_image","twitter_misc":{"Procijenjeno vrijeme \u010ditanja":"3 minute"},"schema":{"@context":"https:\/\/schema.org","@graph":[{"@type":"WebPage","@id":"https:\/\/pavidecor.si\/hr\/proizvod\/dekorativni-stol-atena-37x25x48cm\/","url":"https:\/\/pavidecor.si\/hr\/proizvod\/dekorativni-stol-atena-37x25x48cm\/","name":"Dekorativni stol i stolica Atena - Dvoje u jednom","isPartOf":{"@id":"https:\/\/pavidecor.si\/hr\/#website"},"primaryImageOfPage":{"@id":"https:\/\/pavidecor.si\/hr\/proizvod\/dekorativni-stol-atena-37x25x48cm\/#primaryimage"},"image":{"@id":"https:\/\/pavidecor.si\/hr\/proizvod\/dekorativni-stol-atena-37x25x48cm\/#primaryimage"},"thumbnailUrl":"https:\/\/pavidecor.si\/wp-content\/uploads\/2022\/03\/Mizica-Atena-No.1335-1-scaled.jpg","datePublished":"2022-03-30T09:49:18+00:00","dateModified":"2026-04-21T11:32:37+00:00","description":"Klupski stol i stolica u jednom. Ru\u010dno izra\u0111eni dekorativni stol Atena mo\u017ee se koristiti kao klupski stol ili kao stolica za sjedenje. Jedinstven.","breadcrumb":{"@id":"https:\/\/pavidecor.si\/hr\/proizvod\/dekorativni-stol-atena-37x25x48cm\/#breadcrumb"},"inLanguage":"hr","potentialAction":[{"@type":"ReadAction","target":["https:\/\/pavidecor.si\/hr\/proizvod\/dekorativni-stol-atena-37x25x48cm\/"]}]},{"@type":"ImageObject","inLanguage":"hr","@id":"https:\/\/pavidecor.si\/hr\/proizvod\/dekorativni-stol-atena-37x25x48cm\/#primaryimage","url":"https:\/\/pavidecor.si\/wp-content\/uploads\/2022\/03\/Mizica-Atena-No.1335-1-scaled.jpg","contentUrl":"https:\/\/pavidecor.si\/wp-content\/uploads\/2022\/03\/Mizica-Atena-No.1335-1-scaled.jpg","width":2560,"height":2560,"caption":"PAVI DECOR"},{"@type":"BreadcrumbList","@id":"https:\/\/pavidecor.si\/hr\/proizvod\/dekorativni-stol-atena-37x25x48cm\/#breadcrumb","itemListElement":[{"@type":"ListItem","position":1,"name":"Domov","item":"https:\/\/pavidecor.si\/hr\/"},{"@type":"ListItem","position":2,"name":"Internetska trgovina","item":"https:\/\/pavidecor.si\/hr\/internetska-trgovina\/"},{"@type":"ListItem","position":3,"name":"Dekorativni stol Atena 37x25x48cm"}]},{"@type":"WebSite","@id":"https:\/\/pavidecor.si\/hr\/#website","url":"https:\/\/pavidecor.si\/hr\/","name":"Pavi Decor","description":"Leseni unikati ustvarjeni iz ljubezni do lesa in narave.","potentialAction":[{"@type":"SearchAction","target":{"@type":"EntryPoint","urlTemplate":"https:\/\/pavidecor.si\/hr\/?s={search_term_string}"},"query-input":{"@type":"PropertyValueSpecification","valueRequired":true,"valueName":"search_term_string"}}],"inLanguage":"hr"}]}},"_links":{"self":[{"href":"https:\/\/pavidecor.si\/hr\/wp-json\/wp\/v2\/product\/16512","targetHints":{"allow":["GET"]}}],"collection":[{"href":"https:\/\/pavidecor.si\/hr\/wp-json\/wp\/v2\/product"}],"about":[{"href":"https:\/\/pavidecor.si\/hr\/wp-json\/wp\/v2\/types\/product"}],"replies":[{"embeddable":true,"href":"https:\/\/pavidecor.si\/hr\/wp-json\/wp\/v2\/comments?post=16512"}],"wp:featuredmedia":[{"embeddable":true,"href":"https:\/\/pavidecor.si\/hr\/wp-json\/wp\/v2\/media\/16516"}],"wp:attachment":[{"href":"https:\/\/pavidecor.si\/hr\/wp-json\/wp\/v2\/media?parent=16512"}],"wp:term":[{"taxonomy":"product_brand","embeddable":true,"href":"https:\/\/pavidecor.si\/hr\/wp-json\/wp\/v2\/product_brand?post=16512"},{"taxonomy":"product_cat","embeddable":true,"href":"https:\/\/pavidecor.si\/hr\/wp-json\/wp\/v2\/product_cat?post=16512"},{"taxonomy":"product_tag","embeddable":true,"href":"https:\/\/pavidecor.si\/hr\/wp-json\/wp\/v2\/product_tag?post=16512"}],"curies":[{"name":"wp","href":"https:\/\/api.w.org\/{rel}","templated":true}]}}