	{"id":16504,"date":"2022-03-30T10:29:46","date_gmt":"2022-03-30T10:29:46","guid":{"rendered":"https:\/\/pavidecor.si\/product\/klupski-stol-roma-o60x68cm\/"},"modified":"2026-04-28T15:06:52","modified_gmt":"2026-04-28T15:06:52","slug":"klupski-stol-roma-o60x68cm","status":"publish","type":"product","link":"https:\/\/pavidecor.si\/hr\/proizvod\/klupski-stol-roma-o60x68cm\/","title":{"rendered":"Klupski stol Roma \u00f860x68cm"},"content":{"rendered":"<p><span class=\"prvimanjsinaslovopis\">Klupski stol Roma &#8211; Unikatna ljepota prirode<\/span><\/p>\n<p>&nbsp;<\/p>\n<h2><span class=\"odebeljenopis\"><strong> Otkrijte \u010daroliju prirode s na\u0161im klupskim stolom Roma, koji je ru\u010dno izra\u0111en iz jednog komada naplavljenog debla. Ovaj jedinstveni komad namje\u0161taja ne samo da je funkcionalan, ve\u0107 i estetski privla\u010dan, donose\u0107i toplinu i autenti\u010dnost u svaki prostor. U\u017eivajte u prirodnim detaljima i kvaliteti koju pru\u017ea PAVI DECOR iz Ljubljane.<\/strong><\/span><\/h2>\n<p>&nbsp;<\/p>\n<div class=\"row\">\n<div class=\"col-sm-6 \" style=\"margin-top: 30px;\"><center><img decoding=\"async\" class=\"lazyload img-responsive\" style=\"margin: 0px auto; max-width: 100%;\" src=\"data:image\/svg+xml,%3Csvg%20xmlns%3D%27http%3A%2F%2Fwww.w3.org%2F2000%2Fsvg%27%20width%3D%272556%27%20height%3D%272560%27%20viewBox%3D%270%200%202556%202560%27%3E%3Crect%20width%3D%272556%27%20height%3D%272560%27%20fill-opacity%3D%220%22%2F%3E%3C%2Fsvg%3E\" data-orig-src=\"https:\/\/pavidecor.si\/wp-content\/uploads\/2022\/03\/Klubska-mizica-Roma-naplavina-No.0098-1-scaled.jpg\" \/><\/center><\/div>\n<div class=\"col-sm-6\" style=\"margin-top: 40px;\">\n<p>&nbsp;<\/p>\n<h3>Jedinstvena ru\u010dna izrada<\/h3>\n<p>Klupski stol Roma je rezultat strasti i ljubavi prema drvetu i prirodi. Svaki komad je ru\u010dno izra\u0111en, a posebnost na\u0161ih proizvoda le\u017ei u <b>ru\u010dnoj izradi<\/b> i pa\u017enji prema detaljima. Na\u0161i majstori koriste tradicionalne tehnike spajanja drvenih dijelova, \u0161to rezultira autenti\u010dnim izgledom koji \u0107e obogatiti svaki interijer. Ovaj stoli\u0107 nije samo komad namje\u0161taja, ve\u0107 i umjetni\u010dko djelo koje pri\u010da pri\u010du o prirodi i njenoj ljepoti.<\/p>\n<p>&nbsp;<\/p>\n<p>Stoli\u0107 Roma je savr\u0161en za sve koji cijene jedinstvene i prirodne proizvode. Njegova povr\u0161ina, oblikovana prirodnim procesima, donosi posebnu energiju u prostor. S obzirom na to da je izra\u0111en od naplavljenog drva, svaki stoli\u0107 je jedinstven i neponovljiv, s vidljivim godovima i pukotinama koje dodaju karakter. Ovaj klubski stoli\u0107 mo\u017ee se koristiti u razli\u010ditim prostorima, od dnevnog boravka do terase, \u010dine\u0107i ga svestranim komadom namje\u0161taja.<\/p>\n<p>&nbsp;<\/p>\n<\/div>\n<\/div>\n<div class=\"row\">\n<div class=\"col-sm-6 col-sm-push-6\" style=\"margin-top: 30px;\"><center><img decoding=\"async\" class=\"lazyload img-responsive\" style=\"margin: 0px auto; max-width: 100%;\" src=\"data:image\/svg+xml,%3Csvg%20xmlns%3D%27http%3A%2F%2Fwww.w3.org%2F2000%2Fsvg%27%20width%3D%272560%27%20height%3D%272560%27%20viewBox%3D%270%200%202560%202560%27%3E%3Crect%20width%3D%272560%27%20height%3D%272560%27%20fill-opacity%3D%220%22%2F%3E%3C%2Fsvg%3E\" data-orig-src=\" https:\/\/pavidecor.si\/wp-content\/uploads\/2022\/03\/Klubska-mizica-Roma-naplavina-No.0098-2-2-scaled.jpg\" \/><\/center><\/div>\n<div class=\"col-sm-6 col-sm-pull-6\" style=\"margin-top: 40px;\">\n<p>&nbsp;<\/p>\n<h3>Funkcionalnost i estetika<\/h3>\n<p>Klupski stol Roma nije samo lijep, ve\u0107 i izuzetno funkcionalan. Tri \u010dvrste metalne noge osiguravaju stabilnost na svim podlogama, \u010dak i na neravnim povr\u0161inama. Ova karakteristika \u010dini ga idealnim za kori\u0161tenje u razli\u010ditim okru\u017eenjima, bilo da se radi o dnevnoj sobi, kuhinji, spava\u0107oj sobi ili \u010dak na otvorenom. Njegova masivna gornja plo\u010da pru\u017ea dovoljno prostora za odlaganje pi\u0107a, knjiga ili dekorativnih predmeta, dodaju\u0107i toplinu svakom prostoru.<\/p>\n<p>&nbsp;<\/p>\n<p>Osim \u0161to je prakti\u010dan, ovaj klubski stoli\u0107 donosi i dodatni dekorativni \u0161arm. Njegova prirodna tekstura i boje savr\u0161eno se uklapaju u razli\u010dite stilove ure\u0111enja, od rustikalnog do modernog. U PAVI DECOR-u vjerujemo da svaki komad namje\u0161taja treba biti ne samo funkcionalan, ve\u0107 i estetski privla\u010dan, a stoli\u0107 Roma to savr\u0161eno oslikava.<\/p>\n<p>&nbsp;<\/p>\n<\/div>\n<\/div>\n<div class=\"row\">\n<div class=\"col-sm-6\" style=\"margin-top: 30px;\"><center><img decoding=\"async\" class=\"lazyload img-responsive\" style=\"margin: 0px auto; max-width: 100%;\" src=\"data:image\/svg+xml,%3Csvg%20xmlns%3D%27http%3A%2F%2Fwww.w3.org%2F2000%2Fsvg%27%20width%3D%272560%27%20height%3D%272560%27%20viewBox%3D%270%200%202560%202560%27%3E%3Crect%20width%3D%272560%27%20height%3D%272560%27%20fill-opacity%3D%220%22%2F%3E%3C%2Fsvg%3E\" data-orig-src=\" https:\/\/pavidecor.si\/wp-content\/uploads\/2022\/03\/Klubska-mizica-Roma-naplavina-No.0098-3-2-scaled.jpg\" \/><\/center><\/div>\n<div class=\"col-sm-6\" style=\"margin-top: 40px;\">\n<p>&nbsp;<\/p>\n<h3>Specifikacije i primjena<\/h3>\n<p>Klupski stol Roma izra\u0111en je od jednog komada naplavljenog debla, \u0161to mu daje jedinstven izgled. Ovaj stoli\u0107 je idealan za dnevne sobe, ali se mo\u017ee koristiti i kao no\u0107ni ormari\u0107 u spava\u0107oj sobi. Tako\u0111er, savr\u0161eno se uklapa u klupske sobe, urede, terase ili balkone, a mo\u017ee se koristiti i u vrtu. Njegova svestranost \u010dini ga savr\u0161enim dodatkom za svaki dom.<\/p>\n<p>&nbsp;<\/p>\n<p>U na\u0161oj trgovini PAVI DECOR iz Ljubljane, ponosni smo na na\u0161u sposobnost da stvaramo unikatne proizvode koji su rezultat na\u0161eg znanja i kreativnosti. Svi na\u0161i proizvodi su izra\u0111eni u Sloveniji, a posebnost na\u0161ih drvenih proizvoda le\u017ei u ru\u010dnoj izradi i tradicionalnim tehnikama. Klupski stol Roma je savr\u0161en primjer na\u0161e predanosti kvaliteti i ljubavi prema prirodi. Mo\u017eete ga vidjeti u na\u0161em <a href=\"https:\/\/pavidecor.si\/hr\/projects\/bar-na-plazi\/\"><strong><span style=\"color: #3366ff;\">baru na pla\u017ei<\/span><\/strong><\/a>.<\/p>\n<\/div>\n<\/div>\n<p>&nbsp;<\/p>\n","protected":false},"excerpt":{"rendered":"<p><strong><span style=\"color: #c4963c;\">\u2192 Rukotvorine<br \/>\n<\/span><span style=\"color: #c4963c;\">\u2192 Jedinstven<\/span><\/strong><br \/>\n<strong><span style=\"color: #c4963c;\">\u2192 Aluvijalno<\/span><br \/>\n<\/strong><\/p>\n","protected":false},"featured_media":16505,"comment_status":"open","ping_status":"closed","template":"","meta":[],"product_brand":[],"product_cat":[224],"product_tag":[219,218],"class_list":{"0":"post-16504","1":"product","2":"type-product","3":"status-publish","4":"has-post-thumbnail","6":"product_cat-klupski-stolovi","7":"product_tag-bar-na-plazi","8":"product_tag-nov","10":"first","11":"instock","12":"sold-individually","13":"taxable","14":"shipping-taxable","15":"purchasable","16":"product-type-simple"},"yoast_head":"<!-- This site is optimized with the Yoast SEO plugin v27.2 - https:\/\/yoast.com\/product\/yoast-seo-wordpress\/ -->\n<title>Klupski stol Roma - Unikatna ljepota od naplavljenog drva<\/title>\n<meta name=\"description\" content=\"Prakti\u010dni klupski stol Roma ru\u010dno je izra\u0111en od jednog komada naplavljenog debla. Ovaj komad drveta prirodno su tretirali more i sunce. Jedinstven.\" \/>\n<meta name=\"robots\" content=\"index, follow, max-snippet:-1, max-image-preview:large, max-video-preview:-1\" \/>\n<link rel=\"canonical\" href=\"https:\/\/pavidecor.si\/hr\/proizvod\/klupski-stol-roma-o60x68cm\/\" \/>\n<meta property=\"og:locale\" content=\"hr_HR\" \/>\n<meta property=\"og:type\" content=\"article\" \/>\n<meta property=\"og:title\" content=\"Klupski stol Roma - Unikatna ljepota od naplavljenog drva\" \/>\n<meta property=\"og:description\" content=\"Prakti\u010dni klupski stol Roma ru\u010dno je izra\u0111en od jednog komada naplavljenog debla. Ovaj komad drveta prirodno su tretirali more i sunce. Jedinstven.\" \/>\n<meta property=\"og:url\" content=\"https:\/\/pavidecor.si\/hr\/proizvod\/klupski-stol-roma-o60x68cm\/\" \/>\n<meta property=\"og:site_name\" content=\"Pavi Decor\" \/>\n<meta property=\"article:modified_time\" content=\"2026-04-28T15:06:52+00:00\" \/>\n<meta property=\"og:image\" content=\"https:\/\/pavidecor.si\/wp-content\/uploads\/2022\/03\/Klubska-mizica-Roma-naplavina-No.0098-1-scaled.jpg\" \/>\n\t<meta property=\"og:image:width\" content=\"2556\" \/>\n\t<meta property=\"og:image:height\" content=\"2560\" \/>\n\t<meta property=\"og:image:type\" content=\"image\/jpeg\" \/>\n<meta name=\"twitter:card\" content=\"summary_large_image\" \/>\n<meta name=\"twitter:label1\" content=\"Procijenjeno vrijeme \u010ditanja\" \/>\n\t<meta name=\"twitter:data1\" content=\"4 minute\" \/>\n<script type=\"application\/ld+json\" class=\"yoast-schema-graph\">{\"@context\":\"https:\/\/schema.org\",\"@graph\":[{\"@type\":\"WebPage\",\"@id\":\"https:\/\/pavidecor.si\/hr\/proizvod\/klupski-stol-roma-o60x68cm\/\",\"url\":\"https:\/\/pavidecor.si\/hr\/proizvod\/klupski-stol-roma-o60x68cm\/\",\"name\":\"Klupski stol Roma - Unikatna ljepota od naplavljenog drva\",\"isPartOf\":{\"@id\":\"https:\/\/pavidecor.si\/hr\/#website\"},\"primaryImageOfPage\":{\"@id\":\"https:\/\/pavidecor.si\/hr\/proizvod\/klupski-stol-roma-o60x68cm\/#primaryimage\"},\"image\":{\"@id\":\"https:\/\/pavidecor.si\/hr\/proizvod\/klupski-stol-roma-o60x68cm\/#primaryimage\"},\"thumbnailUrl\":\"https:\/\/pavidecor.si\/wp-content\/uploads\/2022\/03\/Klubska-mizica-Roma-naplavina-No.0098-1-scaled.jpg\",\"datePublished\":\"2022-03-30T10:29:46+00:00\",\"dateModified\":\"2026-04-28T15:06:52+00:00\",\"description\":\"Prakti\u010dni klupski stol Roma ru\u010dno je izra\u0111en od jednog komada naplavljenog debla. Ovaj komad drveta prirodno su tretirali more i sunce. Jedinstven.\",\"breadcrumb\":{\"@id\":\"https:\/\/pavidecor.si\/hr\/proizvod\/klupski-stol-roma-o60x68cm\/#breadcrumb\"},\"inLanguage\":\"hr\",\"potentialAction\":[{\"@type\":\"ReadAction\",\"target\":[\"https:\/\/pavidecor.si\/hr\/proizvod\/klupski-stol-roma-o60x68cm\/\"]}]},{\"@type\":\"ImageObject\",\"inLanguage\":\"hr\",\"@id\":\"https:\/\/pavidecor.si\/hr\/proizvod\/klupski-stol-roma-o60x68cm\/#primaryimage\",\"url\":\"https:\/\/pavidecor.si\/wp-content\/uploads\/2022\/03\/Klubska-mizica-Roma-naplavina-No.0098-1-scaled.jpg\",\"contentUrl\":\"https:\/\/pavidecor.si\/wp-content\/uploads\/2022\/03\/Klubska-mizica-Roma-naplavina-No.0098-1-scaled.jpg\",\"width\":2556,\"height\":2560,\"caption\":\"PAVI DECOR\"},{\"@type\":\"BreadcrumbList\",\"@id\":\"https:\/\/pavidecor.si\/hr\/proizvod\/klupski-stol-roma-o60x68cm\/#breadcrumb\",\"itemListElement\":[{\"@type\":\"ListItem\",\"position\":1,\"name\":\"Domov\",\"item\":\"https:\/\/pavidecor.si\/hr\/\"},{\"@type\":\"ListItem\",\"position\":2,\"name\":\"Internetska trgovina\",\"item\":\"https:\/\/pavidecor.si\/hr\/internetska-trgovina\/\"},{\"@type\":\"ListItem\",\"position\":3,\"name\":\"Klupski stol Roma \u00f860x68cm\"}]},{\"@type\":\"WebSite\",\"@id\":\"https:\/\/pavidecor.si\/hr\/#website\",\"url\":\"https:\/\/pavidecor.si\/hr\/\",\"name\":\"Pavi Decor\",\"description\":\"Leseni unikati ustvarjeni iz ljubezni do lesa in narave.\",\"potentialAction\":[{\"@type\":\"SearchAction\",\"target\":{\"@type\":\"EntryPoint\",\"urlTemplate\":\"https:\/\/pavidecor.si\/hr\/?s={search_term_string}\"},\"query-input\":{\"@type\":\"PropertyValueSpecification\",\"valueRequired\":true,\"valueName\":\"search_term_string\"}}],\"inLanguage\":\"hr\"}]}<\/script>\n<!-- \/ Yoast SEO plugin. -->","yoast_head_json":{"title":"Klupski stol Roma - Unikatna ljepota od naplavljenog drva","description":"Prakti\u010dni klupski stol Roma ru\u010dno je izra\u0111en od jednog komada naplavljenog debla. Ovaj komad drveta prirodno su tretirali more i sunce. Jedinstven.","robots":{"index":"index","follow":"follow","max-snippet":"max-snippet:-1","max-image-preview":"max-image-preview:large","max-video-preview":"max-video-preview:-1"},"canonical":"https:\/\/pavidecor.si\/hr\/proizvod\/klupski-stol-roma-o60x68cm\/","og_locale":"hr_HR","og_type":"article","og_title":"Klupski stol Roma - Unikatna ljepota od naplavljenog drva","og_description":"Prakti\u010dni klupski stol Roma ru\u010dno je izra\u0111en od jednog komada naplavljenog debla. Ovaj komad drveta prirodno su tretirali more i sunce. Jedinstven.","og_url":"https:\/\/pavidecor.si\/hr\/proizvod\/klupski-stol-roma-o60x68cm\/","og_site_name":"Pavi Decor","article_modified_time":"2026-04-28T15:06:52+00:00","og_image":[{"width":2556,"height":2560,"url":"https:\/\/pavidecor.si\/wp-content\/uploads\/2022\/03\/Klubska-mizica-Roma-naplavina-No.0098-1-scaled.jpg","type":"image\/jpeg"}],"twitter_card":"summary_large_image","twitter_misc":{"Procijenjeno vrijeme \u010ditanja":"4 minute"},"schema":{"@context":"https:\/\/schema.org","@graph":[{"@type":"WebPage","@id":"https:\/\/pavidecor.si\/hr\/proizvod\/klupski-stol-roma-o60x68cm\/","url":"https:\/\/pavidecor.si\/hr\/proizvod\/klupski-stol-roma-o60x68cm\/","name":"Klupski stol Roma - Unikatna ljepota od naplavljenog drva","isPartOf":{"@id":"https:\/\/pavidecor.si\/hr\/#website"},"primaryImageOfPage":{"@id":"https:\/\/pavidecor.si\/hr\/proizvod\/klupski-stol-roma-o60x68cm\/#primaryimage"},"image":{"@id":"https:\/\/pavidecor.si\/hr\/proizvod\/klupski-stol-roma-o60x68cm\/#primaryimage"},"thumbnailUrl":"https:\/\/pavidecor.si\/wp-content\/uploads\/2022\/03\/Klubska-mizica-Roma-naplavina-No.0098-1-scaled.jpg","datePublished":"2022-03-30T10:29:46+00:00","dateModified":"2026-04-28T15:06:52+00:00","description":"Prakti\u010dni klupski stol Roma ru\u010dno je izra\u0111en od jednog komada naplavljenog debla. Ovaj komad drveta prirodno su tretirali more i sunce. Jedinstven.","breadcrumb":{"@id":"https:\/\/pavidecor.si\/hr\/proizvod\/klupski-stol-roma-o60x68cm\/#breadcrumb"},"inLanguage":"hr","potentialAction":[{"@type":"ReadAction","target":["https:\/\/pavidecor.si\/hr\/proizvod\/klupski-stol-roma-o60x68cm\/"]}]},{"@type":"ImageObject","inLanguage":"hr","@id":"https:\/\/pavidecor.si\/hr\/proizvod\/klupski-stol-roma-o60x68cm\/#primaryimage","url":"https:\/\/pavidecor.si\/wp-content\/uploads\/2022\/03\/Klubska-mizica-Roma-naplavina-No.0098-1-scaled.jpg","contentUrl":"https:\/\/pavidecor.si\/wp-content\/uploads\/2022\/03\/Klubska-mizica-Roma-naplavina-No.0098-1-scaled.jpg","width":2556,"height":2560,"caption":"PAVI DECOR"},{"@type":"BreadcrumbList","@id":"https:\/\/pavidecor.si\/hr\/proizvod\/klupski-stol-roma-o60x68cm\/#breadcrumb","itemListElement":[{"@type":"ListItem","position":1,"name":"Domov","item":"https:\/\/pavidecor.si\/hr\/"},{"@type":"ListItem","position":2,"name":"Internetska trgovina","item":"https:\/\/pavidecor.si\/hr\/internetska-trgovina\/"},{"@type":"ListItem","position":3,"name":"Klupski stol Roma \u00f860x68cm"}]},{"@type":"WebSite","@id":"https:\/\/pavidecor.si\/hr\/#website","url":"https:\/\/pavidecor.si\/hr\/","name":"Pavi Decor","description":"Leseni unikati ustvarjeni iz ljubezni do lesa in narave.","potentialAction":[{"@type":"SearchAction","target":{"@type":"EntryPoint","urlTemplate":"https:\/\/pavidecor.si\/hr\/?s={search_term_string}"},"query-input":{"@type":"PropertyValueSpecification","valueRequired":true,"valueName":"search_term_string"}}],"inLanguage":"hr"}]}},"_links":{"self":[{"href":"https:\/\/pavidecor.si\/hr\/wp-json\/wp\/v2\/product\/16504","targetHints":{"allow":["GET"]}}],"collection":[{"href":"https:\/\/pavidecor.si\/hr\/wp-json\/wp\/v2\/product"}],"about":[{"href":"https:\/\/pavidecor.si\/hr\/wp-json\/wp\/v2\/types\/product"}],"replies":[{"embeddable":true,"href":"https:\/\/pavidecor.si\/hr\/wp-json\/wp\/v2\/comments?post=16504"}],"wp:featuredmedia":[{"embeddable":true,"href":"https:\/\/pavidecor.si\/hr\/wp-json\/wp\/v2\/media\/16505"}],"wp:attachment":[{"href":"https:\/\/pavidecor.si\/hr\/wp-json\/wp\/v2\/media?parent=16504"}],"wp:term":[{"taxonomy":"product_brand","embeddable":true,"href":"https:\/\/pavidecor.si\/hr\/wp-json\/wp\/v2\/product_brand?post=16504"},{"taxonomy":"product_cat","embeddable":true,"href":"https:\/\/pavidecor.si\/hr\/wp-json\/wp\/v2\/product_cat?post=16504"},{"taxonomy":"product_tag","embeddable":true,"href":"https:\/\/pavidecor.si\/hr\/wp-json\/wp\/v2\/product_tag?post=16504"}],"curies":[{"name":"wp","href":"https:\/\/api.w.org\/{rel}","templated":true}]}}