	{"id":16414,"date":"2022-03-31T09:24:47","date_gmt":"2022-03-31T09:24:47","guid":{"rendered":"https:\/\/pavidecor.si\/product\/novogodisnje-bozicno-drvce-pia-natur-160x71x18cm\/"},"modified":"2026-04-23T03:00:37","modified_gmt":"2026-04-23T03:00:37","slug":"novogodisnja-jela-bozicno-drvce-pia-natur-160x71x18cm","status":"publish","type":"product","link":"https:\/\/pavidecor.si\/hr\/proizvod\/novogodisnja-jela-bozicno-drvce-pia-natur-160x71x18cm\/","title":{"rendered":"Novogodi\u0161nja jela Pia natur 160x71x18cm"},"content":{"rendered":"<p><span class=\"prvimanjsinaslovopis\"> Novogodi\u0161nja jela Pia &#8211; Elegancija prirode u va\u0161em domu<\/span><\/p>\n<p>&nbsp;<\/p>\n<h2><span class=\"odebeljenopis\"><strong><br \/>\nOtkrijte \u010dari blagdanske sezone s na\u0161om jedinstvenom jelom Pia koja spaja prirodne elemente s elegantnim dizajnom. Ova drvena jela savr\u0161en je izbor za sve koji \u017eele o\u010duvati prirodu i istovremeno unijeti da\u0161ak blagdanske atmosfere u svoj dom. Proizveden u Sloveniji, rezultat je ljubavi prema drvu i prirodi koju uzgajamo u trgovini PAVI DECOR.<\/strong><\/span><\/h2>\n<p>&nbsp;<\/p>\n<div class=\"row\">\n<div class=\"col-sm-6 \" style=\"margin-top: 30px;\"><center><img decoding=\"async\" class=\"lazyload img-responsive\" style=\"margin: 0px auto; max-width: 100%;\" src=\"data:image\/svg+xml,%3Csvg%20xmlns%3D%27http%3A%2F%2Fwww.w3.org%2F2000%2Fsvg%27%20width%3D%272560%27%20height%3D%272560%27%20viewBox%3D%270%200%202560%202560%27%3E%3Crect%20width%3D%272560%27%20height%3D%272560%27%20fill-opacity%3D%220%22%2F%3E%3C%2Fsvg%3E\" data-orig-src=\"https:\/\/pavidecor.si\/wp-content\/uploads\/2022\/03\/Novoletna-jelka-Pia-natur-stiri-policke-No.1260-1-scaled.jpg\" \/><\/center><\/div>\n<div class=\"col-sm-6\" style=\"margin-top: 40px;\">\n<p>&nbsp;<\/p>\n<h3>Jedinstvena ru\u010dna izrada<\/h3>\n<p>Na\u0161a novogodi\u0161nja jela Pia rezultat je pa\u017eljive ru\u010dne izrade, oslanjaju\u0107i se na tradicionalne tehnike spajanja drvenih dijelova koje su koristili stari majstori. <b>Svaki komad je jedinstven<\/b> i sa sobom nosi pri\u010du koju je ispri\u010dala priroda. Ovim pristupom osiguravamo da svaka jela nije samo ukras, ve\u0107 i umjetni\u010dko djelo koje unosi toplinu i autenti\u010dnost u va\u0161 dom.<\/p>\n<p>Zbog svog prirodnog dizajna, jela Pia je potpuno bez igala, \u0161to zna\u010di da ne\u0107ete imati problema s otpadanjem iglica ili o\u0161te\u0107enjima koja su \u010desto povezana s prirodnim drve\u0107em. <b>Jednostavno odr\u017eavanje<\/b> i dug vijek trajanja dodatne su prednosti koje ovaj proizvod donosi.<\/p>\n<p>Osim toga, njen dizajn dizajniran je tako da zauzima vrlo malo prostora, \u0161to ga \u010dini idealnim izborom <strong>za manje prostore<\/strong>. Bez obzira \u017eivite li u malom stanu ili prostranoj ku\u0107i, Pia jela \u0107e prona\u0107i svoje mjesto u va\u0161em domu.<\/p>\n<p>&nbsp;<\/p>\n<p>&nbsp;<\/p>\n<\/div>\n<\/div>\n<div class=\"row\">\n<div class=\"col-sm-6 col-sm-push-6\" style=\"margin-top: 30px;\"><center><img decoding=\"async\" class=\"lazyload img-responsive\" style=\"margin: 0px auto; max-width: 100%;\" src=\"data:image\/svg+xml,%3Csvg%20xmlns%3D%27http%3A%2F%2Fwww.w3.org%2F2000%2Fsvg%27%20width%3D%272560%27%20height%3D%272560%27%20viewBox%3D%270%200%202560%202560%27%3E%3Crect%20width%3D%272560%27%20height%3D%272560%27%20fill-opacity%3D%220%22%2F%3E%3C%2Fsvg%3E\" data-orig-src=\"https:\/\/pavidecor.si\/wp-content\/uploads\/2022\/03\/Novoletna-jelka-Pia-natur-stiri-policke-No.1260-4-2-scaled.jpg\" \/><\/center><\/div>\n<div class=\"col-sm-6 col-sm-pull-6\" style=\"margin-top: 40px;\">\n<p>&nbsp;<\/p>\n<h3>Elegancija i fleksibilnost<\/h3>\n<p>Novogodi\u0161nja jela Pia mo\u017ee se pohvaliti rustikalnom prirodnom bojom koja se <strong>savr\u0161eno uklapa<\/strong> u otrcani \u0161ik ambijent. Njen jednostavan, ali elegantan dizajn olak\u0161ava ukra\u0161avanje po va\u0161em ukusu. Imate \u010detiri police za dodavanje omiljenih ukrasa, svije\u0107a ili drugih sve\u010danih dodataka.<\/p>\n<p>Fleksibilnost ove jele jedna je od njezinih najve\u0107ih prednosti. Bilo da \u017eelite minimalisti\u010dki izgled ili bogato ukra\u0161eno drvce, jelu Pia mo\u017eete jednostavno prilagoditi svojim \u017eeljama. Upotrijebite <a href=\"https:\/\/pavidecor.si\/hr\/kategorije\/dekorativni-proizvodi-za-dom\/svijecnjaci\/\"><strong><span style=\"color: #3366ff;\">drvene svije\u0107njake<\/span><\/strong><\/a> iz na\u0161eg programa kako biste dodali jo\u0161 vi\u0161e sve\u010dane atmosfere i topline.<\/p>\n<p>Zbog svog jedinstvenog dizajna i prirodnih materijala, jela Pia postat \u0107e sredi\u0161nji dio va\u0161ih blagdanskih ukrasa i zasigurno \u0107e <strong>privu\u0107i pa\u017enju va\u0161ih gostiju<\/strong>.<\/p>\n<p>&nbsp;<\/p>\n<p>&nbsp;<\/p>\n<\/div>\n<\/div>\n<div class=\"row\">\n<div class=\"col-sm-6\" style=\"margin-top: 30px;\"><center><img decoding=\"async\" class=\"lazyload img-responsive\" style=\"margin: 0px auto; max-width: 100%;\" src=\"data:image\/svg+xml,%3Csvg%20xmlns%3D%27http%3A%2F%2Fwww.w3.org%2F2000%2Fsvg%27%20width%3D%272560%27%20height%3D%272560%27%20viewBox%3D%270%200%202560%202560%27%3E%3Crect%20width%3D%272560%27%20height%3D%272560%27%20fill-opacity%3D%220%22%2F%3E%3C%2Fsvg%3E\" data-orig-src=\"https:\/\/pavidecor.si\/wp-content\/uploads\/2022\/03\/Novoletna-jelka-Pia-natur-stiri-policke-No.1260-3-2-scaled.jpg\" \/><\/center><\/div>\n<div class=\"col-sm-6\" style=\"margin-top: 40px;\">\n<p>&nbsp;<\/p>\n<h3>Odr\u017eivost i ekolo\u0161ka svijest<\/h3>\n<p>Odabirom na\u0161e novogodi\u0161nje jele ne samo da dodajete eleganciju svom domu, ve\u0107 i doprinosite o\u010duvanju na\u0161ih \u0161uma. Ova drvena jela <strong>trajna je alternativa<\/strong> prirodnim bo\u017ei\u0107nim drvcima, \u0161to zna\u010di da \u0107ete kupnjom podr\u017eati odr\u017eivi izbor.<\/p>\n<p>U PAVI DECOR-u smo svjesni va\u017enosti ekolo\u0161ke svijesti i odr\u017eivog dizajna. Na\u0161i proizvodi rezultat su vlastitog znanja i kreativnosti, \u0161to osigurava da su svi proizvodi izra\u0111eni s ljubavlju i <strong>po\u0161tovanjem prema prirodi<\/strong>.<\/p>\n<p>Uz novogodi\u0161nju jelu Pia u\u017eivat \u0107ete u sve\u010danoj atmosferi, a istovremeno \u0107ete doprinijeti o\u010duvanju prirode i smanjenju otpada. Odaberite <strong>odr\u017eivo i elegantno rje\u0161enje<\/strong> za blagdanske dane i u\u017eivajte u \u010daroliji koju donosi ovaj jedinstveni proizvod.<\/p>\n<p>&nbsp;<\/p>\n<p>&nbsp;<\/p>\n<\/div>\n<\/div>\n<blockquote><p>Novogodi\u0161nja jela Pia spaja prirodu s elegancijom, a po \u017eelji mo\u017eete dodati ukrase na njezine \u010detiri police. Potpuno je prirodan i jednostavan za odr\u017eavanje, jer nema igala koje bi otpale, niti fleksibilnih dijelova koji bi se mogli o\u0161tetiti. Na\u0161a jedinstvena drvena jela trajno \u0107e zamijeniti prirodno bo\u017ei\u0107no drvce i tako pomo\u0107i u o\u010duvanju na\u0161ih \u0161uma. Novogodi\u0161nja jela Pia u dubini zauzima vrlo malo prostora, pa je pogodna \u010dak i za male prostorije. U rustikalno bijeloj verziji posebno je pogodan za shabby chic ambijente. Za ukra\u0161avanje i rasvjetu mo\u017eete koristiti drvene svije\u0107njake iz na\u0161eg programa. Nije potrebna monta\u017ea.<\/p><\/blockquote>\n<p>&nbsp;<\/p>\n","protected":false},"excerpt":{"rendered":"<p><strong><span style=\"color: #c4963c;\">\u2192 Ru\u010dni rad<\/span><\/strong><strong><span style=\"color: #c4963c;\"><br \/>\n<\/span><span style=\"color: #c4963c;\">\u2192 Jedinstvena<\/span><\/strong><\/p>\n","protected":false},"featured_media":16415,"comment_status":"open","ping_status":"closed","template":"","meta":[],"product_brand":[],"product_cat":[369],"product_tag":[218],"class_list":{"0":"post-16414","1":"product","2":"type-product","3":"status-publish","4":"has-post-thumbnail","6":"product_cat-novogodisnja-bozicna-drvca","7":"product_tag-nov","9":"first","10":"instock","11":"taxable","12":"shipping-taxable","13":"purchasable","14":"product-type-simple"},"yoast_head":"<!-- This site is optimized with the Yoast SEO plugin v27.2 - https:\/\/yoast.com\/product\/yoast-seo-wordpress\/ -->\n<title>Novogodi\u0161nja jela Pia - Elegancija prirode u va\u0161em domu<\/title>\n<meta name=\"description\" content=\"Novogodi\u0161nja jela Pia spaja prirodu s elegancijom. Potpuno je prirodan i jednostavan za odr\u017eavanje, jer nema igala koje bi otpale. Jedinstven.\" \/>\n<meta name=\"robots\" content=\"index, follow, max-snippet:-1, max-image-preview:large, max-video-preview:-1\" \/>\n<link rel=\"canonical\" href=\"https:\/\/pavidecor.si\/hr\/proizvod\/novogodisnja-jela-bozicno-drvce-pia-natur-160x71x18cm\/\" \/>\n<meta property=\"og:locale\" content=\"hr_HR\" \/>\n<meta property=\"og:type\" content=\"article\" \/>\n<meta property=\"og:title\" content=\"Novogodi\u0161nja jela Pia - Elegancija prirode u va\u0161em domu\" \/>\n<meta property=\"og:description\" content=\"Novogodi\u0161nja jela Pia spaja prirodu s elegancijom. Potpuno je prirodan i jednostavan za odr\u017eavanje, jer nema igala koje bi otpale. Jedinstven.\" \/>\n<meta property=\"og:url\" content=\"https:\/\/pavidecor.si\/hr\/proizvod\/novogodisnja-jela-bozicno-drvce-pia-natur-160x71x18cm\/\" \/>\n<meta property=\"og:site_name\" content=\"Pavi Decor\" \/>\n<meta property=\"article:modified_time\" content=\"2026-04-23T03:00:37+00:00\" \/>\n<meta property=\"og:image\" content=\"https:\/\/pavidecor.si\/wp-content\/uploads\/2022\/03\/Novoletna-jelka-Pia-natur-stiri-policke-No.1260-1-scaled.jpg\" \/>\n\t<meta property=\"og:image:width\" content=\"2560\" \/>\n\t<meta property=\"og:image:height\" content=\"2560\" \/>\n\t<meta property=\"og:image:type\" content=\"image\/jpeg\" \/>\n<meta name=\"twitter:card\" content=\"summary_large_image\" \/>\n<meta name=\"twitter:label1\" content=\"Procijenjeno vrijeme \u010ditanja\" \/>\n\t<meta name=\"twitter:data1\" content=\"4 minute\" \/>\n<script type=\"application\/ld+json\" class=\"yoast-schema-graph\">{\"@context\":\"https:\/\/schema.org\",\"@graph\":[{\"@type\":\"WebPage\",\"@id\":\"https:\/\/pavidecor.si\/hr\/proizvod\/novogodisnja-jela-bozicno-drvce-pia-natur-160x71x18cm\/\",\"url\":\"https:\/\/pavidecor.si\/hr\/proizvod\/novogodisnja-jela-bozicno-drvce-pia-natur-160x71x18cm\/\",\"name\":\"Novogodi\u0161nja jela Pia - Elegancija prirode u va\u0161em domu\",\"isPartOf\":{\"@id\":\"https:\/\/pavidecor.si\/hr\/#website\"},\"primaryImageOfPage\":{\"@id\":\"https:\/\/pavidecor.si\/hr\/proizvod\/novogodisnja-jela-bozicno-drvce-pia-natur-160x71x18cm\/#primaryimage\"},\"image\":{\"@id\":\"https:\/\/pavidecor.si\/hr\/proizvod\/novogodisnja-jela-bozicno-drvce-pia-natur-160x71x18cm\/#primaryimage\"},\"thumbnailUrl\":\"https:\/\/pavidecor.si\/wp-content\/uploads\/2022\/03\/Novoletna-jelka-Pia-natur-stiri-policke-No.1260-1-scaled.jpg\",\"datePublished\":\"2022-03-31T09:24:47+00:00\",\"dateModified\":\"2026-04-23T03:00:37+00:00\",\"description\":\"Novogodi\u0161nja jela Pia spaja prirodu s elegancijom. Potpuno je prirodan i jednostavan za odr\u017eavanje, jer nema igala koje bi otpale. Jedinstven.\",\"breadcrumb\":{\"@id\":\"https:\/\/pavidecor.si\/hr\/proizvod\/novogodisnja-jela-bozicno-drvce-pia-natur-160x71x18cm\/#breadcrumb\"},\"inLanguage\":\"hr\",\"potentialAction\":[{\"@type\":\"ReadAction\",\"target\":[\"https:\/\/pavidecor.si\/hr\/proizvod\/novogodisnja-jela-bozicno-drvce-pia-natur-160x71x18cm\/\"]}]},{\"@type\":\"ImageObject\",\"inLanguage\":\"hr\",\"@id\":\"https:\/\/pavidecor.si\/hr\/proizvod\/novogodisnja-jela-bozicno-drvce-pia-natur-160x71x18cm\/#primaryimage\",\"url\":\"https:\/\/pavidecor.si\/wp-content\/uploads\/2022\/03\/Novoletna-jelka-Pia-natur-stiri-policke-No.1260-1-scaled.jpg\",\"contentUrl\":\"https:\/\/pavidecor.si\/wp-content\/uploads\/2022\/03\/Novoletna-jelka-Pia-natur-stiri-policke-No.1260-1-scaled.jpg\",\"width\":2560,\"height\":2560,\"caption\":\"PAVI DECOR\"},{\"@type\":\"BreadcrumbList\",\"@id\":\"https:\/\/pavidecor.si\/hr\/proizvod\/novogodisnja-jela-bozicno-drvce-pia-natur-160x71x18cm\/#breadcrumb\",\"itemListElement\":[{\"@type\":\"ListItem\",\"position\":1,\"name\":\"Domov\",\"item\":\"https:\/\/pavidecor.si\/hr\/\"},{\"@type\":\"ListItem\",\"position\":2,\"name\":\"Internetska trgovina\",\"item\":\"https:\/\/pavidecor.si\/hr\/internetska-trgovina\/\"},{\"@type\":\"ListItem\",\"position\":3,\"name\":\"Novogodi\u0161nja jela Pia natur 160x71x18cm\"}]},{\"@type\":\"WebSite\",\"@id\":\"https:\/\/pavidecor.si\/hr\/#website\",\"url\":\"https:\/\/pavidecor.si\/hr\/\",\"name\":\"Pavi Decor\",\"description\":\"Leseni unikati ustvarjeni iz ljubezni do lesa in narave.\",\"potentialAction\":[{\"@type\":\"SearchAction\",\"target\":{\"@type\":\"EntryPoint\",\"urlTemplate\":\"https:\/\/pavidecor.si\/hr\/?s={search_term_string}\"},\"query-input\":{\"@type\":\"PropertyValueSpecification\",\"valueRequired\":true,\"valueName\":\"search_term_string\"}}],\"inLanguage\":\"hr\"}]}<\/script>\n<!-- \/ Yoast SEO plugin. -->","yoast_head_json":{"title":"Novogodi\u0161nja jela Pia - Elegancija prirode u va\u0161em domu","description":"Novogodi\u0161nja jela Pia spaja prirodu s elegancijom. Potpuno je prirodan i jednostavan za odr\u017eavanje, jer nema igala koje bi otpale. Jedinstven.","robots":{"index":"index","follow":"follow","max-snippet":"max-snippet:-1","max-image-preview":"max-image-preview:large","max-video-preview":"max-video-preview:-1"},"canonical":"https:\/\/pavidecor.si\/hr\/proizvod\/novogodisnja-jela-bozicno-drvce-pia-natur-160x71x18cm\/","og_locale":"hr_HR","og_type":"article","og_title":"Novogodi\u0161nja jela Pia - Elegancija prirode u va\u0161em domu","og_description":"Novogodi\u0161nja jela Pia spaja prirodu s elegancijom. Potpuno je prirodan i jednostavan za odr\u017eavanje, jer nema igala koje bi otpale. Jedinstven.","og_url":"https:\/\/pavidecor.si\/hr\/proizvod\/novogodisnja-jela-bozicno-drvce-pia-natur-160x71x18cm\/","og_site_name":"Pavi Decor","article_modified_time":"2026-04-23T03:00:37+00:00","og_image":[{"width":2560,"height":2560,"url":"https:\/\/pavidecor.si\/wp-content\/uploads\/2022\/03\/Novoletna-jelka-Pia-natur-stiri-policke-No.1260-1-scaled.jpg","type":"image\/jpeg"}],"twitter_card":"summary_large_image","twitter_misc":{"Procijenjeno vrijeme \u010ditanja":"4 minute"},"schema":{"@context":"https:\/\/schema.org","@graph":[{"@type":"WebPage","@id":"https:\/\/pavidecor.si\/hr\/proizvod\/novogodisnja-jela-bozicno-drvce-pia-natur-160x71x18cm\/","url":"https:\/\/pavidecor.si\/hr\/proizvod\/novogodisnja-jela-bozicno-drvce-pia-natur-160x71x18cm\/","name":"Novogodi\u0161nja jela Pia - Elegancija prirode u va\u0161em domu","isPartOf":{"@id":"https:\/\/pavidecor.si\/hr\/#website"},"primaryImageOfPage":{"@id":"https:\/\/pavidecor.si\/hr\/proizvod\/novogodisnja-jela-bozicno-drvce-pia-natur-160x71x18cm\/#primaryimage"},"image":{"@id":"https:\/\/pavidecor.si\/hr\/proizvod\/novogodisnja-jela-bozicno-drvce-pia-natur-160x71x18cm\/#primaryimage"},"thumbnailUrl":"https:\/\/pavidecor.si\/wp-content\/uploads\/2022\/03\/Novoletna-jelka-Pia-natur-stiri-policke-No.1260-1-scaled.jpg","datePublished":"2022-03-31T09:24:47+00:00","dateModified":"2026-04-23T03:00:37+00:00","description":"Novogodi\u0161nja jela Pia spaja prirodu s elegancijom. Potpuno je prirodan i jednostavan za odr\u017eavanje, jer nema igala koje bi otpale. Jedinstven.","breadcrumb":{"@id":"https:\/\/pavidecor.si\/hr\/proizvod\/novogodisnja-jela-bozicno-drvce-pia-natur-160x71x18cm\/#breadcrumb"},"inLanguage":"hr","potentialAction":[{"@type":"ReadAction","target":["https:\/\/pavidecor.si\/hr\/proizvod\/novogodisnja-jela-bozicno-drvce-pia-natur-160x71x18cm\/"]}]},{"@type":"ImageObject","inLanguage":"hr","@id":"https:\/\/pavidecor.si\/hr\/proizvod\/novogodisnja-jela-bozicno-drvce-pia-natur-160x71x18cm\/#primaryimage","url":"https:\/\/pavidecor.si\/wp-content\/uploads\/2022\/03\/Novoletna-jelka-Pia-natur-stiri-policke-No.1260-1-scaled.jpg","contentUrl":"https:\/\/pavidecor.si\/wp-content\/uploads\/2022\/03\/Novoletna-jelka-Pia-natur-stiri-policke-No.1260-1-scaled.jpg","width":2560,"height":2560,"caption":"PAVI DECOR"},{"@type":"BreadcrumbList","@id":"https:\/\/pavidecor.si\/hr\/proizvod\/novogodisnja-jela-bozicno-drvce-pia-natur-160x71x18cm\/#breadcrumb","itemListElement":[{"@type":"ListItem","position":1,"name":"Domov","item":"https:\/\/pavidecor.si\/hr\/"},{"@type":"ListItem","position":2,"name":"Internetska trgovina","item":"https:\/\/pavidecor.si\/hr\/internetska-trgovina\/"},{"@type":"ListItem","position":3,"name":"Novogodi\u0161nja jela Pia natur 160x71x18cm"}]},{"@type":"WebSite","@id":"https:\/\/pavidecor.si\/hr\/#website","url":"https:\/\/pavidecor.si\/hr\/","name":"Pavi Decor","description":"Leseni unikati ustvarjeni iz ljubezni do lesa in narave.","potentialAction":[{"@type":"SearchAction","target":{"@type":"EntryPoint","urlTemplate":"https:\/\/pavidecor.si\/hr\/?s={search_term_string}"},"query-input":{"@type":"PropertyValueSpecification","valueRequired":true,"valueName":"search_term_string"}}],"inLanguage":"hr"}]}},"_links":{"self":[{"href":"https:\/\/pavidecor.si\/hr\/wp-json\/wp\/v2\/product\/16414","targetHints":{"allow":["GET"]}}],"collection":[{"href":"https:\/\/pavidecor.si\/hr\/wp-json\/wp\/v2\/product"}],"about":[{"href":"https:\/\/pavidecor.si\/hr\/wp-json\/wp\/v2\/types\/product"}],"replies":[{"embeddable":true,"href":"https:\/\/pavidecor.si\/hr\/wp-json\/wp\/v2\/comments?post=16414"}],"wp:featuredmedia":[{"embeddable":true,"href":"https:\/\/pavidecor.si\/hr\/wp-json\/wp\/v2\/media\/16415"}],"wp:attachment":[{"href":"https:\/\/pavidecor.si\/hr\/wp-json\/wp\/v2\/media?parent=16414"}],"wp:term":[{"taxonomy":"product_brand","embeddable":true,"href":"https:\/\/pavidecor.si\/hr\/wp-json\/wp\/v2\/product_brand?post=16414"},{"taxonomy":"product_cat","embeddable":true,"href":"https:\/\/pavidecor.si\/hr\/wp-json\/wp\/v2\/product_cat?post=16414"},{"taxonomy":"product_tag","embeddable":true,"href":"https:\/\/pavidecor.si\/hr\/wp-json\/wp\/v2\/product_tag?post=16414"}],"curies":[{"name":"wp","href":"https:\/\/api.w.org\/{rel}","templated":true}]}}