	{"id":16392,"date":"2022-03-31T08:59:53","date_gmt":"2022-03-31T08:59:53","guid":{"rendered":"https:\/\/pavidecor.si\/product\/ogledalo-aluminijsko-805x505cm\/"},"modified":"2026-04-23T03:00:45","modified_gmt":"2026-04-23T03:00:45","slug":"ogledalo-aluminij-805x505cm","status":"publish","type":"product","link":"https:\/\/pavidecor.si\/hr\/proizvod\/ogledalo-aluminij-805x505cm\/","title":{"rendered":"Ogledalo aluminij 80,5&#215;50,5cm"},"content":{"rendered":"<p><span class=\"prvimanjsinaslovopis\"> Ogledalo aluminij &#8211; Umjetnost u va\u0161em prostoru<\/span><\/p>\n<p>&nbsp;<\/p>\n<h2><span class=\"odebeljenopis\"><strong> U\u017eivajte u bezvremenskoj ljepoti na\u0161eg visokokvalitetnog srebrnog ogledala, koje se savr\u0161eno uklapa u razli\u010dite \u017eivotne koncepte. Ovaj jedinstveni komad ne samo da \u0107e obogatiti va\u0161 prostor, ve\u0107 \u0107e i dodati da\u0161ak elegancije i stila. Izra\u0111en s ljubavlju i pa\u017enjom, ovo ogledalo je pravi izbor za svaki dom.<\/strong><\/span><\/h2>\n<p>&nbsp;<\/p>\n<div class=\"row\">\n<div class=\"col-sm-6 \" style=\"margin-top: 30px;\"><center><img decoding=\"async\" class=\"lazyload img-responsive\" style=\"margin: 0px auto; max-width: 100%;\" src=\"data:image\/svg+xml,%3Csvg%20xmlns%3D%27http%3A%2F%2Fwww.w3.org%2F2000%2Fsvg%27%20width%3D%272560%27%20height%3D%272560%27%20viewBox%3D%270%200%202560%202560%27%3E%3Crect%20width%3D%272560%27%20height%3D%272560%27%20fill-opacity%3D%220%22%2F%3E%3C%2Fsvg%3E\" data-orig-src=\"https:\/\/pavidecor.si\/wp-content\/uploads\/2022\/03\/Ogledalo-aluminij-No.0075-1-scaled.jpg\" \/><\/center><\/div>\n<div class=\"col-sm-6\" style=\"margin-top: 40px;\">\n<p>&nbsp;<\/p>\n<h3>Elegancija i funkcionalnost<\/h3>\n<p>Na\u0161e srebrno ogledalo odlikuje se umetni\u010dki izra\u0111enim okvirom od posebne aluminijske plo\u010devine, koja mu daje dominantan, ali istovremeno suptilan izgled. Bez obzira na to gdje ga postavite, ovo ogledalo \u0107e privu\u0107i pa\u017enju i postati sredi\u0161nji dio va\u0161eg interijera. Njegova veli\u010dina \u010dini ga idealnim za razli\u010dite prostore, uklju\u010duju\u0107i kupatilo, spava\u0107u sobu, dnevni boravak ili hodnik.<\/p>\n<p>&nbsp;<\/p>\n<p>Osim \u0161to je estetski privla\u010dno, ogledalo aluminij je i vrlo prakti\u010dno. Mo\u017eete ga jednostavno montirati na zid u horizontalnom ili vertikalnom polo\u017eaju, \u0161to ga \u010dini izuzetno fleksibilnim rje\u0161enjem za svaki prostor. Njegova <strong>bezvremenska ljepota i visoka umjetni\u010dka vrijednost<\/strong> oboga\u0107uju svaki kutak va\u0161eg doma, stvaraju\u0107i ugodnu i sofisticiranu atmosferu.<\/p>\n<p>&nbsp;<\/p>\n<\/div>\n<\/div>\n<div class=\"row\">\n<div class=\"col-sm-12\">\n<p>&nbsp;<\/p>\n<h3>Ru\u010dno izra\u0111eni detalji<\/h3>\n<p>U PAVI DECOR-u iz Ljubljane, svaki na\u0161 proizvod je rezultat ljubavi prema drvetu i prirodi. Na\u0161i unikatni proizvodi su plod vlastitog znanja i kreativnosti, a posebno se ponosimo ru\u010dnom izradom. Detalji spajanja drvenih dijelova izra\u0111eni su na na\u010din koji su koristili stari majstori, \u0161to na\u0161im proizvodima daje autenti\u010dan izgled.<\/p>\n<p>&nbsp;<\/p>\n<p>Ovo ogledalo aluminij nije samo funkcionalan predmet, ve\u0107 i prava umjetni\u010dka instalacija koja \u0107e <strong>obogatiti va\u0161 prostor<\/strong>. Njegova jedinstvena estetika i kvaliteta izrade \u010dine ga savr\u0161enim dodatkom za svaki dom. Bilo da ga postavite na prekrasnu shabby chic komodu ili iznad moderne staklene blagovaonske stolice, ovo ogledalo \u0107e zasigurno ostaviti sna\u017ean dojam.<\/p>\n<p>&nbsp;<\/p>\n<\/div>\n<\/div>\n<div class=\"row\">\n<div class=\"col-sm-12\">\n<p>&nbsp;<\/p>\n<h3>Specifikacije proizvoda<\/h3>\n<p>Zbog svoje veli\u010dine i elegantnog dizajna, ogledalo je idealno za razne prostore, uklju\u010duju\u0107i i <a href=\"https:\/\/pavidecor.si\/hr\/projects\/morski-ambijent\/\"><strong><span style=\"color: #3366ff;\">morski ambijent<\/span><\/strong><\/a>, kojeg mo\u017eete vidjeti u na\u0161oj trgovini. Njegova povr\u0161ina je otporna na vlagu, \u0161to ga \u010dini idealnim za kori\u0161tenje u vla\u017enim prostorima poput kupaonica. Osim toga, lako se odr\u017eava i \u010disti, \u0161to ga \u010dini prakti\u010dnim izborom za svakodnevnu upotrebu.<\/p>\n<p>&nbsp;<\/p>\n<p>U PAVI DECOR-u vjerujemo u kvalitetu i trajnost na\u0161ih proizvoda. Svaki komad je izra\u0111en s pa\u017enjom i posve\u0107eno\u0161\u0107u, osiguravaju\u0107i da dobijete najbolji mogu\u0107i proizvod. Na\u0161a misija je pru\u017eiti vam proizvode koji ne samo da su funkcionalni, ve\u0107 i estetski privla\u010dni, stvaraju\u0107i prostor koji odra\u017eava va\u0161u osobnost i stil.<\/p>\n<\/div>\n<\/div>\n<p>&nbsp;<\/p>\n","protected":false},"excerpt":{"rendered":"<p><strong><span style=\"color: #c4963c;\">\u2192 Ru\u010dno izra\u0111eno<\/span><\/strong><strong><span style=\"color: #c4963c;\"><br \/>\n<\/span><span style=\"color: #c4963c;\">\u2192 Jedinstveno<\/span><\/strong><br \/>\n<strong><span style=\"color: #c4963c;\">\u2192 Okvir od zakovica<\/span><\/strong><\/p>\n","protected":false},"featured_media":16394,"comment_status":"open","ping_status":"closed","template":"","meta":[],"product_brand":[],"product_cat":[235],"product_tag":[218],"class_list":{"0":"post-16392","1":"product","2":"type-product","3":"status-publish","4":"has-post-thumbnail","6":"product_cat-ogledala-hr","7":"product_tag-nov","9":"first","10":"instock","11":"sold-individually","12":"taxable","13":"shipping-taxable","14":"purchasable","15":"product-type-simple"},"yoast_head":"<!-- This site is optimized with the Yoast SEO plugin v27.2 - https:\/\/yoast.com\/product\/yoast-seo-wordpress\/ -->\n<title>Ogledalo aluminij PAVI DECOR - Umjetnost u va\u0161em prostoru<\/title>\n<meta name=\"description\" content=\"Kvalitetno ogledalo aluminij s vje\u0161to izra\u0111enim okvirom od posebnog ALU lima ima dominantan i istovremeno suptilan u\u010dinak. Jedinstveno.\" \/>\n<meta name=\"robots\" content=\"index, follow, max-snippet:-1, max-image-preview:large, max-video-preview:-1\" \/>\n<link rel=\"canonical\" href=\"https:\/\/pavidecor.si\/hr\/proizvod\/ogledalo-aluminij-805x505cm\/\" \/>\n<meta property=\"og:locale\" content=\"hr_HR\" \/>\n<meta property=\"og:type\" content=\"article\" \/>\n<meta property=\"og:title\" content=\"Ogledalo aluminij PAVI DECOR - Umjetnost u va\u0161em prostoru\" \/>\n<meta property=\"og:description\" content=\"Kvalitetno ogledalo aluminij s vje\u0161to izra\u0111enim okvirom od posebnog ALU lima ima dominantan i istovremeno suptilan u\u010dinak. Jedinstveno.\" \/>\n<meta property=\"og:url\" content=\"https:\/\/pavidecor.si\/hr\/proizvod\/ogledalo-aluminij-805x505cm\/\" \/>\n<meta property=\"og:site_name\" content=\"Pavi Decor\" \/>\n<meta property=\"article:modified_time\" content=\"2026-04-23T03:00:45+00:00\" \/>\n<meta property=\"og:image\" content=\"https:\/\/pavidecor.si\/wp-content\/uploads\/2022\/03\/Ogledalo-aluminij-No.0075-1-scaled.jpg\" \/>\n\t<meta property=\"og:image:width\" content=\"2560\" \/>\n\t<meta property=\"og:image:height\" content=\"2560\" \/>\n\t<meta property=\"og:image:type\" content=\"image\/jpeg\" \/>\n<meta name=\"twitter:card\" content=\"summary_large_image\" \/>\n<meta name=\"twitter:label1\" content=\"Procijenjeno vrijeme \u010ditanja\" \/>\n\t<meta name=\"twitter:data1\" content=\"3 minute\" \/>\n<script type=\"application\/ld+json\" class=\"yoast-schema-graph\">{\"@context\":\"https:\/\/schema.org\",\"@graph\":[{\"@type\":\"WebPage\",\"@id\":\"https:\/\/pavidecor.si\/hr\/proizvod\/ogledalo-aluminij-805x505cm\/\",\"url\":\"https:\/\/pavidecor.si\/hr\/proizvod\/ogledalo-aluminij-805x505cm\/\",\"name\":\"Ogledalo aluminij PAVI DECOR - Umjetnost u va\u0161em prostoru\",\"isPartOf\":{\"@id\":\"https:\/\/pavidecor.si\/hr\/#website\"},\"primaryImageOfPage\":{\"@id\":\"https:\/\/pavidecor.si\/hr\/proizvod\/ogledalo-aluminij-805x505cm\/#primaryimage\"},\"image\":{\"@id\":\"https:\/\/pavidecor.si\/hr\/proizvod\/ogledalo-aluminij-805x505cm\/#primaryimage\"},\"thumbnailUrl\":\"https:\/\/pavidecor.si\/wp-content\/uploads\/2022\/03\/Ogledalo-aluminij-No.0075-1-scaled.jpg\",\"datePublished\":\"2022-03-31T08:59:53+00:00\",\"dateModified\":\"2026-04-23T03:00:45+00:00\",\"description\":\"Kvalitetno ogledalo aluminij s vje\u0161to izra\u0111enim okvirom od posebnog ALU lima ima dominantan i istovremeno suptilan u\u010dinak. Jedinstveno.\",\"breadcrumb\":{\"@id\":\"https:\/\/pavidecor.si\/hr\/proizvod\/ogledalo-aluminij-805x505cm\/#breadcrumb\"},\"inLanguage\":\"hr\",\"potentialAction\":[{\"@type\":\"ReadAction\",\"target\":[\"https:\/\/pavidecor.si\/hr\/proizvod\/ogledalo-aluminij-805x505cm\/\"]}]},{\"@type\":\"ImageObject\",\"inLanguage\":\"hr\",\"@id\":\"https:\/\/pavidecor.si\/hr\/proizvod\/ogledalo-aluminij-805x505cm\/#primaryimage\",\"url\":\"https:\/\/pavidecor.si\/wp-content\/uploads\/2022\/03\/Ogledalo-aluminij-No.0075-1-scaled.jpg\",\"contentUrl\":\"https:\/\/pavidecor.si\/wp-content\/uploads\/2022\/03\/Ogledalo-aluminij-No.0075-1-scaled.jpg\",\"width\":2560,\"height\":2560,\"caption\":\"PAVI DECOR\"},{\"@type\":\"BreadcrumbList\",\"@id\":\"https:\/\/pavidecor.si\/hr\/proizvod\/ogledalo-aluminij-805x505cm\/#breadcrumb\",\"itemListElement\":[{\"@type\":\"ListItem\",\"position\":1,\"name\":\"Domov\",\"item\":\"https:\/\/pavidecor.si\/hr\/\"},{\"@type\":\"ListItem\",\"position\":2,\"name\":\"Internetska trgovina\",\"item\":\"https:\/\/pavidecor.si\/hr\/internetska-trgovina\/\"},{\"@type\":\"ListItem\",\"position\":3,\"name\":\"Ogledalo aluminij 80,5&#215;50,5cm\"}]},{\"@type\":\"WebSite\",\"@id\":\"https:\/\/pavidecor.si\/hr\/#website\",\"url\":\"https:\/\/pavidecor.si\/hr\/\",\"name\":\"Pavi Decor\",\"description\":\"Leseni unikati ustvarjeni iz ljubezni do lesa in narave.\",\"potentialAction\":[{\"@type\":\"SearchAction\",\"target\":{\"@type\":\"EntryPoint\",\"urlTemplate\":\"https:\/\/pavidecor.si\/hr\/?s={search_term_string}\"},\"query-input\":{\"@type\":\"PropertyValueSpecification\",\"valueRequired\":true,\"valueName\":\"search_term_string\"}}],\"inLanguage\":\"hr\"}]}<\/script>\n<!-- \/ Yoast SEO plugin. -->","yoast_head_json":{"title":"Ogledalo aluminij PAVI DECOR - Umjetnost u va\u0161em prostoru","description":"Kvalitetno ogledalo aluminij s vje\u0161to izra\u0111enim okvirom od posebnog ALU lima ima dominantan i istovremeno suptilan u\u010dinak. Jedinstveno.","robots":{"index":"index","follow":"follow","max-snippet":"max-snippet:-1","max-image-preview":"max-image-preview:large","max-video-preview":"max-video-preview:-1"},"canonical":"https:\/\/pavidecor.si\/hr\/proizvod\/ogledalo-aluminij-805x505cm\/","og_locale":"hr_HR","og_type":"article","og_title":"Ogledalo aluminij PAVI DECOR - Umjetnost u va\u0161em prostoru","og_description":"Kvalitetno ogledalo aluminij s vje\u0161to izra\u0111enim okvirom od posebnog ALU lima ima dominantan i istovremeno suptilan u\u010dinak. Jedinstveno.","og_url":"https:\/\/pavidecor.si\/hr\/proizvod\/ogledalo-aluminij-805x505cm\/","og_site_name":"Pavi Decor","article_modified_time":"2026-04-23T03:00:45+00:00","og_image":[{"width":2560,"height":2560,"url":"https:\/\/pavidecor.si\/wp-content\/uploads\/2022\/03\/Ogledalo-aluminij-No.0075-1-scaled.jpg","type":"image\/jpeg"}],"twitter_card":"summary_large_image","twitter_misc":{"Procijenjeno vrijeme \u010ditanja":"3 minute"},"schema":{"@context":"https:\/\/schema.org","@graph":[{"@type":"WebPage","@id":"https:\/\/pavidecor.si\/hr\/proizvod\/ogledalo-aluminij-805x505cm\/","url":"https:\/\/pavidecor.si\/hr\/proizvod\/ogledalo-aluminij-805x505cm\/","name":"Ogledalo aluminij PAVI DECOR - Umjetnost u va\u0161em prostoru","isPartOf":{"@id":"https:\/\/pavidecor.si\/hr\/#website"},"primaryImageOfPage":{"@id":"https:\/\/pavidecor.si\/hr\/proizvod\/ogledalo-aluminij-805x505cm\/#primaryimage"},"image":{"@id":"https:\/\/pavidecor.si\/hr\/proizvod\/ogledalo-aluminij-805x505cm\/#primaryimage"},"thumbnailUrl":"https:\/\/pavidecor.si\/wp-content\/uploads\/2022\/03\/Ogledalo-aluminij-No.0075-1-scaled.jpg","datePublished":"2022-03-31T08:59:53+00:00","dateModified":"2026-04-23T03:00:45+00:00","description":"Kvalitetno ogledalo aluminij s vje\u0161to izra\u0111enim okvirom od posebnog ALU lima ima dominantan i istovremeno suptilan u\u010dinak. Jedinstveno.","breadcrumb":{"@id":"https:\/\/pavidecor.si\/hr\/proizvod\/ogledalo-aluminij-805x505cm\/#breadcrumb"},"inLanguage":"hr","potentialAction":[{"@type":"ReadAction","target":["https:\/\/pavidecor.si\/hr\/proizvod\/ogledalo-aluminij-805x505cm\/"]}]},{"@type":"ImageObject","inLanguage":"hr","@id":"https:\/\/pavidecor.si\/hr\/proizvod\/ogledalo-aluminij-805x505cm\/#primaryimage","url":"https:\/\/pavidecor.si\/wp-content\/uploads\/2022\/03\/Ogledalo-aluminij-No.0075-1-scaled.jpg","contentUrl":"https:\/\/pavidecor.si\/wp-content\/uploads\/2022\/03\/Ogledalo-aluminij-No.0075-1-scaled.jpg","width":2560,"height":2560,"caption":"PAVI DECOR"},{"@type":"BreadcrumbList","@id":"https:\/\/pavidecor.si\/hr\/proizvod\/ogledalo-aluminij-805x505cm\/#breadcrumb","itemListElement":[{"@type":"ListItem","position":1,"name":"Domov","item":"https:\/\/pavidecor.si\/hr\/"},{"@type":"ListItem","position":2,"name":"Internetska trgovina","item":"https:\/\/pavidecor.si\/hr\/internetska-trgovina\/"},{"@type":"ListItem","position":3,"name":"Ogledalo aluminij 80,5&#215;50,5cm"}]},{"@type":"WebSite","@id":"https:\/\/pavidecor.si\/hr\/#website","url":"https:\/\/pavidecor.si\/hr\/","name":"Pavi Decor","description":"Leseni unikati ustvarjeni iz ljubezni do lesa in narave.","potentialAction":[{"@type":"SearchAction","target":{"@type":"EntryPoint","urlTemplate":"https:\/\/pavidecor.si\/hr\/?s={search_term_string}"},"query-input":{"@type":"PropertyValueSpecification","valueRequired":true,"valueName":"search_term_string"}}],"inLanguage":"hr"}]}},"_links":{"self":[{"href":"https:\/\/pavidecor.si\/hr\/wp-json\/wp\/v2\/product\/16392","targetHints":{"allow":["GET"]}}],"collection":[{"href":"https:\/\/pavidecor.si\/hr\/wp-json\/wp\/v2\/product"}],"about":[{"href":"https:\/\/pavidecor.si\/hr\/wp-json\/wp\/v2\/types\/product"}],"replies":[{"embeddable":true,"href":"https:\/\/pavidecor.si\/hr\/wp-json\/wp\/v2\/comments?post=16392"}],"wp:featuredmedia":[{"embeddable":true,"href":"https:\/\/pavidecor.si\/hr\/wp-json\/wp\/v2\/media\/16394"}],"wp:attachment":[{"href":"https:\/\/pavidecor.si\/hr\/wp-json\/wp\/v2\/media?parent=16392"}],"wp:term":[{"taxonomy":"product_brand","embeddable":true,"href":"https:\/\/pavidecor.si\/hr\/wp-json\/wp\/v2\/product_brand?post=16392"},{"taxonomy":"product_cat","embeddable":true,"href":"https:\/\/pavidecor.si\/hr\/wp-json\/wp\/v2\/product_cat?post=16392"},{"taxonomy":"product_tag","embeddable":true,"href":"https:\/\/pavidecor.si\/hr\/wp-json\/wp\/v2\/product_tag?post=16392"}],"curies":[{"name":"wp","href":"https:\/\/api.w.org\/{rel}","templated":true}]}}