	{"id":16279,"date":"2022-04-07T08:09:06","date_gmt":"2022-04-07T08:09:06","guid":{"rendered":"https:\/\/pavidecor.si\/product\/drvena-ograda-klan-tvrdo-drvo-prirodno-150x100cm-letvice-2x5cm\/"},"modified":"2026-04-21T22:02:14","modified_gmt":"2026-04-21T22:02:14","slug":"drvena-ograda-cijepljeno-tvrdo-drvo-natur-150x100cm-letvice-2x5cm","status":"publish","type":"product","link":"https:\/\/pavidecor.si\/hr\/proizvod\/drvena-ograda-cijepljeno-tvrdo-drvo-natur-150x100cm-letvice-2x5cm\/","title":{"rendered":"Drvena ograda cijepljeno tvrdo drvo natur 150x100cm letvice 2x5cm"},"content":{"rendered":"<p><span class=\"prvimanjsinaslovopis\">Drvena ograda za dekorativnu pregradu &#8211; Unikatna elegancija za va\u0161 prostor<\/span><\/p>\n<p>&nbsp;<\/p>\n<h2><span class=\"odebeljenopis\"><strong><br \/>\nOtkrijte \u010daroliju prirode s na\u0161om drve<b>nom ogradom za dekorativnu pregradu<\/b>. Ova unikatna ograda savr\u0161ena je za ogradnju vrta, terase, ugostiteljskog lokala ili \u010dak pla\u017ee. Ru\u010dno izra\u0111ena u Sloveniji, svaki komad nosi pe\u010dat ljubavi prema drvetu i prirodi, \u010dine\u0107i va\u0161 prostor posebnim i autenti\u010dnim.<\/strong><\/span><\/h2>\n<p>&nbsp;<\/p>\n<div class=\"row\">\n<div class=\"col-sm-6 \" style=\"margin-top: 30px;\"><center><img decoding=\"async\" class=\"lazyload img-responsive\" style=\"margin: 0px auto; max-width: 100%;\" src=\"data:image\/svg+xml,%3Csvg%20xmlns%3D%27http%3A%2F%2Fwww.w3.org%2F2000%2Fsvg%27%20width%3D%272560%27%20height%3D%272560%27%20viewBox%3D%270%200%202560%202560%27%3E%3Crect%20width%3D%272560%27%20height%3D%272560%27%20fill-opacity%3D%220%22%2F%3E%3C%2Fsvg%3E\" data-orig-src=\"https:\/\/pavidecor.si\/wp-content\/uploads\/2022\/04\/Ograja-trd-les-1-scaled.jpg\" \/><\/center><\/div>\n<div class=\"col-sm-6\" style=\"margin-top: 40px;\">\n<p>&nbsp;<\/p>\n<h3>Jedinstvena ru\u010dna izrada<\/h3>\n<p>Na\u0161a drvena ograda izra\u0111ena je od <b>cijepljenog tvrdog drva listavaca<\/b>, \u0161to je \u010dini izuzetno izdr\u017eljivom i otpornom na vremenske uvjete. Svaki komad je jedinstven, a karakteristike tvrdog drva, poput ve\u0107e koli\u010dine \u010dreslovina (tanina), doprinose njenoj dugotrajnosti. S vremenom, drvo mo\u017ee po\u010deti ispu\u0161tati crnu boju \u010dreslovina, \u0161to dodatno nagla\u0161ava <b>shabby chic stil<\/b>. Ova ograda nije samo funkcionalna, ve\u0107 i estetski privla\u010dna, dodaju\u0107i da\u0161ak prirodne ljepote svakom prostoru.<\/p>\n<p>&nbsp;<\/p>\n<p>Na\u0161a trgovina, PAVI DECOR iz Ljubljane, ponosna je na svoje proizvode koji su rezultat vlastitog znanja i kreativnosti. Svi na\u0161i proizvodi izra\u0111eni su s ljubavlju prema drvetu i prirodi, a svaki komad nosi pri\u010du o tradiciji i majstorstvu. Ova ograda je savr\u0161ena za sve koji \u017eele <strong>stvoriti ugodan ambijent<\/strong>, bilo da se radi o privatnom vrtu ili javnom prostoru.<\/p>\n<p>&nbsp;<\/p>\n<\/div>\n<\/div>\n<div class=\"row\">\n<div class=\"col-sm-6 col-sm-push-6\" style=\"margin-top: 30px;\"><center><img decoding=\"async\" class=\"lazyload img-responsive\" style=\"margin: 0px auto; max-width: 100%;\" src=\"data:image\/svg+xml,%3Csvg%20xmlns%3D%27http%3A%2F%2Fwww.w3.org%2F2000%2Fsvg%27%20width%3D%272560%27%20height%3D%272560%27%20viewBox%3D%270%200%202560%202560%27%3E%3Crect%20width%3D%272560%27%20height%3D%272560%27%20fill-opacity%3D%220%22%2F%3E%3C%2Fsvg%3E\" data-orig-src=\" https:\/\/pavidecor.si\/wp-content\/uploads\/2022\/04\/Ograja-trd-les-2-scaled.jpg\" \/><\/center><\/div>\n<div class=\"col-sm-6 col-sm-pull-6\" style=\"margin-top: 40px;\">\n<p>&nbsp;<\/p>\n<h3>Fleksibilnost i jednostavna monta\u017ea<\/h3>\n<p>Jedna od glavnih prednosti na\u0161e drvene ograde je njena modularna konstrukcija. Ova karakteristika <strong>omogu\u0107ava postavljanje ograde u <\/strong><b>poljubnoj du\u017eini<\/b> i prilagodbu individualnim zahtjevima. Bez obzira na to koliko prostora imate, na\u0161a ograda mo\u017ee se lako prilagoditi va\u0161im potrebama. Monta\u017ea je brza i jednostavna, \u0161to zna\u010di da mo\u017eete u\u017eivati u svom novom prostoru u najkra\u0107em mogu\u0107em roku.<\/p>\n<p>&nbsp;<\/p>\n<p>Osim toga, drvena ograda se postavlja na drvene nosive stubi\u0107e, koji su dostupni za kupnju odvojeno. Tako\u0111er, podstavci za stubi\u0107e dolaze u tri varijante: za zabijanje u zemlju, za monta\u017eu u beton i za postavljanje na tlo. Ova fleksibilnost omogu\u0107ava vam da <strong>odaberete najbolju opciju za va\u0161 prostor<\/strong>, \u010dime se dodatno olak\u0161ava instalacija.<\/p>\n<p>&nbsp;<\/p>\n<\/div>\n<\/div>\n<div class=\"row\">\n<div class=\"col-sm-6\" style=\"margin-top: 30px;\"><center><img decoding=\"async\" class=\"lazyload img-responsive\" style=\"margin: 0px auto; max-width: 100%;\" src=\"data:image\/svg+xml,%3Csvg%20xmlns%3D%27http%3A%2F%2Fwww.w3.org%2F2000%2Fsvg%27%20width%3D%272481%27%20height%3D%272481%27%20viewBox%3D%270%200%202481%202481%27%3E%3Crect%20width%3D%272481%27%20height%3D%272481%27%20fill-opacity%3D%220%22%2F%3E%3C%2Fsvg%3E\" data-orig-src=\" https:\/\/pavidecor.si\/wp-content\/uploads\/2022\/04\/Ograja-trd-les-3.jpg\" \/><\/center><\/div>\n<div class=\"col-sm-6\" style=\"margin-top: 40px;\">\n<p>&nbsp;<\/p>\n<h3>Tehni\u010dke specifikacije i odr\u017eavanje<\/h3>\n<p>Drvena ograda za dekorativnu pregradu idealna je za ogradnju vrta, terase, ugostiteljskog lokala, pla\u017ee ili parcele oko kamp prikolice. Izra\u0111ena je od cijepljenog tvrdog drva listavaca, a svaki komad je unikat. Zna\u010dajka tvrdog drva je ve\u0107a koli\u010dina \u010dreslovina (tanina), koja s vremenom, posebno u kontaktu s vlagom, po\u010dinje ispu\u0161tati crnu boju \u010dreslovina. Ovaj proces dodatno nagla\u0161ava shabby chic stil. Ogra\u0111ivanje je <strong>izuzetno izdr\u017eljivo i otporno na vremenske uvjete<\/strong>, a sastoji se od modula koji omogu\u0107uju prilagodbu du\u017eine i individualnim zahtjevima. Monta\u017ea je brza i jednostavna, a ograda se mo\u017ee lako pospremiti.<\/p>\n<p>&nbsp;<\/p>\n<p>Za postavljanje ograde potrebni su drveni nosivi stubi\u0107i, koji se prodaju odvojeno, kao i podstavci za stubi\u0107e u tri varijante: za zabijanje u zemlju, za monta\u017eu u beton i za postavljanje na tlo. Ova prilagodljivost \u010dini na\u0161u drvenu ogradu <strong>savr\u0161enim rje\u0161enjem za svaki prostor<\/strong>.<\/p>\n<p>&nbsp;<\/p>\n<\/div>\n<\/div>\n<p>&nbsp;<\/p>\n","protected":false},"excerpt":{"rendered":"<p><strong><span style=\"color: #c4963c;\">\u2192 Vrlo izdr\u017eljiva<br \/>\n<\/span><span style=\"color: #c4963c;\">\u2192 Jednostavna instalacija<\/span><\/strong><strong><br \/>\n<\/strong><\/p>\n","protected":false},"featured_media":16281,"comment_status":"open","ping_status":"closed","template":"","meta":[],"product_brand":[],"product_cat":[354],"product_tag":[218],"class_list":{"0":"post-16279","1":"product","2":"type-product","3":"status-publish","4":"has-post-thumbnail","6":"product_cat-ograde","7":"product_tag-nov","9":"first","10":"outofstock","11":"taxable","12":"shipping-taxable","13":"purchasable","14":"product-type-simple"},"yoast_head":"<!-- This site is optimized with the Yoast SEO plugin v27.2 - https:\/\/yoast.com\/product\/yoast-seo-wordpress\/ -->\n<title>Drvena ograda za dekorativnu pregradu - Unikatna elegancija za vrt<\/title>\n<meta name=\"description\" content=\"Modularna drvena ograda za ukrasnu pregradu pogodna je za ogradu vrta, terase, bara, pla\u017ee, parcele za kampiranje itd. Vrlo je izdr\u017eljiva.\" \/>\n<meta name=\"robots\" content=\"index, follow, max-snippet:-1, max-image-preview:large, max-video-preview:-1\" \/>\n<link rel=\"canonical\" href=\"https:\/\/pavidecor.si\/hr\/proizvod\/drvena-ograda-cijepljeno-tvrdo-drvo-natur-150x100cm-letvice-2x5cm\/\" \/>\n<meta property=\"og:locale\" content=\"hr_HR\" \/>\n<meta property=\"og:type\" content=\"article\" \/>\n<meta property=\"og:title\" content=\"Drvena ograda za dekorativnu pregradu - Unikatna elegancija za vrt\" \/>\n<meta property=\"og:description\" content=\"Modularna drvena ograda za ukrasnu pregradu pogodna je za ogradu vrta, terase, bara, pla\u017ee, parcele za kampiranje itd. Vrlo je izdr\u017eljiva.\" \/>\n<meta property=\"og:url\" content=\"https:\/\/pavidecor.si\/hr\/proizvod\/drvena-ograda-cijepljeno-tvrdo-drvo-natur-150x100cm-letvice-2x5cm\/\" \/>\n<meta property=\"og:site_name\" content=\"Pavi Decor\" \/>\n<meta property=\"article:modified_time\" content=\"2026-04-21T22:02:14+00:00\" \/>\n<meta property=\"og:image\" content=\"https:\/\/pavidecor.si\/wp-content\/uploads\/2022\/04\/Ograja-trd-les-1-scaled.jpg\" \/>\n\t<meta property=\"og:image:width\" content=\"2560\" \/>\n\t<meta property=\"og:image:height\" content=\"2560\" \/>\n\t<meta property=\"og:image:type\" content=\"image\/jpeg\" \/>\n<meta name=\"twitter:card\" content=\"summary_large_image\" \/>\n<meta name=\"twitter:label1\" content=\"Procijenjeno vrijeme \u010ditanja\" \/>\n\t<meta name=\"twitter:data1\" content=\"4 minute\" \/>\n<script type=\"application\/ld+json\" class=\"yoast-schema-graph\">{\"@context\":\"https:\/\/schema.org\",\"@graph\":[{\"@type\":\"WebPage\",\"@id\":\"https:\/\/pavidecor.si\/hr\/proizvod\/drvena-ograda-cijepljeno-tvrdo-drvo-natur-150x100cm-letvice-2x5cm\/\",\"url\":\"https:\/\/pavidecor.si\/hr\/proizvod\/drvena-ograda-cijepljeno-tvrdo-drvo-natur-150x100cm-letvice-2x5cm\/\",\"name\":\"Drvena ograda za dekorativnu pregradu - Unikatna elegancija za vrt\",\"isPartOf\":{\"@id\":\"https:\/\/pavidecor.si\/hr\/#website\"},\"primaryImageOfPage\":{\"@id\":\"https:\/\/pavidecor.si\/hr\/proizvod\/drvena-ograda-cijepljeno-tvrdo-drvo-natur-150x100cm-letvice-2x5cm\/#primaryimage\"},\"image\":{\"@id\":\"https:\/\/pavidecor.si\/hr\/proizvod\/drvena-ograda-cijepljeno-tvrdo-drvo-natur-150x100cm-letvice-2x5cm\/#primaryimage\"},\"thumbnailUrl\":\"https:\/\/pavidecor.si\/wp-content\/uploads\/2022\/04\/Ograja-trd-les-1-scaled.jpg\",\"datePublished\":\"2022-04-07T08:09:06+00:00\",\"dateModified\":\"2026-04-21T22:02:14+00:00\",\"description\":\"Modularna drvena ograda za ukrasnu pregradu pogodna je za ogradu vrta, terase, bara, pla\u017ee, parcele za kampiranje itd. Vrlo je izdr\u017eljiva.\",\"breadcrumb\":{\"@id\":\"https:\/\/pavidecor.si\/hr\/proizvod\/drvena-ograda-cijepljeno-tvrdo-drvo-natur-150x100cm-letvice-2x5cm\/#breadcrumb\"},\"inLanguage\":\"hr\",\"potentialAction\":[{\"@type\":\"ReadAction\",\"target\":[\"https:\/\/pavidecor.si\/hr\/proizvod\/drvena-ograda-cijepljeno-tvrdo-drvo-natur-150x100cm-letvice-2x5cm\/\"]}]},{\"@type\":\"ImageObject\",\"inLanguage\":\"hr\",\"@id\":\"https:\/\/pavidecor.si\/hr\/proizvod\/drvena-ograda-cijepljeno-tvrdo-drvo-natur-150x100cm-letvice-2x5cm\/#primaryimage\",\"url\":\"https:\/\/pavidecor.si\/wp-content\/uploads\/2022\/04\/Ograja-trd-les-1-scaled.jpg\",\"contentUrl\":\"https:\/\/pavidecor.si\/wp-content\/uploads\/2022\/04\/Ograja-trd-les-1-scaled.jpg\",\"width\":2560,\"height\":2560,\"caption\":\"PAVI DECOR\"},{\"@type\":\"BreadcrumbList\",\"@id\":\"https:\/\/pavidecor.si\/hr\/proizvod\/drvena-ograda-cijepljeno-tvrdo-drvo-natur-150x100cm-letvice-2x5cm\/#breadcrumb\",\"itemListElement\":[{\"@type\":\"ListItem\",\"position\":1,\"name\":\"Domov\",\"item\":\"https:\/\/pavidecor.si\/hr\/\"},{\"@type\":\"ListItem\",\"position\":2,\"name\":\"Internetska trgovina\",\"item\":\"https:\/\/pavidecor.si\/hr\/internetska-trgovina\/\"},{\"@type\":\"ListItem\",\"position\":3,\"name\":\"Drvena ograda cijepljeno tvrdo drvo natur 150x100cm letvice 2x5cm\"}]},{\"@type\":\"WebSite\",\"@id\":\"https:\/\/pavidecor.si\/hr\/#website\",\"url\":\"https:\/\/pavidecor.si\/hr\/\",\"name\":\"Pavi Decor\",\"description\":\"Leseni unikati ustvarjeni iz ljubezni do lesa in narave.\",\"potentialAction\":[{\"@type\":\"SearchAction\",\"target\":{\"@type\":\"EntryPoint\",\"urlTemplate\":\"https:\/\/pavidecor.si\/hr\/?s={search_term_string}\"},\"query-input\":{\"@type\":\"PropertyValueSpecification\",\"valueRequired\":true,\"valueName\":\"search_term_string\"}}],\"inLanguage\":\"hr\"}]}<\/script>\n<!-- \/ Yoast SEO plugin. -->","yoast_head_json":{"title":"Drvena ograda za dekorativnu pregradu - Unikatna elegancija za vrt","description":"Modularna drvena ograda za ukrasnu pregradu pogodna je za ogradu vrta, terase, bara, pla\u017ee, parcele za kampiranje itd. Vrlo je izdr\u017eljiva.","robots":{"index":"index","follow":"follow","max-snippet":"max-snippet:-1","max-image-preview":"max-image-preview:large","max-video-preview":"max-video-preview:-1"},"canonical":"https:\/\/pavidecor.si\/hr\/proizvod\/drvena-ograda-cijepljeno-tvrdo-drvo-natur-150x100cm-letvice-2x5cm\/","og_locale":"hr_HR","og_type":"article","og_title":"Drvena ograda za dekorativnu pregradu - Unikatna elegancija za vrt","og_description":"Modularna drvena ograda za ukrasnu pregradu pogodna je za ogradu vrta, terase, bara, pla\u017ee, parcele za kampiranje itd. Vrlo je izdr\u017eljiva.","og_url":"https:\/\/pavidecor.si\/hr\/proizvod\/drvena-ograda-cijepljeno-tvrdo-drvo-natur-150x100cm-letvice-2x5cm\/","og_site_name":"Pavi Decor","article_modified_time":"2026-04-21T22:02:14+00:00","og_image":[{"width":2560,"height":2560,"url":"https:\/\/pavidecor.si\/wp-content\/uploads\/2022\/04\/Ograja-trd-les-1-scaled.jpg","type":"image\/jpeg"}],"twitter_card":"summary_large_image","twitter_misc":{"Procijenjeno vrijeme \u010ditanja":"4 minute"},"schema":{"@context":"https:\/\/schema.org","@graph":[{"@type":"WebPage","@id":"https:\/\/pavidecor.si\/hr\/proizvod\/drvena-ograda-cijepljeno-tvrdo-drvo-natur-150x100cm-letvice-2x5cm\/","url":"https:\/\/pavidecor.si\/hr\/proizvod\/drvena-ograda-cijepljeno-tvrdo-drvo-natur-150x100cm-letvice-2x5cm\/","name":"Drvena ograda za dekorativnu pregradu - Unikatna elegancija za vrt","isPartOf":{"@id":"https:\/\/pavidecor.si\/hr\/#website"},"primaryImageOfPage":{"@id":"https:\/\/pavidecor.si\/hr\/proizvod\/drvena-ograda-cijepljeno-tvrdo-drvo-natur-150x100cm-letvice-2x5cm\/#primaryimage"},"image":{"@id":"https:\/\/pavidecor.si\/hr\/proizvod\/drvena-ograda-cijepljeno-tvrdo-drvo-natur-150x100cm-letvice-2x5cm\/#primaryimage"},"thumbnailUrl":"https:\/\/pavidecor.si\/wp-content\/uploads\/2022\/04\/Ograja-trd-les-1-scaled.jpg","datePublished":"2022-04-07T08:09:06+00:00","dateModified":"2026-04-21T22:02:14+00:00","description":"Modularna drvena ograda za ukrasnu pregradu pogodna je za ogradu vrta, terase, bara, pla\u017ee, parcele za kampiranje itd. Vrlo je izdr\u017eljiva.","breadcrumb":{"@id":"https:\/\/pavidecor.si\/hr\/proizvod\/drvena-ograda-cijepljeno-tvrdo-drvo-natur-150x100cm-letvice-2x5cm\/#breadcrumb"},"inLanguage":"hr","potentialAction":[{"@type":"ReadAction","target":["https:\/\/pavidecor.si\/hr\/proizvod\/drvena-ograda-cijepljeno-tvrdo-drvo-natur-150x100cm-letvice-2x5cm\/"]}]},{"@type":"ImageObject","inLanguage":"hr","@id":"https:\/\/pavidecor.si\/hr\/proizvod\/drvena-ograda-cijepljeno-tvrdo-drvo-natur-150x100cm-letvice-2x5cm\/#primaryimage","url":"https:\/\/pavidecor.si\/wp-content\/uploads\/2022\/04\/Ograja-trd-les-1-scaled.jpg","contentUrl":"https:\/\/pavidecor.si\/wp-content\/uploads\/2022\/04\/Ograja-trd-les-1-scaled.jpg","width":2560,"height":2560,"caption":"PAVI DECOR"},{"@type":"BreadcrumbList","@id":"https:\/\/pavidecor.si\/hr\/proizvod\/drvena-ograda-cijepljeno-tvrdo-drvo-natur-150x100cm-letvice-2x5cm\/#breadcrumb","itemListElement":[{"@type":"ListItem","position":1,"name":"Domov","item":"https:\/\/pavidecor.si\/hr\/"},{"@type":"ListItem","position":2,"name":"Internetska trgovina","item":"https:\/\/pavidecor.si\/hr\/internetska-trgovina\/"},{"@type":"ListItem","position":3,"name":"Drvena ograda cijepljeno tvrdo drvo natur 150x100cm letvice 2x5cm"}]},{"@type":"WebSite","@id":"https:\/\/pavidecor.si\/hr\/#website","url":"https:\/\/pavidecor.si\/hr\/","name":"Pavi Decor","description":"Leseni unikati ustvarjeni iz ljubezni do lesa in narave.","potentialAction":[{"@type":"SearchAction","target":{"@type":"EntryPoint","urlTemplate":"https:\/\/pavidecor.si\/hr\/?s={search_term_string}"},"query-input":{"@type":"PropertyValueSpecification","valueRequired":true,"valueName":"search_term_string"}}],"inLanguage":"hr"}]}},"_links":{"self":[{"href":"https:\/\/pavidecor.si\/hr\/wp-json\/wp\/v2\/product\/16279","targetHints":{"allow":["GET"]}}],"collection":[{"href":"https:\/\/pavidecor.si\/hr\/wp-json\/wp\/v2\/product"}],"about":[{"href":"https:\/\/pavidecor.si\/hr\/wp-json\/wp\/v2\/types\/product"}],"replies":[{"embeddable":true,"href":"https:\/\/pavidecor.si\/hr\/wp-json\/wp\/v2\/comments?post=16279"}],"wp:featuredmedia":[{"embeddable":true,"href":"https:\/\/pavidecor.si\/hr\/wp-json\/wp\/v2\/media\/16281"}],"wp:attachment":[{"href":"https:\/\/pavidecor.si\/hr\/wp-json\/wp\/v2\/media?parent=16279"}],"wp:term":[{"taxonomy":"product_brand","embeddable":true,"href":"https:\/\/pavidecor.si\/hr\/wp-json\/wp\/v2\/product_brand?post=16279"},{"taxonomy":"product_cat","embeddable":true,"href":"https:\/\/pavidecor.si\/hr\/wp-json\/wp\/v2\/product_cat?post=16279"},{"taxonomy":"product_tag","embeddable":true,"href":"https:\/\/pavidecor.si\/hr\/wp-json\/wp\/v2\/product_tag?post=16279"}],"curies":[{"name":"wp","href":"https:\/\/api.w.org\/{rel}","templated":true}]}}