	{"id":16268,"date":"2022-04-07T11:12:41","date_gmt":"2022-04-07T11:12:41","guid":{"rendered":"https:\/\/pavidecor.si\/product\/dekorativni-putokaz-zakintos-170x100x30cm\/"},"modified":"2026-04-23T08:02:46","modified_gmt":"2026-04-23T08:02:46","slug":"dekorativni-putokaz-zakintos-170x100x30cm","status":"publish","type":"product","link":"https:\/\/pavidecor.si\/hr\/proizvod\/dekorativni-putokaz-zakintos-170x100x30cm\/","title":{"rendered":"Dekorativni putokaz Zakintos 170x100x30cm"},"content":{"rendered":"<p><span class=\"prvimanjsinaslovopis\">Dekorativni putokaz Zakintos\u00a0&#8211; U\u017eivajte u tropskom raju<\/span><\/p>\n<p>&nbsp;<\/p>\n<h2><span class=\"odebeljenopis\"><strong> Otkrijte \u010daroliju na\u0161eg unikatnog, ru\u010dno oslikanog putokaza Zakintos, koji donosi duh tropskih pla\u017ea u va\u0161 dom. Izra\u0111en od naplavljenog i recikliranog drva, ovaj dekorativni komad ne samo da \u0107e obogatiti va\u0161 prostor, ve\u0107 \u0107e i stvoriti veselo i opu\u0161taju\u0107e okru\u017eenje.<\/strong><\/span><\/h2>\n<p>&nbsp;<\/p>\n<div class=\"row\">\n<div class=\"col-sm-6 \" style=\"margin-top: 30px;\"><center><img decoding=\"async\" class=\"lazyload img-responsive\" style=\"margin: 0px auto; max-width: 100%;\" src=\"data:image\/svg+xml,%3Csvg%20xmlns%3D%27http%3A%2F%2Fwww.w3.org%2F2000%2Fsvg%27%20width%3D%272560%27%20height%3D%272560%27%20viewBox%3D%270%200%202560%202560%27%3E%3Crect%20width%3D%272560%27%20height%3D%272560%27%20fill-opacity%3D%220%22%2F%3E%3C%2Fsvg%3E\" data-orig-src=\"https:\/\/pavidecor.si\/wp-content\/uploads\/2022\/04\/Smerokaz-Zakintos-1-scaled.jpg\" \/><\/center><\/div>\n<div class=\"col-sm-6\" style=\"margin-top: 40px;\">\n<p>&nbsp;<\/p>\n<h3>Jedinstvena ru\u010dna izrada<\/h3>\n<p>Na\u0161a trgovina PAVI DECOR iz Ljubljane ponosna je na svoju tradiciju ru\u010dne izrade, koja se temelji na ljubavi prema drvetu i prirodi. Putokaz Zakintos je rezultat na\u0161eg vlastitog znanja i kreativnosti, a svaki komad je pa\u017eljivo izra\u0111en s ljubavlju.<\/p>\n<p>Ovaj putokaz ne samo da je funkcionalan, ve\u0107 i estetski privla\u010dan. Njegova \u017eivopisna tropska paleta boja i pa\u017eljivo odabrani natpisi stvaraju veselo i opu\u0161taju\u0107e okru\u017eenje, idealno za terase, pla\u017ee ili bilo koji prostor za dru\u017eenje. Putokaz je savr\u0161en dodatak za sve koji \u017eele unijeti da\u0161ak egzotike u svoj \u017eivot.<\/p>\n<p>&nbsp;<\/p>\n<\/div>\n<\/div>\n<div class=\"row\">\n<div class=\"col-sm-6 col-sm-push-6\" style=\"margin-top: 30px;\"><center><img decoding=\"async\" class=\"lazyload img-responsive\" style=\"margin: 0px auto; max-width: 100%;\" src=\"data:image\/svg+xml,%3Csvg%20xmlns%3D%27http%3A%2F%2Fwww.w3.org%2F2000%2Fsvg%27%20width%3D%272347%27%20height%3D%272347%27%20viewBox%3D%270%200%202347%202347%27%3E%3Crect%20width%3D%272347%27%20height%3D%272347%27%20fill-opacity%3D%220%22%2F%3E%3C%2Fsvg%3E\" data-orig-src=\" https:\/\/pavidecor.si\/wp-content\/uploads\/2022\/04\/Smerokaz-Zakintos-2.jpg\" \/><\/center><\/div>\n<div class=\"col-sm-6 col-sm-pull-6\" style=\"margin-top: 40px;\">\n<p>&nbsp;<\/p>\n<h3>Autenti\u010dnost i tradicija<\/h3>\n<p>Posebnost na\u0161ih drvenih proizvoda le\u017ei u ru\u010dnoj izradi i detaljima spajanja drvenih dijelova, koriste\u0107i tehnike koje su koristili stari majstori. Ovaj tradicionalni pristup osigurava da svaki putokaz Zakintos izgleda kao autenti\u010dan komad, koji \u0107e privu\u0107i pa\u017enju i odu\u0161eviti va\u0161e goste.<\/p>\n<p>Dekorativni putokaz mo\u017ee se koristiti na razli\u010dite na\u010dine &#8211; kao ukras za lokal na pla\u017ei, terasu ili \u010dak kao jedinstveni element u va\u0161em domu. Uz dodatak na\u0161ih vise\u0107ih ribica, mo\u017eete ga dodatno ukrasiti i prilagoditi svom stilu. Ovaj proizvod ne samo da \u0107e obogatiti va\u0161 prostor, ve\u0107 \u0107e i stvoriti nezaboravne uspomene.<\/p>\n<p>&nbsp;<\/p>\n<\/div>\n<\/div>\n<div class=\"row\">\n<div class=\"col-sm-6\" style=\"margin-top: 30px;\"><center><img decoding=\"async\" class=\"lazyload img-responsive\" style=\"margin: 0px auto; max-width: 100%;\" src=\"data:image\/svg+xml,%3Csvg%20xmlns%3D%27http%3A%2F%2Fwww.w3.org%2F2000%2Fsvg%27%20width%3D%272560%27%20height%3D%272560%27%20viewBox%3D%270%200%202560%202560%27%3E%3Crect%20width%3D%272560%27%20height%3D%272560%27%20fill-opacity%3D%220%22%2F%3E%3C%2Fsvg%3E\" data-orig-src=\" https:\/\/pavidecor.si\/wp-content\/uploads\/2022\/04\/Smerokaz-Zakintos-3-scaled.jpg\" \/><\/center><\/div>\n<div class=\"col-sm-6\" style=\"margin-top: 40px;\">\n<p>&nbsp;<\/p>\n<h3>Specifikacije proizvoda<\/h3>\n<p>Dekorativni putokaz Zakintos izra\u0111en je od naplavljenog i recikliranog drva, \u0161to ga \u010dini ekolo\u0161ki prihvatljivim izborom. Njegove \u017eivahne tropske boje i natpisi stvaraju veselo i opu\u0161teno okru\u017eenje, idealno za barove na pla\u017ei.<\/p>\n<p>Ovaj jedinstveni komad mo\u017ee se vidjeti i na na\u0161oj <a href=\"https:\/\/pavidecor.si\/hr\/projects\/plaza-na-krku\/\"><strong><span style=\"color: #3366ff;\">pla\u017ei na Krku<\/span><\/strong><\/a>, gdje dodatno doprinosi atmosferi opu\u0161tanja i u\u017eivanja. Dekorativni putokaz je savr\u0161en za sve koji \u017eele dodati malo egzotike i stila u svoj prostor, bilo da se radi o pla\u017ei, terasi ili ku\u0107ici uz more.<\/p>\n<\/div>\n<\/div>\n<p>&nbsp;<\/p>\n","protected":false},"excerpt":{"rendered":"<p><strong><span style=\"color: #c4963c;\">\u2192 Izvorni ukras<br \/>\n<\/span><span style=\"color: #c4963c;\">\u2192 \u017dive boje<\/span><\/strong><strong><br \/>\n<\/strong><\/p>\n","protected":false},"featured_media":16269,"comment_status":"open","ping_status":"closed","template":"","meta":[],"product_brand":[],"product_cat":[293],"product_tag":[219,218,274],"class_list":{"0":"post-16268","1":"product","2":"type-product","3":"status-publish","4":"has-post-thumbnail","6":"product_cat-putokazi-i-ploce","7":"product_tag-bar-na-plazi","8":"product_tag-nov","9":"product_tag-plaza-na-krku-hr","11":"first","12":"instock","13":"sold-individually","14":"taxable","15":"shipping-taxable","16":"purchasable","17":"product-type-simple"},"yoast_head":"<!-- This site is optimized with the Yoast SEO plugin v27.2 - https:\/\/yoast.com\/product\/yoast-seo-wordpress\/ -->\n<title>Dekorativni putokaz Zakintos\u00a0- U\u017eivajte u tropskom raju na pla\u017ei<\/title>\n<meta name=\"description\" content=\"Jedinstveni dekorativni putokaz Zakintos izra\u0111en je od naplavljenog drveta. \u017divopisne boje i natpisi stvaraju veselu i opu\u0161tenu atmosferu.\" \/>\n<meta name=\"robots\" content=\"index, follow, max-snippet:-1, max-image-preview:large, max-video-preview:-1\" \/>\n<link rel=\"canonical\" href=\"https:\/\/pavidecor.si\/hr\/proizvod\/dekorativni-putokaz-zakintos-170x100x30cm\/\" \/>\n<meta property=\"og:locale\" content=\"hr_HR\" \/>\n<meta property=\"og:type\" content=\"article\" \/>\n<meta property=\"og:title\" content=\"Dekorativni putokaz Zakintos\u00a0- U\u017eivajte u tropskom raju na pla\u017ei\" \/>\n<meta property=\"og:description\" content=\"Jedinstveni dekorativni putokaz Zakintos izra\u0111en je od naplavljenog drveta. \u017divopisne boje i natpisi stvaraju veselu i opu\u0161tenu atmosferu.\" \/>\n<meta property=\"og:url\" content=\"https:\/\/pavidecor.si\/hr\/proizvod\/dekorativni-putokaz-zakintos-170x100x30cm\/\" \/>\n<meta property=\"og:site_name\" content=\"Pavi Decor\" \/>\n<meta property=\"article:modified_time\" content=\"2026-04-23T08:02:46+00:00\" \/>\n<meta property=\"og:image\" content=\"https:\/\/pavidecor.si\/wp-content\/uploads\/2022\/04\/Smerokaz-Zakintos-1-scaled.jpg\" \/>\n\t<meta property=\"og:image:width\" content=\"2560\" \/>\n\t<meta property=\"og:image:height\" content=\"2560\" \/>\n\t<meta property=\"og:image:type\" content=\"image\/jpeg\" \/>\n<meta name=\"twitter:card\" content=\"summary_large_image\" \/>\n<meta name=\"twitter:label1\" content=\"Procijenjeno vrijeme \u010ditanja\" \/>\n\t<meta name=\"twitter:data1\" content=\"3 minute\" \/>\n<script type=\"application\/ld+json\" class=\"yoast-schema-graph\">{\"@context\":\"https:\/\/schema.org\",\"@graph\":[{\"@type\":\"WebPage\",\"@id\":\"https:\/\/pavidecor.si\/hr\/proizvod\/dekorativni-putokaz-zakintos-170x100x30cm\/\",\"url\":\"https:\/\/pavidecor.si\/hr\/proizvod\/dekorativni-putokaz-zakintos-170x100x30cm\/\",\"name\":\"Dekorativni putokaz Zakintos\u00a0- U\u017eivajte u tropskom raju na pla\u017ei\",\"isPartOf\":{\"@id\":\"https:\/\/pavidecor.si\/hr\/#website\"},\"primaryImageOfPage\":{\"@id\":\"https:\/\/pavidecor.si\/hr\/proizvod\/dekorativni-putokaz-zakintos-170x100x30cm\/#primaryimage\"},\"image\":{\"@id\":\"https:\/\/pavidecor.si\/hr\/proizvod\/dekorativni-putokaz-zakintos-170x100x30cm\/#primaryimage\"},\"thumbnailUrl\":\"https:\/\/pavidecor.si\/wp-content\/uploads\/2022\/04\/Smerokaz-Zakintos-1-scaled.jpg\",\"datePublished\":\"2022-04-07T11:12:41+00:00\",\"dateModified\":\"2026-04-23T08:02:46+00:00\",\"description\":\"Jedinstveni dekorativni putokaz Zakintos izra\u0111en je od naplavljenog drveta. \u017divopisne boje i natpisi stvaraju veselu i opu\u0161tenu atmosferu.\",\"breadcrumb\":{\"@id\":\"https:\/\/pavidecor.si\/hr\/proizvod\/dekorativni-putokaz-zakintos-170x100x30cm\/#breadcrumb\"},\"inLanguage\":\"hr\",\"potentialAction\":[{\"@type\":\"ReadAction\",\"target\":[\"https:\/\/pavidecor.si\/hr\/proizvod\/dekorativni-putokaz-zakintos-170x100x30cm\/\"]}]},{\"@type\":\"ImageObject\",\"inLanguage\":\"hr\",\"@id\":\"https:\/\/pavidecor.si\/hr\/proizvod\/dekorativni-putokaz-zakintos-170x100x30cm\/#primaryimage\",\"url\":\"https:\/\/pavidecor.si\/wp-content\/uploads\/2022\/04\/Smerokaz-Zakintos-1-scaled.jpg\",\"contentUrl\":\"https:\/\/pavidecor.si\/wp-content\/uploads\/2022\/04\/Smerokaz-Zakintos-1-scaled.jpg\",\"width\":2560,\"height\":2560,\"caption\":\"PAVI DECOR\"},{\"@type\":\"BreadcrumbList\",\"@id\":\"https:\/\/pavidecor.si\/hr\/proizvod\/dekorativni-putokaz-zakintos-170x100x30cm\/#breadcrumb\",\"itemListElement\":[{\"@type\":\"ListItem\",\"position\":1,\"name\":\"Domov\",\"item\":\"https:\/\/pavidecor.si\/hr\/\"},{\"@type\":\"ListItem\",\"position\":2,\"name\":\"Internetska trgovina\",\"item\":\"https:\/\/pavidecor.si\/hr\/internetska-trgovina\/\"},{\"@type\":\"ListItem\",\"position\":3,\"name\":\"Dekorativni putokaz Zakintos 170x100x30cm\"}]},{\"@type\":\"WebSite\",\"@id\":\"https:\/\/pavidecor.si\/hr\/#website\",\"url\":\"https:\/\/pavidecor.si\/hr\/\",\"name\":\"Pavi Decor\",\"description\":\"Leseni unikati ustvarjeni iz ljubezni do lesa in narave.\",\"potentialAction\":[{\"@type\":\"SearchAction\",\"target\":{\"@type\":\"EntryPoint\",\"urlTemplate\":\"https:\/\/pavidecor.si\/hr\/?s={search_term_string}\"},\"query-input\":{\"@type\":\"PropertyValueSpecification\",\"valueRequired\":true,\"valueName\":\"search_term_string\"}}],\"inLanguage\":\"hr\"}]}<\/script>\n<!-- \/ Yoast SEO plugin. -->","yoast_head_json":{"title":"Dekorativni putokaz Zakintos\u00a0- U\u017eivajte u tropskom raju na pla\u017ei","description":"Jedinstveni dekorativni putokaz Zakintos izra\u0111en je od naplavljenog drveta. \u017divopisne boje i natpisi stvaraju veselu i opu\u0161tenu atmosferu.","robots":{"index":"index","follow":"follow","max-snippet":"max-snippet:-1","max-image-preview":"max-image-preview:large","max-video-preview":"max-video-preview:-1"},"canonical":"https:\/\/pavidecor.si\/hr\/proizvod\/dekorativni-putokaz-zakintos-170x100x30cm\/","og_locale":"hr_HR","og_type":"article","og_title":"Dekorativni putokaz Zakintos\u00a0- U\u017eivajte u tropskom raju na pla\u017ei","og_description":"Jedinstveni dekorativni putokaz Zakintos izra\u0111en je od naplavljenog drveta. \u017divopisne boje i natpisi stvaraju veselu i opu\u0161tenu atmosferu.","og_url":"https:\/\/pavidecor.si\/hr\/proizvod\/dekorativni-putokaz-zakintos-170x100x30cm\/","og_site_name":"Pavi Decor","article_modified_time":"2026-04-23T08:02:46+00:00","og_image":[{"width":2560,"height":2560,"url":"https:\/\/pavidecor.si\/wp-content\/uploads\/2022\/04\/Smerokaz-Zakintos-1-scaled.jpg","type":"image\/jpeg"}],"twitter_card":"summary_large_image","twitter_misc":{"Procijenjeno vrijeme \u010ditanja":"3 minute"},"schema":{"@context":"https:\/\/schema.org","@graph":[{"@type":"WebPage","@id":"https:\/\/pavidecor.si\/hr\/proizvod\/dekorativni-putokaz-zakintos-170x100x30cm\/","url":"https:\/\/pavidecor.si\/hr\/proizvod\/dekorativni-putokaz-zakintos-170x100x30cm\/","name":"Dekorativni putokaz Zakintos\u00a0- U\u017eivajte u tropskom raju na pla\u017ei","isPartOf":{"@id":"https:\/\/pavidecor.si\/hr\/#website"},"primaryImageOfPage":{"@id":"https:\/\/pavidecor.si\/hr\/proizvod\/dekorativni-putokaz-zakintos-170x100x30cm\/#primaryimage"},"image":{"@id":"https:\/\/pavidecor.si\/hr\/proizvod\/dekorativni-putokaz-zakintos-170x100x30cm\/#primaryimage"},"thumbnailUrl":"https:\/\/pavidecor.si\/wp-content\/uploads\/2022\/04\/Smerokaz-Zakintos-1-scaled.jpg","datePublished":"2022-04-07T11:12:41+00:00","dateModified":"2026-04-23T08:02:46+00:00","description":"Jedinstveni dekorativni putokaz Zakintos izra\u0111en je od naplavljenog drveta. \u017divopisne boje i natpisi stvaraju veselu i opu\u0161tenu atmosferu.","breadcrumb":{"@id":"https:\/\/pavidecor.si\/hr\/proizvod\/dekorativni-putokaz-zakintos-170x100x30cm\/#breadcrumb"},"inLanguage":"hr","potentialAction":[{"@type":"ReadAction","target":["https:\/\/pavidecor.si\/hr\/proizvod\/dekorativni-putokaz-zakintos-170x100x30cm\/"]}]},{"@type":"ImageObject","inLanguage":"hr","@id":"https:\/\/pavidecor.si\/hr\/proizvod\/dekorativni-putokaz-zakintos-170x100x30cm\/#primaryimage","url":"https:\/\/pavidecor.si\/wp-content\/uploads\/2022\/04\/Smerokaz-Zakintos-1-scaled.jpg","contentUrl":"https:\/\/pavidecor.si\/wp-content\/uploads\/2022\/04\/Smerokaz-Zakintos-1-scaled.jpg","width":2560,"height":2560,"caption":"PAVI DECOR"},{"@type":"BreadcrumbList","@id":"https:\/\/pavidecor.si\/hr\/proizvod\/dekorativni-putokaz-zakintos-170x100x30cm\/#breadcrumb","itemListElement":[{"@type":"ListItem","position":1,"name":"Domov","item":"https:\/\/pavidecor.si\/hr\/"},{"@type":"ListItem","position":2,"name":"Internetska trgovina","item":"https:\/\/pavidecor.si\/hr\/internetska-trgovina\/"},{"@type":"ListItem","position":3,"name":"Dekorativni putokaz Zakintos 170x100x30cm"}]},{"@type":"WebSite","@id":"https:\/\/pavidecor.si\/hr\/#website","url":"https:\/\/pavidecor.si\/hr\/","name":"Pavi Decor","description":"Leseni unikati ustvarjeni iz ljubezni do lesa in narave.","potentialAction":[{"@type":"SearchAction","target":{"@type":"EntryPoint","urlTemplate":"https:\/\/pavidecor.si\/hr\/?s={search_term_string}"},"query-input":{"@type":"PropertyValueSpecification","valueRequired":true,"valueName":"search_term_string"}}],"inLanguage":"hr"}]}},"_links":{"self":[{"href":"https:\/\/pavidecor.si\/hr\/wp-json\/wp\/v2\/product\/16268","targetHints":{"allow":["GET"]}}],"collection":[{"href":"https:\/\/pavidecor.si\/hr\/wp-json\/wp\/v2\/product"}],"about":[{"href":"https:\/\/pavidecor.si\/hr\/wp-json\/wp\/v2\/types\/product"}],"replies":[{"embeddable":true,"href":"https:\/\/pavidecor.si\/hr\/wp-json\/wp\/v2\/comments?post=16268"}],"wp:featuredmedia":[{"embeddable":true,"href":"https:\/\/pavidecor.si\/hr\/wp-json\/wp\/v2\/media\/16269"}],"wp:attachment":[{"href":"https:\/\/pavidecor.si\/hr\/wp-json\/wp\/v2\/media?parent=16268"}],"wp:term":[{"taxonomy":"product_brand","embeddable":true,"href":"https:\/\/pavidecor.si\/hr\/wp-json\/wp\/v2\/product_brand?post=16268"},{"taxonomy":"product_cat","embeddable":true,"href":"https:\/\/pavidecor.si\/hr\/wp-json\/wp\/v2\/product_cat?post=16268"},{"taxonomy":"product_tag","embeddable":true,"href":"https:\/\/pavidecor.si\/hr\/wp-json\/wp\/v2\/product_tag?post=16268"}],"curies":[{"name":"wp","href":"https:\/\/api.w.org\/{rel}","templated":true}]}}