	{"id":16217,"date":"2022-04-13T06:48:28","date_gmt":"2022-04-13T06:48:28","guid":{"rendered":"https:\/\/pavidecor.si\/product\/ogledalo-aluminijsko-605x505cm\/"},"modified":"2026-05-13T01:00:47","modified_gmt":"2026-05-13T01:00:47","slug":"aluminijsko-ogledalo-605x505cm","status":"publish","type":"product","link":"https:\/\/pavidecor.si\/hr\/proizvod\/aluminijsko-ogledalo-605x505cm\/","title":{"rendered":"Aluminijsko ogledalo 60,5&#215;50,5cm"},"content":{"rendered":"<p><span class=\"prvimanjsinaslovopis\"> Aluminijsko ogledalo s ru\u010dno ra\u0111enim okvirom &#8211; Umjetnost u va\u0161em prostoru<\/span><\/p>\n<p>&nbsp;<\/p>\n<h2><span class=\"odebeljenopis\"><strong> Otkrijte \u010daroliju na\u0161eg unikatnog ogledala s ru\u010dno ra\u0111enim okvirom, koje \u0107e svaki prostor pretvoriti u umjetni\u010dko djelo. Ovaj proizvod iz PAVI DECOR-a, izra\u0111en s ljubavlju prema drvetu i prirodi, donosi industrijski izgled i sofisticiranost u va\u0161 dom. Idealno za dnevni boravak, kupaonicu ili spava\u0107u sobu.<\/strong><\/span><\/h2>\n<p>&nbsp;<\/p>\n<div class=\"row\">\n<div class=\"col-sm-6 \" style=\"margin-top: 30px;\"><center><img decoding=\"async\" class=\"lazyload img-responsive\" style=\"margin: 0px auto; max-width: 100%;\" src=\"data:image\/svg+xml,%3Csvg%20xmlns%3D%27http%3A%2F%2Fwww.w3.org%2F2000%2Fsvg%27%20width%3D%272560%27%20height%3D%272560%27%20viewBox%3D%270%200%202560%202560%27%3E%3Crect%20width%3D%272560%27%20height%3D%272560%27%20fill-opacity%3D%220%22%2F%3E%3C%2Fsvg%3E\" data-orig-src=\"https:\/\/pavidecor.si\/wp-content\/uploads\/2022\/04\/Ogledalo-aluminij-No.0073-1-scaled.jpg\" \/><\/center><\/div>\n<div class=\"col-sm-6\" style=\"margin-top: 40px;\">\n<p>&nbsp;<\/p>\n<h3>Industrijski dizajn s du\u0161om<\/h3>\n<p>Na\u0161e unikatno ogledalo s ru\u010dno ra\u0111enim okvirom obu\u010deno u tiskarsku aluminijsku plo\u010devinu predstavlja savr\u0161enu kombinaciju funkcionalnosti i estetike. <b>Poseban na\u010din izrade okvira, koji uklju\u010duje kovi\u010denje, daje mu jedinstveni industrijski izgled<\/b>, dok istovremeno zadr\u017eava toplinu drvenih elemenata. Ovaj proizvod nije samo ogledalo, ve\u0107 i prava umjetni\u010dka instalacija koja \u0107e privu\u0107i poglede i obogatiti svaki prostor.<\/p>\n<p>&nbsp;<\/p>\n<p>Ogledalo je dovoljno \u0161iroko da stvara dojam mo\u0107nosti, a istovremeno je kompaktno, \u0161to ga \u010dini idealnim rje\u0161enjem za manje prostore. Bez obzira na to gdje ga postavite, od dnevnog boravka do hodnika, ono \u0107e dodati da\u0161ak presti\u017ea i stila.<\/p>\n<p>&nbsp;<\/p>\n<\/div>\n<\/div>\n<div class=\"row\">\n<div class=\"col-sm-6 col-sm-push-6\" style=\"margin-top: 30px;\"><center><img decoding=\"async\" class=\"lazyload img-responsive\" style=\"margin: 0px auto; max-width: 100%;\" src=\"data:image\/svg+xml,%3Csvg%20xmlns%3D%27http%3A%2F%2Fwww.w3.org%2F2000%2Fsvg%27%20width%3D%272560%27%20height%3D%272560%27%20viewBox%3D%270%200%202560%202560%27%3E%3Crect%20width%3D%272560%27%20height%3D%272560%27%20fill-opacity%3D%220%22%2F%3E%3C%2Fsvg%3E\" data-orig-src=\" https:\/\/pavidecor.si\/wp-content\/uploads\/2022\/04\/Ogledalo-aluminij-No.0073-2-scaled.jpg\" \/><\/center><\/div>\n<div class=\"col-sm-6 col-sm-pull-6\" style=\"margin-top: 40px;\">\n<p>&nbsp;<\/p>\n<h3>Prilagodljivost i svestranost<\/h3>\n<p>Jedna od najve\u0107ih prednosti ovog ogledala je njegova svestranost. Mo\u017eete ga kombinirati s razli\u010ditim stilovima namje\u0161taja, bilo da se radi o starinskom ili modernom dizajnu. <b>Odli\u010dno se uklapa u shabby chic ambijent<\/b>, ali i u minimalisti\u010dke prostore, \u010dine\u0107i ga savr\u0161enim dodatkom za svaki dom.<\/p>\n<p>&nbsp;<\/p>\n<p>Osim \u0161to je estetski privla\u010dno, aluminijsko ogledalo je i vrlo prakti\u010dno. Njegova jednostavna monta\u017ea omogu\u0107ava vam da ga postavite u horizontalnom ili vertikalnom polo\u017eaju, ovisno o va\u0161im potrebama i \u017eeljama.<\/p>\n<p>&nbsp;<\/p>\n<\/div>\n<\/div>\n<div class=\"row\">\n<div class=\"col-sm-6\" style=\"margin-top: 30px;\"><center><img decoding=\"async\" class=\"lazyload img-responsive\" style=\"margin: 0px auto; max-width: 100%;\" src=\"data:image\/svg+xml,%3Csvg%20xmlns%3D%27http%3A%2F%2Fwww.w3.org%2F2000%2Fsvg%27%20width%3D%272560%27%20height%3D%272560%27%20viewBox%3D%270%200%202560%202560%27%3E%3Crect%20width%3D%272560%27%20height%3D%272560%27%20fill-opacity%3D%220%22%2F%3E%3C%2Fsvg%3E\" data-orig-src=\" https:\/\/pavidecor.si\/wp-content\/uploads\/2022\/04\/Ogledalo-aluminij-No.0073-3-scaled.jpg\" \/><\/center><\/div>\n<div class=\"col-sm-6\" style=\"margin-top: 40px;\">\n<p>&nbsp;<\/p>\n<h3>Specifikacije proizvoda<\/h3>\n<p>Ovo unikatno aluminijsko ogledalo ima ru\u010dno izra\u0111en okvir, obu\u010den u tiskarski aluminijski lim. \u0160irina okvira daje mu masivan i mo\u0107an izgled, \u0161to ga \u010dini idealnim za dnevne boravke, kupaonice, spava\u0107e sobe ili hodnike. Njegova veli\u010dina je savr\u0161ena za manje prostore, a lako se kombinira s razli\u010ditim stilovima namje\u0161taja. <b>Jednostavna monta\u017ea na zid<\/b> omogu\u0107ava vam da ga postavite u \u017eeljenom polo\u017eaju.<\/p>\n<p>&nbsp;<\/p>\n<p>Svi na\u0161i proizvodi iz PAVI DECOR-a izra\u0111eni su s ljubavlju prema drvetu i prirodi, a svaki komad nosi pe\u010dat na\u0161e strasti prema ru\u010dnoj izradi. Sli\u010dno ogledalo mo\u017eete vidjeti i u na\u0161em <a href=\"https:\/\/pavidecor.si\/hr\/projects\/morski-ambijent\/\"><strong><span style=\"color: #3366ff;\">morskom ambientu<\/span><\/strong><\/a>.<\/p>\n<\/div>\n<\/div>\n<p>&nbsp;<\/p>\n","protected":false},"excerpt":{"rendered":"<p><strong><span style=\"color: #c4963c;\">\u2192 Ru\u010dni rad<\/span><\/strong><strong><span style=\"color: #c4963c;\"><br \/>\n<\/span><span style=\"color: #c4963c;\">\u2192 Jedinstveno<\/span><\/strong><br \/>\n<strong><span style=\"color: #c4963c;\">\u2192 Okvir sa zakovicama<\/span><\/strong><\/p>\n","protected":false},"featured_media":16218,"comment_status":"open","ping_status":"closed","template":"","meta":[],"product_brand":[],"product_cat":[235],"product_tag":[218],"class_list":{"0":"post-16217","1":"product","2":"type-product","3":"status-publish","4":"has-post-thumbnail","6":"product_cat-ogledala-hr","7":"product_tag-nov","9":"first","10":"instock","11":"sold-individually","12":"taxable","13":"shipping-taxable","14":"purchasable","15":"product-type-simple"},"yoast_head":"<!-- This site is optimized with the Yoast SEO plugin v27.2 - https:\/\/yoast.com\/product\/yoast-seo-wordpress\/ -->\n<title>Aluminijsko ogledalo s ru\u010dno ra\u0111enim okvirom - Umjetnost i stil<\/title>\n<meta name=\"description\" content=\"Aluminijsko ogledalo ima ru\u010dno izra\u0111eni okvir odjeven u tiskarski aluminijski lim. Ima industrijski izgled, ali u isto vrijeme djeluje kao umjetni\u010dko djelo.\" \/>\n<meta name=\"robots\" content=\"index, follow, max-snippet:-1, max-image-preview:large, max-video-preview:-1\" \/>\n<link rel=\"canonical\" href=\"https:\/\/pavidecor.si\/hr\/proizvod\/aluminijsko-ogledalo-605x505cm\/\" \/>\n<meta property=\"og:locale\" content=\"hr_HR\" \/>\n<meta property=\"og:type\" content=\"article\" \/>\n<meta property=\"og:title\" content=\"Aluminijsko ogledalo s ru\u010dno ra\u0111enim okvirom - Umjetnost i stil\" \/>\n<meta property=\"og:description\" content=\"Aluminijsko ogledalo ima ru\u010dno izra\u0111eni okvir odjeven u tiskarski aluminijski lim. Ima industrijski izgled, ali u isto vrijeme djeluje kao umjetni\u010dko djelo.\" \/>\n<meta property=\"og:url\" content=\"https:\/\/pavidecor.si\/hr\/proizvod\/aluminijsko-ogledalo-605x505cm\/\" \/>\n<meta property=\"og:site_name\" content=\"Pavi Decor\" \/>\n<meta property=\"article:modified_time\" content=\"2026-05-13T01:00:47+00:00\" \/>\n<meta property=\"og:image\" content=\"https:\/\/pavidecor.si\/wp-content\/uploads\/2022\/04\/Ogledalo-aluminij-No.0073-1-scaled.jpg\" \/>\n\t<meta property=\"og:image:width\" content=\"2560\" \/>\n\t<meta property=\"og:image:height\" content=\"2560\" \/>\n\t<meta property=\"og:image:type\" content=\"image\/jpeg\" \/>\n<meta name=\"twitter:card\" content=\"summary_large_image\" \/>\n<meta name=\"twitter:label1\" content=\"Procijenjeno vrijeme \u010ditanja\" \/>\n\t<meta name=\"twitter:data1\" content=\"3 minute\" \/>\n<script type=\"application\/ld+json\" class=\"yoast-schema-graph\">{\"@context\":\"https:\/\/schema.org\",\"@graph\":[{\"@type\":\"WebPage\",\"@id\":\"https:\/\/pavidecor.si\/hr\/proizvod\/aluminijsko-ogledalo-605x505cm\/\",\"url\":\"https:\/\/pavidecor.si\/hr\/proizvod\/aluminijsko-ogledalo-605x505cm\/\",\"name\":\"Aluminijsko ogledalo s ru\u010dno ra\u0111enim okvirom - Umjetnost i stil\",\"isPartOf\":{\"@id\":\"https:\/\/pavidecor.si\/hr\/#website\"},\"primaryImageOfPage\":{\"@id\":\"https:\/\/pavidecor.si\/hr\/proizvod\/aluminijsko-ogledalo-605x505cm\/#primaryimage\"},\"image\":{\"@id\":\"https:\/\/pavidecor.si\/hr\/proizvod\/aluminijsko-ogledalo-605x505cm\/#primaryimage\"},\"thumbnailUrl\":\"https:\/\/pavidecor.si\/wp-content\/uploads\/2022\/04\/Ogledalo-aluminij-No.0073-1-scaled.jpg\",\"datePublished\":\"2022-04-13T06:48:28+00:00\",\"dateModified\":\"2026-05-13T01:00:47+00:00\",\"description\":\"Aluminijsko ogledalo ima ru\u010dno izra\u0111eni okvir odjeven u tiskarski aluminijski lim. Ima industrijski izgled, ali u isto vrijeme djeluje kao umjetni\u010dko djelo.\",\"breadcrumb\":{\"@id\":\"https:\/\/pavidecor.si\/hr\/proizvod\/aluminijsko-ogledalo-605x505cm\/#breadcrumb\"},\"inLanguage\":\"hr\",\"potentialAction\":[{\"@type\":\"ReadAction\",\"target\":[\"https:\/\/pavidecor.si\/hr\/proizvod\/aluminijsko-ogledalo-605x505cm\/\"]}]},{\"@type\":\"ImageObject\",\"inLanguage\":\"hr\",\"@id\":\"https:\/\/pavidecor.si\/hr\/proizvod\/aluminijsko-ogledalo-605x505cm\/#primaryimage\",\"url\":\"https:\/\/pavidecor.si\/wp-content\/uploads\/2022\/04\/Ogledalo-aluminij-No.0073-1-scaled.jpg\",\"contentUrl\":\"https:\/\/pavidecor.si\/wp-content\/uploads\/2022\/04\/Ogledalo-aluminij-No.0073-1-scaled.jpg\",\"width\":2560,\"height\":2560,\"caption\":\"PAVI DECOR\"},{\"@type\":\"BreadcrumbList\",\"@id\":\"https:\/\/pavidecor.si\/hr\/proizvod\/aluminijsko-ogledalo-605x505cm\/#breadcrumb\",\"itemListElement\":[{\"@type\":\"ListItem\",\"position\":1,\"name\":\"Domov\",\"item\":\"https:\/\/pavidecor.si\/hr\/\"},{\"@type\":\"ListItem\",\"position\":2,\"name\":\"Internetska trgovina\",\"item\":\"https:\/\/pavidecor.si\/hr\/internetska-trgovina\/\"},{\"@type\":\"ListItem\",\"position\":3,\"name\":\"Aluminijsko ogledalo 60,5&#215;50,5cm\"}]},{\"@type\":\"WebSite\",\"@id\":\"https:\/\/pavidecor.si\/hr\/#website\",\"url\":\"https:\/\/pavidecor.si\/hr\/\",\"name\":\"Pavi Decor\",\"description\":\"Leseni unikati ustvarjeni iz ljubezni do lesa in narave.\",\"potentialAction\":[{\"@type\":\"SearchAction\",\"target\":{\"@type\":\"EntryPoint\",\"urlTemplate\":\"https:\/\/pavidecor.si\/hr\/?s={search_term_string}\"},\"query-input\":{\"@type\":\"PropertyValueSpecification\",\"valueRequired\":true,\"valueName\":\"search_term_string\"}}],\"inLanguage\":\"hr\"}]}<\/script>\n<!-- \/ Yoast SEO plugin. -->","yoast_head_json":{"title":"Aluminijsko ogledalo s ru\u010dno ra\u0111enim okvirom - Umjetnost i stil","description":"Aluminijsko ogledalo ima ru\u010dno izra\u0111eni okvir odjeven u tiskarski aluminijski lim. Ima industrijski izgled, ali u isto vrijeme djeluje kao umjetni\u010dko djelo.","robots":{"index":"index","follow":"follow","max-snippet":"max-snippet:-1","max-image-preview":"max-image-preview:large","max-video-preview":"max-video-preview:-1"},"canonical":"https:\/\/pavidecor.si\/hr\/proizvod\/aluminijsko-ogledalo-605x505cm\/","og_locale":"hr_HR","og_type":"article","og_title":"Aluminijsko ogledalo s ru\u010dno ra\u0111enim okvirom - Umjetnost i stil","og_description":"Aluminijsko ogledalo ima ru\u010dno izra\u0111eni okvir odjeven u tiskarski aluminijski lim. Ima industrijski izgled, ali u isto vrijeme djeluje kao umjetni\u010dko djelo.","og_url":"https:\/\/pavidecor.si\/hr\/proizvod\/aluminijsko-ogledalo-605x505cm\/","og_site_name":"Pavi Decor","article_modified_time":"2026-05-13T01:00:47+00:00","og_image":[{"width":2560,"height":2560,"url":"https:\/\/pavidecor.si\/wp-content\/uploads\/2022\/04\/Ogledalo-aluminij-No.0073-1-scaled.jpg","type":"image\/jpeg"}],"twitter_card":"summary_large_image","twitter_misc":{"Procijenjeno vrijeme \u010ditanja":"3 minute"},"schema":{"@context":"https:\/\/schema.org","@graph":[{"@type":"WebPage","@id":"https:\/\/pavidecor.si\/hr\/proizvod\/aluminijsko-ogledalo-605x505cm\/","url":"https:\/\/pavidecor.si\/hr\/proizvod\/aluminijsko-ogledalo-605x505cm\/","name":"Aluminijsko ogledalo s ru\u010dno ra\u0111enim okvirom - Umjetnost i stil","isPartOf":{"@id":"https:\/\/pavidecor.si\/hr\/#website"},"primaryImageOfPage":{"@id":"https:\/\/pavidecor.si\/hr\/proizvod\/aluminijsko-ogledalo-605x505cm\/#primaryimage"},"image":{"@id":"https:\/\/pavidecor.si\/hr\/proizvod\/aluminijsko-ogledalo-605x505cm\/#primaryimage"},"thumbnailUrl":"https:\/\/pavidecor.si\/wp-content\/uploads\/2022\/04\/Ogledalo-aluminij-No.0073-1-scaled.jpg","datePublished":"2022-04-13T06:48:28+00:00","dateModified":"2026-05-13T01:00:47+00:00","description":"Aluminijsko ogledalo ima ru\u010dno izra\u0111eni okvir odjeven u tiskarski aluminijski lim. Ima industrijski izgled, ali u isto vrijeme djeluje kao umjetni\u010dko djelo.","breadcrumb":{"@id":"https:\/\/pavidecor.si\/hr\/proizvod\/aluminijsko-ogledalo-605x505cm\/#breadcrumb"},"inLanguage":"hr","potentialAction":[{"@type":"ReadAction","target":["https:\/\/pavidecor.si\/hr\/proizvod\/aluminijsko-ogledalo-605x505cm\/"]}]},{"@type":"ImageObject","inLanguage":"hr","@id":"https:\/\/pavidecor.si\/hr\/proizvod\/aluminijsko-ogledalo-605x505cm\/#primaryimage","url":"https:\/\/pavidecor.si\/wp-content\/uploads\/2022\/04\/Ogledalo-aluminij-No.0073-1-scaled.jpg","contentUrl":"https:\/\/pavidecor.si\/wp-content\/uploads\/2022\/04\/Ogledalo-aluminij-No.0073-1-scaled.jpg","width":2560,"height":2560,"caption":"PAVI DECOR"},{"@type":"BreadcrumbList","@id":"https:\/\/pavidecor.si\/hr\/proizvod\/aluminijsko-ogledalo-605x505cm\/#breadcrumb","itemListElement":[{"@type":"ListItem","position":1,"name":"Domov","item":"https:\/\/pavidecor.si\/hr\/"},{"@type":"ListItem","position":2,"name":"Internetska trgovina","item":"https:\/\/pavidecor.si\/hr\/internetska-trgovina\/"},{"@type":"ListItem","position":3,"name":"Aluminijsko ogledalo 60,5&#215;50,5cm"}]},{"@type":"WebSite","@id":"https:\/\/pavidecor.si\/hr\/#website","url":"https:\/\/pavidecor.si\/hr\/","name":"Pavi Decor","description":"Leseni unikati ustvarjeni iz ljubezni do lesa in narave.","potentialAction":[{"@type":"SearchAction","target":{"@type":"EntryPoint","urlTemplate":"https:\/\/pavidecor.si\/hr\/?s={search_term_string}"},"query-input":{"@type":"PropertyValueSpecification","valueRequired":true,"valueName":"search_term_string"}}],"inLanguage":"hr"}]}},"_links":{"self":[{"href":"https:\/\/pavidecor.si\/hr\/wp-json\/wp\/v2\/product\/16217","targetHints":{"allow":["GET"]}}],"collection":[{"href":"https:\/\/pavidecor.si\/hr\/wp-json\/wp\/v2\/product"}],"about":[{"href":"https:\/\/pavidecor.si\/hr\/wp-json\/wp\/v2\/types\/product"}],"replies":[{"embeddable":true,"href":"https:\/\/pavidecor.si\/hr\/wp-json\/wp\/v2\/comments?post=16217"}],"wp:featuredmedia":[{"embeddable":true,"href":"https:\/\/pavidecor.si\/hr\/wp-json\/wp\/v2\/media\/16218"}],"wp:attachment":[{"href":"https:\/\/pavidecor.si\/hr\/wp-json\/wp\/v2\/media?parent=16217"}],"wp:term":[{"taxonomy":"product_brand","embeddable":true,"href":"https:\/\/pavidecor.si\/hr\/wp-json\/wp\/v2\/product_brand?post=16217"},{"taxonomy":"product_cat","embeddable":true,"href":"https:\/\/pavidecor.si\/hr\/wp-json\/wp\/v2\/product_cat?post=16217"},{"taxonomy":"product_tag","embeddable":true,"href":"https:\/\/pavidecor.si\/hr\/wp-json\/wp\/v2\/product_tag?post=16217"}],"curies":[{"name":"wp","href":"https:\/\/api.w.org\/{rel}","templated":true}]}}