	{"id":16203,"date":"2022-04-13T10:19:07","date_gmt":"2022-04-13T10:19:07","guid":{"rendered":"https:\/\/pavidecor.si\/product\/podni-tepih-85x55cm\/"},"modified":"2026-04-23T09:10:24","modified_gmt":"2026-04-23T09:10:24","slug":"podni-tepih-85x55cm","status":"publish","type":"product","link":"https:\/\/pavidecor.si\/hr\/proizvod\/podni-tepih-85x55cm\/","title":{"rendered":"Podni tepih 85x55cm"},"content":{"rendered":"<p><span class=\"prvimanjsinaslovopis\">Podni tepih &#8211; Prirodni dodir za svaki prostor<\/span><\/p>\n<p>&nbsp;<\/p>\n<h2><span class=\"odebeljenopis\"><strong> Otkrijte na\u0161 ravnotkani obojestrani podni tepih koji unosi prirodnu ljepotu u svaki prostor. Ovaj tepih nije samo dekorativni element, ve\u0107 i funkcionalan dodatak koji stvara ugodnu atmosferu. Izra\u0111en od potpuno prirodnih materijala, pru\u017ea trajnost i dugovje\u010dnost, a njegovi detalji \u010dine ga jedinstvenim.<\/strong><\/span><\/h2>\n<p>&nbsp;<\/p>\n<div class=\"row\">\n<div class=\"col-sm-6 \" style=\"margin-top: 30px;\"><center><img decoding=\"async\" class=\"lazyload img-responsive\" style=\"margin: 0px auto; max-width: 100%;\" src=\"data:image\/svg+xml,%3Csvg%20xmlns%3D%27http%3A%2F%2Fwww.w3.org%2F2000%2Fsvg%27%20width%3D%272239%27%20height%3D%272240%27%20viewBox%3D%270%200%202239%202240%27%3E%3Crect%20width%3D%272239%27%20height%3D%272240%27%20fill-opacity%3D%220%22%2F%3E%3C%2Fsvg%3E\" data-orig-src=\"https:\/\/pavidecor.si\/wp-content\/uploads\/2022\/04\/Preproga-1.jpg\" \/><\/center><\/div>\n<div class=\"col-sm-6\" style=\"margin-top: 40px;\">\n<p>&nbsp;<\/p>\n<h3>Jedinstvena ru\u010dna izrada<\/h3>\n<p>Na\u0161 ravnotkani obojestrani podni tepih rezultat je strasti i ljubavi prema prirodi, koju njegujemo u trgovini PAVI DECOR iz Ljubljane. Svaki komad je ru\u010dno izra\u0111en, a posebnost na\u0161ih proizvoda le\u017ei u <b>detaljima spajanja<\/b>\u00a0na na\u010din koji su koristili stari majstori. Ova tehnika ne samo da osigurava \u010dvrsto\u0107u, ve\u0107 i daje preprogi autenti\u010dan izgled koji \u0107e obogatiti svaki interijer.<\/p>\n<p>&nbsp;<\/p>\n<p>Podni tepih je savr\u0161en za sve prostore, bilo da se radi o modernom ili rustikalnom ure\u0111enju. Njegova svestranost omogu\u0107ava da se uklopi u spava\u0107u sobu, dnevni boravak, hodnik ili bilo koji drugi prostor. Uz to, njegovi <b>nje\u017eni resasti rubovi<\/b> dodaju dodatnu dozu elegancije i sofisticiranosti, \u010dine\u0107i ga pravim izborom za one koji cijene kvalitetu i estetiku.<\/p>\n<p>&nbsp;<\/p>\n<\/div>\n<\/div>\n<div class=\"row\">\n<div class=\"col-sm-6 col-sm-push-6\" style=\"margin-top: 30px;\"><center><img decoding=\"async\" class=\"lazyload img-responsive\" style=\"margin: 0px auto; max-width: 100%;\" src=\"data:image\/svg+xml,%3Csvg%20xmlns%3D%27http%3A%2F%2Fwww.w3.org%2F2000%2Fsvg%27%20width%3D%27640%27%20height%3D%27640%27%20viewBox%3D%270%200%20640%20640%27%3E%3Crect%20width%3D%27640%27%20height%3D%27640%27%20fill-opacity%3D%220%22%2F%3E%3C%2Fsvg%3E\" data-orig-src=\" https:\/\/pavidecor.si\/wp-content\/uploads\/2022\/04\/Preproga-2.jpg\" \/><\/center><\/div>\n<div class=\"col-sm-6 col-sm-pull-6\" style=\"margin-top: 40px;\">\n<p>&nbsp;<\/p>\n<h3>Prakti\u010dnost i jednostavno odr\u017eavanje<\/h3>\n<p>Jedna od glavnih prednosti na\u0161eg ravnotkanog obojestranog podnog tepiha je njegova <b>jednostavnost odr\u017eavanja<\/b>. Podni tepih se mo\u017ee prati u perilici, \u0161to ga \u010dini idealnim rje\u0161enjem za obitelji s djecom ili ku\u0107nim ljubimcima. Odr\u017eavanje \u010disto\u0107e nikada nije bilo lak\u0161e, a vi mo\u017eete u\u017eivati u ljepoti svog tepiha bez brige o mrljama ili pra\u0161ini.<\/p>\n<p>&nbsp;<\/p>\n<p>Osim toga, tepih je izra\u0111en od <b>trajno odr\u017eivih materijala<\/b>, \u0161to zna\u010di da ne samo da doprinosi ljepoti va\u0161eg doma, ve\u0107 i o\u010duvanju okoli\u0161a. Na\u0161a predanost prirodi i kvaliteti osigurava da svaki proizvod koji nudimo bude ekolo\u0161ki prihvatljiv i dugotrajan. U\u017eivajte u udobnosti i stilu uz na\u0161 podni tepih koji \u0107e trajati godinama.<\/p>\n<p>&nbsp;<\/p>\n<\/div>\n<\/div>\n<div class=\"row\">\n<div class=\"col-sm-6\" style=\"margin-top: 30px;\"><center><img decoding=\"async\" class=\"lazyload img-responsive\" style=\"margin: 0px auto; max-width: 100%;\" src=\"data:image\/svg+xml,%3Csvg%20xmlns%3D%27http%3A%2F%2Fwww.w3.org%2F2000%2Fsvg%27%20width%3D%272180%27%20height%3D%272181%27%20viewBox%3D%270%200%202180%202181%27%3E%3Crect%20width%3D%272180%27%20height%3D%272181%27%20fill-opacity%3D%220%22%2F%3E%3C%2Fsvg%3E\" data-orig-src=\" https:\/\/pavidecor.si\/wp-content\/uploads\/2022\/04\/Preproga-3-1.jpg\" \/><\/center><\/div>\n<div class=\"col-sm-6\" style=\"margin-top: 40px;\">\n<p>&nbsp;<\/p>\n<h3>Specifikacije proizvoda<\/h3>\n<p>Podni tepih je privla\u010dan dekorativni komad koji stvara ugodnu atmosferu u prostoru s prirodnim naglaskom. Izra\u0111en je od potpuno prirodnih materijala, izdr\u017eljiv i dugotrajan. Rubovi tepiha su ukra\u0161eni nje\u017enim resicama. Lagano izbo\u010dene linije daju tkanini dodatan dinami\u010dan naglasak.<\/p>\n<p>&nbsp;<\/p>\n<p>Ovaj tepih je pogodan za moderno, kao i rustikalno ure\u0111ene stanove. U spava\u0107oj sobi, dnevnom boravku, hodniku ili bilo kojem drugom prostoru, ovaj dodatak harmoni\u010dno se uklapa u prostor i privla\u010di pa\u017enju. <strong>Odr\u017eavanje je jednostavno<\/strong>, jer se tepih mo\u017ee prati u perilici.<\/p>\n<\/div>\n<\/div>\n<p>&nbsp;<\/p>\n","protected":false},"excerpt":{"rendered":"<p><strong><span style=\"color: #c4963c;\">\u2192 Dvostrani<br \/>\n<\/span><span style=\"color: #c4963c;\">\u2192 Pere se u perilici rublja<\/span><\/strong><\/p>\n","protected":false},"featured_media":16204,"comment_status":"open","ping_status":"closed","template":"","meta":[],"product_brand":[],"product_cat":[375],"product_tag":[218],"class_list":{"0":"post-16203","1":"product","2":"type-product","3":"status-publish","4":"has-post-thumbnail","6":"product_cat-tepisi","7":"product_tag-nov","9":"first","10":"instock","11":"taxable","12":"shipping-taxable","13":"purchasable","14":"product-type-simple"},"yoast_head":"<!-- This site is optimized with the Yoast SEO plugin v27.2 - https:\/\/yoast.com\/product\/yoast-seo-wordpress\/ -->\n<title>Podni tepih PAVI DECOR - Prirodni dodir za svaki prostor<\/title>\n<meta name=\"description\" content=\"Podni tepih atraktivan je ukrasni komad koji stvara ugodnu atmosferu s prirodnim naglaskom. Mo\u017ee se koristiti na oboje strane i prati u perilici.\" \/>\n<meta name=\"robots\" content=\"index, follow, max-snippet:-1, max-image-preview:large, max-video-preview:-1\" \/>\n<link rel=\"canonical\" href=\"https:\/\/pavidecor.si\/hr\/proizvod\/podni-tepih-85x55cm\/\" \/>\n<meta property=\"og:locale\" content=\"hr_HR\" \/>\n<meta property=\"og:type\" content=\"article\" \/>\n<meta property=\"og:title\" content=\"Podni tepih PAVI DECOR - Prirodni dodir za svaki prostor\" \/>\n<meta property=\"og:description\" content=\"Podni tepih atraktivan je ukrasni komad koji stvara ugodnu atmosferu s prirodnim naglaskom. Mo\u017ee se koristiti na oboje strane i prati u perilici.\" \/>\n<meta property=\"og:url\" content=\"https:\/\/pavidecor.si\/hr\/proizvod\/podni-tepih-85x55cm\/\" \/>\n<meta property=\"og:site_name\" content=\"Pavi Decor\" \/>\n<meta property=\"article:modified_time\" content=\"2026-04-23T09:10:24+00:00\" \/>\n<meta property=\"og:image\" content=\"https:\/\/pavidecor.si\/wp-content\/uploads\/2022\/04\/Preproga-1.jpg\" \/>\n\t<meta property=\"og:image:width\" content=\"2239\" \/>\n\t<meta property=\"og:image:height\" content=\"2240\" \/>\n\t<meta property=\"og:image:type\" content=\"image\/jpeg\" \/>\n<meta name=\"twitter:card\" content=\"summary_large_image\" \/>\n<meta name=\"twitter:label1\" content=\"Procijenjeno vrijeme \u010ditanja\" \/>\n\t<meta name=\"twitter:data1\" content=\"3 minute\" \/>\n<script type=\"application\/ld+json\" class=\"yoast-schema-graph\">{\"@context\":\"https:\/\/schema.org\",\"@graph\":[{\"@type\":\"WebPage\",\"@id\":\"https:\/\/pavidecor.si\/hr\/proizvod\/podni-tepih-85x55cm\/\",\"url\":\"https:\/\/pavidecor.si\/hr\/proizvod\/podni-tepih-85x55cm\/\",\"name\":\"Podni tepih PAVI DECOR - Prirodni dodir za svaki prostor\",\"isPartOf\":{\"@id\":\"https:\/\/pavidecor.si\/hr\/#website\"},\"primaryImageOfPage\":{\"@id\":\"https:\/\/pavidecor.si\/hr\/proizvod\/podni-tepih-85x55cm\/#primaryimage\"},\"image\":{\"@id\":\"https:\/\/pavidecor.si\/hr\/proizvod\/podni-tepih-85x55cm\/#primaryimage\"},\"thumbnailUrl\":\"https:\/\/pavidecor.si\/wp-content\/uploads\/2022\/04\/Preproga-1.jpg\",\"datePublished\":\"2022-04-13T10:19:07+00:00\",\"dateModified\":\"2026-04-23T09:10:24+00:00\",\"description\":\"Podni tepih atraktivan je ukrasni komad koji stvara ugodnu atmosferu s prirodnim naglaskom. Mo\u017ee se koristiti na oboje strane i prati u perilici.\",\"breadcrumb\":{\"@id\":\"https:\/\/pavidecor.si\/hr\/proizvod\/podni-tepih-85x55cm\/#breadcrumb\"},\"inLanguage\":\"hr\",\"potentialAction\":[{\"@type\":\"ReadAction\",\"target\":[\"https:\/\/pavidecor.si\/hr\/proizvod\/podni-tepih-85x55cm\/\"]}]},{\"@type\":\"ImageObject\",\"inLanguage\":\"hr\",\"@id\":\"https:\/\/pavidecor.si\/hr\/proizvod\/podni-tepih-85x55cm\/#primaryimage\",\"url\":\"https:\/\/pavidecor.si\/wp-content\/uploads\/2022\/04\/Preproga-1.jpg\",\"contentUrl\":\"https:\/\/pavidecor.si\/wp-content\/uploads\/2022\/04\/Preproga-1.jpg\",\"width\":2239,\"height\":2240,\"caption\":\"PAVI DECOR\"},{\"@type\":\"BreadcrumbList\",\"@id\":\"https:\/\/pavidecor.si\/hr\/proizvod\/podni-tepih-85x55cm\/#breadcrumb\",\"itemListElement\":[{\"@type\":\"ListItem\",\"position\":1,\"name\":\"Domov\",\"item\":\"https:\/\/pavidecor.si\/hr\/\"},{\"@type\":\"ListItem\",\"position\":2,\"name\":\"Internetska trgovina\",\"item\":\"https:\/\/pavidecor.si\/hr\/internetska-trgovina\/\"},{\"@type\":\"ListItem\",\"position\":3,\"name\":\"Podni tepih 85x55cm\"}]},{\"@type\":\"WebSite\",\"@id\":\"https:\/\/pavidecor.si\/hr\/#website\",\"url\":\"https:\/\/pavidecor.si\/hr\/\",\"name\":\"Pavi Decor\",\"description\":\"Leseni unikati ustvarjeni iz ljubezni do lesa in narave.\",\"potentialAction\":[{\"@type\":\"SearchAction\",\"target\":{\"@type\":\"EntryPoint\",\"urlTemplate\":\"https:\/\/pavidecor.si\/hr\/?s={search_term_string}\"},\"query-input\":{\"@type\":\"PropertyValueSpecification\",\"valueRequired\":true,\"valueName\":\"search_term_string\"}}],\"inLanguage\":\"hr\"}]}<\/script>\n<!-- \/ Yoast SEO plugin. -->","yoast_head_json":{"title":"Podni tepih PAVI DECOR - Prirodni dodir za svaki prostor","description":"Podni tepih atraktivan je ukrasni komad koji stvara ugodnu atmosferu s prirodnim naglaskom. Mo\u017ee se koristiti na oboje strane i prati u perilici.","robots":{"index":"index","follow":"follow","max-snippet":"max-snippet:-1","max-image-preview":"max-image-preview:large","max-video-preview":"max-video-preview:-1"},"canonical":"https:\/\/pavidecor.si\/hr\/proizvod\/podni-tepih-85x55cm\/","og_locale":"hr_HR","og_type":"article","og_title":"Podni tepih PAVI DECOR - Prirodni dodir za svaki prostor","og_description":"Podni tepih atraktivan je ukrasni komad koji stvara ugodnu atmosferu s prirodnim naglaskom. Mo\u017ee se koristiti na oboje strane i prati u perilici.","og_url":"https:\/\/pavidecor.si\/hr\/proizvod\/podni-tepih-85x55cm\/","og_site_name":"Pavi Decor","article_modified_time":"2026-04-23T09:10:24+00:00","og_image":[{"width":2239,"height":2240,"url":"https:\/\/pavidecor.si\/wp-content\/uploads\/2022\/04\/Preproga-1.jpg","type":"image\/jpeg"}],"twitter_card":"summary_large_image","twitter_misc":{"Procijenjeno vrijeme \u010ditanja":"3 minute"},"schema":{"@context":"https:\/\/schema.org","@graph":[{"@type":"WebPage","@id":"https:\/\/pavidecor.si\/hr\/proizvod\/podni-tepih-85x55cm\/","url":"https:\/\/pavidecor.si\/hr\/proizvod\/podni-tepih-85x55cm\/","name":"Podni tepih PAVI DECOR - Prirodni dodir za svaki prostor","isPartOf":{"@id":"https:\/\/pavidecor.si\/hr\/#website"},"primaryImageOfPage":{"@id":"https:\/\/pavidecor.si\/hr\/proizvod\/podni-tepih-85x55cm\/#primaryimage"},"image":{"@id":"https:\/\/pavidecor.si\/hr\/proizvod\/podni-tepih-85x55cm\/#primaryimage"},"thumbnailUrl":"https:\/\/pavidecor.si\/wp-content\/uploads\/2022\/04\/Preproga-1.jpg","datePublished":"2022-04-13T10:19:07+00:00","dateModified":"2026-04-23T09:10:24+00:00","description":"Podni tepih atraktivan je ukrasni komad koji stvara ugodnu atmosferu s prirodnim naglaskom. Mo\u017ee se koristiti na oboje strane i prati u perilici.","breadcrumb":{"@id":"https:\/\/pavidecor.si\/hr\/proizvod\/podni-tepih-85x55cm\/#breadcrumb"},"inLanguage":"hr","potentialAction":[{"@type":"ReadAction","target":["https:\/\/pavidecor.si\/hr\/proizvod\/podni-tepih-85x55cm\/"]}]},{"@type":"ImageObject","inLanguage":"hr","@id":"https:\/\/pavidecor.si\/hr\/proizvod\/podni-tepih-85x55cm\/#primaryimage","url":"https:\/\/pavidecor.si\/wp-content\/uploads\/2022\/04\/Preproga-1.jpg","contentUrl":"https:\/\/pavidecor.si\/wp-content\/uploads\/2022\/04\/Preproga-1.jpg","width":2239,"height":2240,"caption":"PAVI DECOR"},{"@type":"BreadcrumbList","@id":"https:\/\/pavidecor.si\/hr\/proizvod\/podni-tepih-85x55cm\/#breadcrumb","itemListElement":[{"@type":"ListItem","position":1,"name":"Domov","item":"https:\/\/pavidecor.si\/hr\/"},{"@type":"ListItem","position":2,"name":"Internetska trgovina","item":"https:\/\/pavidecor.si\/hr\/internetska-trgovina\/"},{"@type":"ListItem","position":3,"name":"Podni tepih 85x55cm"}]},{"@type":"WebSite","@id":"https:\/\/pavidecor.si\/hr\/#website","url":"https:\/\/pavidecor.si\/hr\/","name":"Pavi Decor","description":"Leseni unikati ustvarjeni iz ljubezni do lesa in narave.","potentialAction":[{"@type":"SearchAction","target":{"@type":"EntryPoint","urlTemplate":"https:\/\/pavidecor.si\/hr\/?s={search_term_string}"},"query-input":{"@type":"PropertyValueSpecification","valueRequired":true,"valueName":"search_term_string"}}],"inLanguage":"hr"}]}},"_links":{"self":[{"href":"https:\/\/pavidecor.si\/hr\/wp-json\/wp\/v2\/product\/16203","targetHints":{"allow":["GET"]}}],"collection":[{"href":"https:\/\/pavidecor.si\/hr\/wp-json\/wp\/v2\/product"}],"about":[{"href":"https:\/\/pavidecor.si\/hr\/wp-json\/wp\/v2\/types\/product"}],"replies":[{"embeddable":true,"href":"https:\/\/pavidecor.si\/hr\/wp-json\/wp\/v2\/comments?post=16203"}],"wp:featuredmedia":[{"embeddable":true,"href":"https:\/\/pavidecor.si\/hr\/wp-json\/wp\/v2\/media\/16204"}],"wp:attachment":[{"href":"https:\/\/pavidecor.si\/hr\/wp-json\/wp\/v2\/media?parent=16203"}],"wp:term":[{"taxonomy":"product_brand","embeddable":true,"href":"https:\/\/pavidecor.si\/hr\/wp-json\/wp\/v2\/product_brand?post=16203"},{"taxonomy":"product_cat","embeddable":true,"href":"https:\/\/pavidecor.si\/hr\/wp-json\/wp\/v2\/product_cat?post=16203"},{"taxonomy":"product_tag","embeddable":true,"href":"https:\/\/pavidecor.si\/hr\/wp-json\/wp\/v2\/product_tag?post=16203"}],"curies":[{"name":"wp","href":"https:\/\/api.w.org\/{rel}","templated":true}]}}