	{"id":16049,"date":"2022-04-21T10:27:15","date_gmt":"2022-04-21T10:27:15","guid":{"rendered":"https:\/\/pavidecor.si\/product\/novogodisnje-bozicno-drvce-eva-bijela-80x45x18cm\/"},"modified":"2026-04-22T18:23:43","modified_gmt":"2026-04-22T18:23:43","slug":"novogodisnje-bozicno-drvce-eva-bijela-80x45x18cm","status":"publish","type":"product","link":"https:\/\/pavidecor.si\/hr\/proizvod\/novogodisnje-bozicno-drvce-eva-bijela-80x45x18cm\/","title":{"rendered":"Bo\u017ei\u0107no drvce Eva bijela 80x45x18cm"},"content":{"rendered":"<p><span class=\"prvimanjsinaslovopis\">Bo\u017ei\u0107no drvce Eva &#8211; Elegancija prirode u va\u0161em domu<\/span><\/p>\n<p>&nbsp;<\/p>\n<h2><span class=\"odebeljenopis\"><strong><br \/>\nOtkrijte \u010daroliju blagdanske sezone uz na\u0161u jedinstvenu novogodi\u0161nju jelu koja spaja prirodne elemente s elegantnim dizajnom. Ova drvena jela savr\u0161en je izbor za sve koji \u017eele o\u010duvati prirodu i istovremeno unijeti da\u0161ak blagdanske atmosfere u svoj dom. Dizajniran i proizveden u Sloveniji, idealan je za svaki prostor.<\/strong><\/span><\/h2>\n<p>&nbsp;<\/p>\n<div class=\"row\">\n<div class=\"col-sm-6 \" style=\"margin-top: 30px;\"><center><img decoding=\"async\" class=\"lazyload img-responsive\" style=\"margin: 0px auto; max-width: 100%;\" src=\"data:image\/svg+xml,%3Csvg%20xmlns%3D%27http%3A%2F%2Fwww.w3.org%2F2000%2Fsvg%27%20width%3D%272560%27%20height%3D%272560%27%20viewBox%3D%270%200%202560%202560%27%3E%3Crect%20width%3D%272560%27%20height%3D%272560%27%20fill-opacity%3D%220%22%2F%3E%3C%2Fsvg%3E\" data-orig-src=\"https:\/\/pavidecor.si\/wp-content\/uploads\/2022\/04\/Novoletna-jelka-Eva-bela-No.1282-1a-scaled.jpg\" \/><\/center><\/div>\n<div class=\"col-sm-6\" style=\"margin-top: 40px;\">\n<p>&nbsp;<\/p>\n<h3>Jedinstvena ru\u010dna izrada<\/h3>\n<p>Novogodi\u0161nja jela Eva rezultat je strasti i ljubavi prema drvetu i prirodi koju uzgajamo u na\u0161oj trgovini PAVI DECOR iz Ljubljane. <b>Svaki komad je ru\u010dno izra\u0111en<\/b> s precizno\u0161\u0107u i pa\u017enjom na detalje, osiguravaju\u0107i da je svaki proizvod jedinstven. Na\u0161 tim stru\u010dnjaka koristi tradicionalne tehnike spajanja drvenih dijelova koje su koristili stari majstori, \u0161to na\u0161oj jeli daje autenti\u010dan izgled i dojam.<\/p>\n<p>&nbsp;<\/p>\n<p>Zahvaljuju\u0107i ovom posebnom tretmanu, jela Eva nije samo ukras, ve\u0107 i umjetni\u010dko djelo koje unosi toplinu i prirodnu ljepotu u va\u0161 dom. Ru\u010dna izrada zna\u010di da je svaki proizvod pa\u017eljivo obra\u0111en, <strong>osiguravaju\u0107i dugi vijek trajanja i trajnost<\/strong>. Odabirom na\u0161e jele podr\u017eavate lokalne obrtnike i \u010duvate tradiciju ru\u010dne izrade.<\/p>\n<p>&nbsp;<\/p>\n<p>&nbsp;<\/p>\n<\/div>\n<\/div>\n<div class=\"row\">\n<div class=\"col-sm-6 col-sm-push-6\" style=\"margin-top: 30px;\"><center><img decoding=\"async\" class=\"lazyload img-responsive\" style=\"margin: 0px auto; max-width: 100%;\" src=\"data:image\/svg+xml,%3Csvg%20xmlns%3D%27http%3A%2F%2Fwww.w3.org%2F2000%2Fsvg%27%20width%3D%272560%27%20height%3D%272560%27%20viewBox%3D%270%200%202560%202560%27%3E%3Crect%20width%3D%272560%27%20height%3D%272560%27%20fill-opacity%3D%220%22%2F%3E%3C%2Fsvg%3E\" data-orig-src=\"https:\/\/pavidecor.si\/wp-content\/uploads\/2022\/04\/Novoletna-jelka-Eva-bela-No.1282-2a-scaled.jpg\" \/><\/center><\/div>\n<div class=\"col-sm-6 col-sm-pull-6\" style=\"margin-top: 40px;\">\n<p>&nbsp;<\/p>\n<h3>Ekolo\u0161ki prihvatljiv izbor za va\u0161 dom<\/h3>\n<p>Novogodi\u0161nja jela Eva potpuno je prirodna i nepretenciozna za odr\u017eavanje. <b>Igle ne otpadaju<\/b>, \u0161to zna\u010di da ne\u0107ete morati brinuti o pospremanju nakon praznika. Osim toga, nema fleksibilnih dijelova koji se mogu o\u0161tetiti, osiguravaju\u0107i da \u0107e va\u0161a jela ostati u izvrsnom stanju tijekom cijele sve\u010danosti.<\/p>\n<p>&nbsp;<\/p>\n<p>Odabirom na\u0161e jele doprinosite o\u010duvanju \u0161uma, jer \u0107e trajno zamijeniti prirodno bo\u017ei\u0107no drvce. Njegov dizajn omogu\u0107uje mu da <strong>zauzme vrlo malo prostora<\/strong>, \u0161to ga \u010dini idealnim za male prostore. U bijeloj verziji posebno se dobro sla\u017ee s modernim ambijentom, \u0161to omogu\u0107uje jednostavno uskla\u0111ivanje s postoje\u0107im ukrasom.<\/p>\n<p>&nbsp;<\/p>\n<p>&nbsp;<\/p>\n<\/div>\n<\/div>\n<div class=\"row\">\n<div class=\"col-sm-6\" style=\"margin-top: 30px;\"><center><img decoding=\"async\" class=\"lazyload img-responsive\" style=\"margin: 0px auto; max-width: 100%;\" src=\"data:image\/svg+xml,%3Csvg%20xmlns%3D%27http%3A%2F%2Fwww.w3.org%2F2000%2Fsvg%27%20width%3D%272121%27%20height%3D%272120%27%20viewBox%3D%270%200%202121%202120%27%3E%3Crect%20width%3D%272121%27%20height%3D%272120%27%20fill-opacity%3D%220%22%2F%3E%3C%2Fsvg%3E\" data-orig-src=\"https:\/\/pavidecor.si\/wp-content\/uploads\/2022\/04\/Novoletna-jelka-Eva-bela-No.1282-3a.jpg\" \/><\/center><\/div>\n<div class=\"col-sm-6\" style=\"margin-top: 40px;\">\n<p>&nbsp;<\/p>\n<h3>Jednostavan za kori\u0161tenje i fleksibilan<\/h3>\n<p>Sastavljanje drvene jele Eva nije potrebno, \u0161to zna\u010di da je mo\u017eete <strong>odmah postaviti i u\u017eivati<\/strong> u njenom \u0161armu. Tu su i dvije police na koje po \u017eelji mo\u017eete dodati ukras, omogu\u0107uju\u0107i vam da prilagodite izgled jele svojim \u017eeljama i potrebama.<\/p>\n<p>&nbsp;<\/p>\n<p>Za dodatno osvjetljenje i dekoraciju preporu\u010dujemo kori\u0161tenje <a href=\"https:\/\/pavidecor.si\/hr\/kategorije\/dekorativni-proizvodi-za-dom\/svijecnjaci\/\"><strong><span style=\"color: #3366ff;\">drvenih svije\u0107njaka<\/span><\/strong><\/a> iz na\u0161eg programa, koji se savr\u0161eno uklapaju u na\u0161u jelu. To \u0107e stvoriti \u010darobnu sve\u010danu atmosferu koja \u0107e odu\u0161eviti vas i va\u0161e goste. Bo\u017ei\u0107no drvce Eva unijet \u0107e eleganciju i prirodnu ljepotu u va\u0161 dom koja \u0107e trajati dugi niz godina.<\/p>\n<p>&nbsp;<\/p>\n<p>&nbsp;<\/p>\n<\/div>\n<\/div>\n<blockquote><p>Novogodi\u0161nja jela Eva kombinira prirodu s elegancijom, a po \u017eelji joj mo\u017eete dodati ukras na dvije police. Potpuno je prirodan i jednostavan za odr\u017eavanje, jer nema igala koje bi otpale, niti fleksibilnih dijelova koji bi se mogli o\u0161tetiti. Na\u0161a jedinstvena drvena jela trajno \u0107e zamijeniti prirodno bo\u017ei\u0107no drvce i tako pomo\u0107i u o\u010duvanju na\u0161ih \u0161uma. Novogodi\u0161nja jela Eva zauzima vrlo malo prostora u dubini, pa je pogodna \u010dak i za male prostorije. U bijeloj boji posebno je pogodan za moderne ambijente. Za ukra\u0161avanje i rasvjetu mo\u017eete koristiti drvene svije\u0107njake iz na\u0161eg programa. Nije potrebna monta\u017ea.<\/p><\/blockquote>\n<p>&nbsp;<\/p>\n","protected":false},"excerpt":{"rendered":"<p><strong><span style=\"color: #c4963c;\">\u2192 Ru\u010dni rad<\/span><\/strong><strong><span style=\"color: #c4963c;\"><br \/>\n<\/span><span style=\"color: #c4963c;\">\u2192 Jedinstveno<\/span><\/strong><\/p>\n","protected":false},"featured_media":16051,"comment_status":"open","ping_status":"closed","template":"","meta":[],"product_brand":[],"product_cat":[369],"product_tag":[218],"class_list":{"0":"post-16049","1":"product","2":"type-product","3":"status-publish","4":"has-post-thumbnail","6":"product_cat-novogodisnja-bozicna-drvca","7":"product_tag-nov","9":"first","10":"instock","11":"taxable","12":"shipping-taxable","13":"purchasable","14":"product-type-simple"},"yoast_head":"<!-- This site is optimized with the Yoast SEO plugin v27.2 - https:\/\/yoast.com\/product\/yoast-seo-wordpress\/ -->\n<title>Bo\u017ei\u0107no drvce Eva - Elegancija prirode u va\u0161em domu<\/title>\n<meta name=\"description\" content=\"Bo\u017ei\u0107no drvce Eva spaja prirodu s elegancijom. Potpuno je prirodan i jednostavan za odr\u017eavanje, jer nema igala koje bi otpale. Jedinstven.\" \/>\n<meta name=\"robots\" content=\"index, follow, max-snippet:-1, max-image-preview:large, max-video-preview:-1\" \/>\n<link rel=\"canonical\" href=\"https:\/\/pavidecor.si\/hr\/proizvod\/novogodisnje-bozicno-drvce-eva-bijela-80x45x18cm\/\" \/>\n<meta property=\"og:locale\" content=\"hr_HR\" \/>\n<meta property=\"og:type\" content=\"article\" \/>\n<meta property=\"og:title\" content=\"Bo\u017ei\u0107no drvce Eva - Elegancija prirode u va\u0161em domu\" \/>\n<meta property=\"og:description\" content=\"Bo\u017ei\u0107no drvce Eva spaja prirodu s elegancijom. Potpuno je prirodan i jednostavan za odr\u017eavanje, jer nema igala koje bi otpale. Jedinstven.\" \/>\n<meta property=\"og:url\" content=\"https:\/\/pavidecor.si\/hr\/proizvod\/novogodisnje-bozicno-drvce-eva-bijela-80x45x18cm\/\" \/>\n<meta property=\"og:site_name\" content=\"Pavi Decor\" \/>\n<meta property=\"article:modified_time\" content=\"2026-04-22T18:23:43+00:00\" \/>\n<meta property=\"og:image\" content=\"https:\/\/pavidecor.si\/wp-content\/uploads\/2022\/04\/Novoletna-jelka-Eva-bela-No.1282-1a-scaled.jpg\" \/>\n\t<meta property=\"og:image:width\" content=\"2560\" \/>\n\t<meta property=\"og:image:height\" content=\"2560\" \/>\n\t<meta property=\"og:image:type\" content=\"image\/jpeg\" \/>\n<meta name=\"twitter:card\" content=\"summary_large_image\" \/>\n<meta name=\"twitter:label1\" content=\"Procijenjeno vrijeme \u010ditanja\" \/>\n\t<meta name=\"twitter:data1\" content=\"3 minute\" \/>\n<script type=\"application\/ld+json\" class=\"yoast-schema-graph\">{\"@context\":\"https:\/\/schema.org\",\"@graph\":[{\"@type\":\"WebPage\",\"@id\":\"https:\/\/pavidecor.si\/hr\/proizvod\/novogodisnje-bozicno-drvce-eva-bijela-80x45x18cm\/\",\"url\":\"https:\/\/pavidecor.si\/hr\/proizvod\/novogodisnje-bozicno-drvce-eva-bijela-80x45x18cm\/\",\"name\":\"Bo\u017ei\u0107no drvce Eva - Elegancija prirode u va\u0161em domu\",\"isPartOf\":{\"@id\":\"https:\/\/pavidecor.si\/hr\/#website\"},\"primaryImageOfPage\":{\"@id\":\"https:\/\/pavidecor.si\/hr\/proizvod\/novogodisnje-bozicno-drvce-eva-bijela-80x45x18cm\/#primaryimage\"},\"image\":{\"@id\":\"https:\/\/pavidecor.si\/hr\/proizvod\/novogodisnje-bozicno-drvce-eva-bijela-80x45x18cm\/#primaryimage\"},\"thumbnailUrl\":\"https:\/\/pavidecor.si\/wp-content\/uploads\/2022\/04\/Novoletna-jelka-Eva-bela-No.1282-1a-scaled.jpg\",\"datePublished\":\"2022-04-21T10:27:15+00:00\",\"dateModified\":\"2026-04-22T18:23:43+00:00\",\"description\":\"Bo\u017ei\u0107no drvce Eva spaja prirodu s elegancijom. Potpuno je prirodan i jednostavan za odr\u017eavanje, jer nema igala koje bi otpale. Jedinstven.\",\"breadcrumb\":{\"@id\":\"https:\/\/pavidecor.si\/hr\/proizvod\/novogodisnje-bozicno-drvce-eva-bijela-80x45x18cm\/#breadcrumb\"},\"inLanguage\":\"hr\",\"potentialAction\":[{\"@type\":\"ReadAction\",\"target\":[\"https:\/\/pavidecor.si\/hr\/proizvod\/novogodisnje-bozicno-drvce-eva-bijela-80x45x18cm\/\"]}]},{\"@type\":\"ImageObject\",\"inLanguage\":\"hr\",\"@id\":\"https:\/\/pavidecor.si\/hr\/proizvod\/novogodisnje-bozicno-drvce-eva-bijela-80x45x18cm\/#primaryimage\",\"url\":\"https:\/\/pavidecor.si\/wp-content\/uploads\/2022\/04\/Novoletna-jelka-Eva-bela-No.1282-1a-scaled.jpg\",\"contentUrl\":\"https:\/\/pavidecor.si\/wp-content\/uploads\/2022\/04\/Novoletna-jelka-Eva-bela-No.1282-1a-scaled.jpg\",\"width\":2560,\"height\":2560,\"caption\":\"PAVI DECOR\"},{\"@type\":\"BreadcrumbList\",\"@id\":\"https:\/\/pavidecor.si\/hr\/proizvod\/novogodisnje-bozicno-drvce-eva-bijela-80x45x18cm\/#breadcrumb\",\"itemListElement\":[{\"@type\":\"ListItem\",\"position\":1,\"name\":\"Domov\",\"item\":\"https:\/\/pavidecor.si\/hr\/\"},{\"@type\":\"ListItem\",\"position\":2,\"name\":\"Internetska trgovina\",\"item\":\"https:\/\/pavidecor.si\/hr\/internetska-trgovina\/\"},{\"@type\":\"ListItem\",\"position\":3,\"name\":\"Bo\u017ei\u0107no drvce Eva bijela 80x45x18cm\"}]},{\"@type\":\"WebSite\",\"@id\":\"https:\/\/pavidecor.si\/hr\/#website\",\"url\":\"https:\/\/pavidecor.si\/hr\/\",\"name\":\"Pavi Decor\",\"description\":\"Leseni unikati ustvarjeni iz ljubezni do lesa in narave.\",\"potentialAction\":[{\"@type\":\"SearchAction\",\"target\":{\"@type\":\"EntryPoint\",\"urlTemplate\":\"https:\/\/pavidecor.si\/hr\/?s={search_term_string}\"},\"query-input\":{\"@type\":\"PropertyValueSpecification\",\"valueRequired\":true,\"valueName\":\"search_term_string\"}}],\"inLanguage\":\"hr\"}]}<\/script>\n<!-- \/ Yoast SEO plugin. -->","yoast_head_json":{"title":"Bo\u017ei\u0107no drvce Eva - Elegancija prirode u va\u0161em domu","description":"Bo\u017ei\u0107no drvce Eva spaja prirodu s elegancijom. Potpuno je prirodan i jednostavan za odr\u017eavanje, jer nema igala koje bi otpale. Jedinstven.","robots":{"index":"index","follow":"follow","max-snippet":"max-snippet:-1","max-image-preview":"max-image-preview:large","max-video-preview":"max-video-preview:-1"},"canonical":"https:\/\/pavidecor.si\/hr\/proizvod\/novogodisnje-bozicno-drvce-eva-bijela-80x45x18cm\/","og_locale":"hr_HR","og_type":"article","og_title":"Bo\u017ei\u0107no drvce Eva - Elegancija prirode u va\u0161em domu","og_description":"Bo\u017ei\u0107no drvce Eva spaja prirodu s elegancijom. Potpuno je prirodan i jednostavan za odr\u017eavanje, jer nema igala koje bi otpale. Jedinstven.","og_url":"https:\/\/pavidecor.si\/hr\/proizvod\/novogodisnje-bozicno-drvce-eva-bijela-80x45x18cm\/","og_site_name":"Pavi Decor","article_modified_time":"2026-04-22T18:23:43+00:00","og_image":[{"width":2560,"height":2560,"url":"https:\/\/pavidecor.si\/wp-content\/uploads\/2022\/04\/Novoletna-jelka-Eva-bela-No.1282-1a-scaled.jpg","type":"image\/jpeg"}],"twitter_card":"summary_large_image","twitter_misc":{"Procijenjeno vrijeme \u010ditanja":"3 minute"},"schema":{"@context":"https:\/\/schema.org","@graph":[{"@type":"WebPage","@id":"https:\/\/pavidecor.si\/hr\/proizvod\/novogodisnje-bozicno-drvce-eva-bijela-80x45x18cm\/","url":"https:\/\/pavidecor.si\/hr\/proizvod\/novogodisnje-bozicno-drvce-eva-bijela-80x45x18cm\/","name":"Bo\u017ei\u0107no drvce Eva - Elegancija prirode u va\u0161em domu","isPartOf":{"@id":"https:\/\/pavidecor.si\/hr\/#website"},"primaryImageOfPage":{"@id":"https:\/\/pavidecor.si\/hr\/proizvod\/novogodisnje-bozicno-drvce-eva-bijela-80x45x18cm\/#primaryimage"},"image":{"@id":"https:\/\/pavidecor.si\/hr\/proizvod\/novogodisnje-bozicno-drvce-eva-bijela-80x45x18cm\/#primaryimage"},"thumbnailUrl":"https:\/\/pavidecor.si\/wp-content\/uploads\/2022\/04\/Novoletna-jelka-Eva-bela-No.1282-1a-scaled.jpg","datePublished":"2022-04-21T10:27:15+00:00","dateModified":"2026-04-22T18:23:43+00:00","description":"Bo\u017ei\u0107no drvce Eva spaja prirodu s elegancijom. Potpuno je prirodan i jednostavan za odr\u017eavanje, jer nema igala koje bi otpale. Jedinstven.","breadcrumb":{"@id":"https:\/\/pavidecor.si\/hr\/proizvod\/novogodisnje-bozicno-drvce-eva-bijela-80x45x18cm\/#breadcrumb"},"inLanguage":"hr","potentialAction":[{"@type":"ReadAction","target":["https:\/\/pavidecor.si\/hr\/proizvod\/novogodisnje-bozicno-drvce-eva-bijela-80x45x18cm\/"]}]},{"@type":"ImageObject","inLanguage":"hr","@id":"https:\/\/pavidecor.si\/hr\/proizvod\/novogodisnje-bozicno-drvce-eva-bijela-80x45x18cm\/#primaryimage","url":"https:\/\/pavidecor.si\/wp-content\/uploads\/2022\/04\/Novoletna-jelka-Eva-bela-No.1282-1a-scaled.jpg","contentUrl":"https:\/\/pavidecor.si\/wp-content\/uploads\/2022\/04\/Novoletna-jelka-Eva-bela-No.1282-1a-scaled.jpg","width":2560,"height":2560,"caption":"PAVI DECOR"},{"@type":"BreadcrumbList","@id":"https:\/\/pavidecor.si\/hr\/proizvod\/novogodisnje-bozicno-drvce-eva-bijela-80x45x18cm\/#breadcrumb","itemListElement":[{"@type":"ListItem","position":1,"name":"Domov","item":"https:\/\/pavidecor.si\/hr\/"},{"@type":"ListItem","position":2,"name":"Internetska trgovina","item":"https:\/\/pavidecor.si\/hr\/internetska-trgovina\/"},{"@type":"ListItem","position":3,"name":"Bo\u017ei\u0107no drvce Eva bijela 80x45x18cm"}]},{"@type":"WebSite","@id":"https:\/\/pavidecor.si\/hr\/#website","url":"https:\/\/pavidecor.si\/hr\/","name":"Pavi Decor","description":"Leseni unikati ustvarjeni iz ljubezni do lesa in narave.","potentialAction":[{"@type":"SearchAction","target":{"@type":"EntryPoint","urlTemplate":"https:\/\/pavidecor.si\/hr\/?s={search_term_string}"},"query-input":{"@type":"PropertyValueSpecification","valueRequired":true,"valueName":"search_term_string"}}],"inLanguage":"hr"}]}},"_links":{"self":[{"href":"https:\/\/pavidecor.si\/hr\/wp-json\/wp\/v2\/product\/16049","targetHints":{"allow":["GET"]}}],"collection":[{"href":"https:\/\/pavidecor.si\/hr\/wp-json\/wp\/v2\/product"}],"about":[{"href":"https:\/\/pavidecor.si\/hr\/wp-json\/wp\/v2\/types\/product"}],"replies":[{"embeddable":true,"href":"https:\/\/pavidecor.si\/hr\/wp-json\/wp\/v2\/comments?post=16049"}],"wp:featuredmedia":[{"embeddable":true,"href":"https:\/\/pavidecor.si\/hr\/wp-json\/wp\/v2\/media\/16051"}],"wp:attachment":[{"href":"https:\/\/pavidecor.si\/hr\/wp-json\/wp\/v2\/media?parent=16049"}],"wp:term":[{"taxonomy":"product_brand","embeddable":true,"href":"https:\/\/pavidecor.si\/hr\/wp-json\/wp\/v2\/product_brand?post=16049"},{"taxonomy":"product_cat","embeddable":true,"href":"https:\/\/pavidecor.si\/hr\/wp-json\/wp\/v2\/product_cat?post=16049"},{"taxonomy":"product_tag","embeddable":true,"href":"https:\/\/pavidecor.si\/hr\/wp-json\/wp\/v2\/product_tag?post=16049"}],"curies":[{"name":"wp","href":"https:\/\/api.w.org\/{rel}","templated":true}]}}