	{"id":15987,"date":"2022-04-29T09:45:21","date_gmt":"2022-04-29T09:45:21","guid":{"rendered":"https:\/\/pavidecor.si\/product\/drvena-prostirka-brusena-i-premazana-60x56cm\/"},"modified":"2026-04-06T10:08:30","modified_gmt":"2026-04-06T10:08:30","slug":"drvena-prostirka-brusena-i-premazana-60x56cm","status":"publish","type":"product","link":"https:\/\/pavidecor.si\/hr\/proizvod\/drvena-prostirka-brusena-i-premazana-60x56cm\/","title":{"rendered":"Drvena prostirka bru\u0161ena i premazana 60x56cm"},"content":{"rendered":"<p><span class=\"prvimanjsinaslovopis\">Drvena prostirka za prijateljsku dobrodo\u0161licu &#8211; U\u017eivajte u prirodi i udobnosti<\/span><\/p>\n<p>&nbsp;<\/p>\n<h2><span class=\"odebeljenopis\"><strong><br \/>\nU\u017eivajte u prirodnom \u0161armu s na\u0161om unikatnom drvenom prostirkom, savr\u0161enom za svaki ulaz. Ovaj proizvod ne samo da pru\u017ea funkcionalnost, ve\u0107 i dodaje toplinu i stil va\u0161em prostoru. Izra\u0111ena s ljubavlju u Sloveniji, na\u0161a drvena prostirka je idealna za za\u0161titu od prljav\u0161tine i vlage, a istovremeno je ekolo\u0161ki prihvatljiva.<\/strong><\/span><\/h2>\n<p>&nbsp;<\/p>\n<div class=\"row\">\n<div class=\"col-sm-6 \" style=\"margin-top: 30px;\"><center><img decoding=\"async\" class=\"lazyload img-responsive\" style=\"margin: 0px auto; max-width: 100%;\" src=\"data:image\/svg+xml,%3Csvg%20xmlns%3D%27http%3A%2F%2Fwww.w3.org%2F2000%2Fsvg%27%20width%3D%272560%27%20height%3D%272560%27%20viewBox%3D%270%200%202560%202560%27%3E%3Crect%20width%3D%272560%27%20height%3D%272560%27%20fill-opacity%3D%220%22%2F%3E%3C%2Fsvg%3E\" data-orig-src=\"https:\/\/pavidecor.si\/wp-content\/uploads\/2022\/04\/Predpraznik-60x56-obdelan-scaled.jpg\" \/><\/center><\/div>\n<div class=\"col-sm-6\" style=\"margin-top: 40px;\">\n<p>&nbsp;<\/p>\n<h3>Funkcionalnost i izdr\u017eljivost<\/h3>\n<p>Na\u0161a drvena prostirka\u00a0je savr\u0161en dodatak za svaki dom ili poslovni prostor. Osmi\u0161ljen je da \u0161titi od prljav\u0161tine, vlage, topline i hladno\u0107e, \u010dine\u0107i ga idealnim za kori\u0161tenje na razli\u010ditim mjestima, uklju\u010duju\u0107i gara\u017ee, ostave, zimske vrtove i terase. Njegova svestranost omogu\u0107ava vam da ga postavite na sve vrste tvrdih podloga, kao \u0161to su plo\u010dice i beton, ali i na travu ili pijesak.<\/p>\n<p>Ova drvena prostirka je jednostavan proizvod za \u010di\u0161\u0107enje; dovoljno je samo pomesti ga kako bi izgledao kao nov. Izra\u0111en je od <b>trdih drvenih letvica<\/b> koje su povezane \u010dvrstom vrpcom, \u0161to omogu\u0107ava lako savijanje i skladi\u0161tenje. Njegova otpornost na vremenske uvjete \u010dini ga dugotrajnim rje\u0161enjem za svaki prostor.<\/p>\n<p>&nbsp;<\/p>\n<p>&nbsp;<\/p>\n<\/div>\n<\/div>\n<div class=\"row\">\n<div class=\"col-sm-12\">\n<p>&nbsp;<\/p>\n<h3>Ekolo\u0161ki prihvatljiva i estetski privla\u010dna<\/h3>\n<p>U PAVI DECOR-u iz Ljubljane, svaki na\u0161 proizvod odra\u017eava na\u0161u strast prema drvetu i prirodi. Na\u0161a drvena prostirka nije samo funkcionalna, ve\u0107 i estetski privla\u010dna. Njezin prirodni izgled donosi toplinu u svaki prostor, a ru\u010dna izrada osigurava da svaki komad bude jedinstven.<\/p>\n<p>Zahvaljuju\u0107i tradicionalnim tehnikama spajanja drvenih dijelova, na\u0161i proizvodi imaju autenti\u010dan izgled koji \u0107e se savr\u0161eno uklopiti u svaki interijer. Osim toga, drvo sadr\u017ei ve\u0107e koli\u010dine <b>\u010dreslovina<\/b> (tanina), \u0161to mu daje dodatnu otpornost. Ipak, va\u017eno je napomenuti da drvo mo\u017ee ispu\u0161tati tamnu boju u kontaktu s vlagom, pa nije preporu\u010dljivo za osjetljive podloge.<\/p>\n<p>&nbsp;<\/p>\n<p>&nbsp;<\/p>\n<\/div>\n<\/div>\n<div class=\"row\">\n<div class=\"col-sm-12\">\n<p>&nbsp;<\/p>\n<h3>Specifikacije proizvoda<\/h3>\n<p>Na\u0161 drveni otira\u010d\u00a0izra\u0111en je od \u010dvrstih drvenih letvica, otporan je na vremenske uvjete i ekolo\u0161ki prihvatljiv. Ima za\u0161titni premaz koji produ\u017eava njegovu izdr\u017eljivost, a na donjoj strani su ugra\u0111eni gumeni \u010depovi koji sprje\u010davaju klizanje.<\/p>\n<p>Ovaj otira\u010d je idealan za sve koji tra\u017ee kvalitetan i funkcionalan proizvod. Njegova svestranost omogu\u0107ava kori\u0161tenje u razli\u010ditim okru\u017eenjima, a jednostavno odr\u017eavanje \u010dini ga prakti\u010dnim rje\u0161enjem za svaki dom.<\/p>\n<p>U PAVI DECOR-u, svaki na\u0161 proizvod je rezultat na\u0161eg znanja i kreativnosti, a svi su izra\u0111eni s ljubavlju u Sloveniji.<\/p>\n<\/div>\n<\/div>\n<p>&nbsp;<\/p>\n","protected":false},"excerpt":{"rendered":"<p><strong><span style=\"color: #c4963c;\">\u2192 Jednostavno odr\u017eavanje<br \/>\n<\/span><span style=\"color: #c4963c;\">\u2192 Izdr\u017eljivo drvo<\/span><\/strong><\/p>\n","protected":false},"featured_media":15989,"comment_status":"open","ping_status":"closed","template":"","meta":[],"product_brand":[],"product_cat":[362,361],"product_tag":[218],"class_list":{"0":"post-15987","1":"product","2":"type-product","3":"status-publish","4":"has-post-thumbnail","6":"product_cat-otiraci","7":"product_cat-tepisi-i-otiraci","8":"product_tag-nov","10":"first","11":"instock","12":"taxable","13":"shipping-taxable","14":"purchasable","15":"product-type-simple"},"yoast_head":"<!-- This site is optimized with the Yoast SEO plugin v27.2 - https:\/\/yoast.com\/product\/yoast-seo-wordpress\/ -->\n<title>Drvena prostirka za prijateljsku dobrodo\u0161licu - PAVI DECOR<\/title>\n<meta name=\"description\" content=\"Drvena prostirka za dom otporna je na vremenske uvjete, izdr\u017eljiva i ekolo\u0161ki prihvatljiva. Vrlo je jednostavna za \u010di\u0161\u0107enje, odr\u017eavanje i skladi\u0161tenje.\" \/>\n<meta name=\"robots\" content=\"index, follow, max-snippet:-1, max-image-preview:large, max-video-preview:-1\" \/>\n<link rel=\"canonical\" href=\"https:\/\/pavidecor.si\/hr\/proizvod\/drvena-prostirka-brusena-i-premazana-60x56cm\/\" \/>\n<meta property=\"og:locale\" content=\"hr_HR\" \/>\n<meta property=\"og:type\" content=\"article\" \/>\n<meta property=\"og:title\" content=\"Drvena prostirka za prijateljsku dobrodo\u0161licu - PAVI DECOR\" \/>\n<meta property=\"og:description\" content=\"Drvena prostirka za dom otporna je na vremenske uvjete, izdr\u017eljiva i ekolo\u0161ki prihvatljiva. Vrlo je jednostavna za \u010di\u0161\u0107enje, odr\u017eavanje i skladi\u0161tenje.\" \/>\n<meta property=\"og:url\" content=\"https:\/\/pavidecor.si\/hr\/proizvod\/drvena-prostirka-brusena-i-premazana-60x56cm\/\" \/>\n<meta property=\"og:site_name\" content=\"Pavi Decor\" \/>\n<meta property=\"article:modified_time\" content=\"2026-04-06T10:08:30+00:00\" \/>\n<meta property=\"og:image\" content=\"https:\/\/pavidecor.si\/wp-content\/uploads\/2022\/04\/Predpraznik-60x56-obdelan-scaled.jpg\" \/>\n\t<meta property=\"og:image:width\" content=\"2560\" \/>\n\t<meta property=\"og:image:height\" content=\"2560\" \/>\n\t<meta property=\"og:image:type\" content=\"image\/jpeg\" \/>\n<meta name=\"twitter:card\" content=\"summary_large_image\" \/>\n<meta name=\"twitter:label1\" content=\"Procijenjeno vrijeme \u010ditanja\" \/>\n\t<meta name=\"twitter:data1\" content=\"3 minute\" \/>\n<script type=\"application\/ld+json\" class=\"yoast-schema-graph\">{\"@context\":\"https:\/\/schema.org\",\"@graph\":[{\"@type\":\"WebPage\",\"@id\":\"https:\/\/pavidecor.si\/hr\/proizvod\/drvena-prostirka-brusena-i-premazana-60x56cm\/\",\"url\":\"https:\/\/pavidecor.si\/hr\/proizvod\/drvena-prostirka-brusena-i-premazana-60x56cm\/\",\"name\":\"Drvena prostirka za prijateljsku dobrodo\u0161licu - PAVI DECOR\",\"isPartOf\":{\"@id\":\"https:\/\/pavidecor.si\/hr\/#website\"},\"primaryImageOfPage\":{\"@id\":\"https:\/\/pavidecor.si\/hr\/proizvod\/drvena-prostirka-brusena-i-premazana-60x56cm\/#primaryimage\"},\"image\":{\"@id\":\"https:\/\/pavidecor.si\/hr\/proizvod\/drvena-prostirka-brusena-i-premazana-60x56cm\/#primaryimage\"},\"thumbnailUrl\":\"https:\/\/pavidecor.si\/wp-content\/uploads\/2022\/04\/Predpraznik-60x56-obdelan-scaled.jpg\",\"datePublished\":\"2022-04-29T09:45:21+00:00\",\"dateModified\":\"2026-04-06T10:08:30+00:00\",\"description\":\"Drvena prostirka za dom otporna je na vremenske uvjete, izdr\u017eljiva i ekolo\u0161ki prihvatljiva. Vrlo je jednostavna za \u010di\u0161\u0107enje, odr\u017eavanje i skladi\u0161tenje.\",\"breadcrumb\":{\"@id\":\"https:\/\/pavidecor.si\/hr\/proizvod\/drvena-prostirka-brusena-i-premazana-60x56cm\/#breadcrumb\"},\"inLanguage\":\"hr\",\"potentialAction\":[{\"@type\":\"ReadAction\",\"target\":[\"https:\/\/pavidecor.si\/hr\/proizvod\/drvena-prostirka-brusena-i-premazana-60x56cm\/\"]}]},{\"@type\":\"ImageObject\",\"inLanguage\":\"hr\",\"@id\":\"https:\/\/pavidecor.si\/hr\/proizvod\/drvena-prostirka-brusena-i-premazana-60x56cm\/#primaryimage\",\"url\":\"https:\/\/pavidecor.si\/wp-content\/uploads\/2022\/04\/Predpraznik-60x56-obdelan-scaled.jpg\",\"contentUrl\":\"https:\/\/pavidecor.si\/wp-content\/uploads\/2022\/04\/Predpraznik-60x56-obdelan-scaled.jpg\",\"width\":2560,\"height\":2560,\"caption\":\"PAVI DECOR\"},{\"@type\":\"BreadcrumbList\",\"@id\":\"https:\/\/pavidecor.si\/hr\/proizvod\/drvena-prostirka-brusena-i-premazana-60x56cm\/#breadcrumb\",\"itemListElement\":[{\"@type\":\"ListItem\",\"position\":1,\"name\":\"Domov\",\"item\":\"https:\/\/pavidecor.si\/hr\/\"},{\"@type\":\"ListItem\",\"position\":2,\"name\":\"Internetska trgovina\",\"item\":\"https:\/\/pavidecor.si\/hr\/internetska-trgovina\/\"},{\"@type\":\"ListItem\",\"position\":3,\"name\":\"Drvena prostirka bru\u0161ena i premazana 60x56cm\"}]},{\"@type\":\"WebSite\",\"@id\":\"https:\/\/pavidecor.si\/hr\/#website\",\"url\":\"https:\/\/pavidecor.si\/hr\/\",\"name\":\"Pavi Decor\",\"description\":\"Leseni unikati ustvarjeni iz ljubezni do lesa in narave.\",\"potentialAction\":[{\"@type\":\"SearchAction\",\"target\":{\"@type\":\"EntryPoint\",\"urlTemplate\":\"https:\/\/pavidecor.si\/hr\/?s={search_term_string}\"},\"query-input\":{\"@type\":\"PropertyValueSpecification\",\"valueRequired\":true,\"valueName\":\"search_term_string\"}}],\"inLanguage\":\"hr\"}]}<\/script>\n<!-- \/ Yoast SEO plugin. -->","yoast_head_json":{"title":"Drvena prostirka za prijateljsku dobrodo\u0161licu - PAVI DECOR","description":"Drvena prostirka za dom otporna je na vremenske uvjete, izdr\u017eljiva i ekolo\u0161ki prihvatljiva. Vrlo je jednostavna za \u010di\u0161\u0107enje, odr\u017eavanje i skladi\u0161tenje.","robots":{"index":"index","follow":"follow","max-snippet":"max-snippet:-1","max-image-preview":"max-image-preview:large","max-video-preview":"max-video-preview:-1"},"canonical":"https:\/\/pavidecor.si\/hr\/proizvod\/drvena-prostirka-brusena-i-premazana-60x56cm\/","og_locale":"hr_HR","og_type":"article","og_title":"Drvena prostirka za prijateljsku dobrodo\u0161licu - PAVI DECOR","og_description":"Drvena prostirka za dom otporna je na vremenske uvjete, izdr\u017eljiva i ekolo\u0161ki prihvatljiva. Vrlo je jednostavna za \u010di\u0161\u0107enje, odr\u017eavanje i skladi\u0161tenje.","og_url":"https:\/\/pavidecor.si\/hr\/proizvod\/drvena-prostirka-brusena-i-premazana-60x56cm\/","og_site_name":"Pavi Decor","article_modified_time":"2026-04-06T10:08:30+00:00","og_image":[{"width":2560,"height":2560,"url":"https:\/\/pavidecor.si\/wp-content\/uploads\/2022\/04\/Predpraznik-60x56-obdelan-scaled.jpg","type":"image\/jpeg"}],"twitter_card":"summary_large_image","twitter_misc":{"Procijenjeno vrijeme \u010ditanja":"3 minute"},"schema":{"@context":"https:\/\/schema.org","@graph":[{"@type":"WebPage","@id":"https:\/\/pavidecor.si\/hr\/proizvod\/drvena-prostirka-brusena-i-premazana-60x56cm\/","url":"https:\/\/pavidecor.si\/hr\/proizvod\/drvena-prostirka-brusena-i-premazana-60x56cm\/","name":"Drvena prostirka za prijateljsku dobrodo\u0161licu - PAVI DECOR","isPartOf":{"@id":"https:\/\/pavidecor.si\/hr\/#website"},"primaryImageOfPage":{"@id":"https:\/\/pavidecor.si\/hr\/proizvod\/drvena-prostirka-brusena-i-premazana-60x56cm\/#primaryimage"},"image":{"@id":"https:\/\/pavidecor.si\/hr\/proizvod\/drvena-prostirka-brusena-i-premazana-60x56cm\/#primaryimage"},"thumbnailUrl":"https:\/\/pavidecor.si\/wp-content\/uploads\/2022\/04\/Predpraznik-60x56-obdelan-scaled.jpg","datePublished":"2022-04-29T09:45:21+00:00","dateModified":"2026-04-06T10:08:30+00:00","description":"Drvena prostirka za dom otporna je na vremenske uvjete, izdr\u017eljiva i ekolo\u0161ki prihvatljiva. Vrlo je jednostavna za \u010di\u0161\u0107enje, odr\u017eavanje i skladi\u0161tenje.","breadcrumb":{"@id":"https:\/\/pavidecor.si\/hr\/proizvod\/drvena-prostirka-brusena-i-premazana-60x56cm\/#breadcrumb"},"inLanguage":"hr","potentialAction":[{"@type":"ReadAction","target":["https:\/\/pavidecor.si\/hr\/proizvod\/drvena-prostirka-brusena-i-premazana-60x56cm\/"]}]},{"@type":"ImageObject","inLanguage":"hr","@id":"https:\/\/pavidecor.si\/hr\/proizvod\/drvena-prostirka-brusena-i-premazana-60x56cm\/#primaryimage","url":"https:\/\/pavidecor.si\/wp-content\/uploads\/2022\/04\/Predpraznik-60x56-obdelan-scaled.jpg","contentUrl":"https:\/\/pavidecor.si\/wp-content\/uploads\/2022\/04\/Predpraznik-60x56-obdelan-scaled.jpg","width":2560,"height":2560,"caption":"PAVI DECOR"},{"@type":"BreadcrumbList","@id":"https:\/\/pavidecor.si\/hr\/proizvod\/drvena-prostirka-brusena-i-premazana-60x56cm\/#breadcrumb","itemListElement":[{"@type":"ListItem","position":1,"name":"Domov","item":"https:\/\/pavidecor.si\/hr\/"},{"@type":"ListItem","position":2,"name":"Internetska trgovina","item":"https:\/\/pavidecor.si\/hr\/internetska-trgovina\/"},{"@type":"ListItem","position":3,"name":"Drvena prostirka bru\u0161ena i premazana 60x56cm"}]},{"@type":"WebSite","@id":"https:\/\/pavidecor.si\/hr\/#website","url":"https:\/\/pavidecor.si\/hr\/","name":"Pavi Decor","description":"Leseni unikati ustvarjeni iz ljubezni do lesa in narave.","potentialAction":[{"@type":"SearchAction","target":{"@type":"EntryPoint","urlTemplate":"https:\/\/pavidecor.si\/hr\/?s={search_term_string}"},"query-input":{"@type":"PropertyValueSpecification","valueRequired":true,"valueName":"search_term_string"}}],"inLanguage":"hr"}]}},"_links":{"self":[{"href":"https:\/\/pavidecor.si\/hr\/wp-json\/wp\/v2\/product\/15987","targetHints":{"allow":["GET"]}}],"collection":[{"href":"https:\/\/pavidecor.si\/hr\/wp-json\/wp\/v2\/product"}],"about":[{"href":"https:\/\/pavidecor.si\/hr\/wp-json\/wp\/v2\/types\/product"}],"replies":[{"embeddable":true,"href":"https:\/\/pavidecor.si\/hr\/wp-json\/wp\/v2\/comments?post=15987"}],"wp:featuredmedia":[{"embeddable":true,"href":"https:\/\/pavidecor.si\/hr\/wp-json\/wp\/v2\/media\/15989"}],"wp:attachment":[{"href":"https:\/\/pavidecor.si\/hr\/wp-json\/wp\/v2\/media?parent=15987"}],"wp:term":[{"taxonomy":"product_brand","embeddable":true,"href":"https:\/\/pavidecor.si\/hr\/wp-json\/wp\/v2\/product_brand?post=15987"},{"taxonomy":"product_cat","embeddable":true,"href":"https:\/\/pavidecor.si\/hr\/wp-json\/wp\/v2\/product_cat?post=15987"},{"taxonomy":"product_tag","embeddable":true,"href":"https:\/\/pavidecor.si\/hr\/wp-json\/wp\/v2\/product_tag?post=15987"}],"curies":[{"name":"wp","href":"https:\/\/api.w.org\/{rel}","templated":true}]}}