	{"id":15954,"date":"2022-05-04T08:49:56","date_gmt":"2022-05-04T08:49:56","guid":{"rendered":"https:\/\/pavidecor.si\/product\/pletena-baza-42x32cm\/"},"modified":"2026-04-21T11:17:12","modified_gmt":"2026-04-21T11:17:12","slug":"pleteni-podmetac-42x32cm","status":"publish","type":"product","link":"https:\/\/pavidecor.si\/hr\/proizvod\/pleteni-podmetac-42x32cm\/","title":{"rendered":"Pleteni podmeta\u010d 42x32cm"},"content":{"rendered":"<p><span class=\"prvimanjsinaslovopis\">Pleteni podmeta\u010d &#8211; Unikatan dodatak za svaki dom<\/span><\/p>\n<p>&nbsp;<\/p>\n<h2><span class=\"odebeljenopis\"><strong> U\u017eivajte u ljepoti prirode s na\u0161im pletenim podmeta\u010dem, koji je savr\u0161en za odlaganje vru\u0107ih posuda ili kao elegantan pogrinjak. Ovaj proizvod, izra\u0111en s ljubavlju u PAVI DECOR-u iz Ljubljane, donosi toplinu i autenti\u010dnost u svaki prostor. Njegova ru\u010dna izrada i jedinstveni detalji \u010dine ga pravim remek-djelom.<\/strong><\/span><\/h2>\n<p>&nbsp;<\/p>\n<div class=\"row\">\n<div class=\"col-sm-6 \" style=\"margin-top: 30px;\"><center><img decoding=\"async\" class=\"lazyload img-responsive\" style=\"margin: 0px auto; max-width: 100%;\" src=\"data:image\/svg+xml,%3Csvg%20xmlns%3D%27http%3A%2F%2Fwww.w3.org%2F2000%2Fsvg%27%20width%3D%272560%27%20height%3D%272560%27%20viewBox%3D%270%200%202560%202560%27%3E%3Crect%20width%3D%272560%27%20height%3D%272560%27%20fill-opacity%3D%220%22%2F%3E%3C%2Fsvg%3E\" data-orig-src=\"https:\/\/pavidecor.si\/wp-content\/uploads\/2022\/05\/Pleten-podstavek-42x32-1-scaled.jpg\" \/><\/center><\/div>\n<div class=\"col-sm-6\" style=\"margin-top: 40px;\">\n<p>&nbsp;<\/p>\n<h3>Jedinstvena ru\u010dna izrada<\/h3>\n<p>Na\u0161i pleteni podmeta\u010di su rezultat strasti prema drvetu i prirodi, a svaki komad je ru\u010dno izra\u0111en s posebnom pa\u017enjom. U PAVI DECOR-u vjerujemo u <b>tradicionalne tehnike izrade<\/b>, koje su koristili stari majstori. Ova metoda spajanja drvenih dijelova ne samo da osigurava izdr\u017eljivost, ve\u0107 i daje svakom podstavku jedinstven izgled. Male nepravilnosti u strukturi i boji su karakteristi\u010dne i \u010dine svaki komad posebnim. Ovaj podmeta\u010d ne samo da je funkcionalan, ve\u0107 i estetski privla\u010dan, savr\u0161eno se uklapa u svaki interijer.<\/p>\n<p>&nbsp;<\/p>\n<p>Osim \u0161to je prakti\u010dan, na\u0161 pleteni podmeta\u010d stvara prirodno lijepu atmosferu u va\u0161em domu. Bilo da ga koristite u kuhinji, blagovaonici ili na terasi, on \u0107e dodati da\u0161ak rustikalnog \u0161arma. Njegova svestranost omogu\u0107ava mu da se prilagodi razli\u010ditim stilovima, od shabby chic do modernih interijera. U\u017eivajte u svakom obroku uz ovaj prekrasan dodatak koji \u0107e zasigurno impresionirati va\u0161e goste.<\/p>\n<p>&nbsp;<\/p>\n<\/div>\n<\/div>\n<div class=\"row\">\n<div class=\"col-sm-6 col-sm-push-6\" style=\"margin-top: 30px;\"><center><img decoding=\"async\" class=\"lazyload img-responsive\" style=\"margin: 0px auto; max-width: 100%;\" src=\"data:image\/svg+xml,%3Csvg%20xmlns%3D%27http%3A%2F%2Fwww.w3.org%2F2000%2Fsvg%27%20width%3D%272560%27%20height%3D%272560%27%20viewBox%3D%270%200%202560%202560%27%3E%3Crect%20width%3D%272560%27%20height%3D%272560%27%20fill-opacity%3D%220%22%2F%3E%3C%2Fsvg%3E\" data-orig-src=\" https:\/\/pavidecor.si\/wp-content\/uploads\/2022\/05\/Pleten-podstavek-42x32-2-scaled.jpg\" \/><\/center><\/div>\n<div class=\"col-sm-6 col-sm-pull-6\" style=\"margin-top: 40px;\">\n<p>&nbsp;<\/p>\n<h3>Funkcionalnost i estetika<\/h3>\n<p>Pleten podmeta\u010d nije samo lijep dodatak, ve\u0107 i izuzetno funkcionalan. Njegova robusna struktura omogu\u0107ava mu da izdr\u017ei visoke temperature, \u0161to ga \u010dini idealnim za odlaganje vru\u0107ih posuda. Osim toga, mo\u017ee se koristiti kao pogrinjak, dodaju\u0107i dodatni sloj za\u0161tite va\u0161im stolovima. Prilagodljivost ovog podmeta\u010da \u010dini ga savr\u0161enim za svaku prigodu, bilo da se radi o obiteljskom ru\u010dku ili ve\u010dernjem dru\u017eenju s prijateljima.<\/p>\n<p>&nbsp;<\/p>\n<p>Kombinacija s kerami\u010dkim ili glinenim posu\u0111em, kao i sa staklenim \u010da\u0161ama i kristalnim vazama, dodatno nagla\u0161ava njegovu svestranost. Ovaj pravokutni pleteni podmeta\u010d ne samo da \u0161titi va\u0161e povr\u0161ine, ve\u0107 i doprinosi cjelokupnom izgledu stola. Njegova prirodna boja i tekstura <strong>stvaraju harmoni\u010dan ambijent<\/strong>, \u010dine\u0107i svaki obrok posebnim iskustvom.<\/p>\n<p>&nbsp;<\/p>\n<\/div>\n<\/div>\n<div class=\"row\">\n<div class=\"col-sm-6\" style=\"margin-top: 30px;\"><center><img decoding=\"async\" class=\"lazyload img-responsive\" style=\"margin: 0px auto; max-width: 100%;\" src=\"data:image\/svg+xml,%3Csvg%20xmlns%3D%27http%3A%2F%2Fwww.w3.org%2F2000%2Fsvg%27%20width%3D%272280%27%20height%3D%272280%27%20viewBox%3D%270%200%202280%202280%27%3E%3Crect%20width%3D%272280%27%20height%3D%272280%27%20fill-opacity%3D%220%22%2F%3E%3C%2Fsvg%3E\" data-orig-src=\" https:\/\/pavidecor.si\/wp-content\/uploads\/2022\/05\/Pleten-podstavek-42x32-3.jpg\" \/><\/center><\/div>\n<div class=\"col-sm-6\" style=\"margin-top: 40px;\">\n<p>&nbsp;<\/p>\n<h3>Specifikacije proizvoda<\/h3>\n<p>Na\u0161 pleteni podmeta\u010d dolazi u pravokutnom obliku, \u0161to ga \u010dini idealnim za razli\u010dite vrste posu\u0111a. Njegove dimenzije su prilago\u0111ene za svakodnevnu upotrebu, a materijal od kojeg je izra\u0111en osigurava dugotrajnost. <b>Ru\u010dno pletena izrada<\/b> jam\u010di da je svaki komad jedinstven, a male nepravilnosti u strukturi i boji dodaju na njegovoj autenti\u010dnosti.<\/p>\n<p>&nbsp;<\/p>\n<p>Ovaj podmeta\u010d je savr\u0161en dodatak za rustikalne i shabby chic interijere, ali se mo\u017ee koristiti i kao samostalan ukras. Njegova svestranost i funkcionalnost \u010dine ga neizostavnim dijelom svakog doma. U PAVI DECOR-u ponosni smo na na\u0161u tradiciju izrade unikatnih proizvoda, a na\u0161 pleteni podmeta\u010d je savr\u0161en primjer na\u0161e strasti prema drvetu i prirodi.<\/p>\n<\/div>\n<\/div>\n<p>&nbsp;<\/p>\n","protected":false},"excerpt":{"rendered":"<p><strong><span style=\"color: #c4963c;\">\u2192 Rukotvorine<br \/>\n<\/span><span style=\"color: #c4963c;\">\u2192 Lagan i izdr\u017eljiv<\/span><\/strong><strong><br \/>\n<\/strong><\/p>\n","protected":false},"featured_media":15956,"comment_status":"open","ping_status":"closed","template":"","meta":[],"product_brand":[],"product_cat":[269,366,304],"product_tag":[218],"class_list":{"0":"post-15954","1":"product","2":"type-product","3":"status-publish","4":"has-post-thumbnail","6":"product_cat-oprema-za-trgovine-i-konobe","7":"product_cat-podmetaci","8":"product_cat-posude","9":"product_tag-nov","11":"first","12":"instock","13":"taxable","14":"shipping-taxable","15":"purchasable","16":"product-type-simple"},"yoast_head":"<!-- This site is optimized with the Yoast SEO plugin v27.2 - https:\/\/yoast.com\/product\/yoast-seo-wordpress\/ -->\n<title>Pleteni podmeta\u010d PAVI DECOR - Unikatan dodatak za svaki dom<\/title>\n<meta name=\"description\" content=\"Pleteni podmeta\u010d bezvremenskog jednostavnog dizajna pogodan je za odlaganje toplih jela ili kao dekoracija. Lijep za gledanje i robustan za kori\u0161tenje.\" \/>\n<meta name=\"robots\" content=\"index, follow, max-snippet:-1, max-image-preview:large, max-video-preview:-1\" \/>\n<link rel=\"canonical\" href=\"https:\/\/pavidecor.si\/hr\/proizvod\/pleteni-podmetac-42x32cm\/\" \/>\n<meta property=\"og:locale\" content=\"hr_HR\" \/>\n<meta property=\"og:type\" content=\"article\" \/>\n<meta property=\"og:title\" content=\"Pleteni podmeta\u010d PAVI DECOR - Unikatan dodatak za svaki dom\" \/>\n<meta property=\"og:description\" content=\"Pleteni podmeta\u010d bezvremenskog jednostavnog dizajna pogodan je za odlaganje toplih jela ili kao dekoracija. Lijep za gledanje i robustan za kori\u0161tenje.\" \/>\n<meta property=\"og:url\" content=\"https:\/\/pavidecor.si\/hr\/proizvod\/pleteni-podmetac-42x32cm\/\" \/>\n<meta property=\"og:site_name\" content=\"Pavi Decor\" \/>\n<meta property=\"article:modified_time\" content=\"2026-04-21T11:17:12+00:00\" \/>\n<meta property=\"og:image\" content=\"https:\/\/pavidecor.si\/wp-content\/uploads\/2022\/05\/Pleten-podstavek-42x32-1-scaled.jpg\" \/>\n\t<meta property=\"og:image:width\" content=\"2560\" \/>\n\t<meta property=\"og:image:height\" content=\"2560\" \/>\n\t<meta property=\"og:image:type\" content=\"image\/jpeg\" \/>\n<meta name=\"twitter:card\" content=\"summary_large_image\" \/>\n<meta name=\"twitter:label1\" content=\"Procijenjeno vrijeme \u010ditanja\" \/>\n\t<meta name=\"twitter:data1\" content=\"4 minute\" \/>\n<script type=\"application\/ld+json\" class=\"yoast-schema-graph\">{\"@context\":\"https:\/\/schema.org\",\"@graph\":[{\"@type\":\"WebPage\",\"@id\":\"https:\/\/pavidecor.si\/hr\/proizvod\/pleteni-podmetac-42x32cm\/\",\"url\":\"https:\/\/pavidecor.si\/hr\/proizvod\/pleteni-podmetac-42x32cm\/\",\"name\":\"Pleteni podmeta\u010d PAVI DECOR - Unikatan dodatak za svaki dom\",\"isPartOf\":{\"@id\":\"https:\/\/pavidecor.si\/hr\/#website\"},\"primaryImageOfPage\":{\"@id\":\"https:\/\/pavidecor.si\/hr\/proizvod\/pleteni-podmetac-42x32cm\/#primaryimage\"},\"image\":{\"@id\":\"https:\/\/pavidecor.si\/hr\/proizvod\/pleteni-podmetac-42x32cm\/#primaryimage\"},\"thumbnailUrl\":\"https:\/\/pavidecor.si\/wp-content\/uploads\/2022\/05\/Pleten-podstavek-42x32-1-scaled.jpg\",\"datePublished\":\"2022-05-04T08:49:56+00:00\",\"dateModified\":\"2026-04-21T11:17:12+00:00\",\"description\":\"Pleteni podmeta\u010d bezvremenskog jednostavnog dizajna pogodan je za odlaganje toplih jela ili kao dekoracija. Lijep za gledanje i robustan za kori\u0161tenje.\",\"breadcrumb\":{\"@id\":\"https:\/\/pavidecor.si\/hr\/proizvod\/pleteni-podmetac-42x32cm\/#breadcrumb\"},\"inLanguage\":\"hr\",\"potentialAction\":[{\"@type\":\"ReadAction\",\"target\":[\"https:\/\/pavidecor.si\/hr\/proizvod\/pleteni-podmetac-42x32cm\/\"]}]},{\"@type\":\"ImageObject\",\"inLanguage\":\"hr\",\"@id\":\"https:\/\/pavidecor.si\/hr\/proizvod\/pleteni-podmetac-42x32cm\/#primaryimage\",\"url\":\"https:\/\/pavidecor.si\/wp-content\/uploads\/2022\/05\/Pleten-podstavek-42x32-1-scaled.jpg\",\"contentUrl\":\"https:\/\/pavidecor.si\/wp-content\/uploads\/2022\/05\/Pleten-podstavek-42x32-1-scaled.jpg\",\"width\":2560,\"height\":2560,\"caption\":\"PAVI DECOR\"},{\"@type\":\"BreadcrumbList\",\"@id\":\"https:\/\/pavidecor.si\/hr\/proizvod\/pleteni-podmetac-42x32cm\/#breadcrumb\",\"itemListElement\":[{\"@type\":\"ListItem\",\"position\":1,\"name\":\"Domov\",\"item\":\"https:\/\/pavidecor.si\/hr\/\"},{\"@type\":\"ListItem\",\"position\":2,\"name\":\"Internetska trgovina\",\"item\":\"https:\/\/pavidecor.si\/hr\/internetska-trgovina\/\"},{\"@type\":\"ListItem\",\"position\":3,\"name\":\"Pleteni podmeta\u010d 42x32cm\"}]},{\"@type\":\"WebSite\",\"@id\":\"https:\/\/pavidecor.si\/hr\/#website\",\"url\":\"https:\/\/pavidecor.si\/hr\/\",\"name\":\"Pavi Decor\",\"description\":\"Leseni unikati ustvarjeni iz ljubezni do lesa in narave.\",\"potentialAction\":[{\"@type\":\"SearchAction\",\"target\":{\"@type\":\"EntryPoint\",\"urlTemplate\":\"https:\/\/pavidecor.si\/hr\/?s={search_term_string}\"},\"query-input\":{\"@type\":\"PropertyValueSpecification\",\"valueRequired\":true,\"valueName\":\"search_term_string\"}}],\"inLanguage\":\"hr\"}]}<\/script>\n<!-- \/ Yoast SEO plugin. -->","yoast_head_json":{"title":"Pleteni podmeta\u010d PAVI DECOR - Unikatan dodatak za svaki dom","description":"Pleteni podmeta\u010d bezvremenskog jednostavnog dizajna pogodan je za odlaganje toplih jela ili kao dekoracija. Lijep za gledanje i robustan za kori\u0161tenje.","robots":{"index":"index","follow":"follow","max-snippet":"max-snippet:-1","max-image-preview":"max-image-preview:large","max-video-preview":"max-video-preview:-1"},"canonical":"https:\/\/pavidecor.si\/hr\/proizvod\/pleteni-podmetac-42x32cm\/","og_locale":"hr_HR","og_type":"article","og_title":"Pleteni podmeta\u010d PAVI DECOR - Unikatan dodatak za svaki dom","og_description":"Pleteni podmeta\u010d bezvremenskog jednostavnog dizajna pogodan je za odlaganje toplih jela ili kao dekoracija. Lijep za gledanje i robustan za kori\u0161tenje.","og_url":"https:\/\/pavidecor.si\/hr\/proizvod\/pleteni-podmetac-42x32cm\/","og_site_name":"Pavi Decor","article_modified_time":"2026-04-21T11:17:12+00:00","og_image":[{"width":2560,"height":2560,"url":"https:\/\/pavidecor.si\/wp-content\/uploads\/2022\/05\/Pleten-podstavek-42x32-1-scaled.jpg","type":"image\/jpeg"}],"twitter_card":"summary_large_image","twitter_misc":{"Procijenjeno vrijeme \u010ditanja":"4 minute"},"schema":{"@context":"https:\/\/schema.org","@graph":[{"@type":"WebPage","@id":"https:\/\/pavidecor.si\/hr\/proizvod\/pleteni-podmetac-42x32cm\/","url":"https:\/\/pavidecor.si\/hr\/proizvod\/pleteni-podmetac-42x32cm\/","name":"Pleteni podmeta\u010d PAVI DECOR - Unikatan dodatak za svaki dom","isPartOf":{"@id":"https:\/\/pavidecor.si\/hr\/#website"},"primaryImageOfPage":{"@id":"https:\/\/pavidecor.si\/hr\/proizvod\/pleteni-podmetac-42x32cm\/#primaryimage"},"image":{"@id":"https:\/\/pavidecor.si\/hr\/proizvod\/pleteni-podmetac-42x32cm\/#primaryimage"},"thumbnailUrl":"https:\/\/pavidecor.si\/wp-content\/uploads\/2022\/05\/Pleten-podstavek-42x32-1-scaled.jpg","datePublished":"2022-05-04T08:49:56+00:00","dateModified":"2026-04-21T11:17:12+00:00","description":"Pleteni podmeta\u010d bezvremenskog jednostavnog dizajna pogodan je za odlaganje toplih jela ili kao dekoracija. Lijep za gledanje i robustan za kori\u0161tenje.","breadcrumb":{"@id":"https:\/\/pavidecor.si\/hr\/proizvod\/pleteni-podmetac-42x32cm\/#breadcrumb"},"inLanguage":"hr","potentialAction":[{"@type":"ReadAction","target":["https:\/\/pavidecor.si\/hr\/proizvod\/pleteni-podmetac-42x32cm\/"]}]},{"@type":"ImageObject","inLanguage":"hr","@id":"https:\/\/pavidecor.si\/hr\/proizvod\/pleteni-podmetac-42x32cm\/#primaryimage","url":"https:\/\/pavidecor.si\/wp-content\/uploads\/2022\/05\/Pleten-podstavek-42x32-1-scaled.jpg","contentUrl":"https:\/\/pavidecor.si\/wp-content\/uploads\/2022\/05\/Pleten-podstavek-42x32-1-scaled.jpg","width":2560,"height":2560,"caption":"PAVI DECOR"},{"@type":"BreadcrumbList","@id":"https:\/\/pavidecor.si\/hr\/proizvod\/pleteni-podmetac-42x32cm\/#breadcrumb","itemListElement":[{"@type":"ListItem","position":1,"name":"Domov","item":"https:\/\/pavidecor.si\/hr\/"},{"@type":"ListItem","position":2,"name":"Internetska trgovina","item":"https:\/\/pavidecor.si\/hr\/internetska-trgovina\/"},{"@type":"ListItem","position":3,"name":"Pleteni podmeta\u010d 42x32cm"}]},{"@type":"WebSite","@id":"https:\/\/pavidecor.si\/hr\/#website","url":"https:\/\/pavidecor.si\/hr\/","name":"Pavi Decor","description":"Leseni unikati ustvarjeni iz ljubezni do lesa in narave.","potentialAction":[{"@type":"SearchAction","target":{"@type":"EntryPoint","urlTemplate":"https:\/\/pavidecor.si\/hr\/?s={search_term_string}"},"query-input":{"@type":"PropertyValueSpecification","valueRequired":true,"valueName":"search_term_string"}}],"inLanguage":"hr"}]}},"_links":{"self":[{"href":"https:\/\/pavidecor.si\/hr\/wp-json\/wp\/v2\/product\/15954","targetHints":{"allow":["GET"]}}],"collection":[{"href":"https:\/\/pavidecor.si\/hr\/wp-json\/wp\/v2\/product"}],"about":[{"href":"https:\/\/pavidecor.si\/hr\/wp-json\/wp\/v2\/types\/product"}],"replies":[{"embeddable":true,"href":"https:\/\/pavidecor.si\/hr\/wp-json\/wp\/v2\/comments?post=15954"}],"wp:featuredmedia":[{"embeddable":true,"href":"https:\/\/pavidecor.si\/hr\/wp-json\/wp\/v2\/media\/15956"}],"wp:attachment":[{"href":"https:\/\/pavidecor.si\/hr\/wp-json\/wp\/v2\/media?parent=15954"}],"wp:term":[{"taxonomy":"product_brand","embeddable":true,"href":"https:\/\/pavidecor.si\/hr\/wp-json\/wp\/v2\/product_brand?post=15954"},{"taxonomy":"product_cat","embeddable":true,"href":"https:\/\/pavidecor.si\/hr\/wp-json\/wp\/v2\/product_cat?post=15954"},{"taxonomy":"product_tag","embeddable":true,"href":"https:\/\/pavidecor.si\/hr\/wp-json\/wp\/v2\/product_tag?post=15954"}],"curies":[{"name":"wp","href":"https:\/\/api.w.org\/{rel}","templated":true}]}}