	{"id":15927,"date":"2022-05-16T09:15:42","date_gmt":"2022-05-16T09:15:42","guid":{"rendered":"https:\/\/pavidecor.si\/product\/drvena-prostirka-brusena-i-premazana-80x50cm\/"},"modified":"2026-04-23T08:03:29","modified_gmt":"2026-04-23T08:03:29","slug":"drveni-otirac-brusen-i-premazan-80x50cm","status":"publish","type":"product","link":"https:\/\/pavidecor.si\/hr\/proizvod\/drveni-otirac-brusen-i-premazan-80x50cm\/","title":{"rendered":"Drveni otira\u010d bru\u0161en i premazan 80x50cm"},"content":{"rendered":"<p><span class=\"prvimanjsinaslovopis\">Drveni otira\u010d za prijateljsku dobrodo\u0161licu &#8211; Prijateljski do\u010dek za va\u0161 dom<\/span><\/p>\n<p>&nbsp;<\/p>\n<h2><span class=\"odebeljenopis\"><strong><br \/>\nU\u017eivajte u prirodnom \u0161armu s na\u0161im unikatnim drvenim otira\u010dem, savr\u0161enim za svaki ulaz. Ovaj proizvod ne samo da pru\u017ea funkcionalnost, ve\u0107 i dodaje toplinu i stil va\u0161em prostoru. Izra\u0111en s ljubavlju i pa\u017enjom, na\u0161 drveni otira\u010d je idealan za za\u0161titu od prljav\u0161tine i vlage, a istovremeno je ekolo\u0161ki prihvatljiv.<\/strong><\/span><\/h2>\n<p>&nbsp;<\/p>\n<div class=\"row\">\n<div class=\"col-sm-6 \" style=\"margin-top: 30px;\"><center><img decoding=\"async\" class=\"lazyload img-responsive\" style=\"margin: 0px auto; max-width: 100%;\" src=\"data:image\/svg+xml,%3Csvg%20xmlns%3D%27http%3A%2F%2Fwww.w3.org%2F2000%2Fsvg%27%20width%3D%272560%27%20height%3D%272560%27%20viewBox%3D%270%200%202560%202560%27%3E%3Crect%20width%3D%272560%27%20height%3D%272560%27%20fill-opacity%3D%220%22%2F%3E%3C%2Fsvg%3E\" data-orig-src=\"https:\/\/pavidecor.si\/wp-content\/uploads\/2022\/05\/Predpraznik-80x50-obdelan-scaled.jpg\" \/><\/center><\/div>\n<div class=\"col-sm-6\" style=\"margin-top: 40px;\">\n<p>&nbsp;<\/p>\n<h3>Funkcionalnost i dizajn<\/h3>\n<p>Na\u0161 drveni otira\u010d je vi\u0161e od obi\u010dnog dodatka va\u0161em domu. Slu\u017ei kao za\u0161tita od prljav\u0161tine, vlage, topline i hladno\u0107e, \u010dine\u0107i ga savr\u0161enim rje\u0161enjem za svaki ulaz. Osim toga, mo\u017ee se koristiti u gara\u017eama, skladi\u0161tima, zimskim vrtovima ili na terasama. Njegova svestranost omogu\u0107ava vam da ga postavite na sve vrste tvrdih podloga, uklju\u010duju\u0107i plo\u010dice i beton, ali i na travu ili pijesak.<\/p>\n<p>Jedna od klju\u010dnih prednosti na\u0161eg otira\u010da je njegova jednostavnost u odr\u017eavanju. Lako se \u010disti &#8211; jednostavno ga pometite i spremni ste. Ovaj proizvod je izra\u0111en od <b>izdr\u017eljivih letvica od tvrdog drva<\/b>, koje su povezane konopcem, \u0161to omogu\u0107ava lako savijanje i skladi\u0161tenje. Njegova otpornost na vremenske uvjete \u010dini ga idealnim za vanjsku upotrebu, dok za\u0161titni premaz dodatno produ\u017eava njegovu trajnost.<\/p>\n<p>&nbsp;<\/p>\n<\/div>\n<\/div>\n<div class=\"row\">\n<div class=\"col-sm-12\">\n<p>&nbsp;<\/p>\n<h3>Ekolo\u0161ka prihvatljivost i ru\u010dna izrada<\/h3>\n<p>U PAVI DECOR-u iz Ljubljane, svaki na\u0161 proizvod je rezultat strasti prema drvetu i prirodi. Na\u0161i drveni otira\u010di su ru\u010dno izra\u0111eni, s pa\u017enjom na svaki detalj. Ova tradicionalna metoda izrade, koja uklju\u010duje spajanje drvenih dijelova na na\u010din koji su koristili stari majstori, daje na\u0161im proizvodima autenti\u010dan izgled i osje\u0107aj.<\/p>\n<p>Osim estetskih kvaliteta, drvo sadr\u017ei ve\u0107u koli\u010dinu <b>\u010dreslovina (tanina)<\/b>, \u0161to ga \u010dini prirodno otpornim na razne vanjske utjecaje. Me\u0111utim, va\u017eno je napomenuti da, s vremenom i posebno u kontaktu s ve\u0107im koli\u010dinama vlage, drvo mo\u017ee ispu\u0161tati crnu boju \u010dreslovine. Zbog toga nije preporu\u010dljivo koristiti ga na osjetljivim podlogama. Na\u0161a predanost ekolo\u0161koj odr\u017eivosti osigurava da su svi na\u0161i proizvodi ekolo\u0161ki prihvatljivi i sigurni za kori\u0161tenje.<\/p>\n<p>&nbsp;<\/p>\n<\/div>\n<\/div>\n<div class=\"row\">\n<div class=\"col-sm-12\">\n<p>&nbsp;<\/p>\n<h3>Specifikacije proizvoda<\/h3>\n<p>Drveni otira\u010d PAVI DECOR je izra\u0111en od <b>tvrdih letvica<\/b> koje su povezane vrpcom, \u0161to omogu\u0107ava lako savijanje i skladi\u0161tenje. Otpornost na vremenske uvjete, dugotrajnost i ekolo\u0161ka prihvatljivost su klju\u010dne karakteristike ovog proizvoda. Na donjoj strani nalaze se <b>gumeni \u010depovi<\/b> koji sprje\u010davaju klizanje po podlozi, \u010dime se osigurava dodatna sigurnost.<\/p>\n<p>Ova drvena prostirka je savr\u0161en proizvod za sve koji \u017eele dodati prirodni element svom prostoru, a istovremeno osigurati funkcionalnost. Njegova otpornost na prljav\u0161tinu i vlagu \u010dini ga idealnim rje\u0161enjem za svaki dom ili poslovni prostor. U PAVI DECOR-u, svaki proizvod je rezultat na\u0161eg znanja i kreativnosti, a svi su izra\u0111eni u Sloveniji s ljubavlju prema drvetu i prirodi.<\/p>\n<\/div>\n<\/div>\n<p>&nbsp;<\/p>\n","protected":false},"excerpt":{"rendered":"<p><strong><span style=\"color: #c4963c;\">\u2192 Jednostavno odr\u017eavanje<br \/>\n<\/span><span style=\"color: #c4963c;\">\u2192 Izdr\u017eljivo drvo<\/span><\/strong><\/p>\n","protected":false},"featured_media":15928,"comment_status":"open","ping_status":"closed","template":"","meta":[],"product_brand":[],"product_cat":[362,361],"product_tag":[218],"class_list":{"0":"post-15927","1":"product","2":"type-product","3":"status-publish","4":"has-post-thumbnail","6":"product_cat-otiraci","7":"product_cat-tepisi-i-otiraci","8":"product_tag-nov","10":"first","11":"outofstock","12":"taxable","13":"shipping-taxable","14":"purchasable","15":"product-type-simple"},"yoast_head":"<!-- This site is optimized with the Yoast SEO plugin v27.2 - https:\/\/yoast.com\/product\/yoast-seo-wordpress\/ -->\n<title>Drveni otira\u010d PAVI DECOR - Prijateljski do\u010dek za va\u0161 dom ili ured<\/title>\n<meta name=\"description\" content=\"Drveni otira\u010d za dom otporan je na vremenske uvjete, izdr\u017eljiv i ekolo\u0161ki prihvatljiv. Vrlo je jednostavan za \u010di\u0161\u0107enje, odr\u017eavanje i skladi\u0161tenje.\" \/>\n<meta name=\"robots\" content=\"index, follow, max-snippet:-1, max-image-preview:large, max-video-preview:-1\" \/>\n<link rel=\"canonical\" href=\"https:\/\/pavidecor.si\/hr\/proizvod\/drveni-otirac-brusen-i-premazan-80x50cm\/\" \/>\n<meta property=\"og:locale\" content=\"hr_HR\" \/>\n<meta property=\"og:type\" content=\"article\" \/>\n<meta property=\"og:title\" content=\"Drveni otira\u010d PAVI DECOR - Prijateljski do\u010dek za va\u0161 dom ili ured\" \/>\n<meta property=\"og:description\" content=\"Drveni otira\u010d za dom otporan je na vremenske uvjete, izdr\u017eljiv i ekolo\u0161ki prihvatljiv. Vrlo je jednostavan za \u010di\u0161\u0107enje, odr\u017eavanje i skladi\u0161tenje.\" \/>\n<meta property=\"og:url\" content=\"https:\/\/pavidecor.si\/hr\/proizvod\/drveni-otirac-brusen-i-premazan-80x50cm\/\" \/>\n<meta property=\"og:site_name\" content=\"Pavi Decor\" \/>\n<meta property=\"article:modified_time\" content=\"2026-04-23T08:03:29+00:00\" \/>\n<meta property=\"og:image\" content=\"https:\/\/pavidecor.si\/wp-content\/uploads\/2022\/05\/Predpraznik-80x50-obdelan-scaled.jpg\" \/>\n\t<meta property=\"og:image:width\" content=\"2560\" \/>\n\t<meta property=\"og:image:height\" content=\"2560\" \/>\n\t<meta property=\"og:image:type\" content=\"image\/jpeg\" \/>\n<meta name=\"twitter:card\" content=\"summary_large_image\" \/>\n<meta name=\"twitter:label1\" content=\"Procijenjeno vrijeme \u010ditanja\" \/>\n\t<meta name=\"twitter:data1\" content=\"3 minute\" \/>\n<script type=\"application\/ld+json\" class=\"yoast-schema-graph\">{\"@context\":\"https:\/\/schema.org\",\"@graph\":[{\"@type\":\"WebPage\",\"@id\":\"https:\/\/pavidecor.si\/hr\/proizvod\/drveni-otirac-brusen-i-premazan-80x50cm\/\",\"url\":\"https:\/\/pavidecor.si\/hr\/proizvod\/drveni-otirac-brusen-i-premazan-80x50cm\/\",\"name\":\"Drveni otira\u010d PAVI DECOR - Prijateljski do\u010dek za va\u0161 dom ili ured\",\"isPartOf\":{\"@id\":\"https:\/\/pavidecor.si\/hr\/#website\"},\"primaryImageOfPage\":{\"@id\":\"https:\/\/pavidecor.si\/hr\/proizvod\/drveni-otirac-brusen-i-premazan-80x50cm\/#primaryimage\"},\"image\":{\"@id\":\"https:\/\/pavidecor.si\/hr\/proizvod\/drveni-otirac-brusen-i-premazan-80x50cm\/#primaryimage\"},\"thumbnailUrl\":\"https:\/\/pavidecor.si\/wp-content\/uploads\/2022\/05\/Predpraznik-80x50-obdelan-scaled.jpg\",\"datePublished\":\"2022-05-16T09:15:42+00:00\",\"dateModified\":\"2026-04-23T08:03:29+00:00\",\"description\":\"Drveni otira\u010d za dom otporan je na vremenske uvjete, izdr\u017eljiv i ekolo\u0161ki prihvatljiv. Vrlo je jednostavan za \u010di\u0161\u0107enje, odr\u017eavanje i skladi\u0161tenje.\",\"breadcrumb\":{\"@id\":\"https:\/\/pavidecor.si\/hr\/proizvod\/drveni-otirac-brusen-i-premazan-80x50cm\/#breadcrumb\"},\"inLanguage\":\"hr\",\"potentialAction\":[{\"@type\":\"ReadAction\",\"target\":[\"https:\/\/pavidecor.si\/hr\/proizvod\/drveni-otirac-brusen-i-premazan-80x50cm\/\"]}]},{\"@type\":\"ImageObject\",\"inLanguage\":\"hr\",\"@id\":\"https:\/\/pavidecor.si\/hr\/proizvod\/drveni-otirac-brusen-i-premazan-80x50cm\/#primaryimage\",\"url\":\"https:\/\/pavidecor.si\/wp-content\/uploads\/2022\/05\/Predpraznik-80x50-obdelan-scaled.jpg\",\"contentUrl\":\"https:\/\/pavidecor.si\/wp-content\/uploads\/2022\/05\/Predpraznik-80x50-obdelan-scaled.jpg\",\"width\":2560,\"height\":2560,\"caption\":\"PAVI DECOR\"},{\"@type\":\"BreadcrumbList\",\"@id\":\"https:\/\/pavidecor.si\/hr\/proizvod\/drveni-otirac-brusen-i-premazan-80x50cm\/#breadcrumb\",\"itemListElement\":[{\"@type\":\"ListItem\",\"position\":1,\"name\":\"Domov\",\"item\":\"https:\/\/pavidecor.si\/hr\/\"},{\"@type\":\"ListItem\",\"position\":2,\"name\":\"Internetska trgovina\",\"item\":\"https:\/\/pavidecor.si\/hr\/internetska-trgovina\/\"},{\"@type\":\"ListItem\",\"position\":3,\"name\":\"Drveni otira\u010d bru\u0161en i premazan 80x50cm\"}]},{\"@type\":\"WebSite\",\"@id\":\"https:\/\/pavidecor.si\/hr\/#website\",\"url\":\"https:\/\/pavidecor.si\/hr\/\",\"name\":\"Pavi Decor\",\"description\":\"Leseni unikati ustvarjeni iz ljubezni do lesa in narave.\",\"potentialAction\":[{\"@type\":\"SearchAction\",\"target\":{\"@type\":\"EntryPoint\",\"urlTemplate\":\"https:\/\/pavidecor.si\/hr\/?s={search_term_string}\"},\"query-input\":{\"@type\":\"PropertyValueSpecification\",\"valueRequired\":true,\"valueName\":\"search_term_string\"}}],\"inLanguage\":\"hr\"}]}<\/script>\n<!-- \/ Yoast SEO plugin. -->","yoast_head_json":{"title":"Drveni otira\u010d PAVI DECOR - Prijateljski do\u010dek za va\u0161 dom ili ured","description":"Drveni otira\u010d za dom otporan je na vremenske uvjete, izdr\u017eljiv i ekolo\u0161ki prihvatljiv. Vrlo je jednostavan za \u010di\u0161\u0107enje, odr\u017eavanje i skladi\u0161tenje.","robots":{"index":"index","follow":"follow","max-snippet":"max-snippet:-1","max-image-preview":"max-image-preview:large","max-video-preview":"max-video-preview:-1"},"canonical":"https:\/\/pavidecor.si\/hr\/proizvod\/drveni-otirac-brusen-i-premazan-80x50cm\/","og_locale":"hr_HR","og_type":"article","og_title":"Drveni otira\u010d PAVI DECOR - Prijateljski do\u010dek za va\u0161 dom ili ured","og_description":"Drveni otira\u010d za dom otporan je na vremenske uvjete, izdr\u017eljiv i ekolo\u0161ki prihvatljiv. Vrlo je jednostavan za \u010di\u0161\u0107enje, odr\u017eavanje i skladi\u0161tenje.","og_url":"https:\/\/pavidecor.si\/hr\/proizvod\/drveni-otirac-brusen-i-premazan-80x50cm\/","og_site_name":"Pavi Decor","article_modified_time":"2026-04-23T08:03:29+00:00","og_image":[{"width":2560,"height":2560,"url":"https:\/\/pavidecor.si\/wp-content\/uploads\/2022\/05\/Predpraznik-80x50-obdelan-scaled.jpg","type":"image\/jpeg"}],"twitter_card":"summary_large_image","twitter_misc":{"Procijenjeno vrijeme \u010ditanja":"3 minute"},"schema":{"@context":"https:\/\/schema.org","@graph":[{"@type":"WebPage","@id":"https:\/\/pavidecor.si\/hr\/proizvod\/drveni-otirac-brusen-i-premazan-80x50cm\/","url":"https:\/\/pavidecor.si\/hr\/proizvod\/drveni-otirac-brusen-i-premazan-80x50cm\/","name":"Drveni otira\u010d PAVI DECOR - Prijateljski do\u010dek za va\u0161 dom ili ured","isPartOf":{"@id":"https:\/\/pavidecor.si\/hr\/#website"},"primaryImageOfPage":{"@id":"https:\/\/pavidecor.si\/hr\/proizvod\/drveni-otirac-brusen-i-premazan-80x50cm\/#primaryimage"},"image":{"@id":"https:\/\/pavidecor.si\/hr\/proizvod\/drveni-otirac-brusen-i-premazan-80x50cm\/#primaryimage"},"thumbnailUrl":"https:\/\/pavidecor.si\/wp-content\/uploads\/2022\/05\/Predpraznik-80x50-obdelan-scaled.jpg","datePublished":"2022-05-16T09:15:42+00:00","dateModified":"2026-04-23T08:03:29+00:00","description":"Drveni otira\u010d za dom otporan je na vremenske uvjete, izdr\u017eljiv i ekolo\u0161ki prihvatljiv. Vrlo je jednostavan za \u010di\u0161\u0107enje, odr\u017eavanje i skladi\u0161tenje.","breadcrumb":{"@id":"https:\/\/pavidecor.si\/hr\/proizvod\/drveni-otirac-brusen-i-premazan-80x50cm\/#breadcrumb"},"inLanguage":"hr","potentialAction":[{"@type":"ReadAction","target":["https:\/\/pavidecor.si\/hr\/proizvod\/drveni-otirac-brusen-i-premazan-80x50cm\/"]}]},{"@type":"ImageObject","inLanguage":"hr","@id":"https:\/\/pavidecor.si\/hr\/proizvod\/drveni-otirac-brusen-i-premazan-80x50cm\/#primaryimage","url":"https:\/\/pavidecor.si\/wp-content\/uploads\/2022\/05\/Predpraznik-80x50-obdelan-scaled.jpg","contentUrl":"https:\/\/pavidecor.si\/wp-content\/uploads\/2022\/05\/Predpraznik-80x50-obdelan-scaled.jpg","width":2560,"height":2560,"caption":"PAVI DECOR"},{"@type":"BreadcrumbList","@id":"https:\/\/pavidecor.si\/hr\/proizvod\/drveni-otirac-brusen-i-premazan-80x50cm\/#breadcrumb","itemListElement":[{"@type":"ListItem","position":1,"name":"Domov","item":"https:\/\/pavidecor.si\/hr\/"},{"@type":"ListItem","position":2,"name":"Internetska trgovina","item":"https:\/\/pavidecor.si\/hr\/internetska-trgovina\/"},{"@type":"ListItem","position":3,"name":"Drveni otira\u010d bru\u0161en i premazan 80x50cm"}]},{"@type":"WebSite","@id":"https:\/\/pavidecor.si\/hr\/#website","url":"https:\/\/pavidecor.si\/hr\/","name":"Pavi Decor","description":"Leseni unikati ustvarjeni iz ljubezni do lesa in narave.","potentialAction":[{"@type":"SearchAction","target":{"@type":"EntryPoint","urlTemplate":"https:\/\/pavidecor.si\/hr\/?s={search_term_string}"},"query-input":{"@type":"PropertyValueSpecification","valueRequired":true,"valueName":"search_term_string"}}],"inLanguage":"hr"}]}},"_links":{"self":[{"href":"https:\/\/pavidecor.si\/hr\/wp-json\/wp\/v2\/product\/15927","targetHints":{"allow":["GET"]}}],"collection":[{"href":"https:\/\/pavidecor.si\/hr\/wp-json\/wp\/v2\/product"}],"about":[{"href":"https:\/\/pavidecor.si\/hr\/wp-json\/wp\/v2\/types\/product"}],"replies":[{"embeddable":true,"href":"https:\/\/pavidecor.si\/hr\/wp-json\/wp\/v2\/comments?post=15927"}],"wp:featuredmedia":[{"embeddable":true,"href":"https:\/\/pavidecor.si\/hr\/wp-json\/wp\/v2\/media\/15928"}],"wp:attachment":[{"href":"https:\/\/pavidecor.si\/hr\/wp-json\/wp\/v2\/media?parent=15927"}],"wp:term":[{"taxonomy":"product_brand","embeddable":true,"href":"https:\/\/pavidecor.si\/hr\/wp-json\/wp\/v2\/product_brand?post=15927"},{"taxonomy":"product_cat","embeddable":true,"href":"https:\/\/pavidecor.si\/hr\/wp-json\/wp\/v2\/product_cat?post=15927"},{"taxonomy":"product_tag","embeddable":true,"href":"https:\/\/pavidecor.si\/hr\/wp-json\/wp\/v2\/product_tag?post=15927"}],"curies":[{"name":"wp","href":"https:\/\/api.w.org\/{rel}","templated":true}]}}