	{"id":15751,"date":"2022-06-15T10:37:03","date_gmt":"2022-06-15T10:37:03","guid":{"rendered":"https:\/\/pavidecor.si\/product\/drvena-ograda-klan-drvo-crnogoricne-prirodne-letve-150x100cm-2x15cm\/"},"modified":"2026-04-22T04:02:16","modified_gmt":"2026-04-22T04:02:16","slug":"drvena-ograda-tesano-crnogoricno-drvo-natur-150x100cm-letvice-2x15cm","status":"publish","type":"product","link":"https:\/\/pavidecor.si\/hr\/proizvod\/drvena-ograda-tesano-crnogoricno-drvo-natur-150x100cm-letvice-2x15cm\/","title":{"rendered":"Drvena ograda tesano crnogori\u010dno drvo natur 150x100cm letvice 2&#215;1,5cm"},"content":{"rendered":"<p>Drvena ograda za ukrasnu barijeru &#8211; Stvorite prirodnu i elegantnu granicu<\/p>\n<p>&nbsp;<\/p>\n<h2><span class=\"odebeljenopis\"><strong><br \/>\nOtkrijte \u010daroliju prirode s na\u0161om drvenom ogradom za ukrasnu barijeru. Ova unikatna ograda savr\u0161ena je za ogradnju vrta, terase, ugostiteljskog lokala ili pla\u017ee. Ru\u010dno izra\u0111ena s ljubavlju i pa\u017enjom, svaki komad predstavlja spoj tradicije i modernog dizajna, idealan za svaki prostor.<\/strong><\/span><\/h2>\n<p>&nbsp;<\/p>\n<div class=\"row\">\n<div class=\"col-sm-6 \" style=\"margin-top: 30px;\"><center><img decoding=\"async\" class=\"lazyload img-responsive\" style=\"margin: 0px auto; max-width: 100%;\" src=\"data:image\/svg+xml,%3Csvg%20xmlns%3D%27http%3A%2F%2Fwww.w3.org%2F2000%2Fsvg%27%20width%3D%272560%27%20height%3D%272560%27%20viewBox%3D%270%200%202560%202560%27%3E%3Crect%20width%3D%272560%27%20height%3D%272560%27%20fill-opacity%3D%220%22%2F%3E%3C%2Fsvg%3E\" data-orig-src=\"https:\/\/pavidecor.si\/wp-content\/uploads\/2022\/06\/Ograja-les-iglavcev-natur-1-scaled.jpg\" \/><\/center><\/div>\n<div class=\"col-sm-6\" style=\"margin-top: 40px;\">\n<p>&nbsp;<\/p>\n<h3>Jedinstvena ru\u010dna izrada<\/h3>\n<p>Na\u0161a drvena ograda izra\u0111ena je od <b>tesanog mekog crnogori\u010dnog drva<\/b>, \u0161to joj daje izvanrednu izdr\u017eljivost i otpornost na vremenske uvjete. Svaki komad je jedinstven, a na\u010din izrade podsje\u0107a na tehnike starih majstora, \u010dime se posti\u017ee autenti\u010dan izgled. U PAVI DECOR-u iz Ljubljane, svaki proizvod je rezultat na\u0161eg znanja i strasti prema drvetu i prirodi. Ova ograda ne samo da \u0107e obogatiti va\u0161 prostor, ve\u0107 \u0107e i donijeti da\u0161ak tradicije i prirodne ljepote.<\/p>\n<p>&nbsp;<\/p>\n<p>Osim estetskih kvaliteta, na\u0161a ograda je i vrlo funkcionalna. Sastavljena je od modula, \u0161to omogu\u0107ava postavljanje u \u017eeljenoj du\u017eini i prilagodbu individualnim zahtjevima. Bilo da \u017eelite ograditi svoj vrt, terasu ili pla\u017eu, ova ograda \u0107e se <strong>savr\u0161eno uklopiti u svaki ambijent.<\/strong> Njena jednostavna monta\u017ea omogu\u0107ava brzo postavljanje, a u slu\u010daju potrebe, lako se mo\u017ee i demontirati.<\/p>\n<p>&nbsp;<\/p>\n<\/div>\n<\/div>\n<div class=\"row\">\n<div class=\"col-sm-6 col-sm-push-6\" style=\"margin-top: 30px;\"><center><img decoding=\"async\" class=\"lazyload img-responsive\" style=\"margin: 0px auto; max-width: 100%;\" src=\"data:image\/svg+xml,%3Csvg%20xmlns%3D%27http%3A%2F%2Fwww.w3.org%2F2000%2Fsvg%27%20width%3D%272560%27%20height%3D%272560%27%20viewBox%3D%270%200%202560%202560%27%3E%3Crect%20width%3D%272560%27%20height%3D%272560%27%20fill-opacity%3D%220%22%2F%3E%3C%2Fsvg%3E\" data-orig-src=\" https:\/\/pavidecor.si\/wp-content\/uploads\/2022\/06\/Ograja-les-iglavcev-natur-2-scaled.jpg\" \/><\/center><\/div>\n<div class=\"col-sm-6 col-sm-pull-6\" style=\"margin-top: 40px;\">\n<p>&nbsp;<\/p>\n<h3>Prilagodljivost i jednostavna monta\u017ea<\/h3>\n<p>Jedna od glavnih prednosti na\u0161e drvene ograde je njezina prilagodljivost. Ograda se mo\u017ee postaviti na razli\u010dite na\u010dine, a za to su dostupni <a href=\"https:\/\/pavidecor.si\/hr\/proizvod\/drveni-stup-za-ogradu-tvrdo-drvo-natur-65x65x100cm\/\"><span style=\"color: #3366ff;\"><b>drveni nosivi stupovi<\/b><\/span><\/a> koji se prodaju odvojeno. Tako\u0111er, podstavci za stupove dolaze u tri varijante: za zabijanje u zemlju, za monta\u017eu u beton i za postavljanje na tlo. Ova fleksibilnost omogu\u0107ava vam da prilagodite ogradu prema svojim potrebama i \u017eeljama.<\/p>\n<p>&nbsp;<\/p>\n<p>Na\u0161a drvena ograda nije samo funkcionalna, ve\u0107 i estetski privla\u010dna. Njena prirodna boja i tekstura drva donose toplinu i udobnost u svaki prostor. Bilo da se koristi u privatnom vrtu ili kao dekorativni element u ugostiteljstvu, ova ograda \u0107e <strong>zasigurno privu\u0107i pa\u017enju<\/strong> i ostaviti dojam na va\u0161e goste.<\/p>\n<p>&nbsp;<\/p>\n<\/div>\n<\/div>\n<div class=\"row\">\n<div class=\"col-sm-12\">\n<p>&nbsp;<\/p>\n<h3>Specifikacije proizvoda<\/h3>\n<p>Drvena ograda za ukrasnu barijeru idealna je za ogra\u0111ivanje vrta, terase, restorana, pla\u017ee, parcele oko kamp ku\u0107ice itd. Izra\u0111ena je od tesanog mekog crnogori\u010dnog drveta, svaki komad je unikat. <strong>Vrlo je izdr\u017eljiva i otporna na vremenske utjecaje<\/strong> zbog na\u010dina proizvodnje klanjem drva. Ograda se sastoji od modula, \u0161to omogu\u0107uje postavljanje u bilo kojoj du\u017eini i prilago\u0111avanje individualnim zahtjevima.<\/p>\n<p>&nbsp;<\/p>\n<p>Sastavljanje je brzo i jednostavno, a mo\u017ee se i brzo pospremiti. Drvena ograda se montira na drvene potporne stupove koji se prodaju zasebno. Postolja za stupove prodaju se i zasebno u tri varijante &#8211; za zabijanje u zemlju, za monta\u017eu u beton i za postavljanje na pod. Drvene ograde mo\u017eete vidjeti i na na\u0161oj <a href=\"https:\/\/pavidecor.si\/hr\/projects\/plaza-na-krku\/\"><strong><span style=\"color: #3366ff;\">pla\u017ei na Krku<\/span><\/strong><\/a>.<\/p>\n<p>&nbsp;<\/p>\n<\/div>\n<\/div>\n<p>&nbsp;<\/p>\n","protected":false},"excerpt":{"rendered":"<p><strong><span style=\"color: #c4963c;\">\u2192 Vrlo izdr\u017eljiva<br \/>\n<\/span><span style=\"color: #c4963c;\">\u2192 Jednostavna monta\u017ea<\/span><\/strong><strong><br \/>\n<\/strong><\/p>\n","protected":false},"featured_media":15753,"comment_status":"open","ping_status":"closed","template":"","meta":[],"product_brand":[],"product_cat":[354],"product_tag":[218],"class_list":{"0":"post-15751","1":"product","2":"type-product","3":"status-publish","4":"has-post-thumbnail","6":"product_cat-ograde","7":"product_tag-nov","9":"first","10":"outofstock","11":"taxable","12":"shipping-taxable","13":"purchasable","14":"product-type-simple"},"yoast_head":"<!-- This site is optimized with the Yoast SEO plugin v27.2 - https:\/\/yoast.com\/product\/yoast-seo-wordpress\/ -->\n<title>Drvena ograda za ukrasnu barijeru - Stvorite prirodnu granicu<\/title>\n<meta name=\"description\" content=\"Modularna drvena ograda za ukrasnu barijeru pogodna je za ogradu vrta, terase, bara, pla\u017ee, parcele za kampiranje itd. Vrlo izdr\u017eljiva. Jednostavna monta\u017ea.\" \/>\n<meta name=\"robots\" content=\"index, follow, max-snippet:-1, max-image-preview:large, max-video-preview:-1\" \/>\n<link rel=\"canonical\" href=\"https:\/\/pavidecor.si\/hr\/proizvod\/drvena-ograda-tesano-crnogoricno-drvo-natur-150x100cm-letvice-2x15cm\/\" \/>\n<meta property=\"og:locale\" content=\"hr_HR\" \/>\n<meta property=\"og:type\" content=\"article\" \/>\n<meta property=\"og:title\" content=\"Drvena ograda za ukrasnu barijeru - Stvorite prirodnu granicu\" \/>\n<meta property=\"og:description\" content=\"Modularna drvena ograda za ukrasnu barijeru pogodna je za ogradu vrta, terase, bara, pla\u017ee, parcele za kampiranje itd. Vrlo izdr\u017eljiva. Jednostavna monta\u017ea.\" \/>\n<meta property=\"og:url\" content=\"https:\/\/pavidecor.si\/hr\/proizvod\/drvena-ograda-tesano-crnogoricno-drvo-natur-150x100cm-letvice-2x15cm\/\" \/>\n<meta property=\"og:site_name\" content=\"Pavi Decor\" \/>\n<meta property=\"article:modified_time\" content=\"2026-04-22T04:02:16+00:00\" \/>\n<meta property=\"og:image\" content=\"https:\/\/pavidecor.si\/wp-content\/uploads\/2022\/06\/Ograja-les-iglavcev-natur-1-scaled.jpg\" \/>\n\t<meta property=\"og:image:width\" content=\"2560\" \/>\n\t<meta property=\"og:image:height\" content=\"2560\" \/>\n\t<meta property=\"og:image:type\" content=\"image\/jpeg\" \/>\n<meta name=\"twitter:card\" content=\"summary_large_image\" \/>\n<meta name=\"twitter:label1\" content=\"Procijenjeno vrijeme \u010ditanja\" \/>\n\t<meta name=\"twitter:data1\" content=\"3 minute\" \/>\n<script type=\"application\/ld+json\" class=\"yoast-schema-graph\">{\"@context\":\"https:\/\/schema.org\",\"@graph\":[{\"@type\":\"WebPage\",\"@id\":\"https:\/\/pavidecor.si\/hr\/proizvod\/drvena-ograda-tesano-crnogoricno-drvo-natur-150x100cm-letvice-2x15cm\/\",\"url\":\"https:\/\/pavidecor.si\/hr\/proizvod\/drvena-ograda-tesano-crnogoricno-drvo-natur-150x100cm-letvice-2x15cm\/\",\"name\":\"Drvena ograda za ukrasnu barijeru - Stvorite prirodnu granicu\",\"isPartOf\":{\"@id\":\"https:\/\/pavidecor.si\/hr\/#website\"},\"primaryImageOfPage\":{\"@id\":\"https:\/\/pavidecor.si\/hr\/proizvod\/drvena-ograda-tesano-crnogoricno-drvo-natur-150x100cm-letvice-2x15cm\/#primaryimage\"},\"image\":{\"@id\":\"https:\/\/pavidecor.si\/hr\/proizvod\/drvena-ograda-tesano-crnogoricno-drvo-natur-150x100cm-letvice-2x15cm\/#primaryimage\"},\"thumbnailUrl\":\"https:\/\/pavidecor.si\/wp-content\/uploads\/2022\/06\/Ograja-les-iglavcev-natur-1-scaled.jpg\",\"datePublished\":\"2022-06-15T10:37:03+00:00\",\"dateModified\":\"2026-04-22T04:02:16+00:00\",\"description\":\"Modularna drvena ograda za ukrasnu barijeru pogodna je za ogradu vrta, terase, bara, pla\u017ee, parcele za kampiranje itd. Vrlo izdr\u017eljiva. Jednostavna monta\u017ea.\",\"breadcrumb\":{\"@id\":\"https:\/\/pavidecor.si\/hr\/proizvod\/drvena-ograda-tesano-crnogoricno-drvo-natur-150x100cm-letvice-2x15cm\/#breadcrumb\"},\"inLanguage\":\"hr\",\"potentialAction\":[{\"@type\":\"ReadAction\",\"target\":[\"https:\/\/pavidecor.si\/hr\/proizvod\/drvena-ograda-tesano-crnogoricno-drvo-natur-150x100cm-letvice-2x15cm\/\"]}]},{\"@type\":\"ImageObject\",\"inLanguage\":\"hr\",\"@id\":\"https:\/\/pavidecor.si\/hr\/proizvod\/drvena-ograda-tesano-crnogoricno-drvo-natur-150x100cm-letvice-2x15cm\/#primaryimage\",\"url\":\"https:\/\/pavidecor.si\/wp-content\/uploads\/2022\/06\/Ograja-les-iglavcev-natur-1-scaled.jpg\",\"contentUrl\":\"https:\/\/pavidecor.si\/wp-content\/uploads\/2022\/06\/Ograja-les-iglavcev-natur-1-scaled.jpg\",\"width\":2560,\"height\":2560,\"caption\":\"PAVI DECOR\"},{\"@type\":\"BreadcrumbList\",\"@id\":\"https:\/\/pavidecor.si\/hr\/proizvod\/drvena-ograda-tesano-crnogoricno-drvo-natur-150x100cm-letvice-2x15cm\/#breadcrumb\",\"itemListElement\":[{\"@type\":\"ListItem\",\"position\":1,\"name\":\"Domov\",\"item\":\"https:\/\/pavidecor.si\/hr\/\"},{\"@type\":\"ListItem\",\"position\":2,\"name\":\"Internetska trgovina\",\"item\":\"https:\/\/pavidecor.si\/hr\/internetska-trgovina\/\"},{\"@type\":\"ListItem\",\"position\":3,\"name\":\"Drvena ograda tesano crnogori\u010dno drvo natur 150x100cm letvice 2&#215;1,5cm\"}]},{\"@type\":\"WebSite\",\"@id\":\"https:\/\/pavidecor.si\/hr\/#website\",\"url\":\"https:\/\/pavidecor.si\/hr\/\",\"name\":\"Pavi Decor\",\"description\":\"Leseni unikati ustvarjeni iz ljubezni do lesa in narave.\",\"potentialAction\":[{\"@type\":\"SearchAction\",\"target\":{\"@type\":\"EntryPoint\",\"urlTemplate\":\"https:\/\/pavidecor.si\/hr\/?s={search_term_string}\"},\"query-input\":{\"@type\":\"PropertyValueSpecification\",\"valueRequired\":true,\"valueName\":\"search_term_string\"}}],\"inLanguage\":\"hr\"}]}<\/script>\n<!-- \/ Yoast SEO plugin. -->","yoast_head_json":{"title":"Drvena ograda za ukrasnu barijeru - Stvorite prirodnu granicu","description":"Modularna drvena ograda za ukrasnu barijeru pogodna je za ogradu vrta, terase, bara, pla\u017ee, parcele za kampiranje itd. Vrlo izdr\u017eljiva. Jednostavna monta\u017ea.","robots":{"index":"index","follow":"follow","max-snippet":"max-snippet:-1","max-image-preview":"max-image-preview:large","max-video-preview":"max-video-preview:-1"},"canonical":"https:\/\/pavidecor.si\/hr\/proizvod\/drvena-ograda-tesano-crnogoricno-drvo-natur-150x100cm-letvice-2x15cm\/","og_locale":"hr_HR","og_type":"article","og_title":"Drvena ograda za ukrasnu barijeru - Stvorite prirodnu granicu","og_description":"Modularna drvena ograda za ukrasnu barijeru pogodna je za ogradu vrta, terase, bara, pla\u017ee, parcele za kampiranje itd. Vrlo izdr\u017eljiva. Jednostavna monta\u017ea.","og_url":"https:\/\/pavidecor.si\/hr\/proizvod\/drvena-ograda-tesano-crnogoricno-drvo-natur-150x100cm-letvice-2x15cm\/","og_site_name":"Pavi Decor","article_modified_time":"2026-04-22T04:02:16+00:00","og_image":[{"width":2560,"height":2560,"url":"https:\/\/pavidecor.si\/wp-content\/uploads\/2022\/06\/Ograja-les-iglavcev-natur-1-scaled.jpg","type":"image\/jpeg"}],"twitter_card":"summary_large_image","twitter_misc":{"Procijenjeno vrijeme \u010ditanja":"3 minute"},"schema":{"@context":"https:\/\/schema.org","@graph":[{"@type":"WebPage","@id":"https:\/\/pavidecor.si\/hr\/proizvod\/drvena-ograda-tesano-crnogoricno-drvo-natur-150x100cm-letvice-2x15cm\/","url":"https:\/\/pavidecor.si\/hr\/proizvod\/drvena-ograda-tesano-crnogoricno-drvo-natur-150x100cm-letvice-2x15cm\/","name":"Drvena ograda za ukrasnu barijeru - Stvorite prirodnu granicu","isPartOf":{"@id":"https:\/\/pavidecor.si\/hr\/#website"},"primaryImageOfPage":{"@id":"https:\/\/pavidecor.si\/hr\/proizvod\/drvena-ograda-tesano-crnogoricno-drvo-natur-150x100cm-letvice-2x15cm\/#primaryimage"},"image":{"@id":"https:\/\/pavidecor.si\/hr\/proizvod\/drvena-ograda-tesano-crnogoricno-drvo-natur-150x100cm-letvice-2x15cm\/#primaryimage"},"thumbnailUrl":"https:\/\/pavidecor.si\/wp-content\/uploads\/2022\/06\/Ograja-les-iglavcev-natur-1-scaled.jpg","datePublished":"2022-06-15T10:37:03+00:00","dateModified":"2026-04-22T04:02:16+00:00","description":"Modularna drvena ograda za ukrasnu barijeru pogodna je za ogradu vrta, terase, bara, pla\u017ee, parcele za kampiranje itd. Vrlo izdr\u017eljiva. Jednostavna monta\u017ea.","breadcrumb":{"@id":"https:\/\/pavidecor.si\/hr\/proizvod\/drvena-ograda-tesano-crnogoricno-drvo-natur-150x100cm-letvice-2x15cm\/#breadcrumb"},"inLanguage":"hr","potentialAction":[{"@type":"ReadAction","target":["https:\/\/pavidecor.si\/hr\/proizvod\/drvena-ograda-tesano-crnogoricno-drvo-natur-150x100cm-letvice-2x15cm\/"]}]},{"@type":"ImageObject","inLanguage":"hr","@id":"https:\/\/pavidecor.si\/hr\/proizvod\/drvena-ograda-tesano-crnogoricno-drvo-natur-150x100cm-letvice-2x15cm\/#primaryimage","url":"https:\/\/pavidecor.si\/wp-content\/uploads\/2022\/06\/Ograja-les-iglavcev-natur-1-scaled.jpg","contentUrl":"https:\/\/pavidecor.si\/wp-content\/uploads\/2022\/06\/Ograja-les-iglavcev-natur-1-scaled.jpg","width":2560,"height":2560,"caption":"PAVI DECOR"},{"@type":"BreadcrumbList","@id":"https:\/\/pavidecor.si\/hr\/proizvod\/drvena-ograda-tesano-crnogoricno-drvo-natur-150x100cm-letvice-2x15cm\/#breadcrumb","itemListElement":[{"@type":"ListItem","position":1,"name":"Domov","item":"https:\/\/pavidecor.si\/hr\/"},{"@type":"ListItem","position":2,"name":"Internetska trgovina","item":"https:\/\/pavidecor.si\/hr\/internetska-trgovina\/"},{"@type":"ListItem","position":3,"name":"Drvena ograda tesano crnogori\u010dno drvo natur 150x100cm letvice 2&#215;1,5cm"}]},{"@type":"WebSite","@id":"https:\/\/pavidecor.si\/hr\/#website","url":"https:\/\/pavidecor.si\/hr\/","name":"Pavi Decor","description":"Leseni unikati ustvarjeni iz ljubezni do lesa in narave.","potentialAction":[{"@type":"SearchAction","target":{"@type":"EntryPoint","urlTemplate":"https:\/\/pavidecor.si\/hr\/?s={search_term_string}"},"query-input":{"@type":"PropertyValueSpecification","valueRequired":true,"valueName":"search_term_string"}}],"inLanguage":"hr"}]}},"_links":{"self":[{"href":"https:\/\/pavidecor.si\/hr\/wp-json\/wp\/v2\/product\/15751","targetHints":{"allow":["GET"]}}],"collection":[{"href":"https:\/\/pavidecor.si\/hr\/wp-json\/wp\/v2\/product"}],"about":[{"href":"https:\/\/pavidecor.si\/hr\/wp-json\/wp\/v2\/types\/product"}],"replies":[{"embeddable":true,"href":"https:\/\/pavidecor.si\/hr\/wp-json\/wp\/v2\/comments?post=15751"}],"wp:featuredmedia":[{"embeddable":true,"href":"https:\/\/pavidecor.si\/hr\/wp-json\/wp\/v2\/media\/15753"}],"wp:attachment":[{"href":"https:\/\/pavidecor.si\/hr\/wp-json\/wp\/v2\/media?parent=15751"}],"wp:term":[{"taxonomy":"product_brand","embeddable":true,"href":"https:\/\/pavidecor.si\/hr\/wp-json\/wp\/v2\/product_brand?post=15751"},{"taxonomy":"product_cat","embeddable":true,"href":"https:\/\/pavidecor.si\/hr\/wp-json\/wp\/v2\/product_cat?post=15751"},{"taxonomy":"product_tag","embeddable":true,"href":"https:\/\/pavidecor.si\/hr\/wp-json\/wp\/v2\/product_tag?post=15751"}],"curies":[{"name":"wp","href":"https:\/\/api.w.org\/{rel}","templated":true}]}}